{"id":19045,"date":"2024-03-01T16:57:37","date_gmt":"2024-03-01T15:57:37","guid":{"rendered":"https:\/\/u15jnbdpoq.preview.infomaniak.website\/produit\/almohadillas-para-minoristas-100-hojas-60-x-140-mm\/"},"modified":"2026-04-10T02:11:13","modified_gmt":"2026-04-10T00:11:13","slug":"almohadillas-para-minoristas-100-hojas-60-x-140-mm","status":"publish","type":"product","link":"https:\/\/www.csj-emballages.com\/es\/produit\/almohadillas-para-minoristas-100-hojas-60-x-140-mm\/","title":{"rendered":"Bloc de notas para comercio, 100 hojas, 60 x 140 mm"},"content":{"rendered":"<h2>Bloc de notas para comercio<\/h2>\n<hr>\n<h3>Descubra nuestro bloc de notas para comercio de 100 hojas, 60 x 140 mm<\/h3>\n<p><!--more--><\/p>\n<p data-start=\"287\" data-end=\"701\">Simple, eficaz y siempre a mano, este <strong data-start=\"337\" data-end=\"368\">bloc de notas para comercio de 60 x 140 mm<\/strong> es un verdadero aliado para el d\u00eda a d\u00eda. Ya sea para anotar un pedido, hacer una suma r\u00e1pida o dejar una informaci\u00f3n a un cliente, responde sin complicar las cosas. Su formato estrecho y pr\u00e1ctico se desliza f\u00e1cilmente sobre un mostrador, cerca de una caja o en un caj\u00f3n, listo para ser utilizado en cualquier momento.  <\/p>\n<p data-start=\"703\" data-end=\"1039\">Con sus <strong data-start=\"712\" data-end=\"741\">100 hojas desprendibles<\/strong>, escribe, arranca y pasa a la siguiente. No necesita pensar, todo va r\u00e1pido. El <strong>papel<\/strong> ofrece una buena legibilidad, lo que permite escribir claramente, incluso en per\u00edodo de gran afluencia. Cada nota permanece limpia, n\u00edtida y f\u00e1cil de leer, tanto para usted como para sus clientes.   <\/p>\n<p data-start=\"1041\" data-end=\"1375\">Asimismo, su <strong>dise\u00f1o sobrio<\/strong> y profesional se integra perfectamente en todos los comercios: panader\u00edas, snacks, restaurantes, bares, carnicer\u00edas o peque\u00f1os comercios de proximidad. Inspira seriedad y organizaci\u00f3n, sin exagerar. Y como est\u00e1 <strong data-start=\"1294\" data-end=\"1316\">fabricado en Francia<\/strong>, tambi\u00e9n responde a una expectativa de calidad y fiabilidad.  <\/p>\n<p data-start=\"1377\" data-end=\"1625\">Este <strong>bloc de notas para comercio<\/strong> quiz\u00e1s no sea la herramienta m\u00e1s visible de su actividad, pero marca claramente la diferencia en el d\u00eda a d\u00eda. Le ayuda a mantenerse organizado, a ganar tiempo y a trabajar con m\u00e1s serenidad, sobre todo cuando todo se encadena. <\/p>\n<p data-start=\"1627\" data-end=\"1742\">En resumen, es un indispensable simple, pr\u00e1ctico y eficaz, pensado para los profesionales que quieren ir directos al grano.<\/p>\n<p data-start=\"1627\" data-end=\"1742\">\n<p data-start=\"1554\" data-end=\"1652\"><!--more--><\/p>\n<h4 data-start=\"1554\" data-end=\"1652\">Ventajas :<\/h4>\n<ul>\n<li data-start=\"1771\" data-end=\"1814\">Formato compacto y pr\u00e1ctico (<strong>60 x 140 mm<\/strong>).<\/li>\n<li data-start=\"1817\" data-end=\"1852\"><strong>100 hojas<\/strong> f\u00e1ciles de desprender.<\/li>\n<li data-start=\"1855\" data-end=\"1884\">Escritura clara y legible.<\/li>\n<li data-start=\"1887\" data-end=\"1933\">Ideal para comercios y la restauraci\u00f3n.<\/li>\n<li data-start=\"1936\" data-end=\"1958\">Fabricado en Francia.<\/li>\n<\/ul>\n<p>&nbsp;<\/p>\n<p><!--more--><\/p>\n<h4>Informaci\u00f3n adicional :<\/h4>\n<ul>\n<li><strong>Embalaje<\/strong>: Por unidad<\/li>\n<li><strong>Dimensiones<\/strong>: 60 x 140 mm<\/li>\n<li><strong>Modelo<\/strong>: Bloc de notas para comercio<\/li>\n<li><strong>Papel interior<\/strong>: Blanco<\/li>\n<li><strong>Gramaje<\/strong>: 100 grs\/m\u00b2<\/li>\n<li><strong>N\u00famero de hojas<\/strong>: 100<\/li>\n<\/ul>\n<p>&nbsp;<\/p>\n<p><!--more--><\/p>\n<p>Encuentre tambi\u00e9n nuestro bloc de notas para vendedor colorido: <span style=\"color: #d12727;\"><a style=\"color: #d12727;\" href=\"https:\/\/www.csj-emballages.com\/es\/produit\/almohadillas-de-venta-de-colores-surtidos-100-hojas-60-x-135-mm\/\">22<\/a><\/span><\/p>\n<p>&nbsp;<\/p>\n<p><!--more--><\/p>\n<p><a href=\"https:\/\/www.csj-emballages.com\/es\/categorie-produit\/envasado-de-alimentos\/tienda-y-almacen\/papeleria-y-pequeno-material\/bloquea\/\">Consulte el resto de nuestra gama de blocs<\/a><\/p>\n","protected":false},"excerpt":{"rendered":"<p>Bloc de notas para comercio Descubra nuestro bloc de notas para comercio de 100 hojas, 60 x 140 mm<\/p>\n","protected":false},"featured_media":260365,"template":"","meta":{"_acf_changed":false},"product_brand":[],"product_cat":[1150,1488,1931,3876],"product_tag":[],"class_list":{"0":"post-19045","1":"product","2":"type-product","3":"status-publish","4":"has-post-thumbnail","6":"product_cat-envasado-de-alimentos","7":"product_cat-tienda-y-almacen","8":"product_cat-papeleria-y-pequeno-material","9":"product_cat-bloquea","11":"first","12":"instock","13":"taxable","14":"shipping-taxable","15":"purchasable","16":"product-type-simple"},"acf":[],"yoast_head":"<!-- This site is optimized with the Yoast SEO Premium plugin v26.6 (Yoast SEO v26.6) - https:\/\/yoast.com\/wordpress\/plugins\/seo\/ -->\n<title>Bloc de notas para comercio, 100 hojas, 60 x 140 mm<\/title>\n<meta name=\"description\" content=\"Bloc de notas para comercio de 60 x 140 mm con 100 hojas desprendibles. Pr\u00e1ctico, compacto y fabricado en Francia, ideal para notas r\u00e1pidas en el mostrador.\" \/>\n<meta name=\"robots\" content=\"index, follow, max-snippet:-1, max-image-preview:large, max-video-preview:-1\" \/>\n<link rel=\"canonical\" href=\"https:\/\/www.csj-emballages.com\/es\/produit\/almohadillas-para-minoristas-100-hojas-60-x-140-mm\/\" \/>\n<meta property=\"og:locale\" content=\"es_ES\" \/>\n<meta property=\"og:type\" content=\"article\" \/>\n<meta property=\"og:title\" content=\"Bloc de notas para comercio, 100 hojas, 60 x 140 mm\" \/>\n<meta property=\"og:description\" content=\"Bloc de notas para comercio de 60 x 140 mm con 100 hojas desprendibles. Pr\u00e1ctico, compacto y fabricado en Francia, ideal para notas r\u00e1pidas en el mostrador.\" \/>\n<meta property=\"og:url\" content=\"https:\/\/www.csj-emballages.com\/es\/produit\/almohadillas-para-minoristas-100-hojas-60-x-140-mm\/\" \/>\n<meta property=\"og:site_name\" content=\"CSJ Emballages\" \/>\n<meta property=\"article:publisher\" content=\"https:\/\/www.facebook.com\/csjemballages\" \/>\n<meta property=\"article:modified_time\" content=\"2026-04-10T00:11:13+00:00\" \/>\n<meta property=\"og:image\" content=\"https:\/\/www.csj-emballages.com\/wp-content\/uploads\/2024\/03\/901.webp\" \/>\n\t<meta property=\"og:image:width\" content=\"800\" \/>\n\t<meta property=\"og:image:height\" content=\"800\" \/>\n\t<meta property=\"og:image:type\" content=\"image\/webp\" \/>\n<meta name=\"twitter:card\" content=\"summary_large_image\" \/>\n<meta name=\"twitter:label1\" content=\"Tiempo de lectura\" \/>\n\t<meta name=\"twitter:data1\" content=\"2 minutos\" \/>\n<script type=\"application\/ld+json\" class=\"yoast-schema-graph\">{\"@context\":\"https:\/\/schema.org\",\"@graph\":[{\"@type\":\"WebPage\",\"@id\":\"https:\/\/www.csj-emballages.com\/es\/produit\/almohadillas-para-minoristas-100-hojas-60-x-140-mm\/\",\"url\":\"https:\/\/www.csj-emballages.com\/es\/produit\/almohadillas-para-minoristas-100-hojas-60-x-140-mm\/\",\"name\":\"Bloc de notas para comercio, 100 hojas, 60 x 140 mm\",\"isPartOf\":{\"@id\":\"https:\/\/www.csj-emballages.com\/es\/#website\"},\"primaryImageOfPage\":{\"@id\":\"https:\/\/www.csj-emballages.com\/es\/produit\/almohadillas-para-minoristas-100-hojas-60-x-140-mm\/#primaryimage\"},\"image\":{\"@id\":\"https:\/\/www.csj-emballages.com\/es\/produit\/almohadillas-para-minoristas-100-hojas-60-x-140-mm\/#primaryimage\"},\"thumbnailUrl\":\"https:\/\/www.csj-emballages.com\/wp-content\/uploads\/2024\/03\/901.webp\",\"datePublished\":\"2024-03-01T15:57:37+00:00\",\"dateModified\":\"2026-04-10T00:11:13+00:00\",\"description\":\"Bloc de notas para comercio de 60 x 140 mm con 100 hojas desprendibles. Pr\u00e1ctico, compacto y fabricado en Francia, ideal para notas r\u00e1pidas en el mostrador.\",\"breadcrumb\":{\"@id\":\"https:\/\/www.csj-emballages.com\/es\/produit\/almohadillas-para-minoristas-100-hojas-60-x-140-mm\/#breadcrumb\"},\"inLanguage\":\"es\",\"potentialAction\":[{\"@type\":\"ReadAction\",\"target\":[\"https:\/\/www.csj-emballages.com\/es\/produit\/almohadillas-para-minoristas-100-hojas-60-x-140-mm\/\"]}]},{\"@type\":\"ImageObject\",\"inLanguage\":\"es\",\"@id\":\"https:\/\/www.csj-emballages.com\/es\/produit\/almohadillas-para-minoristas-100-hojas-60-x-140-mm\/#primaryimage\",\"url\":\"https:\/\/www.csj-emballages.com\/wp-content\/uploads\/2024\/03\/901.webp\",\"contentUrl\":\"https:\/\/www.csj-emballages.com\/wp-content\/uploads\/2024\/03\/901.webp\",\"width\":800,\"height\":800,\"caption\":\"Bloc commer\u00e7ant\"},{\"@type\":\"BreadcrumbList\",\"@id\":\"https:\/\/www.csj-emballages.com\/es\/produit\/almohadillas-para-minoristas-100-hojas-60-x-140-mm\/#breadcrumb\",\"itemListElement\":[{\"@type\":\"ListItem\",\"position\":1,\"name\":\"Accueil\",\"item\":\"https:\/\/www.csj-emballages.com\/es\/universo-del-envasado-alimentario\/\"},{\"@type\":\"ListItem\",\"position\":2,\"name\":\"Tienda\",\"item\":\"https:\/\/www.csj-emballages.com\/tienda\/\"},{\"@type\":\"ListItem\",\"position\":3,\"name\":\"Bloc de notas para comercio, 100 hojas, 60 x 140 mm\"}]},{\"@type\":\"WebSite\",\"@id\":\"https:\/\/www.csj-emballages.com\/es\/#website\",\"url\":\"https:\/\/www.csj-emballages.com\/es\/\",\"name\":\"CSJ Emballages\",\"description\":\"\",\"publisher\":{\"@id\":\"https:\/\/www.csj-emballages.com\/es\/#organization\"},\"potentialAction\":[{\"@type\":\"SearchAction\",\"target\":{\"@type\":\"EntryPoint\",\"urlTemplate\":\"https:\/\/www.csj-emballages.com\/es\/?s={search_term_string}\"},\"query-input\":{\"@type\":\"PropertyValueSpecification\",\"valueRequired\":true,\"valueName\":\"search_term_string\"}}],\"inLanguage\":\"es\"},{\"@type\":\"Organization\",\"@id\":\"https:\/\/www.csj-emballages.com\/es\/#Organization\/\",\"name\":\"CSJ Emballages\",\"url\":\"https:\/\/www.csj-emballages.com\/es\/\",\"logo\":{\"@type\":\"ImageObject\",\"inLanguage\":\"es\",\"@id\":\"https:\/\/www.csj-emballages.com\/es\/#\/schema\/logo\/image\/\",\"url\":\"https:\/\/www.csj-emballages.com\/wp-content\/uploads\/2023\/10\/logo_csj.webp\",\"contentUrl\":\"https:\/\/www.csj-emballages.com\/wp-content\/uploads\/2023\/10\/logo_csj.webp\",\"width\":250,\"height\":95,\"caption\":\"CSJ Emballages\"},\"image\":{\"@id\":\"https:\/\/www.csj-emballages.com\/es\/#\/schema\/logo\/image\/\"},\"sameAs\":[\"https:\/\/www.facebook.com\/csjemballages\"],\"address\":{\"@type\":\"PostalAddress\",\"streetAddress\":\"ZI La Lechere\",\"addressLocality\":\"Patornay\",\"postalCode\":\"39130\",\"addressCountry\":\"FR\"},\"contactPoint\":[{\"@type\":\"ContactPoint\",\"contactType\":\"Service client\",\"telephone\":\"0384254272\",\"email\":\"contact@csj-emballages.com\"}]}]}<\/script>\n<!-- \/ Yoast SEO Premium plugin. -->","yoast_head_json":{"title":"Bloc de notas para comercio, 100 hojas, 60 x 140 mm","description":"Bloc de notas para comercio de 60 x 140 mm con 100 hojas desprendibles. Pr\u00e1ctico, compacto y fabricado en Francia, ideal para notas r\u00e1pidas en el mostrador.","robots":{"index":"index","follow":"follow","max-snippet":"max-snippet:-1","max-image-preview":"max-image-preview:large","max-video-preview":"max-video-preview:-1"},"canonical":"https:\/\/www.csj-emballages.com\/es\/produit\/almohadillas-para-minoristas-100-hojas-60-x-140-mm\/","og_locale":"es_ES","og_type":"article","og_title":"Bloc de notas para comercio, 100 hojas, 60 x 140 mm","og_description":"Bloc de notas para comercio de 60 x 140 mm con 100 hojas desprendibles. Pr\u00e1ctico, compacto y fabricado en Francia, ideal para notas r\u00e1pidas en el mostrador.","og_url":"https:\/\/www.csj-emballages.com\/es\/produit\/almohadillas-para-minoristas-100-hojas-60-x-140-mm\/","og_site_name":"CSJ Emballages","article_publisher":"https:\/\/www.facebook.com\/csjemballages","article_modified_time":"2026-04-10T00:11:13+00:00","og_image":[{"width":800,"height":800,"url":"https:\/\/www.csj-emballages.com\/wp-content\/uploads\/2024\/03\/901.webp","type":"image\/webp"}],"twitter_card":"summary_large_image","twitter_misc":{"Tiempo de lectura":"2 minutos"},"schema":{"@context":"https:\/\/schema.org","@graph":[{"@type":"WebPage","@id":"https:\/\/www.csj-emballages.com\/es\/produit\/almohadillas-para-minoristas-100-hojas-60-x-140-mm\/","url":"https:\/\/www.csj-emballages.com\/es\/produit\/almohadillas-para-minoristas-100-hojas-60-x-140-mm\/","name":"Bloc de notas para comercio, 100 hojas, 60 x 140 mm","isPartOf":{"@id":"https:\/\/www.csj-emballages.com\/es\/#website"},"primaryImageOfPage":{"@id":"https:\/\/www.csj-emballages.com\/es\/produit\/almohadillas-para-minoristas-100-hojas-60-x-140-mm\/#primaryimage"},"image":{"@id":"https:\/\/www.csj-emballages.com\/es\/produit\/almohadillas-para-minoristas-100-hojas-60-x-140-mm\/#primaryimage"},"thumbnailUrl":"https:\/\/www.csj-emballages.com\/wp-content\/uploads\/2024\/03\/901.webp","datePublished":"2024-03-01T15:57:37+00:00","dateModified":"2026-04-10T00:11:13+00:00","description":"Bloc de notas para comercio de 60 x 140 mm con 100 hojas desprendibles. Pr\u00e1ctico, compacto y fabricado en Francia, ideal para notas r\u00e1pidas en el mostrador.","breadcrumb":{"@id":"https:\/\/www.csj-emballages.com\/es\/produit\/almohadillas-para-minoristas-100-hojas-60-x-140-mm\/#breadcrumb"},"inLanguage":"es","potentialAction":[{"@type":"ReadAction","target":["https:\/\/www.csj-emballages.com\/es\/produit\/almohadillas-para-minoristas-100-hojas-60-x-140-mm\/"]}]},{"@type":"ImageObject","inLanguage":"es","@id":"https:\/\/www.csj-emballages.com\/es\/produit\/almohadillas-para-minoristas-100-hojas-60-x-140-mm\/#primaryimage","url":"https:\/\/www.csj-emballages.com\/wp-content\/uploads\/2024\/03\/901.webp","contentUrl":"https:\/\/www.csj-emballages.com\/wp-content\/uploads\/2024\/03\/901.webp","width":800,"height":800,"caption":"Bloc commer\u00e7ant"},{"@type":"BreadcrumbList","@id":"https:\/\/www.csj-emballages.com\/es\/produit\/almohadillas-para-minoristas-100-hojas-60-x-140-mm\/#breadcrumb","itemListElement":[{"@type":"ListItem","position":1,"name":"Accueil","item":"https:\/\/www.csj-emballages.com\/es\/universo-del-envasado-alimentario\/"},{"@type":"ListItem","position":2,"name":"Tienda","item":"https:\/\/www.csj-emballages.com\/tienda\/"},{"@type":"ListItem","position":3,"name":"Bloc de notas para comercio, 100 hojas, 60 x 140 mm"}]},{"@type":"WebSite","@id":"https:\/\/www.csj-emballages.com\/es\/#website","url":"https:\/\/www.csj-emballages.com\/es\/","name":"CSJ Emballages","description":"","publisher":{"@id":"https:\/\/www.csj-emballages.com\/es\/#organization"},"potentialAction":[{"@type":"SearchAction","target":{"@type":"EntryPoint","urlTemplate":"https:\/\/www.csj-emballages.com\/es\/?s={search_term_string}"},"query-input":{"@type":"PropertyValueSpecification","valueRequired":true,"valueName":"search_term_string"}}],"inLanguage":"es"},{"@type":"Organization","@id":"https:\/\/www.csj-emballages.com\/es\/#Organization\/","name":"CSJ Emballages","url":"https:\/\/www.csj-emballages.com\/es\/","logo":{"@type":"ImageObject","inLanguage":"es","@id":"https:\/\/www.csj-emballages.com\/es\/#\/schema\/logo\/image\/","url":"https:\/\/www.csj-emballages.com\/wp-content\/uploads\/2023\/10\/logo_csj.webp","contentUrl":"https:\/\/www.csj-emballages.com\/wp-content\/uploads\/2023\/10\/logo_csj.webp","width":250,"height":95,"caption":"CSJ Emballages"},"image":{"@id":"https:\/\/www.csj-emballages.com\/es\/#\/schema\/logo\/image\/"},"sameAs":["https:\/\/www.facebook.com\/csjemballages"],"address":{"@type":"PostalAddress","streetAddress":"ZI La Lechere","addressLocality":"Patornay","postalCode":"39130","addressCountry":"FR"},"contactPoint":[{"@type":"ContactPoint","contactType":"Service client","telephone":"0384254272","email":"contact@csj-emballages.com"}]}]}},"df_price":0.68,"df_sale_price":"","df_regular_price":0.68,"df_image_link":"https:\/\/www.csj-emballages.com\/wp-content\/uploads\/2024\/03\/901-300x300.webp","tiered_pricing_type":"fixed","tiered_pricing_fixed_rules":[],"tiered_pricing_percentage_rules":[],"tiered_pricing_minimum":1,"tiered_pricing_roles_data":[],"_links":{"self":[{"href":"https:\/\/www.csj-emballages.com\/es\/wp-json\/wp\/v2\/product\/19045","targetHints":{"allow":["GET"]}}],"collection":[{"href":"https:\/\/www.csj-emballages.com\/es\/wp-json\/wp\/v2\/product"}],"about":[{"href":"https:\/\/www.csj-emballages.com\/es\/wp-json\/wp\/v2\/types\/product"}],"wp:featuredmedia":[{"embeddable":true,"href":"https:\/\/www.csj-emballages.com\/es\/wp-json\/wp\/v2\/media\/260365"}],"wp:attachment":[{"href":"https:\/\/www.csj-emballages.com\/es\/wp-json\/wp\/v2\/media?parent=19045"}],"wp:term":[{"taxonomy":"product_brand","embeddable":true,"href":"https:\/\/www.csj-emballages.com\/es\/wp-json\/wp\/v2\/product_brand?post=19045"},{"taxonomy":"product_cat","embeddable":true,"href":"https:\/\/www.csj-emballages.com\/es\/wp-json\/wp\/v2\/product_cat?post=19045"},{"taxonomy":"product_tag","embeddable":true,"href":"https:\/\/www.csj-emballages.com\/es\/wp-json\/wp\/v2\/product_tag?post=19045"}],"curies":[{"name":"wp","href":"https:\/\/api.w.org\/{rel}","templated":true}]}}