{"id":19033,"date":"2024-03-01T16:57:37","date_gmt":"2024-03-01T15:57:37","guid":{"rendered":"https:\/\/u15jnbdpoq.preview.infomaniak.website\/produit\/crema-de-manos-vainilla-5-litros\/"},"modified":"2026-04-17T02:11:12","modified_gmt":"2026-04-17T00:11:12","slug":"crema-de-manos-vainilla-5-litros","status":"publish","type":"product","link":"https:\/\/www.csj-emballages.com\/es\/produit\/crema-de-manos-vainilla-5-litros\/","title":{"rendered":"Crema lavamanos de almendra 5 litros"},"content":{"rendered":"<h2 class=\"p1\">Crema lavamanos<\/h2>\n<hr>\n<h3>Descripci\u00f3n de nuestro lavamanos de almendras 5 litros<\/h3>\n<p><!--more--><\/p>\n<p data-start=\"233\" data-end=\"563\">La <strong>crema lavamanos de almendras 5 litros Lav\u2019Mains<\/strong> est\u00e1 especialmente dise\u00f1ada para el <strong>lavado frecuente de manos en entornos profesionales<\/strong>. Gracias a su f\u00f3rmula suave de pH neutro, limpia eficazmente la piel respetando su equilibrio natural, limitando as\u00ed los riesgos de sequedad e irritaciones asociadas a los lavados repetidos. <\/p>\n<p data-start=\"565\" data-end=\"815\">Delicadamente perfumada con <strong>almendra<\/strong>, deja en las manos una agradable sensaci\u00f3n de limpieza y frescura despu\u00e9s de cada uso. Su textura untuosa se aclara f\u00e1cilmente y no deja una pel\u00edcula grasa, asegurando un confort \u00f3ptimo en el d\u00eda a d\u00eda. <\/p>\n<p data-start=\"817\" data-end=\"1150\">Adaptada a entornos exigentes como colectividades, centros de <strong>salud, industrias, comercios u oficinas, la crema lavamanos Lav\u2019Mains<\/strong> es perfecta para dispensadores de jab\u00f3n l\u00edquido. Su gran formato de <strong>5 litros<\/strong> permite un uso econ\u00f3mico y duradero, ideal para estructuras con alta afluencia. <\/p>\n<p data-start=\"1152\" data-end=\"1387\">Fabricada en <strong>Francia<\/strong>, esta <strong>crema lavamanos<\/strong> cumple con los est\u00e1ndares de calidad y fiabilidad esperados por los profesionales. Constituye una soluci\u00f3n eficaz para asegurar una higiene de manos \u00f3ptima cuidando la piel. <\/p>\n<p data-start=\"1152\" data-end=\"1387\">\n<p><!--more--><\/p>\n<h4><strong>Ventajas :<\/strong><\/h4>\n<ul>\n<li data-start=\"1425\" data-end=\"1453\">F\u00f3rmula suave con <strong>pH neutro<\/strong>.<\/li>\n<li data-start=\"1456\" data-end=\"1500\">Limpia eficazmente sin agredir la piel.<\/li>\n<li data-start=\"1503\" data-end=\"1541\">Adaptada al lavado frecuente de manos.<\/li>\n<li data-start=\"1544\" data-end=\"1572\">Agradable perfume a <strong>almendra<\/strong>.<\/li>\n<li data-start=\"1615\" data-end=\"1663\">Compatible con dispensadores de jab\u00f3n l\u00edquido.<\/li>\n<li data-start=\"1666\" data-end=\"1694\">Formato econ\u00f3mico <strong>5 litros<\/strong>.<\/li>\n<li data-start=\"1697\" data-end=\"1725\">Producto fabricado en Francia.<\/li>\n<\/ul>\n<p>&nbsp;<\/p>\n<p><!--more--><\/p>\n<h4>Informaci\u00f3n adicional :<\/h4>\n<ul>\n<li><strong>Embalaje<\/strong>: Por unidad<\/li>\n<li><strong>Uso<\/strong>: Crema lavamanos<\/li>\n<li><strong>Color<\/strong>: Incoloro<\/li>\n<li><strong>Dosis de la bomba <\/strong>: 2 ml<\/li>\n<li><strong>Volumen<\/strong>: 5 litros<\/li>\n<li><strong>Fragancia<\/strong>: Almendra<\/li>\n<\/ul>\n<p>&nbsp;<\/p>\n<p><!--more--><\/p>\n<p>Haga clic aqu\u00ed para ver nuestra botella de 500 ml de jab\u00f3n limpiador para pieles sensibles: <span style=\"color: #d12727;\"><a style=\"color: #d12727;\" href=\"https:\/\/www.csj-emballages.com\/produit\/flacon-savon-lavant-peaux-sensibles-pompe-500ml\/\"><span style=\"color: #d12727;\">0397<\/span><\/a><\/span><\/p>\n<p>&nbsp;<\/p>\n<p><!--more--><\/p>\n<p><a href=\"https:\/\/www.csj-emballages.com\/es\/categorie-produit\/higiene-y-mantenimiento\/productos-de-limpieza\/higiene-personal\/jabon-de-manos\/\">Ver el resto de nuestra gama de jabones de manos<\/a><\/p>\n","protected":false},"excerpt":{"rendered":"<p>Crema lavamanos Descripci\u00f3n de nuestro lavamanos de almendras 5 litros<\/p>\n","protected":false},"featured_media":264240,"template":"","meta":{"_acf_changed":false},"product_brand":[],"product_cat":[1226,1227,1359,1360],"product_tag":[],"class_list":{"0":"post-19033","1":"product","2":"type-product","3":"status-publish","4":"has-post-thumbnail","6":"product_cat-higiene-y-mantenimiento","7":"product_cat-productos-de-limpieza","8":"product_cat-higiene-personal","9":"product_cat-jabon-de-manos","10":"product_shipping_class-no-permitido-en-reles","12":"first","13":"instock","14":"taxable","15":"shipping-taxable","16":"purchasable","17":"product-type-simple"},"acf":[],"yoast_head":"<!-- This site is optimized with the Yoast SEO Premium plugin v26.6 (Yoast SEO v26.6) - https:\/\/yoast.com\/wordpress\/plugins\/seo\/ -->\n<title>Crema lavamanos Almendra 5 litros<\/title>\n<meta name=\"description\" content=\"Jab\u00f3n de manos de almendra suave y perfumado, 5 litros. Limpieza eficaz para profesionales o en casa. Ideal para uso frecuente.\" \/>\n<meta name=\"robots\" content=\"index, follow, max-snippet:-1, max-image-preview:large, max-video-preview:-1\" \/>\n<link rel=\"canonical\" href=\"https:\/\/www.csj-emballages.com\/es\/produit\/crema-de-manos-vainilla-5-litros\/\" \/>\n<meta property=\"og:locale\" content=\"es_ES\" \/>\n<meta property=\"og:type\" content=\"article\" \/>\n<meta property=\"og:title\" content=\"Crema lavamanos de almendra 5 litros\" \/>\n<meta property=\"og:description\" content=\"Jab\u00f3n de manos de almendra suave y perfumado, 5 litros. Limpieza eficaz para profesionales o en casa. Ideal para uso frecuente.\" \/>\n<meta property=\"og:url\" content=\"https:\/\/www.csj-emballages.com\/es\/produit\/crema-de-manos-vainilla-5-litros\/\" \/>\n<meta property=\"og:site_name\" content=\"CSJ Emballages\" \/>\n<meta property=\"article:publisher\" content=\"https:\/\/www.facebook.com\/csjemballages\" \/>\n<meta property=\"article:modified_time\" content=\"2026-04-17T00:11:12+00:00\" \/>\n<meta property=\"og:image\" content=\"https:\/\/www.csj-emballages.com\/wp-content\/uploads\/2024\/03\/92025.webp\" \/>\n\t<meta property=\"og:image:width\" content=\"800\" \/>\n\t<meta property=\"og:image:height\" content=\"800\" \/>\n\t<meta property=\"og:image:type\" content=\"image\/webp\" \/>\n<meta name=\"twitter:card\" content=\"summary_large_image\" \/>\n<meta name=\"twitter:label1\" content=\"Tiempo de lectura\" \/>\n\t<meta name=\"twitter:data1\" content=\"1 minuto\" \/>\n<script type=\"application\/ld+json\" class=\"yoast-schema-graph\">{\"@context\":\"https:\/\/schema.org\",\"@graph\":[{\"@type\":\"WebPage\",\"@id\":\"https:\/\/www.csj-emballages.com\/es\/produit\/crema-de-manos-vainilla-5-litros\/\",\"url\":\"https:\/\/www.csj-emballages.com\/es\/produit\/crema-de-manos-vainilla-5-litros\/\",\"name\":\"Crema lavamanos Almendra 5 litros\",\"isPartOf\":{\"@id\":\"https:\/\/www.csj-emballages.com\/es\/#website\"},\"primaryImageOfPage\":{\"@id\":\"https:\/\/www.csj-emballages.com\/es\/produit\/crema-de-manos-vainilla-5-litros\/#primaryimage\"},\"image\":{\"@id\":\"https:\/\/www.csj-emballages.com\/es\/produit\/crema-de-manos-vainilla-5-litros\/#primaryimage\"},\"thumbnailUrl\":\"https:\/\/www.csj-emballages.com\/wp-content\/uploads\/2024\/03\/92025.webp\",\"datePublished\":\"2024-03-01T15:57:37+00:00\",\"dateModified\":\"2026-04-17T00:11:12+00:00\",\"description\":\"Jab\u00f3n de manos de almendra suave y perfumado, 5 litros. Limpieza eficaz para profesionales o en casa. Ideal para uso frecuente.\",\"breadcrumb\":{\"@id\":\"https:\/\/www.csj-emballages.com\/es\/produit\/crema-de-manos-vainilla-5-litros\/#breadcrumb\"},\"inLanguage\":\"es\",\"potentialAction\":[{\"@type\":\"ReadAction\",\"target\":[\"https:\/\/www.csj-emballages.com\/es\/produit\/crema-de-manos-vainilla-5-litros\/\"]}]},{\"@type\":\"ImageObject\",\"inLanguage\":\"es\",\"@id\":\"https:\/\/www.csj-emballages.com\/es\/produit\/crema-de-manos-vainilla-5-litros\/#primaryimage\",\"url\":\"https:\/\/www.csj-emballages.com\/wp-content\/uploads\/2024\/03\/92025.webp\",\"contentUrl\":\"https:\/\/www.csj-emballages.com\/wp-content\/uploads\/2024\/03\/92025.webp\",\"width\":800,\"height\":800,\"caption\":\"Cr\u00e8me lavante mains\"},{\"@type\":\"BreadcrumbList\",\"@id\":\"https:\/\/www.csj-emballages.com\/es\/produit\/crema-de-manos-vainilla-5-litros\/#breadcrumb\",\"itemListElement\":[{\"@type\":\"ListItem\",\"position\":1,\"name\":\"Accueil\",\"item\":\"https:\/\/www.csj-emballages.com\/es\/universo-del-envasado-alimentario\/\"},{\"@type\":\"ListItem\",\"position\":2,\"name\":\"Tienda\",\"item\":\"https:\/\/www.csj-emballages.com\/tienda\/\"},{\"@type\":\"ListItem\",\"position\":3,\"name\":\"Crema lavamanos de almendra 5 litros\"}]},{\"@type\":\"WebSite\",\"@id\":\"https:\/\/www.csj-emballages.com\/es\/#website\",\"url\":\"https:\/\/www.csj-emballages.com\/es\/\",\"name\":\"CSJ Emballages\",\"description\":\"\",\"publisher\":{\"@id\":\"https:\/\/www.csj-emballages.com\/es\/#organization\"},\"potentialAction\":[{\"@type\":\"SearchAction\",\"target\":{\"@type\":\"EntryPoint\",\"urlTemplate\":\"https:\/\/www.csj-emballages.com\/es\/?s={search_term_string}\"},\"query-input\":{\"@type\":\"PropertyValueSpecification\",\"valueRequired\":true,\"valueName\":\"search_term_string\"}}],\"inLanguage\":\"es\"},{\"@type\":\"Organization\",\"@id\":\"https:\/\/www.csj-emballages.com\/es\/#Organization\/\",\"name\":\"CSJ Emballages\",\"url\":\"https:\/\/www.csj-emballages.com\/es\/\",\"logo\":{\"@type\":\"ImageObject\",\"inLanguage\":\"es\",\"@id\":\"https:\/\/www.csj-emballages.com\/es\/#\/schema\/logo\/image\/\",\"url\":\"https:\/\/www.csj-emballages.com\/wp-content\/uploads\/2023\/10\/logo_csj.webp\",\"contentUrl\":\"https:\/\/www.csj-emballages.com\/wp-content\/uploads\/2023\/10\/logo_csj.webp\",\"width\":250,\"height\":95,\"caption\":\"CSJ Emballages\"},\"image\":{\"@id\":\"https:\/\/www.csj-emballages.com\/es\/#\/schema\/logo\/image\/\"},\"sameAs\":[\"https:\/\/www.facebook.com\/csjemballages\"],\"address\":{\"@type\":\"PostalAddress\",\"streetAddress\":\"ZI La Lechere\",\"addressLocality\":\"Patornay\",\"postalCode\":\"39130\",\"addressCountry\":\"FR\"},\"contactPoint\":[{\"@type\":\"ContactPoint\",\"contactType\":\"Service client\",\"telephone\":\"0384254272\",\"email\":\"contact@csj-emballages.com\"}]}]}<\/script>\n<!-- \/ Yoast SEO Premium plugin. -->","yoast_head_json":{"title":"Crema lavamanos Almendra 5 litros","description":"Jab\u00f3n de manos de almendra suave y perfumado, 5 litros. Limpieza eficaz para profesionales o en casa. Ideal para uso frecuente.","robots":{"index":"index","follow":"follow","max-snippet":"max-snippet:-1","max-image-preview":"max-image-preview:large","max-video-preview":"max-video-preview:-1"},"canonical":"https:\/\/www.csj-emballages.com\/es\/produit\/crema-de-manos-vainilla-5-litros\/","og_locale":"es_ES","og_type":"article","og_title":"Crema lavamanos de almendra 5 litros","og_description":"Jab\u00f3n de manos de almendra suave y perfumado, 5 litros. Limpieza eficaz para profesionales o en casa. Ideal para uso frecuente.","og_url":"https:\/\/www.csj-emballages.com\/es\/produit\/crema-de-manos-vainilla-5-litros\/","og_site_name":"CSJ Emballages","article_publisher":"https:\/\/www.facebook.com\/csjemballages","article_modified_time":"2026-04-17T00:11:12+00:00","og_image":[{"width":800,"height":800,"url":"https:\/\/www.csj-emballages.com\/wp-content\/uploads\/2024\/03\/92025.webp","type":"image\/webp"}],"twitter_card":"summary_large_image","twitter_misc":{"Tiempo de lectura":"1 minuto"},"schema":{"@context":"https:\/\/schema.org","@graph":[{"@type":"WebPage","@id":"https:\/\/www.csj-emballages.com\/es\/produit\/crema-de-manos-vainilla-5-litros\/","url":"https:\/\/www.csj-emballages.com\/es\/produit\/crema-de-manos-vainilla-5-litros\/","name":"Crema lavamanos Almendra 5 litros","isPartOf":{"@id":"https:\/\/www.csj-emballages.com\/es\/#website"},"primaryImageOfPage":{"@id":"https:\/\/www.csj-emballages.com\/es\/produit\/crema-de-manos-vainilla-5-litros\/#primaryimage"},"image":{"@id":"https:\/\/www.csj-emballages.com\/es\/produit\/crema-de-manos-vainilla-5-litros\/#primaryimage"},"thumbnailUrl":"https:\/\/www.csj-emballages.com\/wp-content\/uploads\/2024\/03\/92025.webp","datePublished":"2024-03-01T15:57:37+00:00","dateModified":"2026-04-17T00:11:12+00:00","description":"Jab\u00f3n de manos de almendra suave y perfumado, 5 litros. Limpieza eficaz para profesionales o en casa. Ideal para uso frecuente.","breadcrumb":{"@id":"https:\/\/www.csj-emballages.com\/es\/produit\/crema-de-manos-vainilla-5-litros\/#breadcrumb"},"inLanguage":"es","potentialAction":[{"@type":"ReadAction","target":["https:\/\/www.csj-emballages.com\/es\/produit\/crema-de-manos-vainilla-5-litros\/"]}]},{"@type":"ImageObject","inLanguage":"es","@id":"https:\/\/www.csj-emballages.com\/es\/produit\/crema-de-manos-vainilla-5-litros\/#primaryimage","url":"https:\/\/www.csj-emballages.com\/wp-content\/uploads\/2024\/03\/92025.webp","contentUrl":"https:\/\/www.csj-emballages.com\/wp-content\/uploads\/2024\/03\/92025.webp","width":800,"height":800,"caption":"Cr\u00e8me lavante mains"},{"@type":"BreadcrumbList","@id":"https:\/\/www.csj-emballages.com\/es\/produit\/crema-de-manos-vainilla-5-litros\/#breadcrumb","itemListElement":[{"@type":"ListItem","position":1,"name":"Accueil","item":"https:\/\/www.csj-emballages.com\/es\/universo-del-envasado-alimentario\/"},{"@type":"ListItem","position":2,"name":"Tienda","item":"https:\/\/www.csj-emballages.com\/tienda\/"},{"@type":"ListItem","position":3,"name":"Crema lavamanos de almendra 5 litros"}]},{"@type":"WebSite","@id":"https:\/\/www.csj-emballages.com\/es\/#website","url":"https:\/\/www.csj-emballages.com\/es\/","name":"CSJ Emballages","description":"","publisher":{"@id":"https:\/\/www.csj-emballages.com\/es\/#organization"},"potentialAction":[{"@type":"SearchAction","target":{"@type":"EntryPoint","urlTemplate":"https:\/\/www.csj-emballages.com\/es\/?s={search_term_string}"},"query-input":{"@type":"PropertyValueSpecification","valueRequired":true,"valueName":"search_term_string"}}],"inLanguage":"es"},{"@type":"Organization","@id":"https:\/\/www.csj-emballages.com\/es\/#Organization\/","name":"CSJ Emballages","url":"https:\/\/www.csj-emballages.com\/es\/","logo":{"@type":"ImageObject","inLanguage":"es","@id":"https:\/\/www.csj-emballages.com\/es\/#\/schema\/logo\/image\/","url":"https:\/\/www.csj-emballages.com\/wp-content\/uploads\/2023\/10\/logo_csj.webp","contentUrl":"https:\/\/www.csj-emballages.com\/wp-content\/uploads\/2023\/10\/logo_csj.webp","width":250,"height":95,"caption":"CSJ Emballages"},"image":{"@id":"https:\/\/www.csj-emballages.com\/es\/#\/schema\/logo\/image\/"},"sameAs":["https:\/\/www.facebook.com\/csjemballages"],"address":{"@type":"PostalAddress","streetAddress":"ZI La Lechere","addressLocality":"Patornay","postalCode":"39130","addressCountry":"FR"},"contactPoint":[{"@type":"ContactPoint","contactType":"Service client","telephone":"0384254272","email":"contact@csj-emballages.com"}]}]}},"df_price":6.79,"df_sale_price":"","df_regular_price":6.79,"df_image_link":"https:\/\/www.csj-emballages.com\/wp-content\/uploads\/2024\/03\/92025-300x300.webp","tiered_pricing_type":"fixed","tiered_pricing_fixed_rules":[],"tiered_pricing_percentage_rules":[],"tiered_pricing_minimum":1,"tiered_pricing_roles_data":[],"_links":{"self":[{"href":"https:\/\/www.csj-emballages.com\/es\/wp-json\/wp\/v2\/product\/19033","targetHints":{"allow":["GET"]}}],"collection":[{"href":"https:\/\/www.csj-emballages.com\/es\/wp-json\/wp\/v2\/product"}],"about":[{"href":"https:\/\/www.csj-emballages.com\/es\/wp-json\/wp\/v2\/types\/product"}],"wp:featuredmedia":[{"embeddable":true,"href":"https:\/\/www.csj-emballages.com\/es\/wp-json\/wp\/v2\/media\/264240"}],"wp:attachment":[{"href":"https:\/\/www.csj-emballages.com\/es\/wp-json\/wp\/v2\/media?parent=19033"}],"wp:term":[{"taxonomy":"product_brand","embeddable":true,"href":"https:\/\/www.csj-emballages.com\/es\/wp-json\/wp\/v2\/product_brand?post=19033"},{"taxonomy":"product_cat","embeddable":true,"href":"https:\/\/www.csj-emballages.com\/es\/wp-json\/wp\/v2\/product_cat?post=19033"},{"taxonomy":"product_tag","embeddable":true,"href":"https:\/\/www.csj-emballages.com\/es\/wp-json\/wp\/v2\/product_tag?post=19033"}],"curies":[{"name":"wp","href":"https:\/\/api.w.org\/{rel}","templated":true}]}}