{"id":19031,"date":"2024-03-01T16:57:36","date_gmt":"2024-03-01T15:57:36","guid":{"rendered":"https:\/\/u15jnbdpoq.preview.infomaniak.website\/produit\/100-placas-de-caracol-de-aluminio-147-o\/"},"modified":"2026-04-29T02:11:22","modified_gmt":"2026-04-29T00:11:22","slug":"100-placas-de-caracol-de-aluminio-147-o","status":"publish","type":"product","link":"https:\/\/www.csj-emballages.com\/es\/produit\/100-placas-de-caracol-de-aluminio-147-o\/","title":{"rendered":"Placa de caracol de aluminio \u00d8174 mm por 100"},"content":{"rendered":"<h2 class=\"p1\">Plato para caracoles<\/h2>\n<hr>\n<h3>Descripci\u00f3n de nuestra placa de caracol de aluminio \u00d8174 mm por 100<\/h3>\n<p><!--more--><\/p>\n<p data-start=\"31\" data-end=\"357\">El<strong data-start=\"33\" data-end=\"78\">plato para caracoles de aluminio de \u00d8174 mm<\/strong> es una pieza indispensable para los profesionales de la restauraci\u00f3n y los amantes de la cocina tradicional. Especialmente dise\u00f1ado para cocinar y servir <strong>caracoles<\/strong>, ofrece una presentaci\u00f3n elegante y un soporte \u00f3ptimo para las conchas gracias a sus cavidades especialmente dise\u00f1adas. <\/p>\n<p data-start=\"359\" data-end=\"629\">Su fabricaci\u00f3n en <strong data-start=\"377\" data-end=\"409\">aluminio <\/strong>ligero y resistente garantiza una excelente distribuci\u00f3n del calor para una cocci\u00f3n homog\u00e9nea, a la vez que ofrece una gran facilidad de uso. De hecho, vendido en lotes de <strong data-start=\"648\" data-end=\"665\">100 platos<\/strong>, este producto es ideal para empresas de catering, restauradores y particulares que deseen ofrecer un servicio cuidado en comidas gastron\u00f3micas o eventos especiales. En resumen, ya sea para uso en cocina profesional o en el hogar, este <strong>plato para caracoles<\/strong> es la soluci\u00f3n perfecta para realzar sus preparaciones y ofrecer a sus comensales una experiencia aut\u00e9ntica y refinada.  <\/p>\n<h3 data-start=\"1166\" data-end=\"1187\"><\/h3>\n<p><!--more--><\/p>\n<h4>Sus ventajas:<\/h4>\n<ul>\n<li data-start=\"959\" data-end=\"1054\"><strong data-start=\"1190\" data-end=\"1209\">Formato pr\u00e1ctico<\/strong>: 174 mm de di\u00e1metro, ideal para una raci\u00f3n de caracoles bien presentada.<\/li>\n<li data-start=\"959\" data-end=\"1054\"><strong data-start=\"1287\" data-end=\"1310\">Material de calidad<\/strong>: Aluminio ligero, resistente al calor y reciclable.<\/li>\n<li data-start=\"959\" data-end=\"1054\"><strong data-start=\"1372\" data-end=\"1392\">Cocci\u00f3n homog\u00e9nea<\/strong>: Excelente distribuci\u00f3n t\u00e9rmica para una preparaci\u00f3n perfecta.<\/li>\n<li data-start=\"959\" data-end=\"1054\"><strong data-start=\"1463\" data-end=\"1508\" data-is-only-node=\"\">Uso profesional y dom\u00e9stico<\/strong>: Adecuado para restauradores, empresas de catering y particulares.<\/li>\n<li data-start=\"959\" data-end=\"1054\"><strong data-start=\"1671\" data-end=\"1695\">Vendido en 100 unidades<\/strong>: Perfecto para grandes pedidos y eventos.<\/li>\n<\/ul>\n<p>&nbsp;<\/p>\n<p><!--more--><\/p>\n<h4>Informaci\u00f3n adicional :<\/h4>\n<ul>\n<li><strong>Embalaje<\/strong>: Paquete de 100<\/li>\n<li><strong>Dimensiones<\/strong>: \u00d8174 mm<\/li>\n<li><strong>Material<\/strong>: Aluminio<\/li>\n<li><strong>N\u00famero de alv\u00e9olos<\/strong>: 12<\/li>\n<li><strong>Dimensi\u00f3n del hueco<\/strong>: \u00d822 mm<\/li>\n<li><strong>Temperatura de funcionamiento<\/strong>: -20\u00b0C \/ +350\u00b0C<\/li>\n<\/ul>\n<p>&nbsp;<\/p>\n<p><!--more--><\/p>\n<p><a href=\"https:\/\/www.csj-emballages.com\/es\/categorie-produit\/envasado-de-alimentos\/carniceria-y-charcuteria\/bandejas-latas-y-tarros\/bandejas-platos-moldes-bandejas-de-comida-tazas-ramequines-pasteles-de-carne-de-aluminio\/placas-de-aluminio-es\/\">Consulte el resto de nuestra gama de envases de aluminio<\/a><\/p>\n","protected":false},"excerpt":{"rendered":"<p>Plato para caracoles Descripci\u00f3n de nuestra placa de caracol de aluminio \u00d8174 mm por 100<\/p>\n","protected":false},"featured_media":227485,"template":"","meta":{"_acf_changed":false},"product_brand":[],"product_cat":[1143,2006,2007],"product_tag":[],"class_list":{"0":"post-19031","1":"product","2":"type-product","3":"status-publish","4":"has-post-thumbnail","6":"product_cat-carniceria-y-charcuteria","7":"product_cat-bandejas-platos-moldes-bandejas-de-comida-tazas-ramequines-pasteles-de-carne-de-aluminio","8":"product_cat-placas-de-aluminio-es","10":"first","11":"instock","12":"taxable","13":"shipping-taxable","14":"purchasable","15":"product-type-simple"},"acf":[],"yoast_head":"<!-- This site is optimized with the Yoast SEO Premium plugin v26.6 (Yoast SEO v26.6) - https:\/\/yoast.com\/wordpress\/plugins\/seo\/ -->\n<title>Placa de caracol de aluminio \u00d8174 mm por 100<\/title>\n<meta name=\"description\" content=\"Descubra la placa de caracol de aluminio de \u00d8174 mm para cocinar y servir a la perfecci\u00f3n. Ideal para empresas de catering, restaurantes y particulares.\" \/>\n<meta name=\"robots\" content=\"index, follow, max-snippet:-1, max-image-preview:large, max-video-preview:-1\" \/>\n<link rel=\"canonical\" href=\"https:\/\/www.csj-emballages.com\/es\/produit\/100-placas-de-caracol-de-aluminio-147-o\/\" \/>\n<meta property=\"og:locale\" content=\"es_ES\" \/>\n<meta property=\"og:type\" content=\"article\" \/>\n<meta property=\"og:title\" content=\"Placa de caracol de aluminio \u00d8174 mm por 100\" \/>\n<meta property=\"og:description\" content=\"Descubra la placa de caracol de aluminio de \u00d8174 mm para cocinar y servir a la perfecci\u00f3n. Ideal para empresas de catering, restaurantes y particulares.\" \/>\n<meta property=\"og:url\" content=\"https:\/\/www.csj-emballages.com\/es\/produit\/100-placas-de-caracol-de-aluminio-147-o\/\" \/>\n<meta property=\"og:site_name\" content=\"CSJ Emballages\" \/>\n<meta property=\"article:publisher\" content=\"https:\/\/www.facebook.com\/csjemballages\" \/>\n<meta property=\"article:modified_time\" content=\"2026-04-29T00:11:22+00:00\" \/>\n<meta property=\"og:image\" content=\"https:\/\/www.csj-emballages.com\/wp-content\/uploads\/2024\/03\/AA-170.webp\" \/>\n\t<meta property=\"og:image:width\" content=\"800\" \/>\n\t<meta property=\"og:image:height\" content=\"800\" \/>\n\t<meta property=\"og:image:type\" content=\"image\/webp\" \/>\n<meta name=\"twitter:card\" content=\"summary_large_image\" \/>\n<meta name=\"twitter:label1\" content=\"Tiempo de lectura\" \/>\n\t<meta name=\"twitter:data1\" content=\"1 minuto\" \/>\n<script type=\"application\/ld+json\" class=\"yoast-schema-graph\">{\"@context\":\"https:\/\/schema.org\",\"@graph\":[{\"@type\":\"WebPage\",\"@id\":\"https:\/\/www.csj-emballages.com\/es\/produit\/100-placas-de-caracol-de-aluminio-147-o\/\",\"url\":\"https:\/\/www.csj-emballages.com\/es\/produit\/100-placas-de-caracol-de-aluminio-147-o\/\",\"name\":\"Placa de caracol de aluminio \u00d8174 mm por 100\",\"isPartOf\":{\"@id\":\"https:\/\/www.csj-emballages.com\/es\/#website\"},\"primaryImageOfPage\":{\"@id\":\"https:\/\/www.csj-emballages.com\/es\/produit\/100-placas-de-caracol-de-aluminio-147-o\/#primaryimage\"},\"image\":{\"@id\":\"https:\/\/www.csj-emballages.com\/es\/produit\/100-placas-de-caracol-de-aluminio-147-o\/#primaryimage\"},\"thumbnailUrl\":\"https:\/\/www.csj-emballages.com\/wp-content\/uploads\/2024\/03\/AA-170.webp\",\"datePublished\":\"2024-03-01T15:57:36+00:00\",\"dateModified\":\"2026-04-29T00:11:22+00:00\",\"description\":\"Descubra la placa de caracol de aluminio de \u00d8174 mm para cocinar y servir a la perfecci\u00f3n. Ideal para empresas de catering, restaurantes y particulares.\",\"breadcrumb\":{\"@id\":\"https:\/\/www.csj-emballages.com\/es\/produit\/100-placas-de-caracol-de-aluminio-147-o\/#breadcrumb\"},\"inLanguage\":\"es\",\"potentialAction\":[{\"@type\":\"ReadAction\",\"target\":[\"https:\/\/www.csj-emballages.com\/es\/produit\/100-placas-de-caracol-de-aluminio-147-o\/\"]}]},{\"@type\":\"ImageObject\",\"inLanguage\":\"es\",\"@id\":\"https:\/\/www.csj-emballages.com\/es\/produit\/100-placas-de-caracol-de-aluminio-147-o\/#primaryimage\",\"url\":\"https:\/\/www.csj-emballages.com\/wp-content\/uploads\/2024\/03\/AA-170.webp\",\"contentUrl\":\"https:\/\/www.csj-emballages.com\/wp-content\/uploads\/2024\/03\/AA-170.webp\",\"width\":800,\"height\":800,\"caption\":\"assiette \u00e0 escargots\"},{\"@type\":\"BreadcrumbList\",\"@id\":\"https:\/\/www.csj-emballages.com\/es\/produit\/100-placas-de-caracol-de-aluminio-147-o\/#breadcrumb\",\"itemListElement\":[{\"@type\":\"ListItem\",\"position\":1,\"name\":\"Accueil\",\"item\":\"https:\/\/www.csj-emballages.com\/es\/universo-del-envasado-alimentario\/\"},{\"@type\":\"ListItem\",\"position\":2,\"name\":\"Tienda\",\"item\":\"https:\/\/www.csj-emballages.com\/tienda\/\"},{\"@type\":\"ListItem\",\"position\":3,\"name\":\"Placa de caracol de aluminio \u00d8174 mm por 100\"}]},{\"@type\":\"WebSite\",\"@id\":\"https:\/\/www.csj-emballages.com\/es\/#website\",\"url\":\"https:\/\/www.csj-emballages.com\/es\/\",\"name\":\"CSJ Emballages\",\"description\":\"\",\"publisher\":{\"@id\":\"https:\/\/www.csj-emballages.com\/es\/#organization\"},\"potentialAction\":[{\"@type\":\"SearchAction\",\"target\":{\"@type\":\"EntryPoint\",\"urlTemplate\":\"https:\/\/www.csj-emballages.com\/es\/?s={search_term_string}\"},\"query-input\":{\"@type\":\"PropertyValueSpecification\",\"valueRequired\":true,\"valueName\":\"search_term_string\"}}],\"inLanguage\":\"es\"},{\"@type\":\"Organization\",\"@id\":\"https:\/\/www.csj-emballages.com\/es\/#Organization\/\",\"name\":\"CSJ Emballages\",\"url\":\"https:\/\/www.csj-emballages.com\/es\/\",\"logo\":{\"@type\":\"ImageObject\",\"inLanguage\":\"es\",\"@id\":\"https:\/\/www.csj-emballages.com\/es\/#\/schema\/logo\/image\/\",\"url\":\"https:\/\/www.csj-emballages.com\/wp-content\/uploads\/2023\/10\/logo_csj.webp\",\"contentUrl\":\"https:\/\/www.csj-emballages.com\/wp-content\/uploads\/2023\/10\/logo_csj.webp\",\"width\":250,\"height\":95,\"caption\":\"CSJ Emballages\"},\"image\":{\"@id\":\"https:\/\/www.csj-emballages.com\/es\/#\/schema\/logo\/image\/\"},\"sameAs\":[\"https:\/\/www.facebook.com\/csjemballages\"],\"address\":{\"@type\":\"PostalAddress\",\"streetAddress\":\"ZI La Lechere\",\"addressLocality\":\"Patornay\",\"postalCode\":\"39130\",\"addressCountry\":\"FR\"},\"contactPoint\":[{\"@type\":\"ContactPoint\",\"contactType\":\"Service client\",\"telephone\":\"0384254272\",\"email\":\"contact@csj-emballages.com\"}]}]}<\/script>\n<!-- \/ Yoast SEO Premium plugin. -->","yoast_head_json":{"title":"Placa de caracol de aluminio \u00d8174 mm por 100","description":"Descubra la placa de caracol de aluminio de \u00d8174 mm para cocinar y servir a la perfecci\u00f3n. Ideal para empresas de catering, restaurantes y particulares.","robots":{"index":"index","follow":"follow","max-snippet":"max-snippet:-1","max-image-preview":"max-image-preview:large","max-video-preview":"max-video-preview:-1"},"canonical":"https:\/\/www.csj-emballages.com\/es\/produit\/100-placas-de-caracol-de-aluminio-147-o\/","og_locale":"es_ES","og_type":"article","og_title":"Placa de caracol de aluminio \u00d8174 mm por 100","og_description":"Descubra la placa de caracol de aluminio de \u00d8174 mm para cocinar y servir a la perfecci\u00f3n. Ideal para empresas de catering, restaurantes y particulares.","og_url":"https:\/\/www.csj-emballages.com\/es\/produit\/100-placas-de-caracol-de-aluminio-147-o\/","og_site_name":"CSJ Emballages","article_publisher":"https:\/\/www.facebook.com\/csjemballages","article_modified_time":"2026-04-29T00:11:22+00:00","og_image":[{"width":800,"height":800,"url":"https:\/\/www.csj-emballages.com\/wp-content\/uploads\/2024\/03\/AA-170.webp","type":"image\/webp"}],"twitter_card":"summary_large_image","twitter_misc":{"Tiempo de lectura":"1 minuto"},"schema":{"@context":"https:\/\/schema.org","@graph":[{"@type":"WebPage","@id":"https:\/\/www.csj-emballages.com\/es\/produit\/100-placas-de-caracol-de-aluminio-147-o\/","url":"https:\/\/www.csj-emballages.com\/es\/produit\/100-placas-de-caracol-de-aluminio-147-o\/","name":"Placa de caracol de aluminio \u00d8174 mm por 100","isPartOf":{"@id":"https:\/\/www.csj-emballages.com\/es\/#website"},"primaryImageOfPage":{"@id":"https:\/\/www.csj-emballages.com\/es\/produit\/100-placas-de-caracol-de-aluminio-147-o\/#primaryimage"},"image":{"@id":"https:\/\/www.csj-emballages.com\/es\/produit\/100-placas-de-caracol-de-aluminio-147-o\/#primaryimage"},"thumbnailUrl":"https:\/\/www.csj-emballages.com\/wp-content\/uploads\/2024\/03\/AA-170.webp","datePublished":"2024-03-01T15:57:36+00:00","dateModified":"2026-04-29T00:11:22+00:00","description":"Descubra la placa de caracol de aluminio de \u00d8174 mm para cocinar y servir a la perfecci\u00f3n. Ideal para empresas de catering, restaurantes y particulares.","breadcrumb":{"@id":"https:\/\/www.csj-emballages.com\/es\/produit\/100-placas-de-caracol-de-aluminio-147-o\/#breadcrumb"},"inLanguage":"es","potentialAction":[{"@type":"ReadAction","target":["https:\/\/www.csj-emballages.com\/es\/produit\/100-placas-de-caracol-de-aluminio-147-o\/"]}]},{"@type":"ImageObject","inLanguage":"es","@id":"https:\/\/www.csj-emballages.com\/es\/produit\/100-placas-de-caracol-de-aluminio-147-o\/#primaryimage","url":"https:\/\/www.csj-emballages.com\/wp-content\/uploads\/2024\/03\/AA-170.webp","contentUrl":"https:\/\/www.csj-emballages.com\/wp-content\/uploads\/2024\/03\/AA-170.webp","width":800,"height":800,"caption":"assiette \u00e0 escargots"},{"@type":"BreadcrumbList","@id":"https:\/\/www.csj-emballages.com\/es\/produit\/100-placas-de-caracol-de-aluminio-147-o\/#breadcrumb","itemListElement":[{"@type":"ListItem","position":1,"name":"Accueil","item":"https:\/\/www.csj-emballages.com\/es\/universo-del-envasado-alimentario\/"},{"@type":"ListItem","position":2,"name":"Tienda","item":"https:\/\/www.csj-emballages.com\/tienda\/"},{"@type":"ListItem","position":3,"name":"Placa de caracol de aluminio \u00d8174 mm por 100"}]},{"@type":"WebSite","@id":"https:\/\/www.csj-emballages.com\/es\/#website","url":"https:\/\/www.csj-emballages.com\/es\/","name":"CSJ Emballages","description":"","publisher":{"@id":"https:\/\/www.csj-emballages.com\/es\/#organization"},"potentialAction":[{"@type":"SearchAction","target":{"@type":"EntryPoint","urlTemplate":"https:\/\/www.csj-emballages.com\/es\/?s={search_term_string}"},"query-input":{"@type":"PropertyValueSpecification","valueRequired":true,"valueName":"search_term_string"}}],"inLanguage":"es"},{"@type":"Organization","@id":"https:\/\/www.csj-emballages.com\/es\/#Organization\/","name":"CSJ Emballages","url":"https:\/\/www.csj-emballages.com\/es\/","logo":{"@type":"ImageObject","inLanguage":"es","@id":"https:\/\/www.csj-emballages.com\/es\/#\/schema\/logo\/image\/","url":"https:\/\/www.csj-emballages.com\/wp-content\/uploads\/2023\/10\/logo_csj.webp","contentUrl":"https:\/\/www.csj-emballages.com\/wp-content\/uploads\/2023\/10\/logo_csj.webp","width":250,"height":95,"caption":"CSJ Emballages"},"image":{"@id":"https:\/\/www.csj-emballages.com\/es\/#\/schema\/logo\/image\/"},"sameAs":["https:\/\/www.facebook.com\/csjemballages"],"address":{"@type":"PostalAddress","streetAddress":"ZI La Lechere","addressLocality":"Patornay","postalCode":"39130","addressCountry":"FR"},"contactPoint":[{"@type":"ContactPoint","contactType":"Service client","telephone":"0384254272","email":"contact@csj-emballages.com"}]}]}},"df_price":13.94,"df_sale_price":"","df_regular_price":13.94,"df_image_link":"https:\/\/www.csj-emballages.com\/wp-content\/uploads\/2024\/03\/AA-170-300x300.webp","tiered_pricing_type":"fixed","tiered_pricing_fixed_rules":[],"tiered_pricing_percentage_rules":[],"tiered_pricing_minimum":1,"tiered_pricing_roles_data":[],"_links":{"self":[{"href":"https:\/\/www.csj-emballages.com\/es\/wp-json\/wp\/v2\/product\/19031","targetHints":{"allow":["GET"]}}],"collection":[{"href":"https:\/\/www.csj-emballages.com\/es\/wp-json\/wp\/v2\/product"}],"about":[{"href":"https:\/\/www.csj-emballages.com\/es\/wp-json\/wp\/v2\/types\/product"}],"wp:featuredmedia":[{"embeddable":true,"href":"https:\/\/www.csj-emballages.com\/es\/wp-json\/wp\/v2\/media\/227485"}],"wp:attachment":[{"href":"https:\/\/www.csj-emballages.com\/es\/wp-json\/wp\/v2\/media?parent=19031"}],"wp:term":[{"taxonomy":"product_brand","embeddable":true,"href":"https:\/\/www.csj-emballages.com\/es\/wp-json\/wp\/v2\/product_brand?post=19031"},{"taxonomy":"product_cat","embeddable":true,"href":"https:\/\/www.csj-emballages.com\/es\/wp-json\/wp\/v2\/product_cat?post=19031"},{"taxonomy":"product_tag","embeddable":true,"href":"https:\/\/www.csj-emballages.com\/es\/wp-json\/wp\/v2\/product_tag?post=19031"}],"curies":[{"name":"wp","href":"https:\/\/api.w.org\/{rel}","templated":true}]}}