{"id":18994,"date":"2024-03-01T16:57:46","date_gmt":"2024-03-01T15:57:46","guid":{"rendered":"https:\/\/u15jnbdpoq.preview.infomaniak.website\/produit\/100-vasos-desechables-de-papel-blanco-175-cl\/"},"modified":"2026-04-30T12:00:29","modified_gmt":"2026-04-30T10:00:29","slug":"100-vasos-desechables-de-papel-blanco-175-cl","status":"publish","type":"product","link":"https:\/\/www.csj-emballages.com\/es\/produit\/100-vasos-desechables-de-papel-blanco-175-cl\/","title":{"rendered":"Vaso de cart\u00f3n blanco 18 cl, 50"},"content":{"rendered":"<h2>Vaso de cart\u00f3n<\/h2>\n<hr>\n<h3>Descubra nuestro vaso de papel blanco de 18 cl en paquetes de 50<\/h3>\n<p><!--more--><\/p>\n<p data-start=\"217\" data-end=\"621\">Sencillo, ligero y realmente vers\u00e1til, este <strong>vaso de papel blanco<\/strong> <strong>de 18 cl<\/strong> puede utilizarse en todo tipo de situaciones cotidianas. Ya sea para servir un caf\u00e9 caliente, ofrecer una degustaci\u00f3n, ofrecer un peque\u00f1o zumo en una reuni\u00f3n o acompa\u00f1ar un evento, siempre hay un lugar para \u00e9l. Gracias a su tama\u00f1o compacto, se desliza f\u00e1cilmente sobre un mostrador, una bandeja o en un dispensador sin ocupar espacio.  <\/p>\n<p data-start=\"623\" data-end=\"925\">Su <strong>aspecto blanco<\/strong> <strong>, limpio y despejado<\/strong>, le confiere un estilo polivalente que se adapta por igual a profesionales de la restauraci\u00f3n, oficinas, asociaciones y eventos temporales. Esta neutralidad visual tambi\u00e9n permite personalizar el <strong>vaso<\/strong> si se desea: etiquetas, sellos, logotipos&#8230; lo que se desee. <\/p>\n<p data-start=\"927\" data-end=\"1246\">El <strong>cart\u00f3n<\/strong> es agradable al tacto y lo bastante grueso para evitar que se queme o se deforme. Por eso es c\u00f3modo de sostener, incluso cuando est\u00e1 lleno de una bebida caliente. Tambi\u00e9n se mantiene estable cuando se deposita, lo que reduce el riesgo de que vuelque, algo siempre positivo en un entorno ajetreado.  <\/p>\n<p data-start=\"1248\" data-end=\"1565\">El envase <strong data-start=\"1258\" data-end=\"1273\">de 50 tazas<\/strong> es ideal para acumular existencias de reserva o atender a una peque\u00f1a multitud sin consumir en exceso. Es un formato pr\u00e1ctico para cafeter\u00edas con comida para llevar, food-trucks, zonas de descanso o eventos empresariales en los que es necesario reponer existencias de forma r\u00e1pida y sencilla. <\/p>\n<p data-start=\"1567\" data-end=\"1746\">En resumen, esta <strong>taza<\/strong> combina discreci\u00f3n, eficacia y facilidad de uso. No intenta hacer demasiado, pero hace exactamente lo que se espera de ella&#8230; y lo hace bien. <\/p>\n<p>&nbsp;<\/p>\n<p><!--more--><\/p>\n<h4><strong>Ventajas :<\/strong><\/h4>\n<ul>\n<li data-start=\"1774\" data-end=\"1842\">Formato compacto ideal para caf\u00e9s, degustaciones y bebidas calientes.<\/li>\n<li data-start=\"1845\" data-end=\"1879\">Dise\u00f1o sobrio y adaptable <strong>en blanco<\/strong>.<\/li>\n<li data-start=\"1882\" data-end=\"1931\">Buen agarre, cart\u00f3n agradable y estable.<\/li>\n<li data-start=\"1934\" data-end=\"1962\">Pr\u00e1ctico paquete de <strong>50<\/strong>.<\/li>\n<li data-start=\"1965\" data-end=\"2016\">Adecuado tanto para profesionales como para eventos puntuales.<\/li>\n<\/ul>\n<p>&nbsp;<\/p>\n<p><!--more--><\/p>\n<h4>Informaci\u00f3n adicional :<\/h4>\n<ul>\n<li><strong>Envase<\/strong>: Paquete de 50<\/li>\n<li><strong>Volumen<\/strong>: 18 cl<\/li>\n<li><strong>Color<\/strong>: blanco<\/li>\n<li><strong>Temperatura de funcionamiento<\/strong>: -20\u00b0C \/ +100\u00b0C<\/li>\n<li>Contiene pel\u00edcula de PE en el interior<\/li>\n<\/ul>\n<p>&nbsp;<\/p>\n<p><!--more--><\/p>\n<p>Haga clic aqu\u00ed para saber qu\u00e9 tapas son compatibles con este producto: <span style=\"color: #d12727;\"><a style=\"color: #d12727;\" href=\"https:\/\/www.csj-emballages.com\/produit\/50-couvercles-papier-pour-gobelets-17-cl-376bla\/\">C376P<\/a><\/span><\/p>\n<p>&nbsp;<\/p>\n<p><!--more--><\/p>\n<p>Disponible en diferentes tama\u00f1os: <span style=\"color: #d12727;\"><a style=\"color: #d12727;\" href=\"https:\/\/www.csj-emballages.com\/produit\/100-gobelets-carton-blancs-jetables-12cl\/\">12 cl<\/a><\/span> \/ <span style=\"color: #d12727;\"><a style=\"color: #d12727;\" href=\"https:\/\/www.csj-emballages.com\/produit\/100-gobelets-cartons-blancs-jetables-20cl\/\">20 cl<\/a><\/span> \/ <span style=\"color: #d12727;\"><a style=\"color: #d12727;\" href=\"https:\/\/www.csj-emballages.com\/produit\/50-gobelets-carton-blancs-jetables-24-cl\/\">24 cl<\/a><\/span><\/p>\n<p>&nbsp;<\/p>\n<p><!--more--><\/p>\n<p><a href=\"\/?product_cat=gobelets-gobelets-boissons-chaudes\">Ver el resto de nuestra gama de vasos de papel<\/a><\/p>\n","protected":false},"excerpt":{"rendered":"<p>Vaso de cart\u00f3n Descubra nuestro vaso de papel blanco de 18 cl en paquetes de 50<\/p>\n","protected":false},"featured_media":189215,"template":"","meta":{"_acf_changed":false},"product_brand":[],"product_cat":[1150,1179,1462,9240,9241,1163],"product_tag":[],"class_list":{"0":"post-18994","1":"product","2":"type-product","3":"status-publish","4":"has-post-thumbnail","6":"product_cat-envasado-de-alimentos","7":"product_cat-catering-es","8":"product_cat-tazas-vasos-cubos-botellas","9":"product_cat-vasos-de-carton","10":"product_cat-tazas-blancas","11":"product_cat-gama-ecologica","13":"first","14":"instock","15":"taxable","16":"shipping-taxable","17":"purchasable","18":"product-type-simple"},"acf":[],"yoast_head":"<!-- This site is optimized with the Yoast SEO Premium plugin v26.6 (Yoast SEO v26.6) - https:\/\/yoast.com\/wordpress\/plugins\/seo\/ -->\n<title>Vaso de cart\u00f3n blanco - 18 cl<\/title>\n<meta name=\"description\" content=\"Descubra nuestro vaso de papel blanco de 18 cl, ideal para bebidas fr\u00edas y calientes. Pr\u00e1ctico, ecol\u00f3gico y sencillo.\" \/>\n<meta name=\"robots\" content=\"index, follow, max-snippet:-1, max-image-preview:large, max-video-preview:-1\" \/>\n<link rel=\"canonical\" href=\"https:\/\/www.csj-emballages.com\/es\/produit\/100-vasos-desechables-de-papel-blanco-175-cl\/\" \/>\n<meta property=\"og:locale\" content=\"es_ES\" \/>\n<meta property=\"og:type\" content=\"article\" \/>\n<meta property=\"og:title\" content=\"Vaso de cart\u00f3n blanco 18 cl, 50\" \/>\n<meta property=\"og:description\" content=\"Descubra nuestro vaso de papel blanco de 18 cl, ideal para bebidas fr\u00edas y calientes. Pr\u00e1ctico, ecol\u00f3gico y sencillo.\" \/>\n<meta property=\"og:url\" content=\"https:\/\/www.csj-emballages.com\/es\/produit\/100-vasos-desechables-de-papel-blanco-175-cl\/\" \/>\n<meta property=\"og:site_name\" content=\"CSJ Emballages\" \/>\n<meta property=\"article:publisher\" content=\"https:\/\/www.facebook.com\/csjemballages\" \/>\n<meta property=\"article:modified_time\" content=\"2026-04-30T10:00:29+00:00\" \/>\n<meta property=\"og:image\" content=\"https:\/\/www.csj-emballages.com\/wp-content\/uploads\/2024\/03\/376BLA.webp\" \/>\n\t<meta property=\"og:image:width\" content=\"806\" \/>\n\t<meta property=\"og:image:height\" content=\"806\" \/>\n\t<meta property=\"og:image:type\" content=\"image\/webp\" \/>\n<meta name=\"twitter:card\" content=\"summary_large_image\" \/>\n<meta name=\"twitter:label1\" content=\"Tiempo de lectura\" \/>\n\t<meta name=\"twitter:data1\" content=\"2 minutos\" \/>\n<script type=\"application\/ld+json\" class=\"yoast-schema-graph\">{\"@context\":\"https:\/\/schema.org\",\"@graph\":[{\"@type\":\"WebPage\",\"@id\":\"https:\/\/www.csj-emballages.com\/es\/produit\/100-vasos-desechables-de-papel-blanco-175-cl\/\",\"url\":\"https:\/\/www.csj-emballages.com\/es\/produit\/100-vasos-desechables-de-papel-blanco-175-cl\/\",\"name\":\"Vaso de cart\u00f3n blanco - 18 cl\",\"isPartOf\":{\"@id\":\"https:\/\/www.csj-emballages.com\/es\/#website\"},\"primaryImageOfPage\":{\"@id\":\"https:\/\/www.csj-emballages.com\/es\/produit\/100-vasos-desechables-de-papel-blanco-175-cl\/#primaryimage\"},\"image\":{\"@id\":\"https:\/\/www.csj-emballages.com\/es\/produit\/100-vasos-desechables-de-papel-blanco-175-cl\/#primaryimage\"},\"thumbnailUrl\":\"https:\/\/www.csj-emballages.com\/wp-content\/uploads\/2024\/03\/376BLA.webp\",\"datePublished\":\"2024-03-01T15:57:46+00:00\",\"dateModified\":\"2026-04-30T10:00:29+00:00\",\"description\":\"Descubra nuestro vaso de papel blanco de 18 cl, ideal para bebidas fr\u00edas y calientes. Pr\u00e1ctico, ecol\u00f3gico y sencillo.\",\"breadcrumb\":{\"@id\":\"https:\/\/www.csj-emballages.com\/es\/produit\/100-vasos-desechables-de-papel-blanco-175-cl\/#breadcrumb\"},\"inLanguage\":\"es\",\"potentialAction\":[{\"@type\":\"ReadAction\",\"target\":[\"https:\/\/www.csj-emballages.com\/es\/produit\/100-vasos-desechables-de-papel-blanco-175-cl\/\"]}]},{\"@type\":\"ImageObject\",\"inLanguage\":\"es\",\"@id\":\"https:\/\/www.csj-emballages.com\/es\/produit\/100-vasos-desechables-de-papel-blanco-175-cl\/#primaryimage\",\"url\":\"https:\/\/www.csj-emballages.com\/wp-content\/uploads\/2024\/03\/376BLA.webp\",\"contentUrl\":\"https:\/\/www.csj-emballages.com\/wp-content\/uploads\/2024\/03\/376BLA.webp\",\"width\":806,\"height\":806,\"caption\":\"gobelet carton\"},{\"@type\":\"BreadcrumbList\",\"@id\":\"https:\/\/www.csj-emballages.com\/es\/produit\/100-vasos-desechables-de-papel-blanco-175-cl\/#breadcrumb\",\"itemListElement\":[{\"@type\":\"ListItem\",\"position\":1,\"name\":\"Accueil\",\"item\":\"https:\/\/www.csj-emballages.com\/es\/universo-del-envasado-alimentario\/\"},{\"@type\":\"ListItem\",\"position\":2,\"name\":\"Tienda\",\"item\":\"https:\/\/www.csj-emballages.com\/tienda\/\"},{\"@type\":\"ListItem\",\"position\":3,\"name\":\"Vaso de cart\u00f3n blanco 18 cl, 50\"}]},{\"@type\":\"WebSite\",\"@id\":\"https:\/\/www.csj-emballages.com\/es\/#website\",\"url\":\"https:\/\/www.csj-emballages.com\/es\/\",\"name\":\"CSJ Emballages\",\"description\":\"\",\"publisher\":{\"@id\":\"https:\/\/www.csj-emballages.com\/es\/#organization\"},\"potentialAction\":[{\"@type\":\"SearchAction\",\"target\":{\"@type\":\"EntryPoint\",\"urlTemplate\":\"https:\/\/www.csj-emballages.com\/es\/?s={search_term_string}\"},\"query-input\":{\"@type\":\"PropertyValueSpecification\",\"valueRequired\":true,\"valueName\":\"search_term_string\"}}],\"inLanguage\":\"es\"},{\"@type\":\"Organization\",\"@id\":\"https:\/\/www.csj-emballages.com\/es\/#Organization\/\",\"name\":\"CSJ Emballages\",\"url\":\"https:\/\/www.csj-emballages.com\/es\/\",\"logo\":{\"@type\":\"ImageObject\",\"inLanguage\":\"es\",\"@id\":\"https:\/\/www.csj-emballages.com\/es\/#\/schema\/logo\/image\/\",\"url\":\"https:\/\/www.csj-emballages.com\/wp-content\/uploads\/2023\/10\/logo_csj.webp\",\"contentUrl\":\"https:\/\/www.csj-emballages.com\/wp-content\/uploads\/2023\/10\/logo_csj.webp\",\"width\":250,\"height\":95,\"caption\":\"CSJ Emballages\"},\"image\":{\"@id\":\"https:\/\/www.csj-emballages.com\/es\/#\/schema\/logo\/image\/\"},\"sameAs\":[\"https:\/\/www.facebook.com\/csjemballages\"],\"address\":{\"@type\":\"PostalAddress\",\"streetAddress\":\"ZI La Lechere\",\"addressLocality\":\"Patornay\",\"postalCode\":\"39130\",\"addressCountry\":\"FR\"},\"contactPoint\":[{\"@type\":\"ContactPoint\",\"contactType\":\"Service client\",\"telephone\":\"0384254272\",\"email\":\"contact@csj-emballages.com\"}]}]}<\/script>\n<!-- \/ Yoast SEO Premium plugin. -->","yoast_head_json":{"title":"Vaso de cart\u00f3n blanco - 18 cl","description":"Descubra nuestro vaso de papel blanco de 18 cl, ideal para bebidas fr\u00edas y calientes. Pr\u00e1ctico, ecol\u00f3gico y sencillo.","robots":{"index":"index","follow":"follow","max-snippet":"max-snippet:-1","max-image-preview":"max-image-preview:large","max-video-preview":"max-video-preview:-1"},"canonical":"https:\/\/www.csj-emballages.com\/es\/produit\/100-vasos-desechables-de-papel-blanco-175-cl\/","og_locale":"es_ES","og_type":"article","og_title":"Vaso de cart\u00f3n blanco 18 cl, 50","og_description":"Descubra nuestro vaso de papel blanco de 18 cl, ideal para bebidas fr\u00edas y calientes. Pr\u00e1ctico, ecol\u00f3gico y sencillo.","og_url":"https:\/\/www.csj-emballages.com\/es\/produit\/100-vasos-desechables-de-papel-blanco-175-cl\/","og_site_name":"CSJ Emballages","article_publisher":"https:\/\/www.facebook.com\/csjemballages","article_modified_time":"2026-04-30T10:00:29+00:00","og_image":[{"width":806,"height":806,"url":"https:\/\/www.csj-emballages.com\/wp-content\/uploads\/2024\/03\/376BLA.webp","type":"image\/webp"}],"twitter_card":"summary_large_image","twitter_misc":{"Tiempo de lectura":"2 minutos"},"schema":{"@context":"https:\/\/schema.org","@graph":[{"@type":"WebPage","@id":"https:\/\/www.csj-emballages.com\/es\/produit\/100-vasos-desechables-de-papel-blanco-175-cl\/","url":"https:\/\/www.csj-emballages.com\/es\/produit\/100-vasos-desechables-de-papel-blanco-175-cl\/","name":"Vaso de cart\u00f3n blanco - 18 cl","isPartOf":{"@id":"https:\/\/www.csj-emballages.com\/es\/#website"},"primaryImageOfPage":{"@id":"https:\/\/www.csj-emballages.com\/es\/produit\/100-vasos-desechables-de-papel-blanco-175-cl\/#primaryimage"},"image":{"@id":"https:\/\/www.csj-emballages.com\/es\/produit\/100-vasos-desechables-de-papel-blanco-175-cl\/#primaryimage"},"thumbnailUrl":"https:\/\/www.csj-emballages.com\/wp-content\/uploads\/2024\/03\/376BLA.webp","datePublished":"2024-03-01T15:57:46+00:00","dateModified":"2026-04-30T10:00:29+00:00","description":"Descubra nuestro vaso de papel blanco de 18 cl, ideal para bebidas fr\u00edas y calientes. Pr\u00e1ctico, ecol\u00f3gico y sencillo.","breadcrumb":{"@id":"https:\/\/www.csj-emballages.com\/es\/produit\/100-vasos-desechables-de-papel-blanco-175-cl\/#breadcrumb"},"inLanguage":"es","potentialAction":[{"@type":"ReadAction","target":["https:\/\/www.csj-emballages.com\/es\/produit\/100-vasos-desechables-de-papel-blanco-175-cl\/"]}]},{"@type":"ImageObject","inLanguage":"es","@id":"https:\/\/www.csj-emballages.com\/es\/produit\/100-vasos-desechables-de-papel-blanco-175-cl\/#primaryimage","url":"https:\/\/www.csj-emballages.com\/wp-content\/uploads\/2024\/03\/376BLA.webp","contentUrl":"https:\/\/www.csj-emballages.com\/wp-content\/uploads\/2024\/03\/376BLA.webp","width":806,"height":806,"caption":"gobelet carton"},{"@type":"BreadcrumbList","@id":"https:\/\/www.csj-emballages.com\/es\/produit\/100-vasos-desechables-de-papel-blanco-175-cl\/#breadcrumb","itemListElement":[{"@type":"ListItem","position":1,"name":"Accueil","item":"https:\/\/www.csj-emballages.com\/es\/universo-del-envasado-alimentario\/"},{"@type":"ListItem","position":2,"name":"Tienda","item":"https:\/\/www.csj-emballages.com\/tienda\/"},{"@type":"ListItem","position":3,"name":"Vaso de cart\u00f3n blanco 18 cl, 50"}]},{"@type":"WebSite","@id":"https:\/\/www.csj-emballages.com\/es\/#website","url":"https:\/\/www.csj-emballages.com\/es\/","name":"CSJ Emballages","description":"","publisher":{"@id":"https:\/\/www.csj-emballages.com\/es\/#organization"},"potentialAction":[{"@type":"SearchAction","target":{"@type":"EntryPoint","urlTemplate":"https:\/\/www.csj-emballages.com\/es\/?s={search_term_string}"},"query-input":{"@type":"PropertyValueSpecification","valueRequired":true,"valueName":"search_term_string"}}],"inLanguage":"es"},{"@type":"Organization","@id":"https:\/\/www.csj-emballages.com\/es\/#Organization\/","name":"CSJ Emballages","url":"https:\/\/www.csj-emballages.com\/es\/","logo":{"@type":"ImageObject","inLanguage":"es","@id":"https:\/\/www.csj-emballages.com\/es\/#\/schema\/logo\/image\/","url":"https:\/\/www.csj-emballages.com\/wp-content\/uploads\/2023\/10\/logo_csj.webp","contentUrl":"https:\/\/www.csj-emballages.com\/wp-content\/uploads\/2023\/10\/logo_csj.webp","width":250,"height":95,"caption":"CSJ Emballages"},"image":{"@id":"https:\/\/www.csj-emballages.com\/es\/#\/schema\/logo\/image\/"},"sameAs":["https:\/\/www.facebook.com\/csjemballages"],"address":{"@type":"PostalAddress","streetAddress":"ZI La Lechere","addressLocality":"Patornay","postalCode":"39130","addressCountry":"FR"},"contactPoint":[{"@type":"ContactPoint","contactType":"Service client","telephone":"0384254272","email":"contact@csj-emballages.com"}]}]}},"df_price":1.4,"df_sale_price":"","df_regular_price":1.4,"df_image_link":"https:\/\/www.csj-emballages.com\/wp-content\/uploads\/2024\/03\/376BLA-300x300.webp","tiered_pricing_type":"fixed","tiered_pricing_fixed_rules":[],"tiered_pricing_percentage_rules":[],"tiered_pricing_minimum":1,"tiered_pricing_roles_data":[],"_links":{"self":[{"href":"https:\/\/www.csj-emballages.com\/es\/wp-json\/wp\/v2\/product\/18994","targetHints":{"allow":["GET"]}}],"collection":[{"href":"https:\/\/www.csj-emballages.com\/es\/wp-json\/wp\/v2\/product"}],"about":[{"href":"https:\/\/www.csj-emballages.com\/es\/wp-json\/wp\/v2\/types\/product"}],"wp:featuredmedia":[{"embeddable":true,"href":"https:\/\/www.csj-emballages.com\/es\/wp-json\/wp\/v2\/media\/189215"}],"wp:attachment":[{"href":"https:\/\/www.csj-emballages.com\/es\/wp-json\/wp\/v2\/media?parent=18994"}],"wp:term":[{"taxonomy":"product_brand","embeddable":true,"href":"https:\/\/www.csj-emballages.com\/es\/wp-json\/wp\/v2\/product_brand?post=18994"},{"taxonomy":"product_cat","embeddable":true,"href":"https:\/\/www.csj-emballages.com\/es\/wp-json\/wp\/v2\/product_cat?post=18994"},{"taxonomy":"product_tag","embeddable":true,"href":"https:\/\/www.csj-emballages.com\/es\/wp-json\/wp\/v2\/product_tag?post=18994"}],"curies":[{"name":"wp","href":"https:\/\/api.w.org\/{rel}","templated":true}]}}