{"id":18987,"date":"2024-03-01T16:59:07","date_gmt":"2024-03-01T15:59:07","guid":{"rendered":"https:\/\/u15jnbdpoq.preview.infomaniak.website\/produit\/50-vasos-blancos-desechables-50-cl-59-cl\/"},"modified":"2026-04-11T02:10:55","modified_gmt":"2026-04-11T00:10:55","slug":"50-vasos-blancos-desechables-50-cl-59-cl","status":"publish","type":"product","link":"https:\/\/www.csj-emballages.com\/es\/produit\/50-vasos-blancos-desechables-50-cl-59-cl\/","title":{"rendered":"Vaso de papel blanco 50 cl \/ 59 cl por 50"},"content":{"rendered":"<h2>Vaso de cart\u00f3n<\/h2>\n<hr>\n<h3>Descubra nuestro vaso de papel blanco de 50 cl \/ 59 cl en paquetes de 50<\/h3>\n<p><!--more--><\/p>\n<p data-start=\"240\" data-end=\"643\">Sencillo, limpio y listo para todo, este <strong data-start=\"274\" data-end=\"307\">vaso de papel blanco de 50 cl \/ 59 cl<\/strong> es el compa\u00f1ero ideal para servir tanto bebidas calientes como fr\u00edas. Su generoso tama\u00f1o le permite servir un caf\u00e9 con leche, un chocolate caliente, un t\u00e9 gourmet o incluso una bebida fr\u00eda en un evento. En resumen, se adapta f\u00e1cilmente a su servicio, sin complicar nunca su organizaci\u00f3n.  <\/p>\n<p data-start=\"645\" data-end=\"1048\">Su aspecto <strong>totalmente blanco<\/strong> da una verdadera sensaci\u00f3n de limpieza y minimalismo. Es perfecto si le gusta una presentaci\u00f3n sobria, o si desea pegar <strong>una pegatina<\/strong>, <strong>logotipo<\/strong> o <strong>etiqueta<\/strong> para personalizar sus bebidas. Este aspecto neutro tambi\u00e9n funciona bien en oficinas, salas de reuniones, stands y zonas de recepci\u00f3n en las que se desee una imagen discreta pero pulcra.  <\/p>\n<p data-start=\"1050\" data-end=\"1357\">El <strong>cart\u00f3n<\/strong> utilizado es muy r\u00edgido, por lo que el vaso mantiene su forma incluso cuando est\u00e1 lleno, y no se calienta demasiado los dedos cuando contiene una bebida caliente. Se adapta c\u00f3modamente a la mano, tanto si est\u00e1s en movimiento como si te tomas un descanso o saludas a los clientes. <\/p>\n<p data-start=\"1359\" data-end=\"1578\">El envase de <strong data-start=\"1369\" data-end=\"1382\">50 unidades<\/strong> permite gestionar las necesidades diarias sin que se agoten. Es un formato pr\u00e1ctico y f\u00e1cil de almacenar, perfecto para profesionales, asociaciones y eventos puntuales. <\/p>\n<p data-start=\"1580\" data-end=\"1775\">En resumen, esta <strong>taza blanca<\/strong> cumple todos los requisitos: vers\u00e1til, visualmente limpia, s\u00f3lida y f\u00e1cil de usar. Es perfecta para todas tus pausas, desde las m\u00e1s r\u00e1pidas hasta las m\u00e1s amistosas. <\/p>\n<p data-start=\"1580\" data-end=\"1775\"><!--more--><\/p>\n<h4 data-start=\"1580\" data-end=\"1775\">Ventajas :<\/h4>\n<ul>\n<li data-start=\"1803\" data-end=\"1865\">Formato vers\u00e1til <strong>de 50 cl \/ 59 cl<\/strong> para bebidas fr\u00edas y calientes.<\/li>\n<li data-start=\"1868\" data-end=\"1922\"><strong>Dise\u00f1o<\/strong> minimalista <strong>en blanco<\/strong>, limpio y personalizable.<\/li>\n<li data-start=\"1925\" data-end=\"1961\">Cart\u00f3n r\u00edgido y agradable al tacto.<\/li>\n<li data-start=\"1964\" data-end=\"2005\">Paquete de <strong>50 unidades<\/strong> econ\u00f3mico y f\u00e1cil de gestionar.<\/li>\n<li data-start=\"2008\" data-end=\"2062\">Ideal para oficinas, cafeter\u00edas, eventos y catering.<\/li>\n<\/ul>\n<p>&nbsp;<\/p>\n<p><!--more--><\/p>\n<h4>Informaci\u00f3n adicional :<\/h4>\n<ul>\n<li><strong>Envase<\/strong>: Paquete de 50<\/li>\n<li><strong>Volumen<\/strong>: 50 cl \/ 59 cl<\/li>\n<li><strong>Di\u00e1metro del fondo<\/strong>: 59 mm<\/li>\n<li><strong>Di\u00e1metro superior<\/strong>: 90 mm<\/li>\n<li><strong>Altura<\/strong>: 150 mm<\/li>\n<li><strong>Color<\/strong>: blanco<\/li>\n<li><strong>Material<\/strong>: Cart\u00f3n + pel\u00edcula de PE<\/li>\n<\/ul>\n<p>&nbsp;<\/p>\n<p><!--more--><\/p>\n<p>Este vaso de papel blanco tambi\u00e9n est\u00e1 disponible en 30 \/ 35 cl : <span style=\"color: #d12727;\"><a style=\"color: #d12727;\" href=\"https:\/\/www.csj-emballages.com\/es\/produit\/50-jarras-de-cerveza-de-carton-blanco-30-35-cl\/\">3712GEB<\/a><\/span><\/p>\n<p>&nbsp;<\/p>\n<p><!--more--><\/p>\n<p><a href=\"https:\/\/www.csj-emballages.com\/es\/categorie-produit\/envasado-de-alimentos\/catering-es\/tazas-vasos-cubos-botellas\/vasos-de-carton\/tazas-blancas\/\">Ver el resto de nuestra gama de vasos de papel<\/a><\/p>\n","protected":false},"excerpt":{"rendered":"<p>Vaso de cart\u00f3n Descubra nuestro vaso de papel blanco de 50 cl \/ 59 cl en paquetes de 50<\/p>\n","protected":false},"featured_media":190853,"template":"","meta":{"_acf_changed":false},"product_brand":[],"product_cat":[1150,1179,1462,9240,9241,1163],"product_tag":[],"class_list":{"0":"post-18987","1":"product","2":"type-product","3":"status-publish","4":"has-post-thumbnail","6":"product_cat-envasado-de-alimentos","7":"product_cat-catering-es","8":"product_cat-tazas-vasos-cubos-botellas","9":"product_cat-vasos-de-carton","10":"product_cat-tazas-blancas","11":"product_cat-gama-ecologica","13":"first","14":"instock","15":"taxable","16":"shipping-taxable","17":"purchasable","18":"product-type-simple"},"acf":[],"yoast_head":"<!-- This site is optimized with the Yoast SEO Premium plugin v26.6 (Yoast SEO v26.6) - https:\/\/yoast.com\/wordpress\/plugins\/seo\/ -->\n<title>Vaso de cart\u00f3n blanco 50 cl \/ 59 cl por 50<\/title>\n<meta name=\"description\" content=\"Vaso de papel blanco de 50\/59 cl, resistente y vers\u00e1til, vendido en paquetes de 50 unidades. Perfecto para bebidas fr\u00edas o calientes, dise\u00f1o neutro y f\u00e1cil de personalizar.\" \/>\n<meta name=\"robots\" content=\"index, follow, max-snippet:-1, max-image-preview:large, max-video-preview:-1\" \/>\n<link rel=\"canonical\" href=\"https:\/\/www.csj-emballages.com\/es\/produit\/50-vasos-blancos-desechables-50-cl-59-cl\/\" \/>\n<meta property=\"og:locale\" content=\"es_ES\" \/>\n<meta property=\"og:type\" content=\"article\" \/>\n<meta property=\"og:title\" content=\"Vaso de papel blanco 50 cl \/ 59 cl por 50\" \/>\n<meta property=\"og:description\" content=\"Vaso de papel blanco de 50\/59 cl, resistente y vers\u00e1til, vendido en paquetes de 50 unidades. Perfecto para bebidas fr\u00edas o calientes, dise\u00f1o neutro y f\u00e1cil de personalizar.\" \/>\n<meta property=\"og:url\" content=\"https:\/\/www.csj-emballages.com\/es\/produit\/50-vasos-blancos-desechables-50-cl-59-cl\/\" \/>\n<meta property=\"og:site_name\" content=\"CSJ Emballages\" \/>\n<meta property=\"article:publisher\" content=\"https:\/\/www.facebook.com\/csjemballages\" \/>\n<meta property=\"article:modified_time\" content=\"2026-04-11T00:10:55+00:00\" \/>\n<meta property=\"og:image\" content=\"https:\/\/www.csj-emballages.com\/wp-content\/uploads\/2024\/03\/3720GEB.webp\" \/>\n\t<meta property=\"og:image:width\" content=\"806\" \/>\n\t<meta property=\"og:image:height\" content=\"806\" \/>\n\t<meta property=\"og:image:type\" content=\"image\/webp\" \/>\n<meta name=\"twitter:card\" content=\"summary_large_image\" \/>\n<meta name=\"twitter:label1\" content=\"Tiempo de lectura\" \/>\n\t<meta name=\"twitter:data1\" content=\"2 minutos\" \/>\n<script type=\"application\/ld+json\" class=\"yoast-schema-graph\">{\"@context\":\"https:\/\/schema.org\",\"@graph\":[{\"@type\":\"WebPage\",\"@id\":\"https:\/\/www.csj-emballages.com\/es\/produit\/50-vasos-blancos-desechables-50-cl-59-cl\/\",\"url\":\"https:\/\/www.csj-emballages.com\/es\/produit\/50-vasos-blancos-desechables-50-cl-59-cl\/\",\"name\":\"Vaso de cart\u00f3n blanco 50 cl \/ 59 cl por 50\",\"isPartOf\":{\"@id\":\"https:\/\/www.csj-emballages.com\/es\/#website\"},\"primaryImageOfPage\":{\"@id\":\"https:\/\/www.csj-emballages.com\/es\/produit\/50-vasos-blancos-desechables-50-cl-59-cl\/#primaryimage\"},\"image\":{\"@id\":\"https:\/\/www.csj-emballages.com\/es\/produit\/50-vasos-blancos-desechables-50-cl-59-cl\/#primaryimage\"},\"thumbnailUrl\":\"https:\/\/www.csj-emballages.com\/wp-content\/uploads\/2024\/03\/3720GEB.webp\",\"datePublished\":\"2024-03-01T15:59:07+00:00\",\"dateModified\":\"2026-04-11T00:10:55+00:00\",\"description\":\"Vaso de papel blanco de 50\/59 cl, resistente y vers\u00e1til, vendido en paquetes de 50 unidades. Perfecto para bebidas fr\u00edas o calientes, dise\u00f1o neutro y f\u00e1cil de personalizar.\",\"breadcrumb\":{\"@id\":\"https:\/\/www.csj-emballages.com\/es\/produit\/50-vasos-blancos-desechables-50-cl-59-cl\/#breadcrumb\"},\"inLanguage\":\"es\",\"potentialAction\":[{\"@type\":\"ReadAction\",\"target\":[\"https:\/\/www.csj-emballages.com\/es\/produit\/50-vasos-blancos-desechables-50-cl-59-cl\/\"]}]},{\"@type\":\"ImageObject\",\"inLanguage\":\"es\",\"@id\":\"https:\/\/www.csj-emballages.com\/es\/produit\/50-vasos-blancos-desechables-50-cl-59-cl\/#primaryimage\",\"url\":\"https:\/\/www.csj-emballages.com\/wp-content\/uploads\/2024\/03\/3720GEB.webp\",\"contentUrl\":\"https:\/\/www.csj-emballages.com\/wp-content\/uploads\/2024\/03\/3720GEB.webp\",\"width\":806,\"height\":806,\"caption\":\"Gobelet Carton\"},{\"@type\":\"BreadcrumbList\",\"@id\":\"https:\/\/www.csj-emballages.com\/es\/produit\/50-vasos-blancos-desechables-50-cl-59-cl\/#breadcrumb\",\"itemListElement\":[{\"@type\":\"ListItem\",\"position\":1,\"name\":\"Accueil\",\"item\":\"https:\/\/www.csj-emballages.com\/es\/universo-del-envasado-alimentario\/\"},{\"@type\":\"ListItem\",\"position\":2,\"name\":\"Tienda\",\"item\":\"https:\/\/www.csj-emballages.com\/tienda\/\"},{\"@type\":\"ListItem\",\"position\":3,\"name\":\"Vaso de papel blanco 50 cl \/ 59 cl por 50\"}]},{\"@type\":\"WebSite\",\"@id\":\"https:\/\/www.csj-emballages.com\/es\/#website\",\"url\":\"https:\/\/www.csj-emballages.com\/es\/\",\"name\":\"CSJ Emballages\",\"description\":\"\",\"publisher\":{\"@id\":\"https:\/\/www.csj-emballages.com\/es\/#organization\"},\"potentialAction\":[{\"@type\":\"SearchAction\",\"target\":{\"@type\":\"EntryPoint\",\"urlTemplate\":\"https:\/\/www.csj-emballages.com\/es\/?s={search_term_string}\"},\"query-input\":{\"@type\":\"PropertyValueSpecification\",\"valueRequired\":true,\"valueName\":\"search_term_string\"}}],\"inLanguage\":\"es\"},{\"@type\":\"Organization\",\"@id\":\"https:\/\/www.csj-emballages.com\/es\/#Organization\/\",\"name\":\"CSJ Emballages\",\"url\":\"https:\/\/www.csj-emballages.com\/es\/\",\"logo\":{\"@type\":\"ImageObject\",\"inLanguage\":\"es\",\"@id\":\"https:\/\/www.csj-emballages.com\/es\/#\/schema\/logo\/image\/\",\"url\":\"https:\/\/www.csj-emballages.com\/wp-content\/uploads\/2023\/10\/logo_csj.webp\",\"contentUrl\":\"https:\/\/www.csj-emballages.com\/wp-content\/uploads\/2023\/10\/logo_csj.webp\",\"width\":250,\"height\":95,\"caption\":\"CSJ Emballages\"},\"image\":{\"@id\":\"https:\/\/www.csj-emballages.com\/es\/#\/schema\/logo\/image\/\"},\"sameAs\":[\"https:\/\/www.facebook.com\/csjemballages\"],\"address\":{\"@type\":\"PostalAddress\",\"streetAddress\":\"ZI La Lechere\",\"addressLocality\":\"Patornay\",\"postalCode\":\"39130\",\"addressCountry\":\"FR\"},\"contactPoint\":[{\"@type\":\"ContactPoint\",\"contactType\":\"Service client\",\"telephone\":\"0384254272\",\"email\":\"contact@csj-emballages.com\"}]}]}<\/script>\n<!-- \/ Yoast SEO Premium plugin. -->","yoast_head_json":{"title":"Vaso de cart\u00f3n blanco 50 cl \/ 59 cl por 50","description":"Vaso de papel blanco de 50\/59 cl, resistente y vers\u00e1til, vendido en paquetes de 50 unidades. Perfecto para bebidas fr\u00edas o calientes, dise\u00f1o neutro y f\u00e1cil de personalizar.","robots":{"index":"index","follow":"follow","max-snippet":"max-snippet:-1","max-image-preview":"max-image-preview:large","max-video-preview":"max-video-preview:-1"},"canonical":"https:\/\/www.csj-emballages.com\/es\/produit\/50-vasos-blancos-desechables-50-cl-59-cl\/","og_locale":"es_ES","og_type":"article","og_title":"Vaso de papel blanco 50 cl \/ 59 cl por 50","og_description":"Vaso de papel blanco de 50\/59 cl, resistente y vers\u00e1til, vendido en paquetes de 50 unidades. Perfecto para bebidas fr\u00edas o calientes, dise\u00f1o neutro y f\u00e1cil de personalizar.","og_url":"https:\/\/www.csj-emballages.com\/es\/produit\/50-vasos-blancos-desechables-50-cl-59-cl\/","og_site_name":"CSJ Emballages","article_publisher":"https:\/\/www.facebook.com\/csjemballages","article_modified_time":"2026-04-11T00:10:55+00:00","og_image":[{"width":806,"height":806,"url":"https:\/\/www.csj-emballages.com\/wp-content\/uploads\/2024\/03\/3720GEB.webp","type":"image\/webp"}],"twitter_card":"summary_large_image","twitter_misc":{"Tiempo de lectura":"2 minutos"},"schema":{"@context":"https:\/\/schema.org","@graph":[{"@type":"WebPage","@id":"https:\/\/www.csj-emballages.com\/es\/produit\/50-vasos-blancos-desechables-50-cl-59-cl\/","url":"https:\/\/www.csj-emballages.com\/es\/produit\/50-vasos-blancos-desechables-50-cl-59-cl\/","name":"Vaso de cart\u00f3n blanco 50 cl \/ 59 cl por 50","isPartOf":{"@id":"https:\/\/www.csj-emballages.com\/es\/#website"},"primaryImageOfPage":{"@id":"https:\/\/www.csj-emballages.com\/es\/produit\/50-vasos-blancos-desechables-50-cl-59-cl\/#primaryimage"},"image":{"@id":"https:\/\/www.csj-emballages.com\/es\/produit\/50-vasos-blancos-desechables-50-cl-59-cl\/#primaryimage"},"thumbnailUrl":"https:\/\/www.csj-emballages.com\/wp-content\/uploads\/2024\/03\/3720GEB.webp","datePublished":"2024-03-01T15:59:07+00:00","dateModified":"2026-04-11T00:10:55+00:00","description":"Vaso de papel blanco de 50\/59 cl, resistente y vers\u00e1til, vendido en paquetes de 50 unidades. Perfecto para bebidas fr\u00edas o calientes, dise\u00f1o neutro y f\u00e1cil de personalizar.","breadcrumb":{"@id":"https:\/\/www.csj-emballages.com\/es\/produit\/50-vasos-blancos-desechables-50-cl-59-cl\/#breadcrumb"},"inLanguage":"es","potentialAction":[{"@type":"ReadAction","target":["https:\/\/www.csj-emballages.com\/es\/produit\/50-vasos-blancos-desechables-50-cl-59-cl\/"]}]},{"@type":"ImageObject","inLanguage":"es","@id":"https:\/\/www.csj-emballages.com\/es\/produit\/50-vasos-blancos-desechables-50-cl-59-cl\/#primaryimage","url":"https:\/\/www.csj-emballages.com\/wp-content\/uploads\/2024\/03\/3720GEB.webp","contentUrl":"https:\/\/www.csj-emballages.com\/wp-content\/uploads\/2024\/03\/3720GEB.webp","width":806,"height":806,"caption":"Gobelet Carton"},{"@type":"BreadcrumbList","@id":"https:\/\/www.csj-emballages.com\/es\/produit\/50-vasos-blancos-desechables-50-cl-59-cl\/#breadcrumb","itemListElement":[{"@type":"ListItem","position":1,"name":"Accueil","item":"https:\/\/www.csj-emballages.com\/es\/universo-del-envasado-alimentario\/"},{"@type":"ListItem","position":2,"name":"Tienda","item":"https:\/\/www.csj-emballages.com\/tienda\/"},{"@type":"ListItem","position":3,"name":"Vaso de papel blanco 50 cl \/ 59 cl por 50"}]},{"@type":"WebSite","@id":"https:\/\/www.csj-emballages.com\/es\/#website","url":"https:\/\/www.csj-emballages.com\/es\/","name":"CSJ Emballages","description":"","publisher":{"@id":"https:\/\/www.csj-emballages.com\/es\/#organization"},"potentialAction":[{"@type":"SearchAction","target":{"@type":"EntryPoint","urlTemplate":"https:\/\/www.csj-emballages.com\/es\/?s={search_term_string}"},"query-input":{"@type":"PropertyValueSpecification","valueRequired":true,"valueName":"search_term_string"}}],"inLanguage":"es"},{"@type":"Organization","@id":"https:\/\/www.csj-emballages.com\/es\/#Organization\/","name":"CSJ Emballages","url":"https:\/\/www.csj-emballages.com\/es\/","logo":{"@type":"ImageObject","inLanguage":"es","@id":"https:\/\/www.csj-emballages.com\/es\/#\/schema\/logo\/image\/","url":"https:\/\/www.csj-emballages.com\/wp-content\/uploads\/2023\/10\/logo_csj.webp","contentUrl":"https:\/\/www.csj-emballages.com\/wp-content\/uploads\/2023\/10\/logo_csj.webp","width":250,"height":95,"caption":"CSJ Emballages"},"image":{"@id":"https:\/\/www.csj-emballages.com\/es\/#\/schema\/logo\/image\/"},"sameAs":["https:\/\/www.facebook.com\/csjemballages"],"address":{"@type":"PostalAddress","streetAddress":"ZI La Lechere","addressLocality":"Patornay","postalCode":"39130","addressCountry":"FR"},"contactPoint":[{"@type":"ContactPoint","contactType":"Service client","telephone":"0384254272","email":"contact@csj-emballages.com"}]}]}},"df_price":4.34,"df_sale_price":"","df_regular_price":4.34,"df_image_link":"https:\/\/www.csj-emballages.com\/wp-content\/uploads\/2024\/03\/3720GEB-300x300.webp","tiered_pricing_type":"fixed","tiered_pricing_fixed_rules":[],"tiered_pricing_percentage_rules":[],"tiered_pricing_minimum":1,"tiered_pricing_roles_data":[],"_links":{"self":[{"href":"https:\/\/www.csj-emballages.com\/es\/wp-json\/wp\/v2\/product\/18987","targetHints":{"allow":["GET"]}}],"collection":[{"href":"https:\/\/www.csj-emballages.com\/es\/wp-json\/wp\/v2\/product"}],"about":[{"href":"https:\/\/www.csj-emballages.com\/es\/wp-json\/wp\/v2\/types\/product"}],"wp:featuredmedia":[{"embeddable":true,"href":"https:\/\/www.csj-emballages.com\/es\/wp-json\/wp\/v2\/media\/190853"}],"wp:attachment":[{"href":"https:\/\/www.csj-emballages.com\/es\/wp-json\/wp\/v2\/media?parent=18987"}],"wp:term":[{"taxonomy":"product_brand","embeddable":true,"href":"https:\/\/www.csj-emballages.com\/es\/wp-json\/wp\/v2\/product_brand?post=18987"},{"taxonomy":"product_cat","embeddable":true,"href":"https:\/\/www.csj-emballages.com\/es\/wp-json\/wp\/v2\/product_cat?post=18987"},{"taxonomy":"product_tag","embeddable":true,"href":"https:\/\/www.csj-emballages.com\/es\/wp-json\/wp\/v2\/product_tag?post=18987"}],"curies":[{"name":"wp","href":"https:\/\/api.w.org\/{rel}","templated":true}]}}