{"id":18975,"date":"2024-03-01T16:57:46","date_gmt":"2024-03-01T15:57:46","guid":{"rendered":"https:\/\/u15jnbdpoq.preview.infomaniak.website\/produit\/50-vasos-de-carton-para-refrigerador-de-agua-175-cl\/"},"modified":"2026-03-26T02:11:01","modified_gmt":"2026-03-26T01:11:01","slug":"50-vasos-de-carton-para-refrigerador-de-agua-175-cl","status":"publish","type":"product","link":"https:\/\/www.csj-emballages.com\/es\/produit\/50-vasos-de-carton-para-refrigerador-de-agua-175-cl\/","title":{"rendered":"Vaso de agua de cart\u00f3n 17,5 cl por 50"},"content":{"rendered":"<h2>Vaso de agua<\/h2>\n<hr>\n<h3>Descubra nuestro vaso de agua de cart\u00f3n de 17,5 cl, paquete de 50<\/h3>\n<p><!--more--><\/p>\n<p data-start=\"252\" data-end=\"645\">Este <strong data-start=\"255\" data-end=\"290\">vaso de agua de papel de 17,5 cl<\/strong> es el compa\u00f1ero ideal para todas esas breves pausas de hidrataci\u00f3n, ya sea en una oficina, una sala de espera, un evento o cerca de una fuente de agua. Su <strong>elegante dise\u00f1o,<\/strong> ilustrado por una <strong>onda azul claro<\/strong>, proporciona una sensaci\u00f3n inmediata de frescor. Ya s\u00f3lo el aspecto visual hace que apetezca servirse un vaso y seguir con la jornada.  <\/p>\n<p data-start=\"647\" data-end=\"942\">Ligera pero fiable, se adapta perfectamente a la mano y no se deforma en cuanto la llenas. Puede utilizarla tanto para agua fresca como para zumos ligeros, sin preocuparse por las fugas. Es una <strong>taza sencilla<\/strong>, pero dise\u00f1ada para que sea un placer usarla desde la primera hasta la \u00faltima vez.  <\/p>\n<p data-start=\"944\" data-end=\"1319\">Vendido <strong data-start=\"963\" data-end=\"973\">en paquetes de 50<\/strong> unidades, es f\u00e1cil de colocar en un entorno empresarial o en una zona de mucho tr\u00e1nsito sin ocupar demasiado espacio. Siempre tendr\u00e1 un suministro a mano, al tiempo que evita las grandes existencias que ocupan demasiado espacio. Este formato es especialmente pr\u00e1ctico para empresas, autoridades locales, consultas m\u00e9dicas o incluso organizadores de eventos.  <\/p>\n<p data-start=\"1321\" data-end=\"1622\">Este <strong>vaso de agua<\/strong> es todo eficacia: limpio, higi\u00e9nico, r\u00e1pido de dispensar y reciclable inmediatamente a trav\u00e9s de sus canales locales. Le permite ofrecer un servicio de agua claro, despejado y sin complicaciones, al tiempo que ofrece un aspecto visual m\u00e1s limpio que los vasos blancos tradicionales. <\/p>\n<p data-start=\"1321\" data-end=\"1622\">\n<p data-start=\"1321\" data-end=\"1622\"><!--more--><\/p>\n<h4 data-start=\"1321\" data-end=\"1622\">Ventajas :<\/h4>\n<ul>\n<li data-start=\"1650\" data-end=\"1691\">Dise\u00f1o refrescante con onda azul.<\/li>\n<li data-start=\"1694\" data-end=\"1745\">Capacidad <strong>17,5 cl<\/strong>, perfecto para neveras de agua.<\/li>\n<li data-start=\"1748\" data-end=\"1782\">Cart\u00f3n s\u00f3lido, no se deforma.<\/li>\n<li data-start=\"1785\" data-end=\"1813\">Pr\u00e1ctico paquete de <strong>50<\/strong>.<\/li>\n<li data-start=\"1816\" data-end=\"1876\">Ideal para oficinas, consultas, eventos y zonas de recepci\u00f3n.<\/li>\n<\/ul>\n<p>&nbsp;<\/p>\n<p><!--more--><\/p>\n<h4>Informaci\u00f3n adicional :<\/h4>\n<ul>\n<li><strong>Envase<\/strong>: Paquete de 50<\/li>\n<li><strong>Volumen<\/strong>: 175 ml (200 ml de descarga)<\/li>\n<li><strong>Di\u00e1metro del fondo<\/strong>: 45 mm<\/li>\n<li><strong>Di\u00e1metro superior<\/strong>: 70 mm<\/li>\n<li><strong>Altura<\/strong>: 82 mm<\/li>\n<li><strong>Color<\/strong>: blanco \/ azul<\/li>\n<li><strong>Material<\/strong>: Cart\u00f3n + pel\u00edcula de PE<\/li>\n<\/ul>\n<p>&nbsp;<\/p>\n<p><!--more--><\/p>\n<p><a href=\"https:\/\/www.csj-emballages.com\/es\/categorie-produit\/envasado-de-alimentos\/catering-es\/tazas-vasos-cubos-botellas\/vasos-de-carton\/tazas-blancas\/\">Ver el resto de nuestra gama de vasos de papel<\/a><\/p>\n","protected":false},"excerpt":{"rendered":"<p>Vaso de agua Descubra nuestro vaso de agua de cart\u00f3n de 17,5 cl, paquete de 50<\/p>\n","protected":false},"featured_media":190725,"template":"","meta":{"_acf_changed":false},"product_brand":[],"product_cat":[1150,1179,1462,9240,9241],"product_tag":[],"class_list":{"0":"post-18975","1":"product","2":"type-product","3":"status-publish","4":"has-post-thumbnail","6":"product_cat-envasado-de-alimentos","7":"product_cat-catering-es","8":"product_cat-tazas-vasos-cubos-botellas","9":"product_cat-vasos-de-carton","10":"product_cat-tazas-blancas","12":"first","13":"instock","14":"taxable","15":"shipping-taxable","16":"purchasable","17":"product-type-simple"},"acf":[],"yoast_head":"<!-- This site is optimized with the Yoast SEO Premium plugin v26.6 (Yoast SEO v26.6) - https:\/\/yoast.com\/wordpress\/plugins\/seo\/ -->\n<title>Vaso de agua de cart\u00f3n 17,5 cl por 50<\/title>\n<meta name=\"description\" content=\"Vaso de agua de papel de 17,5 cl, dise\u00f1o de olas azules, vendido en paquetes de 50 unidades. Pr\u00e1cticos, resistentes y perfectos para espacios profesionales y fuentes de agua.\" \/>\n<meta name=\"robots\" content=\"index, follow, max-snippet:-1, max-image-preview:large, max-video-preview:-1\" \/>\n<link rel=\"canonical\" href=\"https:\/\/www.csj-emballages.com\/es\/produit\/50-vasos-de-carton-para-refrigerador-de-agua-175-cl\/\" \/>\n<meta property=\"og:locale\" content=\"es_ES\" \/>\n<meta property=\"og:type\" content=\"article\" \/>\n<meta property=\"og:title\" content=\"Vaso de agua de cart\u00f3n 17,5 cl por 50\" \/>\n<meta property=\"og:description\" content=\"Vaso de agua de papel de 17,5 cl, dise\u00f1o de olas azules, vendido en paquetes de 50 unidades. Pr\u00e1cticos, resistentes y perfectos para espacios profesionales y fuentes de agua.\" \/>\n<meta property=\"og:url\" content=\"https:\/\/www.csj-emballages.com\/es\/produit\/50-vasos-de-carton-para-refrigerador-de-agua-175-cl\/\" \/>\n<meta property=\"og:site_name\" content=\"CSJ Emballages\" \/>\n<meta property=\"article:publisher\" content=\"https:\/\/www.facebook.com\/csjemballages\" \/>\n<meta property=\"article:modified_time\" content=\"2026-03-26T01:11:01+00:00\" \/>\n<meta property=\"og:image\" content=\"https:\/\/www.csj-emballages.com\/wp-content\/uploads\/2024\/03\/Gobeleteau.webp\" \/>\n\t<meta property=\"og:image:width\" content=\"806\" \/>\n\t<meta property=\"og:image:height\" content=\"806\" \/>\n\t<meta property=\"og:image:type\" content=\"image\/webp\" \/>\n<meta name=\"twitter:card\" content=\"summary_large_image\" \/>\n<meta name=\"twitter:label1\" content=\"Tiempo de lectura\" \/>\n\t<meta name=\"twitter:data1\" content=\"2 minutos\" \/>\n<script type=\"application\/ld+json\" class=\"yoast-schema-graph\">{\"@context\":\"https:\/\/schema.org\",\"@graph\":[{\"@type\":\"WebPage\",\"@id\":\"https:\/\/www.csj-emballages.com\/es\/produit\/50-vasos-de-carton-para-refrigerador-de-agua-175-cl\/\",\"url\":\"https:\/\/www.csj-emballages.com\/es\/produit\/50-vasos-de-carton-para-refrigerador-de-agua-175-cl\/\",\"name\":\"Vaso de agua de cart\u00f3n 17,5 cl por 50\",\"isPartOf\":{\"@id\":\"https:\/\/www.csj-emballages.com\/es\/#website\"},\"primaryImageOfPage\":{\"@id\":\"https:\/\/www.csj-emballages.com\/es\/produit\/50-vasos-de-carton-para-refrigerador-de-agua-175-cl\/#primaryimage\"},\"image\":{\"@id\":\"https:\/\/www.csj-emballages.com\/es\/produit\/50-vasos-de-carton-para-refrigerador-de-agua-175-cl\/#primaryimage\"},\"thumbnailUrl\":\"https:\/\/www.csj-emballages.com\/wp-content\/uploads\/2024\/03\/Gobeleteau.webp\",\"datePublished\":\"2024-03-01T15:57:46+00:00\",\"dateModified\":\"2026-03-26T01:11:01+00:00\",\"description\":\"Vaso de agua de papel de 17,5 cl, dise\u00f1o de olas azules, vendido en paquetes de 50 unidades. Pr\u00e1cticos, resistentes y perfectos para espacios profesionales y fuentes de agua.\",\"breadcrumb\":{\"@id\":\"https:\/\/www.csj-emballages.com\/es\/produit\/50-vasos-de-carton-para-refrigerador-de-agua-175-cl\/#breadcrumb\"},\"inLanguage\":\"es\",\"potentialAction\":[{\"@type\":\"ReadAction\",\"target\":[\"https:\/\/www.csj-emballages.com\/es\/produit\/50-vasos-de-carton-para-refrigerador-de-agua-175-cl\/\"]}]},{\"@type\":\"ImageObject\",\"inLanguage\":\"es\",\"@id\":\"https:\/\/www.csj-emballages.com\/es\/produit\/50-vasos-de-carton-para-refrigerador-de-agua-175-cl\/#primaryimage\",\"url\":\"https:\/\/www.csj-emballages.com\/wp-content\/uploads\/2024\/03\/Gobeleteau.webp\",\"contentUrl\":\"https:\/\/www.csj-emballages.com\/wp-content\/uploads\/2024\/03\/Gobeleteau.webp\",\"width\":806,\"height\":806,\"caption\":\"Gobelet carton\"},{\"@type\":\"BreadcrumbList\",\"@id\":\"https:\/\/www.csj-emballages.com\/es\/produit\/50-vasos-de-carton-para-refrigerador-de-agua-175-cl\/#breadcrumb\",\"itemListElement\":[{\"@type\":\"ListItem\",\"position\":1,\"name\":\"Accueil\",\"item\":\"https:\/\/www.csj-emballages.com\/es\/universo-del-envasado-alimentario\/\"},{\"@type\":\"ListItem\",\"position\":2,\"name\":\"Tienda\",\"item\":\"https:\/\/www.csj-emballages.com\/tienda\/\"},{\"@type\":\"ListItem\",\"position\":3,\"name\":\"Vaso de agua de cart\u00f3n 17,5 cl por 50\"}]},{\"@type\":\"WebSite\",\"@id\":\"https:\/\/www.csj-emballages.com\/es\/#website\",\"url\":\"https:\/\/www.csj-emballages.com\/es\/\",\"name\":\"CSJ Emballages\",\"description\":\"\",\"publisher\":{\"@id\":\"https:\/\/www.csj-emballages.com\/es\/#organization\"},\"potentialAction\":[{\"@type\":\"SearchAction\",\"target\":{\"@type\":\"EntryPoint\",\"urlTemplate\":\"https:\/\/www.csj-emballages.com\/es\/?s={search_term_string}\"},\"query-input\":{\"@type\":\"PropertyValueSpecification\",\"valueRequired\":true,\"valueName\":\"search_term_string\"}}],\"inLanguage\":\"es\"},{\"@type\":\"Organization\",\"@id\":\"https:\/\/www.csj-emballages.com\/es\/#Organization\/\",\"name\":\"CSJ Emballages\",\"url\":\"https:\/\/www.csj-emballages.com\/es\/\",\"logo\":{\"@type\":\"ImageObject\",\"inLanguage\":\"es\",\"@id\":\"https:\/\/www.csj-emballages.com\/es\/#\/schema\/logo\/image\/\",\"url\":\"https:\/\/www.csj-emballages.com\/wp-content\/uploads\/2023\/10\/logo_csj.webp\",\"contentUrl\":\"https:\/\/www.csj-emballages.com\/wp-content\/uploads\/2023\/10\/logo_csj.webp\",\"width\":250,\"height\":95,\"caption\":\"CSJ Emballages\"},\"image\":{\"@id\":\"https:\/\/www.csj-emballages.com\/es\/#\/schema\/logo\/image\/\"},\"sameAs\":[\"https:\/\/www.facebook.com\/csjemballages\"],\"address\":{\"@type\":\"PostalAddress\",\"streetAddress\":\"ZI La Lechere\",\"addressLocality\":\"Patornay\",\"postalCode\":\"39130\",\"addressCountry\":\"FR\"},\"contactPoint\":[{\"@type\":\"ContactPoint\",\"contactType\":\"Service client\",\"telephone\":\"0384254272\",\"email\":\"contact@csj-emballages.com\"}]}]}<\/script>\n<!-- \/ Yoast SEO Premium plugin. -->","yoast_head_json":{"title":"Vaso de agua de cart\u00f3n 17,5 cl por 50","description":"Vaso de agua de papel de 17,5 cl, dise\u00f1o de olas azules, vendido en paquetes de 50 unidades. Pr\u00e1cticos, resistentes y perfectos para espacios profesionales y fuentes de agua.","robots":{"index":"index","follow":"follow","max-snippet":"max-snippet:-1","max-image-preview":"max-image-preview:large","max-video-preview":"max-video-preview:-1"},"canonical":"https:\/\/www.csj-emballages.com\/es\/produit\/50-vasos-de-carton-para-refrigerador-de-agua-175-cl\/","og_locale":"es_ES","og_type":"article","og_title":"Vaso de agua de cart\u00f3n 17,5 cl por 50","og_description":"Vaso de agua de papel de 17,5 cl, dise\u00f1o de olas azules, vendido en paquetes de 50 unidades. Pr\u00e1cticos, resistentes y perfectos para espacios profesionales y fuentes de agua.","og_url":"https:\/\/www.csj-emballages.com\/es\/produit\/50-vasos-de-carton-para-refrigerador-de-agua-175-cl\/","og_site_name":"CSJ Emballages","article_publisher":"https:\/\/www.facebook.com\/csjemballages","article_modified_time":"2026-03-26T01:11:01+00:00","og_image":[{"width":806,"height":806,"url":"https:\/\/www.csj-emballages.com\/wp-content\/uploads\/2024\/03\/Gobeleteau.webp","type":"image\/webp"}],"twitter_card":"summary_large_image","twitter_misc":{"Tiempo de lectura":"2 minutos"},"schema":{"@context":"https:\/\/schema.org","@graph":[{"@type":"WebPage","@id":"https:\/\/www.csj-emballages.com\/es\/produit\/50-vasos-de-carton-para-refrigerador-de-agua-175-cl\/","url":"https:\/\/www.csj-emballages.com\/es\/produit\/50-vasos-de-carton-para-refrigerador-de-agua-175-cl\/","name":"Vaso de agua de cart\u00f3n 17,5 cl por 50","isPartOf":{"@id":"https:\/\/www.csj-emballages.com\/es\/#website"},"primaryImageOfPage":{"@id":"https:\/\/www.csj-emballages.com\/es\/produit\/50-vasos-de-carton-para-refrigerador-de-agua-175-cl\/#primaryimage"},"image":{"@id":"https:\/\/www.csj-emballages.com\/es\/produit\/50-vasos-de-carton-para-refrigerador-de-agua-175-cl\/#primaryimage"},"thumbnailUrl":"https:\/\/www.csj-emballages.com\/wp-content\/uploads\/2024\/03\/Gobeleteau.webp","datePublished":"2024-03-01T15:57:46+00:00","dateModified":"2026-03-26T01:11:01+00:00","description":"Vaso de agua de papel de 17,5 cl, dise\u00f1o de olas azules, vendido en paquetes de 50 unidades. Pr\u00e1cticos, resistentes y perfectos para espacios profesionales y fuentes de agua.","breadcrumb":{"@id":"https:\/\/www.csj-emballages.com\/es\/produit\/50-vasos-de-carton-para-refrigerador-de-agua-175-cl\/#breadcrumb"},"inLanguage":"es","potentialAction":[{"@type":"ReadAction","target":["https:\/\/www.csj-emballages.com\/es\/produit\/50-vasos-de-carton-para-refrigerador-de-agua-175-cl\/"]}]},{"@type":"ImageObject","inLanguage":"es","@id":"https:\/\/www.csj-emballages.com\/es\/produit\/50-vasos-de-carton-para-refrigerador-de-agua-175-cl\/#primaryimage","url":"https:\/\/www.csj-emballages.com\/wp-content\/uploads\/2024\/03\/Gobeleteau.webp","contentUrl":"https:\/\/www.csj-emballages.com\/wp-content\/uploads\/2024\/03\/Gobeleteau.webp","width":806,"height":806,"caption":"Gobelet carton"},{"@type":"BreadcrumbList","@id":"https:\/\/www.csj-emballages.com\/es\/produit\/50-vasos-de-carton-para-refrigerador-de-agua-175-cl\/#breadcrumb","itemListElement":[{"@type":"ListItem","position":1,"name":"Accueil","item":"https:\/\/www.csj-emballages.com\/es\/universo-del-envasado-alimentario\/"},{"@type":"ListItem","position":2,"name":"Tienda","item":"https:\/\/www.csj-emballages.com\/tienda\/"},{"@type":"ListItem","position":3,"name":"Vaso de agua de cart\u00f3n 17,5 cl por 50"}]},{"@type":"WebSite","@id":"https:\/\/www.csj-emballages.com\/es\/#website","url":"https:\/\/www.csj-emballages.com\/es\/","name":"CSJ Emballages","description":"","publisher":{"@id":"https:\/\/www.csj-emballages.com\/es\/#organization"},"potentialAction":[{"@type":"SearchAction","target":{"@type":"EntryPoint","urlTemplate":"https:\/\/www.csj-emballages.com\/es\/?s={search_term_string}"},"query-input":{"@type":"PropertyValueSpecification","valueRequired":true,"valueName":"search_term_string"}}],"inLanguage":"es"},{"@type":"Organization","@id":"https:\/\/www.csj-emballages.com\/es\/#Organization\/","name":"CSJ Emballages","url":"https:\/\/www.csj-emballages.com\/es\/","logo":{"@type":"ImageObject","inLanguage":"es","@id":"https:\/\/www.csj-emballages.com\/es\/#\/schema\/logo\/image\/","url":"https:\/\/www.csj-emballages.com\/wp-content\/uploads\/2023\/10\/logo_csj.webp","contentUrl":"https:\/\/www.csj-emballages.com\/wp-content\/uploads\/2023\/10\/logo_csj.webp","width":250,"height":95,"caption":"CSJ Emballages"},"image":{"@id":"https:\/\/www.csj-emballages.com\/es\/#\/schema\/logo\/image\/"},"sameAs":["https:\/\/www.facebook.com\/csjemballages"],"address":{"@type":"PostalAddress","streetAddress":"ZI La Lechere","addressLocality":"Patornay","postalCode":"39130","addressCountry":"FR"},"contactPoint":[{"@type":"ContactPoint","contactType":"Service client","telephone":"0384254272","email":"contact@csj-emballages.com"}]}]}},"df_price":1.88,"df_sale_price":"","df_regular_price":1.88,"df_image_link":"https:\/\/www.csj-emballages.com\/wp-content\/uploads\/2024\/03\/Gobeleteau-300x300.webp","tiered_pricing_type":"fixed","tiered_pricing_fixed_rules":[],"tiered_pricing_percentage_rules":[],"tiered_pricing_minimum":1,"tiered_pricing_roles_data":[],"_links":{"self":[{"href":"https:\/\/www.csj-emballages.com\/es\/wp-json\/wp\/v2\/product\/18975","targetHints":{"allow":["GET"]}}],"collection":[{"href":"https:\/\/www.csj-emballages.com\/es\/wp-json\/wp\/v2\/product"}],"about":[{"href":"https:\/\/www.csj-emballages.com\/es\/wp-json\/wp\/v2\/types\/product"}],"wp:featuredmedia":[{"embeddable":true,"href":"https:\/\/www.csj-emballages.com\/es\/wp-json\/wp\/v2\/media\/190725"}],"wp:attachment":[{"href":"https:\/\/www.csj-emballages.com\/es\/wp-json\/wp\/v2\/media?parent=18975"}],"wp:term":[{"taxonomy":"product_brand","embeddable":true,"href":"https:\/\/www.csj-emballages.com\/es\/wp-json\/wp\/v2\/product_brand?post=18975"},{"taxonomy":"product_cat","embeddable":true,"href":"https:\/\/www.csj-emballages.com\/es\/wp-json\/wp\/v2\/product_cat?post=18975"},{"taxonomy":"product_tag","embeddable":true,"href":"https:\/\/www.csj-emballages.com\/es\/wp-json\/wp\/v2\/product_tag?post=18975"}],"curies":[{"name":"wp","href":"https:\/\/api.w.org\/{rel}","templated":true}]}}