{"id":18963,"date":"2024-03-01T16:57:47","date_gmt":"2024-03-01T15:57:47","guid":{"rendered":"https:\/\/u15jnbdpoq.preview.infomaniak.website\/produit\/50-vasos-de-papel-impresos-10-cl\/"},"modified":"2026-05-04T14:00:31","modified_gmt":"2026-05-04T12:00:31","slug":"50-vasos-de-papel-impresos-10-cl","status":"publish","type":"product","link":"https:\/\/www.csj-emballages.com\/es\/produit\/50-vasos-de-papel-impresos-10-cl\/","title":{"rendered":"Vaso de papel impreso 10 cl, 50"},"content":{"rendered":"<h2>Vaso de cart\u00f3n<\/h2>\n<hr>\n<h3>Descripci\u00f3n de nuestro vaso de papel impreso 10 cl por 50<\/h3>\n<p><!--more--><\/p>\n<p data-start=\"218\" data-end=\"657\">Si busca un <strong>vaso peque\u00f1o y<\/strong> pr\u00e1ctico que sea divertido de usar a diario, este <strong data-start=\"301\" data-end=\"333\">vaso de papel impreso de 10 cl<\/strong> es justo lo que necesita. Compacto, ligero y con una bonita decoraci\u00f3n, es perfecto para las pausas r\u00e1pidas: un espresso antes de volver al trabajo, un caf\u00e9 servido en un evento o un peque\u00f1o t\u00e9 para compartir con los compa\u00f1eros. Su capacidad es ideal para todas las bebidas calientes cortas, sin desperdicios ni excesos.  <\/p>\n<p data-start=\"659\" data-end=\"1029\">Su <strong>dise\u00f1o impreso<\/strong>, con sus peque\u00f1as ilustraciones<strong>de \u00abpausa para el caf\u00e9<\/strong>\u00ab, a\u00f1ade un toque c\u00e1lido que supone un verdadero cambio con respecto a la cl\u00e1sica taza blanca. Nada exagerado, s\u00f3lo lo suficiente para dar un aspecto fresco que se integra bien en una oficina, un stand o una sala de espera. Este peque\u00f1o detalle visual crea un ambiente m\u00e1s cordial, sin dejar de ser profesional.  <\/p>\n<p data-start=\"1031\" data-end=\"1475\">Asimismo, el <strong>cart\u00f3n<\/strong> utilizado hace que sea f\u00e1cil de sostener en la mano: sin paredes que se ablanden, sin quemaduras desagradables cuando la bebida est\u00e1 caliente. Puedes cogerlo, caminar con \u00e9l, incluso brindar con \u00e9l: se mantiene s\u00f3lido hasta el \u00faltimo sorbo. Y como sabemos que le gusta la sencillez, estos vasos se entregan <strong data-start=\"1366\" data-end=\"1376\">en paquetes de 50 unidades<\/strong>, para que pueda gestionar f\u00e1cilmente el consumo sin tener que tener demasiados en stock.  <\/p>\n<p data-start=\"1477\" data-end=\"1760\">Tanto si trabaja en catering, eventos, oficinas o \u00e1reas de recepci\u00f3n, esta taza encontrar\u00e1 r\u00e1pidamente su lugar. Facilita el servicio, mantiene una presentaci\u00f3n limpia y le ayuda a ofrecer un momento agradable tanto a sus clientes como a su personal. <\/p>\n<p><!--more--><\/p>\n<h4><strong>Ventajas :<\/strong><\/h4>\n<ul>\n<li data-start=\"1788\" data-end=\"1845\">Formato de <strong>10 cl<\/strong> perfecto para espresso y bebidas cortas.<\/li>\n<li data-start=\"1848\" data-end=\"1905\">Atractivo dise\u00f1o estampado para un ambiente m\u00e1s c\u00e1lido.<\/li>\n<li data-start=\"1908\" data-end=\"1943\">Cart\u00f3n resistente, c\u00f3modo de sujetar.<\/li>\n<li data-start=\"1946\" data-end=\"1976\">Pr\u00e1ctico paquete de <strong>50 tazas<\/strong>.<\/li>\n<li data-start=\"1979\" data-end=\"2027\">Ideal para oficinas, ferias, caf\u00e9s y eventos.<\/li>\n<\/ul>\n<p>&nbsp;<\/p>\n<p><!--more--><\/p>\n<h4>Informaci\u00f3n adicional :<\/h4>\n<ul>\n<li><strong>Temperatura de funcionamiento<\/strong>: -20\u00b0C \/ +100\u00b0C<\/li>\n<li>Contiene pel\u00edcula de PE en el interior<\/li>\n<li><strong>Material<\/strong>: Cart\u00f3n<\/li>\n<li><strong>Volumen<\/strong>: 10 cl<\/li>\n<li><strong>Di\u00e1metro del fondo<\/strong>: 45 mm<\/li>\n<li><strong>Di\u00e1metro superior<\/strong>: 60 mm<\/li>\n<li><strong>Altura<\/strong>: 65 mm<\/li>\n<li><strong>Envase <\/strong>: paquete de 50 tazas<\/li>\n<li><strong>Color<\/strong>: cipol\u00edn beige<\/li>\n<\/ul>\n<p>&nbsp;<\/p>\n<p><!--more--><\/p>\n<p>Encuentre aqu\u00ed las tapas dise\u00f1adas para estos vasos : <span style=\"color: #d12727;\"><a style=\"color: #d12727;\" href=\"https:\/\/www.csj-emballages.com\/produit\/50-couvercles-papier-pour-gobelets-10-cl-374bla-374k\/\">C374P<\/a><\/span><\/p>\n<p>&nbsp;<\/p>\n<p><!--more--><\/p>\n<p>Disponible en diferentes tama\u00f1os : <span style=\"color: #d12727;\"><a style=\"color: #d12727;\" href=\"https:\/\/www.csj-emballages.com\/produit\/50-gobelets-carton-imprimes-18-cl\/\">18 cl<\/a><\/span> \/ <span style=\"color: #d12727;\"><a style=\"color: #d12727;\" href=\"https:\/\/www.csj-emballages.com\/produit\/50-gobelets-carton-imprimes-24-cl\/\">24 cl<\/a><\/span><\/p>\n<p>&nbsp;<\/p>\n<p><!--more--><\/p>\n<p><a href=\"\/?product_cat=gobelets-gobelets-boissons-chaudes\">Ver el resto de nuestra gama de vasos de papel<\/a><\/p>\n","protected":false},"excerpt":{"rendered":"<p>Vaso de cart\u00f3n Descripci\u00f3n de nuestro vaso de papel impreso 10 cl por 50<\/p>\n","protected":false},"featured_media":189300,"template":"","meta":{"_acf_changed":false},"product_brand":[],"product_cat":[1150,1179,1462,9240,9241],"product_tag":[],"class_list":{"0":"post-18963","1":"product","2":"type-product","3":"status-publish","4":"has-post-thumbnail","6":"product_cat-envasado-de-alimentos","7":"product_cat-catering-es","8":"product_cat-tazas-vasos-cubos-botellas","9":"product_cat-vasos-de-carton","10":"product_cat-tazas-blancas","12":"first","13":"instock","14":"taxable","15":"shipping-taxable","16":"purchasable","17":"product-type-simple"},"acf":[],"yoast_head":"<!-- This site is optimized with the Yoast SEO Premium plugin v26.6 (Yoast SEO v26.6) - https:\/\/yoast.com\/wordpress\/plugins\/seo\/ -->\n<title>Vaso de cart\u00f3n impreso - 10 cl<\/title>\n<meta name=\"description\" content=\"Descubra nuestro vaso de papel impreso de 10 cl para bebidas calientes. Le ofrecemos un paquete de 50 vasos resistentes y de alta calidad.\" \/>\n<meta name=\"robots\" content=\"index, follow, max-snippet:-1, max-image-preview:large, max-video-preview:-1\" \/>\n<link rel=\"canonical\" href=\"https:\/\/www.csj-emballages.com\/es\/produit\/50-vasos-de-papel-impresos-10-cl\/\" \/>\n<meta property=\"og:locale\" content=\"es_ES\" \/>\n<meta property=\"og:type\" content=\"article\" \/>\n<meta property=\"og:title\" content=\"Vaso de papel impreso 10 cl, 50\" \/>\n<meta property=\"og:description\" content=\"Descubra nuestro vaso de papel impreso de 10 cl para bebidas calientes. Le ofrecemos un paquete de 50 vasos resistentes y de alta calidad.\" \/>\n<meta property=\"og:url\" content=\"https:\/\/www.csj-emballages.com\/es\/produit\/50-vasos-de-papel-impresos-10-cl\/\" \/>\n<meta property=\"og:site_name\" content=\"CSJ Emballages\" \/>\n<meta property=\"article:publisher\" content=\"https:\/\/www.facebook.com\/csjemballages\" \/>\n<meta property=\"article:modified_time\" content=\"2026-05-04T12:00:31+00:00\" \/>\n<meta property=\"og:image\" content=\"https:\/\/www.csj-emballages.com\/wp-content\/uploads\/2024\/03\/374CS.webp\" \/>\n\t<meta property=\"og:image:width\" content=\"806\" \/>\n\t<meta property=\"og:image:height\" content=\"806\" \/>\n\t<meta property=\"og:image:type\" content=\"image\/webp\" \/>\n<meta name=\"twitter:card\" content=\"summary_large_image\" \/>\n<meta name=\"twitter:label1\" content=\"Tiempo de lectura\" \/>\n\t<meta name=\"twitter:data1\" content=\"2 minutos\" \/>\n<script type=\"application\/ld+json\" class=\"yoast-schema-graph\">{\"@context\":\"https:\/\/schema.org\",\"@graph\":[{\"@type\":\"WebPage\",\"@id\":\"https:\/\/www.csj-emballages.com\/es\/produit\/50-vasos-de-papel-impresos-10-cl\/\",\"url\":\"https:\/\/www.csj-emballages.com\/es\/produit\/50-vasos-de-papel-impresos-10-cl\/\",\"name\":\"Vaso de cart\u00f3n impreso - 10 cl\",\"isPartOf\":{\"@id\":\"https:\/\/www.csj-emballages.com\/es\/#website\"},\"primaryImageOfPage\":{\"@id\":\"https:\/\/www.csj-emballages.com\/es\/produit\/50-vasos-de-papel-impresos-10-cl\/#primaryimage\"},\"image\":{\"@id\":\"https:\/\/www.csj-emballages.com\/es\/produit\/50-vasos-de-papel-impresos-10-cl\/#primaryimage\"},\"thumbnailUrl\":\"https:\/\/www.csj-emballages.com\/wp-content\/uploads\/2024\/03\/374CS.webp\",\"datePublished\":\"2024-03-01T15:57:47+00:00\",\"dateModified\":\"2026-05-04T12:00:31+00:00\",\"description\":\"Descubra nuestro vaso de papel impreso de 10 cl para bebidas calientes. Le ofrecemos un paquete de 50 vasos resistentes y de alta calidad.\",\"breadcrumb\":{\"@id\":\"https:\/\/www.csj-emballages.com\/es\/produit\/50-vasos-de-papel-impresos-10-cl\/#breadcrumb\"},\"inLanguage\":\"es\",\"potentialAction\":[{\"@type\":\"ReadAction\",\"target\":[\"https:\/\/www.csj-emballages.com\/es\/produit\/50-vasos-de-papel-impresos-10-cl\/\"]}]},{\"@type\":\"ImageObject\",\"inLanguage\":\"es\",\"@id\":\"https:\/\/www.csj-emballages.com\/es\/produit\/50-vasos-de-papel-impresos-10-cl\/#primaryimage\",\"url\":\"https:\/\/www.csj-emballages.com\/wp-content\/uploads\/2024\/03\/374CS.webp\",\"contentUrl\":\"https:\/\/www.csj-emballages.com\/wp-content\/uploads\/2024\/03\/374CS.webp\",\"width\":806,\"height\":806,\"caption\":\"gobelet carton\"},{\"@type\":\"BreadcrumbList\",\"@id\":\"https:\/\/www.csj-emballages.com\/es\/produit\/50-vasos-de-papel-impresos-10-cl\/#breadcrumb\",\"itemListElement\":[{\"@type\":\"ListItem\",\"position\":1,\"name\":\"Accueil\",\"item\":\"https:\/\/www.csj-emballages.com\/es\/universo-del-envasado-alimentario\/\"},{\"@type\":\"ListItem\",\"position\":2,\"name\":\"Tienda\",\"item\":\"https:\/\/www.csj-emballages.com\/tienda\/\"},{\"@type\":\"ListItem\",\"position\":3,\"name\":\"Vaso de papel impreso 10 cl, 50\"}]},{\"@type\":\"WebSite\",\"@id\":\"https:\/\/www.csj-emballages.com\/es\/#website\",\"url\":\"https:\/\/www.csj-emballages.com\/es\/\",\"name\":\"CSJ Emballages\",\"description\":\"\",\"publisher\":{\"@id\":\"https:\/\/www.csj-emballages.com\/es\/#organization\"},\"potentialAction\":[{\"@type\":\"SearchAction\",\"target\":{\"@type\":\"EntryPoint\",\"urlTemplate\":\"https:\/\/www.csj-emballages.com\/es\/?s={search_term_string}\"},\"query-input\":{\"@type\":\"PropertyValueSpecification\",\"valueRequired\":true,\"valueName\":\"search_term_string\"}}],\"inLanguage\":\"es\"},{\"@type\":\"Organization\",\"@id\":\"https:\/\/www.csj-emballages.com\/es\/#Organization\/\",\"name\":\"CSJ Emballages\",\"url\":\"https:\/\/www.csj-emballages.com\/es\/\",\"logo\":{\"@type\":\"ImageObject\",\"inLanguage\":\"es\",\"@id\":\"https:\/\/www.csj-emballages.com\/es\/#\/schema\/logo\/image\/\",\"url\":\"https:\/\/www.csj-emballages.com\/wp-content\/uploads\/2023\/10\/logo_csj.webp\",\"contentUrl\":\"https:\/\/www.csj-emballages.com\/wp-content\/uploads\/2023\/10\/logo_csj.webp\",\"width\":250,\"height\":95,\"caption\":\"CSJ Emballages\"},\"image\":{\"@id\":\"https:\/\/www.csj-emballages.com\/es\/#\/schema\/logo\/image\/\"},\"sameAs\":[\"https:\/\/www.facebook.com\/csjemballages\"],\"address\":{\"@type\":\"PostalAddress\",\"streetAddress\":\"ZI La Lechere\",\"addressLocality\":\"Patornay\",\"postalCode\":\"39130\",\"addressCountry\":\"FR\"},\"contactPoint\":[{\"@type\":\"ContactPoint\",\"contactType\":\"Service client\",\"telephone\":\"0384254272\",\"email\":\"contact@csj-emballages.com\"}]}]}<\/script>\n<!-- \/ Yoast SEO Premium plugin. -->","yoast_head_json":{"title":"Vaso de cart\u00f3n impreso - 10 cl","description":"Descubra nuestro vaso de papel impreso de 10 cl para bebidas calientes. Le ofrecemos un paquete de 50 vasos resistentes y de alta calidad.","robots":{"index":"index","follow":"follow","max-snippet":"max-snippet:-1","max-image-preview":"max-image-preview:large","max-video-preview":"max-video-preview:-1"},"canonical":"https:\/\/www.csj-emballages.com\/es\/produit\/50-vasos-de-papel-impresos-10-cl\/","og_locale":"es_ES","og_type":"article","og_title":"Vaso de papel impreso 10 cl, 50","og_description":"Descubra nuestro vaso de papel impreso de 10 cl para bebidas calientes. Le ofrecemos un paquete de 50 vasos resistentes y de alta calidad.","og_url":"https:\/\/www.csj-emballages.com\/es\/produit\/50-vasos-de-papel-impresos-10-cl\/","og_site_name":"CSJ Emballages","article_publisher":"https:\/\/www.facebook.com\/csjemballages","article_modified_time":"2026-05-04T12:00:31+00:00","og_image":[{"width":806,"height":806,"url":"https:\/\/www.csj-emballages.com\/wp-content\/uploads\/2024\/03\/374CS.webp","type":"image\/webp"}],"twitter_card":"summary_large_image","twitter_misc":{"Tiempo de lectura":"2 minutos"},"schema":{"@context":"https:\/\/schema.org","@graph":[{"@type":"WebPage","@id":"https:\/\/www.csj-emballages.com\/es\/produit\/50-vasos-de-papel-impresos-10-cl\/","url":"https:\/\/www.csj-emballages.com\/es\/produit\/50-vasos-de-papel-impresos-10-cl\/","name":"Vaso de cart\u00f3n impreso - 10 cl","isPartOf":{"@id":"https:\/\/www.csj-emballages.com\/es\/#website"},"primaryImageOfPage":{"@id":"https:\/\/www.csj-emballages.com\/es\/produit\/50-vasos-de-papel-impresos-10-cl\/#primaryimage"},"image":{"@id":"https:\/\/www.csj-emballages.com\/es\/produit\/50-vasos-de-papel-impresos-10-cl\/#primaryimage"},"thumbnailUrl":"https:\/\/www.csj-emballages.com\/wp-content\/uploads\/2024\/03\/374CS.webp","datePublished":"2024-03-01T15:57:47+00:00","dateModified":"2026-05-04T12:00:31+00:00","description":"Descubra nuestro vaso de papel impreso de 10 cl para bebidas calientes. Le ofrecemos un paquete de 50 vasos resistentes y de alta calidad.","breadcrumb":{"@id":"https:\/\/www.csj-emballages.com\/es\/produit\/50-vasos-de-papel-impresos-10-cl\/#breadcrumb"},"inLanguage":"es","potentialAction":[{"@type":"ReadAction","target":["https:\/\/www.csj-emballages.com\/es\/produit\/50-vasos-de-papel-impresos-10-cl\/"]}]},{"@type":"ImageObject","inLanguage":"es","@id":"https:\/\/www.csj-emballages.com\/es\/produit\/50-vasos-de-papel-impresos-10-cl\/#primaryimage","url":"https:\/\/www.csj-emballages.com\/wp-content\/uploads\/2024\/03\/374CS.webp","contentUrl":"https:\/\/www.csj-emballages.com\/wp-content\/uploads\/2024\/03\/374CS.webp","width":806,"height":806,"caption":"gobelet carton"},{"@type":"BreadcrumbList","@id":"https:\/\/www.csj-emballages.com\/es\/produit\/50-vasos-de-papel-impresos-10-cl\/#breadcrumb","itemListElement":[{"@type":"ListItem","position":1,"name":"Accueil","item":"https:\/\/www.csj-emballages.com\/es\/universo-del-envasado-alimentario\/"},{"@type":"ListItem","position":2,"name":"Tienda","item":"https:\/\/www.csj-emballages.com\/tienda\/"},{"@type":"ListItem","position":3,"name":"Vaso de papel impreso 10 cl, 50"}]},{"@type":"WebSite","@id":"https:\/\/www.csj-emballages.com\/es\/#website","url":"https:\/\/www.csj-emballages.com\/es\/","name":"CSJ Emballages","description":"","publisher":{"@id":"https:\/\/www.csj-emballages.com\/es\/#organization"},"potentialAction":[{"@type":"SearchAction","target":{"@type":"EntryPoint","urlTemplate":"https:\/\/www.csj-emballages.com\/es\/?s={search_term_string}"},"query-input":{"@type":"PropertyValueSpecification","valueRequired":true,"valueName":"search_term_string"}}],"inLanguage":"es"},{"@type":"Organization","@id":"https:\/\/www.csj-emballages.com\/es\/#Organization\/","name":"CSJ Emballages","url":"https:\/\/www.csj-emballages.com\/es\/","logo":{"@type":"ImageObject","inLanguage":"es","@id":"https:\/\/www.csj-emballages.com\/es\/#\/schema\/logo\/image\/","url":"https:\/\/www.csj-emballages.com\/wp-content\/uploads\/2023\/10\/logo_csj.webp","contentUrl":"https:\/\/www.csj-emballages.com\/wp-content\/uploads\/2023\/10\/logo_csj.webp","width":250,"height":95,"caption":"CSJ Emballages"},"image":{"@id":"https:\/\/www.csj-emballages.com\/es\/#\/schema\/logo\/image\/"},"sameAs":["https:\/\/www.facebook.com\/csjemballages"],"address":{"@type":"PostalAddress","streetAddress":"ZI La Lechere","addressLocality":"Patornay","postalCode":"39130","addressCountry":"FR"},"contactPoint":[{"@type":"ContactPoint","contactType":"Service client","telephone":"0384254272","email":"contact@csj-emballages.com"}]}]}},"df_price":1.22,"df_sale_price":"","df_regular_price":1.22,"df_image_link":"https:\/\/www.csj-emballages.com\/wp-content\/uploads\/2024\/03\/374CS-300x300.webp","tiered_pricing_type":"fixed","tiered_pricing_fixed_rules":[],"tiered_pricing_percentage_rules":[],"tiered_pricing_minimum":1,"tiered_pricing_roles_data":[],"_links":{"self":[{"href":"https:\/\/www.csj-emballages.com\/es\/wp-json\/wp\/v2\/product\/18963","targetHints":{"allow":["GET"]}}],"collection":[{"href":"https:\/\/www.csj-emballages.com\/es\/wp-json\/wp\/v2\/product"}],"about":[{"href":"https:\/\/www.csj-emballages.com\/es\/wp-json\/wp\/v2\/types\/product"}],"wp:featuredmedia":[{"embeddable":true,"href":"https:\/\/www.csj-emballages.com\/es\/wp-json\/wp\/v2\/media\/189300"}],"wp:attachment":[{"href":"https:\/\/www.csj-emballages.com\/es\/wp-json\/wp\/v2\/media?parent=18963"}],"wp:term":[{"taxonomy":"product_brand","embeddable":true,"href":"https:\/\/www.csj-emballages.com\/es\/wp-json\/wp\/v2\/product_brand?post=18963"},{"taxonomy":"product_cat","embeddable":true,"href":"https:\/\/www.csj-emballages.com\/es\/wp-json\/wp\/v2\/product_cat?post=18963"},{"taxonomy":"product_tag","embeddable":true,"href":"https:\/\/www.csj-emballages.com\/es\/wp-json\/wp\/v2\/product_tag?post=18963"}],"curies":[{"name":"wp","href":"https:\/\/api.w.org\/{rel}","templated":true}]}}