{"id":18961,"date":"2024-03-01T16:59:09","date_gmt":"2024-03-01T15:59:09","guid":{"rendered":"https:\/\/u15jnbdpoq.preview.infomaniak.website\/produit\/gel-hidroalcoholico-5l\/"},"modified":"2026-03-12T16:08:26","modified_gmt":"2026-03-12T15:08:26","slug":"gel-hidroalcoholico-5l","status":"publish","type":"product","link":"https:\/\/www.csj-emballages.com\/es\/produit\/gel-hidroalcoholico-5l\/","title":{"rendered":"Gel hidroalcoh\u00f3lico 5L"},"content":{"rendered":"<h2 class=\"p1 ai-optimize-35 ai-optimize-introduction\">Gel hidroalcoh\u00f3lico<\/h2>\n<hr>\n<h3 class=\"ai-optimize-34\">Descripci\u00f3n de nuestro gel hidroalcoh\u00f3lico 5L<\/h3>\n<p><!--more--><\/p>\n<p class=\"ai-optimize-32 ai-optimize-introduction\" data-start=\"221\" data-end=\"672\">Esta <strong>lata de 5 litros de gel hidroalcoh\u00f3lico<\/strong> es la soluci\u00f3n ideal para <strong data-start=\"294\" data-end=\"339\">una desinfecci\u00f3n r\u00e1pida y eficaz de las manos<\/strong>, sin agua ni jab\u00f3n. Dise\u00f1ado para responder a las exigencias de los entornos profesionales m\u00e1s rigurosos, se <strong data-start=\"446\" data-end=\"483\">recomienda para un uso intensivo<\/strong>, especialmente en <strong data-start=\"504\" data-end=\"565\">entornos m\u00e9dicos, hospitalarios y de restauraci\u00f3n<\/strong>, pero tambi\u00e9n en lugares abiertos al p\u00fablico como oficinas, comercios y escuelas. <\/p>\n<p class=\"ai-optimize-33\" data-start=\"674\" data-end=\"1057\">Gracias a su <strong data-start=\"685\" data-end=\"720\">f\u00f3rmula sin perfume ni colorantes<\/strong>, este <strong>gel<\/strong> reduce el riesgo de alergias o irritaciones, incluso con un uso frecuente. Ha <strong data-start=\"820\" data-end=\"848\">sido dermatol\u00f3gicamente probado<\/strong> y respeta el equilibrio de la piel, al tiempo que proporciona una r\u00e1pida <strong data-start=\"902\" data-end=\"947\">acci\u00f3n bactericida, fungicida y virucida<\/strong>. Su textura fluida hace que sea f\u00e1cil de aplicar y de secado r\u00e1pido, sin pegajosidad ni residuos.  <\/p>\n<p class=\"ai-optimize-34\" data-start=\"1059\" data-end=\"1380\">El formato <strong>de 5 litros<\/strong> tambi\u00e9n es <strong data-start=\"1076\" data-end=\"1150\">perfecto para rellenar dispensadores autom\u00e1ticos o manuales<\/strong>, y ofrece una excelente relaci\u00f3n volumen\/precio para las instalaciones que deseen combinar higiene y control de costes. Cumple las normas vigentes para la desinfecci\u00f3n de manos, incluso <strong data-start=\"1345\" data-end=\"1379\">en un contexto preoperatorio<\/strong>. <\/p>\n<p class=\"ai-optimize-35\" data-start=\"1382\" data-end=\"1519\">En resumen, un producto fiable, dise\u00f1ado para profesionales, pero accesible a todos aquellos que deseen proteger eficazmente a quienes les rodean.<\/p>\n<p data-start=\"1382\" data-end=\"1519\">\n<p><!--more--><\/p>\n<h4 class=\"ai-optimize-37\"><strong>Ventajas:<\/strong><\/h4>\n<ul>\n<li class=\"ai-optimize-38\">F\u00f3rmula sin aclarado, r\u00e1pida de usar.<\/li>\n<li class=\"ai-optimize-39\">Sin perfume ni colorantes, limita las reacciones al\u00e9rgicas.<\/li>\n<li class=\"ai-optimize-40\">Potente desinfectante (bactericida, fungicida, virucida).<\/li>\n<li class=\"ai-optimize-42\">Gracias a su formato econ\u00f3mico, resulta pr\u00e1ctica para las recargas.<\/li>\n<\/ul>\n<p>&nbsp;<\/p>\n<p><!--more--><\/p>\n<h4 class=\"ai-optimize-44\">Informaci\u00f3n adicional :<\/h4>\n<ul>\n<li class=\"ai-optimize-45\"><strong>Embalaje<\/strong>: Por unidad<\/li>\n<li class=\"ai-optimize-47\"><strong>Uso<\/strong>: Gel hidroalcoh\u00f3lico<\/li>\n<li class=\"ai-optimize-32\"><strong>Color<\/strong>: Incoloro<\/li>\n<li class=\"ai-optimize-35\"><strong>Volumen<\/strong>: 5 litros<\/li>\n<\/ul>\n<p>&nbsp;<\/p>\n<p><!--more--><\/p>\n<p class=\"ai-optimize-34\">Encuentre aqu\u00ed nuestro gel hidroalcoh\u00f3lico de bomba 500 ml : <span style=\"color: #d12727;\"><a style=\"color: #d12727;\" href=\"https:\/\/www.csj-emballages.com\/es\/produit\/gel-hidroalcoholico-con-bomba-500-ml\/\">GH500<\/a><\/span><\/p>\n<p>&nbsp;<\/p>\n<p><!--more--><\/p>\n<p class=\"ai-optimize-41\"><a href=\"https:\/\/www.csj-emballages.com\/es\/categorie-produit\/higiene-y-mantenimiento\/productos-de-limpieza\/higiene-personal\/gel-hidroalcoholico\/\">Ver el resto de nuestra gama de geles hidroalcoh\u00f3licos<\/a><\/p>\n","protected":false},"excerpt":{"rendered":"<p>Gel hidroalcoh\u00f3lico Descripci\u00f3n de nuestro gel hidroalcoh\u00f3lico 5L<\/p>\n","protected":false},"featured_media":235939,"template":"","meta":{"_acf_changed":false},"product_brand":[],"product_cat":[1226,1227,1359,1982],"product_tag":[],"class_list":{"0":"post-18961","1":"product","2":"type-product","3":"status-publish","4":"has-post-thumbnail","6":"product_cat-higiene-y-mantenimiento","7":"product_cat-productos-de-limpieza","8":"product_cat-higiene-personal","9":"product_cat-gel-hidroalcoholico","10":"product_shipping_class-no-permitido-en-reles","12":"first","13":"instock","14":"taxable","15":"shipping-taxable","16":"purchasable","17":"product-type-simple"},"acf":[],"yoast_head":"<!-- This site is optimized with the Yoast SEO Premium plugin v26.6 (Yoast SEO v26.6) - https:\/\/yoast.com\/wordpress\/plugins\/seo\/ -->\n<title>Gel hidroalcoh\u00f3lico 5L<\/title>\n<meta name=\"description\" content=\"Gel hidroalcoh\u00f3lico de 5 litros sin perfume ni colorantes, ideal para uso m\u00e9dico y profesional. Eficaz, econ\u00f3mico y dermatol\u00f3gicamente probado.\" \/>\n<meta name=\"robots\" content=\"index, follow, max-snippet:-1, max-image-preview:large, max-video-preview:-1\" \/>\n<link rel=\"canonical\" href=\"https:\/\/www.csj-emballages.com\/es\/produit\/gel-hidroalcoholico-5l\/\" \/>\n<meta property=\"og:locale\" content=\"es_ES\" \/>\n<meta property=\"og:type\" content=\"article\" \/>\n<meta property=\"og:title\" content=\"Gel hidroalcoh\u00f3lico 5L\" \/>\n<meta property=\"og:description\" content=\"Gel hidroalcoh\u00f3lico de 5 litros sin perfume ni colorantes, ideal para uso m\u00e9dico y profesional. Eficaz, econ\u00f3mico y dermatol\u00f3gicamente probado.\" \/>\n<meta property=\"og:url\" content=\"https:\/\/www.csj-emballages.com\/es\/produit\/gel-hidroalcoholico-5l\/\" \/>\n<meta property=\"og:site_name\" content=\"CSJ Emballages\" \/>\n<meta property=\"article:publisher\" content=\"https:\/\/www.facebook.com\/csjemballages\" \/>\n<meta property=\"article:modified_time\" content=\"2026-03-12T15:08:26+00:00\" \/>\n<meta property=\"og:image\" content=\"https:\/\/www.csj-emballages.com\/wp-content\/uploads\/2024\/03\/31315.webp\" \/>\n\t<meta property=\"og:image:width\" content=\"800\" \/>\n\t<meta property=\"og:image:height\" content=\"800\" \/>\n\t<meta property=\"og:image:type\" content=\"image\/webp\" \/>\n<meta name=\"twitter:card\" content=\"summary_large_image\" \/>\n<meta name=\"twitter:label1\" content=\"Tiempo de lectura\" \/>\n\t<meta name=\"twitter:data1\" content=\"1 minuto\" \/>\n<script type=\"application\/ld+json\" class=\"yoast-schema-graph\">{\"@context\":\"https:\/\/schema.org\",\"@graph\":[{\"@type\":\"WebPage\",\"@id\":\"https:\/\/www.csj-emballages.com\/es\/produit\/gel-hidroalcoholico-5l\/\",\"url\":\"https:\/\/www.csj-emballages.com\/es\/produit\/gel-hidroalcoholico-5l\/\",\"name\":\"Gel hidroalcoh\u00f3lico 5L\",\"isPartOf\":{\"@id\":\"https:\/\/www.csj-emballages.com\/es\/#website\"},\"primaryImageOfPage\":{\"@id\":\"https:\/\/www.csj-emballages.com\/es\/produit\/gel-hidroalcoholico-5l\/#primaryimage\"},\"image\":{\"@id\":\"https:\/\/www.csj-emballages.com\/es\/produit\/gel-hidroalcoholico-5l\/#primaryimage\"},\"thumbnailUrl\":\"https:\/\/www.csj-emballages.com\/wp-content\/uploads\/2024\/03\/31315.webp\",\"datePublished\":\"2024-03-01T15:59:09+00:00\",\"dateModified\":\"2026-03-12T15:08:26+00:00\",\"description\":\"Gel hidroalcoh\u00f3lico de 5 litros sin perfume ni colorantes, ideal para uso m\u00e9dico y profesional. Eficaz, econ\u00f3mico y dermatol\u00f3gicamente probado.\",\"breadcrumb\":{\"@id\":\"https:\/\/www.csj-emballages.com\/es\/produit\/gel-hidroalcoholico-5l\/#breadcrumb\"},\"inLanguage\":\"es\",\"potentialAction\":[{\"@type\":\"ReadAction\",\"target\":[\"https:\/\/www.csj-emballages.com\/es\/produit\/gel-hidroalcoholico-5l\/\"]}]},{\"@type\":\"ImageObject\",\"inLanguage\":\"es\",\"@id\":\"https:\/\/www.csj-emballages.com\/es\/produit\/gel-hidroalcoholico-5l\/#primaryimage\",\"url\":\"https:\/\/www.csj-emballages.com\/wp-content\/uploads\/2024\/03\/31315.webp\",\"contentUrl\":\"https:\/\/www.csj-emballages.com\/wp-content\/uploads\/2024\/03\/31315.webp\",\"width\":800,\"height\":800,\"caption\":\"Gel hydroalcoolique\"},{\"@type\":\"BreadcrumbList\",\"@id\":\"https:\/\/www.csj-emballages.com\/es\/produit\/gel-hidroalcoholico-5l\/#breadcrumb\",\"itemListElement\":[{\"@type\":\"ListItem\",\"position\":1,\"name\":\"Accueil\",\"item\":\"https:\/\/www.csj-emballages.com\/es\/universo-del-envasado-alimentario\/\"},{\"@type\":\"ListItem\",\"position\":2,\"name\":\"Tienda\",\"item\":\"https:\/\/www.csj-emballages.com\/tienda\/\"},{\"@type\":\"ListItem\",\"position\":3,\"name\":\"Gel hidroalcoh\u00f3lico 5L\"}]},{\"@type\":\"WebSite\",\"@id\":\"https:\/\/www.csj-emballages.com\/es\/#website\",\"url\":\"https:\/\/www.csj-emballages.com\/es\/\",\"name\":\"CSJ Emballages\",\"description\":\"\",\"publisher\":{\"@id\":\"https:\/\/www.csj-emballages.com\/es\/#organization\"},\"potentialAction\":[{\"@type\":\"SearchAction\",\"target\":{\"@type\":\"EntryPoint\",\"urlTemplate\":\"https:\/\/www.csj-emballages.com\/es\/?s={search_term_string}\"},\"query-input\":{\"@type\":\"PropertyValueSpecification\",\"valueRequired\":true,\"valueName\":\"search_term_string\"}}],\"inLanguage\":\"es\"},{\"@type\":\"Organization\",\"@id\":\"https:\/\/www.csj-emballages.com\/es\/#Organization\/\",\"name\":\"CSJ Emballages\",\"url\":\"https:\/\/www.csj-emballages.com\/es\/\",\"logo\":{\"@type\":\"ImageObject\",\"inLanguage\":\"es\",\"@id\":\"https:\/\/www.csj-emballages.com\/es\/#\/schema\/logo\/image\/\",\"url\":\"https:\/\/www.csj-emballages.com\/wp-content\/uploads\/2023\/10\/logo_csj.webp\",\"contentUrl\":\"https:\/\/www.csj-emballages.com\/wp-content\/uploads\/2023\/10\/logo_csj.webp\",\"width\":250,\"height\":95,\"caption\":\"CSJ Emballages\"},\"image\":{\"@id\":\"https:\/\/www.csj-emballages.com\/es\/#\/schema\/logo\/image\/\"},\"sameAs\":[\"https:\/\/www.facebook.com\/csjemballages\"],\"address\":{\"@type\":\"PostalAddress\",\"streetAddress\":\"ZI La Lechere\",\"addressLocality\":\"Patornay\",\"postalCode\":\"39130\",\"addressCountry\":\"FR\"},\"contactPoint\":[{\"@type\":\"ContactPoint\",\"contactType\":\"Service client\",\"telephone\":\"0384254272\",\"email\":\"contact@csj-emballages.com\"}]}]}<\/script>\n<!-- \/ Yoast SEO Premium plugin. -->","yoast_head_json":{"title":"Gel hidroalcoh\u00f3lico 5L","description":"Gel hidroalcoh\u00f3lico de 5 litros sin perfume ni colorantes, ideal para uso m\u00e9dico y profesional. Eficaz, econ\u00f3mico y dermatol\u00f3gicamente probado.","robots":{"index":"index","follow":"follow","max-snippet":"max-snippet:-1","max-image-preview":"max-image-preview:large","max-video-preview":"max-video-preview:-1"},"canonical":"https:\/\/www.csj-emballages.com\/es\/produit\/gel-hidroalcoholico-5l\/","og_locale":"es_ES","og_type":"article","og_title":"Gel hidroalcoh\u00f3lico 5L","og_description":"Gel hidroalcoh\u00f3lico de 5 litros sin perfume ni colorantes, ideal para uso m\u00e9dico y profesional. Eficaz, econ\u00f3mico y dermatol\u00f3gicamente probado.","og_url":"https:\/\/www.csj-emballages.com\/es\/produit\/gel-hidroalcoholico-5l\/","og_site_name":"CSJ Emballages","article_publisher":"https:\/\/www.facebook.com\/csjemballages","article_modified_time":"2026-03-12T15:08:26+00:00","og_image":[{"width":800,"height":800,"url":"https:\/\/www.csj-emballages.com\/wp-content\/uploads\/2024\/03\/31315.webp","type":"image\/webp"}],"twitter_card":"summary_large_image","twitter_misc":{"Tiempo de lectura":"1 minuto"},"schema":{"@context":"https:\/\/schema.org","@graph":[{"@type":"WebPage","@id":"https:\/\/www.csj-emballages.com\/es\/produit\/gel-hidroalcoholico-5l\/","url":"https:\/\/www.csj-emballages.com\/es\/produit\/gel-hidroalcoholico-5l\/","name":"Gel hidroalcoh\u00f3lico 5L","isPartOf":{"@id":"https:\/\/www.csj-emballages.com\/es\/#website"},"primaryImageOfPage":{"@id":"https:\/\/www.csj-emballages.com\/es\/produit\/gel-hidroalcoholico-5l\/#primaryimage"},"image":{"@id":"https:\/\/www.csj-emballages.com\/es\/produit\/gel-hidroalcoholico-5l\/#primaryimage"},"thumbnailUrl":"https:\/\/www.csj-emballages.com\/wp-content\/uploads\/2024\/03\/31315.webp","datePublished":"2024-03-01T15:59:09+00:00","dateModified":"2026-03-12T15:08:26+00:00","description":"Gel hidroalcoh\u00f3lico de 5 litros sin perfume ni colorantes, ideal para uso m\u00e9dico y profesional. Eficaz, econ\u00f3mico y dermatol\u00f3gicamente probado.","breadcrumb":{"@id":"https:\/\/www.csj-emballages.com\/es\/produit\/gel-hidroalcoholico-5l\/#breadcrumb"},"inLanguage":"es","potentialAction":[{"@type":"ReadAction","target":["https:\/\/www.csj-emballages.com\/es\/produit\/gel-hidroalcoholico-5l\/"]}]},{"@type":"ImageObject","inLanguage":"es","@id":"https:\/\/www.csj-emballages.com\/es\/produit\/gel-hidroalcoholico-5l\/#primaryimage","url":"https:\/\/www.csj-emballages.com\/wp-content\/uploads\/2024\/03\/31315.webp","contentUrl":"https:\/\/www.csj-emballages.com\/wp-content\/uploads\/2024\/03\/31315.webp","width":800,"height":800,"caption":"Gel hydroalcoolique"},{"@type":"BreadcrumbList","@id":"https:\/\/www.csj-emballages.com\/es\/produit\/gel-hidroalcoholico-5l\/#breadcrumb","itemListElement":[{"@type":"ListItem","position":1,"name":"Accueil","item":"https:\/\/www.csj-emballages.com\/es\/universo-del-envasado-alimentario\/"},{"@type":"ListItem","position":2,"name":"Tienda","item":"https:\/\/www.csj-emballages.com\/tienda\/"},{"@type":"ListItem","position":3,"name":"Gel hidroalcoh\u00f3lico 5L"}]},{"@type":"WebSite","@id":"https:\/\/www.csj-emballages.com\/es\/#website","url":"https:\/\/www.csj-emballages.com\/es\/","name":"CSJ Emballages","description":"","publisher":{"@id":"https:\/\/www.csj-emballages.com\/es\/#organization"},"potentialAction":[{"@type":"SearchAction","target":{"@type":"EntryPoint","urlTemplate":"https:\/\/www.csj-emballages.com\/es\/?s={search_term_string}"},"query-input":{"@type":"PropertyValueSpecification","valueRequired":true,"valueName":"search_term_string"}}],"inLanguage":"es"},{"@type":"Organization","@id":"https:\/\/www.csj-emballages.com\/es\/#Organization\/","name":"CSJ Emballages","url":"https:\/\/www.csj-emballages.com\/es\/","logo":{"@type":"ImageObject","inLanguage":"es","@id":"https:\/\/www.csj-emballages.com\/es\/#\/schema\/logo\/image\/","url":"https:\/\/www.csj-emballages.com\/wp-content\/uploads\/2023\/10\/logo_csj.webp","contentUrl":"https:\/\/www.csj-emballages.com\/wp-content\/uploads\/2023\/10\/logo_csj.webp","width":250,"height":95,"caption":"CSJ Emballages"},"image":{"@id":"https:\/\/www.csj-emballages.com\/es\/#\/schema\/logo\/image\/"},"sameAs":["https:\/\/www.facebook.com\/csjemballages"],"address":{"@type":"PostalAddress","streetAddress":"ZI La Lechere","addressLocality":"Patornay","postalCode":"39130","addressCountry":"FR"},"contactPoint":[{"@type":"ContactPoint","contactType":"Service client","telephone":"0384254272","email":"contact@csj-emballages.com"}]}]}},"df_price":24.56,"df_sale_price":"","df_regular_price":24.56,"df_image_link":"https:\/\/www.csj-emballages.com\/wp-content\/uploads\/2024\/03\/31315-300x300.webp","tiered_pricing_type":"fixed","tiered_pricing_fixed_rules":[],"tiered_pricing_percentage_rules":[],"tiered_pricing_minimum":1,"tiered_pricing_roles_data":[],"_links":{"self":[{"href":"https:\/\/www.csj-emballages.com\/es\/wp-json\/wp\/v2\/product\/18961","targetHints":{"allow":["GET"]}}],"collection":[{"href":"https:\/\/www.csj-emballages.com\/es\/wp-json\/wp\/v2\/product"}],"about":[{"href":"https:\/\/www.csj-emballages.com\/es\/wp-json\/wp\/v2\/types\/product"}],"wp:featuredmedia":[{"embeddable":true,"href":"https:\/\/www.csj-emballages.com\/es\/wp-json\/wp\/v2\/media\/235939"}],"wp:attachment":[{"href":"https:\/\/www.csj-emballages.com\/es\/wp-json\/wp\/v2\/media?parent=18961"}],"wp:term":[{"taxonomy":"product_brand","embeddable":true,"href":"https:\/\/www.csj-emballages.com\/es\/wp-json\/wp\/v2\/product_brand?post=18961"},{"taxonomy":"product_cat","embeddable":true,"href":"https:\/\/www.csj-emballages.com\/es\/wp-json\/wp\/v2\/product_cat?post=18961"},{"taxonomy":"product_tag","embeddable":true,"href":"https:\/\/www.csj-emballages.com\/es\/wp-json\/wp\/v2\/product_tag?post=18961"}],"curies":[{"name":"wp","href":"https:\/\/api.w.org\/{rel}","templated":true}]}}