{"id":18957,"date":"2024-03-01T16:57:45","date_gmt":"2024-03-01T15:57:45","guid":{"rendered":"https:\/\/u15jnbdpoq.preview.infomaniak.website\/produit\/100-vasos-desechables-de-papel-blanco-20-cl\/"},"modified":"2026-05-03T02:10:17","modified_gmt":"2026-05-03T00:10:17","slug":"100-vasos-desechables-de-papel-blanco-20-cl","status":"publish","type":"product","link":"https:\/\/www.csj-emballages.com\/es\/produit\/100-vasos-desechables-de-papel-blanco-20-cl\/","title":{"rendered":"Vaso de papel blanco 21 cl por 50"},"content":{"rendered":"<h2>Vaso de cart\u00f3n<\/h2>\n<hr>\n<h3>Descripci\u00f3n de nuestro vaso de papel blanco 21 cl por 50<\/h3>\n<p><!--more--><\/p>\n<p data-start=\"209\" data-end=\"628\">Sencillo, limpio y eficaz: este <strong data-start=\"241\" data-end=\"271\">vaso de papel blanco de 21 cl<\/strong> tiene todo lo necesario para servir una bebida sin complicaciones. Su capacidad media es perfecta para caf\u00e9s largos, chocolate caliente y t\u00e9s, pero tambi\u00e9n para bebidas fr\u00edas en un evento o un descanso entre reuniones. Tiene algo pr\u00e1ctico que puede adaptarse a todas las situaciones cotidianas.  <\/p>\n<p data-start=\"630\" data-end=\"999\">Lo que lo hace tan atractivo es su sobriedad. Su <strong>blanco n\u00edtido<\/strong> da una impresi\u00f3n inmediata de limpieza y puede utilizarse en cualquier lugar: oficinas, salas de formaci\u00f3n, ferias, buffets, food-trucks&#8230; Dondequiera que se utilice, es discreto pero siempre \u00fatil. Adem\u00e1s, el <strong>visual impreso<\/strong> en el fondo del vaso a\u00f1ade un toque de informaci\u00f3n sin sobrecargar el dise\u00f1o.  <\/p>\n<p data-start=\"1001\" data-end=\"1373\">Fabricada en <strong>cart\u00f3n r\u00edgido<\/strong>, se mantiene en su sitio incluso con bebidas calientes. Sin laterales blandos ni sensaci\u00f3n inc\u00f3moda en la mano: puede transportarla, depositarla y rellenarla sin preocupaciones. Esta robustez tambi\u00e9n facilita el servicio a los clientes profesionales, que pueden preparar una bebida tras otra con total tranquilidad.  <\/p>\n<p data-start=\"1375\" data-end=\"1629\">El lote de <strong data-start=\"1385\" data-end=\"1398\">50 unidades<\/strong> facilita la gesti\u00f3n de la asistencia sin almacenar demasiado. Es la cantidad ideal para equipos peque\u00f1os, reuniones frecuentes, eventos puntuales o establecimientos que quieran simplificar las cosas. <\/p>\n<p data-start=\"1631\" data-end=\"1760\">En resumen, este <strong>vaso blanco<\/strong> es un peque\u00f1o imprescindible: discreto, fiable y siempre dispuesto a ayudar, sea cual sea la ocasi\u00f3n.<\/p>\n<p><!--more--><\/p>\n<h4><strong>Ventajas :<\/strong><\/h4>\n<ul>\n<li data-start=\"1788\" data-end=\"1822\">Capacidad vers\u00e1til <strong>de 21 cl.<\/strong><\/li>\n<li data-start=\"1825\" data-end=\"1861\">Elegante dise\u00f1o blanco, polivalente.<\/li>\n<li data-start=\"1864\" data-end=\"1915\">Cart\u00f3n r\u00edgido, bueno con bebidas calientes.<\/li>\n<li data-start=\"1918\" data-end=\"1939\">Pr\u00e1ctico paquete de <strong>50<\/strong>.<\/li>\n<li data-start=\"1942\" data-end=\"1996\">Ideal para oficinas, eventos y establecimientos de comida r\u00e1pida.<\/li>\n<\/ul>\n<p>&nbsp;<\/p>\n<p><!--more--><\/p>\n<h4>Informaci\u00f3n adicional :<\/h4>\n<ul>\n<li><strong>Envase<\/strong>: Paquete de 50<\/li>\n<li><b>Volumen <\/b>: 21 cl<\/li>\n<li><strong>Color<\/strong>: blanco<\/li>\n<li><strong>Material<\/strong>: Cart\u00f3n<\/li>\n<li><strong>Temperatura de funcionamiento<\/strong>: -20\u00b0C \/ +100\u00b0C<\/li>\n<li>Contiene pel\u00edcula de PE en el interior<\/li>\n<\/ul>\n<p>&nbsp;<\/p>\n<p><!--more--><\/p>\n<p>Disponible en diferentes tama\u00f1os: <span style=\"color: #d12727;\"><a style=\"color: #d12727;\" href=\"https:\/\/www.csj-emballages.com\/produit\/100-gobelets-carton-blancs-jetables-12cl\/\">12 cl<\/a><\/span> \/ <span style=\"color: #d12727;\"><a style=\"color: #d12727;\" href=\"https:\/\/www.csj-emballages.com\/produit\/100-gobelets-carton-blancs-jetables-17-5-cl\/\">17,5 cl<\/a><\/span> \/ <span style=\"color: #d12727;\"><a style=\"color: #d12727;\" href=\"https:\/\/www.csj-emballages.com\/produit\/50-gobelets-carton-blancs-jetables-24-cl\/\">24 cl<\/a><\/span><\/p>\n<p>&nbsp;<\/p>\n<p><!--more--><\/p>\n<p><a href=\"\/?product_cat=gobelets-gobelets-boissons-chaudes\">Consulte el resto de nuestra gama de vasos de papel aqu\u00ed<\/a><\/p>\n","protected":false},"excerpt":{"rendered":"<p>Vaso de cart\u00f3n Descripci\u00f3n de nuestro vaso de papel blanco 21 cl por 50<\/p>\n","protected":false},"featured_media":189220,"template":"","meta":{"_acf_changed":false},"product_brand":[],"product_cat":[1150,1179,1462,9240,9241,1163],"product_tag":[],"class_list":{"0":"post-18957","1":"product","2":"type-product","3":"status-publish","4":"has-post-thumbnail","6":"product_cat-envasado-de-alimentos","7":"product_cat-catering-es","8":"product_cat-tazas-vasos-cubos-botellas","9":"product_cat-vasos-de-carton","10":"product_cat-tazas-blancas","11":"product_cat-gama-ecologica","13":"first","14":"instock","15":"taxable","16":"shipping-taxable","17":"purchasable","18":"product-type-simple"},"acf":[],"yoast_head":"<!-- This site is optimized with the Yoast SEO Premium plugin v26.6 (Yoast SEO v26.6) - https:\/\/yoast.com\/wordpress\/plugins\/seo\/ -->\n<title>Vaso de Cart\u00f3n Blanco - 21cl<\/title>\n<meta name=\"description\" content=\"Descubra nuestro vaso de papel blanco de 21cl: ecol\u00f3gico, resistente y atractivo. Perfecto para bebidas fr\u00edas y calientes, eventos y oficinas.\" \/>\n<meta name=\"robots\" content=\"index, follow, max-snippet:-1, max-image-preview:large, max-video-preview:-1\" \/>\n<link rel=\"canonical\" href=\"https:\/\/www.csj-emballages.com\/es\/produit\/100-vasos-desechables-de-papel-blanco-20-cl\/\" \/>\n<meta property=\"og:locale\" content=\"es_ES\" \/>\n<meta property=\"og:type\" content=\"article\" \/>\n<meta property=\"og:title\" content=\"Vaso de papel blanco 21 cl por 50\" \/>\n<meta property=\"og:description\" content=\"Descubra nuestro vaso de papel blanco de 21cl: ecol\u00f3gico, resistente y atractivo. Perfecto para bebidas fr\u00edas y calientes, eventos y oficinas.\" \/>\n<meta property=\"og:url\" content=\"https:\/\/www.csj-emballages.com\/es\/produit\/100-vasos-desechables-de-papel-blanco-20-cl\/\" \/>\n<meta property=\"og:site_name\" content=\"CSJ Emballages\" \/>\n<meta property=\"article:publisher\" content=\"https:\/\/www.facebook.com\/csjemballages\" \/>\n<meta property=\"article:modified_time\" content=\"2026-05-03T00:10:17+00:00\" \/>\n<meta property=\"og:image\" content=\"https:\/\/www.csj-emballages.com\/wp-content\/uploads\/2024\/03\/377BLA.webp\" \/>\n\t<meta property=\"og:image:width\" content=\"798\" \/>\n\t<meta property=\"og:image:height\" content=\"798\" \/>\n\t<meta property=\"og:image:type\" content=\"image\/webp\" \/>\n<meta name=\"twitter:card\" content=\"summary_large_image\" \/>\n<meta name=\"twitter:label1\" content=\"Tiempo de lectura\" \/>\n\t<meta name=\"twitter:data1\" content=\"2 minutos\" \/>\n<script type=\"application\/ld+json\" class=\"yoast-schema-graph\">{\"@context\":\"https:\/\/schema.org\",\"@graph\":[{\"@type\":\"WebPage\",\"@id\":\"https:\/\/www.csj-emballages.com\/es\/produit\/100-vasos-desechables-de-papel-blanco-20-cl\/\",\"url\":\"https:\/\/www.csj-emballages.com\/es\/produit\/100-vasos-desechables-de-papel-blanco-20-cl\/\",\"name\":\"Vaso de Cart\u00f3n Blanco - 21cl\",\"isPartOf\":{\"@id\":\"https:\/\/www.csj-emballages.com\/es\/#website\"},\"primaryImageOfPage\":{\"@id\":\"https:\/\/www.csj-emballages.com\/es\/produit\/100-vasos-desechables-de-papel-blanco-20-cl\/#primaryimage\"},\"image\":{\"@id\":\"https:\/\/www.csj-emballages.com\/es\/produit\/100-vasos-desechables-de-papel-blanco-20-cl\/#primaryimage\"},\"thumbnailUrl\":\"https:\/\/www.csj-emballages.com\/wp-content\/uploads\/2024\/03\/377BLA.webp\",\"datePublished\":\"2024-03-01T15:57:45+00:00\",\"dateModified\":\"2026-05-03T00:10:17+00:00\",\"description\":\"Descubra nuestro vaso de papel blanco de 21cl: ecol\u00f3gico, resistente y atractivo. Perfecto para bebidas fr\u00edas y calientes, eventos y oficinas.\",\"breadcrumb\":{\"@id\":\"https:\/\/www.csj-emballages.com\/es\/produit\/100-vasos-desechables-de-papel-blanco-20-cl\/#breadcrumb\"},\"inLanguage\":\"es\",\"potentialAction\":[{\"@type\":\"ReadAction\",\"target\":[\"https:\/\/www.csj-emballages.com\/es\/produit\/100-vasos-desechables-de-papel-blanco-20-cl\/\"]}]},{\"@type\":\"ImageObject\",\"inLanguage\":\"es\",\"@id\":\"https:\/\/www.csj-emballages.com\/es\/produit\/100-vasos-desechables-de-papel-blanco-20-cl\/#primaryimage\",\"url\":\"https:\/\/www.csj-emballages.com\/wp-content\/uploads\/2024\/03\/377BLA.webp\",\"contentUrl\":\"https:\/\/www.csj-emballages.com\/wp-content\/uploads\/2024\/03\/377BLA.webp\",\"width\":798,\"height\":798,\"caption\":\"gobelet carton\"},{\"@type\":\"BreadcrumbList\",\"@id\":\"https:\/\/www.csj-emballages.com\/es\/produit\/100-vasos-desechables-de-papel-blanco-20-cl\/#breadcrumb\",\"itemListElement\":[{\"@type\":\"ListItem\",\"position\":1,\"name\":\"Accueil\",\"item\":\"https:\/\/www.csj-emballages.com\/es\/universo-del-envasado-alimentario\/\"},{\"@type\":\"ListItem\",\"position\":2,\"name\":\"Tienda\",\"item\":\"https:\/\/www.csj-emballages.com\/tienda\/\"},{\"@type\":\"ListItem\",\"position\":3,\"name\":\"Vaso de papel blanco 21 cl por 50\"}]},{\"@type\":\"WebSite\",\"@id\":\"https:\/\/www.csj-emballages.com\/es\/#website\",\"url\":\"https:\/\/www.csj-emballages.com\/es\/\",\"name\":\"CSJ Emballages\",\"description\":\"\",\"publisher\":{\"@id\":\"https:\/\/www.csj-emballages.com\/es\/#organization\"},\"potentialAction\":[{\"@type\":\"SearchAction\",\"target\":{\"@type\":\"EntryPoint\",\"urlTemplate\":\"https:\/\/www.csj-emballages.com\/es\/?s={search_term_string}\"},\"query-input\":{\"@type\":\"PropertyValueSpecification\",\"valueRequired\":true,\"valueName\":\"search_term_string\"}}],\"inLanguage\":\"es\"},{\"@type\":\"Organization\",\"@id\":\"https:\/\/www.csj-emballages.com\/es\/#Organization\/\",\"name\":\"CSJ Emballages\",\"url\":\"https:\/\/www.csj-emballages.com\/es\/\",\"logo\":{\"@type\":\"ImageObject\",\"inLanguage\":\"es\",\"@id\":\"https:\/\/www.csj-emballages.com\/es\/#\/schema\/logo\/image\/\",\"url\":\"https:\/\/www.csj-emballages.com\/wp-content\/uploads\/2023\/10\/logo_csj.webp\",\"contentUrl\":\"https:\/\/www.csj-emballages.com\/wp-content\/uploads\/2023\/10\/logo_csj.webp\",\"width\":250,\"height\":95,\"caption\":\"CSJ Emballages\"},\"image\":{\"@id\":\"https:\/\/www.csj-emballages.com\/es\/#\/schema\/logo\/image\/\"},\"sameAs\":[\"https:\/\/www.facebook.com\/csjemballages\"],\"address\":{\"@type\":\"PostalAddress\",\"streetAddress\":\"ZI La Lechere\",\"addressLocality\":\"Patornay\",\"postalCode\":\"39130\",\"addressCountry\":\"FR\"},\"contactPoint\":[{\"@type\":\"ContactPoint\",\"contactType\":\"Service client\",\"telephone\":\"0384254272\",\"email\":\"contact@csj-emballages.com\"}]}]}<\/script>\n<!-- \/ Yoast SEO Premium plugin. -->","yoast_head_json":{"title":"Vaso de Cart\u00f3n Blanco - 21cl","description":"Descubra nuestro vaso de papel blanco de 21cl: ecol\u00f3gico, resistente y atractivo. Perfecto para bebidas fr\u00edas y calientes, eventos y oficinas.","robots":{"index":"index","follow":"follow","max-snippet":"max-snippet:-1","max-image-preview":"max-image-preview:large","max-video-preview":"max-video-preview:-1"},"canonical":"https:\/\/www.csj-emballages.com\/es\/produit\/100-vasos-desechables-de-papel-blanco-20-cl\/","og_locale":"es_ES","og_type":"article","og_title":"Vaso de papel blanco 21 cl por 50","og_description":"Descubra nuestro vaso de papel blanco de 21cl: ecol\u00f3gico, resistente y atractivo. Perfecto para bebidas fr\u00edas y calientes, eventos y oficinas.","og_url":"https:\/\/www.csj-emballages.com\/es\/produit\/100-vasos-desechables-de-papel-blanco-20-cl\/","og_site_name":"CSJ Emballages","article_publisher":"https:\/\/www.facebook.com\/csjemballages","article_modified_time":"2026-05-03T00:10:17+00:00","og_image":[{"width":798,"height":798,"url":"https:\/\/www.csj-emballages.com\/wp-content\/uploads\/2024\/03\/377BLA.webp","type":"image\/webp"}],"twitter_card":"summary_large_image","twitter_misc":{"Tiempo de lectura":"2 minutos"},"schema":{"@context":"https:\/\/schema.org","@graph":[{"@type":"WebPage","@id":"https:\/\/www.csj-emballages.com\/es\/produit\/100-vasos-desechables-de-papel-blanco-20-cl\/","url":"https:\/\/www.csj-emballages.com\/es\/produit\/100-vasos-desechables-de-papel-blanco-20-cl\/","name":"Vaso de Cart\u00f3n Blanco - 21cl","isPartOf":{"@id":"https:\/\/www.csj-emballages.com\/es\/#website"},"primaryImageOfPage":{"@id":"https:\/\/www.csj-emballages.com\/es\/produit\/100-vasos-desechables-de-papel-blanco-20-cl\/#primaryimage"},"image":{"@id":"https:\/\/www.csj-emballages.com\/es\/produit\/100-vasos-desechables-de-papel-blanco-20-cl\/#primaryimage"},"thumbnailUrl":"https:\/\/www.csj-emballages.com\/wp-content\/uploads\/2024\/03\/377BLA.webp","datePublished":"2024-03-01T15:57:45+00:00","dateModified":"2026-05-03T00:10:17+00:00","description":"Descubra nuestro vaso de papel blanco de 21cl: ecol\u00f3gico, resistente y atractivo. Perfecto para bebidas fr\u00edas y calientes, eventos y oficinas.","breadcrumb":{"@id":"https:\/\/www.csj-emballages.com\/es\/produit\/100-vasos-desechables-de-papel-blanco-20-cl\/#breadcrumb"},"inLanguage":"es","potentialAction":[{"@type":"ReadAction","target":["https:\/\/www.csj-emballages.com\/es\/produit\/100-vasos-desechables-de-papel-blanco-20-cl\/"]}]},{"@type":"ImageObject","inLanguage":"es","@id":"https:\/\/www.csj-emballages.com\/es\/produit\/100-vasos-desechables-de-papel-blanco-20-cl\/#primaryimage","url":"https:\/\/www.csj-emballages.com\/wp-content\/uploads\/2024\/03\/377BLA.webp","contentUrl":"https:\/\/www.csj-emballages.com\/wp-content\/uploads\/2024\/03\/377BLA.webp","width":798,"height":798,"caption":"gobelet carton"},{"@type":"BreadcrumbList","@id":"https:\/\/www.csj-emballages.com\/es\/produit\/100-vasos-desechables-de-papel-blanco-20-cl\/#breadcrumb","itemListElement":[{"@type":"ListItem","position":1,"name":"Accueil","item":"https:\/\/www.csj-emballages.com\/es\/universo-del-envasado-alimentario\/"},{"@type":"ListItem","position":2,"name":"Tienda","item":"https:\/\/www.csj-emballages.com\/tienda\/"},{"@type":"ListItem","position":3,"name":"Vaso de papel blanco 21 cl por 50"}]},{"@type":"WebSite","@id":"https:\/\/www.csj-emballages.com\/es\/#website","url":"https:\/\/www.csj-emballages.com\/es\/","name":"CSJ Emballages","description":"","publisher":{"@id":"https:\/\/www.csj-emballages.com\/es\/#organization"},"potentialAction":[{"@type":"SearchAction","target":{"@type":"EntryPoint","urlTemplate":"https:\/\/www.csj-emballages.com\/es\/?s={search_term_string}"},"query-input":{"@type":"PropertyValueSpecification","valueRequired":true,"valueName":"search_term_string"}}],"inLanguage":"es"},{"@type":"Organization","@id":"https:\/\/www.csj-emballages.com\/es\/#Organization\/","name":"CSJ Emballages","url":"https:\/\/www.csj-emballages.com\/es\/","logo":{"@type":"ImageObject","inLanguage":"es","@id":"https:\/\/www.csj-emballages.com\/es\/#\/schema\/logo\/image\/","url":"https:\/\/www.csj-emballages.com\/wp-content\/uploads\/2023\/10\/logo_csj.webp","contentUrl":"https:\/\/www.csj-emballages.com\/wp-content\/uploads\/2023\/10\/logo_csj.webp","width":250,"height":95,"caption":"CSJ Emballages"},"image":{"@id":"https:\/\/www.csj-emballages.com\/es\/#\/schema\/logo\/image\/"},"sameAs":["https:\/\/www.facebook.com\/csjemballages"],"address":{"@type":"PostalAddress","streetAddress":"ZI La Lechere","addressLocality":"Patornay","postalCode":"39130","addressCountry":"FR"},"contactPoint":[{"@type":"ContactPoint","contactType":"Service client","telephone":"0384254272","email":"contact@csj-emballages.com"}]}]}},"df_price":1.37,"df_sale_price":"","df_regular_price":1.37,"df_image_link":"https:\/\/www.csj-emballages.com\/wp-content\/uploads\/2024\/03\/377BLA-300x300.webp","tiered_pricing_type":"fixed","tiered_pricing_fixed_rules":[],"tiered_pricing_percentage_rules":[],"tiered_pricing_minimum":1,"tiered_pricing_roles_data":[],"_links":{"self":[{"href":"https:\/\/www.csj-emballages.com\/es\/wp-json\/wp\/v2\/product\/18957","targetHints":{"allow":["GET"]}}],"collection":[{"href":"https:\/\/www.csj-emballages.com\/es\/wp-json\/wp\/v2\/product"}],"about":[{"href":"https:\/\/www.csj-emballages.com\/es\/wp-json\/wp\/v2\/types\/product"}],"wp:featuredmedia":[{"embeddable":true,"href":"https:\/\/www.csj-emballages.com\/es\/wp-json\/wp\/v2\/media\/189220"}],"wp:attachment":[{"href":"https:\/\/www.csj-emballages.com\/es\/wp-json\/wp\/v2\/media?parent=18957"}],"wp:term":[{"taxonomy":"product_brand","embeddable":true,"href":"https:\/\/www.csj-emballages.com\/es\/wp-json\/wp\/v2\/product_brand?post=18957"},{"taxonomy":"product_cat","embeddable":true,"href":"https:\/\/www.csj-emballages.com\/es\/wp-json\/wp\/v2\/product_cat?post=18957"},{"taxonomy":"product_tag","embeddable":true,"href":"https:\/\/www.csj-emballages.com\/es\/wp-json\/wp\/v2\/product_tag?post=18957"}],"curies":[{"name":"wp","href":"https:\/\/api.w.org\/{rel}","templated":true}]}}