{"id":18947,"date":"2024-03-01T16:59:10","date_gmt":"2024-03-01T15:59:10","guid":{"rendered":"https:\/\/u15jnbdpoq.preview.infomaniak.website\/produit\/1-tapon-blanco-para-botellas-de-38-mm\/"},"modified":"2026-04-01T17:45:41","modified_gmt":"2026-04-01T15:45:41","slug":"1-tapon-blanco-para-botellas-de-38-mm","status":"publish","type":"product","link":"https:\/\/www.csj-emballages.com\/es\/produit\/1-tapon-blanco-para-botellas-de-38-mm\/","title":{"rendered":"Tap\u00f3n de botella blanco de 38 mm"},"content":{"rendered":"<h2>Tap\u00f3n de botella<\/h2>\n<hr>\n<h3>Descubra nuestro tap\u00f3n de botella blanco de 38 mm por 1<\/h3>\n<p><!--more--><\/p>\n<div class=\"flex max-w-full flex-col flex-grow\">\n<div class=\"min-h-8 text-message flex w-full flex-col items-end gap-2 whitespace-normal break-words text-start [.text-message+&amp;]:mt-5\" dir=\"auto\" data-message-author-role=\"assistant\" data-message-id=\"06bf7cfe-6134-4ab1-9ac4-baf22d30627f\" data-message-model-slug=\"gpt-4o-mini\">\n<div class=\"flex w-full flex-col gap-1 empty:hidden first:pt-[3px]\">\n<div class=\"markdown prose w-full break-words dark:prose-invert light\">\n<p data-start=\"315\" data-end=\"727\">Este <strong>tap\u00f3n de pl\u00e1stico blanco<\/strong> es la peque\u00f1a pieza que marca la diferencia cuando se trata de cerrar eficazmente una <strong>botella o un frasco<\/strong>. De aspecto sencillo, pero muy pr\u00e1ctico en el uso diario, garantiza un cierre limpio, ordenado y perfectamente herm\u00e9tico. Gracias a su precisa <strong>rosca<\/strong>, puede enroscarse con un solo movimiento y se mantiene firmemente en su sitio, evitando fugas y protegiendo el contenido, incluso durante el transporte.  <\/p>\n<p data-start=\"729\" data-end=\"1067\">Su <strong>superficie lisa y su color blanco<\/strong> proporcionan un acabado limpio y profesional, ya sea para alimentos l\u00edquidos, preparados artesanales, cosm\u00e9ticos o soluciones t\u00e9cnicas. Es ideal tanto para empresas como para consumidores que buscan un cierre fiable y compatible con una gran variedad de usos. <\/p>\n<p data-start=\"1069\" data-end=\"1344\">Al ser de <strong>pl\u00e1stico<\/strong>, es muy resistente a la manipulaci\u00f3n repetida. Puedes abrirla y cerrarla varias veces sin que se altere su forma. <\/p>\n<p data-start=\"1346\" data-end=\"1681\">Tanto si lo utiliza para asegurar una botella de muestra, finalizar un producto envasado o sustituir un tap\u00f3n perdido, este modelo ofrece una soluci\u00f3n sencilla, duradera y pr\u00e1ctica. En resumen, se integra f\u00e1cilmente en su l\u00ednea de producci\u00f3n o en su organizaci\u00f3n diaria, al tiempo que garantiza un cierre fiable a lo largo del tiempo. <\/p>\n<p>&nbsp;<\/p>\n<\/div>\n<\/div>\n<\/div>\n<\/div>\n<p><!--more--><\/p>\n<h4>Informaci\u00f3n adicional :<\/h4>\n<ul>\n<li><strong>Embalaje<\/strong>: Se vende individualmente<\/li>\n<li><strong>Color<\/strong>: blanco<\/li>\n<li><strong>Di\u00e1metro<\/strong>: 38 mm<\/li>\n<li><strong>Altura<\/strong>: 15 mm<\/li>\n<\/ul>\n<p>&nbsp;<\/p>\n<p><!--more--><\/p>\n<p><a href=\"https:\/\/www.csj-emballages.com\/es\/categorie-produit\/envasado-de-alimentos\/catering-es\/tazas-vasos-cubos-botellas\/botellas-de-plastico\/\">Ver el resto de nuestra gama de botellas de pl\u00e1stico<\/a><\/p>\n<div class=\"mb-2 flex gap-3 empty:hidden -ml-2\">\n<div class=\"items-center justify-start rounded-xl p-1 flex\">\n<div class=\"flex items-center\">\n<div class=\"flex items-center pb-0\"><\/div>\n<\/div>\n<\/div>\n<\/div>\n","protected":false},"excerpt":{"rendered":"<p>Tap\u00f3n de botella Descubra nuestro tap\u00f3n de botella blanco de 38 mm por 1<\/p>\n","protected":false},"featured_media":198135,"template":"","meta":{"_acf_changed":false},"product_brand":[],"product_cat":[1150,1143,1179,1986],"product_tag":[],"class_list":{"0":"post-18947","1":"product","2":"type-product","3":"status-publish","4":"has-post-thumbnail","6":"product_cat-envasado-de-alimentos","7":"product_cat-carniceria-y-charcuteria","8":"product_cat-catering-es","9":"product_cat-botellas-de-plastico","11":"first","12":"instock","13":"taxable","14":"shipping-taxable","15":"purchasable","16":"product-type-simple"},"acf":[],"yoast_head":"<!-- This site is optimized with the Yoast SEO Premium plugin v26.6 (Yoast SEO v26.6) - https:\/\/yoast.com\/wordpress\/plugins\/seo\/ -->\n<title>Blanco Tap\u00f3n de botella<\/title>\n<meta name=\"description\" content=\"Descubra nuestro tap\u00f3n de botella blanco de 38 mm. Este producto se vende individualmente o en cajas de 3.400 unidades.\" \/>\n<meta name=\"robots\" content=\"index, follow, max-snippet:-1, max-image-preview:large, max-video-preview:-1\" \/>\n<link rel=\"canonical\" href=\"https:\/\/www.csj-emballages.com\/es\/produit\/1-tapon-blanco-para-botellas-de-38-mm\/\" \/>\n<meta property=\"og:locale\" content=\"es_ES\" \/>\n<meta property=\"og:type\" content=\"article\" \/>\n<meta property=\"og:title\" content=\"Tap\u00f3n de botella blanco de 38 mm\" \/>\n<meta property=\"og:description\" content=\"Descubra nuestro tap\u00f3n de botella blanco de 38 mm. Este producto se vende individualmente o en cajas de 3.400 unidades.\" \/>\n<meta property=\"og:url\" content=\"https:\/\/www.csj-emballages.com\/es\/produit\/1-tapon-blanco-para-botellas-de-38-mm\/\" \/>\n<meta property=\"og:site_name\" content=\"CSJ Emballages\" \/>\n<meta property=\"article:publisher\" content=\"https:\/\/www.facebook.com\/csjemballages\" \/>\n<meta property=\"article:modified_time\" content=\"2026-04-01T15:45:41+00:00\" \/>\n<meta property=\"og:image\" content=\"https:\/\/www.csj-emballages.com\/wp-content\/uploads\/2024\/03\/bouchon-blanc.webp\" \/>\n\t<meta property=\"og:image:width\" content=\"801\" \/>\n\t<meta property=\"og:image:height\" content=\"802\" \/>\n\t<meta property=\"og:image:type\" content=\"image\/webp\" \/>\n<meta name=\"twitter:card\" content=\"summary_large_image\" \/>\n<script type=\"application\/ld+json\" class=\"yoast-schema-graph\">{\"@context\":\"https:\/\/schema.org\",\"@graph\":[{\"@type\":\"WebPage\",\"@id\":\"https:\/\/www.csj-emballages.com\/es\/produit\/1-tapon-blanco-para-botellas-de-38-mm\/\",\"url\":\"https:\/\/www.csj-emballages.com\/es\/produit\/1-tapon-blanco-para-botellas-de-38-mm\/\",\"name\":\"Blanco Tap\u00f3n de botella\",\"isPartOf\":{\"@id\":\"https:\/\/www.csj-emballages.com\/es\/#website\"},\"primaryImageOfPage\":{\"@id\":\"https:\/\/www.csj-emballages.com\/es\/produit\/1-tapon-blanco-para-botellas-de-38-mm\/#primaryimage\"},\"image\":{\"@id\":\"https:\/\/www.csj-emballages.com\/es\/produit\/1-tapon-blanco-para-botellas-de-38-mm\/#primaryimage\"},\"thumbnailUrl\":\"https:\/\/www.csj-emballages.com\/wp-content\/uploads\/2024\/03\/bouchon-blanc.webp\",\"datePublished\":\"2024-03-01T15:59:10+00:00\",\"dateModified\":\"2026-04-01T15:45:41+00:00\",\"description\":\"Descubra nuestro tap\u00f3n de botella blanco de 38 mm. Este producto se vende individualmente o en cajas de 3.400 unidades.\",\"breadcrumb\":{\"@id\":\"https:\/\/www.csj-emballages.com\/es\/produit\/1-tapon-blanco-para-botellas-de-38-mm\/#breadcrumb\"},\"inLanguage\":\"es\",\"potentialAction\":[{\"@type\":\"ReadAction\",\"target\":[\"https:\/\/www.csj-emballages.com\/es\/produit\/1-tapon-blanco-para-botellas-de-38-mm\/\"]}]},{\"@type\":\"ImageObject\",\"inLanguage\":\"es\",\"@id\":\"https:\/\/www.csj-emballages.com\/es\/produit\/1-tapon-blanco-para-botellas-de-38-mm\/#primaryimage\",\"url\":\"https:\/\/www.csj-emballages.com\/wp-content\/uploads\/2024\/03\/bouchon-blanc.webp\",\"contentUrl\":\"https:\/\/www.csj-emballages.com\/wp-content\/uploads\/2024\/03\/bouchon-blanc.webp\",\"width\":801,\"height\":802,\"caption\":\"Bouchon de bouteille\"},{\"@type\":\"BreadcrumbList\",\"@id\":\"https:\/\/www.csj-emballages.com\/es\/produit\/1-tapon-blanco-para-botellas-de-38-mm\/#breadcrumb\",\"itemListElement\":[{\"@type\":\"ListItem\",\"position\":1,\"name\":\"Accueil\",\"item\":\"https:\/\/www.csj-emballages.com\/es\/universo-del-envasado-alimentario\/\"},{\"@type\":\"ListItem\",\"position\":2,\"name\":\"Tienda\",\"item\":\"https:\/\/www.csj-emballages.com\/tienda\/\"},{\"@type\":\"ListItem\",\"position\":3,\"name\":\"Tap\u00f3n de botella blanco de 38 mm\"}]},{\"@type\":\"WebSite\",\"@id\":\"https:\/\/www.csj-emballages.com\/es\/#website\",\"url\":\"https:\/\/www.csj-emballages.com\/es\/\",\"name\":\"CSJ Emballages\",\"description\":\"\",\"publisher\":{\"@id\":\"https:\/\/www.csj-emballages.com\/es\/#organization\"},\"potentialAction\":[{\"@type\":\"SearchAction\",\"target\":{\"@type\":\"EntryPoint\",\"urlTemplate\":\"https:\/\/www.csj-emballages.com\/es\/?s={search_term_string}\"},\"query-input\":{\"@type\":\"PropertyValueSpecification\",\"valueRequired\":true,\"valueName\":\"search_term_string\"}}],\"inLanguage\":\"es\"},{\"@type\":\"Organization\",\"@id\":\"https:\/\/www.csj-emballages.com\/es\/#Organization\/\",\"name\":\"CSJ Emballages\",\"url\":\"https:\/\/www.csj-emballages.com\/es\/\",\"logo\":{\"@type\":\"ImageObject\",\"inLanguage\":\"es\",\"@id\":\"https:\/\/www.csj-emballages.com\/es\/#\/schema\/logo\/image\/\",\"url\":\"https:\/\/www.csj-emballages.com\/wp-content\/uploads\/2023\/10\/logo_csj.webp\",\"contentUrl\":\"https:\/\/www.csj-emballages.com\/wp-content\/uploads\/2023\/10\/logo_csj.webp\",\"width\":250,\"height\":95,\"caption\":\"CSJ Emballages\"},\"image\":{\"@id\":\"https:\/\/www.csj-emballages.com\/es\/#\/schema\/logo\/image\/\"},\"sameAs\":[\"https:\/\/www.facebook.com\/csjemballages\"],\"address\":{\"@type\":\"PostalAddress\",\"streetAddress\":\"ZI La Lechere\",\"addressLocality\":\"Patornay\",\"postalCode\":\"39130\",\"addressCountry\":\"FR\"},\"contactPoint\":[{\"@type\":\"ContactPoint\",\"contactType\":\"Service client\",\"telephone\":\"0384254272\",\"email\":\"contact@csj-emballages.com\"}]}]}<\/script>\n<!-- \/ Yoast SEO Premium plugin. -->","yoast_head_json":{"title":"Blanco Tap\u00f3n de botella","description":"Descubra nuestro tap\u00f3n de botella blanco de 38 mm. Este producto se vende individualmente o en cajas de 3.400 unidades.","robots":{"index":"index","follow":"follow","max-snippet":"max-snippet:-1","max-image-preview":"max-image-preview:large","max-video-preview":"max-video-preview:-1"},"canonical":"https:\/\/www.csj-emballages.com\/es\/produit\/1-tapon-blanco-para-botellas-de-38-mm\/","og_locale":"es_ES","og_type":"article","og_title":"Tap\u00f3n de botella blanco de 38 mm","og_description":"Descubra nuestro tap\u00f3n de botella blanco de 38 mm. Este producto se vende individualmente o en cajas de 3.400 unidades.","og_url":"https:\/\/www.csj-emballages.com\/es\/produit\/1-tapon-blanco-para-botellas-de-38-mm\/","og_site_name":"CSJ Emballages","article_publisher":"https:\/\/www.facebook.com\/csjemballages","article_modified_time":"2026-04-01T15:45:41+00:00","og_image":[{"width":801,"height":802,"url":"https:\/\/www.csj-emballages.com\/wp-content\/uploads\/2024\/03\/bouchon-blanc.webp","type":"image\/webp"}],"twitter_card":"summary_large_image","schema":{"@context":"https:\/\/schema.org","@graph":[{"@type":"WebPage","@id":"https:\/\/www.csj-emballages.com\/es\/produit\/1-tapon-blanco-para-botellas-de-38-mm\/","url":"https:\/\/www.csj-emballages.com\/es\/produit\/1-tapon-blanco-para-botellas-de-38-mm\/","name":"Blanco Tap\u00f3n de botella","isPartOf":{"@id":"https:\/\/www.csj-emballages.com\/es\/#website"},"primaryImageOfPage":{"@id":"https:\/\/www.csj-emballages.com\/es\/produit\/1-tapon-blanco-para-botellas-de-38-mm\/#primaryimage"},"image":{"@id":"https:\/\/www.csj-emballages.com\/es\/produit\/1-tapon-blanco-para-botellas-de-38-mm\/#primaryimage"},"thumbnailUrl":"https:\/\/www.csj-emballages.com\/wp-content\/uploads\/2024\/03\/bouchon-blanc.webp","datePublished":"2024-03-01T15:59:10+00:00","dateModified":"2026-04-01T15:45:41+00:00","description":"Descubra nuestro tap\u00f3n de botella blanco de 38 mm. Este producto se vende individualmente o en cajas de 3.400 unidades.","breadcrumb":{"@id":"https:\/\/www.csj-emballages.com\/es\/produit\/1-tapon-blanco-para-botellas-de-38-mm\/#breadcrumb"},"inLanguage":"es","potentialAction":[{"@type":"ReadAction","target":["https:\/\/www.csj-emballages.com\/es\/produit\/1-tapon-blanco-para-botellas-de-38-mm\/"]}]},{"@type":"ImageObject","inLanguage":"es","@id":"https:\/\/www.csj-emballages.com\/es\/produit\/1-tapon-blanco-para-botellas-de-38-mm\/#primaryimage","url":"https:\/\/www.csj-emballages.com\/wp-content\/uploads\/2024\/03\/bouchon-blanc.webp","contentUrl":"https:\/\/www.csj-emballages.com\/wp-content\/uploads\/2024\/03\/bouchon-blanc.webp","width":801,"height":802,"caption":"Bouchon de bouteille"},{"@type":"BreadcrumbList","@id":"https:\/\/www.csj-emballages.com\/es\/produit\/1-tapon-blanco-para-botellas-de-38-mm\/#breadcrumb","itemListElement":[{"@type":"ListItem","position":1,"name":"Accueil","item":"https:\/\/www.csj-emballages.com\/es\/universo-del-envasado-alimentario\/"},{"@type":"ListItem","position":2,"name":"Tienda","item":"https:\/\/www.csj-emballages.com\/tienda\/"},{"@type":"ListItem","position":3,"name":"Tap\u00f3n de botella blanco de 38 mm"}]},{"@type":"WebSite","@id":"https:\/\/www.csj-emballages.com\/es\/#website","url":"https:\/\/www.csj-emballages.com\/es\/","name":"CSJ Emballages","description":"","publisher":{"@id":"https:\/\/www.csj-emballages.com\/es\/#organization"},"potentialAction":[{"@type":"SearchAction","target":{"@type":"EntryPoint","urlTemplate":"https:\/\/www.csj-emballages.com\/es\/?s={search_term_string}"},"query-input":{"@type":"PropertyValueSpecification","valueRequired":true,"valueName":"search_term_string"}}],"inLanguage":"es"},{"@type":"Organization","@id":"https:\/\/www.csj-emballages.com\/es\/#Organization\/","name":"CSJ Emballages","url":"https:\/\/www.csj-emballages.com\/es\/","logo":{"@type":"ImageObject","inLanguage":"es","@id":"https:\/\/www.csj-emballages.com\/es\/#\/schema\/logo\/image\/","url":"https:\/\/www.csj-emballages.com\/wp-content\/uploads\/2023\/10\/logo_csj.webp","contentUrl":"https:\/\/www.csj-emballages.com\/wp-content\/uploads\/2023\/10\/logo_csj.webp","width":250,"height":95,"caption":"CSJ Emballages"},"image":{"@id":"https:\/\/www.csj-emballages.com\/es\/#\/schema\/logo\/image\/"},"sameAs":["https:\/\/www.facebook.com\/csjemballages"],"address":{"@type":"PostalAddress","streetAddress":"ZI La Lechere","addressLocality":"Patornay","postalCode":"39130","addressCountry":"FR"},"contactPoint":[{"@type":"ContactPoint","contactType":"Service client","telephone":"0384254272","email":"contact@csj-emballages.com"}]}]}},"df_price":0.12,"df_sale_price":"","df_regular_price":0.12,"df_image_link":"https:\/\/www.csj-emballages.com\/wp-content\/uploads\/2024\/03\/bouchon-blanc-300x300.webp","tiered_pricing_type":"fixed","tiered_pricing_fixed_rules":[],"tiered_pricing_percentage_rules":[],"tiered_pricing_minimum":1,"tiered_pricing_roles_data":[],"_links":{"self":[{"href":"https:\/\/www.csj-emballages.com\/es\/wp-json\/wp\/v2\/product\/18947","targetHints":{"allow":["GET"]}}],"collection":[{"href":"https:\/\/www.csj-emballages.com\/es\/wp-json\/wp\/v2\/product"}],"about":[{"href":"https:\/\/www.csj-emballages.com\/es\/wp-json\/wp\/v2\/types\/product"}],"wp:featuredmedia":[{"embeddable":true,"href":"https:\/\/www.csj-emballages.com\/es\/wp-json\/wp\/v2\/media\/198135"}],"wp:attachment":[{"href":"https:\/\/www.csj-emballages.com\/es\/wp-json\/wp\/v2\/media?parent=18947"}],"wp:term":[{"taxonomy":"product_brand","embeddable":true,"href":"https:\/\/www.csj-emballages.com\/es\/wp-json\/wp\/v2\/product_brand?post=18947"},{"taxonomy":"product_cat","embeddable":true,"href":"https:\/\/www.csj-emballages.com\/es\/wp-json\/wp\/v2\/product_cat?post=18947"},{"taxonomy":"product_tag","embeddable":true,"href":"https:\/\/www.csj-emballages.com\/es\/wp-json\/wp\/v2\/product_tag?post=18947"}],"curies":[{"name":"wp","href":"https:\/\/api.w.org\/{rel}","templated":true}]}}