{"id":18941,"date":"2024-03-01T16:59:11","date_gmt":"2024-03-01T15:59:11","guid":{"rendered":"https:\/\/u15jnbdpoq.preview.infomaniak.website\/produit\/trapecio-escoba-espuma-pegada-4-insertos-gasa-cierre-55-cm\/"},"modified":"2026-04-29T02:11:03","modified_gmt":"2026-04-29T00:11:03","slug":"trapecio-escoba-espuma-pegada-4-insertos-gasa-cierre-55-cm","status":"publish","type":"product","link":"https:\/\/www.csj-emballages.com\/es\/produit\/trapecio-escoba-espuma-pegada-4-insertos-gasa-cierre-55-cm\/","title":{"rendered":"Trapecio escoba espuma pegada 4 insertos gasa cierre 55 cm"},"content":{"rendered":"<h2>Trapecio escoba<\/h2>\n<hr>\n<h3>Descripci\u00f3n de nuestra escoba trapecio espuma pegada 4 insertos gasa cierre 55 cm<!--more--><\/h3>\n<div class=\"flex max-w-full flex-col flex-grow\">\n<div class=\"min-h-8 text-message flex w-full flex-col items-end gap-2 whitespace-normal break-words text-start [.text-message+&amp;]:mt-5\" dir=\"auto\" data-message-author-role=\"assistant\" data-message-id=\"266ca6f3-5e07-4948-bd20-80ac5e6da4a5\" data-message-model-slug=\"gpt-4o\">\n<div class=\"flex w-full flex-col gap-1 empty:hidden first:pt-[3px]\">\n<div class=\"markdown prose w-full break-words dark:prose-invert dark\">\n<p data-start=\"235\" data-end=\"646\">Este <strong data-start=\"238\" data-end=\"264\">trapeador trapezoidal de 55 cm<\/strong> es claramente un aliado fiable para la limpieza diaria de suelos. Desde el primer uso, se nota que ha sido dise\u00f1ado para ir directo al grano: cubrir una superficie amplia, <strong>capturar eficazmente el polvo<\/strong> y limitar los esfuerzos innecesarios. Gracias a su formato generoso, permite tratar r\u00e1pidamente las superficies, lo que es ideal en entornos profesionales donde el tiempo es oro.  <\/p>\n<p data-start=\"648\" data-end=\"1107\">Su <strong>espuma adherida<\/strong> aporta un verdadero valor a\u00f1adido. <strong>Atrapa el polvo, el pelo y las part\u00edculas finas<\/strong> sin desplazarlos, lo que evita tener que repasar varias veces el mismo sitio. Resultado: el suelo queda limpio a la primera pasada. Adem\u00e1s, los <strong data-start=\"897\" data-end=\"928\">4 insertos para la fijaci\u00f3n de la gasa<\/strong> aseguran una sujeci\u00f3n perfecta de la misma, incluso durante movimientos repetidos o en zonas amplias. Nada se desliza, nada se desprende, la limpieza sigue siendo fluida de principio a fin.    <\/p>\n<p data-start=\"1109\" data-end=\"1472\">Adem\u00e1s, su forma <strong>trapezoidal<\/strong> permite llegar m\u00e1s f\u00e1cilmente a las esquinas, los bordes de las paredes o las zonas de dif\u00edcil acceso. Es una verdadera ventaja para un mantenimiento esmerado, especialmente en oficinas, comercios, centros de salud o espacios colectivos. El <strong>sistema de fijaci\u00f3n<\/strong> es sencillo y r\u00e1pido, lo que permite cambiar la gasa sin perder tiempo.  <\/p>\n<p data-start=\"1474\" data-end=\"1736\">En resumen, este <strong>trapeador trapezoidal<\/strong> combina eficacia, comodidad de uso y fiabilidad. No pretende hacer demasiado, pero hace exactamente lo que se espera de \u00e9l: limpiar r\u00e1pido, bien y sin complicaciones. Una herramienta pr\u00e1ctica, pensada para durar y facilitar el d\u00eda a d\u00eda.  <\/p>\n<h3><\/h3>\n<\/div>\n<\/div>\n<\/div>\n<\/div>\n<p><!--more--><\/p>\n<h4>Ventajas :<\/h4>\n<ul>\n<li data-start=\"1764\" data-end=\"1807\"><strong>Ancho de 55 cm<\/strong> para una limpieza r\u00e1pida<\/li>\n<li data-start=\"1810\" data-end=\"1859\"><strong>Espuma adherida<\/strong> eficaz para capturar el polvo<\/li>\n<li data-start=\"1862\" data-end=\"1914\"><strong>4 insertos<\/strong> que aseguran una excelente sujeci\u00f3n de la gasa<\/li>\n<li data-start=\"1917\" data-end=\"1962\">F\u00e1cil acceso a esquinas y zonas de dif\u00edcil acceso<\/li>\n<li data-start=\"1965\" data-end=\"2007\">Adaptado a un uso profesional intensivo.<\/li>\n<\/ul>\n<p>&nbsp;<\/p>\n<p><!--more--><\/p>\n<h4>Informaci\u00f3n adicional :<\/h4>\n<ul>\n<li><strong>Embalaje<\/strong>: Se vende individualmente<\/li>\n<li><strong>Dimensiones<\/strong>: 550 x 95 x 30 mm (L x A x A)<\/li>\n<li><b>Color: <\/b>Azul<\/li>\n<li><strong>Capacidad<\/strong>: 4 plaquitas<\/li>\n<\/ul>\n<p>&nbsp;<\/p>\n<p><!--more--><\/p>\n<p>Encuentra aqu\u00ed las gasas compatibles con este producto: <span style=\"color: #d12727;\"><a style=\"color: #d12727;\" href=\"https:\/\/www.csj-emballages.com\/produit\/50-gazes-impregnees-roses-30-x-60-cm\/\">GAUZAS<\/a><\/span><\/p>\n<p>&nbsp;<\/p>\n<p><!--more--><\/p>\n<p><a href=\"https:\/\/www.csj-emballages.com\/es\/categorie-produit\/higiene-y-mantenimiento\/cepillos-y-escobas\/escoba-cepillo-plumero\/gama-velcro\/\">Ver el resto de nuestra gama de Velcro<\/a><\/p>\n<p>&nbsp;<\/p>\n","protected":false},"excerpt":{"rendered":"<p>Trapecio escoba Descripci\u00f3n de nuestra escoba trapecio espuma pegada 4 insertos gasa cierre 55 cm<\/p>\n","protected":false},"featured_media":221435,"template":"","meta":{"_acf_changed":false},"product_brand":[],"product_cat":[1226,1420,1832,1972],"product_tag":[],"class_list":{"0":"post-18941","1":"product","2":"type-product","3":"status-publish","4":"has-post-thumbnail","6":"product_cat-higiene-y-mantenimiento","7":"product_cat-cepillos-y-escobas","8":"product_cat-escoba-cepillo-plumero","9":"product_cat-gama-velcro","11":"first","12":"instock","13":"taxable","14":"shipping-taxable","15":"purchasable","16":"product-type-simple"},"acf":[],"yoast_head":"<!-- This site is optimized with the Yoast SEO Premium plugin v26.6 (Yoast SEO v26.6) - https:\/\/yoast.com\/wordpress\/plugins\/seo\/ -->\n<title>Trapecio Escoba Espuma Encolada 4 Insertos Accesorio Gasa 55 cm<\/title>\n<meta name=\"description\" content=\"Escoba trapecio de 55 cm con espuma aglomerada y 4 insertos de fijaci\u00f3n de gasa. Ideal para la limpieza eficaz de grandes superficies.\" \/>\n<meta name=\"robots\" content=\"index, follow, max-snippet:-1, max-image-preview:large, max-video-preview:-1\" \/>\n<link rel=\"canonical\" href=\"https:\/\/www.csj-emballages.com\/es\/produit\/trapecio-escoba-espuma-pegada-4-insertos-gasa-cierre-55-cm\/\" \/>\n<meta property=\"og:locale\" content=\"es_ES\" \/>\n<meta property=\"og:type\" content=\"article\" \/>\n<meta property=\"og:title\" content=\"Trapecio escoba espuma pegada 4 insertos gasa cierre 55 cm\" \/>\n<meta property=\"og:description\" content=\"Escoba trapecio de 55 cm con espuma aglomerada y 4 insertos de fijaci\u00f3n de gasa. Ideal para la limpieza eficaz de grandes superficies.\" \/>\n<meta property=\"og:url\" content=\"https:\/\/www.csj-emballages.com\/es\/produit\/trapecio-escoba-espuma-pegada-4-insertos-gasa-cierre-55-cm\/\" \/>\n<meta property=\"og:site_name\" content=\"CSJ Emballages\" \/>\n<meta property=\"article:publisher\" content=\"https:\/\/www.facebook.com\/csjemballages\" \/>\n<meta property=\"article:modified_time\" content=\"2026-04-29T00:11:03+00:00\" \/>\n<meta property=\"og:image\" content=\"https:\/\/www.csj-emballages.com\/wp-content\/uploads\/2024\/03\/262.webp\" \/>\n\t<meta property=\"og:image:width\" content=\"800\" \/>\n\t<meta property=\"og:image:height\" content=\"800\" \/>\n\t<meta property=\"og:image:type\" content=\"image\/webp\" \/>\n<meta name=\"twitter:card\" content=\"summary_large_image\" \/>\n<meta name=\"twitter:label1\" content=\"Tiempo de lectura\" \/>\n\t<meta name=\"twitter:data1\" content=\"2 minutos\" \/>\n<script type=\"application\/ld+json\" class=\"yoast-schema-graph\">{\"@context\":\"https:\/\/schema.org\",\"@graph\":[{\"@type\":\"WebPage\",\"@id\":\"https:\/\/www.csj-emballages.com\/es\/produit\/trapecio-escoba-espuma-pegada-4-insertos-gasa-cierre-55-cm\/\",\"url\":\"https:\/\/www.csj-emballages.com\/es\/produit\/trapecio-escoba-espuma-pegada-4-insertos-gasa-cierre-55-cm\/\",\"name\":\"Trapecio Escoba Espuma Encolada 4 Insertos Accesorio Gasa 55 cm\",\"isPartOf\":{\"@id\":\"https:\/\/www.csj-emballages.com\/es\/#website\"},\"primaryImageOfPage\":{\"@id\":\"https:\/\/www.csj-emballages.com\/es\/produit\/trapecio-escoba-espuma-pegada-4-insertos-gasa-cierre-55-cm\/#primaryimage\"},\"image\":{\"@id\":\"https:\/\/www.csj-emballages.com\/es\/produit\/trapecio-escoba-espuma-pegada-4-insertos-gasa-cierre-55-cm\/#primaryimage\"},\"thumbnailUrl\":\"https:\/\/www.csj-emballages.com\/wp-content\/uploads\/2024\/03\/262.webp\",\"datePublished\":\"2024-03-01T15:59:11+00:00\",\"dateModified\":\"2026-04-29T00:11:03+00:00\",\"description\":\"Escoba trapecio de 55 cm con espuma aglomerada y 4 insertos de fijaci\u00f3n de gasa. Ideal para la limpieza eficaz de grandes superficies.\",\"breadcrumb\":{\"@id\":\"https:\/\/www.csj-emballages.com\/es\/produit\/trapecio-escoba-espuma-pegada-4-insertos-gasa-cierre-55-cm\/#breadcrumb\"},\"inLanguage\":\"es\",\"potentialAction\":[{\"@type\":\"ReadAction\",\"target\":[\"https:\/\/www.csj-emballages.com\/es\/produit\/trapecio-escoba-espuma-pegada-4-insertos-gasa-cierre-55-cm\/\"]}]},{\"@type\":\"ImageObject\",\"inLanguage\":\"es\",\"@id\":\"https:\/\/www.csj-emballages.com\/es\/produit\/trapecio-escoba-espuma-pegada-4-insertos-gasa-cierre-55-cm\/#primaryimage\",\"url\":\"https:\/\/www.csj-emballages.com\/wp-content\/uploads\/2024\/03\/262.webp\",\"contentUrl\":\"https:\/\/www.csj-emballages.com\/wp-content\/uploads\/2024\/03\/262.webp\",\"width\":800,\"height\":800,\"caption\":\"Balai trap\u00e8ze\"},{\"@type\":\"BreadcrumbList\",\"@id\":\"https:\/\/www.csj-emballages.com\/es\/produit\/trapecio-escoba-espuma-pegada-4-insertos-gasa-cierre-55-cm\/#breadcrumb\",\"itemListElement\":[{\"@type\":\"ListItem\",\"position\":1,\"name\":\"Accueil\",\"item\":\"https:\/\/www.csj-emballages.com\/es\/universo-del-envasado-alimentario\/\"},{\"@type\":\"ListItem\",\"position\":2,\"name\":\"Tienda\",\"item\":\"https:\/\/www.csj-emballages.com\/tienda\/\"},{\"@type\":\"ListItem\",\"position\":3,\"name\":\"Trapecio escoba espuma pegada 4 insertos gasa cierre 55 cm\"}]},{\"@type\":\"WebSite\",\"@id\":\"https:\/\/www.csj-emballages.com\/es\/#website\",\"url\":\"https:\/\/www.csj-emballages.com\/es\/\",\"name\":\"CSJ Emballages\",\"description\":\"\",\"publisher\":{\"@id\":\"https:\/\/www.csj-emballages.com\/es\/#organization\"},\"potentialAction\":[{\"@type\":\"SearchAction\",\"target\":{\"@type\":\"EntryPoint\",\"urlTemplate\":\"https:\/\/www.csj-emballages.com\/es\/?s={search_term_string}\"},\"query-input\":{\"@type\":\"PropertyValueSpecification\",\"valueRequired\":true,\"valueName\":\"search_term_string\"}}],\"inLanguage\":\"es\"},{\"@type\":\"Organization\",\"@id\":\"https:\/\/www.csj-emballages.com\/es\/#Organization\/\",\"name\":\"CSJ Emballages\",\"url\":\"https:\/\/www.csj-emballages.com\/es\/\",\"logo\":{\"@type\":\"ImageObject\",\"inLanguage\":\"es\",\"@id\":\"https:\/\/www.csj-emballages.com\/es\/#\/schema\/logo\/image\/\",\"url\":\"https:\/\/www.csj-emballages.com\/wp-content\/uploads\/2023\/10\/logo_csj.webp\",\"contentUrl\":\"https:\/\/www.csj-emballages.com\/wp-content\/uploads\/2023\/10\/logo_csj.webp\",\"width\":250,\"height\":95,\"caption\":\"CSJ Emballages\"},\"image\":{\"@id\":\"https:\/\/www.csj-emballages.com\/es\/#\/schema\/logo\/image\/\"},\"sameAs\":[\"https:\/\/www.facebook.com\/csjemballages\"],\"address\":{\"@type\":\"PostalAddress\",\"streetAddress\":\"ZI La Lechere\",\"addressLocality\":\"Patornay\",\"postalCode\":\"39130\",\"addressCountry\":\"FR\"},\"contactPoint\":[{\"@type\":\"ContactPoint\",\"contactType\":\"Service client\",\"telephone\":\"0384254272\",\"email\":\"contact@csj-emballages.com\"}]}]}<\/script>\n<!-- \/ Yoast SEO Premium plugin. -->","yoast_head_json":{"title":"Trapecio Escoba Espuma Encolada 4 Insertos Accesorio Gasa 55 cm","description":"Escoba trapecio de 55 cm con espuma aglomerada y 4 insertos de fijaci\u00f3n de gasa. Ideal para la limpieza eficaz de grandes superficies.","robots":{"index":"index","follow":"follow","max-snippet":"max-snippet:-1","max-image-preview":"max-image-preview:large","max-video-preview":"max-video-preview:-1"},"canonical":"https:\/\/www.csj-emballages.com\/es\/produit\/trapecio-escoba-espuma-pegada-4-insertos-gasa-cierre-55-cm\/","og_locale":"es_ES","og_type":"article","og_title":"Trapecio escoba espuma pegada 4 insertos gasa cierre 55 cm","og_description":"Escoba trapecio de 55 cm con espuma aglomerada y 4 insertos de fijaci\u00f3n de gasa. Ideal para la limpieza eficaz de grandes superficies.","og_url":"https:\/\/www.csj-emballages.com\/es\/produit\/trapecio-escoba-espuma-pegada-4-insertos-gasa-cierre-55-cm\/","og_site_name":"CSJ Emballages","article_publisher":"https:\/\/www.facebook.com\/csjemballages","article_modified_time":"2026-04-29T00:11:03+00:00","og_image":[{"width":800,"height":800,"url":"https:\/\/www.csj-emballages.com\/wp-content\/uploads\/2024\/03\/262.webp","type":"image\/webp"}],"twitter_card":"summary_large_image","twitter_misc":{"Tiempo de lectura":"2 minutos"},"schema":{"@context":"https:\/\/schema.org","@graph":[{"@type":"WebPage","@id":"https:\/\/www.csj-emballages.com\/es\/produit\/trapecio-escoba-espuma-pegada-4-insertos-gasa-cierre-55-cm\/","url":"https:\/\/www.csj-emballages.com\/es\/produit\/trapecio-escoba-espuma-pegada-4-insertos-gasa-cierre-55-cm\/","name":"Trapecio Escoba Espuma Encolada 4 Insertos Accesorio Gasa 55 cm","isPartOf":{"@id":"https:\/\/www.csj-emballages.com\/es\/#website"},"primaryImageOfPage":{"@id":"https:\/\/www.csj-emballages.com\/es\/produit\/trapecio-escoba-espuma-pegada-4-insertos-gasa-cierre-55-cm\/#primaryimage"},"image":{"@id":"https:\/\/www.csj-emballages.com\/es\/produit\/trapecio-escoba-espuma-pegada-4-insertos-gasa-cierre-55-cm\/#primaryimage"},"thumbnailUrl":"https:\/\/www.csj-emballages.com\/wp-content\/uploads\/2024\/03\/262.webp","datePublished":"2024-03-01T15:59:11+00:00","dateModified":"2026-04-29T00:11:03+00:00","description":"Escoba trapecio de 55 cm con espuma aglomerada y 4 insertos de fijaci\u00f3n de gasa. Ideal para la limpieza eficaz de grandes superficies.","breadcrumb":{"@id":"https:\/\/www.csj-emballages.com\/es\/produit\/trapecio-escoba-espuma-pegada-4-insertos-gasa-cierre-55-cm\/#breadcrumb"},"inLanguage":"es","potentialAction":[{"@type":"ReadAction","target":["https:\/\/www.csj-emballages.com\/es\/produit\/trapecio-escoba-espuma-pegada-4-insertos-gasa-cierre-55-cm\/"]}]},{"@type":"ImageObject","inLanguage":"es","@id":"https:\/\/www.csj-emballages.com\/es\/produit\/trapecio-escoba-espuma-pegada-4-insertos-gasa-cierre-55-cm\/#primaryimage","url":"https:\/\/www.csj-emballages.com\/wp-content\/uploads\/2024\/03\/262.webp","contentUrl":"https:\/\/www.csj-emballages.com\/wp-content\/uploads\/2024\/03\/262.webp","width":800,"height":800,"caption":"Balai trap\u00e8ze"},{"@type":"BreadcrumbList","@id":"https:\/\/www.csj-emballages.com\/es\/produit\/trapecio-escoba-espuma-pegada-4-insertos-gasa-cierre-55-cm\/#breadcrumb","itemListElement":[{"@type":"ListItem","position":1,"name":"Accueil","item":"https:\/\/www.csj-emballages.com\/es\/universo-del-envasado-alimentario\/"},{"@type":"ListItem","position":2,"name":"Tienda","item":"https:\/\/www.csj-emballages.com\/tienda\/"},{"@type":"ListItem","position":3,"name":"Trapecio escoba espuma pegada 4 insertos gasa cierre 55 cm"}]},{"@type":"WebSite","@id":"https:\/\/www.csj-emballages.com\/es\/#website","url":"https:\/\/www.csj-emballages.com\/es\/","name":"CSJ Emballages","description":"","publisher":{"@id":"https:\/\/www.csj-emballages.com\/es\/#organization"},"potentialAction":[{"@type":"SearchAction","target":{"@type":"EntryPoint","urlTemplate":"https:\/\/www.csj-emballages.com\/es\/?s={search_term_string}"},"query-input":{"@type":"PropertyValueSpecification","valueRequired":true,"valueName":"search_term_string"}}],"inLanguage":"es"},{"@type":"Organization","@id":"https:\/\/www.csj-emballages.com\/es\/#Organization\/","name":"CSJ Emballages","url":"https:\/\/www.csj-emballages.com\/es\/","logo":{"@type":"ImageObject","inLanguage":"es","@id":"https:\/\/www.csj-emballages.com\/es\/#\/schema\/logo\/image\/","url":"https:\/\/www.csj-emballages.com\/wp-content\/uploads\/2023\/10\/logo_csj.webp","contentUrl":"https:\/\/www.csj-emballages.com\/wp-content\/uploads\/2023\/10\/logo_csj.webp","width":250,"height":95,"caption":"CSJ Emballages"},"image":{"@id":"https:\/\/www.csj-emballages.com\/es\/#\/schema\/logo\/image\/"},"sameAs":["https:\/\/www.facebook.com\/csjemballages"],"address":{"@type":"PostalAddress","streetAddress":"ZI La Lechere","addressLocality":"Patornay","postalCode":"39130","addressCountry":"FR"},"contactPoint":[{"@type":"ContactPoint","contactType":"Service client","telephone":"0384254272","email":"contact@csj-emballages.com"}]}]}},"df_price":8.4,"df_sale_price":"","df_regular_price":8.4,"df_image_link":"https:\/\/www.csj-emballages.com\/wp-content\/uploads\/2024\/03\/262-300x300.webp","tiered_pricing_type":"fixed","tiered_pricing_fixed_rules":[],"tiered_pricing_percentage_rules":[],"tiered_pricing_minimum":1,"tiered_pricing_roles_data":[],"_links":{"self":[{"href":"https:\/\/www.csj-emballages.com\/es\/wp-json\/wp\/v2\/product\/18941","targetHints":{"allow":["GET"]}}],"collection":[{"href":"https:\/\/www.csj-emballages.com\/es\/wp-json\/wp\/v2\/product"}],"about":[{"href":"https:\/\/www.csj-emballages.com\/es\/wp-json\/wp\/v2\/types\/product"}],"wp:featuredmedia":[{"embeddable":true,"href":"https:\/\/www.csj-emballages.com\/es\/wp-json\/wp\/v2\/media\/221435"}],"wp:attachment":[{"href":"https:\/\/www.csj-emballages.com\/es\/wp-json\/wp\/v2\/media?parent=18941"}],"wp:term":[{"taxonomy":"product_brand","embeddable":true,"href":"https:\/\/www.csj-emballages.com\/es\/wp-json\/wp\/v2\/product_brand?post=18941"},{"taxonomy":"product_cat","embeddable":true,"href":"https:\/\/www.csj-emballages.com\/es\/wp-json\/wp\/v2\/product_cat?post=18941"},{"taxonomy":"product_tag","embeddable":true,"href":"https:\/\/www.csj-emballages.com\/es\/wp-json\/wp\/v2\/product_tag?post=18941"}],"curies":[{"name":"wp","href":"https:\/\/api.w.org\/{rel}","templated":true}]}}