{"id":18937,"date":"2024-03-01T16:59:12","date_gmt":"2024-03-01T15:59:12","guid":{"rendered":"https:\/\/u15jnbdpoq.preview.infomaniak.website\/produit\/ambientador-fragancia-limon-aerosol-750-ml\/"},"modified":"2026-04-30T02:10:34","modified_gmt":"2026-04-30T00:10:34","slug":"ambientador-fragancia-limon-aerosol-750-ml","status":"publish","type":"product","link":"https:\/\/www.csj-emballages.com\/es\/produit\/ambientador-fragancia-limon-aerosol-750-ml\/","title":{"rendered":"Ambientador aroma lim\u00f3n 750 ml"},"content":{"rendered":"<h2>Ambientador con aroma de lim\u00f3n<\/h2>\n<hr>\n<h3>Descripci\u00f3n de nuestro ambientador aroma lim\u00f3n 750 ml<\/h3>\n<p><!--more--><\/p>\n<p data-start=\"270\" data-end=\"657\"><strong data-start=\"314\" data-end=\"339\">Daily K<\/strong> <strong>Ambientador<\/strong> <strong>Fragancia Lim\u00f3n 750 ml<\/strong> es mucho m\u00e1s que un simple <strong>spray perfumado<\/strong>. <strong>Neutraliza<\/strong> eficazmente todos los malos olores persistentes: cocina, tabaco, pintura, humedad&#8230; Nada se le resiste. Gracias a su f\u00f3rmula profesional, act\u00faa directamente sobre las mol\u00e9culas responsables de los malos olores para eliminarlos, no enmascararlos.  <\/p>\n<p data-start=\"659\" data-end=\"1030\">Su <strong>fresca<\/strong> y chispeante <strong>fragancia a lim\u00f3n<\/strong> deja una agradable sensaci\u00f3n de limpieza y frescor, ideal para crear un ambiente sano y acogedor. Este <strong>ambientador<\/strong> de lim\u00f3n puede utilizarse en todas partes: en lavabos, aseos y cuartos de ba\u00f1o, as\u00ed como en restaurantes, hoteles, oficinas, colegios, cl\u00ednicas y hospitales. <\/p>\n<p data-start=\"1032\" data-end=\"1437\">Su formato <strong data-start=\"1046\" data-end=\"1056\">de 750 ml<\/strong> es especialmente adecuado para un uso regular en el lugar de trabajo y en el hogar. F\u00e1cil de usar, basta con unas pocas pulverizaciones para conseguir un ambientador duradero. Es un producto imprescindible para <strong data-start=\"1277\" data-end=\"1290\">hosteleros<\/strong>, <strong data-start=\"1296\" data-end=\"1322\">encargados de restaurantes<\/strong>, <strong data-start=\"1328\" data-end=\"1350\">limpiadores<\/strong> o, simplemente, <strong data-start=\"1375\" data-end=\"1391\">propietarios de<\/strong> viviendas que desean mantenerlas agradables.  <\/p>\n<p data-start=\"1439\" data-end=\"1545\"><strong data-start=\"1439\" data-end=\"1545\"> El ambientador Daily K lemon <\/strong>proporciona a todas las habitaciones un ambiente limpio, luminoso y agradable.<\/p>\n<p data-start=\"1248\" data-end=\"1443\"><!--more--><\/p>\n<h4 data-start=\"1248\" data-end=\"1443\">Ventajas :<\/h4>\n<ul>\n<li>Elimina los malos olores (cocina, tabaco, pintura, etc.).<\/li>\n<li>Fragancia de lim\u00f3n fresca y no embriagadora.<\/li>\n<li>Puede utilizarse en todo tipo de locales (aseos, oficinas, escuelas, hoteles, etc.).<\/li>\n<li>Formato econ\u00f3mico de 750 ml.<\/li>\n<li>Ideal para profesionales y particulares.<\/li>\n<\/ul>\n<p>&nbsp;<\/p>\n<p><!--more--><\/p>\n<h4>Informaci\u00f3n adicional :<\/h4>\n<ul>\n<li><strong>Embalaje<\/strong>: Por unidad<\/li>\n<li><strong>Uso<\/strong>: Ambientador<\/li>\n<li><strong>Volumen<\/strong>: 750 ml<\/li>\n<li><strong>Color<\/strong>: Incoloro<\/li>\n<li><strong>Fragancia<\/strong>: Lim\u00f3n<\/li>\n<\/ul>\n<p>&nbsp;<\/p>\n<p><!--more--><\/p>\n<p>Descubra tambi\u00e9n nuestra fragancia en spray para habitaciones: <span style=\"color: #d12727;\"><a style=\"color: #d12727;\" href=\"https:\/\/www.csj-emballages.com\/es\/produit\/spray-de-ambiente-750ml\/\">0807750<\/a><\/span><\/p>\n<p>&nbsp;<\/p>\n<p><!--more--><\/p>\n<p><a href=\"https:\/\/www.csj-emballages.com\/es\/categorie-produit\/higiene-y-mantenimiento\/productos-de-limpieza\/sanitario-es\/\">Ver el resto de nuestra gama de productos de limpieza sanitaria  <\/a><\/p>\n","protected":false},"excerpt":{"rendered":"<p>Ambientador con aroma de lim\u00f3n Descripci\u00f3n de nuestro ambientador aroma lim\u00f3n 750 ml<\/p>\n","protected":false},"featured_media":239230,"template":"","meta":{"_acf_changed":false},"product_brand":[],"product_cat":[9720,1226,1227,9725,1295],"product_tag":[],"class_list":{"0":"post-18937","1":"product","2":"type-product","3":"status-publish","4":"has-post-thumbnail","6":"product_cat-ambientadores-perfumes-es","7":"product_cat-higiene-y-mantenimiento","8":"product_cat-productos-de-limpieza","9":"product_cat-ambientadores-perfumes-es-2","10":"product_cat-sanitario-es","12":"first","13":"instock","14":"taxable","15":"shipping-taxable","16":"purchasable","17":"product-type-simple"},"acf":[],"yoast_head":"<!-- This site is optimized with the Yoast SEO Premium plugin v26.6 (Yoast SEO v26.6) - https:\/\/yoast.com\/wordpress\/plugins\/seo\/ -->\n<title>Ambientador Fragancia Lim\u00f3n 750 ml<\/title>\n<meta name=\"description\" content=\"Ambientador con aroma de lim\u00f3n 750 ml - Neutraliza los malos olores y refresca cualquier estancia en pocas pulverizaciones.\" \/>\n<meta name=\"robots\" content=\"index, follow, max-snippet:-1, max-image-preview:large, max-video-preview:-1\" \/>\n<link rel=\"canonical\" href=\"https:\/\/www.csj-emballages.com\/es\/produit\/ambientador-fragancia-limon-aerosol-750-ml\/\" \/>\n<meta property=\"og:locale\" content=\"es_ES\" \/>\n<meta property=\"og:type\" content=\"article\" \/>\n<meta property=\"og:title\" content=\"Ambientador aroma lim\u00f3n 750 ml\" \/>\n<meta property=\"og:description\" content=\"Ambientador con aroma de lim\u00f3n 750 ml - Neutraliza los malos olores y refresca cualquier estancia en pocas pulverizaciones.\" \/>\n<meta property=\"og:url\" content=\"https:\/\/www.csj-emballages.com\/es\/produit\/ambientador-fragancia-limon-aerosol-750-ml\/\" \/>\n<meta property=\"og:site_name\" content=\"CSJ Emballages\" \/>\n<meta property=\"article:publisher\" content=\"https:\/\/www.facebook.com\/csjemballages\" \/>\n<meta property=\"article:modified_time\" content=\"2026-04-30T00:10:34+00:00\" \/>\n<meta property=\"og:image\" content=\"https:\/\/www.csj-emballages.com\/wp-content\/uploads\/2024\/03\/2249750.webp\" \/>\n\t<meta property=\"og:image:width\" content=\"800\" \/>\n\t<meta property=\"og:image:height\" content=\"800\" \/>\n\t<meta property=\"og:image:type\" content=\"image\/webp\" \/>\n<meta name=\"twitter:card\" content=\"summary_large_image\" \/>\n<meta name=\"twitter:label1\" content=\"Tiempo de lectura\" \/>\n\t<meta name=\"twitter:data1\" content=\"1 minuto\" \/>\n<script type=\"application\/ld+json\" class=\"yoast-schema-graph\">{\"@context\":\"https:\/\/schema.org\",\"@graph\":[{\"@type\":\"WebPage\",\"@id\":\"https:\/\/www.csj-emballages.com\/es\/produit\/ambientador-fragancia-limon-aerosol-750-ml\/\",\"url\":\"https:\/\/www.csj-emballages.com\/es\/produit\/ambientador-fragancia-limon-aerosol-750-ml\/\",\"name\":\"Ambientador Fragancia Lim\u00f3n 750 ml\",\"isPartOf\":{\"@id\":\"https:\/\/www.csj-emballages.com\/es\/#website\"},\"primaryImageOfPage\":{\"@id\":\"https:\/\/www.csj-emballages.com\/es\/produit\/ambientador-fragancia-limon-aerosol-750-ml\/#primaryimage\"},\"image\":{\"@id\":\"https:\/\/www.csj-emballages.com\/es\/produit\/ambientador-fragancia-limon-aerosol-750-ml\/#primaryimage\"},\"thumbnailUrl\":\"https:\/\/www.csj-emballages.com\/wp-content\/uploads\/2024\/03\/2249750.webp\",\"datePublished\":\"2024-03-01T15:59:12+00:00\",\"dateModified\":\"2026-04-30T00:10:34+00:00\",\"description\":\"Ambientador con aroma de lim\u00f3n 750 ml - Neutraliza los malos olores y refresca cualquier estancia en pocas pulverizaciones.\",\"breadcrumb\":{\"@id\":\"https:\/\/www.csj-emballages.com\/es\/produit\/ambientador-fragancia-limon-aerosol-750-ml\/#breadcrumb\"},\"inLanguage\":\"es\",\"potentialAction\":[{\"@type\":\"ReadAction\",\"target\":[\"https:\/\/www.csj-emballages.com\/es\/produit\/ambientador-fragancia-limon-aerosol-750-ml\/\"]}]},{\"@type\":\"ImageObject\",\"inLanguage\":\"es\",\"@id\":\"https:\/\/www.csj-emballages.com\/es\/produit\/ambientador-fragancia-limon-aerosol-750-ml\/#primaryimage\",\"url\":\"https:\/\/www.csj-emballages.com\/wp-content\/uploads\/2024\/03\/2249750.webp\",\"contentUrl\":\"https:\/\/www.csj-emballages.com\/wp-content\/uploads\/2024\/03\/2249750.webp\",\"width\":800,\"height\":800,\"caption\":\"D\u00e9sodorisant parfum citron\"},{\"@type\":\"BreadcrumbList\",\"@id\":\"https:\/\/www.csj-emballages.com\/es\/produit\/ambientador-fragancia-limon-aerosol-750-ml\/#breadcrumb\",\"itemListElement\":[{\"@type\":\"ListItem\",\"position\":1,\"name\":\"Accueil\",\"item\":\"https:\/\/www.csj-emballages.com\/es\/universo-del-envasado-alimentario\/\"},{\"@type\":\"ListItem\",\"position\":2,\"name\":\"Tienda\",\"item\":\"https:\/\/www.csj-emballages.com\/tienda\/\"},{\"@type\":\"ListItem\",\"position\":3,\"name\":\"Ambientador aroma lim\u00f3n 750 ml\"}]},{\"@type\":\"WebSite\",\"@id\":\"https:\/\/www.csj-emballages.com\/es\/#website\",\"url\":\"https:\/\/www.csj-emballages.com\/es\/\",\"name\":\"CSJ Emballages\",\"description\":\"\",\"publisher\":{\"@id\":\"https:\/\/www.csj-emballages.com\/es\/#organization\"},\"potentialAction\":[{\"@type\":\"SearchAction\",\"target\":{\"@type\":\"EntryPoint\",\"urlTemplate\":\"https:\/\/www.csj-emballages.com\/es\/?s={search_term_string}\"},\"query-input\":{\"@type\":\"PropertyValueSpecification\",\"valueRequired\":true,\"valueName\":\"search_term_string\"}}],\"inLanguage\":\"es\"},{\"@type\":\"Organization\",\"@id\":\"https:\/\/www.csj-emballages.com\/es\/#Organization\/\",\"name\":\"CSJ Emballages\",\"url\":\"https:\/\/www.csj-emballages.com\/es\/\",\"logo\":{\"@type\":\"ImageObject\",\"inLanguage\":\"es\",\"@id\":\"https:\/\/www.csj-emballages.com\/es\/#\/schema\/logo\/image\/\",\"url\":\"https:\/\/www.csj-emballages.com\/wp-content\/uploads\/2023\/10\/logo_csj.webp\",\"contentUrl\":\"https:\/\/www.csj-emballages.com\/wp-content\/uploads\/2023\/10\/logo_csj.webp\",\"width\":250,\"height\":95,\"caption\":\"CSJ Emballages\"},\"image\":{\"@id\":\"https:\/\/www.csj-emballages.com\/es\/#\/schema\/logo\/image\/\"},\"sameAs\":[\"https:\/\/www.facebook.com\/csjemballages\"],\"address\":{\"@type\":\"PostalAddress\",\"streetAddress\":\"ZI La Lechere\",\"addressLocality\":\"Patornay\",\"postalCode\":\"39130\",\"addressCountry\":\"FR\"},\"contactPoint\":[{\"@type\":\"ContactPoint\",\"contactType\":\"Service client\",\"telephone\":\"0384254272\",\"email\":\"contact@csj-emballages.com\"}]}]}<\/script>\n<!-- \/ Yoast SEO Premium plugin. -->","yoast_head_json":{"title":"Ambientador Fragancia Lim\u00f3n 750 ml","description":"Ambientador con aroma de lim\u00f3n 750 ml - Neutraliza los malos olores y refresca cualquier estancia en pocas pulverizaciones.","robots":{"index":"index","follow":"follow","max-snippet":"max-snippet:-1","max-image-preview":"max-image-preview:large","max-video-preview":"max-video-preview:-1"},"canonical":"https:\/\/www.csj-emballages.com\/es\/produit\/ambientador-fragancia-limon-aerosol-750-ml\/","og_locale":"es_ES","og_type":"article","og_title":"Ambientador aroma lim\u00f3n 750 ml","og_description":"Ambientador con aroma de lim\u00f3n 750 ml - Neutraliza los malos olores y refresca cualquier estancia en pocas pulverizaciones.","og_url":"https:\/\/www.csj-emballages.com\/es\/produit\/ambientador-fragancia-limon-aerosol-750-ml\/","og_site_name":"CSJ Emballages","article_publisher":"https:\/\/www.facebook.com\/csjemballages","article_modified_time":"2026-04-30T00:10:34+00:00","og_image":[{"width":800,"height":800,"url":"https:\/\/www.csj-emballages.com\/wp-content\/uploads\/2024\/03\/2249750.webp","type":"image\/webp"}],"twitter_card":"summary_large_image","twitter_misc":{"Tiempo de lectura":"1 minuto"},"schema":{"@context":"https:\/\/schema.org","@graph":[{"@type":"WebPage","@id":"https:\/\/www.csj-emballages.com\/es\/produit\/ambientador-fragancia-limon-aerosol-750-ml\/","url":"https:\/\/www.csj-emballages.com\/es\/produit\/ambientador-fragancia-limon-aerosol-750-ml\/","name":"Ambientador Fragancia Lim\u00f3n 750 ml","isPartOf":{"@id":"https:\/\/www.csj-emballages.com\/es\/#website"},"primaryImageOfPage":{"@id":"https:\/\/www.csj-emballages.com\/es\/produit\/ambientador-fragancia-limon-aerosol-750-ml\/#primaryimage"},"image":{"@id":"https:\/\/www.csj-emballages.com\/es\/produit\/ambientador-fragancia-limon-aerosol-750-ml\/#primaryimage"},"thumbnailUrl":"https:\/\/www.csj-emballages.com\/wp-content\/uploads\/2024\/03\/2249750.webp","datePublished":"2024-03-01T15:59:12+00:00","dateModified":"2026-04-30T00:10:34+00:00","description":"Ambientador con aroma de lim\u00f3n 750 ml - Neutraliza los malos olores y refresca cualquier estancia en pocas pulverizaciones.","breadcrumb":{"@id":"https:\/\/www.csj-emballages.com\/es\/produit\/ambientador-fragancia-limon-aerosol-750-ml\/#breadcrumb"},"inLanguage":"es","potentialAction":[{"@type":"ReadAction","target":["https:\/\/www.csj-emballages.com\/es\/produit\/ambientador-fragancia-limon-aerosol-750-ml\/"]}]},{"@type":"ImageObject","inLanguage":"es","@id":"https:\/\/www.csj-emballages.com\/es\/produit\/ambientador-fragancia-limon-aerosol-750-ml\/#primaryimage","url":"https:\/\/www.csj-emballages.com\/wp-content\/uploads\/2024\/03\/2249750.webp","contentUrl":"https:\/\/www.csj-emballages.com\/wp-content\/uploads\/2024\/03\/2249750.webp","width":800,"height":800,"caption":"D\u00e9sodorisant parfum citron"},{"@type":"BreadcrumbList","@id":"https:\/\/www.csj-emballages.com\/es\/produit\/ambientador-fragancia-limon-aerosol-750-ml\/#breadcrumb","itemListElement":[{"@type":"ListItem","position":1,"name":"Accueil","item":"https:\/\/www.csj-emballages.com\/es\/universo-del-envasado-alimentario\/"},{"@type":"ListItem","position":2,"name":"Tienda","item":"https:\/\/www.csj-emballages.com\/tienda\/"},{"@type":"ListItem","position":3,"name":"Ambientador aroma lim\u00f3n 750 ml"}]},{"@type":"WebSite","@id":"https:\/\/www.csj-emballages.com\/es\/#website","url":"https:\/\/www.csj-emballages.com\/es\/","name":"CSJ Emballages","description":"","publisher":{"@id":"https:\/\/www.csj-emballages.com\/es\/#organization"},"potentialAction":[{"@type":"SearchAction","target":{"@type":"EntryPoint","urlTemplate":"https:\/\/www.csj-emballages.com\/es\/?s={search_term_string}"},"query-input":{"@type":"PropertyValueSpecification","valueRequired":true,"valueName":"search_term_string"}}],"inLanguage":"es"},{"@type":"Organization","@id":"https:\/\/www.csj-emballages.com\/es\/#Organization\/","name":"CSJ Emballages","url":"https:\/\/www.csj-emballages.com\/es\/","logo":{"@type":"ImageObject","inLanguage":"es","@id":"https:\/\/www.csj-emballages.com\/es\/#\/schema\/logo\/image\/","url":"https:\/\/www.csj-emballages.com\/wp-content\/uploads\/2023\/10\/logo_csj.webp","contentUrl":"https:\/\/www.csj-emballages.com\/wp-content\/uploads\/2023\/10\/logo_csj.webp","width":250,"height":95,"caption":"CSJ Emballages"},"image":{"@id":"https:\/\/www.csj-emballages.com\/es\/#\/schema\/logo\/image\/"},"sameAs":["https:\/\/www.facebook.com\/csjemballages"],"address":{"@type":"PostalAddress","streetAddress":"ZI La Lechere","addressLocality":"Patornay","postalCode":"39130","addressCountry":"FR"},"contactPoint":[{"@type":"ContactPoint","contactType":"Service client","telephone":"0384254272","email":"contact@csj-emballages.com"}]}]}},"df_price":4.67,"df_sale_price":"","df_regular_price":4.67,"df_image_link":"https:\/\/www.csj-emballages.com\/wp-content\/uploads\/2024\/03\/2249750-300x300.webp","tiered_pricing_type":"fixed","tiered_pricing_fixed_rules":[],"tiered_pricing_percentage_rules":[],"tiered_pricing_minimum":1,"tiered_pricing_roles_data":[],"_links":{"self":[{"href":"https:\/\/www.csj-emballages.com\/es\/wp-json\/wp\/v2\/product\/18937","targetHints":{"allow":["GET"]}}],"collection":[{"href":"https:\/\/www.csj-emballages.com\/es\/wp-json\/wp\/v2\/product"}],"about":[{"href":"https:\/\/www.csj-emballages.com\/es\/wp-json\/wp\/v2\/types\/product"}],"wp:featuredmedia":[{"embeddable":true,"href":"https:\/\/www.csj-emballages.com\/es\/wp-json\/wp\/v2\/media\/239230"}],"wp:attachment":[{"href":"https:\/\/www.csj-emballages.com\/es\/wp-json\/wp\/v2\/media?parent=18937"}],"wp:term":[{"taxonomy":"product_brand","embeddable":true,"href":"https:\/\/www.csj-emballages.com\/es\/wp-json\/wp\/v2\/product_brand?post=18937"},{"taxonomy":"product_cat","embeddable":true,"href":"https:\/\/www.csj-emballages.com\/es\/wp-json\/wp\/v2\/product_cat?post=18937"},{"taxonomy":"product_tag","embeddable":true,"href":"https:\/\/www.csj-emballages.com\/es\/wp-json\/wp\/v2\/product_tag?post=18937"}],"curies":[{"name":"wp","href":"https:\/\/api.w.org\/{rel}","templated":true}]}}