{"id":18888,"date":"2024-03-01T16:59:13","date_gmt":"2024-03-01T15:59:13","guid":{"rendered":"https:\/\/u15jnbdpoq.preview.infomaniak.website\/produit\/50-tripli-165-x-85-mm-tacos-de-mayordomo\/"},"modified":"2026-04-16T02:10:36","modified_gmt":"2026-04-16T00:10:36","slug":"50-tripli-165-x-85-mm-tacos-de-mayordomo","status":"publish","type":"product","link":"https:\/\/www.csj-emballages.com\/es\/produit\/50-tripli-165-x-85-mm-tacos-de-mayordomo\/","title":{"rendered":"Bloc de notas para camarero 50 triplicado 165 x 85 mm"},"content":{"rendered":"<h2>Bloc de notas para camareros<\/h2>\n<hr>\n<h3>Descubra nuestro bloc de notas para camarero 50 triplicado 165 x 85 mm<\/h3>\n<p><!--more--><\/p>\n<p data-start=\"284\" data-end=\"606\">Cuando el servicio se acelera, hay que poder contar con herramientas sencillas y eficaces. Este <strong data-start=\"377\" data-end=\"410\">bloc de notas para camareros de 50 juegos triplicados<\/strong> se ha dise\u00f1ado para eso. Compacto, claro y f\u00e1cil de usar, acompa\u00f1a al personal de sala a diario, ya sea para la <strong>toma de pedidos<\/strong>, el seguimiento de las mesas o la <strong>gesti\u00f3n de las cuentas<\/strong>.  <\/p>\n<p data-start=\"608\" data-end=\"1079\">Su formato de <strong>165 x 85 mm<\/strong> cabe perfectamente en la mano o en un bolsillo del delantal. Se apunta r\u00e1pidamente, sin perder tiempo, incluso en plena hora punta. Cada p\u00e1gina est\u00e1 organizada de forma legible, lo que permite permanecer concentrado en el cliente en lugar de en el papel. Gracias al sistema <strong data-start=\"896\" data-end=\"918\">triplicado autocopiativo<\/strong>, una sola escritura es suficiente para obtener tres copias bien distintas. Cada uno puede as\u00ed guardar su copia: la sala, la cocina y la caja, sin confusi\u00f3n.    <\/p>\n<p data-start=\"1081\" data-end=\"1395\">Del mismo modo, las <strong>hojas<\/strong> est\u00e1n <strong data-start=\"1109\" data-end=\"1122\">numeradas<\/strong>, lo que facilita el seguimiento y limita los errores. La <strong>hoja<\/strong> de protecci\u00f3n integrada asegura una buena calidad de copia de principio a fin del bloc. El <strong>arranque<\/strong> es limpio y r\u00e1pido, sin rasgar ni da\u00f1ar el taco, lo que hace que su uso sea a\u00fan m\u00e1s agradable a diario.  <\/p>\n<p data-start=\"1397\" data-end=\"1657\">Este <strong>bloc de notas para camareros<\/strong> es perfecto para restaurantes tradicionales, cervecer\u00edas, caf\u00e9s o establecimientos de gran afluencia. Ayuda a estructurar el servicio, a ganar en eficacia y a mantener una organizaci\u00f3n clara, incluso en los periodos de mayor actividad. <\/p>\n<p data-start=\"1659\" data-end=\"1788\">En resumen, es una <strong>herramienta discreta pero esencial<\/strong>, pensada para simplificar el trabajo en sala y hacer que cada servicio sea m\u00e1s fluido.<\/p>\n<p data-start=\"1554\" data-end=\"1652\"><!--more--><\/p>\n<h4 data-start=\"1554\" data-end=\"1652\">Ventajas :<\/h4>\n<ul>\n<li data-start=\"1817\" data-end=\"1845\">Formato compacto y pr\u00e1ctico<\/li>\n<li data-start=\"1848\" data-end=\"1881\"><strong>50 juegos triplicados<\/strong> autocopiativos<\/li>\n<li data-start=\"1884\" data-end=\"1921\"><strong>Numeraci\u00f3n<\/strong> para un mejor seguimiento<\/li>\n<li data-start=\"1924\" data-end=\"1965\">Lectura clara y toma de notas r\u00e1pida<\/li>\n<li data-start=\"1968\" data-end=\"2008\">Ideal para la <strong>restauraci\u00f3n y los bares<\/strong>.<\/li>\n<\/ul>\n<p>&nbsp;<\/p>\n<p><!--more--><\/p>\n<h4>Informaci\u00f3n adicional :<\/h4>\n<ul>\n<li><strong>Embalaje<\/strong>: Por unidad<\/li>\n<li><strong>Dimensiones<\/strong>: 165 x 85 mm<\/li>\n<li><strong>Modelo<\/strong>: Ma\u00eetre d&#8217;h\u00f4tel<\/li>\n<li><strong>Color<\/strong>: Blanco &#8211; Verde<\/li>\n<li><strong>Gramaje<\/strong>: 56-53-57 gr\/m\u00b2<\/li>\n<li><strong>N\u00famero de p\u00e1ginas-pliegos-hojas<\/strong>: 50 Duplicados<\/li>\n<\/ul>\n<p>&nbsp;<\/p>\n<p><!--more--><\/p>\n<p>Este bloc de notas para camarero tambi\u00e9n est\u00e1 disponible en 150 x 75 mm: <span style=\"color: #d12727;\"><a style=\"color: #d12727;\" href=\"https:\/\/www.csj-emballages.com\/es\/produit\/50-bloques-tripli-150-x-75-mm-mayordomo\/\">2223<\/a><\/span><\/p>\n<p>&nbsp;<\/p>\n<p><!--more--><\/p>\n<p><a href=\"https:\/\/www.csj-emballages.com\/es\/categorie-produit\/envasado-de-alimentos\/tienda-y-almacen\/papeleria-y-pequeno-material\/bloquea\/\"><a href=\"https:\/\/www.csj-emballages.com\/es\/categorie-produit\/envasado-de-alimentos\/tienda-y-almacen\/papeleria-y-pequeno-material\/bloquea\/\">Consulte el resto de nuestra gama de blocs<\/a><\/a><\/p>\n","protected":false},"excerpt":{"rendered":"<p>Bloc de notas para camareros Descubra nuestro bloc de notas para camarero 50 triplicado 165 x 85 mm<\/p>\n","protected":false},"featured_media":260349,"template":"","meta":{"_acf_changed":false},"product_brand":[],"product_cat":[1150,1488,1931,3876],"product_tag":[],"class_list":{"0":"post-18888","1":"product","2":"type-product","3":"status-publish","4":"has-post-thumbnail","6":"product_cat-envasado-de-alimentos","7":"product_cat-tienda-y-almacen","8":"product_cat-papeleria-y-pequeno-material","9":"product_cat-bloquea","11":"first","12":"instock","13":"taxable","14":"shipping-taxable","15":"purchasable","16":"product-type-simple"},"acf":[],"yoast_head":"<!-- This site is optimized with the Yoast SEO Premium plugin v26.6 (Yoast SEO v26.6) - https:\/\/yoast.com\/wordpress\/plugins\/seo\/ -->\n<title>Bloc de notas para camarero 50 Triplicado 165 x 85 mm<\/title>\n<meta name=\"description\" content=\"Bloc de notas para camarero 50 triplicado 165x85 mm autocopiativo y numerado. Pr\u00e1ctico y fiable para la toma de pedidos en restauraci\u00f3n.\" \/>\n<meta name=\"robots\" content=\"index, follow, max-snippet:-1, max-image-preview:large, max-video-preview:-1\" \/>\n<link rel=\"canonical\" href=\"https:\/\/www.csj-emballages.com\/es\/produit\/50-tripli-165-x-85-mm-tacos-de-mayordomo\/\" \/>\n<meta property=\"og:locale\" content=\"es_ES\" \/>\n<meta property=\"og:type\" content=\"article\" \/>\n<meta property=\"og:title\" content=\"Bloc de notas para camarero 50 triplicado 165 x 85 mm\" \/>\n<meta property=\"og:description\" content=\"Bloc de notas para camarero 50 triplicado 165x85 mm autocopiativo y numerado. Pr\u00e1ctico y fiable para la toma de pedidos en restauraci\u00f3n.\" \/>\n<meta property=\"og:url\" content=\"https:\/\/www.csj-emballages.com\/es\/produit\/50-tripli-165-x-85-mm-tacos-de-mayordomo\/\" \/>\n<meta property=\"og:site_name\" content=\"CSJ Emballages\" \/>\n<meta property=\"article:publisher\" content=\"https:\/\/www.facebook.com\/csjemballages\" \/>\n<meta property=\"article:modified_time\" content=\"2026-04-16T00:10:36+00:00\" \/>\n<meta property=\"og:image\" content=\"https:\/\/www.csj-emballages.com\/wp-content\/uploads\/2024\/03\/2203.webp\" \/>\n\t<meta property=\"og:image:width\" content=\"800\" \/>\n\t<meta property=\"og:image:height\" content=\"800\" \/>\n\t<meta property=\"og:image:type\" content=\"image\/webp\" \/>\n<meta name=\"twitter:card\" content=\"summary_large_image\" \/>\n<meta name=\"twitter:label1\" content=\"Tiempo de lectura\" \/>\n\t<meta name=\"twitter:data1\" content=\"2 minutos\" \/>\n<script type=\"application\/ld+json\" class=\"yoast-schema-graph\">{\"@context\":\"https:\/\/schema.org\",\"@graph\":[{\"@type\":\"WebPage\",\"@id\":\"https:\/\/www.csj-emballages.com\/es\/produit\/50-tripli-165-x-85-mm-tacos-de-mayordomo\/\",\"url\":\"https:\/\/www.csj-emballages.com\/es\/produit\/50-tripli-165-x-85-mm-tacos-de-mayordomo\/\",\"name\":\"Bloc de notas para camarero 50 Triplicado 165 x 85 mm\",\"isPartOf\":{\"@id\":\"https:\/\/www.csj-emballages.com\/es\/#website\"},\"primaryImageOfPage\":{\"@id\":\"https:\/\/www.csj-emballages.com\/es\/produit\/50-tripli-165-x-85-mm-tacos-de-mayordomo\/#primaryimage\"},\"image\":{\"@id\":\"https:\/\/www.csj-emballages.com\/es\/produit\/50-tripli-165-x-85-mm-tacos-de-mayordomo\/#primaryimage\"},\"thumbnailUrl\":\"https:\/\/www.csj-emballages.com\/wp-content\/uploads\/2024\/03\/2203.webp\",\"datePublished\":\"2024-03-01T15:59:13+00:00\",\"dateModified\":\"2026-04-16T00:10:36+00:00\",\"description\":\"Bloc de notas para camarero 50 triplicado 165x85 mm autocopiativo y numerado. Pr\u00e1ctico y fiable para la toma de pedidos en restauraci\u00f3n.\",\"breadcrumb\":{\"@id\":\"https:\/\/www.csj-emballages.com\/es\/produit\/50-tripli-165-x-85-mm-tacos-de-mayordomo\/#breadcrumb\"},\"inLanguage\":\"es\",\"potentialAction\":[{\"@type\":\"ReadAction\",\"target\":[\"https:\/\/www.csj-emballages.com\/es\/produit\/50-tripli-165-x-85-mm-tacos-de-mayordomo\/\"]}]},{\"@type\":\"ImageObject\",\"inLanguage\":\"es\",\"@id\":\"https:\/\/www.csj-emballages.com\/es\/produit\/50-tripli-165-x-85-mm-tacos-de-mayordomo\/#primaryimage\",\"url\":\"https:\/\/www.csj-emballages.com\/wp-content\/uploads\/2024\/03\/2203.webp\",\"contentUrl\":\"https:\/\/www.csj-emballages.com\/wp-content\/uploads\/2024\/03\/2203.webp\",\"width\":800,\"height\":800,\"caption\":\"Bloc ma\u00eetre d'h\u00f4tel\"},{\"@type\":\"BreadcrumbList\",\"@id\":\"https:\/\/www.csj-emballages.com\/es\/produit\/50-tripli-165-x-85-mm-tacos-de-mayordomo\/#breadcrumb\",\"itemListElement\":[{\"@type\":\"ListItem\",\"position\":1,\"name\":\"Accueil\",\"item\":\"https:\/\/www.csj-emballages.com\/es\/universo-del-envasado-alimentario\/\"},{\"@type\":\"ListItem\",\"position\":2,\"name\":\"Tienda\",\"item\":\"https:\/\/www.csj-emballages.com\/tienda\/\"},{\"@type\":\"ListItem\",\"position\":3,\"name\":\"Bloc de notas para camarero 50 triplicado 165 x 85 mm\"}]},{\"@type\":\"WebSite\",\"@id\":\"https:\/\/www.csj-emballages.com\/es\/#website\",\"url\":\"https:\/\/www.csj-emballages.com\/es\/\",\"name\":\"CSJ Emballages\",\"description\":\"\",\"publisher\":{\"@id\":\"https:\/\/www.csj-emballages.com\/es\/#organization\"},\"potentialAction\":[{\"@type\":\"SearchAction\",\"target\":{\"@type\":\"EntryPoint\",\"urlTemplate\":\"https:\/\/www.csj-emballages.com\/es\/?s={search_term_string}\"},\"query-input\":{\"@type\":\"PropertyValueSpecification\",\"valueRequired\":true,\"valueName\":\"search_term_string\"}}],\"inLanguage\":\"es\"},{\"@type\":\"Organization\",\"@id\":\"https:\/\/www.csj-emballages.com\/es\/#Organization\/\",\"name\":\"CSJ Emballages\",\"url\":\"https:\/\/www.csj-emballages.com\/es\/\",\"logo\":{\"@type\":\"ImageObject\",\"inLanguage\":\"es\",\"@id\":\"https:\/\/www.csj-emballages.com\/es\/#\/schema\/logo\/image\/\",\"url\":\"https:\/\/www.csj-emballages.com\/wp-content\/uploads\/2023\/10\/logo_csj.webp\",\"contentUrl\":\"https:\/\/www.csj-emballages.com\/wp-content\/uploads\/2023\/10\/logo_csj.webp\",\"width\":250,\"height\":95,\"caption\":\"CSJ Emballages\"},\"image\":{\"@id\":\"https:\/\/www.csj-emballages.com\/es\/#\/schema\/logo\/image\/\"},\"sameAs\":[\"https:\/\/www.facebook.com\/csjemballages\"],\"address\":{\"@type\":\"PostalAddress\",\"streetAddress\":\"ZI La Lechere\",\"addressLocality\":\"Patornay\",\"postalCode\":\"39130\",\"addressCountry\":\"FR\"},\"contactPoint\":[{\"@type\":\"ContactPoint\",\"contactType\":\"Service client\",\"telephone\":\"0384254272\",\"email\":\"contact@csj-emballages.com\"}]}]}<\/script>\n<!-- \/ Yoast SEO Premium plugin. -->","yoast_head_json":{"title":"Bloc de notas para camarero 50 Triplicado 165 x 85 mm","description":"Bloc de notas para camarero 50 triplicado 165x85 mm autocopiativo y numerado. Pr\u00e1ctico y fiable para la toma de pedidos en restauraci\u00f3n.","robots":{"index":"index","follow":"follow","max-snippet":"max-snippet:-1","max-image-preview":"max-image-preview:large","max-video-preview":"max-video-preview:-1"},"canonical":"https:\/\/www.csj-emballages.com\/es\/produit\/50-tripli-165-x-85-mm-tacos-de-mayordomo\/","og_locale":"es_ES","og_type":"article","og_title":"Bloc de notas para camarero 50 triplicado 165 x 85 mm","og_description":"Bloc de notas para camarero 50 triplicado 165x85 mm autocopiativo y numerado. Pr\u00e1ctico y fiable para la toma de pedidos en restauraci\u00f3n.","og_url":"https:\/\/www.csj-emballages.com\/es\/produit\/50-tripli-165-x-85-mm-tacos-de-mayordomo\/","og_site_name":"CSJ Emballages","article_publisher":"https:\/\/www.facebook.com\/csjemballages","article_modified_time":"2026-04-16T00:10:36+00:00","og_image":[{"width":800,"height":800,"url":"https:\/\/www.csj-emballages.com\/wp-content\/uploads\/2024\/03\/2203.webp","type":"image\/webp"}],"twitter_card":"summary_large_image","twitter_misc":{"Tiempo de lectura":"2 minutos"},"schema":{"@context":"https:\/\/schema.org","@graph":[{"@type":"WebPage","@id":"https:\/\/www.csj-emballages.com\/es\/produit\/50-tripli-165-x-85-mm-tacos-de-mayordomo\/","url":"https:\/\/www.csj-emballages.com\/es\/produit\/50-tripli-165-x-85-mm-tacos-de-mayordomo\/","name":"Bloc de notas para camarero 50 Triplicado 165 x 85 mm","isPartOf":{"@id":"https:\/\/www.csj-emballages.com\/es\/#website"},"primaryImageOfPage":{"@id":"https:\/\/www.csj-emballages.com\/es\/produit\/50-tripli-165-x-85-mm-tacos-de-mayordomo\/#primaryimage"},"image":{"@id":"https:\/\/www.csj-emballages.com\/es\/produit\/50-tripli-165-x-85-mm-tacos-de-mayordomo\/#primaryimage"},"thumbnailUrl":"https:\/\/www.csj-emballages.com\/wp-content\/uploads\/2024\/03\/2203.webp","datePublished":"2024-03-01T15:59:13+00:00","dateModified":"2026-04-16T00:10:36+00:00","description":"Bloc de notas para camarero 50 triplicado 165x85 mm autocopiativo y numerado. Pr\u00e1ctico y fiable para la toma de pedidos en restauraci\u00f3n.","breadcrumb":{"@id":"https:\/\/www.csj-emballages.com\/es\/produit\/50-tripli-165-x-85-mm-tacos-de-mayordomo\/#breadcrumb"},"inLanguage":"es","potentialAction":[{"@type":"ReadAction","target":["https:\/\/www.csj-emballages.com\/es\/produit\/50-tripli-165-x-85-mm-tacos-de-mayordomo\/"]}]},{"@type":"ImageObject","inLanguage":"es","@id":"https:\/\/www.csj-emballages.com\/es\/produit\/50-tripli-165-x-85-mm-tacos-de-mayordomo\/#primaryimage","url":"https:\/\/www.csj-emballages.com\/wp-content\/uploads\/2024\/03\/2203.webp","contentUrl":"https:\/\/www.csj-emballages.com\/wp-content\/uploads\/2024\/03\/2203.webp","width":800,"height":800,"caption":"Bloc ma\u00eetre d'h\u00f4tel"},{"@type":"BreadcrumbList","@id":"https:\/\/www.csj-emballages.com\/es\/produit\/50-tripli-165-x-85-mm-tacos-de-mayordomo\/#breadcrumb","itemListElement":[{"@type":"ListItem","position":1,"name":"Accueil","item":"https:\/\/www.csj-emballages.com\/es\/universo-del-envasado-alimentario\/"},{"@type":"ListItem","position":2,"name":"Tienda","item":"https:\/\/www.csj-emballages.com\/tienda\/"},{"@type":"ListItem","position":3,"name":"Bloc de notas para camarero 50 triplicado 165 x 85 mm"}]},{"@type":"WebSite","@id":"https:\/\/www.csj-emballages.com\/es\/#website","url":"https:\/\/www.csj-emballages.com\/es\/","name":"CSJ Emballages","description":"","publisher":{"@id":"https:\/\/www.csj-emballages.com\/es\/#organization"},"potentialAction":[{"@type":"SearchAction","target":{"@type":"EntryPoint","urlTemplate":"https:\/\/www.csj-emballages.com\/es\/?s={search_term_string}"},"query-input":{"@type":"PropertyValueSpecification","valueRequired":true,"valueName":"search_term_string"}}],"inLanguage":"es"},{"@type":"Organization","@id":"https:\/\/www.csj-emballages.com\/es\/#Organization\/","name":"CSJ Emballages","url":"https:\/\/www.csj-emballages.com\/es\/","logo":{"@type":"ImageObject","inLanguage":"es","@id":"https:\/\/www.csj-emballages.com\/es\/#\/schema\/logo\/image\/","url":"https:\/\/www.csj-emballages.com\/wp-content\/uploads\/2023\/10\/logo_csj.webp","contentUrl":"https:\/\/www.csj-emballages.com\/wp-content\/uploads\/2023\/10\/logo_csj.webp","width":250,"height":95,"caption":"CSJ Emballages"},"image":{"@id":"https:\/\/www.csj-emballages.com\/es\/#\/schema\/logo\/image\/"},"sameAs":["https:\/\/www.facebook.com\/csjemballages"],"address":{"@type":"PostalAddress","streetAddress":"ZI La Lechere","addressLocality":"Patornay","postalCode":"39130","addressCountry":"FR"},"contactPoint":[{"@type":"ContactPoint","contactType":"Service client","telephone":"0384254272","email":"contact@csj-emballages.com"}]}]}},"df_price":1.72,"df_sale_price":"","df_regular_price":1.72,"df_image_link":"https:\/\/www.csj-emballages.com\/wp-content\/uploads\/2024\/03\/2203-300x300.webp","tiered_pricing_type":"fixed","tiered_pricing_fixed_rules":[],"tiered_pricing_percentage_rules":[],"tiered_pricing_minimum":1,"tiered_pricing_roles_data":[],"_links":{"self":[{"href":"https:\/\/www.csj-emballages.com\/es\/wp-json\/wp\/v2\/product\/18888","targetHints":{"allow":["GET"]}}],"collection":[{"href":"https:\/\/www.csj-emballages.com\/es\/wp-json\/wp\/v2\/product"}],"about":[{"href":"https:\/\/www.csj-emballages.com\/es\/wp-json\/wp\/v2\/types\/product"}],"wp:featuredmedia":[{"embeddable":true,"href":"https:\/\/www.csj-emballages.com\/es\/wp-json\/wp\/v2\/media\/260349"}],"wp:attachment":[{"href":"https:\/\/www.csj-emballages.com\/es\/wp-json\/wp\/v2\/media?parent=18888"}],"wp:term":[{"taxonomy":"product_brand","embeddable":true,"href":"https:\/\/www.csj-emballages.com\/es\/wp-json\/wp\/v2\/product_brand?post=18888"},{"taxonomy":"product_cat","embeddable":true,"href":"https:\/\/www.csj-emballages.com\/es\/wp-json\/wp\/v2\/product_cat?post=18888"},{"taxonomy":"product_tag","embeddable":true,"href":"https:\/\/www.csj-emballages.com\/es\/wp-json\/wp\/v2\/product_tag?post=18888"}],"curies":[{"name":"wp","href":"https:\/\/api.w.org\/{rel}","templated":true}]}}