{"id":18877,"date":"2024-03-01T16:59:12","date_gmt":"2024-03-01T15:59:12","guid":{"rendered":"https:\/\/u15jnbdpoq.preview.infomaniak.website\/produit\/bloques-cerveceros-50-dupli-259-x-100-mm\/"},"modified":"2026-03-12T16:07:47","modified_gmt":"2026-03-12T15:07:47","slug":"bloques-cerveceros-50-dupli-259-x-100-mm","status":"publish","type":"product","link":"https:\/\/www.csj-emballages.com\/es\/produit\/bloques-cerveceros-50-dupli-259-x-100-mm\/","title":{"rendered":"Bloc de cervecer\u00eda 50 duplicados 259 x 100 mm"},"content":{"rendered":"<h2>Bloc de cervecer\u00eda<\/h2>\n<hr>\n<h3>Descubra nuestro bloc de cervecer\u00eda 50 duplicados 259 x 100 mm<\/h3>\n<p><!--more--><\/p>\n<p data-start=\"252\" data-end=\"606\">En una <strong>cervecer\u00eda<\/strong>, todo va r\u00e1pido. Los pedidos se encadenan, las mesas se llenan y hay que ser claro, preciso y organizado. Es exactamente ah\u00ed donde este <strong data-start=\"412\" data-end=\"452\">bloc de cervecer\u00eda 50 duplicados 259 x 100 mm<\/strong> marca la diferencia. Pensado para el servicio de sala, permite anotar cada pedido sin perder informaci\u00f3n, incluso cuando el ritmo se acelera.   <\/p>\n<p data-start=\"608\" data-end=\"1021\">Su <strong>formato alargado<\/strong> ofrece una lectura sencilla y estructurada. Cada hoja est\u00e1 dividida en varias zonas, lo que facilita la toma de pedidos por mesa, por cliente o por etapa del servicio. Gracias al sistema <strong data-start=\"815\" data-end=\"824\">duplicado<\/strong>, conserva autom\u00e1ticamente una copia: una para la cocina, una para la caja o el bar. Resultado, menos errores, menos viajes de ida y vuelta y una comunicaci\u00f3n m\u00e1s fluida entre los equipos.   <\/p>\n<p data-start=\"1023\" data-end=\"1312\">Del mismo modo, las <strong>hojas<\/strong> son <strong>f\u00e1cilmente extra\u00edbles<\/strong>, sin desgarros ni p\u00e9rdida de legibilidad. El papel autocopiativo asegura una escritura n\u00edtida y legible, incluso con un servicio intenso. Es un verdadero ahorro de tiempo, pero tambi\u00e9n una herramienta tranquilizadora para el personal, sobre todo en las horas punta.  <\/p>\n<p data-start=\"1314\" data-end=\"1567\">Con sus <strong data-start=\"1323\" data-end=\"1340\">50 duplicados<\/strong>, este <strong>bloc de cervecer\u00eda<\/strong> es adecuado tanto para cervecer\u00edas como para caf\u00e9s, restaurantes, snacks o establecimientos de alto rendimiento. Se integra naturalmente en el d\u00eda a d\u00eda sin necesidad de adaptaci\u00f3n particular. Se utiliza, sencillamente.  <\/p>\n<p data-start=\"1569\" data-end=\"1766\">En resumen, este <strong>bloc de cervecer\u00eda<\/strong> es una herramienta discreta pero esencial. Acompa\u00f1a al servicio, asegura los pedidos y ayuda a los equipos a trabajar con m\u00e1s serenidad, sin ralentizar nunca el ritmo. <\/p>\n<p data-start=\"1569\" data-end=\"1766\">\n<p data-start=\"1554\" data-end=\"1652\"><!--more--><\/p>\n<h4 data-start=\"1554\" data-end=\"1652\">Ventajas :<\/h4>\n<ul>\n<li data-start=\"1794\" data-end=\"1834\">Formato pr\u00e1ctico y legible en el servicio.<\/li>\n<li data-start=\"1837\" data-end=\"1878\"><strong>Sistema de duplicado<\/strong> para una copia inmediata.<\/li>\n<li data-start=\"1881\" data-end=\"1917\">Organizaci\u00f3n clara de los pedidos.<\/li>\n<li data-start=\"1920\" data-end=\"1955\"><strong>Hojas extra\u00edbles<\/strong> f\u00e1cilmente.<\/li>\n<li data-start=\"1958\" data-end=\"2008\">Ideal para cervecer\u00edas y restaurantes de alto rendimiento.<\/li>\n<\/ul>\n<p>&nbsp;<\/p>\n<p><!--more--><\/p>\n<h4>Informaci\u00f3n adicional :<\/h4>\n<ul>\n<li><strong>Embalaje<\/strong>: Por unidad<\/li>\n<li><strong>Dimensiones<\/strong>: 259 x 100 mm<\/li>\n<li><strong>Modelo<\/strong>: Bloc de cervecer\u00eda<\/li>\n<li><strong>Papel interior<\/strong>: Blanco<\/li>\n<li><strong>Gramaje<\/strong>: 56-57 grs\/m\u00b2<\/li>\n<li><strong>N\u00famero de p\u00e1ginas-hojas<\/strong>: 50 Duplicados<\/li>\n<\/ul>\n<p>&nbsp;<\/p>\n<p><!--more--><\/p>\n<p>Encuentre tambi\u00e9n nuestro bloc de cervecer\u00eda triplicado: <span style=\"color: #d12727;\"><a style=\"color: #d12727;\" href=\"https:\/\/www.csj-emballages.com\/es\/produit\/bloques-cerveceros-50-tripli-259-x-100-mm\/\">2218<\/a><\/span><\/p>\n<p>&nbsp;<\/p>\n<p><!--more--><\/p>\n<p><a href=\"https:\/\/www.csj-emballages.com\/es\/categorie-produit\/envasado-de-alimentos\/tienda-y-almacen\/papeleria-y-pequeno-material\/bloquea\/\">Consulte el resto de nuestra gama de blocs<\/a><\/p>\n","protected":false},"excerpt":{"rendered":"<p>Bloc de cervecer\u00eda Descubra nuestro bloc de cervecer\u00eda 50 duplicados 259 x 100 mm<\/p>\n","protected":false},"featured_media":260370,"template":"","meta":{"_acf_changed":false},"product_brand":[],"product_cat":[1150,1488,1931,3876],"product_tag":[],"class_list":{"0":"post-18877","1":"product","2":"type-product","3":"status-publish","4":"has-post-thumbnail","6":"product_cat-envasado-de-alimentos","7":"product_cat-tienda-y-almacen","8":"product_cat-papeleria-y-pequeno-material","9":"product_cat-bloquea","11":"first","12":"instock","13":"taxable","14":"shipping-taxable","15":"purchasable","16":"product-type-simple"},"acf":[],"yoast_head":"<!-- This site is optimized with the Yoast SEO Premium plugin v26.6 (Yoast SEO v26.6) - https:\/\/yoast.com\/wordpress\/plugins\/seo\/ -->\n<title>Bloc de cervecer\u00eda 50 Duplicados 259 x 100 mm<\/title>\n<meta name=\"description\" content=\"Bloc de cervecer\u00eda 50 duplicados 259x100 mm autocopiativo. Pr\u00e1ctico y claro, facilita la toma de pedidos y la gesti\u00f3n del servicio en restauraci\u00f3n.\" \/>\n<meta name=\"robots\" content=\"index, follow, max-snippet:-1, max-image-preview:large, max-video-preview:-1\" \/>\n<link rel=\"canonical\" href=\"https:\/\/www.csj-emballages.com\/es\/produit\/bloques-cerveceros-50-dupli-259-x-100-mm\/\" \/>\n<meta property=\"og:locale\" content=\"es_ES\" \/>\n<meta property=\"og:type\" content=\"article\" \/>\n<meta property=\"og:title\" content=\"Bloc de cervecer\u00eda 50 duplicados 259 x 100 mm\" \/>\n<meta property=\"og:description\" content=\"Bloc de cervecer\u00eda 50 duplicados 259x100 mm autocopiativo. Pr\u00e1ctico y claro, facilita la toma de pedidos y la gesti\u00f3n del servicio en restauraci\u00f3n.\" \/>\n<meta property=\"og:url\" content=\"https:\/\/www.csj-emballages.com\/es\/produit\/bloques-cerveceros-50-dupli-259-x-100-mm\/\" \/>\n<meta property=\"og:site_name\" content=\"CSJ Emballages\" \/>\n<meta property=\"article:publisher\" content=\"https:\/\/www.facebook.com\/csjemballages\" \/>\n<meta property=\"article:modified_time\" content=\"2026-03-12T15:07:47+00:00\" \/>\n<meta property=\"og:image\" content=\"https:\/\/www.csj-emballages.com\/wp-content\/uploads\/2024\/03\/2208.webp\" \/>\n\t<meta property=\"og:image:width\" content=\"800\" \/>\n\t<meta property=\"og:image:height\" content=\"800\" \/>\n\t<meta property=\"og:image:type\" content=\"image\/webp\" \/>\n<meta name=\"twitter:card\" content=\"summary_large_image\" \/>\n<meta name=\"twitter:label1\" content=\"Tiempo de lectura\" \/>\n\t<meta name=\"twitter:data1\" content=\"2 minutos\" \/>\n<script type=\"application\/ld+json\" class=\"yoast-schema-graph\">{\"@context\":\"https:\/\/schema.org\",\"@graph\":[{\"@type\":\"WebPage\",\"@id\":\"https:\/\/www.csj-emballages.com\/es\/produit\/bloques-cerveceros-50-dupli-259-x-100-mm\/\",\"url\":\"https:\/\/www.csj-emballages.com\/es\/produit\/bloques-cerveceros-50-dupli-259-x-100-mm\/\",\"name\":\"Bloc de cervecer\u00eda 50 Duplicados 259 x 100 mm\",\"isPartOf\":{\"@id\":\"https:\/\/www.csj-emballages.com\/es\/#website\"},\"primaryImageOfPage\":{\"@id\":\"https:\/\/www.csj-emballages.com\/es\/produit\/bloques-cerveceros-50-dupli-259-x-100-mm\/#primaryimage\"},\"image\":{\"@id\":\"https:\/\/www.csj-emballages.com\/es\/produit\/bloques-cerveceros-50-dupli-259-x-100-mm\/#primaryimage\"},\"thumbnailUrl\":\"https:\/\/www.csj-emballages.com\/wp-content\/uploads\/2024\/03\/2208.webp\",\"datePublished\":\"2024-03-01T15:59:12+00:00\",\"dateModified\":\"2026-03-12T15:07:47+00:00\",\"description\":\"Bloc de cervecer\u00eda 50 duplicados 259x100 mm autocopiativo. Pr\u00e1ctico y claro, facilita la toma de pedidos y la gesti\u00f3n del servicio en restauraci\u00f3n.\",\"breadcrumb\":{\"@id\":\"https:\/\/www.csj-emballages.com\/es\/produit\/bloques-cerveceros-50-dupli-259-x-100-mm\/#breadcrumb\"},\"inLanguage\":\"es\",\"potentialAction\":[{\"@type\":\"ReadAction\",\"target\":[\"https:\/\/www.csj-emballages.com\/es\/produit\/bloques-cerveceros-50-dupli-259-x-100-mm\/\"]}]},{\"@type\":\"ImageObject\",\"inLanguage\":\"es\",\"@id\":\"https:\/\/www.csj-emballages.com\/es\/produit\/bloques-cerveceros-50-dupli-259-x-100-mm\/#primaryimage\",\"url\":\"https:\/\/www.csj-emballages.com\/wp-content\/uploads\/2024\/03\/2208.webp\",\"contentUrl\":\"https:\/\/www.csj-emballages.com\/wp-content\/uploads\/2024\/03\/2208.webp\",\"width\":800,\"height\":800,\"caption\":\"Bloc brasserie\"},{\"@type\":\"BreadcrumbList\",\"@id\":\"https:\/\/www.csj-emballages.com\/es\/produit\/bloques-cerveceros-50-dupli-259-x-100-mm\/#breadcrumb\",\"itemListElement\":[{\"@type\":\"ListItem\",\"position\":1,\"name\":\"Accueil\",\"item\":\"https:\/\/www.csj-emballages.com\/es\/universo-del-envasado-alimentario\/\"},{\"@type\":\"ListItem\",\"position\":2,\"name\":\"Tienda\",\"item\":\"https:\/\/www.csj-emballages.com\/tienda\/\"},{\"@type\":\"ListItem\",\"position\":3,\"name\":\"Bloc de cervecer\u00eda 50 duplicados 259 x 100 mm\"}]},{\"@type\":\"WebSite\",\"@id\":\"https:\/\/www.csj-emballages.com\/es\/#website\",\"url\":\"https:\/\/www.csj-emballages.com\/es\/\",\"name\":\"CSJ Emballages\",\"description\":\"\",\"publisher\":{\"@id\":\"https:\/\/www.csj-emballages.com\/es\/#organization\"},\"potentialAction\":[{\"@type\":\"SearchAction\",\"target\":{\"@type\":\"EntryPoint\",\"urlTemplate\":\"https:\/\/www.csj-emballages.com\/es\/?s={search_term_string}\"},\"query-input\":{\"@type\":\"PropertyValueSpecification\",\"valueRequired\":true,\"valueName\":\"search_term_string\"}}],\"inLanguage\":\"es\"},{\"@type\":\"Organization\",\"@id\":\"https:\/\/www.csj-emballages.com\/es\/#Organization\/\",\"name\":\"CSJ Emballages\",\"url\":\"https:\/\/www.csj-emballages.com\/es\/\",\"logo\":{\"@type\":\"ImageObject\",\"inLanguage\":\"es\",\"@id\":\"https:\/\/www.csj-emballages.com\/es\/#\/schema\/logo\/image\/\",\"url\":\"https:\/\/www.csj-emballages.com\/wp-content\/uploads\/2023\/10\/logo_csj.webp\",\"contentUrl\":\"https:\/\/www.csj-emballages.com\/wp-content\/uploads\/2023\/10\/logo_csj.webp\",\"width\":250,\"height\":95,\"caption\":\"CSJ Emballages\"},\"image\":{\"@id\":\"https:\/\/www.csj-emballages.com\/es\/#\/schema\/logo\/image\/\"},\"sameAs\":[\"https:\/\/www.facebook.com\/csjemballages\"],\"address\":{\"@type\":\"PostalAddress\",\"streetAddress\":\"ZI La Lechere\",\"addressLocality\":\"Patornay\",\"postalCode\":\"39130\",\"addressCountry\":\"FR\"},\"contactPoint\":[{\"@type\":\"ContactPoint\",\"contactType\":\"Service client\",\"telephone\":\"0384254272\",\"email\":\"contact@csj-emballages.com\"}]}]}<\/script>\n<!-- \/ Yoast SEO Premium plugin. -->","yoast_head_json":{"title":"Bloc de cervecer\u00eda 50 Duplicados 259 x 100 mm","description":"Bloc de cervecer\u00eda 50 duplicados 259x100 mm autocopiativo. Pr\u00e1ctico y claro, facilita la toma de pedidos y la gesti\u00f3n del servicio en restauraci\u00f3n.","robots":{"index":"index","follow":"follow","max-snippet":"max-snippet:-1","max-image-preview":"max-image-preview:large","max-video-preview":"max-video-preview:-1"},"canonical":"https:\/\/www.csj-emballages.com\/es\/produit\/bloques-cerveceros-50-dupli-259-x-100-mm\/","og_locale":"es_ES","og_type":"article","og_title":"Bloc de cervecer\u00eda 50 duplicados 259 x 100 mm","og_description":"Bloc de cervecer\u00eda 50 duplicados 259x100 mm autocopiativo. Pr\u00e1ctico y claro, facilita la toma de pedidos y la gesti\u00f3n del servicio en restauraci\u00f3n.","og_url":"https:\/\/www.csj-emballages.com\/es\/produit\/bloques-cerveceros-50-dupli-259-x-100-mm\/","og_site_name":"CSJ Emballages","article_publisher":"https:\/\/www.facebook.com\/csjemballages","article_modified_time":"2026-03-12T15:07:47+00:00","og_image":[{"width":800,"height":800,"url":"https:\/\/www.csj-emballages.com\/wp-content\/uploads\/2024\/03\/2208.webp","type":"image\/webp"}],"twitter_card":"summary_large_image","twitter_misc":{"Tiempo de lectura":"2 minutos"},"schema":{"@context":"https:\/\/schema.org","@graph":[{"@type":"WebPage","@id":"https:\/\/www.csj-emballages.com\/es\/produit\/bloques-cerveceros-50-dupli-259-x-100-mm\/","url":"https:\/\/www.csj-emballages.com\/es\/produit\/bloques-cerveceros-50-dupli-259-x-100-mm\/","name":"Bloc de cervecer\u00eda 50 Duplicados 259 x 100 mm","isPartOf":{"@id":"https:\/\/www.csj-emballages.com\/es\/#website"},"primaryImageOfPage":{"@id":"https:\/\/www.csj-emballages.com\/es\/produit\/bloques-cerveceros-50-dupli-259-x-100-mm\/#primaryimage"},"image":{"@id":"https:\/\/www.csj-emballages.com\/es\/produit\/bloques-cerveceros-50-dupli-259-x-100-mm\/#primaryimage"},"thumbnailUrl":"https:\/\/www.csj-emballages.com\/wp-content\/uploads\/2024\/03\/2208.webp","datePublished":"2024-03-01T15:59:12+00:00","dateModified":"2026-03-12T15:07:47+00:00","description":"Bloc de cervecer\u00eda 50 duplicados 259x100 mm autocopiativo. Pr\u00e1ctico y claro, facilita la toma de pedidos y la gesti\u00f3n del servicio en restauraci\u00f3n.","breadcrumb":{"@id":"https:\/\/www.csj-emballages.com\/es\/produit\/bloques-cerveceros-50-dupli-259-x-100-mm\/#breadcrumb"},"inLanguage":"es","potentialAction":[{"@type":"ReadAction","target":["https:\/\/www.csj-emballages.com\/es\/produit\/bloques-cerveceros-50-dupli-259-x-100-mm\/"]}]},{"@type":"ImageObject","inLanguage":"es","@id":"https:\/\/www.csj-emballages.com\/es\/produit\/bloques-cerveceros-50-dupli-259-x-100-mm\/#primaryimage","url":"https:\/\/www.csj-emballages.com\/wp-content\/uploads\/2024\/03\/2208.webp","contentUrl":"https:\/\/www.csj-emballages.com\/wp-content\/uploads\/2024\/03\/2208.webp","width":800,"height":800,"caption":"Bloc brasserie"},{"@type":"BreadcrumbList","@id":"https:\/\/www.csj-emballages.com\/es\/produit\/bloques-cerveceros-50-dupli-259-x-100-mm\/#breadcrumb","itemListElement":[{"@type":"ListItem","position":1,"name":"Accueil","item":"https:\/\/www.csj-emballages.com\/es\/universo-del-envasado-alimentario\/"},{"@type":"ListItem","position":2,"name":"Tienda","item":"https:\/\/www.csj-emballages.com\/tienda\/"},{"@type":"ListItem","position":3,"name":"Bloc de cervecer\u00eda 50 duplicados 259 x 100 mm"}]},{"@type":"WebSite","@id":"https:\/\/www.csj-emballages.com\/es\/#website","url":"https:\/\/www.csj-emballages.com\/es\/","name":"CSJ Emballages","description":"","publisher":{"@id":"https:\/\/www.csj-emballages.com\/es\/#organization"},"potentialAction":[{"@type":"SearchAction","target":{"@type":"EntryPoint","urlTemplate":"https:\/\/www.csj-emballages.com\/es\/?s={search_term_string}"},"query-input":{"@type":"PropertyValueSpecification","valueRequired":true,"valueName":"search_term_string"}}],"inLanguage":"es"},{"@type":"Organization","@id":"https:\/\/www.csj-emballages.com\/es\/#Organization\/","name":"CSJ Emballages","url":"https:\/\/www.csj-emballages.com\/es\/","logo":{"@type":"ImageObject","inLanguage":"es","@id":"https:\/\/www.csj-emballages.com\/es\/#\/schema\/logo\/image\/","url":"https:\/\/www.csj-emballages.com\/wp-content\/uploads\/2023\/10\/logo_csj.webp","contentUrl":"https:\/\/www.csj-emballages.com\/wp-content\/uploads\/2023\/10\/logo_csj.webp","width":250,"height":95,"caption":"CSJ Emballages"},"image":{"@id":"https:\/\/www.csj-emballages.com\/es\/#\/schema\/logo\/image\/"},"sameAs":["https:\/\/www.facebook.com\/csjemballages"],"address":{"@type":"PostalAddress","streetAddress":"ZI La Lechere","addressLocality":"Patornay","postalCode":"39130","addressCountry":"FR"},"contactPoint":[{"@type":"ContactPoint","contactType":"Service client","telephone":"0384254272","email":"contact@csj-emballages.com"}]}]}},"df_price":2.44,"df_sale_price":"","df_regular_price":2.44,"df_image_link":"https:\/\/www.csj-emballages.com\/wp-content\/uploads\/2024\/03\/2208-300x300.webp","tiered_pricing_type":"fixed","tiered_pricing_fixed_rules":[],"tiered_pricing_percentage_rules":[],"tiered_pricing_minimum":1,"tiered_pricing_roles_data":[],"_links":{"self":[{"href":"https:\/\/www.csj-emballages.com\/es\/wp-json\/wp\/v2\/product\/18877","targetHints":{"allow":["GET"]}}],"collection":[{"href":"https:\/\/www.csj-emballages.com\/es\/wp-json\/wp\/v2\/product"}],"about":[{"href":"https:\/\/www.csj-emballages.com\/es\/wp-json\/wp\/v2\/types\/product"}],"wp:featuredmedia":[{"embeddable":true,"href":"https:\/\/www.csj-emballages.com\/es\/wp-json\/wp\/v2\/media\/260370"}],"wp:attachment":[{"href":"https:\/\/www.csj-emballages.com\/es\/wp-json\/wp\/v2\/media?parent=18877"}],"wp:term":[{"taxonomy":"product_brand","embeddable":true,"href":"https:\/\/www.csj-emballages.com\/es\/wp-json\/wp\/v2\/product_brand?post=18877"},{"taxonomy":"product_cat","embeddable":true,"href":"https:\/\/www.csj-emballages.com\/es\/wp-json\/wp\/v2\/product_cat?post=18877"},{"taxonomy":"product_tag","embeddable":true,"href":"https:\/\/www.csj-emballages.com\/es\/wp-json\/wp\/v2\/product_tag?post=18877"}],"curies":[{"name":"wp","href":"https:\/\/api.w.org\/{rel}","templated":true}]}}