{"id":18873,"date":"2024-03-01T16:59:13","date_gmt":"2024-03-01T15:59:13","guid":{"rendered":"https:\/\/u15jnbdpoq.preview.infomaniak.website\/produit\/cuaderno-autocopiativo-50-triptico-210-x-140-mm\/"},"modified":"2026-04-03T02:12:08","modified_gmt":"2026-04-03T00:12:08","slug":"cuaderno-autocopiativo-50-triptico-210-x-140-mm","status":"publish","type":"product","link":"https:\/\/www.csj-emballages.com\/es\/produit\/cuaderno-autocopiativo-50-triptico-210-x-140-mm\/","title":{"rendered":"Cuaderno autocopiativo cuadriculado 50 trifolios 210 x 140 mm"},"content":{"rendered":"<h2 class=\"p1\">Cuaderno autocopiativo cuadriculado<\/h2>\n<hr>\n<h3>Descripci\u00f3n de nuestro cuaderno autocopiativo cuadriculado 50 tr\u00edptico 210 x 140 mm<\/h3>\n<p><!--more--><\/p>\n<div class=\"flex-shrink-0 flex flex-col relative items-end\">\n<div class=\"pt-0.5 juice:pt-0\">\n<div class=\"gizmo-bot-avatar flex h-6 w-6 items-center justify-center overflow-hidden rounded-full juice:h-8 juice:w-8\">\n<div class=\"relative p-1 rounded-sm flex items-center justify-center bg-token-main-surface-primary text-token-text-primary h-8 w-8\">\n<p class=\"\" data-start=\"217\" data-end=\"671\">Dise\u00f1ado para profesionales que necesitan mantener un registro fiable y organizado de sus escritos, este <strong data-start=\"325\" data-end=\"371\">cuaderno autocopiativo cuadriculado tr\u00edptico de 5&#215;5<\/strong> es un elemento esencial para el d\u00eda a d\u00eda. Tanto si realiza el seguimiento de un trabajo, gestiona pedidos de compra, realiza declaraciones t\u00e9cnicas o redacta informes de obra, podr\u00e1 tomar notas r\u00e1pidas y claras, al tiempo que duplica autom\u00e1ticamente sus datos por triplicado. <\/p>\n<p class=\"\" data-start=\"673\" data-end=\"759\">Este <strong>cuaderno<\/strong> contiene <strong>50 hojas<\/strong> <strong>numeradas<\/strong>, cada una de ellas dividida en <strong>tres secciones<\/strong><\/p>\n<ul data-start=\"760\" data-end=\"1178\">\n<li class=\"\" data-start=\"760\" data-end=\"898\">\n<p class=\"\" data-start=\"762\" data-end=\"898\">La <strong data-start=\"765\" data-end=\"790\">primera hoja (CB),<\/strong> de papel de 56 g\/m\u00b2, est\u00e1 impresa en <strong data-start=\"838\" data-end=\"853\">tinta azul<\/strong> para una lectura clara y profesional.<\/p>\n<\/li>\n<li class=\"\" data-start=\"899\" data-end=\"1046\">\n<p class=\"\" data-start=\"901\" data-end=\"1046\">La <strong data-start=\"904\" data-end=\"931\">segunda hoja (CFB)<\/strong>, ligeramente m\u00e1s fina (53 g\/m\u00b2), est\u00e1 impresa en <strong data-start=\"979\" data-end=\"988\">rojo<\/strong>, lo que facilita su clasificaci\u00f3n y r\u00e1pida diferenciaci\u00f3n.<\/p>\n<\/li>\n<li class=\"\" data-start=\"1047\" data-end=\"1178\">\n<p class=\"\" data-start=\"1049\" data-end=\"1178\">Por \u00faltimo, el <strong data-start=\"1059\" data-end=\"1086\">tercer folleto (CF)<\/strong>, de 57 g\/m\u00b2, est\u00e1 impreso en <strong data-start=\"1115\" data-end=\"1123\">verde<\/strong>, lo que a\u00f1ade una \u00faltima capa de organizaci\u00f3n visual.<\/p>\n<\/li>\n<\/ul>\n<p class=\"\" data-start=\"1180\" data-end=\"1466\">Adem\u00e1s, su <strong data-start=\"1184\" data-end=\"1215\">formato compacto de 210 x 140 mm<\/strong> permite guardarla f\u00e1cilmente en un bolso o un caj\u00f3n, al tiempo que ofrece un amplio espacio de escritura gracias a la cuadr\u00edcula de 5&#215;5. En resumen, es una herramienta de campo pr\u00e1ctica, robusta y legible, dise\u00f1ada para llevar la cuenta de tus ajetreados d\u00edas sin fallar nunca. <\/p>\n<p data-start=\"1180\" data-end=\"1466\">\n<\/div>\n<\/div>\n<\/div>\n<\/div>\n<p><!--more--><\/p>\n<p><strong>Sus ventajas:<\/strong><\/p>\n<ul>\n<li><strong>Tripli<\/strong>: 3 ejemplares por prospecto para una trazabilidad completa.<\/li>\n<li>Este cuaderno cuadriculado autocopiativo est\u00e1 numerado en cada p\u00e1gina para un seguimiento preciso.<\/li>\n<li><strong>Impresi\u00f3n en tres colores<\/strong>: azul, rojo y verde para facilitar la identificaci\u00f3n.<\/li>\n<li>Su cuadr\u00edcula de 5&#215;5 la hace ideal para diagramas, tablas y anotaciones precisas.<\/li>\n<li>Formato pr\u00e1ctico y f\u00e1cil de llevar.<\/li>\n<\/ul>\n<p>&nbsp;<\/p>\n<p><!--more--><\/p>\n<h4>Informaci\u00f3n adicional :<\/h4>\n<ul>\n<li><strong>Embalaje<\/strong>: Se vende individualmente<\/li>\n<li><strong>Dimensiones<\/strong>: 210 x 140 (L x A en mm).<\/li>\n<li><strong>N\u00famero de p\u00e1ginas<\/strong>: 50 tripli<\/li>\n<li><strong>Material<\/strong>: Papel<\/li>\n<\/ul>\n<p>&nbsp;<\/p>\n<p><!--more--><\/p>\n<p>Este tipo de cuaderno en 210 x 140 mm tambi\u00e9n est\u00e1 disponible en 1 duplicado: <span style=\"color: #d12727\"><a style=\"color: #d12727\" href=\"https:\/\/www.csj-emballages.com\/es\/produit\/cuaderno-autocopiativo-50-dupli-210-x-140-mm\/\">2133<\/a><\/span><\/p>\n<p>&nbsp;<\/p>\n<p><!--more--><\/p>\n<p><a href=\"https:\/\/www.csj-emballages.com\/es\/categorie-produit\/envasado-de-alimentos\/tienda-y-almacen\/papeleria-y-pequeno-material\/cuadernos\/\">Ver el resto de nuestra gama de cuadernos<\/a><\/p>\n","protected":false},"excerpt":{"rendered":"<p>Cuaderno autocopiativo cuadriculado Descripci\u00f3n de nuestro cuaderno autocopiativo cuadriculado 50 tr\u00edptico 210 x 140 mm<\/p>\n","protected":false},"featured_media":231574,"template":"","meta":{"_acf_changed":false},"product_brand":[],"product_cat":[1488,1931,1946],"product_tag":[],"class_list":{"0":"post-18873","1":"product","2":"type-product","3":"status-publish","4":"has-post-thumbnail","6":"product_cat-tienda-y-almacen","7":"product_cat-papeleria-y-pequeno-material","8":"product_cat-cuadernos-autocopiativos","10":"first","11":"instock","12":"taxable","13":"shipping-taxable","14":"purchasable","15":"product-type-simple"},"acf":[],"yoast_head":"<!-- This site is optimized with the Yoast SEO Premium plugin v26.6 (Yoast SEO v26.6) - https:\/\/yoast.com\/wordpress\/plugins\/seo\/ -->\n<title>Cu\u00e1druple Cuaderno Autocopiativo 50 Tr\u00edptico 210 x 140 mm<\/title>\n<meta name=\"description\" content=\"Cuaderno autocopiativo tr\u00edptico cuadriculado de 210 x 140 mm - 50 hojas numeradas con impresi\u00f3n en azul, rojo y verde. Pr\u00e1ctico, robusto y profesional.\" \/>\n<meta name=\"robots\" content=\"index, follow, max-snippet:-1, max-image-preview:large, max-video-preview:-1\" \/>\n<link rel=\"canonical\" href=\"https:\/\/www.csj-emballages.com\/es\/produit\/cuaderno-autocopiativo-50-triptico-210-x-140-mm\/\" \/>\n<meta property=\"og:locale\" content=\"es_ES\" \/>\n<meta property=\"og:type\" content=\"article\" \/>\n<meta property=\"og:title\" content=\"Cuaderno autocopiativo cuadriculado 50 trifolios 210 x 140 mm\" \/>\n<meta property=\"og:description\" content=\"Cuaderno autocopiativo tr\u00edptico cuadriculado de 210 x 140 mm - 50 hojas numeradas con impresi\u00f3n en azul, rojo y verde. Pr\u00e1ctico, robusto y profesional.\" \/>\n<meta property=\"og:url\" content=\"https:\/\/www.csj-emballages.com\/es\/produit\/cuaderno-autocopiativo-50-triptico-210-x-140-mm\/\" \/>\n<meta property=\"og:site_name\" content=\"CSJ Emballages\" \/>\n<meta property=\"article:publisher\" content=\"https:\/\/www.facebook.com\/csjemballages\" \/>\n<meta property=\"article:modified_time\" content=\"2026-04-03T00:12:08+00:00\" \/>\n<meta property=\"og:image\" content=\"https:\/\/www.csj-emballages.com\/wp-content\/uploads\/2024\/03\/2134.webp\" \/>\n\t<meta property=\"og:image:width\" content=\"800\" \/>\n\t<meta property=\"og:image:height\" content=\"800\" \/>\n\t<meta property=\"og:image:type\" content=\"image\/webp\" \/>\n<meta name=\"twitter:card\" content=\"summary_large_image\" \/>\n<meta name=\"twitter:label1\" content=\"Tiempo de lectura\" \/>\n\t<meta name=\"twitter:data1\" content=\"2 minutos\" \/>\n<script type=\"application\/ld+json\" class=\"yoast-schema-graph\">{\"@context\":\"https:\/\/schema.org\",\"@graph\":[{\"@type\":\"WebPage\",\"@id\":\"https:\/\/www.csj-emballages.com\/es\/produit\/cuaderno-autocopiativo-50-triptico-210-x-140-mm\/\",\"url\":\"https:\/\/www.csj-emballages.com\/es\/produit\/cuaderno-autocopiativo-50-triptico-210-x-140-mm\/\",\"name\":\"Cu\u00e1druple Cuaderno Autocopiativo 50 Tr\u00edptico 210 x 140 mm\",\"isPartOf\":{\"@id\":\"https:\/\/www.csj-emballages.com\/es\/#website\"},\"primaryImageOfPage\":{\"@id\":\"https:\/\/www.csj-emballages.com\/es\/produit\/cuaderno-autocopiativo-50-triptico-210-x-140-mm\/#primaryimage\"},\"image\":{\"@id\":\"https:\/\/www.csj-emballages.com\/es\/produit\/cuaderno-autocopiativo-50-triptico-210-x-140-mm\/#primaryimage\"},\"thumbnailUrl\":\"https:\/\/www.csj-emballages.com\/wp-content\/uploads\/2024\/03\/2134.webp\",\"datePublished\":\"2024-03-01T15:59:13+00:00\",\"dateModified\":\"2026-04-03T00:12:08+00:00\",\"description\":\"Cuaderno autocopiativo tr\u00edptico cuadriculado de 210 x 140 mm - 50 hojas numeradas con impresi\u00f3n en azul, rojo y verde. Pr\u00e1ctico, robusto y profesional.\",\"breadcrumb\":{\"@id\":\"https:\/\/www.csj-emballages.com\/es\/produit\/cuaderno-autocopiativo-50-triptico-210-x-140-mm\/#breadcrumb\"},\"inLanguage\":\"es\",\"potentialAction\":[{\"@type\":\"ReadAction\",\"target\":[\"https:\/\/www.csj-emballages.com\/es\/produit\/cuaderno-autocopiativo-50-triptico-210-x-140-mm\/\"]}]},{\"@type\":\"ImageObject\",\"inLanguage\":\"es\",\"@id\":\"https:\/\/www.csj-emballages.com\/es\/produit\/cuaderno-autocopiativo-50-triptico-210-x-140-mm\/#primaryimage\",\"url\":\"https:\/\/www.csj-emballages.com\/wp-content\/uploads\/2024\/03\/2134.webp\",\"contentUrl\":\"https:\/\/www.csj-emballages.com\/wp-content\/uploads\/2024\/03\/2134.webp\",\"width\":800,\"height\":800,\"caption\":\"carnet autocopiant quadrill\u00e9\"},{\"@type\":\"BreadcrumbList\",\"@id\":\"https:\/\/www.csj-emballages.com\/es\/produit\/cuaderno-autocopiativo-50-triptico-210-x-140-mm\/#breadcrumb\",\"itemListElement\":[{\"@type\":\"ListItem\",\"position\":1,\"name\":\"Accueil\",\"item\":\"https:\/\/www.csj-emballages.com\/es\/universo-del-envasado-alimentario\/\"},{\"@type\":\"ListItem\",\"position\":2,\"name\":\"Tienda\",\"item\":\"https:\/\/www.csj-emballages.com\/tienda\/\"},{\"@type\":\"ListItem\",\"position\":3,\"name\":\"Cuaderno autocopiativo cuadriculado 50 trifolios 210 x 140 mm\"}]},{\"@type\":\"WebSite\",\"@id\":\"https:\/\/www.csj-emballages.com\/es\/#website\",\"url\":\"https:\/\/www.csj-emballages.com\/es\/\",\"name\":\"CSJ Emballages\",\"description\":\"\",\"publisher\":{\"@id\":\"https:\/\/www.csj-emballages.com\/es\/#organization\"},\"potentialAction\":[{\"@type\":\"SearchAction\",\"target\":{\"@type\":\"EntryPoint\",\"urlTemplate\":\"https:\/\/www.csj-emballages.com\/es\/?s={search_term_string}\"},\"query-input\":{\"@type\":\"PropertyValueSpecification\",\"valueRequired\":true,\"valueName\":\"search_term_string\"}}],\"inLanguage\":\"es\"},{\"@type\":\"Organization\",\"@id\":\"https:\/\/www.csj-emballages.com\/es\/#Organization\/\",\"name\":\"CSJ Emballages\",\"url\":\"https:\/\/www.csj-emballages.com\/es\/\",\"logo\":{\"@type\":\"ImageObject\",\"inLanguage\":\"es\",\"@id\":\"https:\/\/www.csj-emballages.com\/es\/#\/schema\/logo\/image\/\",\"url\":\"https:\/\/www.csj-emballages.com\/wp-content\/uploads\/2023\/10\/logo_csj.webp\",\"contentUrl\":\"https:\/\/www.csj-emballages.com\/wp-content\/uploads\/2023\/10\/logo_csj.webp\",\"width\":250,\"height\":95,\"caption\":\"CSJ Emballages\"},\"image\":{\"@id\":\"https:\/\/www.csj-emballages.com\/es\/#\/schema\/logo\/image\/\"},\"sameAs\":[\"https:\/\/www.facebook.com\/csjemballages\"],\"address\":{\"@type\":\"PostalAddress\",\"streetAddress\":\"ZI La Lechere\",\"addressLocality\":\"Patornay\",\"postalCode\":\"39130\",\"addressCountry\":\"FR\"},\"contactPoint\":[{\"@type\":\"ContactPoint\",\"contactType\":\"Service client\",\"telephone\":\"0384254272\",\"email\":\"contact@csj-emballages.com\"}]}]}<\/script>\n<!-- \/ Yoast SEO Premium plugin. -->","yoast_head_json":{"title":"Cu\u00e1druple Cuaderno Autocopiativo 50 Tr\u00edptico 210 x 140 mm","description":"Cuaderno autocopiativo tr\u00edptico cuadriculado de 210 x 140 mm - 50 hojas numeradas con impresi\u00f3n en azul, rojo y verde. Pr\u00e1ctico, robusto y profesional.","robots":{"index":"index","follow":"follow","max-snippet":"max-snippet:-1","max-image-preview":"max-image-preview:large","max-video-preview":"max-video-preview:-1"},"canonical":"https:\/\/www.csj-emballages.com\/es\/produit\/cuaderno-autocopiativo-50-triptico-210-x-140-mm\/","og_locale":"es_ES","og_type":"article","og_title":"Cuaderno autocopiativo cuadriculado 50 trifolios 210 x 140 mm","og_description":"Cuaderno autocopiativo tr\u00edptico cuadriculado de 210 x 140 mm - 50 hojas numeradas con impresi\u00f3n en azul, rojo y verde. Pr\u00e1ctico, robusto y profesional.","og_url":"https:\/\/www.csj-emballages.com\/es\/produit\/cuaderno-autocopiativo-50-triptico-210-x-140-mm\/","og_site_name":"CSJ Emballages","article_publisher":"https:\/\/www.facebook.com\/csjemballages","article_modified_time":"2026-04-03T00:12:08+00:00","og_image":[{"width":800,"height":800,"url":"https:\/\/www.csj-emballages.com\/wp-content\/uploads\/2024\/03\/2134.webp","type":"image\/webp"}],"twitter_card":"summary_large_image","twitter_misc":{"Tiempo de lectura":"2 minutos"},"schema":{"@context":"https:\/\/schema.org","@graph":[{"@type":"WebPage","@id":"https:\/\/www.csj-emballages.com\/es\/produit\/cuaderno-autocopiativo-50-triptico-210-x-140-mm\/","url":"https:\/\/www.csj-emballages.com\/es\/produit\/cuaderno-autocopiativo-50-triptico-210-x-140-mm\/","name":"Cu\u00e1druple Cuaderno Autocopiativo 50 Tr\u00edptico 210 x 140 mm","isPartOf":{"@id":"https:\/\/www.csj-emballages.com\/es\/#website"},"primaryImageOfPage":{"@id":"https:\/\/www.csj-emballages.com\/es\/produit\/cuaderno-autocopiativo-50-triptico-210-x-140-mm\/#primaryimage"},"image":{"@id":"https:\/\/www.csj-emballages.com\/es\/produit\/cuaderno-autocopiativo-50-triptico-210-x-140-mm\/#primaryimage"},"thumbnailUrl":"https:\/\/www.csj-emballages.com\/wp-content\/uploads\/2024\/03\/2134.webp","datePublished":"2024-03-01T15:59:13+00:00","dateModified":"2026-04-03T00:12:08+00:00","description":"Cuaderno autocopiativo tr\u00edptico cuadriculado de 210 x 140 mm - 50 hojas numeradas con impresi\u00f3n en azul, rojo y verde. Pr\u00e1ctico, robusto y profesional.","breadcrumb":{"@id":"https:\/\/www.csj-emballages.com\/es\/produit\/cuaderno-autocopiativo-50-triptico-210-x-140-mm\/#breadcrumb"},"inLanguage":"es","potentialAction":[{"@type":"ReadAction","target":["https:\/\/www.csj-emballages.com\/es\/produit\/cuaderno-autocopiativo-50-triptico-210-x-140-mm\/"]}]},{"@type":"ImageObject","inLanguage":"es","@id":"https:\/\/www.csj-emballages.com\/es\/produit\/cuaderno-autocopiativo-50-triptico-210-x-140-mm\/#primaryimage","url":"https:\/\/www.csj-emballages.com\/wp-content\/uploads\/2024\/03\/2134.webp","contentUrl":"https:\/\/www.csj-emballages.com\/wp-content\/uploads\/2024\/03\/2134.webp","width":800,"height":800,"caption":"carnet autocopiant quadrill\u00e9"},{"@type":"BreadcrumbList","@id":"https:\/\/www.csj-emballages.com\/es\/produit\/cuaderno-autocopiativo-50-triptico-210-x-140-mm\/#breadcrumb","itemListElement":[{"@type":"ListItem","position":1,"name":"Accueil","item":"https:\/\/www.csj-emballages.com\/es\/universo-del-envasado-alimentario\/"},{"@type":"ListItem","position":2,"name":"Tienda","item":"https:\/\/www.csj-emballages.com\/tienda\/"},{"@type":"ListItem","position":3,"name":"Cuaderno autocopiativo cuadriculado 50 trifolios 210 x 140 mm"}]},{"@type":"WebSite","@id":"https:\/\/www.csj-emballages.com\/es\/#website","url":"https:\/\/www.csj-emballages.com\/es\/","name":"CSJ Emballages","description":"","publisher":{"@id":"https:\/\/www.csj-emballages.com\/es\/#organization"},"potentialAction":[{"@type":"SearchAction","target":{"@type":"EntryPoint","urlTemplate":"https:\/\/www.csj-emballages.com\/es\/?s={search_term_string}"},"query-input":{"@type":"PropertyValueSpecification","valueRequired":true,"valueName":"search_term_string"}}],"inLanguage":"es"},{"@type":"Organization","@id":"https:\/\/www.csj-emballages.com\/es\/#Organization\/","name":"CSJ Emballages","url":"https:\/\/www.csj-emballages.com\/es\/","logo":{"@type":"ImageObject","inLanguage":"es","@id":"https:\/\/www.csj-emballages.com\/es\/#\/schema\/logo\/image\/","url":"https:\/\/www.csj-emballages.com\/wp-content\/uploads\/2023\/10\/logo_csj.webp","contentUrl":"https:\/\/www.csj-emballages.com\/wp-content\/uploads\/2023\/10\/logo_csj.webp","width":250,"height":95,"caption":"CSJ Emballages"},"image":{"@id":"https:\/\/www.csj-emballages.com\/es\/#\/schema\/logo\/image\/"},"sameAs":["https:\/\/www.facebook.com\/csjemballages"],"address":{"@type":"PostalAddress","streetAddress":"ZI La Lechere","addressLocality":"Patornay","postalCode":"39130","addressCountry":"FR"},"contactPoint":[{"@type":"ContactPoint","contactType":"Service client","telephone":"0384254272","email":"contact@csj-emballages.com"}]}]}},"df_price":4.24,"df_sale_price":"","df_regular_price":4.24,"df_image_link":"https:\/\/www.csj-emballages.com\/wp-content\/uploads\/2024\/03\/2134-300x300.webp","tiered_pricing_type":"fixed","tiered_pricing_fixed_rules":[],"tiered_pricing_percentage_rules":[],"tiered_pricing_minimum":1,"tiered_pricing_roles_data":[],"_links":{"self":[{"href":"https:\/\/www.csj-emballages.com\/es\/wp-json\/wp\/v2\/product\/18873","targetHints":{"allow":["GET"]}}],"collection":[{"href":"https:\/\/www.csj-emballages.com\/es\/wp-json\/wp\/v2\/product"}],"about":[{"href":"https:\/\/www.csj-emballages.com\/es\/wp-json\/wp\/v2\/types\/product"}],"wp:featuredmedia":[{"embeddable":true,"href":"https:\/\/www.csj-emballages.com\/es\/wp-json\/wp\/v2\/media\/231574"}],"wp:attachment":[{"href":"https:\/\/www.csj-emballages.com\/es\/wp-json\/wp\/v2\/media?parent=18873"}],"wp:term":[{"taxonomy":"product_brand","embeddable":true,"href":"https:\/\/www.csj-emballages.com\/es\/wp-json\/wp\/v2\/product_brand?post=18873"},{"taxonomy":"product_cat","embeddable":true,"href":"https:\/\/www.csj-emballages.com\/es\/wp-json\/wp\/v2\/product_cat?post=18873"},{"taxonomy":"product_tag","embeddable":true,"href":"https:\/\/www.csj-emballages.com\/es\/wp-json\/wp\/v2\/product_tag?post=18873"}],"curies":[{"name":"wp","href":"https:\/\/api.w.org\/{rel}","templated":true}]}}