{"id":18866,"date":"2024-03-01T16:59:13","date_gmt":"2024-03-01T15:59:13","guid":{"rendered":"https:\/\/u15jnbdpoq.preview.infomaniak.website\/produit\/almohadillas-de-venta-de-colores-surtidos-100-hojas-60-x-135-mm\/"},"modified":"2026-04-25T02:10:41","modified_gmt":"2026-04-25T00:10:41","slug":"almohadillas-de-venta-de-colores-surtidos-100-hojas-60-x-135-mm","status":"publish","type":"product","link":"https:\/\/www.csj-emballages.com\/es\/produit\/almohadillas-de-venta-de-colores-surtidos-100-hojas-60-x-135-mm\/","title":{"rendered":"Bloc de vendedor colorido de 100 hojas de 60 x 135 mm"},"content":{"rendered":"<h2>Bloc de vendedor<\/h2>\n<hr>\n<h3>Descubra nuestro bloc de vendedor colorido de 100 hojas de 60 x 135 mm<\/h3>\n<p><!--more--><\/p>\n<p data-start=\"258\" data-end=\"544\">Cuando todo va r\u00e1pido, hay que poder anotar claramente y sin perder tiempo. Este <strong data-start=\"339\" data-end=\"380\">bloc de vendedor colorido en formato apaisado<\/strong> ha sido dise\u00f1ado precisamente para acompa\u00f1ar el d\u00eda a d\u00eda de los profesionales que toman pedidos, anotan referencias u organizan sus ventas sobre el terreno. <\/p>\n<p data-start=\"546\" data-end=\"874\">Con sus dimensiones de <strong data-start=\"566\" data-end=\"581\">60 x 135 mm<\/strong>, se desliza f\u00e1cilmente en un <strong>bolsillo<\/strong>, un <strong>delantal<\/strong> o sobre un <strong>mostrador<\/strong> sin estorbar el espacio. Su <strong>formato horizontal<\/strong> ofrece una lectura m\u00e1s natural y permite escribir r\u00e1pidamente, incluso de pie o en movimiento. Es una verdadera ventaja cuando los clientes se encadenan y cada segundo cuenta.  <\/p>\n<p data-start=\"876\" data-end=\"1212\">El <strong>papel interior<\/strong> <strong>a juego<\/strong> aporta un <strong>toque de color discreto<\/strong> pero \u00fatil. Cada tono permite identificar mejor la informaci\u00f3n, diferenciar los pedidos o simplemente ver m\u00e1s claro al final del d\u00eda. Del mismo modo, con un gramaje de <strong data-start=\"1123\" data-end=\"1134\">50 g\/m\u00b2<\/strong>, la escritura sigue siendo fluida, sin fatiga, a la vez que mantiene una buena legibilidad.  <\/p>\n<p data-start=\"1214\" data-end=\"1502\">Gracias a sus <strong data-start=\"1226\" data-end=\"1243\">100 hojas<\/strong>, este bloc asegura un uso duradero sin reemplazo frecuente. Se adapta perfectamente a los oficios de la restauraci\u00f3n, del comercio, de los mercados o de la venta ambulante. Sencillo, eficaz y pr\u00e1ctico, se convierte r\u00e1pidamente en una herramienta indispensable en el d\u00eda a d\u00eda. Este bloc puede utilizarse para la loter\u00eda, la t\u00f3mbola o cualquier otra manifestaci\u00f3n.   <\/p>\n<p data-start=\"1504\" data-end=\"1658\">En resumen, este <strong>bloc de vendedor colorido<\/strong> apuesta por lo esencial: un formato ingenioso, una sujeci\u00f3n agradable y una organizaci\u00f3n facilitada, todo ello sin superfluos.<\/p>\n<p data-start=\"1554\" data-end=\"1652\"><!--more--><\/p>\n<h4 data-start=\"1554\" data-end=\"1652\">Ventajas :<\/h4>\n<ul>\n<li data-start=\"1692\" data-end=\"1710\"><strong>Formato<\/strong>: apaisado<\/li>\n<li data-start=\"1713\" data-end=\"1743\"><strong>Dimensiones<\/strong>: A 60 x L 135 mm<\/li>\n<li data-start=\"1746\" data-end=\"1774\"><strong>Papel interior<\/strong>: a juego<\/li>\n<li data-start=\"1777\" data-end=\"1806\"><strong>Calidad del papel<\/strong>: 50 g\/m\u00b2<\/li>\n<li data-start=\"1809\" data-end=\"1836\"><strong>N\u00famero de hojas<\/strong>: 100.<\/li>\n<\/ul>\n<p>&nbsp;<\/p>\n<p><!--more--><\/p>\n<h4>Informaci\u00f3n adicional :<\/h4>\n<ul>\n<li><strong>Embalaje<\/strong>: Por unidad<\/li>\n<li><strong>Dimensiones<\/strong>: 60 x 135 mm<\/li>\n<li><strong>Modelo<\/strong>: Bloc de vendedor<\/li>\n<li><strong>Papel interior<\/strong>: a juego<\/li>\n<li><strong>Gramaje<\/strong>: 50 gr\/m\u00b2<\/li>\n<\/ul>\n<p>&nbsp;<\/p>\n<p><!--more--><\/p>\n<p>Encuentre tambi\u00e9n nuestro bloc de comerciante de 100 hojas: <span style=\"color: #d12727;\"><a style=\"color: #d12727;\" href=\"https:\/\/www.csj-emballages.com\/es\/produit\/almohadillas-para-minoristas-100-hojas-60-x-140-mm\/\">901<\/a><\/span><\/p>\n<p>&nbsp;<\/p>\n<p><!--more--><\/p>\n<p><a href=\"https:\/\/www.csj-emballages.com\/es\/categorie-produit\/envasado-de-alimentos\/tienda-y-almacen\/papeleria-y-pequeno-material\/bloquea\/\"><a href=\"https:\/\/www.csj-emballages.com\/es\/categorie-produit\/envasado-de-alimentos\/tienda-y-almacen\/papeleria-y-pequeno-material\/bloquea\/\">Consulte el resto de nuestra gama de blocs<\/a><\/a><\/p>\n","protected":false},"excerpt":{"rendered":"<p>Bloc de vendedor Descubra nuestro bloc de vendedor colorido de 100 hojas de 60 x 135 mm<\/p>\n","protected":false},"featured_media":260357,"template":"","meta":{"_acf_changed":false},"product_brand":[],"product_cat":[1150,1488,1931,3876],"product_tag":[],"class_list":{"0":"post-18866","1":"product","2":"type-product","3":"status-publish","4":"has-post-thumbnail","6":"product_cat-envasado-de-alimentos","7":"product_cat-tienda-y-almacen","8":"product_cat-papeleria-y-pequeno-material","9":"product_cat-bloquea","11":"first","12":"instock","13":"taxable","14":"shipping-taxable","15":"purchasable","16":"product-type-simple"},"acf":[],"yoast_head":"<!-- This site is optimized with the Yoast SEO Premium plugin v26.6 (Yoast SEO v26.6) - https:\/\/yoast.com\/wordpress\/plugins\/seo\/ -->\n<title>Bloc de Vendedor Colorido de 100 Hojas de 60 x 135 mm<\/title>\n<meta name=\"description\" content=\"Bloc de vendedor colorido de 60 x 135 mm en formato apaisado, 100 hojas de papel de 50 g\/m\u00b2. Pr\u00e1ctico, compacto e ideal para anotar r\u00e1pidamente pedidos y ventas.\" \/>\n<meta name=\"robots\" content=\"index, follow, max-snippet:-1, max-image-preview:large, max-video-preview:-1\" \/>\n<link rel=\"canonical\" href=\"https:\/\/www.csj-emballages.com\/es\/produit\/almohadillas-de-venta-de-colores-surtidos-100-hojas-60-x-135-mm\/\" \/>\n<meta property=\"og:locale\" content=\"es_ES\" \/>\n<meta property=\"og:type\" content=\"article\" \/>\n<meta property=\"og:title\" content=\"Bloc de vendedor colorido de 100 hojas de 60 x 135 mm\" \/>\n<meta property=\"og:description\" content=\"Bloc de vendedor colorido de 60 x 135 mm en formato apaisado, 100 hojas de papel de 50 g\/m\u00b2. Pr\u00e1ctico, compacto e ideal para anotar r\u00e1pidamente pedidos y ventas.\" \/>\n<meta property=\"og:url\" content=\"https:\/\/www.csj-emballages.com\/es\/produit\/almohadillas-de-venta-de-colores-surtidos-100-hojas-60-x-135-mm\/\" \/>\n<meta property=\"og:site_name\" content=\"CSJ Emballages\" \/>\n<meta property=\"article:publisher\" content=\"https:\/\/www.facebook.com\/csjemballages\" \/>\n<meta property=\"article:modified_time\" content=\"2026-04-25T00:10:41+00:00\" \/>\n<meta property=\"og:image\" content=\"https:\/\/www.csj-emballages.com\/wp-content\/uploads\/2024\/03\/22.webp\" \/>\n\t<meta property=\"og:image:width\" content=\"800\" \/>\n\t<meta property=\"og:image:height\" content=\"800\" \/>\n\t<meta property=\"og:image:type\" content=\"image\/webp\" \/>\n<meta name=\"twitter:card\" content=\"summary_large_image\" \/>\n<meta name=\"twitter:label1\" content=\"Tiempo de lectura\" \/>\n\t<meta name=\"twitter:data1\" content=\"2 minutos\" \/>\n<script type=\"application\/ld+json\" class=\"yoast-schema-graph\">{\"@context\":\"https:\/\/schema.org\",\"@graph\":[{\"@type\":\"WebPage\",\"@id\":\"https:\/\/www.csj-emballages.com\/es\/produit\/almohadillas-de-venta-de-colores-surtidos-100-hojas-60-x-135-mm\/\",\"url\":\"https:\/\/www.csj-emballages.com\/es\/produit\/almohadillas-de-venta-de-colores-surtidos-100-hojas-60-x-135-mm\/\",\"name\":\"Bloc de Vendedor Colorido de 100 Hojas de 60 x 135 mm\",\"isPartOf\":{\"@id\":\"https:\/\/www.csj-emballages.com\/es\/#website\"},\"primaryImageOfPage\":{\"@id\":\"https:\/\/www.csj-emballages.com\/es\/produit\/almohadillas-de-venta-de-colores-surtidos-100-hojas-60-x-135-mm\/#primaryimage\"},\"image\":{\"@id\":\"https:\/\/www.csj-emballages.com\/es\/produit\/almohadillas-de-venta-de-colores-surtidos-100-hojas-60-x-135-mm\/#primaryimage\"},\"thumbnailUrl\":\"https:\/\/www.csj-emballages.com\/wp-content\/uploads\/2024\/03\/22.webp\",\"datePublished\":\"2024-03-01T15:59:13+00:00\",\"dateModified\":\"2026-04-25T00:10:41+00:00\",\"description\":\"Bloc de vendedor colorido de 60 x 135 mm en formato apaisado, 100 hojas de papel de 50 g\/m\u00b2. Pr\u00e1ctico, compacto e ideal para anotar r\u00e1pidamente pedidos y ventas.\",\"breadcrumb\":{\"@id\":\"https:\/\/www.csj-emballages.com\/es\/produit\/almohadillas-de-venta-de-colores-surtidos-100-hojas-60-x-135-mm\/#breadcrumb\"},\"inLanguage\":\"es\",\"potentialAction\":[{\"@type\":\"ReadAction\",\"target\":[\"https:\/\/www.csj-emballages.com\/es\/produit\/almohadillas-de-venta-de-colores-surtidos-100-hojas-60-x-135-mm\/\"]}]},{\"@type\":\"ImageObject\",\"inLanguage\":\"es\",\"@id\":\"https:\/\/www.csj-emballages.com\/es\/produit\/almohadillas-de-venta-de-colores-surtidos-100-hojas-60-x-135-mm\/#primaryimage\",\"url\":\"https:\/\/www.csj-emballages.com\/wp-content\/uploads\/2024\/03\/22.webp\",\"contentUrl\":\"https:\/\/www.csj-emballages.com\/wp-content\/uploads\/2024\/03\/22.webp\",\"width\":800,\"height\":800,\"caption\":\"Bloc vendeur\"},{\"@type\":\"BreadcrumbList\",\"@id\":\"https:\/\/www.csj-emballages.com\/es\/produit\/almohadillas-de-venta-de-colores-surtidos-100-hojas-60-x-135-mm\/#breadcrumb\",\"itemListElement\":[{\"@type\":\"ListItem\",\"position\":1,\"name\":\"Accueil\",\"item\":\"https:\/\/www.csj-emballages.com\/es\/universo-del-envasado-alimentario\/\"},{\"@type\":\"ListItem\",\"position\":2,\"name\":\"Tienda\",\"item\":\"https:\/\/www.csj-emballages.com\/tienda\/\"},{\"@type\":\"ListItem\",\"position\":3,\"name\":\"Bloc de vendedor colorido de 100 hojas de 60 x 135 mm\"}]},{\"@type\":\"WebSite\",\"@id\":\"https:\/\/www.csj-emballages.com\/es\/#website\",\"url\":\"https:\/\/www.csj-emballages.com\/es\/\",\"name\":\"CSJ Emballages\",\"description\":\"\",\"publisher\":{\"@id\":\"https:\/\/www.csj-emballages.com\/es\/#organization\"},\"potentialAction\":[{\"@type\":\"SearchAction\",\"target\":{\"@type\":\"EntryPoint\",\"urlTemplate\":\"https:\/\/www.csj-emballages.com\/es\/?s={search_term_string}\"},\"query-input\":{\"@type\":\"PropertyValueSpecification\",\"valueRequired\":true,\"valueName\":\"search_term_string\"}}],\"inLanguage\":\"es\"},{\"@type\":\"Organization\",\"@id\":\"https:\/\/www.csj-emballages.com\/es\/#Organization\/\",\"name\":\"CSJ Emballages\",\"url\":\"https:\/\/www.csj-emballages.com\/es\/\",\"logo\":{\"@type\":\"ImageObject\",\"inLanguage\":\"es\",\"@id\":\"https:\/\/www.csj-emballages.com\/es\/#\/schema\/logo\/image\/\",\"url\":\"https:\/\/www.csj-emballages.com\/wp-content\/uploads\/2023\/10\/logo_csj.webp\",\"contentUrl\":\"https:\/\/www.csj-emballages.com\/wp-content\/uploads\/2023\/10\/logo_csj.webp\",\"width\":250,\"height\":95,\"caption\":\"CSJ Emballages\"},\"image\":{\"@id\":\"https:\/\/www.csj-emballages.com\/es\/#\/schema\/logo\/image\/\"},\"sameAs\":[\"https:\/\/www.facebook.com\/csjemballages\"],\"address\":{\"@type\":\"PostalAddress\",\"streetAddress\":\"ZI La Lechere\",\"addressLocality\":\"Patornay\",\"postalCode\":\"39130\",\"addressCountry\":\"FR\"},\"contactPoint\":[{\"@type\":\"ContactPoint\",\"contactType\":\"Service client\",\"telephone\":\"0384254272\",\"email\":\"contact@csj-emballages.com\"}]}]}<\/script>\n<!-- \/ Yoast SEO Premium plugin. -->","yoast_head_json":{"title":"Bloc de Vendedor Colorido de 100 Hojas de 60 x 135 mm","description":"Bloc de vendedor colorido de 60 x 135 mm en formato apaisado, 100 hojas de papel de 50 g\/m\u00b2. Pr\u00e1ctico, compacto e ideal para anotar r\u00e1pidamente pedidos y ventas.","robots":{"index":"index","follow":"follow","max-snippet":"max-snippet:-1","max-image-preview":"max-image-preview:large","max-video-preview":"max-video-preview:-1"},"canonical":"https:\/\/www.csj-emballages.com\/es\/produit\/almohadillas-de-venta-de-colores-surtidos-100-hojas-60-x-135-mm\/","og_locale":"es_ES","og_type":"article","og_title":"Bloc de vendedor colorido de 100 hojas de 60 x 135 mm","og_description":"Bloc de vendedor colorido de 60 x 135 mm en formato apaisado, 100 hojas de papel de 50 g\/m\u00b2. Pr\u00e1ctico, compacto e ideal para anotar r\u00e1pidamente pedidos y ventas.","og_url":"https:\/\/www.csj-emballages.com\/es\/produit\/almohadillas-de-venta-de-colores-surtidos-100-hojas-60-x-135-mm\/","og_site_name":"CSJ Emballages","article_publisher":"https:\/\/www.facebook.com\/csjemballages","article_modified_time":"2026-04-25T00:10:41+00:00","og_image":[{"width":800,"height":800,"url":"https:\/\/www.csj-emballages.com\/wp-content\/uploads\/2024\/03\/22.webp","type":"image\/webp"}],"twitter_card":"summary_large_image","twitter_misc":{"Tiempo de lectura":"2 minutos"},"schema":{"@context":"https:\/\/schema.org","@graph":[{"@type":"WebPage","@id":"https:\/\/www.csj-emballages.com\/es\/produit\/almohadillas-de-venta-de-colores-surtidos-100-hojas-60-x-135-mm\/","url":"https:\/\/www.csj-emballages.com\/es\/produit\/almohadillas-de-venta-de-colores-surtidos-100-hojas-60-x-135-mm\/","name":"Bloc de Vendedor Colorido de 100 Hojas de 60 x 135 mm","isPartOf":{"@id":"https:\/\/www.csj-emballages.com\/es\/#website"},"primaryImageOfPage":{"@id":"https:\/\/www.csj-emballages.com\/es\/produit\/almohadillas-de-venta-de-colores-surtidos-100-hojas-60-x-135-mm\/#primaryimage"},"image":{"@id":"https:\/\/www.csj-emballages.com\/es\/produit\/almohadillas-de-venta-de-colores-surtidos-100-hojas-60-x-135-mm\/#primaryimage"},"thumbnailUrl":"https:\/\/www.csj-emballages.com\/wp-content\/uploads\/2024\/03\/22.webp","datePublished":"2024-03-01T15:59:13+00:00","dateModified":"2026-04-25T00:10:41+00:00","description":"Bloc de vendedor colorido de 60 x 135 mm en formato apaisado, 100 hojas de papel de 50 g\/m\u00b2. Pr\u00e1ctico, compacto e ideal para anotar r\u00e1pidamente pedidos y ventas.","breadcrumb":{"@id":"https:\/\/www.csj-emballages.com\/es\/produit\/almohadillas-de-venta-de-colores-surtidos-100-hojas-60-x-135-mm\/#breadcrumb"},"inLanguage":"es","potentialAction":[{"@type":"ReadAction","target":["https:\/\/www.csj-emballages.com\/es\/produit\/almohadillas-de-venta-de-colores-surtidos-100-hojas-60-x-135-mm\/"]}]},{"@type":"ImageObject","inLanguage":"es","@id":"https:\/\/www.csj-emballages.com\/es\/produit\/almohadillas-de-venta-de-colores-surtidos-100-hojas-60-x-135-mm\/#primaryimage","url":"https:\/\/www.csj-emballages.com\/wp-content\/uploads\/2024\/03\/22.webp","contentUrl":"https:\/\/www.csj-emballages.com\/wp-content\/uploads\/2024\/03\/22.webp","width":800,"height":800,"caption":"Bloc vendeur"},{"@type":"BreadcrumbList","@id":"https:\/\/www.csj-emballages.com\/es\/produit\/almohadillas-de-venta-de-colores-surtidos-100-hojas-60-x-135-mm\/#breadcrumb","itemListElement":[{"@type":"ListItem","position":1,"name":"Accueil","item":"https:\/\/www.csj-emballages.com\/es\/universo-del-envasado-alimentario\/"},{"@type":"ListItem","position":2,"name":"Tienda","item":"https:\/\/www.csj-emballages.com\/tienda\/"},{"@type":"ListItem","position":3,"name":"Bloc de vendedor colorido de 100 hojas de 60 x 135 mm"}]},{"@type":"WebSite","@id":"https:\/\/www.csj-emballages.com\/es\/#website","url":"https:\/\/www.csj-emballages.com\/es\/","name":"CSJ Emballages","description":"","publisher":{"@id":"https:\/\/www.csj-emballages.com\/es\/#organization"},"potentialAction":[{"@type":"SearchAction","target":{"@type":"EntryPoint","urlTemplate":"https:\/\/www.csj-emballages.com\/es\/?s={search_term_string}"},"query-input":{"@type":"PropertyValueSpecification","valueRequired":true,"valueName":"search_term_string"}}],"inLanguage":"es"},{"@type":"Organization","@id":"https:\/\/www.csj-emballages.com\/es\/#Organization\/","name":"CSJ Emballages","url":"https:\/\/www.csj-emballages.com\/es\/","logo":{"@type":"ImageObject","inLanguage":"es","@id":"https:\/\/www.csj-emballages.com\/es\/#\/schema\/logo\/image\/","url":"https:\/\/www.csj-emballages.com\/wp-content\/uploads\/2023\/10\/logo_csj.webp","contentUrl":"https:\/\/www.csj-emballages.com\/wp-content\/uploads\/2023\/10\/logo_csj.webp","width":250,"height":95,"caption":"CSJ Emballages"},"image":{"@id":"https:\/\/www.csj-emballages.com\/es\/#\/schema\/logo\/image\/"},"sameAs":["https:\/\/www.facebook.com\/csjemballages"],"address":{"@type":"PostalAddress","streetAddress":"ZI La Lechere","addressLocality":"Patornay","postalCode":"39130","addressCountry":"FR"},"contactPoint":[{"@type":"ContactPoint","contactType":"Service client","telephone":"0384254272","email":"contact@csj-emballages.com"}]}]}},"df_price":0.98,"df_sale_price":"","df_regular_price":0.98,"df_image_link":"https:\/\/www.csj-emballages.com\/wp-content\/uploads\/2024\/03\/22-300x300.webp","tiered_pricing_type":"fixed","tiered_pricing_fixed_rules":[],"tiered_pricing_percentage_rules":[],"tiered_pricing_minimum":1,"tiered_pricing_roles_data":[],"_links":{"self":[{"href":"https:\/\/www.csj-emballages.com\/es\/wp-json\/wp\/v2\/product\/18866","targetHints":{"allow":["GET"]}}],"collection":[{"href":"https:\/\/www.csj-emballages.com\/es\/wp-json\/wp\/v2\/product"}],"about":[{"href":"https:\/\/www.csj-emballages.com\/es\/wp-json\/wp\/v2\/types\/product"}],"wp:featuredmedia":[{"embeddable":true,"href":"https:\/\/www.csj-emballages.com\/es\/wp-json\/wp\/v2\/media\/260357"}],"wp:attachment":[{"href":"https:\/\/www.csj-emballages.com\/es\/wp-json\/wp\/v2\/media?parent=18866"}],"wp:term":[{"taxonomy":"product_brand","embeddable":true,"href":"https:\/\/www.csj-emballages.com\/es\/wp-json\/wp\/v2\/product_brand?post=18866"},{"taxonomy":"product_cat","embeddable":true,"href":"https:\/\/www.csj-emballages.com\/es\/wp-json\/wp\/v2\/product_cat?post=18866"},{"taxonomy":"product_tag","embeddable":true,"href":"https:\/\/www.csj-emballages.com\/es\/wp-json\/wp\/v2\/product_tag?post=18866"}],"curies":[{"name":"wp","href":"https:\/\/api.w.org\/{rel}","templated":true}]}}