{"id":18855,"date":"2024-03-01T16:59:14","date_gmt":"2024-03-01T15:59:14","guid":{"rendered":"https:\/\/u15jnbdpoq.preview.infomaniak.website\/produit\/50-tripticos-210-x-140-mm-cuadernillo-de-hojas-de-intervencion\/"},"modified":"2026-05-04T02:10:21","modified_gmt":"2026-05-04T00:10:21","slug":"50-tripticos-210-x-140-mm-cuadernillo-de-hojas-de-intervencion","status":"publish","type":"product","link":"https:\/\/www.csj-emballages.com\/es\/produit\/50-tripticos-210-x-140-mm-cuadernillo-de-hojas-de-intervencion\/","title":{"rendered":"50 cuadernos tr\u00edpticos de 210 x 140 mm"},"content":{"rendered":"<h2>Cuaderno de hojas de intervenci\u00f3n<\/h2>\n<hr>\n<h3>Descripci\u00f3n de nuestro cuadernillo de 50 tr\u00edpticos de 210 x 140 mm hojas de intervenci\u00f3n<\/h3>\n<p><!--more--><\/p>\n<div class=\"flex-shrink-0 flex flex-col relative items-end\">\n<div class=\"pt-0.5 juice:pt-0\">\n<div class=\"gizmo-bot-avatar flex h-6 w-6 items-center justify-center overflow-hidden rounded-full juice:h-8 juice:w-8\">\n<div class=\"relative p-1 rounded-sm flex items-center justify-center bg-token-main-surface-primary text-token-text-primary h-8 w-8\">\n<p class=\"\" data-start=\"198\" data-end=\"478\">Cuando cada detalle cuenta, un buen informe de trabajo puede marcar la diferencia. Este <strong data-start=\"289\" data-end=\"331\">cuaderno de registro tr\u00edptico<\/strong> <strong data-start=\"343\" data-end=\"359\">de 210 x 140 mm<\/strong> ha sido dise\u00f1ado para profesionales que necesitan llevar un registro claro, r\u00e1pido y preciso de cada trabajo. <\/p>\n<p class=\"\" data-start=\"480\" data-end=\"813\">Con sus <strong data-start=\"489\" data-end=\"528\">50 hojas autocopiativas tr\u00edptico<\/strong>, este <strong>cuaderno<\/strong> le permite generar <strong data-start=\"563\" data-end=\"584\">tres copias<\/strong> de cada formulario en una sola operaci\u00f3n: primera hoja CB 56g\/m2 con impresi\u00f3n en tinta azul, segunda hoja CFB 53g\/m2 con impresi\u00f3n en tinta roja, tercera hoja CF 57g\/m2 con impresi\u00f3n en tinta verde. Se acabaron los datos perdidos u olvidados: todo queda registrado en el mismo momento de la intervenci\u00f3n, sobre el terreno. <\/p>\n<p class=\"\" data-start=\"815\" data-end=\"1231\">Compacto y resistente, este port\u00e1til cabe f\u00e1cilmente en un malet\u00edn. Es ideal para t\u00e9cnicos de mantenimiento, comerciantes, limpiadores, calefactores, electricistas, fontaneros y servicios de asistencia en carretera. El <strong>papel<\/strong> de alta calidad facilita la lectura, incluso con bol\u00edgrafos convencionales, y las p\u00e1ginas preimpresas permiten tomar notas de forma r\u00e1pida y estructurada.  <\/p>\n<p class=\"\" data-start=\"1233\" data-end=\"1413\">Cada detalle de este <strong>cuaderno de bit\u00e1cora<\/strong> ha sido dise\u00f1ado para optimizar su tiempo y reforzar la trazabilidad de sus acciones, d\u00e1ndole al mismo tiempo una imagen profesional y organizada.<\/p>\n<h4 class=\"\" data-start=\"1415\" data-end=\"1443\"><\/h4>\n<\/div>\n<\/div>\n<\/div>\n<\/div>\n<p><!--more--><\/p>\n<p><strong>Sus ventajas:<\/strong><\/p>\n<ul>\n<li>Pr\u00e1ctico formato de 210 x 140 mm, f\u00e1cil de transportar.<\/li>\n<li>50 tarjetas tripli: 1 original + 2 copias.<\/li>\n<li>Ideal para todos los oficios m\u00f3viles.<\/li>\n<li>Claro, limpio y profesional para sus clientes.<\/li>\n<\/ul>\n<p>&nbsp;<\/p>\n<p><!--more--><\/p>\n<h4>Informaci\u00f3n adicional :<\/h4>\n<ul>\n<li><strong>Embalaje<\/strong>: Se vende individualmente<\/li>\n<li><strong>Dimensiones<\/strong>: 210 x 140 (L x A en mm).<\/li>\n<li><strong>N\u00famero de p\u00e1ginas<\/strong>: 50 tr\u00edpticos<\/li>\n<li><strong>Material<\/strong>: Papel<\/li>\n<li><strong>N\u00famero de hojas<\/strong>: 3<\/li>\n<\/ul>\n<p>&nbsp;<\/p>\n<p><!--more--><\/p>\n<p>Haga clic aqu\u00ed para consultar nuestro cuadro de ingresos y gastos: <span style=\"color: #d12727\"><a style=\"color: #d12727\" href=\"https:\/\/www.csj-emballages.com\/es\/produit\/talonario-de-recibos-de-gastos-220-x-170-mm-elve\/\">1329<\/a><\/span><\/p>\n<p>&nbsp;<\/p>\n<p><!--more--><\/p>\n<p><a href=\"https:\/\/www.csj-emballages.com\/es\/categorie-produit\/envasado-de-alimentos\/tienda-y-almacen\/papeleria-y-pequeno-material\/cuadernos\/\">Ver el resto de nuestra gama de cuadernos<\/a><\/p>\n","protected":false},"excerpt":{"rendered":"<p>Cuaderno de hojas de intervenci\u00f3n Descripci\u00f3n de nuestro cuadernillo de 50 tr\u00edpticos de 210 x 140 mm hojas de intervenci\u00f3n<\/p>\n","protected":false},"featured_media":231497,"template":"","meta":{"_acf_changed":false},"product_brand":[],"product_cat":[1150,1488,1931,3877,1953],"product_tag":[],"class_list":{"0":"post-18855","1":"product","2":"type-product","3":"status-publish","4":"has-post-thumbnail","6":"product_cat-envasado-de-alimentos","7":"product_cat-tienda-y-almacen","8":"product_cat-papeleria-y-pequeno-material","9":"product_cat-cuadernos","10":"product_cat-formulario-de-intervencion-del-diario","12":"first","13":"instock","14":"taxable","15":"shipping-taxable","16":"purchasable","17":"product-type-simple"},"acf":[],"yoast_head":"<!-- This site is optimized with the Yoast SEO Premium plugin v26.6 (Yoast SEO v26.6) - https:\/\/yoast.com\/wordpress\/plugins\/seo\/ -->\n<title>Folleto &quot;Fiches d&#039;Intervention 50 Tripli 210 x 140 mm<\/title>\n<meta name=\"description\" content=\"Cuaderno de fichas de trabajo tr\u00edptico de 210 x 140 mm: 50 fichas de trabajo autocopiativas para un seguimiento claro y profesional de sus asignaciones sobre el terreno.\" \/>\n<meta name=\"robots\" content=\"index, follow, max-snippet:-1, max-image-preview:large, max-video-preview:-1\" \/>\n<link rel=\"canonical\" href=\"https:\/\/www.csj-emballages.com\/es\/produit\/50-tripticos-210-x-140-mm-cuadernillo-de-hojas-de-intervencion\/\" \/>\n<meta property=\"og:locale\" content=\"es_ES\" \/>\n<meta property=\"og:type\" content=\"article\" \/>\n<meta property=\"og:title\" content=\"50 cuadernos tr\u00edpticos de 210 x 140 mm\" \/>\n<meta property=\"og:description\" content=\"Cuaderno de fichas de trabajo tr\u00edptico de 210 x 140 mm: 50 fichas de trabajo autocopiativas para un seguimiento claro y profesional de sus asignaciones sobre el terreno.\" \/>\n<meta property=\"og:url\" content=\"https:\/\/www.csj-emballages.com\/es\/produit\/50-tripticos-210-x-140-mm-cuadernillo-de-hojas-de-intervencion\/\" \/>\n<meta property=\"og:site_name\" content=\"CSJ Emballages\" \/>\n<meta property=\"article:publisher\" content=\"https:\/\/www.facebook.com\/csjemballages\" \/>\n<meta property=\"article:modified_time\" content=\"2026-05-04T00:10:21+00:00\" \/>\n<meta property=\"og:image\" content=\"https:\/\/www.csj-emballages.com\/wp-content\/uploads\/2024\/03\/2143.webp\" \/>\n\t<meta property=\"og:image:width\" content=\"800\" \/>\n\t<meta property=\"og:image:height\" content=\"800\" \/>\n\t<meta property=\"og:image:type\" content=\"image\/webp\" \/>\n<meta name=\"twitter:card\" content=\"summary_large_image\" \/>\n<meta name=\"twitter:label1\" content=\"Tiempo de lectura\" \/>\n\t<meta name=\"twitter:data1\" content=\"2 minutos\" \/>\n<script type=\"application\/ld+json\" class=\"yoast-schema-graph\">{\"@context\":\"https:\/\/schema.org\",\"@graph\":[{\"@type\":\"WebPage\",\"@id\":\"https:\/\/www.csj-emballages.com\/es\/produit\/50-tripticos-210-x-140-mm-cuadernillo-de-hojas-de-intervencion\/\",\"url\":\"https:\/\/www.csj-emballages.com\/es\/produit\/50-tripticos-210-x-140-mm-cuadernillo-de-hojas-de-intervencion\/\",\"name\":\"Folleto \\\"Fiches d'Intervention 50 Tripli 210 x 140 mm\",\"isPartOf\":{\"@id\":\"https:\/\/www.csj-emballages.com\/es\/#website\"},\"primaryImageOfPage\":{\"@id\":\"https:\/\/www.csj-emballages.com\/es\/produit\/50-tripticos-210-x-140-mm-cuadernillo-de-hojas-de-intervencion\/#primaryimage\"},\"image\":{\"@id\":\"https:\/\/www.csj-emballages.com\/es\/produit\/50-tripticos-210-x-140-mm-cuadernillo-de-hojas-de-intervencion\/#primaryimage\"},\"thumbnailUrl\":\"https:\/\/www.csj-emballages.com\/wp-content\/uploads\/2024\/03\/2143.webp\",\"datePublished\":\"2024-03-01T15:59:14+00:00\",\"dateModified\":\"2026-05-04T00:10:21+00:00\",\"description\":\"Cuaderno de fichas de trabajo tr\u00edptico de 210 x 140 mm: 50 fichas de trabajo autocopiativas para un seguimiento claro y profesional de sus asignaciones sobre el terreno.\",\"breadcrumb\":{\"@id\":\"https:\/\/www.csj-emballages.com\/es\/produit\/50-tripticos-210-x-140-mm-cuadernillo-de-hojas-de-intervencion\/#breadcrumb\"},\"inLanguage\":\"es\",\"potentialAction\":[{\"@type\":\"ReadAction\",\"target\":[\"https:\/\/www.csj-emballages.com\/es\/produit\/50-tripticos-210-x-140-mm-cuadernillo-de-hojas-de-intervencion\/\"]}]},{\"@type\":\"ImageObject\",\"inLanguage\":\"es\",\"@id\":\"https:\/\/www.csj-emballages.com\/es\/produit\/50-tripticos-210-x-140-mm-cuadernillo-de-hojas-de-intervencion\/#primaryimage\",\"url\":\"https:\/\/www.csj-emballages.com\/wp-content\/uploads\/2024\/03\/2143.webp\",\"contentUrl\":\"https:\/\/www.csj-emballages.com\/wp-content\/uploads\/2024\/03\/2143.webp\",\"width\":800,\"height\":800,\"caption\":\"Carnet fiches d'intervention\"},{\"@type\":\"BreadcrumbList\",\"@id\":\"https:\/\/www.csj-emballages.com\/es\/produit\/50-tripticos-210-x-140-mm-cuadernillo-de-hojas-de-intervencion\/#breadcrumb\",\"itemListElement\":[{\"@type\":\"ListItem\",\"position\":1,\"name\":\"Accueil\",\"item\":\"https:\/\/www.csj-emballages.com\/es\/universo-del-envasado-alimentario\/\"},{\"@type\":\"ListItem\",\"position\":2,\"name\":\"Tienda\",\"item\":\"https:\/\/www.csj-emballages.com\/tienda\/\"},{\"@type\":\"ListItem\",\"position\":3,\"name\":\"50 cuadernos tr\u00edpticos de 210 x 140 mm\"}]},{\"@type\":\"WebSite\",\"@id\":\"https:\/\/www.csj-emballages.com\/es\/#website\",\"url\":\"https:\/\/www.csj-emballages.com\/es\/\",\"name\":\"CSJ Emballages\",\"description\":\"\",\"publisher\":{\"@id\":\"https:\/\/www.csj-emballages.com\/es\/#organization\"},\"potentialAction\":[{\"@type\":\"SearchAction\",\"target\":{\"@type\":\"EntryPoint\",\"urlTemplate\":\"https:\/\/www.csj-emballages.com\/es\/?s={search_term_string}\"},\"query-input\":{\"@type\":\"PropertyValueSpecification\",\"valueRequired\":true,\"valueName\":\"search_term_string\"}}],\"inLanguage\":\"es\"},{\"@type\":\"Organization\",\"@id\":\"https:\/\/www.csj-emballages.com\/es\/#Organization\/\",\"name\":\"CSJ Emballages\",\"url\":\"https:\/\/www.csj-emballages.com\/es\/\",\"logo\":{\"@type\":\"ImageObject\",\"inLanguage\":\"es\",\"@id\":\"https:\/\/www.csj-emballages.com\/es\/#\/schema\/logo\/image\/\",\"url\":\"https:\/\/www.csj-emballages.com\/wp-content\/uploads\/2023\/10\/logo_csj.webp\",\"contentUrl\":\"https:\/\/www.csj-emballages.com\/wp-content\/uploads\/2023\/10\/logo_csj.webp\",\"width\":250,\"height\":95,\"caption\":\"CSJ Emballages\"},\"image\":{\"@id\":\"https:\/\/www.csj-emballages.com\/es\/#\/schema\/logo\/image\/\"},\"sameAs\":[\"https:\/\/www.facebook.com\/csjemballages\"],\"address\":{\"@type\":\"PostalAddress\",\"streetAddress\":\"ZI La Lechere\",\"addressLocality\":\"Patornay\",\"postalCode\":\"39130\",\"addressCountry\":\"FR\"},\"contactPoint\":[{\"@type\":\"ContactPoint\",\"contactType\":\"Service client\",\"telephone\":\"0384254272\",\"email\":\"contact@csj-emballages.com\"}]}]}<\/script>\n<!-- \/ Yoast SEO Premium plugin. -->","yoast_head_json":{"title":"Folleto \"Fiches d'Intervention 50 Tripli 210 x 140 mm","description":"Cuaderno de fichas de trabajo tr\u00edptico de 210 x 140 mm: 50 fichas de trabajo autocopiativas para un seguimiento claro y profesional de sus asignaciones sobre el terreno.","robots":{"index":"index","follow":"follow","max-snippet":"max-snippet:-1","max-image-preview":"max-image-preview:large","max-video-preview":"max-video-preview:-1"},"canonical":"https:\/\/www.csj-emballages.com\/es\/produit\/50-tripticos-210-x-140-mm-cuadernillo-de-hojas-de-intervencion\/","og_locale":"es_ES","og_type":"article","og_title":"50 cuadernos tr\u00edpticos de 210 x 140 mm","og_description":"Cuaderno de fichas de trabajo tr\u00edptico de 210 x 140 mm: 50 fichas de trabajo autocopiativas para un seguimiento claro y profesional de sus asignaciones sobre el terreno.","og_url":"https:\/\/www.csj-emballages.com\/es\/produit\/50-tripticos-210-x-140-mm-cuadernillo-de-hojas-de-intervencion\/","og_site_name":"CSJ Emballages","article_publisher":"https:\/\/www.facebook.com\/csjemballages","article_modified_time":"2026-05-04T00:10:21+00:00","og_image":[{"width":800,"height":800,"url":"https:\/\/www.csj-emballages.com\/wp-content\/uploads\/2024\/03\/2143.webp","type":"image\/webp"}],"twitter_card":"summary_large_image","twitter_misc":{"Tiempo de lectura":"2 minutos"},"schema":{"@context":"https:\/\/schema.org","@graph":[{"@type":"WebPage","@id":"https:\/\/www.csj-emballages.com\/es\/produit\/50-tripticos-210-x-140-mm-cuadernillo-de-hojas-de-intervencion\/","url":"https:\/\/www.csj-emballages.com\/es\/produit\/50-tripticos-210-x-140-mm-cuadernillo-de-hojas-de-intervencion\/","name":"Folleto \"Fiches d'Intervention 50 Tripli 210 x 140 mm","isPartOf":{"@id":"https:\/\/www.csj-emballages.com\/es\/#website"},"primaryImageOfPage":{"@id":"https:\/\/www.csj-emballages.com\/es\/produit\/50-tripticos-210-x-140-mm-cuadernillo-de-hojas-de-intervencion\/#primaryimage"},"image":{"@id":"https:\/\/www.csj-emballages.com\/es\/produit\/50-tripticos-210-x-140-mm-cuadernillo-de-hojas-de-intervencion\/#primaryimage"},"thumbnailUrl":"https:\/\/www.csj-emballages.com\/wp-content\/uploads\/2024\/03\/2143.webp","datePublished":"2024-03-01T15:59:14+00:00","dateModified":"2026-05-04T00:10:21+00:00","description":"Cuaderno de fichas de trabajo tr\u00edptico de 210 x 140 mm: 50 fichas de trabajo autocopiativas para un seguimiento claro y profesional de sus asignaciones sobre el terreno.","breadcrumb":{"@id":"https:\/\/www.csj-emballages.com\/es\/produit\/50-tripticos-210-x-140-mm-cuadernillo-de-hojas-de-intervencion\/#breadcrumb"},"inLanguage":"es","potentialAction":[{"@type":"ReadAction","target":["https:\/\/www.csj-emballages.com\/es\/produit\/50-tripticos-210-x-140-mm-cuadernillo-de-hojas-de-intervencion\/"]}]},{"@type":"ImageObject","inLanguage":"es","@id":"https:\/\/www.csj-emballages.com\/es\/produit\/50-tripticos-210-x-140-mm-cuadernillo-de-hojas-de-intervencion\/#primaryimage","url":"https:\/\/www.csj-emballages.com\/wp-content\/uploads\/2024\/03\/2143.webp","contentUrl":"https:\/\/www.csj-emballages.com\/wp-content\/uploads\/2024\/03\/2143.webp","width":800,"height":800,"caption":"Carnet fiches d'intervention"},{"@type":"BreadcrumbList","@id":"https:\/\/www.csj-emballages.com\/es\/produit\/50-tripticos-210-x-140-mm-cuadernillo-de-hojas-de-intervencion\/#breadcrumb","itemListElement":[{"@type":"ListItem","position":1,"name":"Accueil","item":"https:\/\/www.csj-emballages.com\/es\/universo-del-envasado-alimentario\/"},{"@type":"ListItem","position":2,"name":"Tienda","item":"https:\/\/www.csj-emballages.com\/tienda\/"},{"@type":"ListItem","position":3,"name":"50 cuadernos tr\u00edpticos de 210 x 140 mm"}]},{"@type":"WebSite","@id":"https:\/\/www.csj-emballages.com\/es\/#website","url":"https:\/\/www.csj-emballages.com\/es\/","name":"CSJ Emballages","description":"","publisher":{"@id":"https:\/\/www.csj-emballages.com\/es\/#organization"},"potentialAction":[{"@type":"SearchAction","target":{"@type":"EntryPoint","urlTemplate":"https:\/\/www.csj-emballages.com\/es\/?s={search_term_string}"},"query-input":{"@type":"PropertyValueSpecification","valueRequired":true,"valueName":"search_term_string"}}],"inLanguage":"es"},{"@type":"Organization","@id":"https:\/\/www.csj-emballages.com\/es\/#Organization\/","name":"CSJ Emballages","url":"https:\/\/www.csj-emballages.com\/es\/","logo":{"@type":"ImageObject","inLanguage":"es","@id":"https:\/\/www.csj-emballages.com\/es\/#\/schema\/logo\/image\/","url":"https:\/\/www.csj-emballages.com\/wp-content\/uploads\/2023\/10\/logo_csj.webp","contentUrl":"https:\/\/www.csj-emballages.com\/wp-content\/uploads\/2023\/10\/logo_csj.webp","width":250,"height":95,"caption":"CSJ Emballages"},"image":{"@id":"https:\/\/www.csj-emballages.com\/es\/#\/schema\/logo\/image\/"},"sameAs":["https:\/\/www.facebook.com\/csjemballages"],"address":{"@type":"PostalAddress","streetAddress":"ZI La Lechere","addressLocality":"Patornay","postalCode":"39130","addressCountry":"FR"},"contactPoint":[{"@type":"ContactPoint","contactType":"Service client","telephone":"0384254272","email":"contact@csj-emballages.com"}]}]}},"df_price":7.06,"df_sale_price":"","df_regular_price":7.06,"df_image_link":"https:\/\/www.csj-emballages.com\/wp-content\/uploads\/2024\/03\/2143-300x300.webp","tiered_pricing_type":"fixed","tiered_pricing_fixed_rules":[],"tiered_pricing_percentage_rules":[],"tiered_pricing_minimum":1,"tiered_pricing_roles_data":[],"_links":{"self":[{"href":"https:\/\/www.csj-emballages.com\/es\/wp-json\/wp\/v2\/product\/18855","targetHints":{"allow":["GET"]}}],"collection":[{"href":"https:\/\/www.csj-emballages.com\/es\/wp-json\/wp\/v2\/product"}],"about":[{"href":"https:\/\/www.csj-emballages.com\/es\/wp-json\/wp\/v2\/types\/product"}],"wp:featuredmedia":[{"embeddable":true,"href":"https:\/\/www.csj-emballages.com\/es\/wp-json\/wp\/v2\/media\/231497"}],"wp:attachment":[{"href":"https:\/\/www.csj-emballages.com\/es\/wp-json\/wp\/v2\/media?parent=18855"}],"wp:term":[{"taxonomy":"product_brand","embeddable":true,"href":"https:\/\/www.csj-emballages.com\/es\/wp-json\/wp\/v2\/product_brand?post=18855"},{"taxonomy":"product_cat","embeddable":true,"href":"https:\/\/www.csj-emballages.com\/es\/wp-json\/wp\/v2\/product_cat?post=18855"},{"taxonomy":"product_tag","embeddable":true,"href":"https:\/\/www.csj-emballages.com\/es\/wp-json\/wp\/v2\/product_tag?post=18855"}],"curies":[{"name":"wp","href":"https:\/\/api.w.org\/{rel}","templated":true}]}}