{"id":18839,"date":"2024-03-01T16:59:16","date_gmt":"2024-03-01T15:59:16","guid":{"rendered":"https:\/\/u15jnbdpoq.preview.infomaniak.website\/produit\/talonario-de-pedidos-50-triptico-297-x-210-mm\/"},"modified":"2026-03-12T16:07:24","modified_gmt":"2026-03-12T15:07:24","slug":"talonario-de-pedidos-50-triptico-297-x-210-mm","status":"publish","type":"product","link":"https:\/\/www.csj-emballages.com\/es\/produit\/talonario-de-pedidos-50-triptico-297-x-210-mm\/","title":{"rendered":"Talonario de pedidos 50 tr\u00edptico 297 x 210 mm"},"content":{"rendered":"<h2 class=\"p1\">Libro de pedidos<\/h2>\n<hr>\n<h3>Descripci\u00f3n de nuestra cartera de pedidos 50 tripli 297 x 210 mm<\/h3>\n<p><!--more--><\/p>\n<div class=\"flex-shrink-0 flex flex-col relative items-end\">\n<div class=\"pt-0.5 juice:pt-0\">\n<div class=\"gizmo-bot-avatar flex h-6 w-6 items-center justify-center overflow-hidden rounded-full juice:h-8 juice:w-8\">\n<div class=\"relative p-1 rounded-sm flex items-center justify-center bg-token-main-surface-primary text-token-text-primary h-8 w-8\">\n<p class=\"\" data-start=\"319\" data-end=\"602\">Tanto si es usted restaurador como comerciante o artesano, llevar un registro de sus pedidos es esencial si quiere tener controlado su negocio y evitar que se le olviden cosas. Este <strong data-start=\"474\" data-end=\"515\">libro de pedidos tr\u00edptico autocopiativo<\/strong> es la herramienta perfecta para registrar de forma r\u00e1pida y ordenada todos sus pedidos. <\/p>\n<p class=\"\" data-start=\"604\" data-end=\"688\">Contiene <strong data-start=\"616\" data-end=\"642\">50 hojas numeradas<\/strong>, cada una por <strong data-start=\"654\" data-end=\"675\">triplicado<\/strong>:<\/p>\n<ul data-start=\"689\" data-end=\"1092\">\n<li class=\"\" data-start=\"689\" data-end=\"825\">\n<p class=\"\" data-start=\"691\" data-end=\"825\">La <strong data-start=\"694\" data-end=\"714\">primera hoja<\/strong>, de papel CB de 56 g\/m\u00b2 con impresi\u00f3n en tinta <strong data-start=\"765\" data-end=\"774\">azul<\/strong>, est\u00e1 destinada a ser conservada o entregada al cliente.<\/p>\n<\/li>\n<li class=\"\" data-start=\"826\" data-end=\"946\">\n<p class=\"\" data-start=\"828\" data-end=\"946\">La <strong data-start=\"831\" data-end=\"852\">segunda hoja<\/strong>, de papel CFB de 53 g\/m\u00b2 impreso en <strong data-start=\"889\" data-end=\"898\">rojo<\/strong>, suele utilizarse para servir o cocinar.<\/p>\n<\/li>\n<li class=\"\" data-start=\"947\" data-end=\"1092\">\n<p class=\"\" data-start=\"949\" data-end=\"1092\">La <strong data-start=\"952\" data-end=\"974\">tercera hoja<\/strong>, de papel CF de 57 g\/m\u00b2 con impresi\u00f3n <strong data-start=\"1019\" data-end=\"1028\">en verde<\/strong>, puede utilizarse internamente con fines contables o de control.<\/p>\n<\/li>\n<\/ul>\n<p class=\"\" data-start=\"1094\" data-end=\"1345\">Gracias a <strong data-start=\"1105\" data-end=\"1133\">la tecnolog\u00eda autocopiativa<\/strong>, no necesita papel carb\u00f3n. Basta con escribir una vez y la informaci\u00f3n se copia autom\u00e1ticamente en las otras dos <strong>hojas<\/strong>. Un aut\u00e9ntico ahorro de tiempo en el d\u00eda a d\u00eda, sobre todo en periodos de mucho trabajo.  <\/p>\n<p class=\"\" data-start=\"1347\" data-end=\"1548\">Su <strong data-start=\"1350\" data-end=\"1385\">pr\u00e1ctico tama\u00f1o (297 x 210 mm) <\/strong>facilita su transporte y uso, incluso en espacios reducidos. En resumen, este <strong>libro de pedidos<\/strong> robusto, claro y eficaz lo tiene todo para complacer a los profesionales exigentes. <\/p>\n<p data-start=\"1347\" data-end=\"1548\">\n<\/div>\n<\/div>\n<\/div>\n<\/div>\n<p><!--more--><\/p>\n<p><strong>Sus ventajas:<\/strong><\/p>\n<ul>\n<li>50 tr\u00edpticos numerados.<\/li>\n<li>Tres colores de tinta para diferenciar las copias.<\/li>\n<li>Ahorro de tiempo y trazabilidad garantizada.<\/li>\n<li>Esta cartera de pedidos es compatible con todos los entornos empresariales.<\/li>\n<\/ul>\n<p>&nbsp;<\/p>\n<p><!--more--><\/p>\n<h4>Informaci\u00f3n adicional :<\/h4>\n<ul>\n<li><strong>Embalaje<\/strong>: Se vende individualmente<\/li>\n<li><strong>Dimensiones<\/strong>: 297 x 210 (L x A en mm).<\/li>\n<li><strong>N\u00famero de p\u00e1ginas<\/strong>: 50 tripli<\/li>\n<li><strong>Material<\/strong>: Papel<\/li>\n<\/ul>\n<p>&nbsp;<\/p>\n<p><!--more--><\/p>\n<p>Encuentre aqu\u00ed nuestra cartera de pedidos 50 tripli en diferentes formatos: Formato peque\u00f1o 210 x 140 mm (<span style=\"color: #d12727\"><a style=\"color: #d12727\" href=\"https:\/\/www.csj-emballages.com\/es\/produit\/talonario-de-pedidos-50-triptico-210-x-140-mm\/\">2116<\/a><\/span>) \/ Cuadrado 210 x 210 mm (<span style=\"color: #d12727\"><a style=\"color: #d12727\" href=\"https:\/\/www.csj-emballages.com\/produit\/carnet-commande-50-tripli-210-x-210-mm\/\">2110<\/a><\/span>)<\/p>\n<p>&nbsp;<\/p>\n<p><!--more--><\/p>\n<p><a href=\"https:\/\/www.csj-emballages.com\/es\/categorie-produit\/envasado-de-alimentos\/tienda-y-almacen\/papeleria-y-pequeno-material\/cuadernos\/\">Ver el resto de nuestra gama de cuadernos<\/a><\/p>\n","protected":false},"excerpt":{"rendered":"<p>Libro de pedidos Descripci\u00f3n de nuestra cartera de pedidos 50 tripli 297 x 210 mm<\/p>\n","protected":false},"featured_media":231625,"template":"","meta":{"_acf_changed":false},"product_brand":[],"product_cat":[1488,1931,1948],"product_tag":[],"class_list":{"0":"post-18839","1":"product","2":"type-product","3":"status-publish","4":"has-post-thumbnail","6":"product_cat-tienda-y-almacen","7":"product_cat-papeleria-y-pequeno-material","8":"product_cat-pedir-libros","10":"first","11":"instock","12":"taxable","13":"shipping-taxable","14":"purchasable","15":"product-type-simple"},"acf":[],"yoast_head":"<!-- This site is optimized with the Yoast SEO Premium plugin v26.6 (Yoast SEO v26.6) - https:\/\/yoast.com\/wordpress\/plugins\/seo\/ -->\n<title>Talonario de pedidos 50 Tripli 297 x 210 mm<\/title>\n<meta name=\"description\" content=\"Libro de pedidos tr\u00edptico con 50 hojas numeradas, ideal para restauradores, artesanos o comerciantes. Autocopiativo, pr\u00e1ctico y eficaz.\" \/>\n<meta name=\"robots\" content=\"index, follow, max-snippet:-1, max-image-preview:large, max-video-preview:-1\" \/>\n<link rel=\"canonical\" href=\"https:\/\/www.csj-emballages.com\/es\/produit\/talonario-de-pedidos-50-triptico-297-x-210-mm\/\" \/>\n<meta property=\"og:locale\" content=\"es_ES\" \/>\n<meta property=\"og:type\" content=\"article\" \/>\n<meta property=\"og:title\" content=\"Talonario de pedidos 50 tr\u00edptico 297 x 210 mm\" \/>\n<meta property=\"og:description\" content=\"Libro de pedidos tr\u00edptico con 50 hojas numeradas, ideal para restauradores, artesanos o comerciantes. Autocopiativo, pr\u00e1ctico y eficaz.\" \/>\n<meta property=\"og:url\" content=\"https:\/\/www.csj-emballages.com\/es\/produit\/talonario-de-pedidos-50-triptico-297-x-210-mm\/\" \/>\n<meta property=\"og:site_name\" content=\"CSJ Emballages\" \/>\n<meta property=\"article:publisher\" content=\"https:\/\/www.facebook.com\/csjemballages\" \/>\n<meta property=\"article:modified_time\" content=\"2026-03-12T15:07:24+00:00\" \/>\n<meta property=\"og:image\" content=\"https:\/\/www.csj-emballages.com\/wp-content\/uploads\/2024\/03\/2112.webp\" \/>\n\t<meta property=\"og:image:width\" content=\"800\" \/>\n\t<meta property=\"og:image:height\" content=\"800\" \/>\n\t<meta property=\"og:image:type\" content=\"image\/webp\" \/>\n<meta name=\"twitter:card\" content=\"summary_large_image\" \/>\n<meta name=\"twitter:label1\" content=\"Tiempo de lectura\" \/>\n\t<meta name=\"twitter:data1\" content=\"2 minutos\" \/>\n<script type=\"application\/ld+json\" class=\"yoast-schema-graph\">{\"@context\":\"https:\/\/schema.org\",\"@graph\":[{\"@type\":\"WebPage\",\"@id\":\"https:\/\/www.csj-emballages.com\/es\/produit\/talonario-de-pedidos-50-triptico-297-x-210-mm\/\",\"url\":\"https:\/\/www.csj-emballages.com\/es\/produit\/talonario-de-pedidos-50-triptico-297-x-210-mm\/\",\"name\":\"Talonario de pedidos 50 Tripli 297 x 210 mm\",\"isPartOf\":{\"@id\":\"https:\/\/www.csj-emballages.com\/es\/#website\"},\"primaryImageOfPage\":{\"@id\":\"https:\/\/www.csj-emballages.com\/es\/produit\/talonario-de-pedidos-50-triptico-297-x-210-mm\/#primaryimage\"},\"image\":{\"@id\":\"https:\/\/www.csj-emballages.com\/es\/produit\/talonario-de-pedidos-50-triptico-297-x-210-mm\/#primaryimage\"},\"thumbnailUrl\":\"https:\/\/www.csj-emballages.com\/wp-content\/uploads\/2024\/03\/2112.webp\",\"datePublished\":\"2024-03-01T15:59:16+00:00\",\"dateModified\":\"2026-03-12T15:07:24+00:00\",\"description\":\"Libro de pedidos tr\u00edptico con 50 hojas numeradas, ideal para restauradores, artesanos o comerciantes. Autocopiativo, pr\u00e1ctico y eficaz.\",\"breadcrumb\":{\"@id\":\"https:\/\/www.csj-emballages.com\/es\/produit\/talonario-de-pedidos-50-triptico-297-x-210-mm\/#breadcrumb\"},\"inLanguage\":\"es\",\"potentialAction\":[{\"@type\":\"ReadAction\",\"target\":[\"https:\/\/www.csj-emballages.com\/es\/produit\/talonario-de-pedidos-50-triptico-297-x-210-mm\/\"]}]},{\"@type\":\"ImageObject\",\"inLanguage\":\"es\",\"@id\":\"https:\/\/www.csj-emballages.com\/es\/produit\/talonario-de-pedidos-50-triptico-297-x-210-mm\/#primaryimage\",\"url\":\"https:\/\/www.csj-emballages.com\/wp-content\/uploads\/2024\/03\/2112.webp\",\"contentUrl\":\"https:\/\/www.csj-emballages.com\/wp-content\/uploads\/2024\/03\/2112.webp\",\"width\":800,\"height\":800,\"caption\":\"Carnet de commande\"},{\"@type\":\"BreadcrumbList\",\"@id\":\"https:\/\/www.csj-emballages.com\/es\/produit\/talonario-de-pedidos-50-triptico-297-x-210-mm\/#breadcrumb\",\"itemListElement\":[{\"@type\":\"ListItem\",\"position\":1,\"name\":\"Accueil\",\"item\":\"https:\/\/www.csj-emballages.com\/es\/universo-del-envasado-alimentario\/\"},{\"@type\":\"ListItem\",\"position\":2,\"name\":\"Tienda\",\"item\":\"https:\/\/www.csj-emballages.com\/tienda\/\"},{\"@type\":\"ListItem\",\"position\":3,\"name\":\"Talonario de pedidos 50 tr\u00edptico 297 x 210 mm\"}]},{\"@type\":\"WebSite\",\"@id\":\"https:\/\/www.csj-emballages.com\/es\/#website\",\"url\":\"https:\/\/www.csj-emballages.com\/es\/\",\"name\":\"CSJ Emballages\",\"description\":\"\",\"publisher\":{\"@id\":\"https:\/\/www.csj-emballages.com\/es\/#organization\"},\"potentialAction\":[{\"@type\":\"SearchAction\",\"target\":{\"@type\":\"EntryPoint\",\"urlTemplate\":\"https:\/\/www.csj-emballages.com\/es\/?s={search_term_string}\"},\"query-input\":{\"@type\":\"PropertyValueSpecification\",\"valueRequired\":true,\"valueName\":\"search_term_string\"}}],\"inLanguage\":\"es\"},{\"@type\":\"Organization\",\"@id\":\"https:\/\/www.csj-emballages.com\/es\/#Organization\/\",\"name\":\"CSJ Emballages\",\"url\":\"https:\/\/www.csj-emballages.com\/es\/\",\"logo\":{\"@type\":\"ImageObject\",\"inLanguage\":\"es\",\"@id\":\"https:\/\/www.csj-emballages.com\/es\/#\/schema\/logo\/image\/\",\"url\":\"https:\/\/www.csj-emballages.com\/wp-content\/uploads\/2023\/10\/logo_csj.webp\",\"contentUrl\":\"https:\/\/www.csj-emballages.com\/wp-content\/uploads\/2023\/10\/logo_csj.webp\",\"width\":250,\"height\":95,\"caption\":\"CSJ Emballages\"},\"image\":{\"@id\":\"https:\/\/www.csj-emballages.com\/es\/#\/schema\/logo\/image\/\"},\"sameAs\":[\"https:\/\/www.facebook.com\/csjemballages\"],\"address\":{\"@type\":\"PostalAddress\",\"streetAddress\":\"ZI La Lechere\",\"addressLocality\":\"Patornay\",\"postalCode\":\"39130\",\"addressCountry\":\"FR\"},\"contactPoint\":[{\"@type\":\"ContactPoint\",\"contactType\":\"Service client\",\"telephone\":\"0384254272\",\"email\":\"contact@csj-emballages.com\"}]}]}<\/script>\n<!-- \/ Yoast SEO Premium plugin. -->","yoast_head_json":{"title":"Talonario de pedidos 50 Tripli 297 x 210 mm","description":"Libro de pedidos tr\u00edptico con 50 hojas numeradas, ideal para restauradores, artesanos o comerciantes. Autocopiativo, pr\u00e1ctico y eficaz.","robots":{"index":"index","follow":"follow","max-snippet":"max-snippet:-1","max-image-preview":"max-image-preview:large","max-video-preview":"max-video-preview:-1"},"canonical":"https:\/\/www.csj-emballages.com\/es\/produit\/talonario-de-pedidos-50-triptico-297-x-210-mm\/","og_locale":"es_ES","og_type":"article","og_title":"Talonario de pedidos 50 tr\u00edptico 297 x 210 mm","og_description":"Libro de pedidos tr\u00edptico con 50 hojas numeradas, ideal para restauradores, artesanos o comerciantes. Autocopiativo, pr\u00e1ctico y eficaz.","og_url":"https:\/\/www.csj-emballages.com\/es\/produit\/talonario-de-pedidos-50-triptico-297-x-210-mm\/","og_site_name":"CSJ Emballages","article_publisher":"https:\/\/www.facebook.com\/csjemballages","article_modified_time":"2026-03-12T15:07:24+00:00","og_image":[{"width":800,"height":800,"url":"https:\/\/www.csj-emballages.com\/wp-content\/uploads\/2024\/03\/2112.webp","type":"image\/webp"}],"twitter_card":"summary_large_image","twitter_misc":{"Tiempo de lectura":"2 minutos"},"schema":{"@context":"https:\/\/schema.org","@graph":[{"@type":"WebPage","@id":"https:\/\/www.csj-emballages.com\/es\/produit\/talonario-de-pedidos-50-triptico-297-x-210-mm\/","url":"https:\/\/www.csj-emballages.com\/es\/produit\/talonario-de-pedidos-50-triptico-297-x-210-mm\/","name":"Talonario de pedidos 50 Tripli 297 x 210 mm","isPartOf":{"@id":"https:\/\/www.csj-emballages.com\/es\/#website"},"primaryImageOfPage":{"@id":"https:\/\/www.csj-emballages.com\/es\/produit\/talonario-de-pedidos-50-triptico-297-x-210-mm\/#primaryimage"},"image":{"@id":"https:\/\/www.csj-emballages.com\/es\/produit\/talonario-de-pedidos-50-triptico-297-x-210-mm\/#primaryimage"},"thumbnailUrl":"https:\/\/www.csj-emballages.com\/wp-content\/uploads\/2024\/03\/2112.webp","datePublished":"2024-03-01T15:59:16+00:00","dateModified":"2026-03-12T15:07:24+00:00","description":"Libro de pedidos tr\u00edptico con 50 hojas numeradas, ideal para restauradores, artesanos o comerciantes. Autocopiativo, pr\u00e1ctico y eficaz.","breadcrumb":{"@id":"https:\/\/www.csj-emballages.com\/es\/produit\/talonario-de-pedidos-50-triptico-297-x-210-mm\/#breadcrumb"},"inLanguage":"es","potentialAction":[{"@type":"ReadAction","target":["https:\/\/www.csj-emballages.com\/es\/produit\/talonario-de-pedidos-50-triptico-297-x-210-mm\/"]}]},{"@type":"ImageObject","inLanguage":"es","@id":"https:\/\/www.csj-emballages.com\/es\/produit\/talonario-de-pedidos-50-triptico-297-x-210-mm\/#primaryimage","url":"https:\/\/www.csj-emballages.com\/wp-content\/uploads\/2024\/03\/2112.webp","contentUrl":"https:\/\/www.csj-emballages.com\/wp-content\/uploads\/2024\/03\/2112.webp","width":800,"height":800,"caption":"Carnet de commande"},{"@type":"BreadcrumbList","@id":"https:\/\/www.csj-emballages.com\/es\/produit\/talonario-de-pedidos-50-triptico-297-x-210-mm\/#breadcrumb","itemListElement":[{"@type":"ListItem","position":1,"name":"Accueil","item":"https:\/\/www.csj-emballages.com\/es\/universo-del-envasado-alimentario\/"},{"@type":"ListItem","position":2,"name":"Tienda","item":"https:\/\/www.csj-emballages.com\/tienda\/"},{"@type":"ListItem","position":3,"name":"Talonario de pedidos 50 tr\u00edptico 297 x 210 mm"}]},{"@type":"WebSite","@id":"https:\/\/www.csj-emballages.com\/es\/#website","url":"https:\/\/www.csj-emballages.com\/es\/","name":"CSJ Emballages","description":"","publisher":{"@id":"https:\/\/www.csj-emballages.com\/es\/#organization"},"potentialAction":[{"@type":"SearchAction","target":{"@type":"EntryPoint","urlTemplate":"https:\/\/www.csj-emballages.com\/es\/?s={search_term_string}"},"query-input":{"@type":"PropertyValueSpecification","valueRequired":true,"valueName":"search_term_string"}}],"inLanguage":"es"},{"@type":"Organization","@id":"https:\/\/www.csj-emballages.com\/es\/#Organization\/","name":"CSJ Emballages","url":"https:\/\/www.csj-emballages.com\/es\/","logo":{"@type":"ImageObject","inLanguage":"es","@id":"https:\/\/www.csj-emballages.com\/es\/#\/schema\/logo\/image\/","url":"https:\/\/www.csj-emballages.com\/wp-content\/uploads\/2023\/10\/logo_csj.webp","contentUrl":"https:\/\/www.csj-emballages.com\/wp-content\/uploads\/2023\/10\/logo_csj.webp","width":250,"height":95,"caption":"CSJ Emballages"},"image":{"@id":"https:\/\/www.csj-emballages.com\/es\/#\/schema\/logo\/image\/"},"sameAs":["https:\/\/www.facebook.com\/csjemballages"],"address":{"@type":"PostalAddress","streetAddress":"ZI La Lechere","addressLocality":"Patornay","postalCode":"39130","addressCountry":"FR"},"contactPoint":[{"@type":"ContactPoint","contactType":"Service client","telephone":"0384254272","email":"contact@csj-emballages.com"}]}]}},"df_price":14.36,"df_sale_price":"","df_regular_price":14.36,"df_image_link":"https:\/\/www.csj-emballages.com\/wp-content\/uploads\/2024\/03\/2112-300x300.webp","tiered_pricing_type":"fixed","tiered_pricing_fixed_rules":[],"tiered_pricing_percentage_rules":[],"tiered_pricing_minimum":1,"tiered_pricing_roles_data":[],"_links":{"self":[{"href":"https:\/\/www.csj-emballages.com\/es\/wp-json\/wp\/v2\/product\/18839","targetHints":{"allow":["GET"]}}],"collection":[{"href":"https:\/\/www.csj-emballages.com\/es\/wp-json\/wp\/v2\/product"}],"about":[{"href":"https:\/\/www.csj-emballages.com\/es\/wp-json\/wp\/v2\/types\/product"}],"wp:featuredmedia":[{"embeddable":true,"href":"https:\/\/www.csj-emballages.com\/es\/wp-json\/wp\/v2\/media\/231625"}],"wp:attachment":[{"href":"https:\/\/www.csj-emballages.com\/es\/wp-json\/wp\/v2\/media?parent=18839"}],"wp:term":[{"taxonomy":"product_brand","embeddable":true,"href":"https:\/\/www.csj-emballages.com\/es\/wp-json\/wp\/v2\/product_brand?post=18839"},{"taxonomy":"product_cat","embeddable":true,"href":"https:\/\/www.csj-emballages.com\/es\/wp-json\/wp\/v2\/product_cat?post=18839"},{"taxonomy":"product_tag","embeddable":true,"href":"https:\/\/www.csj-emballages.com\/es\/wp-json\/wp\/v2\/product_tag?post=18839"}],"curies":[{"name":"wp","href":"https:\/\/api.w.org\/{rel}","templated":true}]}}