{"id":18810,"date":"2024-03-01T16:59:16","date_gmt":"2024-03-01T15:59:16","guid":{"rendered":"https:\/\/u15jnbdpoq.preview.infomaniak.website\/produit\/talonario-de-facturas-50-dupli-210-x-140-mm-elve\/"},"modified":"2026-04-25T02:10:40","modified_gmt":"2026-04-25T00:10:40","slug":"talonario-de-facturas-50-dupli-210-x-140-mm-elve","status":"publish","type":"product","link":"https:\/\/www.csj-emballages.com\/es\/produit\/talonario-de-facturas-50-dupli-210-x-140-mm-elve\/","title":{"rendered":"Talonario de facturas 50 dupli 210 x 140 mm ELVE"},"content":{"rendered":"<h2 class=\"p1\">Libro de facturaci\u00f3n<\/h2>\n<hr>\n<h3>Descripci\u00f3n de nuestro talonario de facturas 50 dupli 210 x 140 mm<\/h3>\n<p><!--more--><\/p>\n<div class=\"flex-shrink-0 flex flex-col relative items-end\">\n<div class=\"pt-0.5 juice:pt-0\">\n<div class=\"gizmo-bot-avatar flex h-6 w-6 items-center justify-center overflow-hidden rounded-full juice:h-8 juice:w-8\">\n<div class=\"relative p-1 rounded-sm flex items-center justify-center bg-token-main-surface-primary text-token-text-primary h-8 w-8\">\n<p class=\"\" data-start=\"144\" data-end=\"459\">Dise\u00f1ado para profesionales que desean mantener un registro claro y preciso de sus transacciones, este <strong>talonario de facturas<\/strong> <strong>autocopiativo<\/strong> es un elemento esencial para el d\u00eda a d\u00eda. Compacto<strong>(210 x 140 mm<\/strong>), cabe f\u00e1cilmente en un caj\u00f3n, un malet\u00edn o incluso en el bolsillo de una chaqueta, para que pueda acceder a \u00e9l en cualquier momento. <\/p>\n<p class=\"\" data-start=\"461\" data-end=\"895\">Este <strong>cuadernillo contiene 50<\/strong><strong>duplicados<\/strong> <strong>autocopiativos<\/strong>, numerados secuencialmente para facilitar su seguimiento. La primera <strong>hoja<\/strong>, en papel CB 56g\/m\u00b2, est\u00e1 impresa en tinta azul, ideal para el original entregado al cliente. La segunda <strong>hoja<\/strong>, en papel CF 57g\/m\u00b2, est\u00e1 impresa en tinta roja, lo que facilita la distinci\u00f3n entre el original y la copia, pr\u00e1ctica para fines de archivo o contabilidad.  <\/p>\n<p class=\"\" data-start=\"897\" data-end=\"1233\">Perfectamente conforme con la legislaci\u00f3n vigente, este <strong>cuaderno de<\/strong> facturas est\u00e1 dise\u00f1ado para cumplir los requisitos administrativos y fiscales. Ya sea artesano, comerciante, prestador de servicios independiente o propietario de un restaurante, este cuaderno le permite emitir r\u00e1pidamente facturas o presupuestos sobre el terreno, incluso sin acceso a un sistema inform\u00e1tico. <\/p>\n<p class=\"\" data-start=\"1235\" data-end=\"1408\">Es una herramienta de gesti\u00f3n sencilla, fiable y eficaz, que le garantiza una organizaci\u00f3n rigurosa al tiempo que inspira confianza a sus clientes gracias a su aspecto profesional.<\/p>\n<p data-start=\"1235\" data-end=\"1408\">\n<\/div>\n<\/div>\n<\/div>\n<\/div>\n<p><!--more--><\/p>\n<p><strong>Sus ventajas:<\/strong><\/p>\n<ul>\n<li>Formato pr\u00e1ctico y f\u00e1cil de transportar (210 x 140 mm).<\/li>\n<li>50 hojas autocopiativas numeradas para un seguimiento claro.<\/li>\n<li>Impresi\u00f3n en azul y rojo para mejorar la legibilidad.<\/li>\n<li>Cumplimiento de la legislaci\u00f3n francesa.<\/li>\n<li>Ideal para actividades itinerantes o peque\u00f1as empresas.<\/li>\n<\/ul>\n<p>&nbsp;<\/p>\n<p><!--more--><\/p>\n<h4>Informaci\u00f3n adicional :<\/h4>\n<ul>\n<li><strong>Embalaje<\/strong>: Se vende individualmente<\/li>\n<li><strong>Dimensiones<\/strong>: 210 x 140 (L x A en mm).<\/li>\n<li><strong>N\u00famero de hojas<\/strong>: 50 duplicados<\/li>\n<li><strong>Material<\/strong>: Papel<\/li>\n<\/ul>\n<p>&nbsp;<\/p>\n<p><!--more--><\/p>\n<p>Este cuaderno est\u00e1 disponible en diferentes formatos: <span style=\"color: #d12727;\"><a style=\"color: #d12727;\" href=\"https:\/\/www.csj-emballages.com\/es\/produit\/talonario-de-facturas-50-dupli-140-x-105-mm\/\">50 dupli 140 x 105 mm<\/a><\/span> \/ <span style=\"color: #d12727;\"><a style=\"color: #d12727;\" href=\"https:\/\/www.csj-emballages.com\/es\/produit\/libro-de-facturas-50-tripli-210-x-140-mm\/\">50 tr\u00edpticos 210 x 140 mm<\/a><\/span><\/p>\n<p>&nbsp;<\/p>\n<p><!--more--><\/p>\n<p><a href=\"https:\/\/www.csj-emballages.com\/es\/categorie-produit\/envasado-de-alimentos\/tienda-y-almacen\/papeleria-y-pequeno-material\/cuadernos\/\">Ver el resto de nuestra gama de cuadernos<\/a><\/p>\n","protected":false},"excerpt":{"rendered":"<p>Libro de facturaci\u00f3n Descripci\u00f3n de nuestro talonario de facturas 50 dupli 210 x 140 mm<\/p>\n","protected":false},"featured_media":231675,"template":"","meta":{"_acf_changed":false},"product_brand":[],"product_cat":[1488,1931,1935],"product_tag":[],"class_list":{"0":"post-18810","1":"product","2":"type-product","3":"status-publish","4":"has-post-thumbnail","6":"product_cat-tienda-y-almacen","7":"product_cat-papeleria-y-pequeno-material","8":"product_cat-libros-de-facturas-facturadores","10":"first","11":"instock","12":"taxable","13":"shipping-taxable","14":"purchasable","15":"product-type-simple"},"acf":[],"yoast_head":"<!-- This site is optimized with the Yoast SEO Premium plugin v26.6 (Yoast SEO v26.6) - https:\/\/yoast.com\/wordpress\/plugins\/seo\/ -->\n<title>Talonario de facturas 50 Dupli 210 x 140 mm<\/title>\n<meta name=\"description\" content=\"Talonario de facturas autocopiativas 50 dupli 210 x 140 mm. Conforme a la legislaci\u00f3n, es ideal para comerciantes y aut\u00f3nomos.\" \/>\n<meta name=\"robots\" content=\"index, follow, max-snippet:-1, max-image-preview:large, max-video-preview:-1\" \/>\n<link rel=\"canonical\" href=\"https:\/\/www.csj-emballages.com\/es\/produit\/talonario-de-facturas-50-dupli-210-x-140-mm-elve\/\" \/>\n<meta property=\"og:locale\" content=\"es_ES\" \/>\n<meta property=\"og:type\" content=\"article\" \/>\n<meta property=\"og:title\" content=\"Talonario de facturas 50 dupli 210 x 140 mm ELVE\" \/>\n<meta property=\"og:description\" content=\"Talonario de facturas autocopiativas 50 dupli 210 x 140 mm. Conforme a la legislaci\u00f3n, es ideal para comerciantes y aut\u00f3nomos.\" \/>\n<meta property=\"og:url\" content=\"https:\/\/www.csj-emballages.com\/es\/produit\/talonario-de-facturas-50-dupli-210-x-140-mm-elve\/\" \/>\n<meta property=\"og:site_name\" content=\"CSJ Emballages\" \/>\n<meta property=\"article:publisher\" content=\"https:\/\/www.facebook.com\/csjemballages\" \/>\n<meta property=\"article:modified_time\" content=\"2026-04-25T00:10:40+00:00\" \/>\n<meta property=\"og:image\" content=\"https:\/\/www.csj-emballages.com\/wp-content\/uploads\/2024\/03\/2121.webp\" \/>\n\t<meta property=\"og:image:width\" content=\"800\" \/>\n\t<meta property=\"og:image:height\" content=\"800\" \/>\n\t<meta property=\"og:image:type\" content=\"image\/webp\" \/>\n<meta name=\"twitter:card\" content=\"summary_large_image\" \/>\n<meta name=\"twitter:label1\" content=\"Tiempo de lectura\" \/>\n\t<meta name=\"twitter:data1\" content=\"2 minutos\" \/>\n<script type=\"application\/ld+json\" class=\"yoast-schema-graph\">{\"@context\":\"https:\/\/schema.org\",\"@graph\":[{\"@type\":\"WebPage\",\"@id\":\"https:\/\/www.csj-emballages.com\/es\/produit\/talonario-de-facturas-50-dupli-210-x-140-mm-elve\/\",\"url\":\"https:\/\/www.csj-emballages.com\/es\/produit\/talonario-de-facturas-50-dupli-210-x-140-mm-elve\/\",\"name\":\"Talonario de facturas 50 Dupli 210 x 140 mm\",\"isPartOf\":{\"@id\":\"https:\/\/www.csj-emballages.com\/es\/#website\"},\"primaryImageOfPage\":{\"@id\":\"https:\/\/www.csj-emballages.com\/es\/produit\/talonario-de-facturas-50-dupli-210-x-140-mm-elve\/#primaryimage\"},\"image\":{\"@id\":\"https:\/\/www.csj-emballages.com\/es\/produit\/talonario-de-facturas-50-dupli-210-x-140-mm-elve\/#primaryimage\"},\"thumbnailUrl\":\"https:\/\/www.csj-emballages.com\/wp-content\/uploads\/2024\/03\/2121.webp\",\"datePublished\":\"2024-03-01T15:59:16+00:00\",\"dateModified\":\"2026-04-25T00:10:40+00:00\",\"description\":\"Talonario de facturas autocopiativas 50 dupli 210 x 140 mm. Conforme a la legislaci\u00f3n, es ideal para comerciantes y aut\u00f3nomos.\",\"breadcrumb\":{\"@id\":\"https:\/\/www.csj-emballages.com\/es\/produit\/talonario-de-facturas-50-dupli-210-x-140-mm-elve\/#breadcrumb\"},\"inLanguage\":\"es\",\"potentialAction\":[{\"@type\":\"ReadAction\",\"target\":[\"https:\/\/www.csj-emballages.com\/es\/produit\/talonario-de-facturas-50-dupli-210-x-140-mm-elve\/\"]}]},{\"@type\":\"ImageObject\",\"inLanguage\":\"es\",\"@id\":\"https:\/\/www.csj-emballages.com\/es\/produit\/talonario-de-facturas-50-dupli-210-x-140-mm-elve\/#primaryimage\",\"url\":\"https:\/\/www.csj-emballages.com\/wp-content\/uploads\/2024\/03\/2121.webp\",\"contentUrl\":\"https:\/\/www.csj-emballages.com\/wp-content\/uploads\/2024\/03\/2121.webp\",\"width\":800,\"height\":800,\"caption\":\"Carnet facturier\"},{\"@type\":\"BreadcrumbList\",\"@id\":\"https:\/\/www.csj-emballages.com\/es\/produit\/talonario-de-facturas-50-dupli-210-x-140-mm-elve\/#breadcrumb\",\"itemListElement\":[{\"@type\":\"ListItem\",\"position\":1,\"name\":\"Accueil\",\"item\":\"https:\/\/www.csj-emballages.com\/es\/universo-del-envasado-alimentario\/\"},{\"@type\":\"ListItem\",\"position\":2,\"name\":\"Tienda\",\"item\":\"https:\/\/www.csj-emballages.com\/tienda\/\"},{\"@type\":\"ListItem\",\"position\":3,\"name\":\"Talonario de facturas 50 dupli 210 x 140 mm ELVE\"}]},{\"@type\":\"WebSite\",\"@id\":\"https:\/\/www.csj-emballages.com\/es\/#website\",\"url\":\"https:\/\/www.csj-emballages.com\/es\/\",\"name\":\"CSJ Emballages\",\"description\":\"\",\"publisher\":{\"@id\":\"https:\/\/www.csj-emballages.com\/es\/#organization\"},\"potentialAction\":[{\"@type\":\"SearchAction\",\"target\":{\"@type\":\"EntryPoint\",\"urlTemplate\":\"https:\/\/www.csj-emballages.com\/es\/?s={search_term_string}\"},\"query-input\":{\"@type\":\"PropertyValueSpecification\",\"valueRequired\":true,\"valueName\":\"search_term_string\"}}],\"inLanguage\":\"es\"},{\"@type\":\"Organization\",\"@id\":\"https:\/\/www.csj-emballages.com\/es\/#Organization\/\",\"name\":\"CSJ Emballages\",\"url\":\"https:\/\/www.csj-emballages.com\/es\/\",\"logo\":{\"@type\":\"ImageObject\",\"inLanguage\":\"es\",\"@id\":\"https:\/\/www.csj-emballages.com\/es\/#\/schema\/logo\/image\/\",\"url\":\"https:\/\/www.csj-emballages.com\/wp-content\/uploads\/2023\/10\/logo_csj.webp\",\"contentUrl\":\"https:\/\/www.csj-emballages.com\/wp-content\/uploads\/2023\/10\/logo_csj.webp\",\"width\":250,\"height\":95,\"caption\":\"CSJ Emballages\"},\"image\":{\"@id\":\"https:\/\/www.csj-emballages.com\/es\/#\/schema\/logo\/image\/\"},\"sameAs\":[\"https:\/\/www.facebook.com\/csjemballages\"],\"address\":{\"@type\":\"PostalAddress\",\"streetAddress\":\"ZI La Lechere\",\"addressLocality\":\"Patornay\",\"postalCode\":\"39130\",\"addressCountry\":\"FR\"},\"contactPoint\":[{\"@type\":\"ContactPoint\",\"contactType\":\"Service client\",\"telephone\":\"0384254272\",\"email\":\"contact@csj-emballages.com\"}]}]}<\/script>\n<!-- \/ Yoast SEO Premium plugin. -->","yoast_head_json":{"title":"Talonario de facturas 50 Dupli 210 x 140 mm","description":"Talonario de facturas autocopiativas 50 dupli 210 x 140 mm. Conforme a la legislaci\u00f3n, es ideal para comerciantes y aut\u00f3nomos.","robots":{"index":"index","follow":"follow","max-snippet":"max-snippet:-1","max-image-preview":"max-image-preview:large","max-video-preview":"max-video-preview:-1"},"canonical":"https:\/\/www.csj-emballages.com\/es\/produit\/talonario-de-facturas-50-dupli-210-x-140-mm-elve\/","og_locale":"es_ES","og_type":"article","og_title":"Talonario de facturas 50 dupli 210 x 140 mm ELVE","og_description":"Talonario de facturas autocopiativas 50 dupli 210 x 140 mm. Conforme a la legislaci\u00f3n, es ideal para comerciantes y aut\u00f3nomos.","og_url":"https:\/\/www.csj-emballages.com\/es\/produit\/talonario-de-facturas-50-dupli-210-x-140-mm-elve\/","og_site_name":"CSJ Emballages","article_publisher":"https:\/\/www.facebook.com\/csjemballages","article_modified_time":"2026-04-25T00:10:40+00:00","og_image":[{"width":800,"height":800,"url":"https:\/\/www.csj-emballages.com\/wp-content\/uploads\/2024\/03\/2121.webp","type":"image\/webp"}],"twitter_card":"summary_large_image","twitter_misc":{"Tiempo de lectura":"2 minutos"},"schema":{"@context":"https:\/\/schema.org","@graph":[{"@type":"WebPage","@id":"https:\/\/www.csj-emballages.com\/es\/produit\/talonario-de-facturas-50-dupli-210-x-140-mm-elve\/","url":"https:\/\/www.csj-emballages.com\/es\/produit\/talonario-de-facturas-50-dupli-210-x-140-mm-elve\/","name":"Talonario de facturas 50 Dupli 210 x 140 mm","isPartOf":{"@id":"https:\/\/www.csj-emballages.com\/es\/#website"},"primaryImageOfPage":{"@id":"https:\/\/www.csj-emballages.com\/es\/produit\/talonario-de-facturas-50-dupli-210-x-140-mm-elve\/#primaryimage"},"image":{"@id":"https:\/\/www.csj-emballages.com\/es\/produit\/talonario-de-facturas-50-dupli-210-x-140-mm-elve\/#primaryimage"},"thumbnailUrl":"https:\/\/www.csj-emballages.com\/wp-content\/uploads\/2024\/03\/2121.webp","datePublished":"2024-03-01T15:59:16+00:00","dateModified":"2026-04-25T00:10:40+00:00","description":"Talonario de facturas autocopiativas 50 dupli 210 x 140 mm. Conforme a la legislaci\u00f3n, es ideal para comerciantes y aut\u00f3nomos.","breadcrumb":{"@id":"https:\/\/www.csj-emballages.com\/es\/produit\/talonario-de-facturas-50-dupli-210-x-140-mm-elve\/#breadcrumb"},"inLanguage":"es","potentialAction":[{"@type":"ReadAction","target":["https:\/\/www.csj-emballages.com\/es\/produit\/talonario-de-facturas-50-dupli-210-x-140-mm-elve\/"]}]},{"@type":"ImageObject","inLanguage":"es","@id":"https:\/\/www.csj-emballages.com\/es\/produit\/talonario-de-facturas-50-dupli-210-x-140-mm-elve\/#primaryimage","url":"https:\/\/www.csj-emballages.com\/wp-content\/uploads\/2024\/03\/2121.webp","contentUrl":"https:\/\/www.csj-emballages.com\/wp-content\/uploads\/2024\/03\/2121.webp","width":800,"height":800,"caption":"Carnet facturier"},{"@type":"BreadcrumbList","@id":"https:\/\/www.csj-emballages.com\/es\/produit\/talonario-de-facturas-50-dupli-210-x-140-mm-elve\/#breadcrumb","itemListElement":[{"@type":"ListItem","position":1,"name":"Accueil","item":"https:\/\/www.csj-emballages.com\/es\/universo-del-envasado-alimentario\/"},{"@type":"ListItem","position":2,"name":"Tienda","item":"https:\/\/www.csj-emballages.com\/tienda\/"},{"@type":"ListItem","position":3,"name":"Talonario de facturas 50 dupli 210 x 140 mm ELVE"}]},{"@type":"WebSite","@id":"https:\/\/www.csj-emballages.com\/es\/#website","url":"https:\/\/www.csj-emballages.com\/es\/","name":"CSJ Emballages","description":"","publisher":{"@id":"https:\/\/www.csj-emballages.com\/es\/#organization"},"potentialAction":[{"@type":"SearchAction","target":{"@type":"EntryPoint","urlTemplate":"https:\/\/www.csj-emballages.com\/es\/?s={search_term_string}"},"query-input":{"@type":"PropertyValueSpecification","valueRequired":true,"valueName":"search_term_string"}}],"inLanguage":"es"},{"@type":"Organization","@id":"https:\/\/www.csj-emballages.com\/es\/#Organization\/","name":"CSJ Emballages","url":"https:\/\/www.csj-emballages.com\/es\/","logo":{"@type":"ImageObject","inLanguage":"es","@id":"https:\/\/www.csj-emballages.com\/es\/#\/schema\/logo\/image\/","url":"https:\/\/www.csj-emballages.com\/wp-content\/uploads\/2023\/10\/logo_csj.webp","contentUrl":"https:\/\/www.csj-emballages.com\/wp-content\/uploads\/2023\/10\/logo_csj.webp","width":250,"height":95,"caption":"CSJ Emballages"},"image":{"@id":"https:\/\/www.csj-emballages.com\/es\/#\/schema\/logo\/image\/"},"sameAs":["https:\/\/www.facebook.com\/csjemballages"],"address":{"@type":"PostalAddress","streetAddress":"ZI La Lechere","addressLocality":"Patornay","postalCode":"39130","addressCountry":"FR"},"contactPoint":[{"@type":"ContactPoint","contactType":"Service client","telephone":"0384254272","email":"contact@csj-emballages.com"}]}]}},"df_price":4.39,"df_sale_price":"","df_regular_price":4.39,"df_image_link":"https:\/\/www.csj-emballages.com\/wp-content\/uploads\/2024\/03\/2121-300x300.webp","tiered_pricing_type":"fixed","tiered_pricing_fixed_rules":[],"tiered_pricing_percentage_rules":[],"tiered_pricing_minimum":1,"tiered_pricing_roles_data":[],"_links":{"self":[{"href":"https:\/\/www.csj-emballages.com\/es\/wp-json\/wp\/v2\/product\/18810","targetHints":{"allow":["GET"]}}],"collection":[{"href":"https:\/\/www.csj-emballages.com\/es\/wp-json\/wp\/v2\/product"}],"about":[{"href":"https:\/\/www.csj-emballages.com\/es\/wp-json\/wp\/v2\/types\/product"}],"wp:featuredmedia":[{"embeddable":true,"href":"https:\/\/www.csj-emballages.com\/es\/wp-json\/wp\/v2\/media\/231675"}],"wp:attachment":[{"href":"https:\/\/www.csj-emballages.com\/es\/wp-json\/wp\/v2\/media?parent=18810"}],"wp:term":[{"taxonomy":"product_brand","embeddable":true,"href":"https:\/\/www.csj-emballages.com\/es\/wp-json\/wp\/v2\/product_brand?post=18810"},{"taxonomy":"product_cat","embeddable":true,"href":"https:\/\/www.csj-emballages.com\/es\/wp-json\/wp\/v2\/product_cat?post=18810"},{"taxonomy":"product_tag","embeddable":true,"href":"https:\/\/www.csj-emballages.com\/es\/wp-json\/wp\/v2\/product_tag?post=18810"}],"curies":[{"name":"wp","href":"https:\/\/api.w.org\/{rel}","templated":true}]}}