{"id":18807,"date":"2024-03-01T16:59:17","date_gmt":"2024-03-01T15:59:17","guid":{"rendered":"https:\/\/u15jnbdpoq.preview.infomaniak.website\/produit\/talonario-de-pedidos-50-dupli-210-x-210-mm\/"},"modified":"2026-03-12T16:07:21","modified_gmt":"2026-03-12T15:07:21","slug":"talonario-de-pedidos-50-dupli-210-x-210-mm","status":"publish","type":"product","link":"https:\/\/www.csj-emballages.com\/es\/produit\/talonario-de-pedidos-50-dupli-210-x-210-mm\/","title":{"rendered":"Talonario de pedidos 50 dupli 210 x 210 mm"},"content":{"rendered":"<h2 class=\"p1\">Libro de pedidos<\/h2>\n<hr>\n<h3>Descripci\u00f3n de nuestra cartera de pedidos 50 dupli 210 x 210 mm<\/h3>\n<p><!--more--><\/p>\n<div class=\"flex-shrink-0 flex flex-col relative items-end\">\n<div class=\"pt-0.5 juice:pt-0\">\n<div class=\"gizmo-bot-avatar flex h-6 w-6 items-center justify-center overflow-hidden rounded-full juice:h-8 juice:w-8\">\n<div class=\"relative p-1 rounded-sm flex items-center justify-center bg-token-main-surface-primary text-token-text-primary h-8 w-8\">\n<p class=\"\" data-start=\"241\" data-end=\"605\">Indispensable para los profesionales del sector de la restauraci\u00f3n, los eventos o la venta al por menor, este <strong data-start=\"349\" data-end=\"383\">libro de pedidos autocopiativo<\/strong> est\u00e1 dise\u00f1ado para facilitar la toma de pedidos de forma r\u00e1pida y organizada. Con <strong data-start=\"463\" data-end=\"502\">50 p\u00e1ginas duplicadas y numeradas<\/strong>, podr\u00e1 llevar un registro claro y fiable de cada pedido, sin necesidad de papel carb\u00f3n. Cada p\u00e1gina consta de una <strong data-start=\"635\" data-end=\"658\">primera hoja CB<\/strong> (papel de 56 g\/m\u00b2) impresa en <strong data-start=\"699\" data-end=\"714\">tinta azul<\/strong>, ideal para el original que se entrega al cliente o al departamento de producci\u00f3n. La <strong data-start=\"786\" data-end=\"810\">segunda hoja CF<\/strong> (papel de 57 g\/m\u00b2) est\u00e1 impresa en <strong data-start=\"843\" data-end=\"858\">tinta roja<\/strong>, lo que permite distinguir visualmente y de forma inmediata el original de la copia, lo que resulta muy \u00fatil para evitar confusiones en los periodos punta.   <\/p>\n<p class=\"\" data-start=\"1007\" data-end=\"1353\">Su <strong data-start=\"1011\" data-end=\"1046\">pr\u00e1ctico formato de 210 x 210 mm<\/strong> hace que sea f\u00e1cil de sujetar y utilizar, incluso cuando se est\u00e1 de viaje. Es compacta, pero suficiente para anotar lo esencial: detalles de los platos, cantidades, comentarios de los clientes, etc. Es una herramienta sencilla pero muy eficaz para mantener un flujo de trabajo fluido y profesional.  <\/p>\n<p class=\"\" data-start=\"1355\" data-end=\"1517\">Perfecto para camareros, empresas de catering, camiones de comida, organizadores de eventos e incluso comerciantes que necesiten formularios de pedido manuales.<\/p>\n<p data-start=\"1355\" data-end=\"1517\">\n<\/div>\n<\/div>\n<\/div>\n<\/div>\n<p><!--more--><\/p>\n<p><strong>Sus ventajas:<\/strong><\/p>\n<ul>\n<li>50 hojas duplicadas numeradas para facilitar el seguimiento.<\/li>\n<li>Distinci\u00f3n visual gracias a la impresi\u00f3n azul\/roja.<\/li>\n<li>Formato manejable: ideal para servir sobre la marcha.<\/li>\n<li>Compatible con todos los entornos profesionales.<\/li>\n<\/ul>\n<p>&nbsp;<\/p>\n<p><!--more--><\/p>\n<h4>Informaci\u00f3n adicional :<\/h4>\n<ul>\n<li><strong>Embalaje<\/strong>: Se vende individualmente<\/li>\n<li><strong>Dimensiones<\/strong>: 210 x 210 (L x A en mm).<\/li>\n<li><strong>N\u00famero de p\u00e1ginas<\/strong>: 50 duplicados<\/li>\n<li><strong>Material<\/strong>: Papel<\/li>\n<\/ul>\n<p>&nbsp;<\/p>\n<p><!--more--><\/p>\n<p>Haga clic aqu\u00ed para acceder a nuestra cartera de pedidos de 210 x 140 mm: <span style=\"color: #d12727\"><a style=\"color: #d12727\" href=\"https:\/\/www.csj-emballages.com\/es\/produit\/talonario-de-pedidos-50-dupli-210-x-140-mm\/\">2115<\/a><\/span><\/p>\n<p>&nbsp;<\/p>\n<p><!--more--><\/p>\n<p><a href=\"https:\/\/www.csj-emballages.com\/es\/categorie-produit\/envasado-de-alimentos\/tienda-y-almacen\/papeleria-y-pequeno-material\/cuadernos\/\">Ver el resto de nuestra gama de cuadernos<\/a><\/p>\n","protected":false},"excerpt":{"rendered":"<p>Libro de pedidos Descripci\u00f3n de nuestra cartera de pedidos 50 dupli 210 x 210 mm<\/p>\n","protected":false},"featured_media":231607,"template":"","meta":{"_acf_changed":false},"product_brand":[],"product_cat":[1488,1931,1948],"product_tag":[],"class_list":{"0":"post-18807","1":"product","2":"type-product","3":"status-publish","4":"has-post-thumbnail","6":"product_cat-tienda-y-almacen","7":"product_cat-papeleria-y-pequeno-material","8":"product_cat-pedir-libros","10":"first","11":"instock","12":"taxable","13":"shipping-taxable","14":"purchasable","15":"product-type-simple"},"acf":[],"yoast_head":"<!-- This site is optimized with the Yoast SEO Premium plugin v26.6 (Yoast SEO v26.6) - https:\/\/yoast.com\/wordpress\/plugins\/seo\/ -->\n<title>Talonario de pedidos 50 Dupli 210 x 210 mm<\/title>\n<meta name=\"description\" content=\"Talonario de pedidos autocopiativo con 50 duplicados de 210 x 210 mm. Pr\u00e1ctico, numerado, con impresi\u00f3n en azul y rojo para un uso profesional fluido y organizado.\" \/>\n<meta name=\"robots\" content=\"index, follow, max-snippet:-1, max-image-preview:large, max-video-preview:-1\" \/>\n<link rel=\"canonical\" href=\"https:\/\/www.csj-emballages.com\/es\/produit\/talonario-de-pedidos-50-dupli-210-x-210-mm\/\" \/>\n<meta property=\"og:locale\" content=\"es_ES\" \/>\n<meta property=\"og:type\" content=\"article\" \/>\n<meta property=\"og:title\" content=\"Talonario de pedidos 50 dupli 210 x 210 mm\" \/>\n<meta property=\"og:description\" content=\"Talonario de pedidos autocopiativo con 50 duplicados de 210 x 210 mm. Pr\u00e1ctico, numerado, con impresi\u00f3n en azul y rojo para un uso profesional fluido y organizado.\" \/>\n<meta property=\"og:url\" content=\"https:\/\/www.csj-emballages.com\/es\/produit\/talonario-de-pedidos-50-dupli-210-x-210-mm\/\" \/>\n<meta property=\"og:site_name\" content=\"CSJ Emballages\" \/>\n<meta property=\"article:publisher\" content=\"https:\/\/www.facebook.com\/csjemballages\" \/>\n<meta property=\"article:modified_time\" content=\"2026-03-12T15:07:21+00:00\" \/>\n<meta property=\"og:image\" content=\"https:\/\/www.csj-emballages.com\/wp-content\/uploads\/2024\/03\/2109.webp\" \/>\n\t<meta property=\"og:image:width\" content=\"800\" \/>\n\t<meta property=\"og:image:height\" content=\"800\" \/>\n\t<meta property=\"og:image:type\" content=\"image\/webp\" \/>\n<meta name=\"twitter:card\" content=\"summary_large_image\" \/>\n<meta name=\"twitter:label1\" content=\"Tiempo de lectura\" \/>\n\t<meta name=\"twitter:data1\" content=\"2 minutos\" \/>\n<script type=\"application\/ld+json\" class=\"yoast-schema-graph\">{\"@context\":\"https:\/\/schema.org\",\"@graph\":[{\"@type\":\"WebPage\",\"@id\":\"https:\/\/www.csj-emballages.com\/es\/produit\/talonario-de-pedidos-50-dupli-210-x-210-mm\/\",\"url\":\"https:\/\/www.csj-emballages.com\/es\/produit\/talonario-de-pedidos-50-dupli-210-x-210-mm\/\",\"name\":\"Talonario de pedidos 50 Dupli 210 x 210 mm\",\"isPartOf\":{\"@id\":\"https:\/\/www.csj-emballages.com\/es\/#website\"},\"primaryImageOfPage\":{\"@id\":\"https:\/\/www.csj-emballages.com\/es\/produit\/talonario-de-pedidos-50-dupli-210-x-210-mm\/#primaryimage\"},\"image\":{\"@id\":\"https:\/\/www.csj-emballages.com\/es\/produit\/talonario-de-pedidos-50-dupli-210-x-210-mm\/#primaryimage\"},\"thumbnailUrl\":\"https:\/\/www.csj-emballages.com\/wp-content\/uploads\/2024\/03\/2109.webp\",\"datePublished\":\"2024-03-01T15:59:17+00:00\",\"dateModified\":\"2026-03-12T15:07:21+00:00\",\"description\":\"Talonario de pedidos autocopiativo con 50 duplicados de 210 x 210 mm. Pr\u00e1ctico, numerado, con impresi\u00f3n en azul y rojo para un uso profesional fluido y organizado.\",\"breadcrumb\":{\"@id\":\"https:\/\/www.csj-emballages.com\/es\/produit\/talonario-de-pedidos-50-dupli-210-x-210-mm\/#breadcrumb\"},\"inLanguage\":\"es\",\"potentialAction\":[{\"@type\":\"ReadAction\",\"target\":[\"https:\/\/www.csj-emballages.com\/es\/produit\/talonario-de-pedidos-50-dupli-210-x-210-mm\/\"]}]},{\"@type\":\"ImageObject\",\"inLanguage\":\"es\",\"@id\":\"https:\/\/www.csj-emballages.com\/es\/produit\/talonario-de-pedidos-50-dupli-210-x-210-mm\/#primaryimage\",\"url\":\"https:\/\/www.csj-emballages.com\/wp-content\/uploads\/2024\/03\/2109.webp\",\"contentUrl\":\"https:\/\/www.csj-emballages.com\/wp-content\/uploads\/2024\/03\/2109.webp\",\"width\":800,\"height\":800,\"caption\":\"Carnet de commande\"},{\"@type\":\"BreadcrumbList\",\"@id\":\"https:\/\/www.csj-emballages.com\/es\/produit\/talonario-de-pedidos-50-dupli-210-x-210-mm\/#breadcrumb\",\"itemListElement\":[{\"@type\":\"ListItem\",\"position\":1,\"name\":\"Accueil\",\"item\":\"https:\/\/www.csj-emballages.com\/es\/universo-del-envasado-alimentario\/\"},{\"@type\":\"ListItem\",\"position\":2,\"name\":\"Tienda\",\"item\":\"https:\/\/www.csj-emballages.com\/tienda\/\"},{\"@type\":\"ListItem\",\"position\":3,\"name\":\"Talonario de pedidos 50 dupli 210 x 210 mm\"}]},{\"@type\":\"WebSite\",\"@id\":\"https:\/\/www.csj-emballages.com\/es\/#website\",\"url\":\"https:\/\/www.csj-emballages.com\/es\/\",\"name\":\"CSJ Emballages\",\"description\":\"\",\"publisher\":{\"@id\":\"https:\/\/www.csj-emballages.com\/es\/#organization\"},\"potentialAction\":[{\"@type\":\"SearchAction\",\"target\":{\"@type\":\"EntryPoint\",\"urlTemplate\":\"https:\/\/www.csj-emballages.com\/es\/?s={search_term_string}\"},\"query-input\":{\"@type\":\"PropertyValueSpecification\",\"valueRequired\":true,\"valueName\":\"search_term_string\"}}],\"inLanguage\":\"es\"},{\"@type\":\"Organization\",\"@id\":\"https:\/\/www.csj-emballages.com\/es\/#Organization\/\",\"name\":\"CSJ Emballages\",\"url\":\"https:\/\/www.csj-emballages.com\/es\/\",\"logo\":{\"@type\":\"ImageObject\",\"inLanguage\":\"es\",\"@id\":\"https:\/\/www.csj-emballages.com\/es\/#\/schema\/logo\/image\/\",\"url\":\"https:\/\/www.csj-emballages.com\/wp-content\/uploads\/2023\/10\/logo_csj.webp\",\"contentUrl\":\"https:\/\/www.csj-emballages.com\/wp-content\/uploads\/2023\/10\/logo_csj.webp\",\"width\":250,\"height\":95,\"caption\":\"CSJ Emballages\"},\"image\":{\"@id\":\"https:\/\/www.csj-emballages.com\/es\/#\/schema\/logo\/image\/\"},\"sameAs\":[\"https:\/\/www.facebook.com\/csjemballages\"],\"address\":{\"@type\":\"PostalAddress\",\"streetAddress\":\"ZI La Lechere\",\"addressLocality\":\"Patornay\",\"postalCode\":\"39130\",\"addressCountry\":\"FR\"},\"contactPoint\":[{\"@type\":\"ContactPoint\",\"contactType\":\"Service client\",\"telephone\":\"0384254272\",\"email\":\"contact@csj-emballages.com\"}]}]}<\/script>\n<!-- \/ Yoast SEO Premium plugin. -->","yoast_head_json":{"title":"Talonario de pedidos 50 Dupli 210 x 210 mm","description":"Talonario de pedidos autocopiativo con 50 duplicados de 210 x 210 mm. Pr\u00e1ctico, numerado, con impresi\u00f3n en azul y rojo para un uso profesional fluido y organizado.","robots":{"index":"index","follow":"follow","max-snippet":"max-snippet:-1","max-image-preview":"max-image-preview:large","max-video-preview":"max-video-preview:-1"},"canonical":"https:\/\/www.csj-emballages.com\/es\/produit\/talonario-de-pedidos-50-dupli-210-x-210-mm\/","og_locale":"es_ES","og_type":"article","og_title":"Talonario de pedidos 50 dupli 210 x 210 mm","og_description":"Talonario de pedidos autocopiativo con 50 duplicados de 210 x 210 mm. Pr\u00e1ctico, numerado, con impresi\u00f3n en azul y rojo para un uso profesional fluido y organizado.","og_url":"https:\/\/www.csj-emballages.com\/es\/produit\/talonario-de-pedidos-50-dupli-210-x-210-mm\/","og_site_name":"CSJ Emballages","article_publisher":"https:\/\/www.facebook.com\/csjemballages","article_modified_time":"2026-03-12T15:07:21+00:00","og_image":[{"width":800,"height":800,"url":"https:\/\/www.csj-emballages.com\/wp-content\/uploads\/2024\/03\/2109.webp","type":"image\/webp"}],"twitter_card":"summary_large_image","twitter_misc":{"Tiempo de lectura":"2 minutos"},"schema":{"@context":"https:\/\/schema.org","@graph":[{"@type":"WebPage","@id":"https:\/\/www.csj-emballages.com\/es\/produit\/talonario-de-pedidos-50-dupli-210-x-210-mm\/","url":"https:\/\/www.csj-emballages.com\/es\/produit\/talonario-de-pedidos-50-dupli-210-x-210-mm\/","name":"Talonario de pedidos 50 Dupli 210 x 210 mm","isPartOf":{"@id":"https:\/\/www.csj-emballages.com\/es\/#website"},"primaryImageOfPage":{"@id":"https:\/\/www.csj-emballages.com\/es\/produit\/talonario-de-pedidos-50-dupli-210-x-210-mm\/#primaryimage"},"image":{"@id":"https:\/\/www.csj-emballages.com\/es\/produit\/talonario-de-pedidos-50-dupli-210-x-210-mm\/#primaryimage"},"thumbnailUrl":"https:\/\/www.csj-emballages.com\/wp-content\/uploads\/2024\/03\/2109.webp","datePublished":"2024-03-01T15:59:17+00:00","dateModified":"2026-03-12T15:07:21+00:00","description":"Talonario de pedidos autocopiativo con 50 duplicados de 210 x 210 mm. Pr\u00e1ctico, numerado, con impresi\u00f3n en azul y rojo para un uso profesional fluido y organizado.","breadcrumb":{"@id":"https:\/\/www.csj-emballages.com\/es\/produit\/talonario-de-pedidos-50-dupli-210-x-210-mm\/#breadcrumb"},"inLanguage":"es","potentialAction":[{"@type":"ReadAction","target":["https:\/\/www.csj-emballages.com\/es\/produit\/talonario-de-pedidos-50-dupli-210-x-210-mm\/"]}]},{"@type":"ImageObject","inLanguage":"es","@id":"https:\/\/www.csj-emballages.com\/es\/produit\/talonario-de-pedidos-50-dupli-210-x-210-mm\/#primaryimage","url":"https:\/\/www.csj-emballages.com\/wp-content\/uploads\/2024\/03\/2109.webp","contentUrl":"https:\/\/www.csj-emballages.com\/wp-content\/uploads\/2024\/03\/2109.webp","width":800,"height":800,"caption":"Carnet de commande"},{"@type":"BreadcrumbList","@id":"https:\/\/www.csj-emballages.com\/es\/produit\/talonario-de-pedidos-50-dupli-210-x-210-mm\/#breadcrumb","itemListElement":[{"@type":"ListItem","position":1,"name":"Accueil","item":"https:\/\/www.csj-emballages.com\/es\/universo-del-envasado-alimentario\/"},{"@type":"ListItem","position":2,"name":"Tienda","item":"https:\/\/www.csj-emballages.com\/tienda\/"},{"@type":"ListItem","position":3,"name":"Talonario de pedidos 50 dupli 210 x 210 mm"}]},{"@type":"WebSite","@id":"https:\/\/www.csj-emballages.com\/es\/#website","url":"https:\/\/www.csj-emballages.com\/es\/","name":"CSJ Emballages","description":"","publisher":{"@id":"https:\/\/www.csj-emballages.com\/es\/#organization"},"potentialAction":[{"@type":"SearchAction","target":{"@type":"EntryPoint","urlTemplate":"https:\/\/www.csj-emballages.com\/es\/?s={search_term_string}"},"query-input":{"@type":"PropertyValueSpecification","valueRequired":true,"valueName":"search_term_string"}}],"inLanguage":"es"},{"@type":"Organization","@id":"https:\/\/www.csj-emballages.com\/es\/#Organization\/","name":"CSJ Emballages","url":"https:\/\/www.csj-emballages.com\/es\/","logo":{"@type":"ImageObject","inLanguage":"es","@id":"https:\/\/www.csj-emballages.com\/es\/#\/schema\/logo\/image\/","url":"https:\/\/www.csj-emballages.com\/wp-content\/uploads\/2023\/10\/logo_csj.webp","contentUrl":"https:\/\/www.csj-emballages.com\/wp-content\/uploads\/2023\/10\/logo_csj.webp","width":250,"height":95,"caption":"CSJ Emballages"},"image":{"@id":"https:\/\/www.csj-emballages.com\/es\/#\/schema\/logo\/image\/"},"sameAs":["https:\/\/www.facebook.com\/csjemballages"],"address":{"@type":"PostalAddress","streetAddress":"ZI La Lechere","addressLocality":"Patornay","postalCode":"39130","addressCountry":"FR"},"contactPoint":[{"@type":"ContactPoint","contactType":"Service client","telephone":"0384254272","email":"contact@csj-emballages.com"}]}]}},"df_price":6.4,"df_sale_price":"","df_regular_price":6.4,"df_image_link":"https:\/\/www.csj-emballages.com\/wp-content\/uploads\/2024\/03\/2109-300x300.webp","tiered_pricing_type":"fixed","tiered_pricing_fixed_rules":[],"tiered_pricing_percentage_rules":[],"tiered_pricing_minimum":1,"tiered_pricing_roles_data":[],"_links":{"self":[{"href":"https:\/\/www.csj-emballages.com\/es\/wp-json\/wp\/v2\/product\/18807","targetHints":{"allow":["GET"]}}],"collection":[{"href":"https:\/\/www.csj-emballages.com\/es\/wp-json\/wp\/v2\/product"}],"about":[{"href":"https:\/\/www.csj-emballages.com\/es\/wp-json\/wp\/v2\/types\/product"}],"wp:featuredmedia":[{"embeddable":true,"href":"https:\/\/www.csj-emballages.com\/es\/wp-json\/wp\/v2\/media\/231607"}],"wp:attachment":[{"href":"https:\/\/www.csj-emballages.com\/es\/wp-json\/wp\/v2\/media?parent=18807"}],"wp:term":[{"taxonomy":"product_brand","embeddable":true,"href":"https:\/\/www.csj-emballages.com\/es\/wp-json\/wp\/v2\/product_brand?post=18807"},{"taxonomy":"product_cat","embeddable":true,"href":"https:\/\/www.csj-emballages.com\/es\/wp-json\/wp\/v2\/product_cat?post=18807"},{"taxonomy":"product_tag","embeddable":true,"href":"https:\/\/www.csj-emballages.com\/es\/wp-json\/wp\/v2\/product_tag?post=18807"}],"curies":[{"name":"wp","href":"https:\/\/api.w.org\/{rel}","templated":true}]}}