{"id":18801,"date":"2024-03-01T16:59:19","date_gmt":"2024-03-01T15:59:19","guid":{"rendered":"https:\/\/u15jnbdpoq.preview.infomaniak.website\/produit\/cuaderno-autocopiativo-210-x-140-mm-elve\/"},"modified":"2026-04-16T02:10:31","modified_gmt":"2026-04-16T00:10:31","slug":"cuaderno-autocopiativo-210-x-140-mm-elve","status":"publish","type":"product","link":"https:\/\/www.csj-emballages.com\/es\/produit\/cuaderno-autocopiativo-210-x-140-mm-elve\/","title":{"rendered":"Talonario de facturas autocopiativo 210 x 140 mm ELVE"},"content":{"rendered":"<h2 class=\"p1\">Libro de facturas\/cotizaciones<span class=\"Apple-converted-space\"> <\/span><\/h2>\n<hr>\n<h3>Descripci\u00f3n de nuestro talonario de facturas autoadhesivo 210 x 140 mm ELVE<\/h3>\n<p><!--more--><\/p>\n<div class=\"flex-shrink-0 flex flex-col relative items-end\">\n<div class=\"pt-0.5 juice:pt-0\">\n<div class=\"gizmo-bot-avatar flex h-6 w-6 items-center justify-center overflow-hidden rounded-full juice:h-8 juice:w-8\">\n<div class=\"relative p-1 rounded-sm flex items-center justify-center bg-token-main-surface-primary text-token-text-primary h-8 w-8\">\n<p class=\"\" data-start=\"339\" data-end=\"693\">Dise\u00f1ado para satisfacer las necesidades espec\u00edficas de los <strong>empresarios aut\u00f3nomos y los microempresarios<\/strong>, este <strong>talonario de facturas y presupuestos autocopiativos ELVE<\/strong> es una herramienta esencial para gestionar su negocio con total conformidad. Con unas dimensiones <strong>de 210 x 140 mm<\/strong>, cabe f\u00e1cilmente en un bolso o una cartera, por lo que es perfecto para viajar y trabajar sobre el terreno. <\/p>\n<p class=\"\" data-start=\"695\" data-end=\"1046\">Contiene <strong data-start=\"707\" data-end=\"746\">50 hojas duplicadas numeradas<\/strong>, para que pueda conservar una copia para usted y entregar otra a su cliente. La <strong data-start=\"835\" data-end=\"858\">primera hoja CB<\/strong><strong>(papel blanco de 56<\/strong><strong>g\/m\u00b2<\/strong>) est\u00e1 impresa en <strong data-start=\"896\" data-end=\"911\">tinta azul<\/strong>, mientras que la <strong data-start=\"927\" data-end=\"949\">segunda hoja CF<\/strong><strong>(papel rosa de 57 g\/m\u00b2<\/strong>) est\u00e1 impresa en <strong data-start=\"978\" data-end=\"993\">tinta roja<\/strong>, para facilitar la lectura y una organizaci\u00f3n clara. <\/p>\n<p class=\"\" data-start=\"1048\" data-end=\"1387\">Este cuaderno cumple con <strong data-start=\"1067\" data-end=\"1105\">las obligaciones legales vigentes<\/strong> para los autoempresarios, en particular las derivadas de la ley LME de 4 de agosto de 2008 y sus modificaciones, as\u00ed como de la ley n\u00ba 2014-626 de 18 de junio de 2014. Incluye el <strong data-start=\"1270\" data-end=\"1312\">n\u00famero SIREN obligatorio<\/strong>, lo que lo hace perfectamente conforme para cualquier actividad profesional. <\/p>\n<p class=\"\" data-start=\"1389\" data-end=\"1618\">En resumen, f\u00e1cil de rellenar, pr\u00e1ctico y fiable, este <strong>cuaderno<\/strong> le permite emitir documentos claros y profesionales sin tener que utilizar herramientas digitales. Es sencillo, r\u00e1pido y siempre est\u00e1 listo. <\/p>\n<p data-start=\"1389\" data-end=\"1618\">\n<\/div>\n<\/div>\n<\/div>\n<\/div>\n<p><!--more--><\/p>\n<p><strong>Sus ventajas:<\/strong><\/p>\n<ul>\n<li>Cumple la legislaci\u00f3n vigente sobre autoempresarios.<\/li>\n<li>Formato pr\u00e1ctico y f\u00e1cil de transportar (210 x 140 mm).<\/li>\n<li>50 duplicados numerados para una mejor organizaci\u00f3n.<\/li>\n<li>Hojas diferenciadas (azul\/rojo) para una claridad \u00f3ptima.<\/li>\n<li>Ideal para facturas o presupuestos sobre el terreno.<\/li>\n<\/ul>\n<p>&nbsp;<\/p>\n<p><!--more--><\/p>\n<h4>Informaci\u00f3n adicional :<\/h4>\n<ul>\n<li><strong>Embalaje<\/strong>: Se vende individualmente<\/li>\n<li><strong>Dimensiones<\/strong>: 210 x 140 (L x A en mm).<\/li>\n<li><strong>N\u00famero de hojas<\/strong>: 50<\/li>\n<li><strong>Material<\/strong>: Papel<\/li>\n<\/ul>\n<p>&nbsp;<\/p>\n<p><!--more--><\/p>\n<p>Haga clic aqu\u00ed para ver nuestro cuaderno autocopiativo 50 dupli 140 x 105 mm: <span style=\"color: #d12727\"><a style=\"color: #d12727\" href=\"https:\/\/www.csj-emballages.com\/produit\/carnet-autocopiant-50-dupli-140-x-105-mm\/\">2129<\/a><\/span><\/p>\n<p>&nbsp;<\/p>\n<p><!--more--><\/p>\n<p><a href=\"https:\/\/www.csj-emballages.com\/es\/categorie-produit\/envasado-de-alimentos\/tienda-y-almacen\/papeleria-y-pequeno-material\/cuadernos\/\">Ver el resto de nuestra gama de cuadernos<\/a><\/p>\n","protected":false},"excerpt":{"rendered":"<p>Libro de facturas\/cotizaciones Descripci\u00f3n de nuestro talonario de facturas autoadhesivo 210 x 140 mm ELVE<\/p>\n","protected":false},"featured_media":231538,"template":"","meta":{"_acf_changed":false},"product_brand":[],"product_cat":[1488,1931,1946,1935],"product_tag":[],"class_list":{"0":"post-18801","1":"product","2":"type-product","3":"status-publish","4":"has-post-thumbnail","6":"product_cat-tienda-y-almacen","7":"product_cat-papeleria-y-pequeno-material","8":"product_cat-cuadernos-autocopiativos","9":"product_cat-libros-de-facturas-facturadores","11":"first","12":"instock","13":"taxable","14":"shipping-taxable","15":"purchasable","16":"product-type-simple"},"acf":[],"yoast_head":"<!-- This site is optimized with the Yoast SEO Premium plugin v26.6 (Yoast SEO v26.6) - https:\/\/yoast.com\/wordpress\/plugins\/seo\/ -->\n<title>Libro de Facturas \/ Presupuestos - Autocopiant Auto-Entrepreneurs<\/title>\n<meta name=\"description\" content=\"Talonario de facturas\/presupuestos autocopiativos ELVE 210 x 140 mm, conforme a la legislaci\u00f3n sobre autoempresarios. 50 duplicados numerados, formato pr\u00e1ctico.\" \/>\n<meta name=\"robots\" content=\"index, follow, max-snippet:-1, max-image-preview:large, max-video-preview:-1\" \/>\n<link rel=\"canonical\" href=\"https:\/\/www.csj-emballages.com\/es\/produit\/cuaderno-autocopiativo-210-x-140-mm-elve\/\" \/>\n<meta property=\"og:locale\" content=\"es_ES\" \/>\n<meta property=\"og:type\" content=\"article\" \/>\n<meta property=\"og:title\" content=\"Talonario de facturas autocopiativo 210 x 140 mm ELVE\" \/>\n<meta property=\"og:description\" content=\"Talonario de facturas\/presupuestos autocopiativos ELVE 210 x 140 mm, conforme a la legislaci\u00f3n sobre autoempresarios. 50 duplicados numerados, formato pr\u00e1ctico.\" \/>\n<meta property=\"og:url\" content=\"https:\/\/www.csj-emballages.com\/es\/produit\/cuaderno-autocopiativo-210-x-140-mm-elve\/\" \/>\n<meta property=\"og:site_name\" content=\"CSJ Emballages\" \/>\n<meta property=\"article:publisher\" content=\"https:\/\/www.facebook.com\/csjemballages\" \/>\n<meta property=\"article:modified_time\" content=\"2026-04-16T00:10:31+00:00\" \/>\n<meta property=\"og:image\" content=\"https:\/\/www.csj-emballages.com\/wp-content\/uploads\/2024\/03\/19550.webp\" \/>\n\t<meta property=\"og:image:width\" content=\"800\" \/>\n\t<meta property=\"og:image:height\" content=\"800\" \/>\n\t<meta property=\"og:image:type\" content=\"image\/webp\" \/>\n<meta name=\"twitter:card\" content=\"summary_large_image\" \/>\n<meta name=\"twitter:label1\" content=\"Tiempo de lectura\" \/>\n\t<meta name=\"twitter:data1\" content=\"2 minutos\" \/>\n<script type=\"application\/ld+json\" class=\"yoast-schema-graph\">{\"@context\":\"https:\/\/schema.org\",\"@graph\":[{\"@type\":\"WebPage\",\"@id\":\"https:\/\/www.csj-emballages.com\/es\/produit\/cuaderno-autocopiativo-210-x-140-mm-elve\/\",\"url\":\"https:\/\/www.csj-emballages.com\/es\/produit\/cuaderno-autocopiativo-210-x-140-mm-elve\/\",\"name\":\"Libro de Facturas \/ Presupuestos - Autocopiant Auto-Entrepreneurs\",\"isPartOf\":{\"@id\":\"https:\/\/www.csj-emballages.com\/es\/#website\"},\"primaryImageOfPage\":{\"@id\":\"https:\/\/www.csj-emballages.com\/es\/produit\/cuaderno-autocopiativo-210-x-140-mm-elve\/#primaryimage\"},\"image\":{\"@id\":\"https:\/\/www.csj-emballages.com\/es\/produit\/cuaderno-autocopiativo-210-x-140-mm-elve\/#primaryimage\"},\"thumbnailUrl\":\"https:\/\/www.csj-emballages.com\/wp-content\/uploads\/2024\/03\/19550.webp\",\"datePublished\":\"2024-03-01T15:59:19+00:00\",\"dateModified\":\"2026-04-16T00:10:31+00:00\",\"description\":\"Talonario de facturas\/presupuestos autocopiativos ELVE 210 x 140 mm, conforme a la legislaci\u00f3n sobre autoempresarios. 50 duplicados numerados, formato pr\u00e1ctico.\",\"breadcrumb\":{\"@id\":\"https:\/\/www.csj-emballages.com\/es\/produit\/cuaderno-autocopiativo-210-x-140-mm-elve\/#breadcrumb\"},\"inLanguage\":\"es\",\"potentialAction\":[{\"@type\":\"ReadAction\",\"target\":[\"https:\/\/www.csj-emballages.com\/es\/produit\/cuaderno-autocopiativo-210-x-140-mm-elve\/\"]}]},{\"@type\":\"ImageObject\",\"inLanguage\":\"es\",\"@id\":\"https:\/\/www.csj-emballages.com\/es\/produit\/cuaderno-autocopiativo-210-x-140-mm-elve\/#primaryimage\",\"url\":\"https:\/\/www.csj-emballages.com\/wp-content\/uploads\/2024\/03\/19550.webp\",\"contentUrl\":\"https:\/\/www.csj-emballages.com\/wp-content\/uploads\/2024\/03\/19550.webp\",\"width\":800,\"height\":800,\"caption\":\"Carnet de factures \/ devis\u00a0\"},{\"@type\":\"BreadcrumbList\",\"@id\":\"https:\/\/www.csj-emballages.com\/es\/produit\/cuaderno-autocopiativo-210-x-140-mm-elve\/#breadcrumb\",\"itemListElement\":[{\"@type\":\"ListItem\",\"position\":1,\"name\":\"Accueil\",\"item\":\"https:\/\/www.csj-emballages.com\/es\/universo-del-envasado-alimentario\/\"},{\"@type\":\"ListItem\",\"position\":2,\"name\":\"Tienda\",\"item\":\"https:\/\/www.csj-emballages.com\/tienda\/\"},{\"@type\":\"ListItem\",\"position\":3,\"name\":\"Talonario de facturas autocopiativo 210 x 140 mm ELVE\"}]},{\"@type\":\"WebSite\",\"@id\":\"https:\/\/www.csj-emballages.com\/es\/#website\",\"url\":\"https:\/\/www.csj-emballages.com\/es\/\",\"name\":\"CSJ Emballages\",\"description\":\"\",\"publisher\":{\"@id\":\"https:\/\/www.csj-emballages.com\/es\/#organization\"},\"potentialAction\":[{\"@type\":\"SearchAction\",\"target\":{\"@type\":\"EntryPoint\",\"urlTemplate\":\"https:\/\/www.csj-emballages.com\/es\/?s={search_term_string}\"},\"query-input\":{\"@type\":\"PropertyValueSpecification\",\"valueRequired\":true,\"valueName\":\"search_term_string\"}}],\"inLanguage\":\"es\"},{\"@type\":\"Organization\",\"@id\":\"https:\/\/www.csj-emballages.com\/es\/#Organization\/\",\"name\":\"CSJ Emballages\",\"url\":\"https:\/\/www.csj-emballages.com\/es\/\",\"logo\":{\"@type\":\"ImageObject\",\"inLanguage\":\"es\",\"@id\":\"https:\/\/www.csj-emballages.com\/es\/#\/schema\/logo\/image\/\",\"url\":\"https:\/\/www.csj-emballages.com\/wp-content\/uploads\/2023\/10\/logo_csj.webp\",\"contentUrl\":\"https:\/\/www.csj-emballages.com\/wp-content\/uploads\/2023\/10\/logo_csj.webp\",\"width\":250,\"height\":95,\"caption\":\"CSJ Emballages\"},\"image\":{\"@id\":\"https:\/\/www.csj-emballages.com\/es\/#\/schema\/logo\/image\/\"},\"sameAs\":[\"https:\/\/www.facebook.com\/csjemballages\"],\"address\":{\"@type\":\"PostalAddress\",\"streetAddress\":\"ZI La Lechere\",\"addressLocality\":\"Patornay\",\"postalCode\":\"39130\",\"addressCountry\":\"FR\"},\"contactPoint\":[{\"@type\":\"ContactPoint\",\"contactType\":\"Service client\",\"telephone\":\"0384254272\",\"email\":\"contact@csj-emballages.com\"}]}]}<\/script>\n<!-- \/ Yoast SEO Premium plugin. -->","yoast_head_json":{"title":"Libro de Facturas \/ Presupuestos - Autocopiant Auto-Entrepreneurs","description":"Talonario de facturas\/presupuestos autocopiativos ELVE 210 x 140 mm, conforme a la legislaci\u00f3n sobre autoempresarios. 50 duplicados numerados, formato pr\u00e1ctico.","robots":{"index":"index","follow":"follow","max-snippet":"max-snippet:-1","max-image-preview":"max-image-preview:large","max-video-preview":"max-video-preview:-1"},"canonical":"https:\/\/www.csj-emballages.com\/es\/produit\/cuaderno-autocopiativo-210-x-140-mm-elve\/","og_locale":"es_ES","og_type":"article","og_title":"Talonario de facturas autocopiativo 210 x 140 mm ELVE","og_description":"Talonario de facturas\/presupuestos autocopiativos ELVE 210 x 140 mm, conforme a la legislaci\u00f3n sobre autoempresarios. 50 duplicados numerados, formato pr\u00e1ctico.","og_url":"https:\/\/www.csj-emballages.com\/es\/produit\/cuaderno-autocopiativo-210-x-140-mm-elve\/","og_site_name":"CSJ Emballages","article_publisher":"https:\/\/www.facebook.com\/csjemballages","article_modified_time":"2026-04-16T00:10:31+00:00","og_image":[{"width":800,"height":800,"url":"https:\/\/www.csj-emballages.com\/wp-content\/uploads\/2024\/03\/19550.webp","type":"image\/webp"}],"twitter_card":"summary_large_image","twitter_misc":{"Tiempo de lectura":"2 minutos"},"schema":{"@context":"https:\/\/schema.org","@graph":[{"@type":"WebPage","@id":"https:\/\/www.csj-emballages.com\/es\/produit\/cuaderno-autocopiativo-210-x-140-mm-elve\/","url":"https:\/\/www.csj-emballages.com\/es\/produit\/cuaderno-autocopiativo-210-x-140-mm-elve\/","name":"Libro de Facturas \/ Presupuestos - Autocopiant Auto-Entrepreneurs","isPartOf":{"@id":"https:\/\/www.csj-emballages.com\/es\/#website"},"primaryImageOfPage":{"@id":"https:\/\/www.csj-emballages.com\/es\/produit\/cuaderno-autocopiativo-210-x-140-mm-elve\/#primaryimage"},"image":{"@id":"https:\/\/www.csj-emballages.com\/es\/produit\/cuaderno-autocopiativo-210-x-140-mm-elve\/#primaryimage"},"thumbnailUrl":"https:\/\/www.csj-emballages.com\/wp-content\/uploads\/2024\/03\/19550.webp","datePublished":"2024-03-01T15:59:19+00:00","dateModified":"2026-04-16T00:10:31+00:00","description":"Talonario de facturas\/presupuestos autocopiativos ELVE 210 x 140 mm, conforme a la legislaci\u00f3n sobre autoempresarios. 50 duplicados numerados, formato pr\u00e1ctico.","breadcrumb":{"@id":"https:\/\/www.csj-emballages.com\/es\/produit\/cuaderno-autocopiativo-210-x-140-mm-elve\/#breadcrumb"},"inLanguage":"es","potentialAction":[{"@type":"ReadAction","target":["https:\/\/www.csj-emballages.com\/es\/produit\/cuaderno-autocopiativo-210-x-140-mm-elve\/"]}]},{"@type":"ImageObject","inLanguage":"es","@id":"https:\/\/www.csj-emballages.com\/es\/produit\/cuaderno-autocopiativo-210-x-140-mm-elve\/#primaryimage","url":"https:\/\/www.csj-emballages.com\/wp-content\/uploads\/2024\/03\/19550.webp","contentUrl":"https:\/\/www.csj-emballages.com\/wp-content\/uploads\/2024\/03\/19550.webp","width":800,"height":800,"caption":"Carnet de factures \/ devis\u00a0"},{"@type":"BreadcrumbList","@id":"https:\/\/www.csj-emballages.com\/es\/produit\/cuaderno-autocopiativo-210-x-140-mm-elve\/#breadcrumb","itemListElement":[{"@type":"ListItem","position":1,"name":"Accueil","item":"https:\/\/www.csj-emballages.com\/es\/universo-del-envasado-alimentario\/"},{"@type":"ListItem","position":2,"name":"Tienda","item":"https:\/\/www.csj-emballages.com\/tienda\/"},{"@type":"ListItem","position":3,"name":"Talonario de facturas autocopiativo 210 x 140 mm ELVE"}]},{"@type":"WebSite","@id":"https:\/\/www.csj-emballages.com\/es\/#website","url":"https:\/\/www.csj-emballages.com\/es\/","name":"CSJ Emballages","description":"","publisher":{"@id":"https:\/\/www.csj-emballages.com\/es\/#organization"},"potentialAction":[{"@type":"SearchAction","target":{"@type":"EntryPoint","urlTemplate":"https:\/\/www.csj-emballages.com\/es\/?s={search_term_string}"},"query-input":{"@type":"PropertyValueSpecification","valueRequired":true,"valueName":"search_term_string"}}],"inLanguage":"es"},{"@type":"Organization","@id":"https:\/\/www.csj-emballages.com\/es\/#Organization\/","name":"CSJ Emballages","url":"https:\/\/www.csj-emballages.com\/es\/","logo":{"@type":"ImageObject","inLanguage":"es","@id":"https:\/\/www.csj-emballages.com\/es\/#\/schema\/logo\/image\/","url":"https:\/\/www.csj-emballages.com\/wp-content\/uploads\/2023\/10\/logo_csj.webp","contentUrl":"https:\/\/www.csj-emballages.com\/wp-content\/uploads\/2023\/10\/logo_csj.webp","width":250,"height":95,"caption":"CSJ Emballages"},"image":{"@id":"https:\/\/www.csj-emballages.com\/es\/#\/schema\/logo\/image\/"},"sameAs":["https:\/\/www.facebook.com\/csjemballages"],"address":{"@type":"PostalAddress","streetAddress":"ZI La Lechere","addressLocality":"Patornay","postalCode":"39130","addressCountry":"FR"},"contactPoint":[{"@type":"ContactPoint","contactType":"Service client","telephone":"0384254272","email":"contact@csj-emballages.com"}]}]}},"df_price":6.9,"df_sale_price":"","df_regular_price":6.9,"df_image_link":"https:\/\/www.csj-emballages.com\/wp-content\/uploads\/2024\/03\/19550-300x300.webp","tiered_pricing_type":"fixed","tiered_pricing_fixed_rules":[],"tiered_pricing_percentage_rules":[],"tiered_pricing_minimum":1,"tiered_pricing_roles_data":[],"_links":{"self":[{"href":"https:\/\/www.csj-emballages.com\/es\/wp-json\/wp\/v2\/product\/18801","targetHints":{"allow":["GET"]}}],"collection":[{"href":"https:\/\/www.csj-emballages.com\/es\/wp-json\/wp\/v2\/product"}],"about":[{"href":"https:\/\/www.csj-emballages.com\/es\/wp-json\/wp\/v2\/types\/product"}],"wp:featuredmedia":[{"embeddable":true,"href":"https:\/\/www.csj-emballages.com\/es\/wp-json\/wp\/v2\/media\/231538"}],"wp:attachment":[{"href":"https:\/\/www.csj-emballages.com\/es\/wp-json\/wp\/v2\/media?parent=18801"}],"wp:term":[{"taxonomy":"product_brand","embeddable":true,"href":"https:\/\/www.csj-emballages.com\/es\/wp-json\/wp\/v2\/product_brand?post=18801"},{"taxonomy":"product_cat","embeddable":true,"href":"https:\/\/www.csj-emballages.com\/es\/wp-json\/wp\/v2\/product_cat?post=18801"},{"taxonomy":"product_tag","embeddable":true,"href":"https:\/\/www.csj-emballages.com\/es\/wp-json\/wp\/v2\/product_tag?post=18801"}],"curies":[{"name":"wp","href":"https:\/\/api.w.org\/{rel}","templated":true}]}}