{"id":18796,"date":"2024-03-01T16:59:18","date_gmt":"2024-03-01T15:59:18","guid":{"rendered":"https:\/\/u15jnbdpoq.preview.infomaniak.website\/produit\/talonario-50-dupli-140-x-105-mm-elve\/"},"modified":"2026-04-24T02:10:56","modified_gmt":"2026-04-24T00:10:56","slug":"talonario-50-dupli-140-x-105-mm-elve","status":"publish","type":"product","link":"https:\/\/www.csj-emballages.com\/es\/produit\/talonario-50-dupli-140-x-105-mm-elve\/","title":{"rendered":"Cuaderno de entrega 50 dupli 140 x 105 mm ELVE"},"content":{"rendered":"<h2 class=\"p1\">Albar\u00e1n de entrega<\/h2>\n<hr>\n<h3>Descripci\u00f3n de la entrega cuaderno 50 dupli 140 x 105 mm ELVE<\/h3>\n<p><!--more--><\/p>\n<div class=\"flex-shrink-0 flex flex-col relative items-end\">\n<div class=\"pt-0.5 juice:pt-0\">\n<div class=\"gizmo-bot-avatar flex h-6 w-6 items-center justify-center overflow-hidden rounded-full juice:h-8 juice:w-8\">\n<div class=\"relative p-1 rounded-sm flex items-center justify-center bg-token-main-surface-primary text-token-text-primary h-8 w-8\">\n<p class=\"\" data-start=\"191\" data-end=\"666\">El <strong data-start=\"194\" data-end=\"248\">cuaderno de reparto ELVE 50 duplicados 140 x 105 mm<\/strong> es esencial para los profesionales que desean llevar un registro claro, r\u00e1pido y fiable de cada reparto que realizan. Compacto pero formidablemente eficaz, cabe f\u00e1cilmente en un bolsillo o en la guantera de un veh\u00edculo comercial. Este <strong>cuaderno de reparto autocopiativo<\/strong> est\u00e1 dise\u00f1ado para el uso diario sobre el terreno: contiene <strong data-start=\"592\" data-end=\"631\">50 hojas numeradas por duplicado<\/strong> para un seguimiento sencillo y organizado.  <\/p>\n<p class=\"\" data-start=\"668\" data-end=\"1085\">La primera hoja (CB &#8211; 56 g\/m\u00b2) est\u00e1 impresa en <strong data-start=\"717\" data-end=\"732\">tinta azul<\/strong>, lo que facilita una lectura profesional. Se utilizar\u00e1 para entregar una copia al cliente. La segunda hoja (CF &#8211; 57g\/m\u00b2), impresa en <strong data-start=\"879\" data-end=\"894\">tinta<\/strong> roja, permanece en su <strong>cuaderno<\/strong> para sus registros. Gracias al papel autocopiativo, no necesita papel de calco ni carb\u00f3n: cada escrito se reproduce instant\u00e1neamente en la segunda hoja, con toda claridad.   <\/p>\n<p class=\"\" data-start=\"1087\" data-end=\"1414\">Ideal para entregas de mercanc\u00edas, intervenciones t\u00e9cnicas o servicios, este <strong>albar\u00e1n<\/strong> es una soluci\u00f3n sencilla, r\u00e1pida y eficaz para formalizar cada transacci\u00f3n. ELVE, marca de confianza en el sector de la papeler\u00eda profesional, garantiza adem\u00e1s una rigurosa calidad de fabricaci\u00f3n. <\/p>\n<p class=\"\" data-start=\"1416\" data-end=\"1559\">En resumen, este <strong>cuaderno<\/strong> fiable, claro y bien dise\u00f1ado ayudar\u00e1 a los profesionales de todos los campos a gestionar sus rondas de entregas sin estr\u00e9s.<\/p>\n<p data-start=\"1416\" data-end=\"1559\">\n<\/div>\n<\/div>\n<\/div>\n<\/div>\n<p><!--more--><\/p>\n<p><strong>Sus ventajas:<\/strong><\/p>\n<ul>\n<li>50 hojas duplicadas numeradas.<\/li>\n<li>Su formato compacto de 140 x 105 mm facilita su transporte.<\/li>\n<li>Papel autocopiativo: sin carb\u00f3n, escritura instant\u00e1nea.<\/li>\n<li>La marca ELVE: garant\u00eda de calidad y fiabilidad.<\/li>\n<\/ul>\n<p>&nbsp;<\/p>\n<p><!--more--><\/p>\n<h4>Informaci\u00f3n adicional :<\/h4>\n<ul>\n<li><strong>Embalaje<\/strong>: Se vende individualmente<\/li>\n<li><strong>Dimensiones<\/strong>: 140 x 105 (L x A en mm).<\/li>\n<li><strong>N\u00famero de p\u00e1ginas<\/strong>: 50 d\u00faplex<\/li>\n<li><strong>Material<\/strong>: Papel<\/li>\n<\/ul>\n<p>&nbsp;<\/p>\n<p><!--more--><\/p>\n<p>Encuentre aqu\u00ed el tama\u00f1o m\u00e1s grande de este cuaderno de 210 x 140 mm: <span style=\"color: #d12727\"><a style=\"color: #d12727\" href=\"https:\/\/www.csj-emballages.com\/produit\/carnet-livraison-50-dupli-210-x-140-mm-elve\/\">2107<\/a><\/span><\/p>\n<p>&nbsp;<\/p>\n<p><!--more--><\/p>\n<p><a href=\"https:\/\/www.csj-emballages.com\/es\/categorie-produit\/envasado-de-alimentos\/tienda-y-almacen\/papeleria-y-pequeno-material\/cuadernos\/\">Ver el resto de nuestra gama de cuadernos<\/a><\/p>\n","protected":false},"excerpt":{"rendered":"<p>Albar\u00e1n de entrega Descripci\u00f3n de la entrega cuaderno 50 dupli 140 x 105 mm ELVE<\/p>\n","protected":false},"featured_media":231709,"template":"","meta":{"_acf_changed":false},"product_brand":[],"product_cat":[1488,1931,1945],"product_tag":[],"class_list":{"0":"post-18796","1":"product","2":"type-product","3":"status-publish","4":"has-post-thumbnail","6":"product_cat-tienda-y-almacen","7":"product_cat-papeleria-y-pequeno-material","8":"product_cat-albaranes","10":"first","11":"instock","12":"taxable","13":"shipping-taxable","14":"purchasable","15":"product-type-simple"},"acf":[],"yoast_head":"<!-- This site is optimized with the Yoast SEO Premium plugin v26.6 (Yoast SEO v26.6) - https:\/\/yoast.com\/wordpress\/plugins\/seo\/ -->\n<title>Cuaderno de entrega 50 Dupli 140 x 105 mm ELVE<\/title>\n<meta name=\"description\" content=\"Cuaderno de entrega de duplicados ELVE 50: ideal para realizar un seguimiento fiable y claro de sus entregas. Compacto, autocopiativo y pr\u00e1ctico.\" \/>\n<meta name=\"robots\" content=\"index, follow, max-snippet:-1, max-image-preview:large, max-video-preview:-1\" \/>\n<link rel=\"canonical\" href=\"https:\/\/www.csj-emballages.com\/es\/produit\/talonario-50-dupli-140-x-105-mm-elve\/\" \/>\n<meta property=\"og:locale\" content=\"es_ES\" \/>\n<meta property=\"og:type\" content=\"article\" \/>\n<meta property=\"og:title\" content=\"Cuaderno de entrega 50 dupli 140 x 105 mm ELVE\" \/>\n<meta property=\"og:description\" content=\"Cuaderno de entrega de duplicados ELVE 50: ideal para realizar un seguimiento fiable y claro de sus entregas. Compacto, autocopiativo y pr\u00e1ctico.\" \/>\n<meta property=\"og:url\" content=\"https:\/\/www.csj-emballages.com\/es\/produit\/talonario-50-dupli-140-x-105-mm-elve\/\" \/>\n<meta property=\"og:site_name\" content=\"CSJ Emballages\" \/>\n<meta property=\"article:publisher\" content=\"https:\/\/www.facebook.com\/csjemballages\" \/>\n<meta property=\"article:modified_time\" content=\"2026-04-24T00:10:56+00:00\" \/>\n<meta property=\"og:image\" content=\"https:\/\/www.csj-emballages.com\/wp-content\/uploads\/2024\/03\/2102.webp\" \/>\n\t<meta property=\"og:image:width\" content=\"800\" \/>\n\t<meta property=\"og:image:height\" content=\"800\" \/>\n\t<meta property=\"og:image:type\" content=\"image\/webp\" \/>\n<meta name=\"twitter:card\" content=\"summary_large_image\" \/>\n<meta name=\"twitter:label1\" content=\"Tiempo de lectura\" \/>\n\t<meta name=\"twitter:data1\" content=\"2 minutos\" \/>\n<script type=\"application\/ld+json\" class=\"yoast-schema-graph\">{\"@context\":\"https:\/\/schema.org\",\"@graph\":[{\"@type\":\"WebPage\",\"@id\":\"https:\/\/www.csj-emballages.com\/es\/produit\/talonario-50-dupli-140-x-105-mm-elve\/\",\"url\":\"https:\/\/www.csj-emballages.com\/es\/produit\/talonario-50-dupli-140-x-105-mm-elve\/\",\"name\":\"Cuaderno de entrega 50 Dupli 140 x 105 mm ELVE\",\"isPartOf\":{\"@id\":\"https:\/\/www.csj-emballages.com\/es\/#website\"},\"primaryImageOfPage\":{\"@id\":\"https:\/\/www.csj-emballages.com\/es\/produit\/talonario-50-dupli-140-x-105-mm-elve\/#primaryimage\"},\"image\":{\"@id\":\"https:\/\/www.csj-emballages.com\/es\/produit\/talonario-50-dupli-140-x-105-mm-elve\/#primaryimage\"},\"thumbnailUrl\":\"https:\/\/www.csj-emballages.com\/wp-content\/uploads\/2024\/03\/2102.webp\",\"datePublished\":\"2024-03-01T15:59:18+00:00\",\"dateModified\":\"2026-04-24T00:10:56+00:00\",\"description\":\"Cuaderno de entrega de duplicados ELVE 50: ideal para realizar un seguimiento fiable y claro de sus entregas. Compacto, autocopiativo y pr\u00e1ctico.\",\"breadcrumb\":{\"@id\":\"https:\/\/www.csj-emballages.com\/es\/produit\/talonario-50-dupli-140-x-105-mm-elve\/#breadcrumb\"},\"inLanguage\":\"es\",\"potentialAction\":[{\"@type\":\"ReadAction\",\"target\":[\"https:\/\/www.csj-emballages.com\/es\/produit\/talonario-50-dupli-140-x-105-mm-elve\/\"]}]},{\"@type\":\"ImageObject\",\"inLanguage\":\"es\",\"@id\":\"https:\/\/www.csj-emballages.com\/es\/produit\/talonario-50-dupli-140-x-105-mm-elve\/#primaryimage\",\"url\":\"https:\/\/www.csj-emballages.com\/wp-content\/uploads\/2024\/03\/2102.webp\",\"contentUrl\":\"https:\/\/www.csj-emballages.com\/wp-content\/uploads\/2024\/03\/2102.webp\",\"width\":800,\"height\":800,\"caption\":\"Carnet de livraison\"},{\"@type\":\"BreadcrumbList\",\"@id\":\"https:\/\/www.csj-emballages.com\/es\/produit\/talonario-50-dupli-140-x-105-mm-elve\/#breadcrumb\",\"itemListElement\":[{\"@type\":\"ListItem\",\"position\":1,\"name\":\"Accueil\",\"item\":\"https:\/\/www.csj-emballages.com\/es\/universo-del-envasado-alimentario\/\"},{\"@type\":\"ListItem\",\"position\":2,\"name\":\"Tienda\",\"item\":\"https:\/\/www.csj-emballages.com\/tienda\/\"},{\"@type\":\"ListItem\",\"position\":3,\"name\":\"Cuaderno de entrega 50 dupli 140 x 105 mm ELVE\"}]},{\"@type\":\"WebSite\",\"@id\":\"https:\/\/www.csj-emballages.com\/es\/#website\",\"url\":\"https:\/\/www.csj-emballages.com\/es\/\",\"name\":\"CSJ Emballages\",\"description\":\"\",\"publisher\":{\"@id\":\"https:\/\/www.csj-emballages.com\/es\/#organization\"},\"potentialAction\":[{\"@type\":\"SearchAction\",\"target\":{\"@type\":\"EntryPoint\",\"urlTemplate\":\"https:\/\/www.csj-emballages.com\/es\/?s={search_term_string}\"},\"query-input\":{\"@type\":\"PropertyValueSpecification\",\"valueRequired\":true,\"valueName\":\"search_term_string\"}}],\"inLanguage\":\"es\"},{\"@type\":\"Organization\",\"@id\":\"https:\/\/www.csj-emballages.com\/es\/#Organization\/\",\"name\":\"CSJ Emballages\",\"url\":\"https:\/\/www.csj-emballages.com\/es\/\",\"logo\":{\"@type\":\"ImageObject\",\"inLanguage\":\"es\",\"@id\":\"https:\/\/www.csj-emballages.com\/es\/#\/schema\/logo\/image\/\",\"url\":\"https:\/\/www.csj-emballages.com\/wp-content\/uploads\/2023\/10\/logo_csj.webp\",\"contentUrl\":\"https:\/\/www.csj-emballages.com\/wp-content\/uploads\/2023\/10\/logo_csj.webp\",\"width\":250,\"height\":95,\"caption\":\"CSJ Emballages\"},\"image\":{\"@id\":\"https:\/\/www.csj-emballages.com\/es\/#\/schema\/logo\/image\/\"},\"sameAs\":[\"https:\/\/www.facebook.com\/csjemballages\"],\"address\":{\"@type\":\"PostalAddress\",\"streetAddress\":\"ZI La Lechere\",\"addressLocality\":\"Patornay\",\"postalCode\":\"39130\",\"addressCountry\":\"FR\"},\"contactPoint\":[{\"@type\":\"ContactPoint\",\"contactType\":\"Service client\",\"telephone\":\"0384254272\",\"email\":\"contact@csj-emballages.com\"}]}]}<\/script>\n<!-- \/ Yoast SEO Premium plugin. -->","yoast_head_json":{"title":"Cuaderno de entrega 50 Dupli 140 x 105 mm ELVE","description":"Cuaderno de entrega de duplicados ELVE 50: ideal para realizar un seguimiento fiable y claro de sus entregas. Compacto, autocopiativo y pr\u00e1ctico.","robots":{"index":"index","follow":"follow","max-snippet":"max-snippet:-1","max-image-preview":"max-image-preview:large","max-video-preview":"max-video-preview:-1"},"canonical":"https:\/\/www.csj-emballages.com\/es\/produit\/talonario-50-dupli-140-x-105-mm-elve\/","og_locale":"es_ES","og_type":"article","og_title":"Cuaderno de entrega 50 dupli 140 x 105 mm ELVE","og_description":"Cuaderno de entrega de duplicados ELVE 50: ideal para realizar un seguimiento fiable y claro de sus entregas. Compacto, autocopiativo y pr\u00e1ctico.","og_url":"https:\/\/www.csj-emballages.com\/es\/produit\/talonario-50-dupli-140-x-105-mm-elve\/","og_site_name":"CSJ Emballages","article_publisher":"https:\/\/www.facebook.com\/csjemballages","article_modified_time":"2026-04-24T00:10:56+00:00","og_image":[{"width":800,"height":800,"url":"https:\/\/www.csj-emballages.com\/wp-content\/uploads\/2024\/03\/2102.webp","type":"image\/webp"}],"twitter_card":"summary_large_image","twitter_misc":{"Tiempo de lectura":"2 minutos"},"schema":{"@context":"https:\/\/schema.org","@graph":[{"@type":"WebPage","@id":"https:\/\/www.csj-emballages.com\/es\/produit\/talonario-50-dupli-140-x-105-mm-elve\/","url":"https:\/\/www.csj-emballages.com\/es\/produit\/talonario-50-dupli-140-x-105-mm-elve\/","name":"Cuaderno de entrega 50 Dupli 140 x 105 mm ELVE","isPartOf":{"@id":"https:\/\/www.csj-emballages.com\/es\/#website"},"primaryImageOfPage":{"@id":"https:\/\/www.csj-emballages.com\/es\/produit\/talonario-50-dupli-140-x-105-mm-elve\/#primaryimage"},"image":{"@id":"https:\/\/www.csj-emballages.com\/es\/produit\/talonario-50-dupli-140-x-105-mm-elve\/#primaryimage"},"thumbnailUrl":"https:\/\/www.csj-emballages.com\/wp-content\/uploads\/2024\/03\/2102.webp","datePublished":"2024-03-01T15:59:18+00:00","dateModified":"2026-04-24T00:10:56+00:00","description":"Cuaderno de entrega de duplicados ELVE 50: ideal para realizar un seguimiento fiable y claro de sus entregas. Compacto, autocopiativo y pr\u00e1ctico.","breadcrumb":{"@id":"https:\/\/www.csj-emballages.com\/es\/produit\/talonario-50-dupli-140-x-105-mm-elve\/#breadcrumb"},"inLanguage":"es","potentialAction":[{"@type":"ReadAction","target":["https:\/\/www.csj-emballages.com\/es\/produit\/talonario-50-dupli-140-x-105-mm-elve\/"]}]},{"@type":"ImageObject","inLanguage":"es","@id":"https:\/\/www.csj-emballages.com\/es\/produit\/talonario-50-dupli-140-x-105-mm-elve\/#primaryimage","url":"https:\/\/www.csj-emballages.com\/wp-content\/uploads\/2024\/03\/2102.webp","contentUrl":"https:\/\/www.csj-emballages.com\/wp-content\/uploads\/2024\/03\/2102.webp","width":800,"height":800,"caption":"Carnet de livraison"},{"@type":"BreadcrumbList","@id":"https:\/\/www.csj-emballages.com\/es\/produit\/talonario-50-dupli-140-x-105-mm-elve\/#breadcrumb","itemListElement":[{"@type":"ListItem","position":1,"name":"Accueil","item":"https:\/\/www.csj-emballages.com\/es\/universo-del-envasado-alimentario\/"},{"@type":"ListItem","position":2,"name":"Tienda","item":"https:\/\/www.csj-emballages.com\/tienda\/"},{"@type":"ListItem","position":3,"name":"Cuaderno de entrega 50 dupli 140 x 105 mm ELVE"}]},{"@type":"WebSite","@id":"https:\/\/www.csj-emballages.com\/es\/#website","url":"https:\/\/www.csj-emballages.com\/es\/","name":"CSJ Emballages","description":"","publisher":{"@id":"https:\/\/www.csj-emballages.com\/es\/#organization"},"potentialAction":[{"@type":"SearchAction","target":{"@type":"EntryPoint","urlTemplate":"https:\/\/www.csj-emballages.com\/es\/?s={search_term_string}"},"query-input":{"@type":"PropertyValueSpecification","valueRequired":true,"valueName":"search_term_string"}}],"inLanguage":"es"},{"@type":"Organization","@id":"https:\/\/www.csj-emballages.com\/es\/#Organization\/","name":"CSJ Emballages","url":"https:\/\/www.csj-emballages.com\/es\/","logo":{"@type":"ImageObject","inLanguage":"es","@id":"https:\/\/www.csj-emballages.com\/es\/#\/schema\/logo\/image\/","url":"https:\/\/www.csj-emballages.com\/wp-content\/uploads\/2023\/10\/logo_csj.webp","contentUrl":"https:\/\/www.csj-emballages.com\/wp-content\/uploads\/2023\/10\/logo_csj.webp","width":250,"height":95,"caption":"CSJ Emballages"},"image":{"@id":"https:\/\/www.csj-emballages.com\/es\/#\/schema\/logo\/image\/"},"sameAs":["https:\/\/www.facebook.com\/csjemballages"],"address":{"@type":"PostalAddress","streetAddress":"ZI La Lechere","addressLocality":"Patornay","postalCode":"39130","addressCountry":"FR"},"contactPoint":[{"@type":"ContactPoint","contactType":"Service client","telephone":"0384254272","email":"contact@csj-emballages.com"}]}]}},"df_price":2.11,"df_sale_price":"","df_regular_price":2.11,"df_image_link":"https:\/\/www.csj-emballages.com\/wp-content\/uploads\/2024\/03\/2102-300x300.webp","tiered_pricing_type":"fixed","tiered_pricing_fixed_rules":[],"tiered_pricing_percentage_rules":[],"tiered_pricing_minimum":1,"tiered_pricing_roles_data":[],"_links":{"self":[{"href":"https:\/\/www.csj-emballages.com\/es\/wp-json\/wp\/v2\/product\/18796","targetHints":{"allow":["GET"]}}],"collection":[{"href":"https:\/\/www.csj-emballages.com\/es\/wp-json\/wp\/v2\/product"}],"about":[{"href":"https:\/\/www.csj-emballages.com\/es\/wp-json\/wp\/v2\/types\/product"}],"wp:featuredmedia":[{"embeddable":true,"href":"https:\/\/www.csj-emballages.com\/es\/wp-json\/wp\/v2\/media\/231709"}],"wp:attachment":[{"href":"https:\/\/www.csj-emballages.com\/es\/wp-json\/wp\/v2\/media?parent=18796"}],"wp:term":[{"taxonomy":"product_brand","embeddable":true,"href":"https:\/\/www.csj-emballages.com\/es\/wp-json\/wp\/v2\/product_brand?post=18796"},{"taxonomy":"product_cat","embeddable":true,"href":"https:\/\/www.csj-emballages.com\/es\/wp-json\/wp\/v2\/product_cat?post=18796"},{"taxonomy":"product_tag","embeddable":true,"href":"https:\/\/www.csj-emballages.com\/es\/wp-json\/wp\/v2\/product_tag?post=18796"}],"curies":[{"name":"wp","href":"https:\/\/api.w.org\/{rel}","templated":true}]}}