{"id":18785,"date":"2024-03-01T16:59:19","date_gmt":"2024-03-01T15:59:19","guid":{"rendered":"https:\/\/u15jnbdpoq.preview.infomaniak.website\/produit\/200-toallitas-desinfectantes-sin-aclarado-para-alimentos\/"},"modified":"2026-03-12T16:07:11","modified_gmt":"2026-03-12T15:07:11","slug":"200-toallitas-desinfectantes-sin-aclarado-para-alimentos","status":"publish","type":"product","link":"https:\/\/www.csj-emballages.com\/es\/produit\/200-toallitas-desinfectantes-sin-aclarado-para-alimentos\/","title":{"rendered":"Toallitas desinfectantes sin aclarado, paquete de 200"},"content":{"rendered":"<h2 class=\"p1\">Toallita desinfectante<\/h2>\n<hr>\n<h3>Descripci\u00f3n de nuestra toallita desinfectante de alimentos sin aclarado \u201cdeterquat al\u201d, paquete de 200<\/h3>\n<p><!--more--><\/p>\n<p class=\"\" data-start=\"238\" data-end=\"725\">La <strong>toallita desinfectante alimentaria sin aclarado<\/strong> <strong data-start=\"289\" data-end=\"305\">Deterquat<\/strong> AL es la herramienta indispensable para los profesionales de la restauraci\u00f3n: restauradores, hosteleros, empresas de catering, panaderos, pasteleros&#8230; pero tambi\u00e9n para los particulares que desean una higiene impecable en sus cocinas. Listo para usar, limpia r\u00e1pida y eficazmente todas las superficies en contacto con los alimentos: superficies de trabajo, utensilios, balanzas, vitrinas, mesas de preparaci\u00f3n, etc. <g id=\"gid_2\">La toallita desinfectante<\/g> <g id=\"gid_3\">Deterquat AL<\/g> elimina r\u00e1pidamente las bacterias, levaduras y moho, dejando las superficies limpias y sin manchas. Sin perfume ni colorantes, cumple las normas de higiene y <strong data-start=\"1019\" data-end=\"1035\">no necesita aclarado<\/strong>, por lo que ahorrar\u00e1 un tiempo precioso cada d\u00eda.  <\/p>\n<p class=\"\" data-start=\"1094\" data-end=\"1334\">Envasadas en <strong>cajas de<\/strong> <strong>200 toallitas<\/strong>, son ideales para un uso regular en un entorno profesional exigente. Compacta y resellable, la caja es f\u00e1cil de transportar y mantiene las toallitas h\u00famedas durante m\u00e1s tiempo. <\/p>\n<p class=\"\" data-start=\"1336\" data-end=\"1637\">Tanto si las utiliza en la cocina, en el comedor, en un cami\u00f3n de comida o incluso en casa, <strong>las toallitas Deterquat AL<\/strong> son <strong data-start=\"1455\" data-end=\"1492\">pr\u00e1cticas, eficaces y seguras<\/strong>. Porque la limpieza no deja nada al azar, deposite su confianza en una soluci\u00f3n profesional dise\u00f1ada para las limitaciones del campo. <\/p>\n<p>&nbsp;<\/p>\n<p><!--more--><\/p>\n<h4>Instrucciones de uso :<\/h4>\n<ul>\n<li>Pulveriza el producto puro<\/li>\n<li>D\u00e9jalo el tiempo necesario<\/li>\n<li>L\u00edmpialo con un pa\u00f1o limpio<\/li>\n<li>No necesita aclarado<\/li>\n<\/ul>\n<p>&nbsp;<\/p>\n<p><!--more--><\/p>\n<h4>Informaci\u00f3n adicional :<\/h4>\n<ul>\n<li><strong>Embalaje<\/strong>: Caja de 200<\/li>\n<li><strong>Uso<\/strong>: Desinfectante de superficies alimentarias<\/li>\n<\/ul>\n<p>&nbsp;<\/p>\n<p><!--more--><\/p>\n<p>Descubra aqu\u00ed nuestro Detergente AL en bid\u00f3n: <span style=\"color: #d12727\"><a style=\"color: #d12727\" href=\"https:\/\/www.csj-emballages.com\/es\/produit\/desinfectante-alimentario-deterquat-al-sin-aclarado-en-5-litros\/\">Desinfectante 5L AL lata <\/a><\/span> <\/p>\n<p>&nbsp;<\/p>\n<p><!--more--><\/p>\n<p><a href=\"https:\/\/www.csj-emballages.com\/es\/categorie-produit\/higiene-y-mantenimiento\/productos-de-limpieza\/cocina\/\">Ver el resto de nuestra gama de productos para el cuidado de la cocina<\/a><\/p>\n","protected":false},"excerpt":{"rendered":"<p>Toallita desinfectante Descripci\u00f3n de nuestra toallita desinfectante de alimentos sin aclarado \u201cdeterquat al\u201d, paquete de 200<\/p>\n","protected":false},"featured_media":233154,"template":"","meta":{"_acf_changed":false},"product_brand":[],"product_cat":[1226,1227,1355],"product_tag":[],"class_list":{"0":"post-18785","1":"product","2":"type-product","3":"status-publish","4":"has-post-thumbnail","6":"product_cat-higiene-y-mantenimiento","7":"product_cat-productos-de-limpieza","8":"product_cat-cocina","10":"first","11":"outofstock","12":"taxable","13":"shipping-taxable","14":"purchasable","15":"product-type-simple"},"acf":[],"yoast_head":"<!-- This site is optimized with the Yoast SEO Premium plugin v26.6 (Yoast SEO v26.6) - https:\/\/yoast.com\/wordpress\/plugins\/seo\/ -->\n<title>Toallita desinfectante de alimentos sin aclarado Deterquat Al<\/title>\n<meta name=\"description\" content=\"Deterquat AL toallitas desinfectantes de alimentos sin aclarado (x200): limpie las superficies de su cocina de forma r\u00e1pida, eficaz y segura.\" \/>\n<meta name=\"robots\" content=\"index, follow, max-snippet:-1, max-image-preview:large, max-video-preview:-1\" \/>\n<link rel=\"canonical\" href=\"https:\/\/www.csj-emballages.com\/es\/produit\/200-toallitas-desinfectantes-sin-aclarado-para-alimentos\/\" \/>\n<meta property=\"og:locale\" content=\"es_ES\" \/>\n<meta property=\"og:type\" content=\"article\" \/>\n<meta property=\"og:title\" content=\"Toallitas desinfectantes sin aclarado, paquete de 200\" \/>\n<meta property=\"og:description\" content=\"Deterquat AL toallitas desinfectantes de alimentos sin aclarado (x200): limpie las superficies de su cocina de forma r\u00e1pida, eficaz y segura.\" \/>\n<meta property=\"og:url\" content=\"https:\/\/www.csj-emballages.com\/es\/produit\/200-toallitas-desinfectantes-sin-aclarado-para-alimentos\/\" \/>\n<meta property=\"og:site_name\" content=\"CSJ Emballages\" \/>\n<meta property=\"article:publisher\" content=\"https:\/\/www.facebook.com\/csjemballages\" \/>\n<meta property=\"article:modified_time\" content=\"2026-03-12T15:07:11+00:00\" \/>\n<meta property=\"og:image\" content=\"https:\/\/www.csj-emballages.com\/wp-content\/uploads\/2024\/03\/1976LIN.webp\" \/>\n\t<meta property=\"og:image:width\" content=\"800\" \/>\n\t<meta property=\"og:image:height\" content=\"800\" \/>\n\t<meta property=\"og:image:type\" content=\"image\/webp\" \/>\n<meta name=\"twitter:card\" content=\"summary_large_image\" \/>\n<meta name=\"twitter:label1\" content=\"Tiempo de lectura\" \/>\n\t<meta name=\"twitter:data1\" content=\"1 minuto\" \/>\n<script type=\"application\/ld+json\" class=\"yoast-schema-graph\">{\"@context\":\"https:\/\/schema.org\",\"@graph\":[{\"@type\":\"WebPage\",\"@id\":\"https:\/\/www.csj-emballages.com\/es\/produit\/200-toallitas-desinfectantes-sin-aclarado-para-alimentos\/\",\"url\":\"https:\/\/www.csj-emballages.com\/es\/produit\/200-toallitas-desinfectantes-sin-aclarado-para-alimentos\/\",\"name\":\"Toallita desinfectante de alimentos sin aclarado Deterquat Al\",\"isPartOf\":{\"@id\":\"https:\/\/www.csj-emballages.com\/es\/#website\"},\"primaryImageOfPage\":{\"@id\":\"https:\/\/www.csj-emballages.com\/es\/produit\/200-toallitas-desinfectantes-sin-aclarado-para-alimentos\/#primaryimage\"},\"image\":{\"@id\":\"https:\/\/www.csj-emballages.com\/es\/produit\/200-toallitas-desinfectantes-sin-aclarado-para-alimentos\/#primaryimage\"},\"thumbnailUrl\":\"https:\/\/www.csj-emballages.com\/wp-content\/uploads\/2024\/03\/1976LIN.webp\",\"datePublished\":\"2024-03-01T15:59:19+00:00\",\"dateModified\":\"2026-03-12T15:07:11+00:00\",\"description\":\"Deterquat AL toallitas desinfectantes de alimentos sin aclarado (x200): limpie las superficies de su cocina de forma r\u00e1pida, eficaz y segura.\",\"breadcrumb\":{\"@id\":\"https:\/\/www.csj-emballages.com\/es\/produit\/200-toallitas-desinfectantes-sin-aclarado-para-alimentos\/#breadcrumb\"},\"inLanguage\":\"es\",\"potentialAction\":[{\"@type\":\"ReadAction\",\"target\":[\"https:\/\/www.csj-emballages.com\/es\/produit\/200-toallitas-desinfectantes-sin-aclarado-para-alimentos\/\"]}]},{\"@type\":\"ImageObject\",\"inLanguage\":\"es\",\"@id\":\"https:\/\/www.csj-emballages.com\/es\/produit\/200-toallitas-desinfectantes-sin-aclarado-para-alimentos\/#primaryimage\",\"url\":\"https:\/\/www.csj-emballages.com\/wp-content\/uploads\/2024\/03\/1976LIN.webp\",\"contentUrl\":\"https:\/\/www.csj-emballages.com\/wp-content\/uploads\/2024\/03\/1976LIN.webp\",\"width\":800,\"height\":800,\"caption\":\"Lingette d\u00e9sinfectante\"},{\"@type\":\"BreadcrumbList\",\"@id\":\"https:\/\/www.csj-emballages.com\/es\/produit\/200-toallitas-desinfectantes-sin-aclarado-para-alimentos\/#breadcrumb\",\"itemListElement\":[{\"@type\":\"ListItem\",\"position\":1,\"name\":\"Accueil\",\"item\":\"https:\/\/www.csj-emballages.com\/es\/universo-del-envasado-alimentario\/\"},{\"@type\":\"ListItem\",\"position\":2,\"name\":\"Tienda\",\"item\":\"https:\/\/www.csj-emballages.com\/tienda\/\"},{\"@type\":\"ListItem\",\"position\":3,\"name\":\"Toallitas desinfectantes sin aclarado, paquete de 200\"}]},{\"@type\":\"WebSite\",\"@id\":\"https:\/\/www.csj-emballages.com\/es\/#website\",\"url\":\"https:\/\/www.csj-emballages.com\/es\/\",\"name\":\"CSJ Emballages\",\"description\":\"\",\"publisher\":{\"@id\":\"https:\/\/www.csj-emballages.com\/es\/#organization\"},\"potentialAction\":[{\"@type\":\"SearchAction\",\"target\":{\"@type\":\"EntryPoint\",\"urlTemplate\":\"https:\/\/www.csj-emballages.com\/es\/?s={search_term_string}\"},\"query-input\":{\"@type\":\"PropertyValueSpecification\",\"valueRequired\":true,\"valueName\":\"search_term_string\"}}],\"inLanguage\":\"es\"},{\"@type\":\"Organization\",\"@id\":\"https:\/\/www.csj-emballages.com\/es\/#Organization\/\",\"name\":\"CSJ Emballages\",\"url\":\"https:\/\/www.csj-emballages.com\/es\/\",\"logo\":{\"@type\":\"ImageObject\",\"inLanguage\":\"es\",\"@id\":\"https:\/\/www.csj-emballages.com\/es\/#\/schema\/logo\/image\/\",\"url\":\"https:\/\/www.csj-emballages.com\/wp-content\/uploads\/2023\/10\/logo_csj.webp\",\"contentUrl\":\"https:\/\/www.csj-emballages.com\/wp-content\/uploads\/2023\/10\/logo_csj.webp\",\"width\":250,\"height\":95,\"caption\":\"CSJ Emballages\"},\"image\":{\"@id\":\"https:\/\/www.csj-emballages.com\/es\/#\/schema\/logo\/image\/\"},\"sameAs\":[\"https:\/\/www.facebook.com\/csjemballages\"],\"address\":{\"@type\":\"PostalAddress\",\"streetAddress\":\"ZI La Lechere\",\"addressLocality\":\"Patornay\",\"postalCode\":\"39130\",\"addressCountry\":\"FR\"},\"contactPoint\":[{\"@type\":\"ContactPoint\",\"contactType\":\"Service client\",\"telephone\":\"0384254272\",\"email\":\"contact@csj-emballages.com\"}]}]}<\/script>\n<!-- \/ Yoast SEO Premium plugin. -->","yoast_head_json":{"title":"Toallita desinfectante de alimentos sin aclarado Deterquat Al","description":"Deterquat AL toallitas desinfectantes de alimentos sin aclarado (x200): limpie las superficies de su cocina de forma r\u00e1pida, eficaz y segura.","robots":{"index":"index","follow":"follow","max-snippet":"max-snippet:-1","max-image-preview":"max-image-preview:large","max-video-preview":"max-video-preview:-1"},"canonical":"https:\/\/www.csj-emballages.com\/es\/produit\/200-toallitas-desinfectantes-sin-aclarado-para-alimentos\/","og_locale":"es_ES","og_type":"article","og_title":"Toallitas desinfectantes sin aclarado, paquete de 200","og_description":"Deterquat AL toallitas desinfectantes de alimentos sin aclarado (x200): limpie las superficies de su cocina de forma r\u00e1pida, eficaz y segura.","og_url":"https:\/\/www.csj-emballages.com\/es\/produit\/200-toallitas-desinfectantes-sin-aclarado-para-alimentos\/","og_site_name":"CSJ Emballages","article_publisher":"https:\/\/www.facebook.com\/csjemballages","article_modified_time":"2026-03-12T15:07:11+00:00","og_image":[{"width":800,"height":800,"url":"https:\/\/www.csj-emballages.com\/wp-content\/uploads\/2024\/03\/1976LIN.webp","type":"image\/webp"}],"twitter_card":"summary_large_image","twitter_misc":{"Tiempo de lectura":"1 minuto"},"schema":{"@context":"https:\/\/schema.org","@graph":[{"@type":"WebPage","@id":"https:\/\/www.csj-emballages.com\/es\/produit\/200-toallitas-desinfectantes-sin-aclarado-para-alimentos\/","url":"https:\/\/www.csj-emballages.com\/es\/produit\/200-toallitas-desinfectantes-sin-aclarado-para-alimentos\/","name":"Toallita desinfectante de alimentos sin aclarado Deterquat Al","isPartOf":{"@id":"https:\/\/www.csj-emballages.com\/es\/#website"},"primaryImageOfPage":{"@id":"https:\/\/www.csj-emballages.com\/es\/produit\/200-toallitas-desinfectantes-sin-aclarado-para-alimentos\/#primaryimage"},"image":{"@id":"https:\/\/www.csj-emballages.com\/es\/produit\/200-toallitas-desinfectantes-sin-aclarado-para-alimentos\/#primaryimage"},"thumbnailUrl":"https:\/\/www.csj-emballages.com\/wp-content\/uploads\/2024\/03\/1976LIN.webp","datePublished":"2024-03-01T15:59:19+00:00","dateModified":"2026-03-12T15:07:11+00:00","description":"Deterquat AL toallitas desinfectantes de alimentos sin aclarado (x200): limpie las superficies de su cocina de forma r\u00e1pida, eficaz y segura.","breadcrumb":{"@id":"https:\/\/www.csj-emballages.com\/es\/produit\/200-toallitas-desinfectantes-sin-aclarado-para-alimentos\/#breadcrumb"},"inLanguage":"es","potentialAction":[{"@type":"ReadAction","target":["https:\/\/www.csj-emballages.com\/es\/produit\/200-toallitas-desinfectantes-sin-aclarado-para-alimentos\/"]}]},{"@type":"ImageObject","inLanguage":"es","@id":"https:\/\/www.csj-emballages.com\/es\/produit\/200-toallitas-desinfectantes-sin-aclarado-para-alimentos\/#primaryimage","url":"https:\/\/www.csj-emballages.com\/wp-content\/uploads\/2024\/03\/1976LIN.webp","contentUrl":"https:\/\/www.csj-emballages.com\/wp-content\/uploads\/2024\/03\/1976LIN.webp","width":800,"height":800,"caption":"Lingette d\u00e9sinfectante"},{"@type":"BreadcrumbList","@id":"https:\/\/www.csj-emballages.com\/es\/produit\/200-toallitas-desinfectantes-sin-aclarado-para-alimentos\/#breadcrumb","itemListElement":[{"@type":"ListItem","position":1,"name":"Accueil","item":"https:\/\/www.csj-emballages.com\/es\/universo-del-envasado-alimentario\/"},{"@type":"ListItem","position":2,"name":"Tienda","item":"https:\/\/www.csj-emballages.com\/tienda\/"},{"@type":"ListItem","position":3,"name":"Toallitas desinfectantes sin aclarado, paquete de 200"}]},{"@type":"WebSite","@id":"https:\/\/www.csj-emballages.com\/es\/#website","url":"https:\/\/www.csj-emballages.com\/es\/","name":"CSJ Emballages","description":"","publisher":{"@id":"https:\/\/www.csj-emballages.com\/es\/#organization"},"potentialAction":[{"@type":"SearchAction","target":{"@type":"EntryPoint","urlTemplate":"https:\/\/www.csj-emballages.com\/es\/?s={search_term_string}"},"query-input":{"@type":"PropertyValueSpecification","valueRequired":true,"valueName":"search_term_string"}}],"inLanguage":"es"},{"@type":"Organization","@id":"https:\/\/www.csj-emballages.com\/es\/#Organization\/","name":"CSJ Emballages","url":"https:\/\/www.csj-emballages.com\/es\/","logo":{"@type":"ImageObject","inLanguage":"es","@id":"https:\/\/www.csj-emballages.com\/es\/#\/schema\/logo\/image\/","url":"https:\/\/www.csj-emballages.com\/wp-content\/uploads\/2023\/10\/logo_csj.webp","contentUrl":"https:\/\/www.csj-emballages.com\/wp-content\/uploads\/2023\/10\/logo_csj.webp","width":250,"height":95,"caption":"CSJ Emballages"},"image":{"@id":"https:\/\/www.csj-emballages.com\/es\/#\/schema\/logo\/image\/"},"sameAs":["https:\/\/www.facebook.com\/csjemballages"],"address":{"@type":"PostalAddress","streetAddress":"ZI La Lechere","addressLocality":"Patornay","postalCode":"39130","addressCountry":"FR"},"contactPoint":[{"@type":"ContactPoint","contactType":"Service client","telephone":"0384254272","email":"contact@csj-emballages.com"}]}]}},"df_price":16.69,"df_sale_price":"","df_regular_price":16.69,"df_image_link":"https:\/\/www.csj-emballages.com\/wp-content\/uploads\/2024\/03\/1976LIN-300x300.webp","tiered_pricing_type":"fixed","tiered_pricing_fixed_rules":[],"tiered_pricing_percentage_rules":[],"tiered_pricing_minimum":1,"tiered_pricing_roles_data":[],"_links":{"self":[{"href":"https:\/\/www.csj-emballages.com\/es\/wp-json\/wp\/v2\/product\/18785","targetHints":{"allow":["GET"]}}],"collection":[{"href":"https:\/\/www.csj-emballages.com\/es\/wp-json\/wp\/v2\/product"}],"about":[{"href":"https:\/\/www.csj-emballages.com\/es\/wp-json\/wp\/v2\/types\/product"}],"wp:featuredmedia":[{"embeddable":true,"href":"https:\/\/www.csj-emballages.com\/es\/wp-json\/wp\/v2\/media\/233154"}],"wp:attachment":[{"href":"https:\/\/www.csj-emballages.com\/es\/wp-json\/wp\/v2\/media?parent=18785"}],"wp:term":[{"taxonomy":"product_brand","embeddable":true,"href":"https:\/\/www.csj-emballages.com\/es\/wp-json\/wp\/v2\/product_brand?post=18785"},{"taxonomy":"product_cat","embeddable":true,"href":"https:\/\/www.csj-emballages.com\/es\/wp-json\/wp\/v2\/product_cat?post=18785"},{"taxonomy":"product_tag","embeddable":true,"href":"https:\/\/www.csj-emballages.com\/es\/wp-json\/wp\/v2\/product_tag?post=18785"}],"curies":[{"name":"wp","href":"https:\/\/api.w.org\/{rel}","templated":true}]}}