{"id":18738,"date":"2024-03-01T16:59:22","date_gmt":"2024-03-01T15:59:22","guid":{"rendered":"https:\/\/u15jnbdpoq.preview.infomaniak.website\/produit\/registro-unico-de-personal-y-becarios-210-x-297-mm-elve\/"},"modified":"2026-05-04T02:10:16","modified_gmt":"2026-05-04T00:10:16","slug":"registro-unico-de-personal-y-becarios-210-x-297-mm-elve","status":"publish","type":"product","link":"https:\/\/www.csj-emballages.com\/es\/produit\/registro-unico-de-personal-y-becarios-210-x-297-mm-elve\/","title":{"rendered":"Registro \u00fanico de personal y becarios 210 x 297 mm ELVE"},"content":{"rendered":"<h2>Registro del personal<\/h2>\n<hr>\n<h3>Descubra nuestro registro \u00fanico del personal y de los becarios 210 x 297 mm ELVE<\/h3>\n<p><!--more--><\/p>\n<p data-start=\"280\" data-end=\"630\">Gestionarlo tambi\u00e9n implica saber mantenerse organizado y conforme a la normativa, sin dedicarle horas. El <strong data-start=\"397\" data-end=\"452\">registro \u00fanico del personal y de los becarios ELVE<\/strong> se ha dise\u00f1ado para simplificarle la tarea, sencillamente. Claro, legible y listo para usar, permite centralizar toda la informaci\u00f3n obligatoria en un solo documento.  <\/p>\n<p data-start=\"632\" data-end=\"960\">Gracias a su <strong data-start=\"644\" data-end=\"672\">formato A4 (210 x 297 mm)<\/strong>, este registro ofrece una comodidad de escritura \u00f3ptima. Las p\u00e1ginas est\u00e1n bien estructuradas, lo que facilita la lectura y las actualizaciones peri\u00f3dicas. Tanto si acoge a un nuevo empleado, a un becario o a un aprendiz, podr\u00e1 anotar la informaci\u00f3n esencial r\u00e1pidamente y sin riesgo de olvidos.  <\/p>\n<p data-start=\"962\" data-end=\"1281\">Su <strong data-start=\"966\" data-end=\"1004\">papel interior blanco de 100 g\/m\u00b2<\/strong> proporciona una buena sujeci\u00f3n a la escritura, sin transparencia ni borrones. Por lo tanto, puede utilizar bol\u00edgrafos o rotuladores sin problemas. Con sus <strong data-start=\"1137\" data-end=\"1149\">52 p\u00e1ginas<\/strong>, el registro permite un seguimiento a largo plazo, sin dejar de ser compacto y f\u00e1cil de guardar en un despacho o un archivador administrativo.  <\/p>\n<p data-start=\"1283\" data-end=\"1606\">En cuanto a la presentaci\u00f3n, el dise\u00f1o <strong data-start=\"1312\" data-end=\"1329\">blanco y azul<\/strong> sigue siendo sobrio y profesional. Se integra perfectamente en todos los entornos de trabajo, desde las peque\u00f1as estructuras hasta las empresas m\u00e1s consolidadas. La <strong>cubierta identifica<\/strong> claramente el documento, lo que evita cualquier confusi\u00f3n durante un control o una consulta r\u00e1pida.  <\/p>\n<p data-start=\"1608\" data-end=\"1777\">En resumen, este <strong>registro del personal ELVE<\/strong> no es solo una obligaci\u00f3n legal: es una herramienta pr\u00e1ctica, fiable y tranquilizadora para gestionar a su personal con total serenidad, en el d\u00eda a d\u00eda.<\/p>\n<p data-start=\"1608\" data-end=\"1777\">\n<p data-start=\"1608\" data-end=\"1777\"><!--more--><\/p>\n<h4 data-start=\"1608\" data-end=\"1777\">Ventajas :<\/h4>\n<ul>\n<li data-start=\"1805\" data-end=\"1846\">Conforme a la normativa vigente<\/li>\n<li data-start=\"1849\" data-end=\"1883\"><strong>Formato A4<\/strong> c\u00f3modo y legible<\/li>\n<li data-start=\"1886\" data-end=\"1914\"><strong>Papel de 100 g\/m\u00b2<\/strong> de calidad<\/li>\n<li data-start=\"1917\" data-end=\"1955\">Organizaci\u00f3n clara de la informaci\u00f3n<\/li>\n<li data-start=\"1958\" data-end=\"1989\">Dise\u00f1o sobrio y profesional<\/li>\n<li data-start=\"1992\" data-end=\"2027\">Ideal para <strong>empleados y becarios<\/strong>.<\/li>\n<\/ul>\n<p>&nbsp;<\/p>\n<p><!--more--><\/p>\n<h4>Informaci\u00f3n adicional :<\/h4>\n<ul>\n<li><strong>Embalaje<\/strong>: Por unidad<\/li>\n<li><strong>Dimensiones<\/strong>: 210 x 297 mm<\/li>\n<li><strong>Modelo<\/strong>: Registro del personal y de los becarios<\/li>\n<li><strong>Papel interior<\/strong>: Blanco<\/li>\n<li><strong>Gramaje<\/strong>: 100 grs\/m\u00b2<\/li>\n<li><strong>N\u00famero de p\u00e1ginas<\/strong>: 52<\/li>\n<\/ul>\n<p>&nbsp;<\/p>\n<p><!--more--><\/p>\n<p><a href=\"https:\/\/www.csj-emballages.com\/es\/categorie-produit\/envasado-de-alimentos\/tienda-y-almacen\/papeleria-y-pequeno-material\/\">  Consulte el resto de nuestra gama de papeler\u00eda y peque\u00f1os suministros  <\/a><\/p>\n","protected":false},"excerpt":{"rendered":"<p>Registro del personal Descubra nuestro registro \u00fanico del personal y de los becarios 210 x 297 mm ELVE<\/p>\n","protected":false},"featured_media":260444,"template":"","meta":{"_acf_changed":false},"product_brand":[],"product_cat":[1488,1931,1932],"product_tag":[],"class_list":{"0":"post-18738","1":"product","2":"type-product","3":"status-publish","4":"has-post-thumbnail","6":"product_cat-tienda-y-almacen","7":"product_cat-papeleria-y-pequeno-material","8":"product_cat-otros","10":"first","11":"instock","12":"taxable","13":"shipping-taxable","14":"purchasable","15":"product-type-simple"},"acf":[],"yoast_head":"<!-- This site is optimized with the Yoast SEO Premium plugin v26.6 (Yoast SEO v26.6) - https:\/\/yoast.com\/wordpress\/plugins\/seo\/ -->\n<title>Registro \u00danico de Personal y de Becarios 210 x 297 mm<\/title>\n<meta name=\"description\" content=\"Registro \u00fanico del personal y de los becarios ELVE A4. 52 p\u00e1ginas, papel de 100 g\/m\u00b2, blanco y azul. Claro, pr\u00e1ctico y conforme a la normativa.\" \/>\n<meta name=\"robots\" content=\"index, follow, max-snippet:-1, max-image-preview:large, max-video-preview:-1\" \/>\n<link rel=\"canonical\" href=\"https:\/\/www.csj-emballages.com\/es\/produit\/registro-unico-de-personal-y-becarios-210-x-297-mm-elve\/\" \/>\n<meta property=\"og:locale\" content=\"es_ES\" \/>\n<meta property=\"og:type\" content=\"article\" \/>\n<meta property=\"og:title\" content=\"Registro \u00fanico de personal y becarios 210 x 297 mm ELVE\" \/>\n<meta property=\"og:description\" content=\"Registro \u00fanico del personal y de los becarios ELVE A4. 52 p\u00e1ginas, papel de 100 g\/m\u00b2, blanco y azul. Claro, pr\u00e1ctico y conforme a la normativa.\" \/>\n<meta property=\"og:url\" content=\"https:\/\/www.csj-emballages.com\/es\/produit\/registro-unico-de-personal-y-becarios-210-x-297-mm-elve\/\" \/>\n<meta property=\"og:site_name\" content=\"CSJ Emballages\" \/>\n<meta property=\"article:publisher\" content=\"https:\/\/www.facebook.com\/csjemballages\" \/>\n<meta property=\"article:modified_time\" content=\"2026-05-04T00:10:16+00:00\" \/>\n<meta property=\"og:image\" content=\"https:\/\/www.csj-emballages.com\/wp-content\/uploads\/2024\/03\/1464.webp\" \/>\n\t<meta property=\"og:image:width\" content=\"800\" \/>\n\t<meta property=\"og:image:height\" content=\"800\" \/>\n\t<meta property=\"og:image:type\" content=\"image\/webp\" \/>\n<meta name=\"twitter:card\" content=\"summary_large_image\" \/>\n<meta name=\"twitter:label1\" content=\"Tiempo de lectura\" \/>\n\t<meta name=\"twitter:data1\" content=\"2 minutos\" \/>\n<script type=\"application\/ld+json\" class=\"yoast-schema-graph\">{\"@context\":\"https:\/\/schema.org\",\"@graph\":[{\"@type\":\"WebPage\",\"@id\":\"https:\/\/www.csj-emballages.com\/es\/produit\/registro-unico-de-personal-y-becarios-210-x-297-mm-elve\/\",\"url\":\"https:\/\/www.csj-emballages.com\/es\/produit\/registro-unico-de-personal-y-becarios-210-x-297-mm-elve\/\",\"name\":\"Registro \u00danico de Personal y de Becarios 210 x 297 mm\",\"isPartOf\":{\"@id\":\"https:\/\/www.csj-emballages.com\/es\/#website\"},\"primaryImageOfPage\":{\"@id\":\"https:\/\/www.csj-emballages.com\/es\/produit\/registro-unico-de-personal-y-becarios-210-x-297-mm-elve\/#primaryimage\"},\"image\":{\"@id\":\"https:\/\/www.csj-emballages.com\/es\/produit\/registro-unico-de-personal-y-becarios-210-x-297-mm-elve\/#primaryimage\"},\"thumbnailUrl\":\"https:\/\/www.csj-emballages.com\/wp-content\/uploads\/2024\/03\/1464.webp\",\"datePublished\":\"2024-03-01T15:59:22+00:00\",\"dateModified\":\"2026-05-04T00:10:16+00:00\",\"description\":\"Registro \u00fanico del personal y de los becarios ELVE A4. 52 p\u00e1ginas, papel de 100 g\/m\u00b2, blanco y azul. Claro, pr\u00e1ctico y conforme a la normativa.\",\"breadcrumb\":{\"@id\":\"https:\/\/www.csj-emballages.com\/es\/produit\/registro-unico-de-personal-y-becarios-210-x-297-mm-elve\/#breadcrumb\"},\"inLanguage\":\"es\",\"potentialAction\":[{\"@type\":\"ReadAction\",\"target\":[\"https:\/\/www.csj-emballages.com\/es\/produit\/registro-unico-de-personal-y-becarios-210-x-297-mm-elve\/\"]}]},{\"@type\":\"ImageObject\",\"inLanguage\":\"es\",\"@id\":\"https:\/\/www.csj-emballages.com\/es\/produit\/registro-unico-de-personal-y-becarios-210-x-297-mm-elve\/#primaryimage\",\"url\":\"https:\/\/www.csj-emballages.com\/wp-content\/uploads\/2024\/03\/1464.webp\",\"contentUrl\":\"https:\/\/www.csj-emballages.com\/wp-content\/uploads\/2024\/03\/1464.webp\",\"width\":800,\"height\":800,\"caption\":\"Registre du personnel\u00a0\"},{\"@type\":\"BreadcrumbList\",\"@id\":\"https:\/\/www.csj-emballages.com\/es\/produit\/registro-unico-de-personal-y-becarios-210-x-297-mm-elve\/#breadcrumb\",\"itemListElement\":[{\"@type\":\"ListItem\",\"position\":1,\"name\":\"Accueil\",\"item\":\"https:\/\/www.csj-emballages.com\/es\/universo-del-envasado-alimentario\/\"},{\"@type\":\"ListItem\",\"position\":2,\"name\":\"Tienda\",\"item\":\"https:\/\/www.csj-emballages.com\/tienda\/\"},{\"@type\":\"ListItem\",\"position\":3,\"name\":\"Registro \u00fanico de personal y becarios 210 x 297 mm ELVE\"}]},{\"@type\":\"WebSite\",\"@id\":\"https:\/\/www.csj-emballages.com\/es\/#website\",\"url\":\"https:\/\/www.csj-emballages.com\/es\/\",\"name\":\"CSJ Emballages\",\"description\":\"\",\"publisher\":{\"@id\":\"https:\/\/www.csj-emballages.com\/es\/#organization\"},\"potentialAction\":[{\"@type\":\"SearchAction\",\"target\":{\"@type\":\"EntryPoint\",\"urlTemplate\":\"https:\/\/www.csj-emballages.com\/es\/?s={search_term_string}\"},\"query-input\":{\"@type\":\"PropertyValueSpecification\",\"valueRequired\":true,\"valueName\":\"search_term_string\"}}],\"inLanguage\":\"es\"},{\"@type\":\"Organization\",\"@id\":\"https:\/\/www.csj-emballages.com\/es\/#Organization\/\",\"name\":\"CSJ Emballages\",\"url\":\"https:\/\/www.csj-emballages.com\/es\/\",\"logo\":{\"@type\":\"ImageObject\",\"inLanguage\":\"es\",\"@id\":\"https:\/\/www.csj-emballages.com\/es\/#\/schema\/logo\/image\/\",\"url\":\"https:\/\/www.csj-emballages.com\/wp-content\/uploads\/2023\/10\/logo_csj.webp\",\"contentUrl\":\"https:\/\/www.csj-emballages.com\/wp-content\/uploads\/2023\/10\/logo_csj.webp\",\"width\":250,\"height\":95,\"caption\":\"CSJ Emballages\"},\"image\":{\"@id\":\"https:\/\/www.csj-emballages.com\/es\/#\/schema\/logo\/image\/\"},\"sameAs\":[\"https:\/\/www.facebook.com\/csjemballages\"],\"address\":{\"@type\":\"PostalAddress\",\"streetAddress\":\"ZI La Lechere\",\"addressLocality\":\"Patornay\",\"postalCode\":\"39130\",\"addressCountry\":\"FR\"},\"contactPoint\":[{\"@type\":\"ContactPoint\",\"contactType\":\"Service client\",\"telephone\":\"0384254272\",\"email\":\"contact@csj-emballages.com\"}]}]}<\/script>\n<!-- \/ Yoast SEO Premium plugin. -->","yoast_head_json":{"title":"Registro \u00danico de Personal y de Becarios 210 x 297 mm","description":"Registro \u00fanico del personal y de los becarios ELVE A4. 52 p\u00e1ginas, papel de 100 g\/m\u00b2, blanco y azul. Claro, pr\u00e1ctico y conforme a la normativa.","robots":{"index":"index","follow":"follow","max-snippet":"max-snippet:-1","max-image-preview":"max-image-preview:large","max-video-preview":"max-video-preview:-1"},"canonical":"https:\/\/www.csj-emballages.com\/es\/produit\/registro-unico-de-personal-y-becarios-210-x-297-mm-elve\/","og_locale":"es_ES","og_type":"article","og_title":"Registro \u00fanico de personal y becarios 210 x 297 mm ELVE","og_description":"Registro \u00fanico del personal y de los becarios ELVE A4. 52 p\u00e1ginas, papel de 100 g\/m\u00b2, blanco y azul. Claro, pr\u00e1ctico y conforme a la normativa.","og_url":"https:\/\/www.csj-emballages.com\/es\/produit\/registro-unico-de-personal-y-becarios-210-x-297-mm-elve\/","og_site_name":"CSJ Emballages","article_publisher":"https:\/\/www.facebook.com\/csjemballages","article_modified_time":"2026-05-04T00:10:16+00:00","og_image":[{"width":800,"height":800,"url":"https:\/\/www.csj-emballages.com\/wp-content\/uploads\/2024\/03\/1464.webp","type":"image\/webp"}],"twitter_card":"summary_large_image","twitter_misc":{"Tiempo de lectura":"2 minutos"},"schema":{"@context":"https:\/\/schema.org","@graph":[{"@type":"WebPage","@id":"https:\/\/www.csj-emballages.com\/es\/produit\/registro-unico-de-personal-y-becarios-210-x-297-mm-elve\/","url":"https:\/\/www.csj-emballages.com\/es\/produit\/registro-unico-de-personal-y-becarios-210-x-297-mm-elve\/","name":"Registro \u00danico de Personal y de Becarios 210 x 297 mm","isPartOf":{"@id":"https:\/\/www.csj-emballages.com\/es\/#website"},"primaryImageOfPage":{"@id":"https:\/\/www.csj-emballages.com\/es\/produit\/registro-unico-de-personal-y-becarios-210-x-297-mm-elve\/#primaryimage"},"image":{"@id":"https:\/\/www.csj-emballages.com\/es\/produit\/registro-unico-de-personal-y-becarios-210-x-297-mm-elve\/#primaryimage"},"thumbnailUrl":"https:\/\/www.csj-emballages.com\/wp-content\/uploads\/2024\/03\/1464.webp","datePublished":"2024-03-01T15:59:22+00:00","dateModified":"2026-05-04T00:10:16+00:00","description":"Registro \u00fanico del personal y de los becarios ELVE A4. 52 p\u00e1ginas, papel de 100 g\/m\u00b2, blanco y azul. Claro, pr\u00e1ctico y conforme a la normativa.","breadcrumb":{"@id":"https:\/\/www.csj-emballages.com\/es\/produit\/registro-unico-de-personal-y-becarios-210-x-297-mm-elve\/#breadcrumb"},"inLanguage":"es","potentialAction":[{"@type":"ReadAction","target":["https:\/\/www.csj-emballages.com\/es\/produit\/registro-unico-de-personal-y-becarios-210-x-297-mm-elve\/"]}]},{"@type":"ImageObject","inLanguage":"es","@id":"https:\/\/www.csj-emballages.com\/es\/produit\/registro-unico-de-personal-y-becarios-210-x-297-mm-elve\/#primaryimage","url":"https:\/\/www.csj-emballages.com\/wp-content\/uploads\/2024\/03\/1464.webp","contentUrl":"https:\/\/www.csj-emballages.com\/wp-content\/uploads\/2024\/03\/1464.webp","width":800,"height":800,"caption":"Registre du personnel\u00a0"},{"@type":"BreadcrumbList","@id":"https:\/\/www.csj-emballages.com\/es\/produit\/registro-unico-de-personal-y-becarios-210-x-297-mm-elve\/#breadcrumb","itemListElement":[{"@type":"ListItem","position":1,"name":"Accueil","item":"https:\/\/www.csj-emballages.com\/es\/universo-del-envasado-alimentario\/"},{"@type":"ListItem","position":2,"name":"Tienda","item":"https:\/\/www.csj-emballages.com\/tienda\/"},{"@type":"ListItem","position":3,"name":"Registro \u00fanico de personal y becarios 210 x 297 mm ELVE"}]},{"@type":"WebSite","@id":"https:\/\/www.csj-emballages.com\/es\/#website","url":"https:\/\/www.csj-emballages.com\/es\/","name":"CSJ Emballages","description":"","publisher":{"@id":"https:\/\/www.csj-emballages.com\/es\/#organization"},"potentialAction":[{"@type":"SearchAction","target":{"@type":"EntryPoint","urlTemplate":"https:\/\/www.csj-emballages.com\/es\/?s={search_term_string}"},"query-input":{"@type":"PropertyValueSpecification","valueRequired":true,"valueName":"search_term_string"}}],"inLanguage":"es"},{"@type":"Organization","@id":"https:\/\/www.csj-emballages.com\/es\/#Organization\/","name":"CSJ Emballages","url":"https:\/\/www.csj-emballages.com\/es\/","logo":{"@type":"ImageObject","inLanguage":"es","@id":"https:\/\/www.csj-emballages.com\/es\/#\/schema\/logo\/image\/","url":"https:\/\/www.csj-emballages.com\/wp-content\/uploads\/2023\/10\/logo_csj.webp","contentUrl":"https:\/\/www.csj-emballages.com\/wp-content\/uploads\/2023\/10\/logo_csj.webp","width":250,"height":95,"caption":"CSJ Emballages"},"image":{"@id":"https:\/\/www.csj-emballages.com\/es\/#\/schema\/logo\/image\/"},"sameAs":["https:\/\/www.facebook.com\/csjemballages"],"address":{"@type":"PostalAddress","streetAddress":"ZI La Lechere","addressLocality":"Patornay","postalCode":"39130","addressCountry":"FR"},"contactPoint":[{"@type":"ContactPoint","contactType":"Service client","telephone":"0384254272","email":"contact@csj-emballages.com"}]}]}},"df_price":21.6,"df_sale_price":"","df_regular_price":21.6,"df_image_link":"https:\/\/www.csj-emballages.com\/wp-content\/uploads\/2024\/03\/1464-300x300.webp","tiered_pricing_type":"fixed","tiered_pricing_fixed_rules":[],"tiered_pricing_percentage_rules":[],"tiered_pricing_minimum":1,"tiered_pricing_roles_data":[],"_links":{"self":[{"href":"https:\/\/www.csj-emballages.com\/es\/wp-json\/wp\/v2\/product\/18738","targetHints":{"allow":["GET"]}}],"collection":[{"href":"https:\/\/www.csj-emballages.com\/es\/wp-json\/wp\/v2\/product"}],"about":[{"href":"https:\/\/www.csj-emballages.com\/es\/wp-json\/wp\/v2\/types\/product"}],"wp:featuredmedia":[{"embeddable":true,"href":"https:\/\/www.csj-emballages.com\/es\/wp-json\/wp\/v2\/media\/260444"}],"wp:attachment":[{"href":"https:\/\/www.csj-emballages.com\/es\/wp-json\/wp\/v2\/media?parent=18738"}],"wp:term":[{"taxonomy":"product_brand","embeddable":true,"href":"https:\/\/www.csj-emballages.com\/es\/wp-json\/wp\/v2\/product_brand?post=18738"},{"taxonomy":"product_cat","embeddable":true,"href":"https:\/\/www.csj-emballages.com\/es\/wp-json\/wp\/v2\/product_cat?post=18738"},{"taxonomy":"product_tag","embeddable":true,"href":"https:\/\/www.csj-emballages.com\/es\/wp-json\/wp\/v2\/product_tag?post=18738"}],"curies":[{"name":"wp","href":"https:\/\/api.w.org\/{rel}","templated":true}]}}