{"id":18720,"date":"2024-03-01T16:59:22","date_gmt":"2024-03-01T15:59:22","guid":{"rendered":"https:\/\/u15jnbdpoq.preview.infomaniak.website\/produit\/200-copas-de-oro-de-9-cm\/"},"modified":"2026-03-12T16:06:44","modified_gmt":"2026-03-12T15:06:44","slug":"200-copas-de-oro-de-9-cm","status":"publish","type":"product","link":"https:\/\/www.csj-emballages.com\/es\/produit\/200-copas-de-oro-de-9-cm\/","title":{"rendered":"Plato oro\/negro 9 cm por 200"},"content":{"rendered":"<h2>Plato dorado\/negro<\/h2>\n<hr>\n<h3>Descripci\u00f3n de nuestro plato oro\/negro 9 cm por 200<\/h3>\n<p><!--more--><\/p>\n<p data-start=\"86\" data-end=\"558\">A\u00f1ada un toque refinado a sus presentaciones con este <strong data-start=\"145\" data-end=\"178\">plato dorado\/negro de 9 cm por 200<\/strong>. Fabricados en <strong data-start=\"191\" data-end=\"212\">cart\u00f3n de calidad<\/strong>, estos <strong>peque\u00f1os platos desechables<\/strong> se distinguen por su <strong data-start=\"269\" data-end=\"290\">brillante cara dorada<\/strong> en la parte superior y su <strong data-start=\"313\" data-end=\"336\">profundo fondo negro<\/strong>. Esta combinaci\u00f3n de colores crea un efecto visual de contraste que llama inmediatamente la atenci\u00f3n y realza sus preparaciones, ya sean pasteles, mignardises, chocolates o bocados salados.  <\/p>\n<p data-start=\"560\" data-end=\"994\">Su <strong data-start=\"563\" data-end=\"583\">di\u00e1metro de 9 cm<\/strong> los hace ideales para porciones individuales. Suficientemente robustos para contener una gran variedad de preparaciones, estos <g id=\"gid_1\">cuencos<\/g> son resistentes a la manipulaci\u00f3n, a la vez que ligeros y f\u00e1ciles de usar. Se suministran en <strong data-start=\"809\" data-end=\"830\">paquetes de 200<\/strong> unidades y son ideales para profesionales de la restauraci\u00f3n, catering, panader\u00eda y organizaci\u00f3n de eventos.  <\/p>\n<p data-start=\"996\" data-end=\"1345\">Gracias a su dise\u00f1o sobrio y refinado, estos <strong>platos<\/strong> pueden integrarse f\u00e1cilmente en una gran variedad de entornos: buf\u00e9s de boda, cumplea\u00f1os, c\u00f3cteles de empresa o simplemente para mostrar productos en un escaparate. Su acabado <strong data-start=\"1218\" data-end=\"1229\">dorado\/negro<\/strong> de doble cara ofrece un elegante contraste que resalta tanto las texturas como los colores de sus creaciones culinarias. <\/p>\n<p data-start=\"1347\" data-end=\"1657\">Al elegir estos <strong>cuencos<\/strong>, no s\u00f3lo est\u00e1 ofreciendo un soporte est\u00e9ticamente agradable, sino tambi\u00e9n una soluci\u00f3n funcional que facilita la preparaci\u00f3n y el servicio en sus recepciones. Su formato compacto aprovecha al m\u00e1ximo el espacio de sus bandejas y mesas, al tiempo que garantiza una presentaci\u00f3n clara y ordenada. <\/p>\n<p data-start=\"1659\" data-end=\"1794\">Con estos <strong data-start=\"1668\" data-end=\"1694\">cuencos dorados\/negros de 9 cm<\/strong>, sus creaciones adquirir\u00e1n una nueva dimensi\u00f3n y seducir\u00e1n a sus invitados a primera vista.<\/p>\n<p data-start=\"1469\" data-end=\"1665\"><!--more--><\/p>\n<h4 data-start=\"1469\" data-end=\"1665\">Ventajas :<\/h4>\n<ul>\n<li><strong data-start=\"1991\" data-end=\"2019\">Dise\u00f1o en contraste dorado\/negro<\/strong> para realzar sus creaciones.<\/li>\n<li><strong data-start=\"2051\" data-end=\"2068\">9 cm de di\u00e1metro<\/strong> para porciones individuales.<\/li>\n<li><strong data-start=\"2141\" data-end=\"2162\">Paquete de 200<\/strong>, perfecto para profesionales.<\/li>\n<li>Adecuado para <strong data-start=\"2203\" data-end=\"2238\">buffets, recepciones y vitrinas.<\/strong><\/li>\n<\/ul>\n<p>&nbsp;<\/p>\n<p><!--more--><\/p>\n<h4>Informaci\u00f3n adicional :<\/h4>\n<ul>\n<li><strong>Envase<\/strong>: Paquete de 200<\/li>\n<li><strong>Di\u00e1metro<\/strong>: 9 cm<\/li>\n<li><strong>Material<\/strong>: Cart\u00f3n<\/li>\n<li><strong>Color<\/strong>: Oro \/ Negro<\/li>\n<\/ul>\n<p>&nbsp;<\/p>\n<p><!--more--><\/p>\n<p>Haga clic aqu\u00ed para ver nuestras tazas interiores de color naranja: <span style=\"color: #d12727;\"><a style=\"color: #d12727;\" href=\"https:\/\/www.csj-emballages.com\/produit\/200-coupelles-interieur-orange-9-cm\/\">13CO8<\/a><\/span><\/p>\n<h3><\/h3>\n<p><!--more--><\/p>\n<p><a href=\"https:\/\/www.csj-emballages.com\/es\/categorie-produit\/envasado-de-alimentos\/panaderia-y-pasteleria\/soportes-de-base-para-tartas\/tazas-es\/\">Ver el resto de nuestra gama de platos<\/a><\/p>\n","protected":false},"excerpt":{"rendered":"<p>Plato dorado\/negro Descripci\u00f3n de nuestro plato oro\/negro 9 cm por 200<\/p>\n","protected":false},"featured_media":14349,"template":"","meta":{"_acf_changed":false},"product_brand":[],"product_cat":[1145,1911,1916],"product_tag":[],"class_list":{"0":"post-18720","1":"product","2":"type-product","3":"status-publish","4":"has-post-thumbnail","6":"product_cat-panaderia-y-pasteleria","7":"product_cat-soportes-de-base-para-tartas","8":"product_cat-tazas-es","10":"first","11":"outofstock","12":"taxable","13":"shipping-taxable","14":"purchasable","15":"product-type-simple"},"acf":[],"yoast_head":"<!-- This site is optimized with the Yoast SEO Premium plugin v26.6 (Yoast SEO v26.6) - https:\/\/yoast.com\/wordpress\/plugins\/seo\/ -->\n<title>Plato oro\/negro 9 cm por 200<\/title>\n<meta name=\"description\" content=\"Realce sus creaciones con el plato de cart\u00f3n dorado\/negro de 9 cm. Paquete de 200, ideal para reposter\u00eda, buffets y eventos.\" \/>\n<meta name=\"robots\" content=\"index, follow, max-snippet:-1, max-image-preview:large, max-video-preview:-1\" \/>\n<link rel=\"canonical\" href=\"https:\/\/www.csj-emballages.com\/es\/produit\/200-copas-de-oro-de-9-cm\/\" \/>\n<meta property=\"og:locale\" content=\"es_ES\" \/>\n<meta property=\"og:type\" content=\"article\" \/>\n<meta property=\"og:title\" content=\"Plato oro\/negro 9 cm por 200\" \/>\n<meta property=\"og:description\" content=\"Realce sus creaciones con el plato de cart\u00f3n dorado\/negro de 9 cm. Paquete de 200, ideal para reposter\u00eda, buffets y eventos.\" \/>\n<meta property=\"og:url\" content=\"https:\/\/www.csj-emballages.com\/es\/produit\/200-copas-de-oro-de-9-cm\/\" \/>\n<meta property=\"og:site_name\" content=\"CSJ Emballages\" \/>\n<meta property=\"article:publisher\" content=\"https:\/\/www.facebook.com\/csjemballages\" \/>\n<meta property=\"article:modified_time\" content=\"2026-03-12T15:06:44+00:00\" \/>\n<meta property=\"og:image\" content=\"https:\/\/www.csj-emballages.com\/wp-content\/uploads\/2024\/03\/Capture_d_ecran_2024-03-28_a_13.56.04-removebg-preview-e1711630609655.png\" \/>\n\t<meta property=\"og:image:width\" content=\"300\" \/>\n\t<meta property=\"og:image:height\" content=\"300\" \/>\n\t<meta property=\"og:image:type\" content=\"image\/png\" \/>\n<meta name=\"twitter:card\" content=\"summary_large_image\" \/>\n<meta name=\"twitter:label1\" content=\"Tiempo de lectura\" \/>\n\t<meta name=\"twitter:data1\" content=\"2 minutos\" \/>\n<script type=\"application\/ld+json\" class=\"yoast-schema-graph\">{\"@context\":\"https:\/\/schema.org\",\"@graph\":[{\"@type\":\"WebPage\",\"@id\":\"https:\/\/www.csj-emballages.com\/es\/produit\/200-copas-de-oro-de-9-cm\/\",\"url\":\"https:\/\/www.csj-emballages.com\/es\/produit\/200-copas-de-oro-de-9-cm\/\",\"name\":\"Plato oro\/negro 9 cm por 200\",\"isPartOf\":{\"@id\":\"https:\/\/www.csj-emballages.com\/es\/#website\"},\"primaryImageOfPage\":{\"@id\":\"https:\/\/www.csj-emballages.com\/es\/produit\/200-copas-de-oro-de-9-cm\/#primaryimage\"},\"image\":{\"@id\":\"https:\/\/www.csj-emballages.com\/es\/produit\/200-copas-de-oro-de-9-cm\/#primaryimage\"},\"thumbnailUrl\":\"https:\/\/www.csj-emballages.com\/wp-content\/uploads\/2024\/03\/Capture_d_ecran_2024-03-28_a_13.56.04-removebg-preview-e1711630609655.png\",\"datePublished\":\"2024-03-01T15:59:22+00:00\",\"dateModified\":\"2026-03-12T15:06:44+00:00\",\"description\":\"Realce sus creaciones con el plato de cart\u00f3n dorado\/negro de 9 cm. Paquete de 200, ideal para reposter\u00eda, buffets y eventos.\",\"breadcrumb\":{\"@id\":\"https:\/\/www.csj-emballages.com\/es\/produit\/200-copas-de-oro-de-9-cm\/#breadcrumb\"},\"inLanguage\":\"es\",\"potentialAction\":[{\"@type\":\"ReadAction\",\"target\":[\"https:\/\/www.csj-emballages.com\/es\/produit\/200-copas-de-oro-de-9-cm\/\"]}]},{\"@type\":\"ImageObject\",\"inLanguage\":\"es\",\"@id\":\"https:\/\/www.csj-emballages.com\/es\/produit\/200-copas-de-oro-de-9-cm\/#primaryimage\",\"url\":\"https:\/\/www.csj-emballages.com\/wp-content\/uploads\/2024\/03\/Capture_d_ecran_2024-03-28_a_13.56.04-removebg-preview-e1711630609655.png\",\"contentUrl\":\"https:\/\/www.csj-emballages.com\/wp-content\/uploads\/2024\/03\/Capture_d_ecran_2024-03-28_a_13.56.04-removebg-preview-e1711630609655.png\",\"width\":300,\"height\":300,\"caption\":\"Coupelle or\/noir\"},{\"@type\":\"BreadcrumbList\",\"@id\":\"https:\/\/www.csj-emballages.com\/es\/produit\/200-copas-de-oro-de-9-cm\/#breadcrumb\",\"itemListElement\":[{\"@type\":\"ListItem\",\"position\":1,\"name\":\"Accueil\",\"item\":\"https:\/\/www.csj-emballages.com\/es\/universo-del-envasado-alimentario\/\"},{\"@type\":\"ListItem\",\"position\":2,\"name\":\"Tienda\",\"item\":\"https:\/\/www.csj-emballages.com\/tienda\/\"},{\"@type\":\"ListItem\",\"position\":3,\"name\":\"Plato oro\/negro 9 cm por 200\"}]},{\"@type\":\"WebSite\",\"@id\":\"https:\/\/www.csj-emballages.com\/es\/#website\",\"url\":\"https:\/\/www.csj-emballages.com\/es\/\",\"name\":\"CSJ Emballages\",\"description\":\"\",\"publisher\":{\"@id\":\"https:\/\/www.csj-emballages.com\/es\/#organization\"},\"potentialAction\":[{\"@type\":\"SearchAction\",\"target\":{\"@type\":\"EntryPoint\",\"urlTemplate\":\"https:\/\/www.csj-emballages.com\/es\/?s={search_term_string}\"},\"query-input\":{\"@type\":\"PropertyValueSpecification\",\"valueRequired\":true,\"valueName\":\"search_term_string\"}}],\"inLanguage\":\"es\"},{\"@type\":\"Organization\",\"@id\":\"https:\/\/www.csj-emballages.com\/es\/#Organization\/\",\"name\":\"CSJ Emballages\",\"url\":\"https:\/\/www.csj-emballages.com\/es\/\",\"logo\":{\"@type\":\"ImageObject\",\"inLanguage\":\"es\",\"@id\":\"https:\/\/www.csj-emballages.com\/es\/#\/schema\/logo\/image\/\",\"url\":\"https:\/\/www.csj-emballages.com\/wp-content\/uploads\/2023\/10\/logo_csj.webp\",\"contentUrl\":\"https:\/\/www.csj-emballages.com\/wp-content\/uploads\/2023\/10\/logo_csj.webp\",\"width\":250,\"height\":95,\"caption\":\"CSJ Emballages\"},\"image\":{\"@id\":\"https:\/\/www.csj-emballages.com\/es\/#\/schema\/logo\/image\/\"},\"sameAs\":[\"https:\/\/www.facebook.com\/csjemballages\"],\"address\":{\"@type\":\"PostalAddress\",\"streetAddress\":\"ZI La Lechere\",\"addressLocality\":\"Patornay\",\"postalCode\":\"39130\",\"addressCountry\":\"FR\"},\"contactPoint\":[{\"@type\":\"ContactPoint\",\"contactType\":\"Service client\",\"telephone\":\"0384254272\",\"email\":\"contact@csj-emballages.com\"}]}]}<\/script>\n<!-- \/ Yoast SEO Premium plugin. -->","yoast_head_json":{"title":"Plato oro\/negro 9 cm por 200","description":"Realce sus creaciones con el plato de cart\u00f3n dorado\/negro de 9 cm. Paquete de 200, ideal para reposter\u00eda, buffets y eventos.","robots":{"index":"index","follow":"follow","max-snippet":"max-snippet:-1","max-image-preview":"max-image-preview:large","max-video-preview":"max-video-preview:-1"},"canonical":"https:\/\/www.csj-emballages.com\/es\/produit\/200-copas-de-oro-de-9-cm\/","og_locale":"es_ES","og_type":"article","og_title":"Plato oro\/negro 9 cm por 200","og_description":"Realce sus creaciones con el plato de cart\u00f3n dorado\/negro de 9 cm. Paquete de 200, ideal para reposter\u00eda, buffets y eventos.","og_url":"https:\/\/www.csj-emballages.com\/es\/produit\/200-copas-de-oro-de-9-cm\/","og_site_name":"CSJ Emballages","article_publisher":"https:\/\/www.facebook.com\/csjemballages","article_modified_time":"2026-03-12T15:06:44+00:00","og_image":[{"width":300,"height":300,"url":"https:\/\/www.csj-emballages.com\/wp-content\/uploads\/2024\/03\/Capture_d_ecran_2024-03-28_a_13.56.04-removebg-preview-e1711630609655.png","type":"image\/png"}],"twitter_card":"summary_large_image","twitter_misc":{"Tiempo de lectura":"2 minutos"},"schema":{"@context":"https:\/\/schema.org","@graph":[{"@type":"WebPage","@id":"https:\/\/www.csj-emballages.com\/es\/produit\/200-copas-de-oro-de-9-cm\/","url":"https:\/\/www.csj-emballages.com\/es\/produit\/200-copas-de-oro-de-9-cm\/","name":"Plato oro\/negro 9 cm por 200","isPartOf":{"@id":"https:\/\/www.csj-emballages.com\/es\/#website"},"primaryImageOfPage":{"@id":"https:\/\/www.csj-emballages.com\/es\/produit\/200-copas-de-oro-de-9-cm\/#primaryimage"},"image":{"@id":"https:\/\/www.csj-emballages.com\/es\/produit\/200-copas-de-oro-de-9-cm\/#primaryimage"},"thumbnailUrl":"https:\/\/www.csj-emballages.com\/wp-content\/uploads\/2024\/03\/Capture_d_ecran_2024-03-28_a_13.56.04-removebg-preview-e1711630609655.png","datePublished":"2024-03-01T15:59:22+00:00","dateModified":"2026-03-12T15:06:44+00:00","description":"Realce sus creaciones con el plato de cart\u00f3n dorado\/negro de 9 cm. Paquete de 200, ideal para reposter\u00eda, buffets y eventos.","breadcrumb":{"@id":"https:\/\/www.csj-emballages.com\/es\/produit\/200-copas-de-oro-de-9-cm\/#breadcrumb"},"inLanguage":"es","potentialAction":[{"@type":"ReadAction","target":["https:\/\/www.csj-emballages.com\/es\/produit\/200-copas-de-oro-de-9-cm\/"]}]},{"@type":"ImageObject","inLanguage":"es","@id":"https:\/\/www.csj-emballages.com\/es\/produit\/200-copas-de-oro-de-9-cm\/#primaryimage","url":"https:\/\/www.csj-emballages.com\/wp-content\/uploads\/2024\/03\/Capture_d_ecran_2024-03-28_a_13.56.04-removebg-preview-e1711630609655.png","contentUrl":"https:\/\/www.csj-emballages.com\/wp-content\/uploads\/2024\/03\/Capture_d_ecran_2024-03-28_a_13.56.04-removebg-preview-e1711630609655.png","width":300,"height":300,"caption":"Coupelle or\/noir"},{"@type":"BreadcrumbList","@id":"https:\/\/www.csj-emballages.com\/es\/produit\/200-copas-de-oro-de-9-cm\/#breadcrumb","itemListElement":[{"@type":"ListItem","position":1,"name":"Accueil","item":"https:\/\/www.csj-emballages.com\/es\/universo-del-envasado-alimentario\/"},{"@type":"ListItem","position":2,"name":"Tienda","item":"https:\/\/www.csj-emballages.com\/tienda\/"},{"@type":"ListItem","position":3,"name":"Plato oro\/negro 9 cm por 200"}]},{"@type":"WebSite","@id":"https:\/\/www.csj-emballages.com\/es\/#website","url":"https:\/\/www.csj-emballages.com\/es\/","name":"CSJ Emballages","description":"","publisher":{"@id":"https:\/\/www.csj-emballages.com\/es\/#organization"},"potentialAction":[{"@type":"SearchAction","target":{"@type":"EntryPoint","urlTemplate":"https:\/\/www.csj-emballages.com\/es\/?s={search_term_string}"},"query-input":{"@type":"PropertyValueSpecification","valueRequired":true,"valueName":"search_term_string"}}],"inLanguage":"es"},{"@type":"Organization","@id":"https:\/\/www.csj-emballages.com\/es\/#Organization\/","name":"CSJ Emballages","url":"https:\/\/www.csj-emballages.com\/es\/","logo":{"@type":"ImageObject","inLanguage":"es","@id":"https:\/\/www.csj-emballages.com\/es\/#\/schema\/logo\/image\/","url":"https:\/\/www.csj-emballages.com\/wp-content\/uploads\/2023\/10\/logo_csj.webp","contentUrl":"https:\/\/www.csj-emballages.com\/wp-content\/uploads\/2023\/10\/logo_csj.webp","width":250,"height":95,"caption":"CSJ Emballages"},"image":{"@id":"https:\/\/www.csj-emballages.com\/es\/#\/schema\/logo\/image\/"},"sameAs":["https:\/\/www.facebook.com\/csjemballages"],"address":{"@type":"PostalAddress","streetAddress":"ZI La Lechere","addressLocality":"Patornay","postalCode":"39130","addressCountry":"FR"},"contactPoint":[{"@type":"ContactPoint","contactType":"Service client","telephone":"0384254272","email":"contact@csj-emballages.com"}]}]}},"df_price":19.09,"df_sale_price":"","df_regular_price":19.09,"df_image_link":"https:\/\/www.csj-emballages.com\/wp-content\/uploads\/2024\/03\/Capture_d_ecran_2024-03-28_a_13.56.04-removebg-preview-300x300.png","tiered_pricing_type":"fixed","tiered_pricing_fixed_rules":[],"tiered_pricing_percentage_rules":[],"tiered_pricing_minimum":1,"tiered_pricing_roles_data":[],"_links":{"self":[{"href":"https:\/\/www.csj-emballages.com\/es\/wp-json\/wp\/v2\/product\/18720","targetHints":{"allow":["GET"]}}],"collection":[{"href":"https:\/\/www.csj-emballages.com\/es\/wp-json\/wp\/v2\/product"}],"about":[{"href":"https:\/\/www.csj-emballages.com\/es\/wp-json\/wp\/v2\/types\/product"}],"wp:featuredmedia":[{"embeddable":true,"href":"https:\/\/www.csj-emballages.com\/es\/wp-json\/wp\/v2\/media\/14349"}],"wp:attachment":[{"href":"https:\/\/www.csj-emballages.com\/es\/wp-json\/wp\/v2\/media?parent=18720"}],"wp:term":[{"taxonomy":"product_brand","embeddable":true,"href":"https:\/\/www.csj-emballages.com\/es\/wp-json\/wp\/v2\/product_brand?post=18720"},{"taxonomy":"product_cat","embeddable":true,"href":"https:\/\/www.csj-emballages.com\/es\/wp-json\/wp\/v2\/product_cat?post=18720"},{"taxonomy":"product_tag","embeddable":true,"href":"https:\/\/www.csj-emballages.com\/es\/wp-json\/wp\/v2\/product_tag?post=18720"}],"curies":[{"name":"wp","href":"https:\/\/api.w.org\/{rel}","templated":true}]}}