{"id":18713,"date":"2024-03-01T16:59:21","date_gmt":"2024-03-01T15:59:21","guid":{"rendered":"https:\/\/u15jnbdpoq.preview.infomaniak.website\/produit\/liquido-lavacristales-1-l-dispensador-orlav\/"},"modified":"2026-05-01T02:10:32","modified_gmt":"2026-05-01T00:10:32","slug":"liquido-lavacristales-1-l-dispensador-orlav","status":"publish","type":"product","link":"https:\/\/www.csj-emballages.com\/es\/produit\/liquido-lavacristales-1-l-dispensador-orlav\/","title":{"rendered":"ORLAV lavavasos l\u00edquido dispensador 1 L"},"content":{"rendered":"<h2>L\u00edquido lavavasos<\/h2>\n<div style=\"font-family: Roboto, sans-serif\">\n<div style=\"font-family: Roboto, sans-serif\">\n<div style=\"font-family: Roboto, sans-serif\">\n<div style=\"font-family: Roboto, sans-serif\">\n<div style=\"font-family: Roboto, sans-serif\">\n<div style=\"font-family: Roboto, sans-serif\">\n<hr>\n<h3>Descripci\u00f3n de nuestro lavavasos l\u00edquido dispensador ORLAV 1 L<\/h3>\n<p><!--more--><\/p>\n<p class=\"\" data-start=\"313\" data-end=\"662\"><strong data-start=\"316\" data-end=\"367\">El lavavasos ORLAV 1L con dosificador<\/strong> incorporado est\u00e1 dise\u00f1ado para satisfacer las necesidades de los profesionales de la restauraci\u00f3n, la hosteler\u00eda y la restauraci\u00f3n colectiva. Su f\u00f3rmula potente pero suave garantiza una limpieza \u00f3ptima de los vasos, sin dejar rayas ni residuos, incluso despu\u00e9s de repetidos lavados intensivos. <\/p>\n<p class=\"\" data-start=\"664\" data-end=\"1014\">Apto para todo tipo de <strong>lavavasos<\/strong>, funciona eficazmente incluso a bajas temperaturas. Elimina f\u00e1cilmente las manchas de vino, cal o detergente mal aclarado. Este producto es especialmente apreciado en establecimientos muy frecuentados, donde cada detalle cuenta: vasos limpios y brillantes, sin rastro de bruma blanquecina ni pel\u00edcula grasa.  <\/p>\n<p class=\"\" data-start=\"1016\" data-end=\"1203\">Asimismo, su <strong data-start=\"1020\" data-end=\"1038\">dosificador incorporado<\/strong> facilita un uso preciso y econ\u00f3mico: se utiliza la cantidad justa cada vez, evitando el desperdicio y optimizando al mismo tiempo el rendimiento del lavado.<\/p>\n<p class=\"\" data-start=\"1205\" data-end=\"1511\">Tanto si es usted restaurador, barman o incluso un cliente particular exigente, este <strong>l\u00edquido lavavasos<\/strong> le ahorrar\u00e1 tiempo y le garantizar\u00e1 unos resultados impecables. En resumen, con <strong>ORLAV<\/strong>, elige una marca reconocida por su fiabilidad, eficacia y cumplimiento de las normas de higiene. <\/p>\n<p data-start=\"1205\" data-end=\"1511\">\n<\/div>\n<\/div>\n<\/div>\n<\/div>\n<\/div>\n<\/div>\n<p><!--more--><\/p>\n<div style=\"font-family: Roboto, sans-serif\">\n<div style=\"font-family: Roboto, sans-serif\">\n<div style=\"font-family: Roboto, sans-serif\">\n<div style=\"font-family: Roboto, sans-serif\">\n<div style=\"font-family: Roboto, sans-serif\">\n<div style=\"font-family: Roboto, sans-serif\">\n<p><strong>Ventajas:<\/strong><\/p>\n<ul>\n<li>Limpieza potente incluso a bajas temperaturas.<\/li>\n<li>No deja rastros ni residuos.<\/li>\n<li>Pr\u00e1ctico: tap\u00f3n dosificador para uso controlado.<\/li>\n<li>Adecuado tanto para profesionales como para propietarios exigentes.<\/li>\n<li>Compatible con todas las lavadoras de cristal.<\/li>\n<\/ul>\n<\/div>\n<div style=\"font-family: Roboto, sans-serif\">\n<p>&nbsp;<\/p>\n<\/div>\n<\/div>\n<\/div>\n<\/div>\n<\/div>\n<\/div>\n<p><!--more--><\/p>\n<h4>Informaci\u00f3n adicional :<\/h4>\n<ul>\n<li><strong>Embalaje<\/strong>: Por unidad<\/li>\n<li><strong>Volumen<\/strong>: 1 litro<\/li>\n<li><strong>Aplicaci\u00f3n<\/strong>: Lavavasos<\/li>\n<\/ul>\n<p>&nbsp;<\/p>\n<p><!--more--><\/p>\n<p>Nuestro l\u00edquido lavavasos autom\u00e1tico tambi\u00e9n est\u00e1 disponible en 5 litros: <span style=\"color: #d12727\"><a style=\"color: #d12727\" href=\"https:\/\/www.csj-emballages.com\/produit\/liquide-lave-verre-automatique-5-litres\/\">02165<\/a><\/span><\/p>\n<p>&nbsp;<\/p>\n<p><!--more--><\/p>\n<p>De la gama ORLAV, descubra tambi\u00e9n nuestra sal regeneradora en bloques de 5 kg para lavavajillas: <span style=\"color: #d12727\"><a style=\"color: #d12727\" href=\"https:\/\/www.csj-emballages.com\/es\/produit\/sal-regeneradora-en-bloques-lavavajillas-5-kg-orlav\/\">01295<\/a><\/span><\/p>\n<p>&nbsp;<\/p>\n<p><!--more--><\/p>\n<p><a href=\"\/?product_cat=lave-vaiselle\">Consulta aqu\u00ed el resto de nuestra gama de lavavajillas<\/a><\/p>\n","protected":false},"excerpt":{"rendered":"<p>L\u00edquido lavavasos Descripci\u00f3n de nuestro lavavasos l\u00edquido dispensador ORLAV 1 L<\/p>\n","protected":false},"featured_media":233356,"template":"","meta":{"_acf_changed":false},"product_brand":[],"product_cat":[1226,1227,1228,1385],"product_tag":[],"class_list":{"0":"post-18713","1":"product","2":"type-product","3":"status-publish","4":"has-post-thumbnail","6":"product_cat-higiene-y-mantenimiento","7":"product_cat-productos-de-limpieza","8":"product_cat-cuidado-de-los-platos","9":"product_cat-lavavajillas","11":"first","12":"instock","13":"taxable","14":"shipping-taxable","15":"purchasable","16":"product-type-simple"},"acf":[],"yoast_head":"<!-- This site is optimized with the Yoast SEO Premium plugin v26.6 (Yoast SEO v26.6) - https:\/\/yoast.com\/wordpress\/plugins\/seo\/ -->\n<title>L\u00edquido lavavasos 1 L Dispensador ORLAV<\/title>\n<meta name=\"description\" content=\"ORLAV l\u00edquido lavavasos 1L - brillo perfecto, sin residuos. Ideal para m\u00e1quinas profesionales. Pr\u00e1ctico tap\u00f3n medidor incluido.\" \/>\n<meta name=\"robots\" content=\"index, follow, max-snippet:-1, max-image-preview:large, max-video-preview:-1\" \/>\n<link rel=\"canonical\" href=\"https:\/\/www.csj-emballages.com\/es\/produit\/liquido-lavacristales-1-l-dispensador-orlav\/\" \/>\n<meta property=\"og:locale\" content=\"es_ES\" \/>\n<meta property=\"og:type\" content=\"article\" \/>\n<meta property=\"og:title\" content=\"ORLAV lavavasos l\u00edquido dispensador 1 L\" \/>\n<meta property=\"og:description\" content=\"ORLAV l\u00edquido lavavasos 1L - brillo perfecto, sin residuos. Ideal para m\u00e1quinas profesionales. Pr\u00e1ctico tap\u00f3n medidor incluido.\" \/>\n<meta property=\"og:url\" content=\"https:\/\/www.csj-emballages.com\/es\/produit\/liquido-lavacristales-1-l-dispensador-orlav\/\" \/>\n<meta property=\"og:site_name\" content=\"CSJ Emballages\" \/>\n<meta property=\"article:publisher\" content=\"https:\/\/www.facebook.com\/csjemballages\" \/>\n<meta property=\"article:modified_time\" content=\"2026-05-01T00:10:32+00:00\" \/>\n<meta property=\"og:image\" content=\"https:\/\/www.csj-emballages.com\/wp-content\/uploads\/2024\/03\/16821.webp\" \/>\n\t<meta property=\"og:image:width\" content=\"800\" \/>\n\t<meta property=\"og:image:height\" content=\"800\" \/>\n\t<meta property=\"og:image:type\" content=\"image\/webp\" \/>\n<meta name=\"twitter:card\" content=\"summary_large_image\" \/>\n<meta name=\"twitter:label1\" content=\"Tiempo de lectura\" \/>\n\t<meta name=\"twitter:data1\" content=\"1 minuto\" \/>\n<script type=\"application\/ld+json\" class=\"yoast-schema-graph\">{\"@context\":\"https:\/\/schema.org\",\"@graph\":[{\"@type\":\"WebPage\",\"@id\":\"https:\/\/www.csj-emballages.com\/es\/produit\/liquido-lavacristales-1-l-dispensador-orlav\/\",\"url\":\"https:\/\/www.csj-emballages.com\/es\/produit\/liquido-lavacristales-1-l-dispensador-orlav\/\",\"name\":\"L\u00edquido lavavasos 1 L Dispensador ORLAV\",\"isPartOf\":{\"@id\":\"https:\/\/www.csj-emballages.com\/es\/#website\"},\"primaryImageOfPage\":{\"@id\":\"https:\/\/www.csj-emballages.com\/es\/produit\/liquido-lavacristales-1-l-dispensador-orlav\/#primaryimage\"},\"image\":{\"@id\":\"https:\/\/www.csj-emballages.com\/es\/produit\/liquido-lavacristales-1-l-dispensador-orlav\/#primaryimage\"},\"thumbnailUrl\":\"https:\/\/www.csj-emballages.com\/wp-content\/uploads\/2024\/03\/16821.webp\",\"datePublished\":\"2024-03-01T15:59:21+00:00\",\"dateModified\":\"2026-05-01T00:10:32+00:00\",\"description\":\"ORLAV l\u00edquido lavavasos 1L - brillo perfecto, sin residuos. Ideal para m\u00e1quinas profesionales. Pr\u00e1ctico tap\u00f3n medidor incluido.\",\"breadcrumb\":{\"@id\":\"https:\/\/www.csj-emballages.com\/es\/produit\/liquido-lavacristales-1-l-dispensador-orlav\/#breadcrumb\"},\"inLanguage\":\"es\",\"potentialAction\":[{\"@type\":\"ReadAction\",\"target\":[\"https:\/\/www.csj-emballages.com\/es\/produit\/liquido-lavacristales-1-l-dispensador-orlav\/\"]}]},{\"@type\":\"ImageObject\",\"inLanguage\":\"es\",\"@id\":\"https:\/\/www.csj-emballages.com\/es\/produit\/liquido-lavacristales-1-l-dispensador-orlav\/#primaryimage\",\"url\":\"https:\/\/www.csj-emballages.com\/wp-content\/uploads\/2024\/03\/16821.webp\",\"contentUrl\":\"https:\/\/www.csj-emballages.com\/wp-content\/uploads\/2024\/03\/16821.webp\",\"width\":800,\"height\":800,\"caption\":\"Liquide lave verre\"},{\"@type\":\"BreadcrumbList\",\"@id\":\"https:\/\/www.csj-emballages.com\/es\/produit\/liquido-lavacristales-1-l-dispensador-orlav\/#breadcrumb\",\"itemListElement\":[{\"@type\":\"ListItem\",\"position\":1,\"name\":\"Accueil\",\"item\":\"https:\/\/www.csj-emballages.com\/es\/universo-del-envasado-alimentario\/\"},{\"@type\":\"ListItem\",\"position\":2,\"name\":\"Tienda\",\"item\":\"https:\/\/www.csj-emballages.com\/tienda\/\"},{\"@type\":\"ListItem\",\"position\":3,\"name\":\"ORLAV lavavasos l\u00edquido dispensador 1 L\"}]},{\"@type\":\"WebSite\",\"@id\":\"https:\/\/www.csj-emballages.com\/es\/#website\",\"url\":\"https:\/\/www.csj-emballages.com\/es\/\",\"name\":\"CSJ Emballages\",\"description\":\"\",\"publisher\":{\"@id\":\"https:\/\/www.csj-emballages.com\/es\/#organization\"},\"potentialAction\":[{\"@type\":\"SearchAction\",\"target\":{\"@type\":\"EntryPoint\",\"urlTemplate\":\"https:\/\/www.csj-emballages.com\/es\/?s={search_term_string}\"},\"query-input\":{\"@type\":\"PropertyValueSpecification\",\"valueRequired\":true,\"valueName\":\"search_term_string\"}}],\"inLanguage\":\"es\"},{\"@type\":\"Organization\",\"@id\":\"https:\/\/www.csj-emballages.com\/es\/#Organization\/\",\"name\":\"CSJ Emballages\",\"url\":\"https:\/\/www.csj-emballages.com\/es\/\",\"logo\":{\"@type\":\"ImageObject\",\"inLanguage\":\"es\",\"@id\":\"https:\/\/www.csj-emballages.com\/es\/#\/schema\/logo\/image\/\",\"url\":\"https:\/\/www.csj-emballages.com\/wp-content\/uploads\/2023\/10\/logo_csj.webp\",\"contentUrl\":\"https:\/\/www.csj-emballages.com\/wp-content\/uploads\/2023\/10\/logo_csj.webp\",\"width\":250,\"height\":95,\"caption\":\"CSJ Emballages\"},\"image\":{\"@id\":\"https:\/\/www.csj-emballages.com\/es\/#\/schema\/logo\/image\/\"},\"sameAs\":[\"https:\/\/www.facebook.com\/csjemballages\"],\"address\":{\"@type\":\"PostalAddress\",\"streetAddress\":\"ZI La Lechere\",\"addressLocality\":\"Patornay\",\"postalCode\":\"39130\",\"addressCountry\":\"FR\"},\"contactPoint\":[{\"@type\":\"ContactPoint\",\"contactType\":\"Service client\",\"telephone\":\"0384254272\",\"email\":\"contact@csj-emballages.com\"}]}]}<\/script>\n<!-- \/ Yoast SEO Premium plugin. -->","yoast_head_json":{"title":"L\u00edquido lavavasos 1 L Dispensador ORLAV","description":"ORLAV l\u00edquido lavavasos 1L - brillo perfecto, sin residuos. Ideal para m\u00e1quinas profesionales. Pr\u00e1ctico tap\u00f3n medidor incluido.","robots":{"index":"index","follow":"follow","max-snippet":"max-snippet:-1","max-image-preview":"max-image-preview:large","max-video-preview":"max-video-preview:-1"},"canonical":"https:\/\/www.csj-emballages.com\/es\/produit\/liquido-lavacristales-1-l-dispensador-orlav\/","og_locale":"es_ES","og_type":"article","og_title":"ORLAV lavavasos l\u00edquido dispensador 1 L","og_description":"ORLAV l\u00edquido lavavasos 1L - brillo perfecto, sin residuos. Ideal para m\u00e1quinas profesionales. Pr\u00e1ctico tap\u00f3n medidor incluido.","og_url":"https:\/\/www.csj-emballages.com\/es\/produit\/liquido-lavacristales-1-l-dispensador-orlav\/","og_site_name":"CSJ Emballages","article_publisher":"https:\/\/www.facebook.com\/csjemballages","article_modified_time":"2026-05-01T00:10:32+00:00","og_image":[{"width":800,"height":800,"url":"https:\/\/www.csj-emballages.com\/wp-content\/uploads\/2024\/03\/16821.webp","type":"image\/webp"}],"twitter_card":"summary_large_image","twitter_misc":{"Tiempo de lectura":"1 minuto"},"schema":{"@context":"https:\/\/schema.org","@graph":[{"@type":"WebPage","@id":"https:\/\/www.csj-emballages.com\/es\/produit\/liquido-lavacristales-1-l-dispensador-orlav\/","url":"https:\/\/www.csj-emballages.com\/es\/produit\/liquido-lavacristales-1-l-dispensador-orlav\/","name":"L\u00edquido lavavasos 1 L Dispensador ORLAV","isPartOf":{"@id":"https:\/\/www.csj-emballages.com\/es\/#website"},"primaryImageOfPage":{"@id":"https:\/\/www.csj-emballages.com\/es\/produit\/liquido-lavacristales-1-l-dispensador-orlav\/#primaryimage"},"image":{"@id":"https:\/\/www.csj-emballages.com\/es\/produit\/liquido-lavacristales-1-l-dispensador-orlav\/#primaryimage"},"thumbnailUrl":"https:\/\/www.csj-emballages.com\/wp-content\/uploads\/2024\/03\/16821.webp","datePublished":"2024-03-01T15:59:21+00:00","dateModified":"2026-05-01T00:10:32+00:00","description":"ORLAV l\u00edquido lavavasos 1L - brillo perfecto, sin residuos. Ideal para m\u00e1quinas profesionales. Pr\u00e1ctico tap\u00f3n medidor incluido.","breadcrumb":{"@id":"https:\/\/www.csj-emballages.com\/es\/produit\/liquido-lavacristales-1-l-dispensador-orlav\/#breadcrumb"},"inLanguage":"es","potentialAction":[{"@type":"ReadAction","target":["https:\/\/www.csj-emballages.com\/es\/produit\/liquido-lavacristales-1-l-dispensador-orlav\/"]}]},{"@type":"ImageObject","inLanguage":"es","@id":"https:\/\/www.csj-emballages.com\/es\/produit\/liquido-lavacristales-1-l-dispensador-orlav\/#primaryimage","url":"https:\/\/www.csj-emballages.com\/wp-content\/uploads\/2024\/03\/16821.webp","contentUrl":"https:\/\/www.csj-emballages.com\/wp-content\/uploads\/2024\/03\/16821.webp","width":800,"height":800,"caption":"Liquide lave verre"},{"@type":"BreadcrumbList","@id":"https:\/\/www.csj-emballages.com\/es\/produit\/liquido-lavacristales-1-l-dispensador-orlav\/#breadcrumb","itemListElement":[{"@type":"ListItem","position":1,"name":"Accueil","item":"https:\/\/www.csj-emballages.com\/es\/universo-del-envasado-alimentario\/"},{"@type":"ListItem","position":2,"name":"Tienda","item":"https:\/\/www.csj-emballages.com\/tienda\/"},{"@type":"ListItem","position":3,"name":"ORLAV lavavasos l\u00edquido dispensador 1 L"}]},{"@type":"WebSite","@id":"https:\/\/www.csj-emballages.com\/es\/#website","url":"https:\/\/www.csj-emballages.com\/es\/","name":"CSJ Emballages","description":"","publisher":{"@id":"https:\/\/www.csj-emballages.com\/es\/#organization"},"potentialAction":[{"@type":"SearchAction","target":{"@type":"EntryPoint","urlTemplate":"https:\/\/www.csj-emballages.com\/es\/?s={search_term_string}"},"query-input":{"@type":"PropertyValueSpecification","valueRequired":true,"valueName":"search_term_string"}}],"inLanguage":"es"},{"@type":"Organization","@id":"https:\/\/www.csj-emballages.com\/es\/#Organization\/","name":"CSJ Emballages","url":"https:\/\/www.csj-emballages.com\/es\/","logo":{"@type":"ImageObject","inLanguage":"es","@id":"https:\/\/www.csj-emballages.com\/es\/#\/schema\/logo\/image\/","url":"https:\/\/www.csj-emballages.com\/wp-content\/uploads\/2023\/10\/logo_csj.webp","contentUrl":"https:\/\/www.csj-emballages.com\/wp-content\/uploads\/2023\/10\/logo_csj.webp","width":250,"height":95,"caption":"CSJ Emballages"},"image":{"@id":"https:\/\/www.csj-emballages.com\/es\/#\/schema\/logo\/image\/"},"sameAs":["https:\/\/www.facebook.com\/csjemballages"],"address":{"@type":"PostalAddress","streetAddress":"ZI La Lechere","addressLocality":"Patornay","postalCode":"39130","addressCountry":"FR"},"contactPoint":[{"@type":"ContactPoint","contactType":"Service client","telephone":"0384254272","email":"contact@csj-emballages.com"}]}]}},"df_price":6.62,"df_sale_price":"","df_regular_price":6.62,"df_image_link":"https:\/\/www.csj-emballages.com\/wp-content\/uploads\/2024\/03\/16821-300x300.webp","tiered_pricing_type":"fixed","tiered_pricing_fixed_rules":[],"tiered_pricing_percentage_rules":[],"tiered_pricing_minimum":1,"tiered_pricing_roles_data":[],"_links":{"self":[{"href":"https:\/\/www.csj-emballages.com\/es\/wp-json\/wp\/v2\/product\/18713","targetHints":{"allow":["GET"]}}],"collection":[{"href":"https:\/\/www.csj-emballages.com\/es\/wp-json\/wp\/v2\/product"}],"about":[{"href":"https:\/\/www.csj-emballages.com\/es\/wp-json\/wp\/v2\/types\/product"}],"wp:featuredmedia":[{"embeddable":true,"href":"https:\/\/www.csj-emballages.com\/es\/wp-json\/wp\/v2\/media\/233356"}],"wp:attachment":[{"href":"https:\/\/www.csj-emballages.com\/es\/wp-json\/wp\/v2\/media?parent=18713"}],"wp:term":[{"taxonomy":"product_brand","embeddable":true,"href":"https:\/\/www.csj-emballages.com\/es\/wp-json\/wp\/v2\/product_brand?post=18713"},{"taxonomy":"product_cat","embeddable":true,"href":"https:\/\/www.csj-emballages.com\/es\/wp-json\/wp\/v2\/product_cat?post=18713"},{"taxonomy":"product_tag","embeddable":true,"href":"https:\/\/www.csj-emballages.com\/es\/wp-json\/wp\/v2\/product_tag?post=18713"}],"curies":[{"name":"wp","href":"https:\/\/api.w.org\/{rel}","templated":true}]}}