{"id":18706,"date":"2024-03-01T16:59:21","date_gmt":"2024-03-01T15:59:21","guid":{"rendered":"https:\/\/u15jnbdpoq.preview.infomaniak.website\/produit\/escoba-con-boquilla-flexible-recta-azul-40-cm\/"},"modified":"2026-03-12T16:06:53","modified_gmt":"2026-03-12T15:06:53","slug":"escoba-con-boquilla-flexible-recta-azul-40-cm","status":"publish","type":"product","link":"https:\/\/www.csj-emballages.com\/es\/produit\/escoba-con-boquilla-flexible-recta-azul-40-cm\/","title":{"rendered":"Cepillo flexible azul con casquillo inclinado de 40 cm"},"content":{"rendered":"<h2>Escoba<\/h2>\n<hr>\n<h3>Descripci\u00f3n de nuestra escoba con casquillo inclinado flexible azul de 40 cm<!--more--><\/h3>\n<div class=\"flex max-w-full flex-col flex-grow\">\n<div class=\"min-h-8 text-message flex w-full flex-col items-end gap-2 whitespace-normal break-words text-start [.text-message+&amp;]:mt-5\" dir=\"auto\" data-message-author-role=\"assistant\" data-message-id=\"266ca6f3-5e07-4948-bd20-80ac5e6da4a5\" data-message-model-slug=\"gpt-4o\">\n<div class=\"flex w-full flex-col gap-1 empty:hidden first:pt-[3px]\">\n<div class=\"markdown prose w-full break-words dark:prose-invert dark\">\n<p data-start=\"261\" data-end=\"643\">Esta <strong>escoba con casquillo inclinado<\/strong> de <strong data-start=\"289\" data-end=\"298\">40 cm<\/strong> est\u00e1 claramente pensada para que la limpieza sea m\u00e1s sencilla y eficaz, incluso en las zonas complicadas. Gracias a su \u00e1ngulo inclinado, se desliza de forma natural a lo largo de las paredes, debajo de los equipos y en las esquinas sin que tenga que forzar la mu\u00f1eca. El gesto sigue siendo fluido, el barrido es limpio y el suelo queda limpio m\u00e1s r\u00e1pidamente.  <\/p>\n<p data-start=\"645\" data-end=\"982\">Sus <strong>fibras flexibles<\/strong> atrapan el polvo, los peque\u00f1os residuos y los restos ligeros sin dispersarlos. Barre eficazmente a la vez que se mantiene lo suficientemente suave como para no da\u00f1ar las superficies. Es una verdadera ventaja para el uso diario, especialmente en entornos profesionales donde la limpieza debe ser impecable.  <\/p>\n<p data-start=\"984\" data-end=\"1275\">Con sus <strong data-start=\"993\" data-end=\"1013\">40 cm de ancho<\/strong>, esta escoba cubre una buena superficie en cada pasada. Resultado: ahorra tiempo y energ\u00eda, sobre todo en las zonas grandes. Su <strong>color azul<\/strong> tambi\u00e9n permite una identificaci\u00f3n r\u00e1pida del material, lo que resulta pr\u00e1ctico para organizar la limpieza por zonas o por uso.  <\/p>\n<p data-start=\"1277\" data-end=\"1555\">El <strong>casquillo inclinado<\/strong> garantiza una buena estabilidad del mango y una comodidad de uso apreciable, incluso durante una limpieza prolongada. Ya sea para un taller, una cocina profesional, un local t\u00e9cnico o una zona de almacenamiento, esta escoba se adapta f\u00e1cilmente a sus necesidades. <\/p>\n<p data-start=\"1557\" data-end=\"1701\">En resumen, es una herramienta fiable, agradable de usar y dise\u00f1ada para acompa\u00f1arle eficazmente en sus tareas de limpieza, d\u00eda tras d\u00eda.<\/p>\n<p data-start=\"1557\" data-end=\"1701\">\n<\/div>\n<\/div>\n<\/div>\n<\/div>\n<p><!--more--><\/p>\n<h4>Ventajas :<\/h4>\n<ul>\n<li data-start=\"1705\" data-end=\"1748\"><strong>L\u00e1mina de espuma<\/strong> <strong>blanca<\/strong> flexible y eficaz.<\/li>\n<li data-start=\"1751\" data-end=\"1798\"><strong>Ancho de 45 cm<\/strong> ideal para una limpieza r\u00e1pida.<\/li>\n<li data-start=\"1801\" data-end=\"1834\">Adaptada a las normas alimentarias.<\/li>\n<li data-start=\"1837\" data-end=\"1875\">Excelente recogida de l\u00edquidos.<\/li>\n<li data-start=\"1878\" data-end=\"1914\">Uso c\u00f3modo y preciso.<\/li>\n<li data-start=\"1917\" data-end=\"1961\">Adecuada para entornos profesionales.<\/li>\n<\/ul>\n<p>&nbsp;<\/p>\n<p><!--more--><\/p>\n<h4>Informaci\u00f3n adicional :<\/h4>\n<ul>\n<li><strong>Embalaje<\/strong>: Se vende individualmente<\/li>\n<li><strong>Longitud<\/strong>: 45 cm<\/li>\n<li><b>Color: <\/b>Blanco<\/li>\n<li><strong>Uso<\/strong>: Alimentaci\u00f3n<\/li>\n<\/ul>\n<p>&nbsp;<\/p>\n<p><!--more--><\/p>\n<p><a href=\"https:\/\/www.csj-emballages.com\/es\/categorie-produit\/higiene-y-mantenimiento\/cepillos-y-escobas\/raclette-es\/\">Ver el resto de nuestra gama de raclette<\/a><\/p>\n","protected":false},"excerpt":{"rendered":"<p>Escoba Descripci\u00f3n de nuestra escoba con casquillo inclinado flexible azul de 40 cm<\/p>\n","protected":false},"featured_media":97990,"template":"","meta":{"_acf_changed":false},"product_brand":[],"product_cat":[1226,1420,1832,1835],"product_tag":[],"class_list":{"0":"post-18706","1":"product","2":"type-product","3":"status-publish","4":"has-post-thumbnail","6":"product_cat-higiene-y-mantenimiento","7":"product_cat-cepillos-y-escobas","8":"product_cat-escoba-cepillo-plumero","9":"product_cat-escobas-barredoras-plumeros","11":"first","12":"instock","13":"taxable","14":"shipping-taxable","15":"purchasable","16":"product-type-simple"},"acf":[],"yoast_head":"<!-- This site is optimized with the Yoast SEO Premium plugin v26.6 (Yoast SEO v26.6) - https:\/\/yoast.com\/wordpress\/plugins\/seo\/ -->\n<title>Escoba con casquillo inclinado flexible azul de 40 cm<\/title>\n<meta name=\"description\" content=\"Escoba con casquillo inclinado flexible azul de 40 cm, ideal para la limpieza profesional. Eficaz, manejable y perfecta para llegar a las zonas dif\u00edciles.\" \/>\n<meta name=\"robots\" content=\"index, follow, max-snippet:-1, max-image-preview:large, max-video-preview:-1\" \/>\n<link rel=\"canonical\" href=\"https:\/\/www.csj-emballages.com\/es\/produit\/escoba-con-boquilla-flexible-recta-azul-40-cm\/\" \/>\n<meta property=\"og:locale\" content=\"es_ES\" \/>\n<meta property=\"og:type\" content=\"article\" \/>\n<meta property=\"og:title\" content=\"Cepillo flexible azul con casquillo inclinado de 40 cm\" \/>\n<meta property=\"og:description\" content=\"Escoba con casquillo inclinado flexible azul de 40 cm, ideal para la limpieza profesional. Eficaz, manejable y perfecta para llegar a las zonas dif\u00edciles.\" \/>\n<meta property=\"og:url\" content=\"https:\/\/www.csj-emballages.com\/es\/produit\/escoba-con-boquilla-flexible-recta-azul-40-cm\/\" \/>\n<meta property=\"og:site_name\" content=\"CSJ Emballages\" \/>\n<meta property=\"article:publisher\" content=\"https:\/\/www.facebook.com\/csjemballages\" \/>\n<meta property=\"article:modified_time\" content=\"2026-03-12T15:06:53+00:00\" \/>\n<meta property=\"og:image\" content=\"https:\/\/www.csj-emballages.com\/wp-content\/uploads\/2024\/03\/balai-alimentaire-30cm-dur-douille-inclinee-jpg-e1726837250715.webp\" \/>\n\t<meta property=\"og:image:width\" content=\"800\" \/>\n\t<meta property=\"og:image:height\" content=\"800\" \/>\n\t<meta property=\"og:image:type\" content=\"image\/jpeg\" \/>\n<meta name=\"twitter:card\" content=\"summary_large_image\" \/>\n<meta name=\"twitter:label1\" content=\"Tiempo de lectura\" \/>\n\t<meta name=\"twitter:data1\" content=\"2 minutos\" \/>\n<script type=\"application\/ld+json\" class=\"yoast-schema-graph\">{\"@context\":\"https:\/\/schema.org\",\"@graph\":[{\"@type\":\"WebPage\",\"@id\":\"https:\/\/www.csj-emballages.com\/es\/produit\/escoba-con-boquilla-flexible-recta-azul-40-cm\/\",\"url\":\"https:\/\/www.csj-emballages.com\/es\/produit\/escoba-con-boquilla-flexible-recta-azul-40-cm\/\",\"name\":\"Escoba con casquillo inclinado flexible azul de 40 cm\",\"isPartOf\":{\"@id\":\"https:\/\/www.csj-emballages.com\/es\/#website\"},\"primaryImageOfPage\":{\"@id\":\"https:\/\/www.csj-emballages.com\/es\/produit\/escoba-con-boquilla-flexible-recta-azul-40-cm\/#primaryimage\"},\"image\":{\"@id\":\"https:\/\/www.csj-emballages.com\/es\/produit\/escoba-con-boquilla-flexible-recta-azul-40-cm\/#primaryimage\"},\"thumbnailUrl\":\"https:\/\/www.csj-emballages.com\/wp-content\/uploads\/2024\/03\/balai-alimentaire-30cm-dur-douille-inclinee-jpg-e1726837250715.webp\",\"datePublished\":\"2024-03-01T15:59:21+00:00\",\"dateModified\":\"2026-03-12T15:06:53+00:00\",\"description\":\"Escoba con casquillo inclinado flexible azul de 40 cm, ideal para la limpieza profesional. Eficaz, manejable y perfecta para llegar a las zonas dif\u00edciles.\",\"breadcrumb\":{\"@id\":\"https:\/\/www.csj-emballages.com\/es\/produit\/escoba-con-boquilla-flexible-recta-azul-40-cm\/#breadcrumb\"},\"inLanguage\":\"es\",\"potentialAction\":[{\"@type\":\"ReadAction\",\"target\":[\"https:\/\/www.csj-emballages.com\/es\/produit\/escoba-con-boquilla-flexible-recta-azul-40-cm\/\"]}]},{\"@type\":\"ImageObject\",\"inLanguage\":\"es\",\"@id\":\"https:\/\/www.csj-emballages.com\/es\/produit\/escoba-con-boquilla-flexible-recta-azul-40-cm\/#primaryimage\",\"url\":\"https:\/\/www.csj-emballages.com\/wp-content\/uploads\/2024\/03\/balai-alimentaire-30cm-dur-douille-inclinee-jpg-e1726837250715.webp\",\"contentUrl\":\"https:\/\/www.csj-emballages.com\/wp-content\/uploads\/2024\/03\/balai-alimentaire-30cm-dur-douille-inclinee-jpg-e1726837250715.webp\",\"width\":800,\"height\":800},{\"@type\":\"BreadcrumbList\",\"@id\":\"https:\/\/www.csj-emballages.com\/es\/produit\/escoba-con-boquilla-flexible-recta-azul-40-cm\/#breadcrumb\",\"itemListElement\":[{\"@type\":\"ListItem\",\"position\":1,\"name\":\"Accueil\",\"item\":\"https:\/\/www.csj-emballages.com\/es\/universo-del-envasado-alimentario\/\"},{\"@type\":\"ListItem\",\"position\":2,\"name\":\"Tienda\",\"item\":\"https:\/\/www.csj-emballages.com\/tienda\/\"},{\"@type\":\"ListItem\",\"position\":3,\"name\":\"Cepillo flexible azul con casquillo inclinado de 40 cm\"}]},{\"@type\":\"WebSite\",\"@id\":\"https:\/\/www.csj-emballages.com\/es\/#website\",\"url\":\"https:\/\/www.csj-emballages.com\/es\/\",\"name\":\"CSJ Emballages\",\"description\":\"\",\"publisher\":{\"@id\":\"https:\/\/www.csj-emballages.com\/es\/#organization\"},\"potentialAction\":[{\"@type\":\"SearchAction\",\"target\":{\"@type\":\"EntryPoint\",\"urlTemplate\":\"https:\/\/www.csj-emballages.com\/es\/?s={search_term_string}\"},\"query-input\":{\"@type\":\"PropertyValueSpecification\",\"valueRequired\":true,\"valueName\":\"search_term_string\"}}],\"inLanguage\":\"es\"},{\"@type\":\"Organization\",\"@id\":\"https:\/\/www.csj-emballages.com\/es\/#Organization\/\",\"name\":\"CSJ Emballages\",\"url\":\"https:\/\/www.csj-emballages.com\/es\/\",\"logo\":{\"@type\":\"ImageObject\",\"inLanguage\":\"es\",\"@id\":\"https:\/\/www.csj-emballages.com\/es\/#\/schema\/logo\/image\/\",\"url\":\"https:\/\/www.csj-emballages.com\/wp-content\/uploads\/2023\/10\/logo_csj.webp\",\"contentUrl\":\"https:\/\/www.csj-emballages.com\/wp-content\/uploads\/2023\/10\/logo_csj.webp\",\"width\":250,\"height\":95,\"caption\":\"CSJ Emballages\"},\"image\":{\"@id\":\"https:\/\/www.csj-emballages.com\/es\/#\/schema\/logo\/image\/\"},\"sameAs\":[\"https:\/\/www.facebook.com\/csjemballages\"],\"address\":{\"@type\":\"PostalAddress\",\"streetAddress\":\"ZI La Lechere\",\"addressLocality\":\"Patornay\",\"postalCode\":\"39130\",\"addressCountry\":\"FR\"},\"contactPoint\":[{\"@type\":\"ContactPoint\",\"contactType\":\"Service client\",\"telephone\":\"0384254272\",\"email\":\"contact@csj-emballages.com\"}]}]}<\/script>\n<!-- \/ Yoast SEO Premium plugin. -->","yoast_head_json":{"title":"Escoba con casquillo inclinado flexible azul de 40 cm","description":"Escoba con casquillo inclinado flexible azul de 40 cm, ideal para la limpieza profesional. Eficaz, manejable y perfecta para llegar a las zonas dif\u00edciles.","robots":{"index":"index","follow":"follow","max-snippet":"max-snippet:-1","max-image-preview":"max-image-preview:large","max-video-preview":"max-video-preview:-1"},"canonical":"https:\/\/www.csj-emballages.com\/es\/produit\/escoba-con-boquilla-flexible-recta-azul-40-cm\/","og_locale":"es_ES","og_type":"article","og_title":"Cepillo flexible azul con casquillo inclinado de 40 cm","og_description":"Escoba con casquillo inclinado flexible azul de 40 cm, ideal para la limpieza profesional. Eficaz, manejable y perfecta para llegar a las zonas dif\u00edciles.","og_url":"https:\/\/www.csj-emballages.com\/es\/produit\/escoba-con-boquilla-flexible-recta-azul-40-cm\/","og_site_name":"CSJ Emballages","article_publisher":"https:\/\/www.facebook.com\/csjemballages","article_modified_time":"2026-03-12T15:06:53+00:00","og_image":[{"width":800,"height":800,"url":"https:\/\/www.csj-emballages.com\/wp-content\/uploads\/2024\/03\/balai-alimentaire-30cm-dur-douille-inclinee-jpg-e1726837250715.webp","type":"image\/jpeg"}],"twitter_card":"summary_large_image","twitter_misc":{"Tiempo de lectura":"2 minutos"},"schema":{"@context":"https:\/\/schema.org","@graph":[{"@type":"WebPage","@id":"https:\/\/www.csj-emballages.com\/es\/produit\/escoba-con-boquilla-flexible-recta-azul-40-cm\/","url":"https:\/\/www.csj-emballages.com\/es\/produit\/escoba-con-boquilla-flexible-recta-azul-40-cm\/","name":"Escoba con casquillo inclinado flexible azul de 40 cm","isPartOf":{"@id":"https:\/\/www.csj-emballages.com\/es\/#website"},"primaryImageOfPage":{"@id":"https:\/\/www.csj-emballages.com\/es\/produit\/escoba-con-boquilla-flexible-recta-azul-40-cm\/#primaryimage"},"image":{"@id":"https:\/\/www.csj-emballages.com\/es\/produit\/escoba-con-boquilla-flexible-recta-azul-40-cm\/#primaryimage"},"thumbnailUrl":"https:\/\/www.csj-emballages.com\/wp-content\/uploads\/2024\/03\/balai-alimentaire-30cm-dur-douille-inclinee-jpg-e1726837250715.webp","datePublished":"2024-03-01T15:59:21+00:00","dateModified":"2026-03-12T15:06:53+00:00","description":"Escoba con casquillo inclinado flexible azul de 40 cm, ideal para la limpieza profesional. Eficaz, manejable y perfecta para llegar a las zonas dif\u00edciles.","breadcrumb":{"@id":"https:\/\/www.csj-emballages.com\/es\/produit\/escoba-con-boquilla-flexible-recta-azul-40-cm\/#breadcrumb"},"inLanguage":"es","potentialAction":[{"@type":"ReadAction","target":["https:\/\/www.csj-emballages.com\/es\/produit\/escoba-con-boquilla-flexible-recta-azul-40-cm\/"]}]},{"@type":"ImageObject","inLanguage":"es","@id":"https:\/\/www.csj-emballages.com\/es\/produit\/escoba-con-boquilla-flexible-recta-azul-40-cm\/#primaryimage","url":"https:\/\/www.csj-emballages.com\/wp-content\/uploads\/2024\/03\/balai-alimentaire-30cm-dur-douille-inclinee-jpg-e1726837250715.webp","contentUrl":"https:\/\/www.csj-emballages.com\/wp-content\/uploads\/2024\/03\/balai-alimentaire-30cm-dur-douille-inclinee-jpg-e1726837250715.webp","width":800,"height":800},{"@type":"BreadcrumbList","@id":"https:\/\/www.csj-emballages.com\/es\/produit\/escoba-con-boquilla-flexible-recta-azul-40-cm\/#breadcrumb","itemListElement":[{"@type":"ListItem","position":1,"name":"Accueil","item":"https:\/\/www.csj-emballages.com\/es\/universo-del-envasado-alimentario\/"},{"@type":"ListItem","position":2,"name":"Tienda","item":"https:\/\/www.csj-emballages.com\/tienda\/"},{"@type":"ListItem","position":3,"name":"Cepillo flexible azul con casquillo inclinado de 40 cm"}]},{"@type":"WebSite","@id":"https:\/\/www.csj-emballages.com\/es\/#website","url":"https:\/\/www.csj-emballages.com\/es\/","name":"CSJ Emballages","description":"","publisher":{"@id":"https:\/\/www.csj-emballages.com\/es\/#organization"},"potentialAction":[{"@type":"SearchAction","target":{"@type":"EntryPoint","urlTemplate":"https:\/\/www.csj-emballages.com\/es\/?s={search_term_string}"},"query-input":{"@type":"PropertyValueSpecification","valueRequired":true,"valueName":"search_term_string"}}],"inLanguage":"es"},{"@type":"Organization","@id":"https:\/\/www.csj-emballages.com\/es\/#Organization\/","name":"CSJ Emballages","url":"https:\/\/www.csj-emballages.com\/es\/","logo":{"@type":"ImageObject","inLanguage":"es","@id":"https:\/\/www.csj-emballages.com\/es\/#\/schema\/logo\/image\/","url":"https:\/\/www.csj-emballages.com\/wp-content\/uploads\/2023\/10\/logo_csj.webp","contentUrl":"https:\/\/www.csj-emballages.com\/wp-content\/uploads\/2023\/10\/logo_csj.webp","width":250,"height":95,"caption":"CSJ Emballages"},"image":{"@id":"https:\/\/www.csj-emballages.com\/es\/#\/schema\/logo\/image\/"},"sameAs":["https:\/\/www.facebook.com\/csjemballages"],"address":{"@type":"PostalAddress","streetAddress":"ZI La Lechere","addressLocality":"Patornay","postalCode":"39130","addressCountry":"FR"},"contactPoint":[{"@type":"ContactPoint","contactType":"Service client","telephone":"0384254272","email":"contact@csj-emballages.com"}]}]}},"df_price":20.34,"df_sale_price":"","df_regular_price":20.34,"df_image_link":"https:\/\/www.csj-emballages.com\/wp-content\/uploads\/2024\/03\/balai-alimentaire-30cm-dur-douille-inclinee-300x300.webp","tiered_pricing_type":"fixed","tiered_pricing_fixed_rules":[],"tiered_pricing_percentage_rules":[],"tiered_pricing_minimum":1,"tiered_pricing_roles_data":[],"_links":{"self":[{"href":"https:\/\/www.csj-emballages.com\/es\/wp-json\/wp\/v2\/product\/18706","targetHints":{"allow":["GET"]}}],"collection":[{"href":"https:\/\/www.csj-emballages.com\/es\/wp-json\/wp\/v2\/product"}],"about":[{"href":"https:\/\/www.csj-emballages.com\/es\/wp-json\/wp\/v2\/types\/product"}],"wp:featuredmedia":[{"embeddable":true,"href":"https:\/\/www.csj-emballages.com\/es\/wp-json\/wp\/v2\/media\/97990"}],"wp:attachment":[{"href":"https:\/\/www.csj-emballages.com\/es\/wp-json\/wp\/v2\/media?parent=18706"}],"wp:term":[{"taxonomy":"product_brand","embeddable":true,"href":"https:\/\/www.csj-emballages.com\/es\/wp-json\/wp\/v2\/product_brand?post=18706"},{"taxonomy":"product_cat","embeddable":true,"href":"https:\/\/www.csj-emballages.com\/es\/wp-json\/wp\/v2\/product_cat?post=18706"},{"taxonomy":"product_tag","embeddable":true,"href":"https:\/\/www.csj-emballages.com\/es\/wp-json\/wp\/v2\/product_tag?post=18706"}],"curies":[{"name":"wp","href":"https:\/\/api.w.org\/{rel}","templated":true}]}}