{"id":18687,"date":"2024-03-01T16:57:38","date_gmt":"2024-03-01T15:57:38","guid":{"rendered":"https:\/\/u15jnbdpoq.preview.infomaniak.website\/produit\/plumero-telescopico-de-90-cm\/"},"modified":"2026-04-28T02:11:39","modified_gmt":"2026-04-28T00:11:39","slug":"plumero-telescopico-de-90-cm","status":"publish","type":"product","link":"https:\/\/www.csj-emballages.com\/es\/produit\/plumero-telescopico-de-90-cm\/","title":{"rendered":"Plumero telesc\u00f3pico de 90 cm"},"content":{"rendered":"<h2>Plumeau<\/h2>\n<hr>\n<h3>Descripci\u00f3n de nuestro plumero telesc\u00f3pico de 90 cm<!--more--><\/h3>\n<div class=\"flex max-w-full flex-col flex-grow\">\n<div class=\"min-h-8 text-message flex w-full flex-col items-end gap-2 whitespace-normal break-words text-start [.text-message+&amp;]:mt-5\" dir=\"auto\" data-message-author-role=\"assistant\" data-message-id=\"266ca6f3-5e07-4948-bd20-80ac5e6da4a5\" data-message-model-slug=\"gpt-4o\">\n<div class=\"flex w-full flex-col gap-1 empty:hidden first:pt-[3px]\">\n<div class=\"markdown prose w-full break-words dark:prose-invert dark\">\n<p data-start=\"178\" data-end=\"613\">Quitar el polvo nunca es la tarea m\u00e1s motivadora&#8230; excepto cuando se tiene la herramienta adecuada. Este <strong data-start=\"287\" data-end=\"320\">plumero telesc\u00f3pico de 90 cm<\/strong> ha sido dise\u00f1ado precisamente para que la limpieza sea m\u00e1s sencilla, r\u00e1pida y, sobre todo, menos engorrosa. Gracias a su longitud ajustable, permite alcanzar f\u00e1cilmente las zonas altas sin subirse a una silla o una escalera de mano. Se acabaron las contorsiones innecesarias, todo se vuelve m\u00e1s accesible.   <\/p>\n<p data-start=\"615\" data-end=\"996\">Su cabezal <strong>atrapa el polvo<\/strong> en lugar de desplazarlo. Se desliza sin esfuerzo sobre estanter\u00edas, muebles, marcos, l\u00e1mparas o incluso por encima de los armarios. En pocas pasadas, las superficies recuperan un aspecto limpio y n\u00edtido. Adem\u00e1s, su estructura ligera ofrece un buen agarre, lo que permite limpiar sin cansarse, incluso durante una limpieza prolongada.   <\/p>\n<p data-start=\"998\" data-end=\"1310\">Adem\u00e1s, el sistema telesc\u00f3pico se adapta a sus necesidades. Puede ajustar la longitud seg\u00fan la zona que vaya a limpiar, ya sea un rinc\u00f3n de dif\u00edcil acceso o una superficie m\u00e1s baja. Una vez terminada la limpieza, el <strong>plumero<\/strong> se guarda f\u00e1cilmente sin ocupar espacio, lo que siempre es de agradecer en el d\u00eda a d\u00eda.  <\/p>\n<p data-start=\"1312\" data-end=\"1545\">Ya sea para uso dom\u00e9stico, profesional o en colectividades, este <strong>plumero<\/strong> se convierte r\u00e1pidamente en un indispensable. Permite ahorrar tiempo, evitar esfuerzos innecesarios y mantener un entorno limpio m\u00e1s f\u00e1cilmente. <\/p>\n<p data-start=\"1547\" data-end=\"1719\">En resumen, este <strong>plumero telesc\u00f3pico<\/strong> no se limita a quitar el polvo: simplifica realmente su rutina de limpieza, a la vez que sigue siendo pr\u00e1ctico y agradable de usar.<\/p>\n<h3><\/h3>\n<\/div>\n<\/div>\n<\/div>\n<\/div>\n<p><!--more--><\/p>\n<h4>Ventajas :<\/h4>\n<ul>\n<li data-start=\"140\" data-end=\"207\">Permite alcanzar f\u00e1cilmente las zonas altas sin necesidad de escalera.<\/li>\n<li data-start=\"210\" data-end=\"262\"><strong>Longitud telesc\u00f3pica<\/strong> <strong>ajustable<\/strong> seg\u00fan las necesidades.<\/li>\n<li data-start=\"265\" data-end=\"312\">Atrapa el polvo en lugar de dispersarlo.<\/li>\n<li data-start=\"315\" data-end=\"363\">Ligero y agradable de manejar, incluso durante un tiempo prolongado.<\/li>\n<li data-start=\"366\" data-end=\"431\">Ideal para muebles, estanter\u00edas, l\u00e1mparas y rincones de dif\u00edcil acceso.<\/li>\n<li data-start=\"434\" data-end=\"478\">Ahorro de tiempo durante la limpieza diaria.<\/li>\n<\/ul>\n<p>&nbsp;<\/p>\n<p><!--more--><\/p>\n<h4>Informaci\u00f3n adicional :<\/h4>\n<ul>\n<li><strong>Embalaje<\/strong>: Se vende individualmente<\/li>\n<li><b>Color: <\/b>Blanco<\/li>\n<li><strong>Material<\/strong>: Polipropileno<\/li>\n<\/ul>\n<p>&nbsp;<\/p>\n<p><!--more--><\/p>\n<p><a href=\"https:\/\/www.csj-emballages.com\/es\/categorie-produit\/higiene-y-mantenimiento\/accesorios\/\">Ver el resto de nuestra gama de accesorios de higiene<\/a><\/p>\n","protected":false},"excerpt":{"rendered":"<p>Plumeau Descripci\u00f3n de nuestro plumero telesc\u00f3pico de 90 cm<\/p>\n","protected":false},"featured_media":221063,"template":"","meta":{"_acf_changed":false},"product_brand":[],"product_cat":[1226,1716,1420,1832,1835],"product_tag":[],"class_list":{"0":"post-18687","1":"product","2":"type-product","3":"status-publish","4":"has-post-thumbnail","6":"product_cat-higiene-y-mantenimiento","7":"product_cat-accesorios","8":"product_cat-cepillos-y-escobas","9":"product_cat-escoba-cepillo-plumero","10":"product_cat-escobas-barredoras-plumeros","11":"product_shipping_class-no-permitido-en-reles","13":"first","14":"instock","15":"taxable","16":"shipping-taxable","17":"purchasable","18":"product-type-simple"},"acf":[],"yoast_head":"<!-- This site is optimized with the Yoast SEO Premium plugin v26.6 (Yoast SEO v26.6) - https:\/\/yoast.com\/wordpress\/plugins\/seo\/ -->\n<title>Plumero telesc\u00f3pico de 90 cm<\/title>\n<meta name=\"description\" content=\"Plumero telesc\u00f3pico de 90 cm. Limpieza f\u00e1cil y eficaz. Gracias a su mango extensible y a sus fibras electrost\u00e1ticas, atrapa el polvo sin esfuerzo.\" \/>\n<meta name=\"robots\" content=\"index, follow, max-snippet:-1, max-image-preview:large, max-video-preview:-1\" \/>\n<link rel=\"canonical\" href=\"https:\/\/www.csj-emballages.com\/es\/produit\/plumero-telescopico-de-90-cm\/\" \/>\n<meta property=\"og:locale\" content=\"es_ES\" \/>\n<meta property=\"og:type\" content=\"article\" \/>\n<meta property=\"og:title\" content=\"Plumero telesc\u00f3pico de 90 cm\" \/>\n<meta property=\"og:description\" content=\"Plumero telesc\u00f3pico de 90 cm. Limpieza f\u00e1cil y eficaz. Gracias a su mango extensible y a sus fibras electrost\u00e1ticas, atrapa el polvo sin esfuerzo.\" \/>\n<meta property=\"og:url\" content=\"https:\/\/www.csj-emballages.com\/es\/produit\/plumero-telescopico-de-90-cm\/\" \/>\n<meta property=\"og:site_name\" content=\"CSJ Emballages\" \/>\n<meta property=\"article:publisher\" content=\"https:\/\/www.facebook.com\/csjemballages\" \/>\n<meta property=\"article:modified_time\" content=\"2026-04-28T00:11:39+00:00\" \/>\n<meta property=\"og:image\" content=\"https:\/\/www.csj-emballages.com\/wp-content\/uploads\/2024\/03\/Plumeau.webp\" \/>\n\t<meta property=\"og:image:width\" content=\"800\" \/>\n\t<meta property=\"og:image:height\" content=\"800\" \/>\n\t<meta property=\"og:image:type\" content=\"image\/webp\" \/>\n<meta name=\"twitter:card\" content=\"summary_large_image\" \/>\n<meta name=\"twitter:label1\" content=\"Tiempo de lectura\" \/>\n\t<meta name=\"twitter:data1\" content=\"2 minutos\" \/>\n<script type=\"application\/ld+json\" class=\"yoast-schema-graph\">{\"@context\":\"https:\/\/schema.org\",\"@graph\":[{\"@type\":\"WebPage\",\"@id\":\"https:\/\/www.csj-emballages.com\/es\/produit\/plumero-telescopico-de-90-cm\/\",\"url\":\"https:\/\/www.csj-emballages.com\/es\/produit\/plumero-telescopico-de-90-cm\/\",\"name\":\"Plumero telesc\u00f3pico de 90 cm\",\"isPartOf\":{\"@id\":\"https:\/\/www.csj-emballages.com\/es\/#website\"},\"primaryImageOfPage\":{\"@id\":\"https:\/\/www.csj-emballages.com\/es\/produit\/plumero-telescopico-de-90-cm\/#primaryimage\"},\"image\":{\"@id\":\"https:\/\/www.csj-emballages.com\/es\/produit\/plumero-telescopico-de-90-cm\/#primaryimage\"},\"thumbnailUrl\":\"https:\/\/www.csj-emballages.com\/wp-content\/uploads\/2024\/03\/Plumeau.webp\",\"datePublished\":\"2024-03-01T15:57:38+00:00\",\"dateModified\":\"2026-04-28T00:11:39+00:00\",\"description\":\"Plumero telesc\u00f3pico de 90 cm. Limpieza f\u00e1cil y eficaz. Gracias a su mango extensible y a sus fibras electrost\u00e1ticas, atrapa el polvo sin esfuerzo.\",\"breadcrumb\":{\"@id\":\"https:\/\/www.csj-emballages.com\/es\/produit\/plumero-telescopico-de-90-cm\/#breadcrumb\"},\"inLanguage\":\"es\",\"potentialAction\":[{\"@type\":\"ReadAction\",\"target\":[\"https:\/\/www.csj-emballages.com\/es\/produit\/plumero-telescopico-de-90-cm\/\"]}]},{\"@type\":\"ImageObject\",\"inLanguage\":\"es\",\"@id\":\"https:\/\/www.csj-emballages.com\/es\/produit\/plumero-telescopico-de-90-cm\/#primaryimage\",\"url\":\"https:\/\/www.csj-emballages.com\/wp-content\/uploads\/2024\/03\/Plumeau.webp\",\"contentUrl\":\"https:\/\/www.csj-emballages.com\/wp-content\/uploads\/2024\/03\/Plumeau.webp\",\"width\":800,\"height\":800,\"caption\":\"Plumeau\"},{\"@type\":\"BreadcrumbList\",\"@id\":\"https:\/\/www.csj-emballages.com\/es\/produit\/plumero-telescopico-de-90-cm\/#breadcrumb\",\"itemListElement\":[{\"@type\":\"ListItem\",\"position\":1,\"name\":\"Accueil\",\"item\":\"https:\/\/www.csj-emballages.com\/es\/universo-del-envasado-alimentario\/\"},{\"@type\":\"ListItem\",\"position\":2,\"name\":\"Tienda\",\"item\":\"https:\/\/www.csj-emballages.com\/tienda\/\"},{\"@type\":\"ListItem\",\"position\":3,\"name\":\"Plumero telesc\u00f3pico de 90 cm\"}]},{\"@type\":\"WebSite\",\"@id\":\"https:\/\/www.csj-emballages.com\/es\/#website\",\"url\":\"https:\/\/www.csj-emballages.com\/es\/\",\"name\":\"CSJ Emballages\",\"description\":\"\",\"publisher\":{\"@id\":\"https:\/\/www.csj-emballages.com\/es\/#organization\"},\"potentialAction\":[{\"@type\":\"SearchAction\",\"target\":{\"@type\":\"EntryPoint\",\"urlTemplate\":\"https:\/\/www.csj-emballages.com\/es\/?s={search_term_string}\"},\"query-input\":{\"@type\":\"PropertyValueSpecification\",\"valueRequired\":true,\"valueName\":\"search_term_string\"}}],\"inLanguage\":\"es\"},{\"@type\":\"Organization\",\"@id\":\"https:\/\/www.csj-emballages.com\/es\/#Organization\/\",\"name\":\"CSJ Emballages\",\"url\":\"https:\/\/www.csj-emballages.com\/es\/\",\"logo\":{\"@type\":\"ImageObject\",\"inLanguage\":\"es\",\"@id\":\"https:\/\/www.csj-emballages.com\/es\/#\/schema\/logo\/image\/\",\"url\":\"https:\/\/www.csj-emballages.com\/wp-content\/uploads\/2023\/10\/logo_csj.webp\",\"contentUrl\":\"https:\/\/www.csj-emballages.com\/wp-content\/uploads\/2023\/10\/logo_csj.webp\",\"width\":250,\"height\":95,\"caption\":\"CSJ Emballages\"},\"image\":{\"@id\":\"https:\/\/www.csj-emballages.com\/es\/#\/schema\/logo\/image\/\"},\"sameAs\":[\"https:\/\/www.facebook.com\/csjemballages\"],\"address\":{\"@type\":\"PostalAddress\",\"streetAddress\":\"ZI La Lechere\",\"addressLocality\":\"Patornay\",\"postalCode\":\"39130\",\"addressCountry\":\"FR\"},\"contactPoint\":[{\"@type\":\"ContactPoint\",\"contactType\":\"Service client\",\"telephone\":\"0384254272\",\"email\":\"contact@csj-emballages.com\"}]}]}<\/script>\n<!-- \/ Yoast SEO Premium plugin. -->","yoast_head_json":{"title":"Plumero telesc\u00f3pico de 90 cm","description":"Plumero telesc\u00f3pico de 90 cm. Limpieza f\u00e1cil y eficaz. Gracias a su mango extensible y a sus fibras electrost\u00e1ticas, atrapa el polvo sin esfuerzo.","robots":{"index":"index","follow":"follow","max-snippet":"max-snippet:-1","max-image-preview":"max-image-preview:large","max-video-preview":"max-video-preview:-1"},"canonical":"https:\/\/www.csj-emballages.com\/es\/produit\/plumero-telescopico-de-90-cm\/","og_locale":"es_ES","og_type":"article","og_title":"Plumero telesc\u00f3pico de 90 cm","og_description":"Plumero telesc\u00f3pico de 90 cm. Limpieza f\u00e1cil y eficaz. Gracias a su mango extensible y a sus fibras electrost\u00e1ticas, atrapa el polvo sin esfuerzo.","og_url":"https:\/\/www.csj-emballages.com\/es\/produit\/plumero-telescopico-de-90-cm\/","og_site_name":"CSJ Emballages","article_publisher":"https:\/\/www.facebook.com\/csjemballages","article_modified_time":"2026-04-28T00:11:39+00:00","og_image":[{"width":800,"height":800,"url":"https:\/\/www.csj-emballages.com\/wp-content\/uploads\/2024\/03\/Plumeau.webp","type":"image\/webp"}],"twitter_card":"summary_large_image","twitter_misc":{"Tiempo de lectura":"2 minutos"},"schema":{"@context":"https:\/\/schema.org","@graph":[{"@type":"WebPage","@id":"https:\/\/www.csj-emballages.com\/es\/produit\/plumero-telescopico-de-90-cm\/","url":"https:\/\/www.csj-emballages.com\/es\/produit\/plumero-telescopico-de-90-cm\/","name":"Plumero telesc\u00f3pico de 90 cm","isPartOf":{"@id":"https:\/\/www.csj-emballages.com\/es\/#website"},"primaryImageOfPage":{"@id":"https:\/\/www.csj-emballages.com\/es\/produit\/plumero-telescopico-de-90-cm\/#primaryimage"},"image":{"@id":"https:\/\/www.csj-emballages.com\/es\/produit\/plumero-telescopico-de-90-cm\/#primaryimage"},"thumbnailUrl":"https:\/\/www.csj-emballages.com\/wp-content\/uploads\/2024\/03\/Plumeau.webp","datePublished":"2024-03-01T15:57:38+00:00","dateModified":"2026-04-28T00:11:39+00:00","description":"Plumero telesc\u00f3pico de 90 cm. Limpieza f\u00e1cil y eficaz. Gracias a su mango extensible y a sus fibras electrost\u00e1ticas, atrapa el polvo sin esfuerzo.","breadcrumb":{"@id":"https:\/\/www.csj-emballages.com\/es\/produit\/plumero-telescopico-de-90-cm\/#breadcrumb"},"inLanguage":"es","potentialAction":[{"@type":"ReadAction","target":["https:\/\/www.csj-emballages.com\/es\/produit\/plumero-telescopico-de-90-cm\/"]}]},{"@type":"ImageObject","inLanguage":"es","@id":"https:\/\/www.csj-emballages.com\/es\/produit\/plumero-telescopico-de-90-cm\/#primaryimage","url":"https:\/\/www.csj-emballages.com\/wp-content\/uploads\/2024\/03\/Plumeau.webp","contentUrl":"https:\/\/www.csj-emballages.com\/wp-content\/uploads\/2024\/03\/Plumeau.webp","width":800,"height":800,"caption":"Plumeau"},{"@type":"BreadcrumbList","@id":"https:\/\/www.csj-emballages.com\/es\/produit\/plumero-telescopico-de-90-cm\/#breadcrumb","itemListElement":[{"@type":"ListItem","position":1,"name":"Accueil","item":"https:\/\/www.csj-emballages.com\/es\/universo-del-envasado-alimentario\/"},{"@type":"ListItem","position":2,"name":"Tienda","item":"https:\/\/www.csj-emballages.com\/tienda\/"},{"@type":"ListItem","position":3,"name":"Plumero telesc\u00f3pico de 90 cm"}]},{"@type":"WebSite","@id":"https:\/\/www.csj-emballages.com\/es\/#website","url":"https:\/\/www.csj-emballages.com\/es\/","name":"CSJ Emballages","description":"","publisher":{"@id":"https:\/\/www.csj-emballages.com\/es\/#organization"},"potentialAction":[{"@type":"SearchAction","target":{"@type":"EntryPoint","urlTemplate":"https:\/\/www.csj-emballages.com\/es\/?s={search_term_string}"},"query-input":{"@type":"PropertyValueSpecification","valueRequired":true,"valueName":"search_term_string"}}],"inLanguage":"es"},{"@type":"Organization","@id":"https:\/\/www.csj-emballages.com\/es\/#Organization\/","name":"CSJ Emballages","url":"https:\/\/www.csj-emballages.com\/es\/","logo":{"@type":"ImageObject","inLanguage":"es","@id":"https:\/\/www.csj-emballages.com\/es\/#\/schema\/logo\/image\/","url":"https:\/\/www.csj-emballages.com\/wp-content\/uploads\/2023\/10\/logo_csj.webp","contentUrl":"https:\/\/www.csj-emballages.com\/wp-content\/uploads\/2023\/10\/logo_csj.webp","width":250,"height":95,"caption":"CSJ Emballages"},"image":{"@id":"https:\/\/www.csj-emballages.com\/es\/#\/schema\/logo\/image\/"},"sameAs":["https:\/\/www.facebook.com\/csjemballages"],"address":{"@type":"PostalAddress","streetAddress":"ZI La Lechere","addressLocality":"Patornay","postalCode":"39130","addressCountry":"FR"},"contactPoint":[{"@type":"ContactPoint","contactType":"Service client","telephone":"0384254272","email":"contact@csj-emballages.com"}]}]}},"df_price":2.69,"df_sale_price":"","df_regular_price":2.69,"df_image_link":"https:\/\/www.csj-emballages.com\/wp-content\/uploads\/2024\/03\/Plumeau-300x300.webp","tiered_pricing_type":"fixed","tiered_pricing_fixed_rules":[],"tiered_pricing_percentage_rules":[],"tiered_pricing_minimum":1,"tiered_pricing_roles_data":[],"_links":{"self":[{"href":"https:\/\/www.csj-emballages.com\/es\/wp-json\/wp\/v2\/product\/18687","targetHints":{"allow":["GET"]}}],"collection":[{"href":"https:\/\/www.csj-emballages.com\/es\/wp-json\/wp\/v2\/product"}],"about":[{"href":"https:\/\/www.csj-emballages.com\/es\/wp-json\/wp\/v2\/types\/product"}],"wp:featuredmedia":[{"embeddable":true,"href":"https:\/\/www.csj-emballages.com\/es\/wp-json\/wp\/v2\/media\/221063"}],"wp:attachment":[{"href":"https:\/\/www.csj-emballages.com\/es\/wp-json\/wp\/v2\/media?parent=18687"}],"wp:term":[{"taxonomy":"product_brand","embeddable":true,"href":"https:\/\/www.csj-emballages.com\/es\/wp-json\/wp\/v2\/product_brand?post=18687"},{"taxonomy":"product_cat","embeddable":true,"href":"https:\/\/www.csj-emballages.com\/es\/wp-json\/wp\/v2\/product_cat?post=18687"},{"taxonomy":"product_tag","embeddable":true,"href":"https:\/\/www.csj-emballages.com\/es\/wp-json\/wp\/v2\/product_tag?post=18687"}],"curies":[{"name":"wp","href":"https:\/\/api.w.org\/{rel}","templated":true}]}}