{"id":18681,"date":"2024-03-01T16:57:40","date_gmt":"2024-03-01T15:57:40","guid":{"rendered":"https:\/\/u15jnbdpoq.preview.infomaniak.website\/produit\/5l-de-liquido-desincrustante-para-maquinas-senet\/"},"modified":"2026-04-03T02:12:35","modified_gmt":"2026-04-03T00:12:35","slug":"5l-de-liquido-desincrustante-para-maquinas-senet","status":"publish","type":"product","link":"https:\/\/www.csj-emballages.com\/es\/produit\/5l-de-liquido-desincrustante-para-maquinas-senet\/","title":{"rendered":"Desincrustadora 5L"},"content":{"rendered":"<h2>Desincrustadora 5L<\/h2>\n<hr>\n<h3>Descripci\u00f3n de nuestro desincrustante para m\u00e1quinas de 5L<\/h3>\n<p><!--more--><\/p>\n<p class=\"\" data-start=\"130\" data-end=\"676\">La cal es uno de los enemigos m\u00e1s temibles de las m\u00e1quinas profesionales: obstruye los circuitos, disminuye el rendimiento, aumenta el consumo de energ\u00eda e incluso puede reducir la vida \u00fatil de sus equipos. Este potente <strong data-start=\"406\" data-end=\"431\">desincrustante para m\u00e1quinas de 5 L<\/strong>, dise\u00f1ado para uso profesional, es la soluci\u00f3n ideal para eliminar eficazmente los dep\u00f3sitos de cal de todos sus aparatos: cafeteras, lavavajillas, hervidores industriales, ba\u00f1os mar\u00eda, m\u00e1quinas de hielo, etc. <\/p>\n<p class=\"\" data-start=\"678\" data-end=\"1073\">Su f\u00f3rmula concentrada disuelve r\u00e1pidamente los restos de cal, respetando los componentes de sus aparatos. F\u00e1cil de usar, basta con diluir el producto en funci\u00f3n del nivel de cal, dejarlo actuar y aclarar abundantemente. En s\u00f3lo unos minutos, sus aparatos recuperar\u00e1n su rendimiento original, su eficacia energ\u00e9tica y su vida \u00fatil.  <\/p>\n<p class=\"\" data-start=\"1075\" data-end=\"1403\">Ideal para <strong data-start=\"1090\" data-end=\"1105\">restaurantes<\/strong>, <strong data-start=\"1107\" data-end=\"1117\">hoteles<\/strong> y <strong data-start=\"1119\" data-end=\"1136\">autoridades locales<\/strong>, pero tambi\u00e9n para <strong data-start=\"1158\" data-end=\"1170\">artesanos<\/strong> y <strong data-start=\"1178\" data-end=\"1204\">clientes particulares exigentes<\/strong>, este <strong>bid\u00f3n de 5 L<\/strong> ofrece un excelente rendimiento: una peque\u00f1a cantidad es todo lo que necesita para el mantenimiento regular. No solo es una buena relaci\u00f3n calidad-precio, sino que tambi\u00e9n es bueno para el medio ambiente, ya que prolonga la vida \u00fatil de su equipo. <\/p>\n<p class=\"\" data-start=\"1405\" data-end=\"1545\">Y no deje que la cal se acumule: con este <strong>desincrustante<\/strong> profesional, podr\u00e1 mantener f\u00e1cilmente sus m\u00e1quinas como un experto.<\/p>\n<p data-start=\"1405\" data-end=\"1545\">\n<p><!--more--><\/p>\n<h4>Ventajas:<\/h4>\n<ul>\n<li>Elimina r\u00e1pidamente los dep\u00f3sitos de cal.<\/li>\n<li>F\u00f3rmula concentrada de alto rendimiento.<\/li>\n<li>Compatible con una amplia gama de m\u00e1quinas (caf\u00e9, vajilla, etc.).<\/li>\n<li>Prolonga la vida \u00fatil de su equipo.<\/li>\n<li>Reduce el consumo de energ\u00eda.<\/li>\n<li>Uso sencillo y eficaz.<\/li>\n<\/ul>\n<p>&nbsp;<\/p>\n<p><!--more--><\/p>\n<h4>Instrucciones de uso :<\/h4>\n<p>No utilice la bomba dosificadora autom\u00e1tica de lavado. Si es necesario, desact\u00edvela. Utilice desincrustante \u00e1cido diluido en una proporci\u00f3n del 5 al 10% del volumen de agua, en funci\u00f3n de la acumulaci\u00f3n de cal en las m\u00e1quinas. Vac\u00ede el dep\u00f3sito y acl\u00e1relo varias veces con agua limpia. Repita la operaci\u00f3n si es necesario. Utilice el desincrustante puro para m\u00e1quinas pulverizando sobre los equipos de dif\u00edcil acceso. Deje actuar el producto* hasta que la cal haya desaparecido por completo y, a continuaci\u00f3n, aclare a fondo. *Dependiendo de la superficie, no deje actuar m\u00e1s de 30 minutos. Repita la operaci\u00f3n si es necesario. (Para su propia protecci\u00f3n, aseg\u00farese de llevar los EPI indicados en el apartado 8 de la FDS).        <\/p>\n<p>&nbsp;<\/p>\n<p><!--more--><\/p>\n<h4>Informaci\u00f3n adicional :<\/h4>\n<ul>\n<li><strong>Embalaje<\/strong>: Por unidad<\/li>\n<li><strong>Color<\/strong>: Incoloro<\/li>\n<li><strong>Volumen<\/strong>: 5 litros<\/li>\n<li><strong>Uso<\/strong>: Descalcificadora<\/li>\n<li><strong>pH <\/strong>: &lt;2<\/li>\n<\/ul>\n<p>&nbsp;<\/p>\n<p><!--more--><\/p>\n<p>Encuentre aqu\u00ed nuestro desincrustante para lavavajillas autom\u00e1ticos, 5 litros: <span style=\"color: #d12727;\"><a style=\"color: #d12727;\" href=\"https:\/\/www.csj-emballages.com\/es\/produit\/desincrustante-para-lavavajillas-automaticos\/\">62355<\/a><\/span><\/p>\n<p>&nbsp;<\/p>\n<p><!--more--><\/p>\n<p><a href=\"https:\/\/www.csj-emballages.com\/es\/categorie-produit\/higiene-y-mantenimiento\/productos-de-limpieza\/cocina\/\">Ver el resto de nuestra gama de productos para el cuidado de la cocina<\/a><\/p>\n","protected":false},"excerpt":{"rendered":"<p>Desincrustadora 5L Descripci\u00f3n de nuestro desincrustante para m\u00e1quinas de 5L<\/p>\n","protected":false},"featured_media":233239,"template":"","meta":{"_acf_changed":false},"product_brand":[],"product_cat":[1226,1227,1355],"product_tag":[],"class_list":{"0":"post-18681","1":"product","2":"type-product","3":"status-publish","4":"has-post-thumbnail","6":"product_cat-higiene-y-mantenimiento","7":"product_cat-productos-de-limpieza","8":"product_cat-cocina","9":"product_shipping_class-no-permitido-en-reles","11":"first","12":"instock","13":"taxable","14":"shipping-taxable","15":"purchasable","16":"product-type-simple"},"acf":[],"yoast_head":"<!-- This site is optimized with the Yoast SEO Premium plugin v26.6 (Yoast SEO v26.6) - https:\/\/yoast.com\/wordpress\/plugins\/seo\/ -->\n<title>Desincrustadora 5L<\/title>\n<meta name=\"description\" content=\"Desincrustante para m\u00e1quinas 5L - Elimina eficazmente la cal y alarga la vida de su equipo. Ideal para lavavajillas, cafeteras, etc.\" \/>\n<meta name=\"robots\" content=\"index, follow, max-snippet:-1, max-image-preview:large, max-video-preview:-1\" \/>\n<link rel=\"canonical\" href=\"https:\/\/www.csj-emballages.com\/es\/produit\/5l-de-liquido-desincrustante-para-maquinas-senet\/\" \/>\n<meta property=\"og:locale\" content=\"es_ES\" \/>\n<meta property=\"og:type\" content=\"article\" \/>\n<meta property=\"og:title\" content=\"Desincrustadora 5L\" \/>\n<meta property=\"og:description\" content=\"Desincrustante para m\u00e1quinas 5L - Elimina eficazmente la cal y alarga la vida de su equipo. Ideal para lavavajillas, cafeteras, etc.\" \/>\n<meta property=\"og:url\" content=\"https:\/\/www.csj-emballages.com\/es\/produit\/5l-de-liquido-desincrustante-para-maquinas-senet\/\" \/>\n<meta property=\"og:site_name\" content=\"CSJ Emballages\" \/>\n<meta property=\"article:publisher\" content=\"https:\/\/www.facebook.com\/csjemballages\" \/>\n<meta property=\"article:modified_time\" content=\"2026-04-03T00:12:35+00:00\" \/>\n<meta property=\"og:image\" content=\"https:\/\/www.csj-emballages.com\/wp-content\/uploads\/2024\/03\/62345.webp\" \/>\n\t<meta property=\"og:image:width\" content=\"800\" \/>\n\t<meta property=\"og:image:height\" content=\"800\" \/>\n\t<meta property=\"og:image:type\" content=\"image\/webp\" \/>\n<meta name=\"twitter:card\" content=\"summary_large_image\" \/>\n<meta name=\"twitter:label1\" content=\"Tiempo de lectura\" \/>\n\t<meta name=\"twitter:data1\" content=\"2 minutos\" \/>\n<script type=\"application\/ld+json\" class=\"yoast-schema-graph\">{\"@context\":\"https:\/\/schema.org\",\"@graph\":[{\"@type\":\"WebPage\",\"@id\":\"https:\/\/www.csj-emballages.com\/es\/produit\/5l-de-liquido-desincrustante-para-maquinas-senet\/\",\"url\":\"https:\/\/www.csj-emballages.com\/es\/produit\/5l-de-liquido-desincrustante-para-maquinas-senet\/\",\"name\":\"Desincrustadora 5L\",\"isPartOf\":{\"@id\":\"https:\/\/www.csj-emballages.com\/es\/#website\"},\"primaryImageOfPage\":{\"@id\":\"https:\/\/www.csj-emballages.com\/es\/produit\/5l-de-liquido-desincrustante-para-maquinas-senet\/#primaryimage\"},\"image\":{\"@id\":\"https:\/\/www.csj-emballages.com\/es\/produit\/5l-de-liquido-desincrustante-para-maquinas-senet\/#primaryimage\"},\"thumbnailUrl\":\"https:\/\/www.csj-emballages.com\/wp-content\/uploads\/2024\/03\/62345.webp\",\"datePublished\":\"2024-03-01T15:57:40+00:00\",\"dateModified\":\"2026-04-03T00:12:35+00:00\",\"description\":\"Desincrustante para m\u00e1quinas 5L - Elimina eficazmente la cal y alarga la vida de su equipo. Ideal para lavavajillas, cafeteras, etc.\",\"breadcrumb\":{\"@id\":\"https:\/\/www.csj-emballages.com\/es\/produit\/5l-de-liquido-desincrustante-para-maquinas-senet\/#breadcrumb\"},\"inLanguage\":\"es\",\"potentialAction\":[{\"@type\":\"ReadAction\",\"target\":[\"https:\/\/www.csj-emballages.com\/es\/produit\/5l-de-liquido-desincrustante-para-maquinas-senet\/\"]}]},{\"@type\":\"ImageObject\",\"inLanguage\":\"es\",\"@id\":\"https:\/\/www.csj-emballages.com\/es\/produit\/5l-de-liquido-desincrustante-para-maquinas-senet\/#primaryimage\",\"url\":\"https:\/\/www.csj-emballages.com\/wp-content\/uploads\/2024\/03\/62345.webp\",\"contentUrl\":\"https:\/\/www.csj-emballages.com\/wp-content\/uploads\/2024\/03\/62345.webp\",\"width\":800,\"height\":800,\"caption\":\"D\u00e9tartrant machine 5L\"},{\"@type\":\"BreadcrumbList\",\"@id\":\"https:\/\/www.csj-emballages.com\/es\/produit\/5l-de-liquido-desincrustante-para-maquinas-senet\/#breadcrumb\",\"itemListElement\":[{\"@type\":\"ListItem\",\"position\":1,\"name\":\"Accueil\",\"item\":\"https:\/\/www.csj-emballages.com\/es\/universo-del-envasado-alimentario\/\"},{\"@type\":\"ListItem\",\"position\":2,\"name\":\"Tienda\",\"item\":\"https:\/\/www.csj-emballages.com\/tienda\/\"},{\"@type\":\"ListItem\",\"position\":3,\"name\":\"Desincrustadora 5L\"}]},{\"@type\":\"WebSite\",\"@id\":\"https:\/\/www.csj-emballages.com\/es\/#website\",\"url\":\"https:\/\/www.csj-emballages.com\/es\/\",\"name\":\"CSJ Emballages\",\"description\":\"\",\"publisher\":{\"@id\":\"https:\/\/www.csj-emballages.com\/es\/#organization\"},\"potentialAction\":[{\"@type\":\"SearchAction\",\"target\":{\"@type\":\"EntryPoint\",\"urlTemplate\":\"https:\/\/www.csj-emballages.com\/es\/?s={search_term_string}\"},\"query-input\":{\"@type\":\"PropertyValueSpecification\",\"valueRequired\":true,\"valueName\":\"search_term_string\"}}],\"inLanguage\":\"es\"},{\"@type\":\"Organization\",\"@id\":\"https:\/\/www.csj-emballages.com\/es\/#Organization\/\",\"name\":\"CSJ Emballages\",\"url\":\"https:\/\/www.csj-emballages.com\/es\/\",\"logo\":{\"@type\":\"ImageObject\",\"inLanguage\":\"es\",\"@id\":\"https:\/\/www.csj-emballages.com\/es\/#\/schema\/logo\/image\/\",\"url\":\"https:\/\/www.csj-emballages.com\/wp-content\/uploads\/2023\/10\/logo_csj.webp\",\"contentUrl\":\"https:\/\/www.csj-emballages.com\/wp-content\/uploads\/2023\/10\/logo_csj.webp\",\"width\":250,\"height\":95,\"caption\":\"CSJ Emballages\"},\"image\":{\"@id\":\"https:\/\/www.csj-emballages.com\/es\/#\/schema\/logo\/image\/\"},\"sameAs\":[\"https:\/\/www.facebook.com\/csjemballages\"],\"address\":{\"@type\":\"PostalAddress\",\"streetAddress\":\"ZI La Lechere\",\"addressLocality\":\"Patornay\",\"postalCode\":\"39130\",\"addressCountry\":\"FR\"},\"contactPoint\":[{\"@type\":\"ContactPoint\",\"contactType\":\"Service client\",\"telephone\":\"0384254272\",\"email\":\"contact@csj-emballages.com\"}]}]}<\/script>\n<!-- \/ Yoast SEO Premium plugin. -->","yoast_head_json":{"title":"Desincrustadora 5L","description":"Desincrustante para m\u00e1quinas 5L - Elimina eficazmente la cal y alarga la vida de su equipo. Ideal para lavavajillas, cafeteras, etc.","robots":{"index":"index","follow":"follow","max-snippet":"max-snippet:-1","max-image-preview":"max-image-preview:large","max-video-preview":"max-video-preview:-1"},"canonical":"https:\/\/www.csj-emballages.com\/es\/produit\/5l-de-liquido-desincrustante-para-maquinas-senet\/","og_locale":"es_ES","og_type":"article","og_title":"Desincrustadora 5L","og_description":"Desincrustante para m\u00e1quinas 5L - Elimina eficazmente la cal y alarga la vida de su equipo. Ideal para lavavajillas, cafeteras, etc.","og_url":"https:\/\/www.csj-emballages.com\/es\/produit\/5l-de-liquido-desincrustante-para-maquinas-senet\/","og_site_name":"CSJ Emballages","article_publisher":"https:\/\/www.facebook.com\/csjemballages","article_modified_time":"2026-04-03T00:12:35+00:00","og_image":[{"width":800,"height":800,"url":"https:\/\/www.csj-emballages.com\/wp-content\/uploads\/2024\/03\/62345.webp","type":"image\/webp"}],"twitter_card":"summary_large_image","twitter_misc":{"Tiempo de lectura":"2 minutos"},"schema":{"@context":"https:\/\/schema.org","@graph":[{"@type":"WebPage","@id":"https:\/\/www.csj-emballages.com\/es\/produit\/5l-de-liquido-desincrustante-para-maquinas-senet\/","url":"https:\/\/www.csj-emballages.com\/es\/produit\/5l-de-liquido-desincrustante-para-maquinas-senet\/","name":"Desincrustadora 5L","isPartOf":{"@id":"https:\/\/www.csj-emballages.com\/es\/#website"},"primaryImageOfPage":{"@id":"https:\/\/www.csj-emballages.com\/es\/produit\/5l-de-liquido-desincrustante-para-maquinas-senet\/#primaryimage"},"image":{"@id":"https:\/\/www.csj-emballages.com\/es\/produit\/5l-de-liquido-desincrustante-para-maquinas-senet\/#primaryimage"},"thumbnailUrl":"https:\/\/www.csj-emballages.com\/wp-content\/uploads\/2024\/03\/62345.webp","datePublished":"2024-03-01T15:57:40+00:00","dateModified":"2026-04-03T00:12:35+00:00","description":"Desincrustante para m\u00e1quinas 5L - Elimina eficazmente la cal y alarga la vida de su equipo. Ideal para lavavajillas, cafeteras, etc.","breadcrumb":{"@id":"https:\/\/www.csj-emballages.com\/es\/produit\/5l-de-liquido-desincrustante-para-maquinas-senet\/#breadcrumb"},"inLanguage":"es","potentialAction":[{"@type":"ReadAction","target":["https:\/\/www.csj-emballages.com\/es\/produit\/5l-de-liquido-desincrustante-para-maquinas-senet\/"]}]},{"@type":"ImageObject","inLanguage":"es","@id":"https:\/\/www.csj-emballages.com\/es\/produit\/5l-de-liquido-desincrustante-para-maquinas-senet\/#primaryimage","url":"https:\/\/www.csj-emballages.com\/wp-content\/uploads\/2024\/03\/62345.webp","contentUrl":"https:\/\/www.csj-emballages.com\/wp-content\/uploads\/2024\/03\/62345.webp","width":800,"height":800,"caption":"D\u00e9tartrant machine 5L"},{"@type":"BreadcrumbList","@id":"https:\/\/www.csj-emballages.com\/es\/produit\/5l-de-liquido-desincrustante-para-maquinas-senet\/#breadcrumb","itemListElement":[{"@type":"ListItem","position":1,"name":"Accueil","item":"https:\/\/www.csj-emballages.com\/es\/universo-del-envasado-alimentario\/"},{"@type":"ListItem","position":2,"name":"Tienda","item":"https:\/\/www.csj-emballages.com\/tienda\/"},{"@type":"ListItem","position":3,"name":"Desincrustadora 5L"}]},{"@type":"WebSite","@id":"https:\/\/www.csj-emballages.com\/es\/#website","url":"https:\/\/www.csj-emballages.com\/es\/","name":"CSJ Emballages","description":"","publisher":{"@id":"https:\/\/www.csj-emballages.com\/es\/#organization"},"potentialAction":[{"@type":"SearchAction","target":{"@type":"EntryPoint","urlTemplate":"https:\/\/www.csj-emballages.com\/es\/?s={search_term_string}"},"query-input":{"@type":"PropertyValueSpecification","valueRequired":true,"valueName":"search_term_string"}}],"inLanguage":"es"},{"@type":"Organization","@id":"https:\/\/www.csj-emballages.com\/es\/#Organization\/","name":"CSJ Emballages","url":"https:\/\/www.csj-emballages.com\/es\/","logo":{"@type":"ImageObject","inLanguage":"es","@id":"https:\/\/www.csj-emballages.com\/es\/#\/schema\/logo\/image\/","url":"https:\/\/www.csj-emballages.com\/wp-content\/uploads\/2023\/10\/logo_csj.webp","contentUrl":"https:\/\/www.csj-emballages.com\/wp-content\/uploads\/2023\/10\/logo_csj.webp","width":250,"height":95,"caption":"CSJ Emballages"},"image":{"@id":"https:\/\/www.csj-emballages.com\/es\/#\/schema\/logo\/image\/"},"sameAs":["https:\/\/www.facebook.com\/csjemballages"],"address":{"@type":"PostalAddress","streetAddress":"ZI La Lechere","addressLocality":"Patornay","postalCode":"39130","addressCountry":"FR"},"contactPoint":[{"@type":"ContactPoint","contactType":"Service client","telephone":"0384254272","email":"contact@csj-emballages.com"}]}]}},"df_price":14.84,"df_sale_price":"","df_regular_price":14.84,"df_image_link":"https:\/\/www.csj-emballages.com\/wp-content\/uploads\/2024\/03\/62345-300x300.webp","tiered_pricing_type":"fixed","tiered_pricing_fixed_rules":[],"tiered_pricing_percentage_rules":[],"tiered_pricing_minimum":1,"tiered_pricing_roles_data":[],"_links":{"self":[{"href":"https:\/\/www.csj-emballages.com\/es\/wp-json\/wp\/v2\/product\/18681","targetHints":{"allow":["GET"]}}],"collection":[{"href":"https:\/\/www.csj-emballages.com\/es\/wp-json\/wp\/v2\/product"}],"about":[{"href":"https:\/\/www.csj-emballages.com\/es\/wp-json\/wp\/v2\/types\/product"}],"wp:featuredmedia":[{"embeddable":true,"href":"https:\/\/www.csj-emballages.com\/es\/wp-json\/wp\/v2\/media\/233239"}],"wp:attachment":[{"href":"https:\/\/www.csj-emballages.com\/es\/wp-json\/wp\/v2\/media?parent=18681"}],"wp:term":[{"taxonomy":"product_brand","embeddable":true,"href":"https:\/\/www.csj-emballages.com\/es\/wp-json\/wp\/v2\/product_brand?post=18681"},{"taxonomy":"product_cat","embeddable":true,"href":"https:\/\/www.csj-emballages.com\/es\/wp-json\/wp\/v2\/product_cat?post=18681"},{"taxonomy":"product_tag","embeddable":true,"href":"https:\/\/www.csj-emballages.com\/es\/wp-json\/wp\/v2\/product_tag?post=18681"}],"curies":[{"name":"wp","href":"https:\/\/api.w.org\/{rel}","templated":true}]}}