{"id":18667,"date":"2024-03-01T16:57:39","date_gmt":"2024-03-01T15:57:39","guid":{"rendered":"https:\/\/u15jnbdpoq.preview.infomaniak.website\/produit\/desincrustante-para-lavavajillas-automaticos\/"},"modified":"2026-03-31T02:11:15","modified_gmt":"2026-03-31T00:11:15","slug":"desincrustante-para-lavavajillas-automaticos","status":"publish","type":"product","link":"https:\/\/www.csj-emballages.com\/es\/produit\/desincrustante-para-lavavajillas-automaticos\/","title":{"rendered":"Desincrustante para lavavajillas autom\u00e1ticos 5 litros"},"content":{"rendered":"<h2 class=\"ai-optimize-35\">Desincrustante<\/h2>\n<hr>\n<h3 class=\"ai-optimize-36\">Descripci\u00f3n de nuestro desincrustante para lavavajillas autom\u00e1ticos, 5 litros<\/h3>\n<p><!--more--><\/p>\n<p class=\"ai-optimize-37 ai-optimize-introduction\" data-start=\"276\" data-end=\"649\">Dise\u00f1ado para profesionales de la restauraci\u00f3n y entornos exigentes, este <strong data-start=\"361\" data-end=\"421\">desincrustante para lavavajillas autom\u00e1ticos<\/strong> es un aliado formidable contra la cal y los dep\u00f3sitos resistentes. Gracias a su <strong data-start=\"497\" data-end=\"524\">potente f\u00f3rmula \u00e1cida<\/strong>, elimina eficazmente los residuos calc\u00e1reos y las incrustaciones minerales que merman el rendimiento de sus m\u00e1quinas. <\/p>\n<p class=\"ai-optimize-38\" data-start=\"651\" data-end=\"1032\">Est\u00e1 especialmente formulado para su uso regular en <strong>lavavajillas<\/strong> profesionales, t\u00faneles de lavado y m\u00e1quinas de capota. Este producto contiene potentes <strong data-start=\"816\" data-end=\"844\">inhibidores de corrosi\u00f3n<\/strong> que proporcionan una protecci\u00f3n \u00f3ptima de las partes met\u00e1licas de sus equipos (resistencias, cubas, brazos de lavado, etc.), evitando cualquier riesgo de deterioro prematuro. <\/p>\n<p class=\"ai-optimize-39\" data-start=\"1034\" data-end=\"1271\">F\u00e1cil de dosificar, este <strong>desincrustante<\/strong> act\u00faa r\u00e1pidamente para <strong data-start=\"1088\" data-end=\"1144\">restaurar la eficacia de su lavavajillas<\/strong>. El mantenimiento regular con este producto prolongar\u00e1 la vida \u00fatil de sus m\u00e1quinas, al tiempo que mantendr\u00e1 una higiene impecable. <\/p>\n<p class=\"ai-optimize-40\" data-start=\"1273\" data-end=\"1433\">Ideal para instituciones, restaurantes, comedores o cocinas de producci\u00f3n, este <strong data-start=\"1355\" data-end=\"1387\">bid\u00f3n econ\u00f3mico de 5 litros<\/strong> es ideal para rutinas de limpieza intensivas.<\/p>\n<p class=\"ai-optimize-41\" data-start=\"1435\" data-end=\"1581\"><strong data-start=\"1435\" data-end=\"1462\">Uso sugerido:<\/strong> utilizar en una m\u00e1quina vac\u00eda, seg\u00fan las recomendaciones del fabricante. No mezclar con otros productos qu\u00edmicos. <\/p>\n<p>&nbsp;<\/p>\n<p><!--more--><\/p>\n<h4 class=\"ai-optimize-42\"><strong>Sus ventajas:<\/strong><\/h4>\n<ul>\n<li class=\"ai-optimize-43\">F\u00f3rmula \u00e1cida potente y de acci\u00f3n r\u00e1pida.<\/li>\n<li class=\"ai-optimize-44\">Disuelve eficazmente el sarro y las incrustaciones.<\/li>\n<li class=\"ai-optimize-45\">Protege las piezas met\u00e1licas gracias a sus inhibidores.<\/li>\n<li class=\"ai-optimize-46\">Prolonga la vida \u00fatil de su equipo.<\/li>\n<\/ul>\n<p>&nbsp;<\/p>\n<p><!--more--><\/p>\n<h4 class=\"ai-optimize-47\">Informaci\u00f3n adicional :<\/h4>\n<ul>\n<li class=\"ai-optimize-48\"><strong>Embalaje<\/strong>: Por unidad<\/li>\n<li class=\"ai-optimize-49\"><b>Volumen<\/b>: 5 litros<\/li>\n<li class=\"ai-optimize-50\"><strong>Uso<\/strong>: Desincrustante<\/li>\n<\/ul>\n<p>&nbsp;<\/p>\n<p><!--more--><br \/>\nEncuentre tambi\u00e9n nuestro detergente lavavajillas para m\u00e1quinas de agua dura de 20 litros: <span style=\"color: #d12727;\"><a style=\"color: #d12727;\" href=\"https:\/\/www.csj-emballages.com\/es\/produit\/lavavajillas-de-20-litros-para-aguas-duras\/\">045620<\/a><\/span><\/p>\n<p>&nbsp;<\/p>\n<p><!--more--><\/p>\n<p class=\"ai-optimize-51\"><a href=\"\/?product_cat=lave-vaiselle\">Ver el resto de nuestra gama de productos para el cuidado del lavavajillas<\/a><\/p>\n","protected":false},"excerpt":{"rendered":"<p>Desincrustante Descripci\u00f3n de nuestro desincrustante para lavavajillas autom\u00e1ticos, 5 litros<\/p>\n","protected":false},"featured_media":233499,"template":"","meta":{"_acf_changed":false},"product_brand":[],"product_cat":[1226,1227,1228,1385],"product_tag":[],"class_list":{"0":"post-18667","1":"product","2":"type-product","3":"status-publish","4":"has-post-thumbnail","6":"product_cat-higiene-y-mantenimiento","7":"product_cat-productos-de-limpieza","8":"product_cat-cuidado-de-los-platos","9":"product_cat-lavavajillas","10":"product_shipping_class-no-permitido-en-reles","12":"first","13":"instock","14":"taxable","15":"shipping-taxable","16":"purchasable","17":"product-type-simple"},"acf":[],"yoast_head":"<!-- This site is optimized with the Yoast SEO Premium plugin v26.6 (Yoast SEO v26.6) - https:\/\/yoast.com\/wordpress\/plugins\/seo\/ -->\n<title>Desincrustante para lavavajillas autom\u00e1ticos 5 litros<\/title>\n<meta name=\"description\" content=\"Desincrustante para lavavajillas: elimina la cal y los residuos, prolonga la vida \u00fatil, f\u00e1cil de usar, compatible con todos los modelos.\" \/>\n<meta name=\"robots\" content=\"index, follow, max-snippet:-1, max-image-preview:large, max-video-preview:-1\" \/>\n<link rel=\"canonical\" href=\"https:\/\/www.csj-emballages.com\/es\/produit\/desincrustante-para-lavavajillas-automaticos\/\" \/>\n<meta property=\"og:locale\" content=\"es_ES\" \/>\n<meta property=\"og:type\" content=\"article\" \/>\n<meta property=\"og:title\" content=\"Desincrustante para lavavajillas autom\u00e1ticos 5 litros\" \/>\n<meta property=\"og:description\" content=\"Desincrustante para lavavajillas: elimina la cal y los residuos, prolonga la vida \u00fatil, f\u00e1cil de usar, compatible con todos los modelos.\" \/>\n<meta property=\"og:url\" content=\"https:\/\/www.csj-emballages.com\/es\/produit\/desincrustante-para-lavavajillas-automaticos\/\" \/>\n<meta property=\"og:site_name\" content=\"CSJ Emballages\" \/>\n<meta property=\"article:publisher\" content=\"https:\/\/www.facebook.com\/csjemballages\" \/>\n<meta property=\"article:modified_time\" content=\"2026-03-31T00:11:15+00:00\" \/>\n<meta property=\"og:image\" content=\"https:\/\/www.csj-emballages.com\/wp-content\/uploads\/2024\/03\/62355.webp\" \/>\n\t<meta property=\"og:image:width\" content=\"800\" \/>\n\t<meta property=\"og:image:height\" content=\"800\" \/>\n\t<meta property=\"og:image:type\" content=\"image\/webp\" \/>\n<meta name=\"twitter:card\" content=\"summary_large_image\" \/>\n<meta name=\"twitter:label1\" content=\"Tiempo de lectura\" \/>\n\t<meta name=\"twitter:data1\" content=\"1 minuto\" \/>\n<script type=\"application\/ld+json\" class=\"yoast-schema-graph\">{\"@context\":\"https:\/\/schema.org\",\"@graph\":[{\"@type\":\"WebPage\",\"@id\":\"https:\/\/www.csj-emballages.com\/es\/produit\/desincrustante-para-lavavajillas-automaticos\/\",\"url\":\"https:\/\/www.csj-emballages.com\/es\/produit\/desincrustante-para-lavavajillas-automaticos\/\",\"name\":\"Desincrustante para lavavajillas autom\u00e1ticos 5 litros\",\"isPartOf\":{\"@id\":\"https:\/\/www.csj-emballages.com\/es\/#website\"},\"primaryImageOfPage\":{\"@id\":\"https:\/\/www.csj-emballages.com\/es\/produit\/desincrustante-para-lavavajillas-automaticos\/#primaryimage\"},\"image\":{\"@id\":\"https:\/\/www.csj-emballages.com\/es\/produit\/desincrustante-para-lavavajillas-automaticos\/#primaryimage\"},\"thumbnailUrl\":\"https:\/\/www.csj-emballages.com\/wp-content\/uploads\/2024\/03\/62355.webp\",\"datePublished\":\"2024-03-01T15:57:39+00:00\",\"dateModified\":\"2026-03-31T00:11:15+00:00\",\"description\":\"Desincrustante para lavavajillas: elimina la cal y los residuos, prolonga la vida \u00fatil, f\u00e1cil de usar, compatible con todos los modelos.\",\"breadcrumb\":{\"@id\":\"https:\/\/www.csj-emballages.com\/es\/produit\/desincrustante-para-lavavajillas-automaticos\/#breadcrumb\"},\"inLanguage\":\"es\",\"potentialAction\":[{\"@type\":\"ReadAction\",\"target\":[\"https:\/\/www.csj-emballages.com\/es\/produit\/desincrustante-para-lavavajillas-automaticos\/\"]}]},{\"@type\":\"ImageObject\",\"inLanguage\":\"es\",\"@id\":\"https:\/\/www.csj-emballages.com\/es\/produit\/desincrustante-para-lavavajillas-automaticos\/#primaryimage\",\"url\":\"https:\/\/www.csj-emballages.com\/wp-content\/uploads\/2024\/03\/62355.webp\",\"contentUrl\":\"https:\/\/www.csj-emballages.com\/wp-content\/uploads\/2024\/03\/62355.webp\",\"width\":800,\"height\":800,\"caption\":\"D\u00e9sincrustant d\u00e9tartrant\u00a0\"},{\"@type\":\"BreadcrumbList\",\"@id\":\"https:\/\/www.csj-emballages.com\/es\/produit\/desincrustante-para-lavavajillas-automaticos\/#breadcrumb\",\"itemListElement\":[{\"@type\":\"ListItem\",\"position\":1,\"name\":\"Accueil\",\"item\":\"https:\/\/www.csj-emballages.com\/es\/universo-del-envasado-alimentario\/\"},{\"@type\":\"ListItem\",\"position\":2,\"name\":\"Tienda\",\"item\":\"https:\/\/www.csj-emballages.com\/tienda\/\"},{\"@type\":\"ListItem\",\"position\":3,\"name\":\"Desincrustante para lavavajillas autom\u00e1ticos 5 litros\"}]},{\"@type\":\"WebSite\",\"@id\":\"https:\/\/www.csj-emballages.com\/es\/#website\",\"url\":\"https:\/\/www.csj-emballages.com\/es\/\",\"name\":\"CSJ Emballages\",\"description\":\"\",\"publisher\":{\"@id\":\"https:\/\/www.csj-emballages.com\/es\/#organization\"},\"potentialAction\":[{\"@type\":\"SearchAction\",\"target\":{\"@type\":\"EntryPoint\",\"urlTemplate\":\"https:\/\/www.csj-emballages.com\/es\/?s={search_term_string}\"},\"query-input\":{\"@type\":\"PropertyValueSpecification\",\"valueRequired\":true,\"valueName\":\"search_term_string\"}}],\"inLanguage\":\"es\"},{\"@type\":\"Organization\",\"@id\":\"https:\/\/www.csj-emballages.com\/es\/#Organization\/\",\"name\":\"CSJ Emballages\",\"url\":\"https:\/\/www.csj-emballages.com\/es\/\",\"logo\":{\"@type\":\"ImageObject\",\"inLanguage\":\"es\",\"@id\":\"https:\/\/www.csj-emballages.com\/es\/#\/schema\/logo\/image\/\",\"url\":\"https:\/\/www.csj-emballages.com\/wp-content\/uploads\/2023\/10\/logo_csj.webp\",\"contentUrl\":\"https:\/\/www.csj-emballages.com\/wp-content\/uploads\/2023\/10\/logo_csj.webp\",\"width\":250,\"height\":95,\"caption\":\"CSJ Emballages\"},\"image\":{\"@id\":\"https:\/\/www.csj-emballages.com\/es\/#\/schema\/logo\/image\/\"},\"sameAs\":[\"https:\/\/www.facebook.com\/csjemballages\"],\"address\":{\"@type\":\"PostalAddress\",\"streetAddress\":\"ZI La Lechere\",\"addressLocality\":\"Patornay\",\"postalCode\":\"39130\",\"addressCountry\":\"FR\"},\"contactPoint\":[{\"@type\":\"ContactPoint\",\"contactType\":\"Service client\",\"telephone\":\"0384254272\",\"email\":\"contact@csj-emballages.com\"}]}]}<\/script>\n<!-- \/ Yoast SEO Premium plugin. -->","yoast_head_json":{"title":"Desincrustante para lavavajillas autom\u00e1ticos 5 litros","description":"Desincrustante para lavavajillas: elimina la cal y los residuos, prolonga la vida \u00fatil, f\u00e1cil de usar, compatible con todos los modelos.","robots":{"index":"index","follow":"follow","max-snippet":"max-snippet:-1","max-image-preview":"max-image-preview:large","max-video-preview":"max-video-preview:-1"},"canonical":"https:\/\/www.csj-emballages.com\/es\/produit\/desincrustante-para-lavavajillas-automaticos\/","og_locale":"es_ES","og_type":"article","og_title":"Desincrustante para lavavajillas autom\u00e1ticos 5 litros","og_description":"Desincrustante para lavavajillas: elimina la cal y los residuos, prolonga la vida \u00fatil, f\u00e1cil de usar, compatible con todos los modelos.","og_url":"https:\/\/www.csj-emballages.com\/es\/produit\/desincrustante-para-lavavajillas-automaticos\/","og_site_name":"CSJ Emballages","article_publisher":"https:\/\/www.facebook.com\/csjemballages","article_modified_time":"2026-03-31T00:11:15+00:00","og_image":[{"width":800,"height":800,"url":"https:\/\/www.csj-emballages.com\/wp-content\/uploads\/2024\/03\/62355.webp","type":"image\/webp"}],"twitter_card":"summary_large_image","twitter_misc":{"Tiempo de lectura":"1 minuto"},"schema":{"@context":"https:\/\/schema.org","@graph":[{"@type":"WebPage","@id":"https:\/\/www.csj-emballages.com\/es\/produit\/desincrustante-para-lavavajillas-automaticos\/","url":"https:\/\/www.csj-emballages.com\/es\/produit\/desincrustante-para-lavavajillas-automaticos\/","name":"Desincrustante para lavavajillas autom\u00e1ticos 5 litros","isPartOf":{"@id":"https:\/\/www.csj-emballages.com\/es\/#website"},"primaryImageOfPage":{"@id":"https:\/\/www.csj-emballages.com\/es\/produit\/desincrustante-para-lavavajillas-automaticos\/#primaryimage"},"image":{"@id":"https:\/\/www.csj-emballages.com\/es\/produit\/desincrustante-para-lavavajillas-automaticos\/#primaryimage"},"thumbnailUrl":"https:\/\/www.csj-emballages.com\/wp-content\/uploads\/2024\/03\/62355.webp","datePublished":"2024-03-01T15:57:39+00:00","dateModified":"2026-03-31T00:11:15+00:00","description":"Desincrustante para lavavajillas: elimina la cal y los residuos, prolonga la vida \u00fatil, f\u00e1cil de usar, compatible con todos los modelos.","breadcrumb":{"@id":"https:\/\/www.csj-emballages.com\/es\/produit\/desincrustante-para-lavavajillas-automaticos\/#breadcrumb"},"inLanguage":"es","potentialAction":[{"@type":"ReadAction","target":["https:\/\/www.csj-emballages.com\/es\/produit\/desincrustante-para-lavavajillas-automaticos\/"]}]},{"@type":"ImageObject","inLanguage":"es","@id":"https:\/\/www.csj-emballages.com\/es\/produit\/desincrustante-para-lavavajillas-automaticos\/#primaryimage","url":"https:\/\/www.csj-emballages.com\/wp-content\/uploads\/2024\/03\/62355.webp","contentUrl":"https:\/\/www.csj-emballages.com\/wp-content\/uploads\/2024\/03\/62355.webp","width":800,"height":800,"caption":"D\u00e9sincrustant d\u00e9tartrant\u00a0"},{"@type":"BreadcrumbList","@id":"https:\/\/www.csj-emballages.com\/es\/produit\/desincrustante-para-lavavajillas-automaticos\/#breadcrumb","itemListElement":[{"@type":"ListItem","position":1,"name":"Accueil","item":"https:\/\/www.csj-emballages.com\/es\/universo-del-envasado-alimentario\/"},{"@type":"ListItem","position":2,"name":"Tienda","item":"https:\/\/www.csj-emballages.com\/tienda\/"},{"@type":"ListItem","position":3,"name":"Desincrustante para lavavajillas autom\u00e1ticos 5 litros"}]},{"@type":"WebSite","@id":"https:\/\/www.csj-emballages.com\/es\/#website","url":"https:\/\/www.csj-emballages.com\/es\/","name":"CSJ Emballages","description":"","publisher":{"@id":"https:\/\/www.csj-emballages.com\/es\/#organization"},"potentialAction":[{"@type":"SearchAction","target":{"@type":"EntryPoint","urlTemplate":"https:\/\/www.csj-emballages.com\/es\/?s={search_term_string}"},"query-input":{"@type":"PropertyValueSpecification","valueRequired":true,"valueName":"search_term_string"}}],"inLanguage":"es"},{"@type":"Organization","@id":"https:\/\/www.csj-emballages.com\/es\/#Organization\/","name":"CSJ Emballages","url":"https:\/\/www.csj-emballages.com\/es\/","logo":{"@type":"ImageObject","inLanguage":"es","@id":"https:\/\/www.csj-emballages.com\/es\/#\/schema\/logo\/image\/","url":"https:\/\/www.csj-emballages.com\/wp-content\/uploads\/2023\/10\/logo_csj.webp","contentUrl":"https:\/\/www.csj-emballages.com\/wp-content\/uploads\/2023\/10\/logo_csj.webp","width":250,"height":95,"caption":"CSJ Emballages"},"image":{"@id":"https:\/\/www.csj-emballages.com\/es\/#\/schema\/logo\/image\/"},"sameAs":["https:\/\/www.facebook.com\/csjemballages"],"address":{"@type":"PostalAddress","streetAddress":"ZI La Lechere","addressLocality":"Patornay","postalCode":"39130","addressCountry":"FR"},"contactPoint":[{"@type":"ContactPoint","contactType":"Service client","telephone":"0384254272","email":"contact@csj-emballages.com"}]}]}},"df_price":13.52,"df_sale_price":"","df_regular_price":13.52,"df_image_link":"https:\/\/www.csj-emballages.com\/wp-content\/uploads\/2024\/03\/62355-300x300.webp","tiered_pricing_type":"fixed","tiered_pricing_fixed_rules":[],"tiered_pricing_percentage_rules":[],"tiered_pricing_minimum":1,"tiered_pricing_roles_data":[],"_links":{"self":[{"href":"https:\/\/www.csj-emballages.com\/es\/wp-json\/wp\/v2\/product\/18667","targetHints":{"allow":["GET"]}}],"collection":[{"href":"https:\/\/www.csj-emballages.com\/es\/wp-json\/wp\/v2\/product"}],"about":[{"href":"https:\/\/www.csj-emballages.com\/es\/wp-json\/wp\/v2\/types\/product"}],"wp:featuredmedia":[{"embeddable":true,"href":"https:\/\/www.csj-emballages.com\/es\/wp-json\/wp\/v2\/media\/233499"}],"wp:attachment":[{"href":"https:\/\/www.csj-emballages.com\/es\/wp-json\/wp\/v2\/media?parent=18667"}],"wp:term":[{"taxonomy":"product_brand","embeddable":true,"href":"https:\/\/www.csj-emballages.com\/es\/wp-json\/wp\/v2\/product_brand?post=18667"},{"taxonomy":"product_cat","embeddable":true,"href":"https:\/\/www.csj-emballages.com\/es\/wp-json\/wp\/v2\/product_cat?post=18667"},{"taxonomy":"product_tag","embeddable":true,"href":"https:\/\/www.csj-emballages.com\/es\/wp-json\/wp\/v2\/product_tag?post=18667"}],"curies":[{"name":"wp","href":"https:\/\/api.w.org\/{rel}","templated":true}]}}