{"id":18662,"date":"2024-03-01T16:57:40","date_gmt":"2024-03-01T15:57:40","guid":{"rendered":"https:\/\/u15jnbdpoq.preview.infomaniak.website\/produit\/spray-desengrasante-eliminador-de-tinta-750-ml\/"},"modified":"2026-03-12T16:09:09","modified_gmt":"2026-03-12T15:09:09","slug":"spray-desengrasante-eliminador-de-tinta-750-ml","status":"publish","type":"product","link":"https:\/\/www.csj-emballages.com\/es\/produit\/spray-desengrasante-eliminador-de-tinta-750-ml\/","title":{"rendered":"Spray desengrasante eliminador de tinta 750 ml"},"content":{"rendered":"<h2>Spray desengrasante<\/h2>\n<hr>\n<h3>Descripci\u00f3n de nuestro spray quitatintas 750 ml<\/h3>\n<p><!--more--><\/p>\n<p class=\"\" data-start=\"151\" data-end=\"505\">\u00bfBusca una soluci\u00f3n r\u00e1pida, eficaz y vers\u00e1til para eliminar <strong>manchas de tinta<\/strong> y <strong>grasa<\/strong>? Entonces este <strong data-start=\"262\" data-end=\"310\">Spray Desengrasante Eliminador de Tinta de 750 ml<\/strong> es el producto para usted. Gracias a su potente f\u00f3rmula, este <strong>limpiador<\/strong> act\u00faa en profundidad para eliminar la suciedad arraigada, como la tinta de bol\u00edgrafos y rotuladores y las manchas de grasa.  <\/p>\n<p class=\"\" data-start=\"507\" data-end=\"936\">Este producto profesional est\u00e1 dise\u00f1ado para satisfacer las exigencias de entornos sensibles como la industria alimentaria, al tiempo que es lo suficientemente vers\u00e1til para su uso en otros entornos: talleres, oficinas, cocinas y escuelas. Tanto si lo utiliza en superficies duras (acero inoxidable, pl\u00e1stico, baldosas, etc.) como en determinados textiles resistentes, eliminar\u00e1 las manchas sin falta y devolver\u00e1 el brillo a sus superficies. <\/p>\n<p class=\"\" data-start=\"938\" data-end=\"1165\">Su formato <strong>en spray de 750 ml<\/strong> permite aplicarlo r\u00e1pidamente, sin desperdiciar producto. Es imprescindible tenerlo a mano para tratar eficazmente los peque\u00f1os accidentes cotidianos o las limpiezas m\u00e1s intensivas. <\/p>\n<p class=\"\" data-start=\"1167\" data-end=\"1294\">Recomendada para profesionales que buscan una limpiadora fiable, sin renunciar a la eficacia ni a la seguridad.<\/p>\n<p>&nbsp;<\/p>\n<p><!--more--><\/p>\n<h4>Ventajas:<\/h4>\n<ul>\n<li>Elimina eficazmente la tinta (bol\u00edgrafo, rotulador, etc.) y las manchas de grasa.<\/li>\n<li>Puede utilizarse en superficies duras y en determinados tejidos.<\/li>\n<li>F\u00f3rmula potente y de acci\u00f3n r\u00e1pida.<\/li>\n<li>Compatible con la industria alimentaria.<\/li>\n<li>F\u00e1cil de aplicar gracias a su formato en spray.<\/li>\n<\/ul>\n<p>&nbsp;<\/p>\n<p><!--more--><\/p>\n<h4>Informaci\u00f3n adicional :<\/h4>\n<ul>\n<li><strong>Embalaje<\/strong>: Por unidad<\/li>\n<li><strong>Uso<\/strong>: Eliminador de tinta<\/li>\n<li><strong>Volumen<\/strong>: 750 ml<\/li>\n<li><strong>pH<\/strong>: 13,0<\/li>\n<li><strong>Densidad<\/strong> (20\u00baC): 0,99 gr\/cc<\/li>\n<\/ul>\n<p>&nbsp;<\/p>\n<p><!--more--><\/p>\n<p class=\"woocommerce-loop-product__title\">Encuentre aqu\u00ed nuestro spray desengrasante desinfectante de 750 ml: <span style=\"color: #d12727;\"><a style=\"color: #d12727;\" href=\"https:\/\/www.csj-emballages.com\/es\/produit\/desinfectante-desengrasante-spray-750ml\/\">0711750<\/a><\/span><\/p>\n<p>&nbsp;<\/p>\n<p><!--more--><\/p>\n<p><a href=\"https:\/\/www.csj-emballages.com\/es\/categorie-produit\/higiene-y-mantenimiento\/productos-de-limpieza\/guarderia-sala-de-espera\/\">Ver el resto de nuestra gama de productos de limpieza para guarder\u00edas \/ salas de espera  <\/a><\/p>\n","protected":false},"excerpt":{"rendered":"<p>Spray desengrasante Descripci\u00f3n de nuestro spray quitatintas 750 ml<\/p>\n","protected":false},"featured_media":222113,"template":"","meta":{"_acf_changed":false},"product_brand":[],"product_cat":[1226,1227,1416,1905,1906],"product_tag":[],"class_list":{"0":"post-18662","1":"product","2":"type-product","3":"status-publish","4":"has-post-thumbnail","6":"product_cat-higiene-y-mantenimiento","7":"product_cat-productos-de-limpieza","8":"product_cat-guarderia-sala-de-espera","9":"product_cat-mantenimiento-de-cristales-paredes","10":"product_cat-mantenimiento-de-paredes","12":"first","13":"instock","14":"taxable","15":"shipping-taxable","16":"purchasable","17":"product-type-simple"},"acf":[],"yoast_head":"<!-- This site is optimized with the Yoast SEO Premium plugin v26.6 (Yoast SEO v26.6) - https:\/\/yoast.com\/wordpress\/plugins\/seo\/ -->\n<title>Desengrasante Quitatintas Spray 750 ml<\/title>\n<meta name=\"description\" content=\"Descubre el Desengrasante Removedor de Tinta en Spray 750 ml, una soluci\u00f3n eficaz para eliminar la tinta y la grasa m\u00e1s resistentes.\" \/>\n<meta name=\"robots\" content=\"index, follow, max-snippet:-1, max-image-preview:large, max-video-preview:-1\" \/>\n<link rel=\"canonical\" href=\"https:\/\/www.csj-emballages.com\/es\/produit\/spray-desengrasante-eliminador-de-tinta-750-ml\/\" \/>\n<meta property=\"og:locale\" content=\"es_ES\" \/>\n<meta property=\"og:type\" content=\"article\" \/>\n<meta property=\"og:title\" content=\"Spray desengrasante eliminador de tinta 750 ml\" \/>\n<meta property=\"og:description\" content=\"Descubre el Desengrasante Removedor de Tinta en Spray 750 ml, una soluci\u00f3n eficaz para eliminar la tinta y la grasa m\u00e1s resistentes.\" \/>\n<meta property=\"og:url\" content=\"https:\/\/www.csj-emballages.com\/es\/produit\/spray-desengrasante-eliminador-de-tinta-750-ml\/\" \/>\n<meta property=\"og:site_name\" content=\"CSJ Emballages\" \/>\n<meta property=\"article:publisher\" content=\"https:\/\/www.facebook.com\/csjemballages\" \/>\n<meta property=\"article:modified_time\" content=\"2026-03-12T15:09:09+00:00\" \/>\n<meta property=\"og:image\" content=\"https:\/\/www.csj-emballages.com\/wp-content\/uploads\/2024\/03\/Spray-tache.webp\" \/>\n\t<meta property=\"og:image:width\" content=\"800\" \/>\n\t<meta property=\"og:image:height\" content=\"800\" \/>\n\t<meta property=\"og:image:type\" content=\"image\/webp\" \/>\n<meta name=\"twitter:card\" content=\"summary_large_image\" \/>\n<meta name=\"twitter:label1\" content=\"Tiempo de lectura\" \/>\n\t<meta name=\"twitter:data1\" content=\"1 minuto\" \/>\n<script type=\"application\/ld+json\" class=\"yoast-schema-graph\">{\"@context\":\"https:\/\/schema.org\",\"@graph\":[{\"@type\":\"WebPage\",\"@id\":\"https:\/\/www.csj-emballages.com\/es\/produit\/spray-desengrasante-eliminador-de-tinta-750-ml\/\",\"url\":\"https:\/\/www.csj-emballages.com\/es\/produit\/spray-desengrasante-eliminador-de-tinta-750-ml\/\",\"name\":\"Desengrasante Quitatintas Spray 750 ml\",\"isPartOf\":{\"@id\":\"https:\/\/www.csj-emballages.com\/es\/#website\"},\"primaryImageOfPage\":{\"@id\":\"https:\/\/www.csj-emballages.com\/es\/produit\/spray-desengrasante-eliminador-de-tinta-750-ml\/#primaryimage\"},\"image\":{\"@id\":\"https:\/\/www.csj-emballages.com\/es\/produit\/spray-desengrasante-eliminador-de-tinta-750-ml\/#primaryimage\"},\"thumbnailUrl\":\"https:\/\/www.csj-emballages.com\/wp-content\/uploads\/2024\/03\/Spray-tache.webp\",\"datePublished\":\"2024-03-01T15:57:40+00:00\",\"dateModified\":\"2026-03-12T15:09:09+00:00\",\"description\":\"Descubre el Desengrasante Removedor de Tinta en Spray 750 ml, una soluci\u00f3n eficaz para eliminar la tinta y la grasa m\u00e1s resistentes.\",\"breadcrumb\":{\"@id\":\"https:\/\/www.csj-emballages.com\/es\/produit\/spray-desengrasante-eliminador-de-tinta-750-ml\/#breadcrumb\"},\"inLanguage\":\"es\",\"potentialAction\":[{\"@type\":\"ReadAction\",\"target\":[\"https:\/\/www.csj-emballages.com\/es\/produit\/spray-desengrasante-eliminador-de-tinta-750-ml\/\"]}]},{\"@type\":\"ImageObject\",\"inLanguage\":\"es\",\"@id\":\"https:\/\/www.csj-emballages.com\/es\/produit\/spray-desengrasante-eliminador-de-tinta-750-ml\/#primaryimage\",\"url\":\"https:\/\/www.csj-emballages.com\/wp-content\/uploads\/2024\/03\/Spray-tache.webp\",\"contentUrl\":\"https:\/\/www.csj-emballages.com\/wp-content\/uploads\/2024\/03\/Spray-tache.webp\",\"width\":800,\"height\":800,\"caption\":\"Spray d\u00e9graissant\"},{\"@type\":\"BreadcrumbList\",\"@id\":\"https:\/\/www.csj-emballages.com\/es\/produit\/spray-desengrasante-eliminador-de-tinta-750-ml\/#breadcrumb\",\"itemListElement\":[{\"@type\":\"ListItem\",\"position\":1,\"name\":\"Accueil\",\"item\":\"https:\/\/www.csj-emballages.com\/es\/universo-del-envasado-alimentario\/\"},{\"@type\":\"ListItem\",\"position\":2,\"name\":\"Tienda\",\"item\":\"https:\/\/www.csj-emballages.com\/tienda\/\"},{\"@type\":\"ListItem\",\"position\":3,\"name\":\"Spray desengrasante eliminador de tinta 750 ml\"}]},{\"@type\":\"WebSite\",\"@id\":\"https:\/\/www.csj-emballages.com\/es\/#website\",\"url\":\"https:\/\/www.csj-emballages.com\/es\/\",\"name\":\"CSJ Emballages\",\"description\":\"\",\"publisher\":{\"@id\":\"https:\/\/www.csj-emballages.com\/es\/#organization\"},\"potentialAction\":[{\"@type\":\"SearchAction\",\"target\":{\"@type\":\"EntryPoint\",\"urlTemplate\":\"https:\/\/www.csj-emballages.com\/es\/?s={search_term_string}\"},\"query-input\":{\"@type\":\"PropertyValueSpecification\",\"valueRequired\":true,\"valueName\":\"search_term_string\"}}],\"inLanguage\":\"es\"},{\"@type\":\"Organization\",\"@id\":\"https:\/\/www.csj-emballages.com\/es\/#Organization\/\",\"name\":\"CSJ Emballages\",\"url\":\"https:\/\/www.csj-emballages.com\/es\/\",\"logo\":{\"@type\":\"ImageObject\",\"inLanguage\":\"es\",\"@id\":\"https:\/\/www.csj-emballages.com\/es\/#\/schema\/logo\/image\/\",\"url\":\"https:\/\/www.csj-emballages.com\/wp-content\/uploads\/2023\/10\/logo_csj.webp\",\"contentUrl\":\"https:\/\/www.csj-emballages.com\/wp-content\/uploads\/2023\/10\/logo_csj.webp\",\"width\":250,\"height\":95,\"caption\":\"CSJ Emballages\"},\"image\":{\"@id\":\"https:\/\/www.csj-emballages.com\/es\/#\/schema\/logo\/image\/\"},\"sameAs\":[\"https:\/\/www.facebook.com\/csjemballages\"],\"address\":{\"@type\":\"PostalAddress\",\"streetAddress\":\"ZI La Lechere\",\"addressLocality\":\"Patornay\",\"postalCode\":\"39130\",\"addressCountry\":\"FR\"},\"contactPoint\":[{\"@type\":\"ContactPoint\",\"contactType\":\"Service client\",\"telephone\":\"0384254272\",\"email\":\"contact@csj-emballages.com\"}]}]}<\/script>\n<!-- \/ Yoast SEO Premium plugin. -->","yoast_head_json":{"title":"Desengrasante Quitatintas Spray 750 ml","description":"Descubre el Desengrasante Removedor de Tinta en Spray 750 ml, una soluci\u00f3n eficaz para eliminar la tinta y la grasa m\u00e1s resistentes.","robots":{"index":"index","follow":"follow","max-snippet":"max-snippet:-1","max-image-preview":"max-image-preview:large","max-video-preview":"max-video-preview:-1"},"canonical":"https:\/\/www.csj-emballages.com\/es\/produit\/spray-desengrasante-eliminador-de-tinta-750-ml\/","og_locale":"es_ES","og_type":"article","og_title":"Spray desengrasante eliminador de tinta 750 ml","og_description":"Descubre el Desengrasante Removedor de Tinta en Spray 750 ml, una soluci\u00f3n eficaz para eliminar la tinta y la grasa m\u00e1s resistentes.","og_url":"https:\/\/www.csj-emballages.com\/es\/produit\/spray-desengrasante-eliminador-de-tinta-750-ml\/","og_site_name":"CSJ Emballages","article_publisher":"https:\/\/www.facebook.com\/csjemballages","article_modified_time":"2026-03-12T15:09:09+00:00","og_image":[{"width":800,"height":800,"url":"https:\/\/www.csj-emballages.com\/wp-content\/uploads\/2024\/03\/Spray-tache.webp","type":"image\/webp"}],"twitter_card":"summary_large_image","twitter_misc":{"Tiempo de lectura":"1 minuto"},"schema":{"@context":"https:\/\/schema.org","@graph":[{"@type":"WebPage","@id":"https:\/\/www.csj-emballages.com\/es\/produit\/spray-desengrasante-eliminador-de-tinta-750-ml\/","url":"https:\/\/www.csj-emballages.com\/es\/produit\/spray-desengrasante-eliminador-de-tinta-750-ml\/","name":"Desengrasante Quitatintas Spray 750 ml","isPartOf":{"@id":"https:\/\/www.csj-emballages.com\/es\/#website"},"primaryImageOfPage":{"@id":"https:\/\/www.csj-emballages.com\/es\/produit\/spray-desengrasante-eliminador-de-tinta-750-ml\/#primaryimage"},"image":{"@id":"https:\/\/www.csj-emballages.com\/es\/produit\/spray-desengrasante-eliminador-de-tinta-750-ml\/#primaryimage"},"thumbnailUrl":"https:\/\/www.csj-emballages.com\/wp-content\/uploads\/2024\/03\/Spray-tache.webp","datePublished":"2024-03-01T15:57:40+00:00","dateModified":"2026-03-12T15:09:09+00:00","description":"Descubre el Desengrasante Removedor de Tinta en Spray 750 ml, una soluci\u00f3n eficaz para eliminar la tinta y la grasa m\u00e1s resistentes.","breadcrumb":{"@id":"https:\/\/www.csj-emballages.com\/es\/produit\/spray-desengrasante-eliminador-de-tinta-750-ml\/#breadcrumb"},"inLanguage":"es","potentialAction":[{"@type":"ReadAction","target":["https:\/\/www.csj-emballages.com\/es\/produit\/spray-desengrasante-eliminador-de-tinta-750-ml\/"]}]},{"@type":"ImageObject","inLanguage":"es","@id":"https:\/\/www.csj-emballages.com\/es\/produit\/spray-desengrasante-eliminador-de-tinta-750-ml\/#primaryimage","url":"https:\/\/www.csj-emballages.com\/wp-content\/uploads\/2024\/03\/Spray-tache.webp","contentUrl":"https:\/\/www.csj-emballages.com\/wp-content\/uploads\/2024\/03\/Spray-tache.webp","width":800,"height":800,"caption":"Spray d\u00e9graissant"},{"@type":"BreadcrumbList","@id":"https:\/\/www.csj-emballages.com\/es\/produit\/spray-desengrasante-eliminador-de-tinta-750-ml\/#breadcrumb","itemListElement":[{"@type":"ListItem","position":1,"name":"Accueil","item":"https:\/\/www.csj-emballages.com\/es\/universo-del-envasado-alimentario\/"},{"@type":"ListItem","position":2,"name":"Tienda","item":"https:\/\/www.csj-emballages.com\/tienda\/"},{"@type":"ListItem","position":3,"name":"Spray desengrasante eliminador de tinta 750 ml"}]},{"@type":"WebSite","@id":"https:\/\/www.csj-emballages.com\/es\/#website","url":"https:\/\/www.csj-emballages.com\/es\/","name":"CSJ Emballages","description":"","publisher":{"@id":"https:\/\/www.csj-emballages.com\/es\/#organization"},"potentialAction":[{"@type":"SearchAction","target":{"@type":"EntryPoint","urlTemplate":"https:\/\/www.csj-emballages.com\/es\/?s={search_term_string}"},"query-input":{"@type":"PropertyValueSpecification","valueRequired":true,"valueName":"search_term_string"}}],"inLanguage":"es"},{"@type":"Organization","@id":"https:\/\/www.csj-emballages.com\/es\/#Organization\/","name":"CSJ Emballages","url":"https:\/\/www.csj-emballages.com\/es\/","logo":{"@type":"ImageObject","inLanguage":"es","@id":"https:\/\/www.csj-emballages.com\/es\/#\/schema\/logo\/image\/","url":"https:\/\/www.csj-emballages.com\/wp-content\/uploads\/2023\/10\/logo_csj.webp","contentUrl":"https:\/\/www.csj-emballages.com\/wp-content\/uploads\/2023\/10\/logo_csj.webp","width":250,"height":95,"caption":"CSJ Emballages"},"image":{"@id":"https:\/\/www.csj-emballages.com\/es\/#\/schema\/logo\/image\/"},"sameAs":["https:\/\/www.facebook.com\/csjemballages"],"address":{"@type":"PostalAddress","streetAddress":"ZI La Lechere","addressLocality":"Patornay","postalCode":"39130","addressCountry":"FR"},"contactPoint":[{"@type":"ContactPoint","contactType":"Service client","telephone":"0384254272","email":"contact@csj-emballages.com"}]}]}},"df_price":4.08,"df_sale_price":"","df_regular_price":4.08,"df_image_link":"https:\/\/www.csj-emballages.com\/wp-content\/uploads\/2024\/03\/Spray-tache-300x300.webp","tiered_pricing_type":"fixed","tiered_pricing_fixed_rules":[],"tiered_pricing_percentage_rules":[],"tiered_pricing_minimum":1,"tiered_pricing_roles_data":[],"_links":{"self":[{"href":"https:\/\/www.csj-emballages.com\/es\/wp-json\/wp\/v2\/product\/18662","targetHints":{"allow":["GET"]}}],"collection":[{"href":"https:\/\/www.csj-emballages.com\/es\/wp-json\/wp\/v2\/product"}],"about":[{"href":"https:\/\/www.csj-emballages.com\/es\/wp-json\/wp\/v2\/types\/product"}],"wp:featuredmedia":[{"embeddable":true,"href":"https:\/\/www.csj-emballages.com\/es\/wp-json\/wp\/v2\/media\/222113"}],"wp:attachment":[{"href":"https:\/\/www.csj-emballages.com\/es\/wp-json\/wp\/v2\/media?parent=18662"}],"wp:term":[{"taxonomy":"product_brand","embeddable":true,"href":"https:\/\/www.csj-emballages.com\/es\/wp-json\/wp\/v2\/product_brand?post=18662"},{"taxonomy":"product_cat","embeddable":true,"href":"https:\/\/www.csj-emballages.com\/es\/wp-json\/wp\/v2\/product_cat?post=18662"},{"taxonomy":"product_tag","embeddable":true,"href":"https:\/\/www.csj-emballages.com\/es\/wp-json\/wp\/v2\/product_tag?post=18662"}],"curies":[{"name":"wp","href":"https:\/\/api.w.org\/{rel}","templated":true}]}}