{"id":18616,"date":"2024-03-01T16:57:44","date_gmt":"2024-03-01T15:57:44","guid":{"rendered":"https:\/\/u15jnbdpoq.preview.infomaniak.website\/produit\/50-vasos-de-papel-impresos-24-cl\/"},"modified":"2026-04-18T02:12:07","modified_gmt":"2026-04-18T00:12:07","slug":"50-vasos-de-papel-impresos-24-cl","status":"publish","type":"product","link":"https:\/\/www.csj-emballages.com\/es\/produit\/50-vasos-de-papel-impresos-24-cl\/","title":{"rendered":"Vaso de papel impreso 24 cl, paquete de 50"},"content":{"rendered":"<h2>Vaso de cart\u00f3n<\/h2>\n<hr>\n<h3>Descripci\u00f3n de nuestro vaso de papel impreso 24 cl por 50<\/h3>\n<p><!--more--><\/p>\n<p data-start=\"243\" data-end=\"642\">Si le gusta servir sus bebidas calientes en un <strong>vaso de papel<\/strong> pr\u00e1ctico y llamativo, este <strong data-start=\"347\" data-end=\"379\">vaso de papel impreso de 24 cl<\/strong> se convertir\u00e1 r\u00e1pidamente en un imprescindible. Con su vers\u00e1til capacidad, puede contener tanto un caf\u00e9 largo como un capuchino, chocolate caliente o incluso una bebida fr\u00eda. Es el tama\u00f1o ideal para las pausas m\u00e1s generosas y las comidas para llevar.  <\/p>\n<p data-start=\"644\" data-end=\"1046\">Su <strong>dise\u00f1o impreso<\/strong>, con peque\u00f1as ilustraciones de tazas humeantes, crea al instante un ambiente c\u00e1lido alrededor de la cafetera. El estilo sencillo, ligeramente retro, a\u00f1ade un discreto encanto muy apreciado en oficinas, cafeter\u00edas, salas de espera e incluso stands de eventos. Nada demasiado recargado, s\u00f3lo un peque\u00f1o toque visual que sin duda gustar\u00e1.  <\/p>\n<p data-start=\"1048\" data-end=\"1372\">El <strong>cart\u00f3n<\/strong> utilizado ofrece un agarre realmente bueno: el <strong>vaso<\/strong> permanece r\u00edgido, c\u00f3modo de sujetar y no se calienta demasiado, incluso cuando la bebida est\u00e1 bien caliente. Puede llenarlo generosamente sin preocuparse de que se deforme o resbale. Es el acompa\u00f1amiento perfecto para un servicio r\u00e1pido, profesional y limpio.  <\/p>\n<p data-start=\"1374\" data-end=\"1620\">Y como esta <strong>taza de<\/strong> caf\u00e9 se vende <strong data-start=\"1396\" data-end=\"1413\">en paquetes de 50 unidades<\/strong>, tendr\u00e1 suficientes para varios d\u00edas de actividad, sin saturar sus reservas. Es un formato inteligente para quienes desean una taza fiable y atractiva, lista para usar en cualquier circunstancia. <\/p>\n<p data-start=\"1622\" data-end=\"1739\">Ya sea para sus clientes, empleados o visitantes, esta taza hace que cada pausa sea un poco m\u00e1s agradable.<\/p>\n<p data-start=\"1622\" data-end=\"1739\">\n<p><!--more--><\/p>\n<h4><strong>Ventajas :<\/strong><\/h4>\n<ul>\n<li data-start=\"1767\" data-end=\"1835\">Capacidad vers\u00e1til <strong>de 24 cl<\/strong> para caf\u00e9s largos y bebidas calientes.<\/li>\n<li data-start=\"1838\" data-end=\"1877\">Dise\u00f1o estampado c\u00e1lido y moderno.<\/li>\n<li data-start=\"1880\" data-end=\"1926\">Cart\u00f3n s\u00f3lido y f\u00e1cil de sujetar.<\/li>\n<li data-start=\"1929\" data-end=\"1957\">Pr\u00e1ctico paquete de<strong> 50<\/strong>.<\/li>\n<li data-start=\"1960\" data-end=\"2013\">Ideal para oficinas, cafeter\u00edas, bares y eventos.<\/li>\n<\/ul>\n<p>&nbsp;<\/p>\n<p><!--more--><\/p>\n<h4>Informaci\u00f3n adicional :<\/h4>\n<ul>\n<li><strong>Temperatura de funcionamiento<\/strong>: -20\u00b0C \/ +100\u00b0C<\/li>\n<li>Contiene pel\u00edcula de PE en el interior<\/li>\n<li><strong>Material<\/strong>: Cart\u00f3n<\/li>\n<li><strong>Volumen<\/strong>: 24 cl<\/li>\n<li><strong>Di\u00e1metro del fondo<\/strong>: 55 mm<\/li>\n<li><strong>Di\u00e1metro superior<\/strong>: 80 mm<\/li>\n<li><strong>Altura<\/strong>: 90 mm<\/li>\n<li><strong>Envase <\/strong>: paquete de 50 tazas<\/li>\n<li><strong>Color<\/strong>: cipol\u00edn beige<\/li>\n<\/ul>\n<p>&nbsp;<\/p>\n<p><!--more--><\/p>\n<p>Disponible en diferentes tama\u00f1os: <span style=\"color: #d12727;\"><a style=\"color: #d12727;\" href=\"https:\/\/www.csj-emballages.com\/es\/produit\/50-vasos-de-papel-impresos-10-cl\/\">10 cl<\/a><\/span> \/ <span style=\"color: #d12727;\"><a style=\"color: #d12727;\" href=\"https:\/\/www.csj-emballages.com\/es\/produit\/50-vasos-de-papel-impresos-18-cl\/\">18 cl<\/a><\/span><\/p>\n<p>&nbsp;<\/p>\n<p><!--more--><\/p>\n<p><a href=\"\/?product_cat=gobelets-gobelets-boissons-chaudes\">Ver el resto de nuestra gama de vasos de papel<\/a><\/p>\n","protected":false},"excerpt":{"rendered":"<p>Vaso de cart\u00f3n Descripci\u00f3n de nuestro vaso de papel impreso 24 cl por 50<\/p>\n","protected":false},"featured_media":189341,"template":"","meta":{"_acf_changed":false},"product_brand":[],"product_cat":[1150,1179,1462,9240,9241],"product_tag":[],"class_list":{"0":"post-18616","1":"product","2":"type-product","3":"status-publish","4":"has-post-thumbnail","6":"product_cat-envasado-de-alimentos","7":"product_cat-catering-es","8":"product_cat-tazas-vasos-cubos-botellas","9":"product_cat-vasos-de-carton","10":"product_cat-tazas-blancas","12":"first","13":"instock","14":"taxable","15":"shipping-taxable","16":"purchasable","17":"product-type-simple"},"acf":[],"yoast_head":"<!-- This site is optimized with the Yoast SEO Premium plugin v26.6 (Yoast SEO v26.6) - https:\/\/yoast.com\/wordpress\/plugins\/seo\/ -->\n<title>Vaso de cart\u00f3n impreso - 24 cl<\/title>\n<meta name=\"description\" content=\"\u00a1Descubra nuestro vaso de papel impreso de 24 cl para bebidas calientes! Le ofrecemos un paquete de 50 vasos resistentes y de alta calidad.\" \/>\n<meta name=\"robots\" content=\"index, follow, max-snippet:-1, max-image-preview:large, max-video-preview:-1\" \/>\n<link rel=\"canonical\" href=\"https:\/\/www.csj-emballages.com\/es\/produit\/50-vasos-de-papel-impresos-24-cl\/\" \/>\n<meta property=\"og:locale\" content=\"es_ES\" \/>\n<meta property=\"og:type\" content=\"article\" \/>\n<meta property=\"og:title\" content=\"Vaso de papel impreso 24 cl, paquete de 50\" \/>\n<meta property=\"og:description\" content=\"\u00a1Descubra nuestro vaso de papel impreso de 24 cl para bebidas calientes! Le ofrecemos un paquete de 50 vasos resistentes y de alta calidad.\" \/>\n<meta property=\"og:url\" content=\"https:\/\/www.csj-emballages.com\/es\/produit\/50-vasos-de-papel-impresos-24-cl\/\" \/>\n<meta property=\"og:site_name\" content=\"CSJ Emballages\" \/>\n<meta property=\"article:publisher\" content=\"https:\/\/www.facebook.com\/csjemballages\" \/>\n<meta property=\"article:modified_time\" content=\"2026-04-18T00:12:07+00:00\" \/>\n<meta property=\"og:image\" content=\"https:\/\/www.csj-emballages.com\/wp-content\/uploads\/2024\/03\/378CS.webp\" \/>\n\t<meta property=\"og:image:width\" content=\"806\" \/>\n\t<meta property=\"og:image:height\" content=\"806\" \/>\n\t<meta property=\"og:image:type\" content=\"image\/webp\" \/>\n<meta name=\"twitter:card\" content=\"summary_large_image\" \/>\n<meta name=\"twitter:label1\" content=\"Tiempo de lectura\" \/>\n\t<meta name=\"twitter:data1\" content=\"2 minutos\" \/>\n<script type=\"application\/ld+json\" class=\"yoast-schema-graph\">{\"@context\":\"https:\/\/schema.org\",\"@graph\":[{\"@type\":\"WebPage\",\"@id\":\"https:\/\/www.csj-emballages.com\/es\/produit\/50-vasos-de-papel-impresos-24-cl\/\",\"url\":\"https:\/\/www.csj-emballages.com\/es\/produit\/50-vasos-de-papel-impresos-24-cl\/\",\"name\":\"Vaso de cart\u00f3n impreso - 24 cl\",\"isPartOf\":{\"@id\":\"https:\/\/www.csj-emballages.com\/es\/#website\"},\"primaryImageOfPage\":{\"@id\":\"https:\/\/www.csj-emballages.com\/es\/produit\/50-vasos-de-papel-impresos-24-cl\/#primaryimage\"},\"image\":{\"@id\":\"https:\/\/www.csj-emballages.com\/es\/produit\/50-vasos-de-papel-impresos-24-cl\/#primaryimage\"},\"thumbnailUrl\":\"https:\/\/www.csj-emballages.com\/wp-content\/uploads\/2024\/03\/378CS.webp\",\"datePublished\":\"2024-03-01T15:57:44+00:00\",\"dateModified\":\"2026-04-18T00:12:07+00:00\",\"description\":\"\u00a1Descubra nuestro vaso de papel impreso de 24 cl para bebidas calientes! Le ofrecemos un paquete de 50 vasos resistentes y de alta calidad.\",\"breadcrumb\":{\"@id\":\"https:\/\/www.csj-emballages.com\/es\/produit\/50-vasos-de-papel-impresos-24-cl\/#breadcrumb\"},\"inLanguage\":\"es\",\"potentialAction\":[{\"@type\":\"ReadAction\",\"target\":[\"https:\/\/www.csj-emballages.com\/es\/produit\/50-vasos-de-papel-impresos-24-cl\/\"]}]},{\"@type\":\"ImageObject\",\"inLanguage\":\"es\",\"@id\":\"https:\/\/www.csj-emballages.com\/es\/produit\/50-vasos-de-papel-impresos-24-cl\/#primaryimage\",\"url\":\"https:\/\/www.csj-emballages.com\/wp-content\/uploads\/2024\/03\/378CS.webp\",\"contentUrl\":\"https:\/\/www.csj-emballages.com\/wp-content\/uploads\/2024\/03\/378CS.webp\",\"width\":806,\"height\":806,\"caption\":\"Gobelet carton\"},{\"@type\":\"BreadcrumbList\",\"@id\":\"https:\/\/www.csj-emballages.com\/es\/produit\/50-vasos-de-papel-impresos-24-cl\/#breadcrumb\",\"itemListElement\":[{\"@type\":\"ListItem\",\"position\":1,\"name\":\"Accueil\",\"item\":\"https:\/\/www.csj-emballages.com\/es\/universo-del-envasado-alimentario\/\"},{\"@type\":\"ListItem\",\"position\":2,\"name\":\"Tienda\",\"item\":\"https:\/\/www.csj-emballages.com\/tienda\/\"},{\"@type\":\"ListItem\",\"position\":3,\"name\":\"Vaso de papel impreso 24 cl, paquete de 50\"}]},{\"@type\":\"WebSite\",\"@id\":\"https:\/\/www.csj-emballages.com\/es\/#website\",\"url\":\"https:\/\/www.csj-emballages.com\/es\/\",\"name\":\"CSJ Emballages\",\"description\":\"\",\"publisher\":{\"@id\":\"https:\/\/www.csj-emballages.com\/es\/#organization\"},\"potentialAction\":[{\"@type\":\"SearchAction\",\"target\":{\"@type\":\"EntryPoint\",\"urlTemplate\":\"https:\/\/www.csj-emballages.com\/es\/?s={search_term_string}\"},\"query-input\":{\"@type\":\"PropertyValueSpecification\",\"valueRequired\":true,\"valueName\":\"search_term_string\"}}],\"inLanguage\":\"es\"},{\"@type\":\"Organization\",\"@id\":\"https:\/\/www.csj-emballages.com\/es\/#Organization\/\",\"name\":\"CSJ Emballages\",\"url\":\"https:\/\/www.csj-emballages.com\/es\/\",\"logo\":{\"@type\":\"ImageObject\",\"inLanguage\":\"es\",\"@id\":\"https:\/\/www.csj-emballages.com\/es\/#\/schema\/logo\/image\/\",\"url\":\"https:\/\/www.csj-emballages.com\/wp-content\/uploads\/2023\/10\/logo_csj.webp\",\"contentUrl\":\"https:\/\/www.csj-emballages.com\/wp-content\/uploads\/2023\/10\/logo_csj.webp\",\"width\":250,\"height\":95,\"caption\":\"CSJ Emballages\"},\"image\":{\"@id\":\"https:\/\/www.csj-emballages.com\/es\/#\/schema\/logo\/image\/\"},\"sameAs\":[\"https:\/\/www.facebook.com\/csjemballages\"],\"address\":{\"@type\":\"PostalAddress\",\"streetAddress\":\"ZI La Lechere\",\"addressLocality\":\"Patornay\",\"postalCode\":\"39130\",\"addressCountry\":\"FR\"},\"contactPoint\":[{\"@type\":\"ContactPoint\",\"contactType\":\"Service client\",\"telephone\":\"0384254272\",\"email\":\"contact@csj-emballages.com\"}]}]}<\/script>\n<!-- \/ Yoast SEO Premium plugin. -->","yoast_head_json":{"title":"Vaso de cart\u00f3n impreso - 24 cl","description":"\u00a1Descubra nuestro vaso de papel impreso de 24 cl para bebidas calientes! Le ofrecemos un paquete de 50 vasos resistentes y de alta calidad.","robots":{"index":"index","follow":"follow","max-snippet":"max-snippet:-1","max-image-preview":"max-image-preview:large","max-video-preview":"max-video-preview:-1"},"canonical":"https:\/\/www.csj-emballages.com\/es\/produit\/50-vasos-de-papel-impresos-24-cl\/","og_locale":"es_ES","og_type":"article","og_title":"Vaso de papel impreso 24 cl, paquete de 50","og_description":"\u00a1Descubra nuestro vaso de papel impreso de 24 cl para bebidas calientes! Le ofrecemos un paquete de 50 vasos resistentes y de alta calidad.","og_url":"https:\/\/www.csj-emballages.com\/es\/produit\/50-vasos-de-papel-impresos-24-cl\/","og_site_name":"CSJ Emballages","article_publisher":"https:\/\/www.facebook.com\/csjemballages","article_modified_time":"2026-04-18T00:12:07+00:00","og_image":[{"width":806,"height":806,"url":"https:\/\/www.csj-emballages.com\/wp-content\/uploads\/2024\/03\/378CS.webp","type":"image\/webp"}],"twitter_card":"summary_large_image","twitter_misc":{"Tiempo de lectura":"2 minutos"},"schema":{"@context":"https:\/\/schema.org","@graph":[{"@type":"WebPage","@id":"https:\/\/www.csj-emballages.com\/es\/produit\/50-vasos-de-papel-impresos-24-cl\/","url":"https:\/\/www.csj-emballages.com\/es\/produit\/50-vasos-de-papel-impresos-24-cl\/","name":"Vaso de cart\u00f3n impreso - 24 cl","isPartOf":{"@id":"https:\/\/www.csj-emballages.com\/es\/#website"},"primaryImageOfPage":{"@id":"https:\/\/www.csj-emballages.com\/es\/produit\/50-vasos-de-papel-impresos-24-cl\/#primaryimage"},"image":{"@id":"https:\/\/www.csj-emballages.com\/es\/produit\/50-vasos-de-papel-impresos-24-cl\/#primaryimage"},"thumbnailUrl":"https:\/\/www.csj-emballages.com\/wp-content\/uploads\/2024\/03\/378CS.webp","datePublished":"2024-03-01T15:57:44+00:00","dateModified":"2026-04-18T00:12:07+00:00","description":"\u00a1Descubra nuestro vaso de papel impreso de 24 cl para bebidas calientes! Le ofrecemos un paquete de 50 vasos resistentes y de alta calidad.","breadcrumb":{"@id":"https:\/\/www.csj-emballages.com\/es\/produit\/50-vasos-de-papel-impresos-24-cl\/#breadcrumb"},"inLanguage":"es","potentialAction":[{"@type":"ReadAction","target":["https:\/\/www.csj-emballages.com\/es\/produit\/50-vasos-de-papel-impresos-24-cl\/"]}]},{"@type":"ImageObject","inLanguage":"es","@id":"https:\/\/www.csj-emballages.com\/es\/produit\/50-vasos-de-papel-impresos-24-cl\/#primaryimage","url":"https:\/\/www.csj-emballages.com\/wp-content\/uploads\/2024\/03\/378CS.webp","contentUrl":"https:\/\/www.csj-emballages.com\/wp-content\/uploads\/2024\/03\/378CS.webp","width":806,"height":806,"caption":"Gobelet carton"},{"@type":"BreadcrumbList","@id":"https:\/\/www.csj-emballages.com\/es\/produit\/50-vasos-de-papel-impresos-24-cl\/#breadcrumb","itemListElement":[{"@type":"ListItem","position":1,"name":"Accueil","item":"https:\/\/www.csj-emballages.com\/es\/universo-del-envasado-alimentario\/"},{"@type":"ListItem","position":2,"name":"Tienda","item":"https:\/\/www.csj-emballages.com\/tienda\/"},{"@type":"ListItem","position":3,"name":"Vaso de papel impreso 24 cl, paquete de 50"}]},{"@type":"WebSite","@id":"https:\/\/www.csj-emballages.com\/es\/#website","url":"https:\/\/www.csj-emballages.com\/es\/","name":"CSJ Emballages","description":"","publisher":{"@id":"https:\/\/www.csj-emballages.com\/es\/#organization"},"potentialAction":[{"@type":"SearchAction","target":{"@type":"EntryPoint","urlTemplate":"https:\/\/www.csj-emballages.com\/es\/?s={search_term_string}"},"query-input":{"@type":"PropertyValueSpecification","valueRequired":true,"valueName":"search_term_string"}}],"inLanguage":"es"},{"@type":"Organization","@id":"https:\/\/www.csj-emballages.com\/es\/#Organization\/","name":"CSJ Emballages","url":"https:\/\/www.csj-emballages.com\/es\/","logo":{"@type":"ImageObject","inLanguage":"es","@id":"https:\/\/www.csj-emballages.com\/es\/#\/schema\/logo\/image\/","url":"https:\/\/www.csj-emballages.com\/wp-content\/uploads\/2023\/10\/logo_csj.webp","contentUrl":"https:\/\/www.csj-emballages.com\/wp-content\/uploads\/2023\/10\/logo_csj.webp","width":250,"height":95,"caption":"CSJ Emballages"},"image":{"@id":"https:\/\/www.csj-emballages.com\/es\/#\/schema\/logo\/image\/"},"sameAs":["https:\/\/www.facebook.com\/csjemballages"],"address":{"@type":"PostalAddress","streetAddress":"ZI La Lechere","addressLocality":"Patornay","postalCode":"39130","addressCountry":"FR"},"contactPoint":[{"@type":"ContactPoint","contactType":"Service client","telephone":"0384254272","email":"contact@csj-emballages.com"}]}]}},"df_price":2.26,"df_sale_price":"","df_regular_price":2.26,"df_image_link":"https:\/\/www.csj-emballages.com\/wp-content\/uploads\/2024\/03\/378CS-300x300.webp","tiered_pricing_type":"fixed","tiered_pricing_fixed_rules":[],"tiered_pricing_percentage_rules":[],"tiered_pricing_minimum":1,"tiered_pricing_roles_data":[],"_links":{"self":[{"href":"https:\/\/www.csj-emballages.com\/es\/wp-json\/wp\/v2\/product\/18616","targetHints":{"allow":["GET"]}}],"collection":[{"href":"https:\/\/www.csj-emballages.com\/es\/wp-json\/wp\/v2\/product"}],"about":[{"href":"https:\/\/www.csj-emballages.com\/es\/wp-json\/wp\/v2\/types\/product"}],"wp:featuredmedia":[{"embeddable":true,"href":"https:\/\/www.csj-emballages.com\/es\/wp-json\/wp\/v2\/media\/189341"}],"wp:attachment":[{"href":"https:\/\/www.csj-emballages.com\/es\/wp-json\/wp\/v2\/media?parent=18616"}],"wp:term":[{"taxonomy":"product_brand","embeddable":true,"href":"https:\/\/www.csj-emballages.com\/es\/wp-json\/wp\/v2\/product_brand?post=18616"},{"taxonomy":"product_cat","embeddable":true,"href":"https:\/\/www.csj-emballages.com\/es\/wp-json\/wp\/v2\/product_cat?post=18616"},{"taxonomy":"product_tag","embeddable":true,"href":"https:\/\/www.csj-emballages.com\/es\/wp-json\/wp\/v2\/product_tag?post=18616"}],"curies":[{"name":"wp","href":"https:\/\/api.w.org\/{rel}","templated":true}]}}