{"id":18613,"date":"2024-03-01T16:57:42","date_gmt":"2024-03-01T15:57:42","guid":{"rendered":"https:\/\/u15jnbdpoq.preview.infomaniak.website\/produit\/recogedor-metalico\/"},"modified":"2026-04-28T02:11:33","modified_gmt":"2026-04-28T00:11:33","slug":"recogedor-metalico","status":"publish","type":"product","link":"https:\/\/www.csj-emballages.com\/es\/produit\/recogedor-metalico\/","title":{"rendered":"Pala de metal"},"content":{"rendered":"<p class=\"p1\">Pala de metal<span class=\"Apple-converted-space\"> <\/span><\/p>\n<hr>\n<h3>Descubra nuestra pala recogedora de metal<\/h3>\n<p><!--more--><\/p>\n<p data-start=\"275\" data-end=\"686\">Cuando se quiere limpiar r\u00e1pido y bien, se necesitan herramientas que realmente hagan el trabajo. Esta <strong data-start=\"367\" data-end=\"410\">pala con cepillo y borde de goma<\/strong> ha sido dise\u00f1ada para que la limpieza sea m\u00e1s eficaz, sin esfuerzos innecesarios. Desde el primer uso, se nota la diferencia: el <strong>borde de goma se adapta<\/strong> perfectamente al suelo e <strong>impide que el polvo pase por debajo<\/strong>. Resultado: nada se escapa, ni siquiera la suciedad m\u00e1s peque\u00f1a.   <\/p>\n<p data-start=\"688\" data-end=\"1058\">Gracias a su forma ancha, la <strong>pala recoge f\u00e1cilmente migas<\/strong>, <strong>polvo o residuos<\/strong>, ya sea en baldosas, lin\u00f3leo o un suelo m\u00e1s liso. El cepillo, por su parte, tiene cerdas lo suficientemente firmes como para recoger eficazmente, sin dejar de ser agradables de usar. Juntos, forman un d\u00fao sencillo pero muy pr\u00e1ctico para el mantenimiento diario.  <\/p>\n<p data-start=\"1060\" data-end=\"1360\">Adem\u00e1s, su dise\u00f1o permite un almacenamiento f\u00e1cil. El <strong>cepillo se engancha directamente a la pala<\/strong>, lo que evita que se pierdan y permite tenerlos siempre a mano. Es ideal tanto para uso profesional como dom\u00e9stico: comercios, restaurantes, oficinas, talleres o casas.  <\/p>\n<p data-start=\"1362\" data-end=\"1620\">Por otra parte, los materiales utilizados ofrecen una buena resistencia con el tiempo. Incluso con un uso regular, este conjunto sigue siendo fiable y funcional. Por lo tanto, es un accesorio indispensable para mantener los espacios limpios sin perder tiempo.  <\/p>\n<p data-start=\"1622\" data-end=\"1778\">En resumen, esta <strong>pala y cepillo con borde de goma<\/strong> es una soluci\u00f3n sencilla, pr\u00e1ctica y eficaz para una limpieza r\u00e1pida, precisa y sin frustraciones.<\/p>\n<p data-start=\"1622\" data-end=\"1778\"><!--more--><\/p>\n<h4>Ventajas :<\/h4>\n<ul>\n<li data-start=\"1806\" data-end=\"1860\"><strong>Borde de goma<\/strong> para una mejor adherencia al suelo.<\/li>\n<li data-start=\"1863\" data-end=\"1908\">Recogida eficaz sin dejar residuos.<\/li>\n<li data-start=\"1911\" data-end=\"1942\">Cepillo con cerdas resistentes.<\/li>\n<li data-start=\"1945\" data-end=\"1991\">F\u00e1cil almacenamiento gracias al sistema de clip.<\/li>\n<li data-start=\"1994\" data-end=\"2043\">Adaptado para usos profesionales y dom\u00e9sticos.<\/li>\n<\/ul>\n<p>&nbsp;<\/p>\n<p><!--more--><\/p>\n<h4>Informaci\u00f3n adicional :<\/h4>\n<ul>\n<li><strong>Embalaje<\/strong>: Por unidad<\/li>\n<\/ul>\n<p>&nbsp;<\/p>\n<p><!--more--><\/p>\n<p>Encuentre aqu\u00ed nuestro recogedor de metal: <span style=\"color: #d12727;\"><a style=\"color: #d12727;\" href=\"https:\/\/www.csj-emballages.com\/es\/produit\/recogedor-metalico\/\">38005<\/a><\/span><\/p>\n<p>&nbsp;<\/p>\n<p><!--more--><\/p>\n<p><a href=\"https:\/\/www.csj-emballages.com\/es\/categorie-produit\/higiene-y-mantenimiento\/cepillos-y-escobas\/escoba-cepillo-plumero\/\">Consulte el resto de nuestra gama de escobas \/ cepillos \/ plumeros<\/a><\/p>\n","protected":false},"excerpt":{"rendered":"<p>Pala de metal Descubra nuestra pala recogedora de metal<\/p>\n","protected":false},"featured_media":97953,"template":"","meta":{"_acf_changed":false},"product_brand":[],"product_cat":[1226,1420,1832,1835],"product_tag":[],"class_list":{"0":"post-18613","1":"product","2":"type-product","3":"status-publish","4":"has-post-thumbnail","6":"product_cat-higiene-y-mantenimiento","7":"product_cat-cepillos-y-escobas","8":"product_cat-escoba-cepillo-plumero","9":"product_cat-escobas-barredoras-plumeros","11":"first","12":"instock","13":"taxable","14":"shipping-taxable","15":"purchasable","16":"product-type-simple"},"acf":[],"yoast_head":"<!-- This site is optimized with the Yoast SEO Premium plugin v26.6 (Yoast SEO v26.6) - https:\/\/yoast.com\/wordpress\/plugins\/seo\/ -->\n<title>Pala de metal<\/title>\n<meta name=\"description\" content=\"Pala de metal robusta y pr\u00e1ctica, ideal para servir y para productos a granel. F\u00e1cil de limpiar, duradera y apta para uso profesional o diario.\" \/>\n<meta name=\"robots\" content=\"index, follow, max-snippet:-1, max-image-preview:large, max-video-preview:-1\" \/>\n<link rel=\"canonical\" href=\"https:\/\/www.csj-emballages.com\/es\/produit\/recogedor-metalico\/\" \/>\n<meta property=\"og:locale\" content=\"es_ES\" \/>\n<meta property=\"og:type\" content=\"article\" \/>\n<meta property=\"og:title\" content=\"Pala de metal\" \/>\n<meta property=\"og:description\" content=\"Pala de metal robusta y pr\u00e1ctica, ideal para servir y para productos a granel. F\u00e1cil de limpiar, duradera y apta para uso profesional o diario.\" \/>\n<meta property=\"og:url\" content=\"https:\/\/www.csj-emballages.com\/es\/produit\/recogedor-metalico\/\" \/>\n<meta property=\"og:site_name\" content=\"CSJ Emballages\" \/>\n<meta property=\"article:publisher\" content=\"https:\/\/www.facebook.com\/csjemballages\" \/>\n<meta property=\"article:modified_time\" content=\"2026-04-28T00:11:33+00:00\" \/>\n<meta property=\"og:image\" content=\"https:\/\/www.csj-emballages.com\/wp-content\/uploads\/2024\/03\/pelle-a-poussiere-metal-galvaoutil-parfait-1431000.png\" \/>\n\t<meta property=\"og:image:width\" content=\"452\" \/>\n\t<meta property=\"og:image:height\" content=\"452\" \/>\n\t<meta property=\"og:image:type\" content=\"image\/png\" \/>\n<meta name=\"twitter:card\" content=\"summary_large_image\" \/>\n<meta name=\"twitter:label1\" content=\"Tiempo de lectura\" \/>\n\t<meta name=\"twitter:data1\" content=\"2 minutos\" \/>\n<script type=\"application\/ld+json\" class=\"yoast-schema-graph\">{\"@context\":\"https:\/\/schema.org\",\"@graph\":[{\"@type\":\"WebPage\",\"@id\":\"https:\/\/www.csj-emballages.com\/es\/produit\/recogedor-metalico\/\",\"url\":\"https:\/\/www.csj-emballages.com\/es\/produit\/recogedor-metalico\/\",\"name\":\"Pala de metal\",\"isPartOf\":{\"@id\":\"https:\/\/www.csj-emballages.com\/es\/#website\"},\"primaryImageOfPage\":{\"@id\":\"https:\/\/www.csj-emballages.com\/es\/produit\/recogedor-metalico\/#primaryimage\"},\"image\":{\"@id\":\"https:\/\/www.csj-emballages.com\/es\/produit\/recogedor-metalico\/#primaryimage\"},\"thumbnailUrl\":\"https:\/\/www.csj-emballages.com\/wp-content\/uploads\/2024\/03\/pelle-a-poussiere-metal-galvaoutil-parfait-1431000.png\",\"datePublished\":\"2024-03-01T15:57:42+00:00\",\"dateModified\":\"2026-04-28T00:11:33+00:00\",\"description\":\"Pala de metal robusta y pr\u00e1ctica, ideal para servir y para productos a granel. F\u00e1cil de limpiar, duradera y apta para uso profesional o diario.\",\"breadcrumb\":{\"@id\":\"https:\/\/www.csj-emballages.com\/es\/produit\/recogedor-metalico\/#breadcrumb\"},\"inLanguage\":\"es\",\"potentialAction\":[{\"@type\":\"ReadAction\",\"target\":[\"https:\/\/www.csj-emballages.com\/es\/produit\/recogedor-metalico\/\"]}]},{\"@type\":\"ImageObject\",\"inLanguage\":\"es\",\"@id\":\"https:\/\/www.csj-emballages.com\/es\/produit\/recogedor-metalico\/#primaryimage\",\"url\":\"https:\/\/www.csj-emballages.com\/wp-content\/uploads\/2024\/03\/pelle-a-poussiere-metal-galvaoutil-parfait-1431000.png\",\"contentUrl\":\"https:\/\/www.csj-emballages.com\/wp-content\/uploads\/2024\/03\/pelle-a-poussiere-metal-galvaoutil-parfait-1431000.png\",\"width\":452,\"height\":452},{\"@type\":\"BreadcrumbList\",\"@id\":\"https:\/\/www.csj-emballages.com\/es\/produit\/recogedor-metalico\/#breadcrumb\",\"itemListElement\":[{\"@type\":\"ListItem\",\"position\":1,\"name\":\"Accueil\",\"item\":\"https:\/\/www.csj-emballages.com\/es\/universo-del-envasado-alimentario\/\"},{\"@type\":\"ListItem\",\"position\":2,\"name\":\"Tienda\",\"item\":\"https:\/\/www.csj-emballages.com\/tienda\/\"},{\"@type\":\"ListItem\",\"position\":3,\"name\":\"Pala de metal\"}]},{\"@type\":\"WebSite\",\"@id\":\"https:\/\/www.csj-emballages.com\/es\/#website\",\"url\":\"https:\/\/www.csj-emballages.com\/es\/\",\"name\":\"CSJ Emballages\",\"description\":\"\",\"publisher\":{\"@id\":\"https:\/\/www.csj-emballages.com\/es\/#organization\"},\"potentialAction\":[{\"@type\":\"SearchAction\",\"target\":{\"@type\":\"EntryPoint\",\"urlTemplate\":\"https:\/\/www.csj-emballages.com\/es\/?s={search_term_string}\"},\"query-input\":{\"@type\":\"PropertyValueSpecification\",\"valueRequired\":true,\"valueName\":\"search_term_string\"}}],\"inLanguage\":\"es\"},{\"@type\":\"Organization\",\"@id\":\"https:\/\/www.csj-emballages.com\/es\/#Organization\/\",\"name\":\"CSJ Emballages\",\"url\":\"https:\/\/www.csj-emballages.com\/es\/\",\"logo\":{\"@type\":\"ImageObject\",\"inLanguage\":\"es\",\"@id\":\"https:\/\/www.csj-emballages.com\/es\/#\/schema\/logo\/image\/\",\"url\":\"https:\/\/www.csj-emballages.com\/wp-content\/uploads\/2023\/10\/logo_csj.webp\",\"contentUrl\":\"https:\/\/www.csj-emballages.com\/wp-content\/uploads\/2023\/10\/logo_csj.webp\",\"width\":250,\"height\":95,\"caption\":\"CSJ Emballages\"},\"image\":{\"@id\":\"https:\/\/www.csj-emballages.com\/es\/#\/schema\/logo\/image\/\"},\"sameAs\":[\"https:\/\/www.facebook.com\/csjemballages\"],\"address\":{\"@type\":\"PostalAddress\",\"streetAddress\":\"ZI La Lechere\",\"addressLocality\":\"Patornay\",\"postalCode\":\"39130\",\"addressCountry\":\"FR\"},\"contactPoint\":[{\"@type\":\"ContactPoint\",\"contactType\":\"Service client\",\"telephone\":\"0384254272\",\"email\":\"contact@csj-emballages.com\"}]}]}<\/script>\n<!-- \/ Yoast SEO Premium plugin. -->","yoast_head_json":{"title":"Pala de metal","description":"Pala de metal robusta y pr\u00e1ctica, ideal para servir y para productos a granel. F\u00e1cil de limpiar, duradera y apta para uso profesional o diario.","robots":{"index":"index","follow":"follow","max-snippet":"max-snippet:-1","max-image-preview":"max-image-preview:large","max-video-preview":"max-video-preview:-1"},"canonical":"https:\/\/www.csj-emballages.com\/es\/produit\/recogedor-metalico\/","og_locale":"es_ES","og_type":"article","og_title":"Pala de metal","og_description":"Pala de metal robusta y pr\u00e1ctica, ideal para servir y para productos a granel. F\u00e1cil de limpiar, duradera y apta para uso profesional o diario.","og_url":"https:\/\/www.csj-emballages.com\/es\/produit\/recogedor-metalico\/","og_site_name":"CSJ Emballages","article_publisher":"https:\/\/www.facebook.com\/csjemballages","article_modified_time":"2026-04-28T00:11:33+00:00","og_image":[{"width":452,"height":452,"url":"https:\/\/www.csj-emballages.com\/wp-content\/uploads\/2024\/03\/pelle-a-poussiere-metal-galvaoutil-parfait-1431000.png","type":"image\/png"}],"twitter_card":"summary_large_image","twitter_misc":{"Tiempo de lectura":"2 minutos"},"schema":{"@context":"https:\/\/schema.org","@graph":[{"@type":"WebPage","@id":"https:\/\/www.csj-emballages.com\/es\/produit\/recogedor-metalico\/","url":"https:\/\/www.csj-emballages.com\/es\/produit\/recogedor-metalico\/","name":"Pala de metal","isPartOf":{"@id":"https:\/\/www.csj-emballages.com\/es\/#website"},"primaryImageOfPage":{"@id":"https:\/\/www.csj-emballages.com\/es\/produit\/recogedor-metalico\/#primaryimage"},"image":{"@id":"https:\/\/www.csj-emballages.com\/es\/produit\/recogedor-metalico\/#primaryimage"},"thumbnailUrl":"https:\/\/www.csj-emballages.com\/wp-content\/uploads\/2024\/03\/pelle-a-poussiere-metal-galvaoutil-parfait-1431000.png","datePublished":"2024-03-01T15:57:42+00:00","dateModified":"2026-04-28T00:11:33+00:00","description":"Pala de metal robusta y pr\u00e1ctica, ideal para servir y para productos a granel. F\u00e1cil de limpiar, duradera y apta para uso profesional o diario.","breadcrumb":{"@id":"https:\/\/www.csj-emballages.com\/es\/produit\/recogedor-metalico\/#breadcrumb"},"inLanguage":"es","potentialAction":[{"@type":"ReadAction","target":["https:\/\/www.csj-emballages.com\/es\/produit\/recogedor-metalico\/"]}]},{"@type":"ImageObject","inLanguage":"es","@id":"https:\/\/www.csj-emballages.com\/es\/produit\/recogedor-metalico\/#primaryimage","url":"https:\/\/www.csj-emballages.com\/wp-content\/uploads\/2024\/03\/pelle-a-poussiere-metal-galvaoutil-parfait-1431000.png","contentUrl":"https:\/\/www.csj-emballages.com\/wp-content\/uploads\/2024\/03\/pelle-a-poussiere-metal-galvaoutil-parfait-1431000.png","width":452,"height":452},{"@type":"BreadcrumbList","@id":"https:\/\/www.csj-emballages.com\/es\/produit\/recogedor-metalico\/#breadcrumb","itemListElement":[{"@type":"ListItem","position":1,"name":"Accueil","item":"https:\/\/www.csj-emballages.com\/es\/universo-del-envasado-alimentario\/"},{"@type":"ListItem","position":2,"name":"Tienda","item":"https:\/\/www.csj-emballages.com\/tienda\/"},{"@type":"ListItem","position":3,"name":"Pala de metal"}]},{"@type":"WebSite","@id":"https:\/\/www.csj-emballages.com\/es\/#website","url":"https:\/\/www.csj-emballages.com\/es\/","name":"CSJ Emballages","description":"","publisher":{"@id":"https:\/\/www.csj-emballages.com\/es\/#organization"},"potentialAction":[{"@type":"SearchAction","target":{"@type":"EntryPoint","urlTemplate":"https:\/\/www.csj-emballages.com\/es\/?s={search_term_string}"},"query-input":{"@type":"PropertyValueSpecification","valueRequired":true,"valueName":"search_term_string"}}],"inLanguage":"es"},{"@type":"Organization","@id":"https:\/\/www.csj-emballages.com\/es\/#Organization\/","name":"CSJ Emballages","url":"https:\/\/www.csj-emballages.com\/es\/","logo":{"@type":"ImageObject","inLanguage":"es","@id":"https:\/\/www.csj-emballages.com\/es\/#\/schema\/logo\/image\/","url":"https:\/\/www.csj-emballages.com\/wp-content\/uploads\/2023\/10\/logo_csj.webp","contentUrl":"https:\/\/www.csj-emballages.com\/wp-content\/uploads\/2023\/10\/logo_csj.webp","width":250,"height":95,"caption":"CSJ Emballages"},"image":{"@id":"https:\/\/www.csj-emballages.com\/es\/#\/schema\/logo\/image\/"},"sameAs":["https:\/\/www.facebook.com\/csjemballages"],"address":{"@type":"PostalAddress","streetAddress":"ZI La Lechere","addressLocality":"Patornay","postalCode":"39130","addressCountry":"FR"},"contactPoint":[{"@type":"ContactPoint","contactType":"Service client","telephone":"0384254272","email":"contact@csj-emballages.com"}]}]}},"df_price":2.77,"df_sale_price":"","df_regular_price":2.77,"df_image_link":"https:\/\/www.csj-emballages.com\/wp-content\/uploads\/2024\/03\/pelle-a-poussiere-metal-galvaoutil-parfait-1431000-300x300.png","tiered_pricing_type":"fixed","tiered_pricing_fixed_rules":[],"tiered_pricing_percentage_rules":[],"tiered_pricing_minimum":1,"tiered_pricing_roles_data":[],"_links":{"self":[{"href":"https:\/\/www.csj-emballages.com\/es\/wp-json\/wp\/v2\/product\/18613","targetHints":{"allow":["GET"]}}],"collection":[{"href":"https:\/\/www.csj-emballages.com\/es\/wp-json\/wp\/v2\/product"}],"about":[{"href":"https:\/\/www.csj-emballages.com\/es\/wp-json\/wp\/v2\/types\/product"}],"wp:featuredmedia":[{"embeddable":true,"href":"https:\/\/www.csj-emballages.com\/es\/wp-json\/wp\/v2\/media\/97953"}],"wp:attachment":[{"href":"https:\/\/www.csj-emballages.com\/es\/wp-json\/wp\/v2\/media?parent=18613"}],"wp:term":[{"taxonomy":"product_brand","embeddable":true,"href":"https:\/\/www.csj-emballages.com\/es\/wp-json\/wp\/v2\/product_brand?post=18613"},{"taxonomy":"product_cat","embeddable":true,"href":"https:\/\/www.csj-emballages.com\/es\/wp-json\/wp\/v2\/product_cat?post=18613"},{"taxonomy":"product_tag","embeddable":true,"href":"https:\/\/www.csj-emballages.com\/es\/wp-json\/wp\/v2\/product_tag?post=18613"}],"curies":[{"name":"wp","href":"https:\/\/api.w.org\/{rel}","templated":true}]}}