{"id":18598,"date":"2024-03-01T16:59:28","date_gmt":"2024-03-01T15:59:28","guid":{"rendered":"https:\/\/u15jnbdpoq.preview.infomaniak.website\/produit\/10-bolsas-de-basura-transparentes-de-160-litros-y-50-%c2%b5\/"},"modified":"2026-04-28T02:11:01","modified_gmt":"2026-04-28T00:11:01","slug":"10-bolsas-de-basura-transparentes-de-160-litros-y-50-%c2%b5","status":"publish","type":"product","link":"https:\/\/www.csj-emballages.com\/es\/produit\/10-bolsas-de-basura-transparentes-de-160-litros-y-50-%c2%b5\/","title":{"rendered":"Bolsa de basura transparente de 160 litros y 50 \u00b5 por 10"},"content":{"rendered":"<h2>Bolsa de basura transparente<\/h2>\n<hr>\n<h3>Descubra nuestra bolsa de basura transparente de 160 litros y 50 \u00b5 por 10<\/h3>\n<p><!--more--><\/p>\n<p data-start=\"198\" data-end=\"573\">Estas <strong data-start=\"202\" data-end=\"243\">bolsas de basura transparentes de 160 litros<\/strong> est\u00e1n pensadas para grandes vol\u00famenes y usos exigentes. Su <strong>gran capacidad<\/strong> permite gestionar f\u00e1cilmente los residuos voluminosos o las recogidas importantes, sin tener que multiplicar las bolsas. Ya sea en un entorno profesional, en una colectividad o en un espacio de almacenamiento, ofrecen una soluci\u00f3n sencilla y eficaz.  <\/p>\n<p data-start=\"575\" data-end=\"982\">Con un <strong>grosor<\/strong> de <strong data-start=\"597\" data-end=\"611\">50 micras<\/strong>, estas <strong>bolsas<\/strong> garantizan una buena resistencia al peso y a los desgarros. Soportan cargas pesadas y manipulaciones repetidas, lo que limita el riesgo de fugas o roturas durante el transporte. Adem\u00e1s, su <strong>transparencia permite identificar r\u00e1pidamente el contenido<\/strong>, una gran ventaja para la clasificaci\u00f3n, el control o el cumplimiento de las normas de higiene y seguridad.  <\/p>\n<p data-start=\"984\" data-end=\"1246\">Estas <strong>bolsas<\/strong> son perfectas para <strong>almacenes, cocinas profesionales, talleres, centros de salud o eventos<\/strong> que requieran una gesti\u00f3n clara de los residuos. Se instalan f\u00e1cilmente en soportes grandes y se cierran de forma sencilla una vez llenas. <\/p>\n<p data-start=\"1248\" data-end=\"1481\">Vendidas <strong data-start=\"1255\" data-end=\"1272\">en lotes de 10<\/strong>, responden tanto a las necesidades puntuales como a los usos regulares, sin sobrecargar el espacio de almacenamiento. Es un formato pr\u00e1ctico para mantener un stock controlado sin dejar de estar preparado para grandes vol\u00famenes. <\/p>\n<p data-start=\"1483\" data-end=\"1681\">En resumen, estas <strong>bolsas de basura transparentes de 160 litros<\/strong> combinan solidez, visibilidad y gran capacidad. Facilitan la gesti\u00f3n de residuos a la vez que se adaptan a las limitaciones de los entornos profesionales. <\/p>\n<p data-start=\"1483\" data-end=\"1681\">\n<p data-start=\"1483\" data-end=\"1681\"><!--more--><\/p>\n<h4 data-start=\"1483\" data-end=\"1681\">Ventajas :<\/h4>\n<ul>\n<li data-start=\"1709\" data-end=\"1743\">Gran capacidad de <strong>160 litros<\/strong>.<\/li>\n<li data-start=\"1746\" data-end=\"1789\"><strong>Grosor de 50 \u00b5<\/strong> para una buena resistencia.<\/li>\n<li data-start=\"1792\" data-end=\"1841\">Transparencia ideal para la clasificaci\u00f3n y el control.<\/li>\n<li data-start=\"1844\" data-end=\"1874\">Adaptadas a cargas pesadas.<\/li>\n<li data-start=\"1877\" data-end=\"1921\">Uso profesional o colectivo.<\/li>\n<li data-start=\"1924\" data-end=\"1948\">Lote pr\u00e1ctico de <strong>10 bolsas<\/strong>.<\/li>\n<\/ul>\n<p>&nbsp;<\/p>\n<p><!--more--><\/p>\n<h4>Informaci\u00f3n adicional :<\/h4>\n<ul style=\"font-family: Roboto, sans-serif;\">\n<li><strong>Embalaje<\/strong>: Rollo de 10<\/li>\n<li><strong>Dimensiones<\/strong>: 880 mm x 1050 mm<\/li>\n<li><span style=\"font-weight: bold;\">Volumen: <\/span>160 litros<\/li>\n<li><strong>Grosor<\/strong>: 50 \u00b5<\/li>\n<li><strong>Color<\/strong>: Transparente<\/li>\n<li><strong>Material<\/strong>: PEAD<\/li>\n<\/ul>\n<p>&nbsp;<\/p>\n<p><!--more--><\/p>\n<p>Esta bolsa de basura de 160 litros est\u00e1 disponible en diferentes tama\u00f1os: <span style=\"color: #d12727;\"><a style=\"color: #d12727;\" href=\"https:\/\/www.csj-emballages.com\/produit\/25-sacs-poubelles-130-litres-noirs-40-%c2%b5\/\">130 litros (40 \u00b5)<\/a><\/span> \/ <span style=\"color: #d12727;\"><a style=\"color: #d12727;\" href=\"https:\/\/www.csj-emballages.com\/produit\/10-sacs-poubelles-130-litres-noirs-75-%c2%b5\/\">130 litros (75 \u00b5)<\/a><\/span> \/ <span style=\"color: #d12727;\"><a style=\"color: #d12727;\" href=\"https:\/\/www.csj-emballages.com\/produit\/10-sacs-poubelles-150-litres-noirs-50-%c2%b5\/\">150 litros (50 \u00b5)<\/a><\/span> \/ <span style=\"color: #d12727;\"><a style=\"color: #d12727;\" href=\"https:\/\/www.csj-emballages.com\/es\/produit\/10-bolsas-de-basura-negras-de-55-%c2%b5-y-160-litros\/\">160 litros (55 \u00b5)<\/a> <\/span>\/<span style=\"color: #d12727;\"><a style=\"color: #d12727;\" href=\"https:\/\/www.csj-emballages.com\/es\/categorie-produit\/higiene-y-mantenimiento\/bolsas-de-basura\/\">&#8230;<\/a><\/span><\/p>\n<p>&nbsp;<\/p>\n<p><!--more--><\/p>\n<p><a href=\"https:\/\/www.csj-emballages.com\/es\/categorie-produit\/higiene-y-mantenimiento\/bolsas-de-basura\/\">Ver el resto de nuestra gama de bolsas de basura<\/a><\/p>\n","protected":false},"excerpt":{"rendered":"<p>Bolsa de basura transparente Descubra nuestra bolsa de basura transparente de 160 litros y 50 \u00b5 por 10<\/p>\n","protected":false},"featured_media":263267,"template":"","meta":{"_acf_changed":false},"product_brand":[],"product_cat":[1226,1871],"product_tag":[],"class_list":{"0":"post-18598","1":"product","2":"type-product","3":"status-publish","4":"has-post-thumbnail","6":"product_cat-higiene-y-mantenimiento","7":"product_cat-bolsas-de-basura","9":"first","10":"instock","11":"taxable","12":"shipping-taxable","13":"purchasable","14":"product-type-simple"},"acf":[],"yoast_head":"<!-- This site is optimized with the Yoast SEO Premium plugin v26.6 (Yoast SEO v26.6) - https:\/\/yoast.com\/wordpress\/plugins\/seo\/ -->\n<title>Bolsa de basura transparente de 160 litros y 50 \u00b5 por 10<\/title>\n<meta name=\"description\" content=\"Bolsas de basura transparentes de 160 L, grosor de 50 micras, vendidas de 10 en 10. S\u00f3lidas, pr\u00e1cticas e ideales para la gesti\u00f3n de residuos voluminosos.\" \/>\n<meta name=\"robots\" content=\"index, follow, max-snippet:-1, max-image-preview:large, max-video-preview:-1\" \/>\n<link rel=\"canonical\" href=\"https:\/\/www.csj-emballages.com\/es\/produit\/10-bolsas-de-basura-transparentes-de-160-litros-y-50-%c2%b5\/\" \/>\n<meta property=\"og:locale\" content=\"es_ES\" \/>\n<meta property=\"og:type\" content=\"article\" \/>\n<meta property=\"og:title\" content=\"Bolsa de basura transparente de 160 litros y 50 \u00b5 por 10\" \/>\n<meta property=\"og:description\" content=\"Bolsas de basura transparentes de 160 L, grosor de 50 micras, vendidas de 10 en 10. S\u00f3lidas, pr\u00e1cticas e ideales para la gesti\u00f3n de residuos voluminosos.\" \/>\n<meta property=\"og:url\" content=\"https:\/\/www.csj-emballages.com\/es\/produit\/10-bolsas-de-basura-transparentes-de-160-litros-y-50-%c2%b5\/\" \/>\n<meta property=\"og:site_name\" content=\"CSJ Emballages\" \/>\n<meta property=\"article:publisher\" content=\"https:\/\/www.facebook.com\/csjemballages\" \/>\n<meta property=\"article:modified_time\" content=\"2026-04-28T00:11:01+00:00\" \/>\n<meta property=\"og:image\" content=\"https:\/\/www.csj-emballages.com\/wp-content\/uploads\/2024\/03\/10SP16050TRANS.webp\" \/>\n\t<meta property=\"og:image:width\" content=\"800\" \/>\n\t<meta property=\"og:image:height\" content=\"800\" \/>\n\t<meta property=\"og:image:type\" content=\"image\/webp\" \/>\n<meta name=\"twitter:card\" content=\"summary_large_image\" \/>\n<meta name=\"twitter:label1\" content=\"Tiempo de lectura\" \/>\n\t<meta name=\"twitter:data1\" content=\"2 minutos\" \/>\n<script type=\"application\/ld+json\" class=\"yoast-schema-graph\">{\"@context\":\"https:\/\/schema.org\",\"@graph\":[{\"@type\":\"WebPage\",\"@id\":\"https:\/\/www.csj-emballages.com\/es\/produit\/10-bolsas-de-basura-transparentes-de-160-litros-y-50-%c2%b5\/\",\"url\":\"https:\/\/www.csj-emballages.com\/es\/produit\/10-bolsas-de-basura-transparentes-de-160-litros-y-50-%c2%b5\/\",\"name\":\"Bolsa de basura transparente de 160 litros y 50 \u00b5 por 10\",\"isPartOf\":{\"@id\":\"https:\/\/www.csj-emballages.com\/es\/#website\"},\"primaryImageOfPage\":{\"@id\":\"https:\/\/www.csj-emballages.com\/es\/produit\/10-bolsas-de-basura-transparentes-de-160-litros-y-50-%c2%b5\/#primaryimage\"},\"image\":{\"@id\":\"https:\/\/www.csj-emballages.com\/es\/produit\/10-bolsas-de-basura-transparentes-de-160-litros-y-50-%c2%b5\/#primaryimage\"},\"thumbnailUrl\":\"https:\/\/www.csj-emballages.com\/wp-content\/uploads\/2024\/03\/10SP16050TRANS.webp\",\"datePublished\":\"2024-03-01T15:59:28+00:00\",\"dateModified\":\"2026-04-28T00:11:01+00:00\",\"description\":\"Bolsas de basura transparentes de 160 L, grosor de 50 micras, vendidas de 10 en 10. S\u00f3lidas, pr\u00e1cticas e ideales para la gesti\u00f3n de residuos voluminosos.\",\"breadcrumb\":{\"@id\":\"https:\/\/www.csj-emballages.com\/es\/produit\/10-bolsas-de-basura-transparentes-de-160-litros-y-50-%c2%b5\/#breadcrumb\"},\"inLanguage\":\"es\",\"potentialAction\":[{\"@type\":\"ReadAction\",\"target\":[\"https:\/\/www.csj-emballages.com\/es\/produit\/10-bolsas-de-basura-transparentes-de-160-litros-y-50-%c2%b5\/\"]}]},{\"@type\":\"ImageObject\",\"inLanguage\":\"es\",\"@id\":\"https:\/\/www.csj-emballages.com\/es\/produit\/10-bolsas-de-basura-transparentes-de-160-litros-y-50-%c2%b5\/#primaryimage\",\"url\":\"https:\/\/www.csj-emballages.com\/wp-content\/uploads\/2024\/03\/10SP16050TRANS.webp\",\"contentUrl\":\"https:\/\/www.csj-emballages.com\/wp-content\/uploads\/2024\/03\/10SP16050TRANS.webp\",\"width\":800,\"height\":800,\"caption\":\"Sac poubelle transparent\"},{\"@type\":\"BreadcrumbList\",\"@id\":\"https:\/\/www.csj-emballages.com\/es\/produit\/10-bolsas-de-basura-transparentes-de-160-litros-y-50-%c2%b5\/#breadcrumb\",\"itemListElement\":[{\"@type\":\"ListItem\",\"position\":1,\"name\":\"Accueil\",\"item\":\"https:\/\/www.csj-emballages.com\/es\/universo-del-envasado-alimentario\/\"},{\"@type\":\"ListItem\",\"position\":2,\"name\":\"Tienda\",\"item\":\"https:\/\/www.csj-emballages.com\/tienda\/\"},{\"@type\":\"ListItem\",\"position\":3,\"name\":\"Bolsa de basura transparente de 160 litros y 50 \u00b5 por 10\"}]},{\"@type\":\"WebSite\",\"@id\":\"https:\/\/www.csj-emballages.com\/es\/#website\",\"url\":\"https:\/\/www.csj-emballages.com\/es\/\",\"name\":\"CSJ Emballages\",\"description\":\"\",\"publisher\":{\"@id\":\"https:\/\/www.csj-emballages.com\/es\/#organization\"},\"potentialAction\":[{\"@type\":\"SearchAction\",\"target\":{\"@type\":\"EntryPoint\",\"urlTemplate\":\"https:\/\/www.csj-emballages.com\/es\/?s={search_term_string}\"},\"query-input\":{\"@type\":\"PropertyValueSpecification\",\"valueRequired\":true,\"valueName\":\"search_term_string\"}}],\"inLanguage\":\"es\"},{\"@type\":\"Organization\",\"@id\":\"https:\/\/www.csj-emballages.com\/es\/#Organization\/\",\"name\":\"CSJ Emballages\",\"url\":\"https:\/\/www.csj-emballages.com\/es\/\",\"logo\":{\"@type\":\"ImageObject\",\"inLanguage\":\"es\",\"@id\":\"https:\/\/www.csj-emballages.com\/es\/#\/schema\/logo\/image\/\",\"url\":\"https:\/\/www.csj-emballages.com\/wp-content\/uploads\/2023\/10\/logo_csj.webp\",\"contentUrl\":\"https:\/\/www.csj-emballages.com\/wp-content\/uploads\/2023\/10\/logo_csj.webp\",\"width\":250,\"height\":95,\"caption\":\"CSJ Emballages\"},\"image\":{\"@id\":\"https:\/\/www.csj-emballages.com\/es\/#\/schema\/logo\/image\/\"},\"sameAs\":[\"https:\/\/www.facebook.com\/csjemballages\"],\"address\":{\"@type\":\"PostalAddress\",\"streetAddress\":\"ZI La Lechere\",\"addressLocality\":\"Patornay\",\"postalCode\":\"39130\",\"addressCountry\":\"FR\"},\"contactPoint\":[{\"@type\":\"ContactPoint\",\"contactType\":\"Service client\",\"telephone\":\"0384254272\",\"email\":\"contact@csj-emballages.com\"}]}]}<\/script>\n<!-- \/ Yoast SEO Premium plugin. -->","yoast_head_json":{"title":"Bolsa de basura transparente de 160 litros y 50 \u00b5 por 10","description":"Bolsas de basura transparentes de 160 L, grosor de 50 micras, vendidas de 10 en 10. S\u00f3lidas, pr\u00e1cticas e ideales para la gesti\u00f3n de residuos voluminosos.","robots":{"index":"index","follow":"follow","max-snippet":"max-snippet:-1","max-image-preview":"max-image-preview:large","max-video-preview":"max-video-preview:-1"},"canonical":"https:\/\/www.csj-emballages.com\/es\/produit\/10-bolsas-de-basura-transparentes-de-160-litros-y-50-%c2%b5\/","og_locale":"es_ES","og_type":"article","og_title":"Bolsa de basura transparente de 160 litros y 50 \u00b5 por 10","og_description":"Bolsas de basura transparentes de 160 L, grosor de 50 micras, vendidas de 10 en 10. S\u00f3lidas, pr\u00e1cticas e ideales para la gesti\u00f3n de residuos voluminosos.","og_url":"https:\/\/www.csj-emballages.com\/es\/produit\/10-bolsas-de-basura-transparentes-de-160-litros-y-50-%c2%b5\/","og_site_name":"CSJ Emballages","article_publisher":"https:\/\/www.facebook.com\/csjemballages","article_modified_time":"2026-04-28T00:11:01+00:00","og_image":[{"width":800,"height":800,"url":"https:\/\/www.csj-emballages.com\/wp-content\/uploads\/2024\/03\/10SP16050TRANS.webp","type":"image\/webp"}],"twitter_card":"summary_large_image","twitter_misc":{"Tiempo de lectura":"2 minutos"},"schema":{"@context":"https:\/\/schema.org","@graph":[{"@type":"WebPage","@id":"https:\/\/www.csj-emballages.com\/es\/produit\/10-bolsas-de-basura-transparentes-de-160-litros-y-50-%c2%b5\/","url":"https:\/\/www.csj-emballages.com\/es\/produit\/10-bolsas-de-basura-transparentes-de-160-litros-y-50-%c2%b5\/","name":"Bolsa de basura transparente de 160 litros y 50 \u00b5 por 10","isPartOf":{"@id":"https:\/\/www.csj-emballages.com\/es\/#website"},"primaryImageOfPage":{"@id":"https:\/\/www.csj-emballages.com\/es\/produit\/10-bolsas-de-basura-transparentes-de-160-litros-y-50-%c2%b5\/#primaryimage"},"image":{"@id":"https:\/\/www.csj-emballages.com\/es\/produit\/10-bolsas-de-basura-transparentes-de-160-litros-y-50-%c2%b5\/#primaryimage"},"thumbnailUrl":"https:\/\/www.csj-emballages.com\/wp-content\/uploads\/2024\/03\/10SP16050TRANS.webp","datePublished":"2024-03-01T15:59:28+00:00","dateModified":"2026-04-28T00:11:01+00:00","description":"Bolsas de basura transparentes de 160 L, grosor de 50 micras, vendidas de 10 en 10. S\u00f3lidas, pr\u00e1cticas e ideales para la gesti\u00f3n de residuos voluminosos.","breadcrumb":{"@id":"https:\/\/www.csj-emballages.com\/es\/produit\/10-bolsas-de-basura-transparentes-de-160-litros-y-50-%c2%b5\/#breadcrumb"},"inLanguage":"es","potentialAction":[{"@type":"ReadAction","target":["https:\/\/www.csj-emballages.com\/es\/produit\/10-bolsas-de-basura-transparentes-de-160-litros-y-50-%c2%b5\/"]}]},{"@type":"ImageObject","inLanguage":"es","@id":"https:\/\/www.csj-emballages.com\/es\/produit\/10-bolsas-de-basura-transparentes-de-160-litros-y-50-%c2%b5\/#primaryimage","url":"https:\/\/www.csj-emballages.com\/wp-content\/uploads\/2024\/03\/10SP16050TRANS.webp","contentUrl":"https:\/\/www.csj-emballages.com\/wp-content\/uploads\/2024\/03\/10SP16050TRANS.webp","width":800,"height":800,"caption":"Sac poubelle transparent"},{"@type":"BreadcrumbList","@id":"https:\/\/www.csj-emballages.com\/es\/produit\/10-bolsas-de-basura-transparentes-de-160-litros-y-50-%c2%b5\/#breadcrumb","itemListElement":[{"@type":"ListItem","position":1,"name":"Accueil","item":"https:\/\/www.csj-emballages.com\/es\/universo-del-envasado-alimentario\/"},{"@type":"ListItem","position":2,"name":"Tienda","item":"https:\/\/www.csj-emballages.com\/tienda\/"},{"@type":"ListItem","position":3,"name":"Bolsa de basura transparente de 160 litros y 50 \u00b5 por 10"}]},{"@type":"WebSite","@id":"https:\/\/www.csj-emballages.com\/es\/#website","url":"https:\/\/www.csj-emballages.com\/es\/","name":"CSJ Emballages","description":"","publisher":{"@id":"https:\/\/www.csj-emballages.com\/es\/#organization"},"potentialAction":[{"@type":"SearchAction","target":{"@type":"EntryPoint","urlTemplate":"https:\/\/www.csj-emballages.com\/es\/?s={search_term_string}"},"query-input":{"@type":"PropertyValueSpecification","valueRequired":true,"valueName":"search_term_string"}}],"inLanguage":"es"},{"@type":"Organization","@id":"https:\/\/www.csj-emballages.com\/es\/#Organization\/","name":"CSJ Emballages","url":"https:\/\/www.csj-emballages.com\/es\/","logo":{"@type":"ImageObject","inLanguage":"es","@id":"https:\/\/www.csj-emballages.com\/es\/#\/schema\/logo\/image\/","url":"https:\/\/www.csj-emballages.com\/wp-content\/uploads\/2023\/10\/logo_csj.webp","contentUrl":"https:\/\/www.csj-emballages.com\/wp-content\/uploads\/2023\/10\/logo_csj.webp","width":250,"height":95,"caption":"CSJ Emballages"},"image":{"@id":"https:\/\/www.csj-emballages.com\/es\/#\/schema\/logo\/image\/"},"sameAs":["https:\/\/www.facebook.com\/csjemballages"],"address":{"@type":"PostalAddress","streetAddress":"ZI La Lechere","addressLocality":"Patornay","postalCode":"39130","addressCountry":"FR"},"contactPoint":[{"@type":"ContactPoint","contactType":"Service client","telephone":"0384254272","email":"contact@csj-emballages.com"}]}]}},"df_price":3.64,"df_sale_price":"","df_regular_price":3.64,"df_image_link":"https:\/\/www.csj-emballages.com\/wp-content\/uploads\/2024\/03\/10SP16050TRANS-300x300.webp","tiered_pricing_type":"fixed","tiered_pricing_fixed_rules":[],"tiered_pricing_percentage_rules":[],"tiered_pricing_minimum":1,"tiered_pricing_roles_data":[],"_links":{"self":[{"href":"https:\/\/www.csj-emballages.com\/es\/wp-json\/wp\/v2\/product\/18598","targetHints":{"allow":["GET"]}}],"collection":[{"href":"https:\/\/www.csj-emballages.com\/es\/wp-json\/wp\/v2\/product"}],"about":[{"href":"https:\/\/www.csj-emballages.com\/es\/wp-json\/wp\/v2\/types\/product"}],"wp:featuredmedia":[{"embeddable":true,"href":"https:\/\/www.csj-emballages.com\/es\/wp-json\/wp\/v2\/media\/263267"}],"wp:attachment":[{"href":"https:\/\/www.csj-emballages.com\/es\/wp-json\/wp\/v2\/media?parent=18598"}],"wp:term":[{"taxonomy":"product_brand","embeddable":true,"href":"https:\/\/www.csj-emballages.com\/es\/wp-json\/wp\/v2\/product_brand?post=18598"},{"taxonomy":"product_cat","embeddable":true,"href":"https:\/\/www.csj-emballages.com\/es\/wp-json\/wp\/v2\/product_cat?post=18598"},{"taxonomy":"product_tag","embeddable":true,"href":"https:\/\/www.csj-emballages.com\/es\/wp-json\/wp\/v2\/product_tag?post=18598"}],"curies":[{"name":"wp","href":"https:\/\/api.w.org\/{rel}","templated":true}]}}