{"id":18588,"date":"2024-03-01T16:59:28","date_gmt":"2024-03-01T15:59:28","guid":{"rendered":"https:\/\/u15jnbdpoq.preview.infomaniak.website\/produit\/10-bolsas-de-basura-negras-de-55-%c2%b5-y-160-litros\/"},"modified":"2026-04-29T02:10:51","modified_gmt":"2026-04-29T00:10:51","slug":"10-bolsas-de-basura-negras-de-55-%c2%b5-y-160-litros","status":"publish","type":"product","link":"https:\/\/www.csj-emballages.com\/es\/produit\/10-bolsas-de-basura-negras-de-55-%c2%b5-y-160-litros\/","title":{"rendered":"Bolsa de basura de 160 litros negra de 55 \u00b5 por 10"},"content":{"rendered":"<h2>Bolsa de basura transparente<\/h2>\n<hr>\n<h3>Descubra nuestra bolsa de basura de 160 litros negra de 55 \u00b5 por 10<\/h3>\n<p><!--more--><\/p>\n<p data-start=\"191\" data-end=\"548\">Cuando se trata de gestionar <strong>grandes vol\u00famenes de residuos<\/strong>, estas <strong data-start=\"243\" data-end=\"277\">bolsas de basura negras de 160 litros<\/strong> est\u00e1n claramente a la altura. Su gran capacidad permite recoger f\u00e1cilmente los residuos voluminosos o pesados, sin tener que multiplicar las <strong>bolsas<\/strong>. Ya sea en un entorno profesional o para usos puntuales m\u00e1s intensivos, realmente simplifican el d\u00eda a d\u00eda.  <\/p>\n<p data-start=\"550\" data-end=\"936\">Con un <strong data-start=\"559\" data-end=\"586\">grosor de 55 micras<\/strong>, estas bolsas ofrecen una resistencia reforzada. Se mantienen bien en su sitio, soportan el peso y limitan el riesgo de desgarros o fugas. Por lo tanto, se pueden utilizar con total confianza, incluso para residuos h\u00famedos o voluminosos. Su <strong>color negro<\/strong> tambi\u00e9n ayuda a mantener un aspecto limpio y discreto, ideal en entornos profesionales.   <\/p>\n<p data-start=\"938\" data-end=\"1275\">Estas <strong>bolsas<\/strong> son perfectas para restaurantes, colectividades, talleres, almacenes u obras. Se adaptan a contenedores de gran tama\u00f1o y facilitan la clasificaci\u00f3n y evacuaci\u00f3n de residuos, ahorrando tiempo. Adem\u00e1s, su instalaci\u00f3n es sencilla y r\u00e1pida, lo cual es de agradecer cuando las rotaciones son frecuentes.  <\/p>\n<p data-start=\"1277\" data-end=\"1447\">Se venden <strong data-start=\"1284\" data-end=\"1301\">en lotes de 10<\/strong>, ofreciendo una soluci\u00f3n pr\u00e1ctica sin sobrecargar el espacio de almacenamiento. Es el equilibrio perfecto entre robustez, capacidad y gesti\u00f3n de existencias. <\/p>\n<p data-start=\"1449\" data-end=\"1674\">En resumen, estas <strong>bolsas de basura de 160 litros<\/strong> est\u00e1n dise\u00f1adas para situaciones exigentes. S\u00f3lidas, espaciosas y fiables, satisfacen las necesidades de los profesionales que buscan una soluci\u00f3n eficaz para la gesti\u00f3n de residuos. <\/p>\n<p data-start=\"1449\" data-end=\"1674\">\n<p data-start=\"1483\" data-end=\"1681\"><!--more--><\/p>\n<h4 data-start=\"1483\" data-end=\"1681\">Ventajas :<\/h4>\n<ul>\n<li data-start=\"1702\" data-end=\"1734\">Gran capacidad de <strong>160 litros<\/strong>.<\/li>\n<li data-start=\"1737\" data-end=\"1784\"><strong>Grosor de 55 \u00b5<\/strong> para una mayor resistencia.<\/li>\n<li data-start=\"1787\" data-end=\"1830\">Adaptadas para residuos pesados y voluminosos.<\/li>\n<li data-start=\"1833\" data-end=\"1878\">Color negro, discreto y profesional.<\/li>\n<li data-start=\"1881\" data-end=\"1912\">Utilizaci\u00f3n sencilla y r\u00e1pida.<\/li>\n<li data-start=\"1915\" data-end=\"1939\">Lote pr\u00e1ctico de <strong>10 bolsas<\/strong>.<\/li>\n<\/ul>\n<p>&nbsp;<\/p>\n<p><!--more--><\/p>\n<h4>Informaci\u00f3n adicional :<\/h4>\n<ul style=\"font-family: Roboto, sans-serif;\">\n<li><strong>Embalaje<\/strong>: Rollo de 10<\/li>\n<li><strong>Dimensiones<\/strong>: 900 mm x 1100 mm<\/li>\n<li><span style=\"font-weight: bold;\">Volumen: <\/span>160 litros<\/li>\n<li><strong>Espesor<\/strong>: 55 \u00b5<\/li>\n<li><strong>Color<\/strong>: Negro<\/li>\n<li><strong>Material<\/strong>: PEAD<\/li>\n<\/ul>\n<p>&nbsp;<\/p>\n<p><!--more--><\/p>\n<p>Esta bolsa de basura de 160 litros est\u00e1 disponible en diferentes tama\u00f1os: <span style=\"color: #d12727;\"><a style=\"color: #d12727;\" href=\"https:\/\/www.csj-emballages.com\/produit\/25-sacs-poubelles-130-litres-noirs-40-%c2%b5\/\">130 litros (40 \u00b5)<\/a><\/span> \/ <span style=\"color: #d12727;\"><a style=\"color: #d12727;\" href=\"https:\/\/www.csj-emballages.com\/produit\/10-sacs-poubelles-130-litres-noirs-75-%c2%b5\/\">130 litros (75 \u00b5)<\/a><\/span> \/ <span style=\"color: #d12727;\"><a style=\"color: #d12727;\" href=\"https:\/\/www.csj-emballages.com\/produit\/10-sacs-poubelles-150-litres-noirs-50-%c2%b5\/\">150 litros (50 \u00b5)<\/a><\/span> \/ <span style=\"color: #d12727;\"><a style=\"color: #d12727;\" href=\"https:\/\/www.csj-emballages.com\/es\/produit\/10-bolsas-de-basura-transparentes-de-160-litros-y-50-%c2%b5\/\">160 litros (50 \u00b5)<\/a><\/span> \/<span style=\"color: #d12727;\"><a style=\"color: #d12727;\" href=\"https:\/\/www.csj-emballages.com\/es\/categorie-produit\/higiene-y-mantenimiento\/bolsas-de-basura\/\">&#8230;<\/a><\/span><\/p>\n<p>&nbsp;<\/p>\n<p><!--more--><\/p>\n<p><a href=\"https:\/\/www.csj-emballages.com\/es\/categorie-produit\/higiene-y-mantenimiento\/bolsas-de-basura\/\">Ver el resto de nuestra gama de bolsas de basura<\/a><\/p>\n","protected":false},"excerpt":{"rendered":"<p>Bolsa de basura transparente Descubra nuestra bolsa de basura de 160 litros negra de 55 \u00b5 por 10<\/p>\n","protected":false},"featured_media":222415,"template":"","meta":{"_acf_changed":false},"product_brand":[],"product_cat":[1226,1871],"product_tag":[],"class_list":{"0":"post-18588","1":"product","2":"type-product","3":"status-publish","4":"has-post-thumbnail","6":"product_cat-higiene-y-mantenimiento","7":"product_cat-bolsas-de-basura","9":"first","10":"instock","11":"taxable","12":"shipping-taxable","13":"purchasable","14":"product-type-simple"},"acf":[],"yoast_head":"<!-- This site is optimized with the Yoast SEO Premium plugin v26.6 (Yoast SEO v26.6) - https:\/\/yoast.com\/wordpress\/plugins\/seo\/ -->\n<title>Bolsa de basura de 160 litros negra de 55 \u00b5 por 10<\/title>\n<meta name=\"description\" content=\"Bolsa de basura negra de 160 litros y 55 micras, se vende por 10 unidades. Robustas y de gran capacidad, ideales para la gesti\u00f3n de residuos en entornos profesionales.\" \/>\n<meta name=\"robots\" content=\"index, follow, max-snippet:-1, max-image-preview:large, max-video-preview:-1\" \/>\n<link rel=\"canonical\" href=\"https:\/\/www.csj-emballages.com\/es\/produit\/10-bolsas-de-basura-negras-de-55-%c2%b5-y-160-litros\/\" \/>\n<meta property=\"og:locale\" content=\"es_ES\" \/>\n<meta property=\"og:type\" content=\"article\" \/>\n<meta property=\"og:title\" content=\"Bolsa de basura de 160 litros negra de 55 \u00b5 por 10\" \/>\n<meta property=\"og:description\" content=\"Bolsa de basura negra de 160 litros y 55 micras, se vende por 10 unidades. Robustas y de gran capacidad, ideales para la gesti\u00f3n de residuos en entornos profesionales.\" \/>\n<meta property=\"og:url\" content=\"https:\/\/www.csj-emballages.com\/es\/produit\/10-bolsas-de-basura-negras-de-55-%c2%b5-y-160-litros\/\" \/>\n<meta property=\"og:site_name\" content=\"CSJ Emballages\" \/>\n<meta property=\"article:publisher\" content=\"https:\/\/www.facebook.com\/csjemballages\" \/>\n<meta property=\"article:modified_time\" content=\"2026-04-29T00:10:51+00:00\" \/>\n<meta property=\"og:image\" content=\"https:\/\/www.csj-emballages.com\/wp-content\/uploads\/2024\/03\/Sac-housse.webp\" \/>\n\t<meta property=\"og:image:width\" content=\"800\" \/>\n\t<meta property=\"og:image:height\" content=\"800\" \/>\n\t<meta property=\"og:image:type\" content=\"image\/webp\" \/>\n<meta name=\"twitter:card\" content=\"summary_large_image\" \/>\n<meta name=\"twitter:label1\" content=\"Tiempo de lectura\" \/>\n\t<meta name=\"twitter:data1\" content=\"2 minutos\" \/>\n<script type=\"application\/ld+json\" class=\"yoast-schema-graph\">{\"@context\":\"https:\/\/schema.org\",\"@graph\":[{\"@type\":\"WebPage\",\"@id\":\"https:\/\/www.csj-emballages.com\/es\/produit\/10-bolsas-de-basura-negras-de-55-%c2%b5-y-160-litros\/\",\"url\":\"https:\/\/www.csj-emballages.com\/es\/produit\/10-bolsas-de-basura-negras-de-55-%c2%b5-y-160-litros\/\",\"name\":\"Bolsa de basura de 160 litros negra de 55 \u00b5 por 10\",\"isPartOf\":{\"@id\":\"https:\/\/www.csj-emballages.com\/es\/#website\"},\"primaryImageOfPage\":{\"@id\":\"https:\/\/www.csj-emballages.com\/es\/produit\/10-bolsas-de-basura-negras-de-55-%c2%b5-y-160-litros\/#primaryimage\"},\"image\":{\"@id\":\"https:\/\/www.csj-emballages.com\/es\/produit\/10-bolsas-de-basura-negras-de-55-%c2%b5-y-160-litros\/#primaryimage\"},\"thumbnailUrl\":\"https:\/\/www.csj-emballages.com\/wp-content\/uploads\/2024\/03\/Sac-housse.webp\",\"datePublished\":\"2024-03-01T15:59:28+00:00\",\"dateModified\":\"2026-04-29T00:10:51+00:00\",\"description\":\"Bolsa de basura negra de 160 litros y 55 micras, se vende por 10 unidades. Robustas y de gran capacidad, ideales para la gesti\u00f3n de residuos en entornos profesionales.\",\"breadcrumb\":{\"@id\":\"https:\/\/www.csj-emballages.com\/es\/produit\/10-bolsas-de-basura-negras-de-55-%c2%b5-y-160-litros\/#breadcrumb\"},\"inLanguage\":\"es\",\"potentialAction\":[{\"@type\":\"ReadAction\",\"target\":[\"https:\/\/www.csj-emballages.com\/es\/produit\/10-bolsas-de-basura-negras-de-55-%c2%b5-y-160-litros\/\"]}]},{\"@type\":\"ImageObject\",\"inLanguage\":\"es\",\"@id\":\"https:\/\/www.csj-emballages.com\/es\/produit\/10-bolsas-de-basura-negras-de-55-%c2%b5-y-160-litros\/#primaryimage\",\"url\":\"https:\/\/www.csj-emballages.com\/wp-content\/uploads\/2024\/03\/Sac-housse.webp\",\"contentUrl\":\"https:\/\/www.csj-emballages.com\/wp-content\/uploads\/2024\/03\/Sac-housse.webp\",\"width\":800,\"height\":800,\"caption\":\"Sac poubelle\"},{\"@type\":\"BreadcrumbList\",\"@id\":\"https:\/\/www.csj-emballages.com\/es\/produit\/10-bolsas-de-basura-negras-de-55-%c2%b5-y-160-litros\/#breadcrumb\",\"itemListElement\":[{\"@type\":\"ListItem\",\"position\":1,\"name\":\"Accueil\",\"item\":\"https:\/\/www.csj-emballages.com\/es\/universo-del-envasado-alimentario\/\"},{\"@type\":\"ListItem\",\"position\":2,\"name\":\"Tienda\",\"item\":\"https:\/\/www.csj-emballages.com\/tienda\/\"},{\"@type\":\"ListItem\",\"position\":3,\"name\":\"Bolsa de basura de 160 litros negra de 55 \u00b5 por 10\"}]},{\"@type\":\"WebSite\",\"@id\":\"https:\/\/www.csj-emballages.com\/es\/#website\",\"url\":\"https:\/\/www.csj-emballages.com\/es\/\",\"name\":\"CSJ Emballages\",\"description\":\"\",\"publisher\":{\"@id\":\"https:\/\/www.csj-emballages.com\/es\/#organization\"},\"potentialAction\":[{\"@type\":\"SearchAction\",\"target\":{\"@type\":\"EntryPoint\",\"urlTemplate\":\"https:\/\/www.csj-emballages.com\/es\/?s={search_term_string}\"},\"query-input\":{\"@type\":\"PropertyValueSpecification\",\"valueRequired\":true,\"valueName\":\"search_term_string\"}}],\"inLanguage\":\"es\"},{\"@type\":\"Organization\",\"@id\":\"https:\/\/www.csj-emballages.com\/es\/#Organization\/\",\"name\":\"CSJ Emballages\",\"url\":\"https:\/\/www.csj-emballages.com\/es\/\",\"logo\":{\"@type\":\"ImageObject\",\"inLanguage\":\"es\",\"@id\":\"https:\/\/www.csj-emballages.com\/es\/#\/schema\/logo\/image\/\",\"url\":\"https:\/\/www.csj-emballages.com\/wp-content\/uploads\/2023\/10\/logo_csj.webp\",\"contentUrl\":\"https:\/\/www.csj-emballages.com\/wp-content\/uploads\/2023\/10\/logo_csj.webp\",\"width\":250,\"height\":95,\"caption\":\"CSJ Emballages\"},\"image\":{\"@id\":\"https:\/\/www.csj-emballages.com\/es\/#\/schema\/logo\/image\/\"},\"sameAs\":[\"https:\/\/www.facebook.com\/csjemballages\"],\"address\":{\"@type\":\"PostalAddress\",\"streetAddress\":\"ZI La Lechere\",\"addressLocality\":\"Patornay\",\"postalCode\":\"39130\",\"addressCountry\":\"FR\"},\"contactPoint\":[{\"@type\":\"ContactPoint\",\"contactType\":\"Service client\",\"telephone\":\"0384254272\",\"email\":\"contact@csj-emballages.com\"}]}]}<\/script>\n<!-- \/ Yoast SEO Premium plugin. -->","yoast_head_json":{"title":"Bolsa de basura de 160 litros negra de 55 \u00b5 por 10","description":"Bolsa de basura negra de 160 litros y 55 micras, se vende por 10 unidades. Robustas y de gran capacidad, ideales para la gesti\u00f3n de residuos en entornos profesionales.","robots":{"index":"index","follow":"follow","max-snippet":"max-snippet:-1","max-image-preview":"max-image-preview:large","max-video-preview":"max-video-preview:-1"},"canonical":"https:\/\/www.csj-emballages.com\/es\/produit\/10-bolsas-de-basura-negras-de-55-%c2%b5-y-160-litros\/","og_locale":"es_ES","og_type":"article","og_title":"Bolsa de basura de 160 litros negra de 55 \u00b5 por 10","og_description":"Bolsa de basura negra de 160 litros y 55 micras, se vende por 10 unidades. Robustas y de gran capacidad, ideales para la gesti\u00f3n de residuos en entornos profesionales.","og_url":"https:\/\/www.csj-emballages.com\/es\/produit\/10-bolsas-de-basura-negras-de-55-%c2%b5-y-160-litros\/","og_site_name":"CSJ Emballages","article_publisher":"https:\/\/www.facebook.com\/csjemballages","article_modified_time":"2026-04-29T00:10:51+00:00","og_image":[{"width":800,"height":800,"url":"https:\/\/www.csj-emballages.com\/wp-content\/uploads\/2024\/03\/Sac-housse.webp","type":"image\/webp"}],"twitter_card":"summary_large_image","twitter_misc":{"Tiempo de lectura":"2 minutos"},"schema":{"@context":"https:\/\/schema.org","@graph":[{"@type":"WebPage","@id":"https:\/\/www.csj-emballages.com\/es\/produit\/10-bolsas-de-basura-negras-de-55-%c2%b5-y-160-litros\/","url":"https:\/\/www.csj-emballages.com\/es\/produit\/10-bolsas-de-basura-negras-de-55-%c2%b5-y-160-litros\/","name":"Bolsa de basura de 160 litros negra de 55 \u00b5 por 10","isPartOf":{"@id":"https:\/\/www.csj-emballages.com\/es\/#website"},"primaryImageOfPage":{"@id":"https:\/\/www.csj-emballages.com\/es\/produit\/10-bolsas-de-basura-negras-de-55-%c2%b5-y-160-litros\/#primaryimage"},"image":{"@id":"https:\/\/www.csj-emballages.com\/es\/produit\/10-bolsas-de-basura-negras-de-55-%c2%b5-y-160-litros\/#primaryimage"},"thumbnailUrl":"https:\/\/www.csj-emballages.com\/wp-content\/uploads\/2024\/03\/Sac-housse.webp","datePublished":"2024-03-01T15:59:28+00:00","dateModified":"2026-04-29T00:10:51+00:00","description":"Bolsa de basura negra de 160 litros y 55 micras, se vende por 10 unidades. Robustas y de gran capacidad, ideales para la gesti\u00f3n de residuos en entornos profesionales.","breadcrumb":{"@id":"https:\/\/www.csj-emballages.com\/es\/produit\/10-bolsas-de-basura-negras-de-55-%c2%b5-y-160-litros\/#breadcrumb"},"inLanguage":"es","potentialAction":[{"@type":"ReadAction","target":["https:\/\/www.csj-emballages.com\/es\/produit\/10-bolsas-de-basura-negras-de-55-%c2%b5-y-160-litros\/"]}]},{"@type":"ImageObject","inLanguage":"es","@id":"https:\/\/www.csj-emballages.com\/es\/produit\/10-bolsas-de-basura-negras-de-55-%c2%b5-y-160-litros\/#primaryimage","url":"https:\/\/www.csj-emballages.com\/wp-content\/uploads\/2024\/03\/Sac-housse.webp","contentUrl":"https:\/\/www.csj-emballages.com\/wp-content\/uploads\/2024\/03\/Sac-housse.webp","width":800,"height":800,"caption":"Sac poubelle"},{"@type":"BreadcrumbList","@id":"https:\/\/www.csj-emballages.com\/es\/produit\/10-bolsas-de-basura-negras-de-55-%c2%b5-y-160-litros\/#breadcrumb","itemListElement":[{"@type":"ListItem","position":1,"name":"Accueil","item":"https:\/\/www.csj-emballages.com\/es\/universo-del-envasado-alimentario\/"},{"@type":"ListItem","position":2,"name":"Tienda","item":"https:\/\/www.csj-emballages.com\/tienda\/"},{"@type":"ListItem","position":3,"name":"Bolsa de basura de 160 litros negra de 55 \u00b5 por 10"}]},{"@type":"WebSite","@id":"https:\/\/www.csj-emballages.com\/es\/#website","url":"https:\/\/www.csj-emballages.com\/es\/","name":"CSJ Emballages","description":"","publisher":{"@id":"https:\/\/www.csj-emballages.com\/es\/#organization"},"potentialAction":[{"@type":"SearchAction","target":{"@type":"EntryPoint","urlTemplate":"https:\/\/www.csj-emballages.com\/es\/?s={search_term_string}"},"query-input":{"@type":"PropertyValueSpecification","valueRequired":true,"valueName":"search_term_string"}}],"inLanguage":"es"},{"@type":"Organization","@id":"https:\/\/www.csj-emballages.com\/es\/#Organization\/","name":"CSJ Emballages","url":"https:\/\/www.csj-emballages.com\/es\/","logo":{"@type":"ImageObject","inLanguage":"es","@id":"https:\/\/www.csj-emballages.com\/es\/#\/schema\/logo\/image\/","url":"https:\/\/www.csj-emballages.com\/wp-content\/uploads\/2023\/10\/logo_csj.webp","contentUrl":"https:\/\/www.csj-emballages.com\/wp-content\/uploads\/2023\/10\/logo_csj.webp","width":250,"height":95,"caption":"CSJ Emballages"},"image":{"@id":"https:\/\/www.csj-emballages.com\/es\/#\/schema\/logo\/image\/"},"sameAs":["https:\/\/www.facebook.com\/csjemballages"],"address":{"@type":"PostalAddress","streetAddress":"ZI La Lechere","addressLocality":"Patornay","postalCode":"39130","addressCountry":"FR"},"contactPoint":[{"@type":"ContactPoint","contactType":"Service client","telephone":"0384254272","email":"contact@csj-emballages.com"}]}]}},"df_price":2.65,"df_sale_price":"","df_regular_price":2.65,"df_image_link":"https:\/\/www.csj-emballages.com\/wp-content\/uploads\/2024\/03\/Sac-housse-300x300.webp","tiered_pricing_type":"fixed","tiered_pricing_fixed_rules":[],"tiered_pricing_percentage_rules":[],"tiered_pricing_minimum":1,"tiered_pricing_roles_data":[],"_links":{"self":[{"href":"https:\/\/www.csj-emballages.com\/es\/wp-json\/wp\/v2\/product\/18588","targetHints":{"allow":["GET"]}}],"collection":[{"href":"https:\/\/www.csj-emballages.com\/es\/wp-json\/wp\/v2\/product"}],"about":[{"href":"https:\/\/www.csj-emballages.com\/es\/wp-json\/wp\/v2\/types\/product"}],"wp:featuredmedia":[{"embeddable":true,"href":"https:\/\/www.csj-emballages.com\/es\/wp-json\/wp\/v2\/media\/222415"}],"wp:attachment":[{"href":"https:\/\/www.csj-emballages.com\/es\/wp-json\/wp\/v2\/media?parent=18588"}],"wp:term":[{"taxonomy":"product_brand","embeddable":true,"href":"https:\/\/www.csj-emballages.com\/es\/wp-json\/wp\/v2\/product_brand?post=18588"},{"taxonomy":"product_cat","embeddable":true,"href":"https:\/\/www.csj-emballages.com\/es\/wp-json\/wp\/v2\/product_cat?post=18588"},{"taxonomy":"product_tag","embeddable":true,"href":"https:\/\/www.csj-emballages.com\/es\/wp-json\/wp\/v2\/product_tag?post=18588"}],"curies":[{"name":"wp","href":"https:\/\/api.w.org\/{rel}","templated":true}]}}