{"id":18575,"date":"2024-03-01T16:59:28","date_gmt":"2024-03-01T15:59:28","guid":{"rendered":"https:\/\/u15jnbdpoq.preview.infomaniak.website\/produit\/vaso-de-mojito-de-cristal-irrompible-reutilizable-25-cl\/"},"modified":"2026-03-26T02:10:40","modified_gmt":"2026-03-26T01:10:40","slug":"vaso-de-mojito-de-cristal-irrompible-reutilizable-25-cl","status":"publish","type":"product","link":"https:\/\/www.csj-emballages.com\/es\/produit\/vaso-de-mojito-de-cristal-irrompible-reutilizable-25-cl\/","title":{"rendered":"Vaso de mojito de cristal irrompible reutilizable 25 cl"},"content":{"rendered":"<h2>Copa de mojito<\/h2>\n<hr>\n<h3>Descripci\u00f3n de nuestro vaso de mojito de cristal irrompible reutilizable 25 cl<\/h3>\n<p>Descubra el <strong>vaso de mojito reutilizable de cristal de 25 cl<\/strong>, el accesorio perfecto para sus veladas elegantes. Su elegante acabado en cristal a\u00f1ade un toque de sofisticaci\u00f3n a cualquier ocasi\u00f3n. Fabricado con <strong>material irrompible<\/strong>, resiste golpes y ca\u00eddas, garantizando una larga durabilidad. Diga adi\u00f3s a las copas rotas y a los accidentes en sus eventos festivos. Su dise\u00f1o ergon\u00f3mico garantiza un agarre c\u00f3modo y estable. Con su capacidad de 25 cl, es ideal para disfrutar de sus c\u00f3cteles favoritos. <strong>Reutilizable y respetuoso con el medio ambiente<\/strong>, este vaso contribuye a reducir los residuos de pl\u00e1stico. Adem\u00e1s, <strong>no contiene BPA<\/strong>. Perfecto tanto para fiestas en interiores como al aire libre, se adapta a cualquier ambiente. Una elecci\u00f3n acertada para los amantes de los c\u00f3cteles refinados y los organizadores de fiestas. Impresione a sus invitados con este vaso chic y pr\u00e1ctico. Su moderno dise\u00f1o combina a la perfecci\u00f3n con cualquier decoraci\u00f3n de mesa.          <\/p>\n<p>Invierta en calidad y elegancia con este vaso reutilizable de cristal de 25 cl.<\/p>\n<h4><strong>Ventajas:<\/strong><\/h4>\n<ul>\n<li><strong>Durabilidad excepcional: <\/strong>fabricado con material <strong>irrompible<\/strong>, este cristal resiste golpes y ca\u00eddas.<\/li>\n<li><strong>Capacidad ideal<\/strong>: Con <strong>25 cl<\/strong>, es perfecta para disfrutar de tus c\u00f3cteles favoritos.<\/li>\n<li><strong>Respetuoso con el medio ambiente<\/strong>: <strong>Reutilizable<\/strong>, contribuye a reducir los residuos pl\u00e1sticos.<\/li>\n<li><strong>Versatilidad<\/strong>: Adecuado tanto para fiestas de interior como de exterior.<\/li>\n<\/ul>\n<p><span style=\"color: #d12727;\"><a style=\"color: #d12727;\" href=\"https:\/\/www.csj-emballages.com\/produit\/verres-mojito-reutilisables-cristals-luxe-incassable-40-cl\/\">Encuentre este vaso de mojito en 40cl.<\/a><\/span><\/p>\n<p>Disponible en diferentes colores : <span style=\"color: #d12727;\"><a style=\"color: #d12727;\" href=\"https:\/\/www.csj-emballages.com\/produit\/verre-mojito-reutilisables-noir-luxe-incassable-25cl\/\">negro<\/a><\/span> \/ <span style=\"color: #d12727;\"><a style=\"color: #d12727;\" href=\"https:\/\/www.csj-emballages.com\/produit\/verre-mojito-reutilisables-blanc-luxe-incassable-25-cl\/\">blanco<\/a><\/span><\/p>\n<p><a href=\"\/?product_cat=vaisselles-reutilisables\">Ver el resto de nuestra gama de platos reutilizables<\/a><\/p>\n","protected":false},"excerpt":{"rendered":"<p>Copa de mojito Descripci\u00f3n de nuestro vaso de mojito de cristal irrompible reutilizable 25 cl Descubra el vaso de mojito reutilizable de cristal de 25 cl, el accesorio perfecto para sus veladas elegantes. Su elegante acabado en cristal a\u00f1ade un toque de sofisticaci\u00f3n a cualquier ocasi\u00f3n. Fabricado con material irrompible, resiste golpes y ca\u00eddas, garantizando [&hellip;]<\/p>\n","protected":false},"featured_media":197076,"template":"","meta":{"_acf_changed":false},"product_brand":[],"product_cat":[1150,1179,1462,1463,6718],"product_tag":[],"class_list":{"0":"post-18575","1":"product","2":"type-product","3":"status-publish","4":"has-post-thumbnail","6":"product_cat-envasado-de-alimentos","7":"product_cat-catering-es","8":"product_cat-tazas-vasos-cubos-botellas","9":"product_cat-vasos-y-tazas-irrompibles-y-reutilizables","10":"product_cat-platos-reutilizables","12":"first","13":"instock","14":"taxable","15":"shipping-taxable","16":"purchasable","17":"product-type-simple"},"acf":[],"yoast_head":"<!-- This site is optimized with the Yoast SEO Premium plugin v26.6 (Yoast SEO v26.6) - https:\/\/yoast.com\/wordpress\/plugins\/seo\/ -->\n<title>Vaso de Mojito Cristal Reutilizable - 25cl<\/title>\n<meta name=\"description\" content=\"Vaso de mojito reutilizable de cristal de 25cl - Elegante, duradero y respetuoso con el medio ambiente. Ideal para cualquier ocasi\u00f3n, resistente a los golpes y f\u00e1cil de limpiar.\" \/>\n<meta name=\"robots\" content=\"index, follow, max-snippet:-1, max-image-preview:large, max-video-preview:-1\" \/>\n<link rel=\"canonical\" href=\"https:\/\/www.csj-emballages.com\/es\/produit\/vaso-de-mojito-de-cristal-irrompible-reutilizable-25-cl\/\" \/>\n<meta property=\"og:locale\" content=\"es_ES\" \/>\n<meta property=\"og:type\" content=\"article\" \/>\n<meta property=\"og:title\" content=\"Vaso de mojito de cristal irrompible reutilizable 25 cl\" \/>\n<meta property=\"og:description\" content=\"Vaso de mojito reutilizable de cristal de 25cl - Elegante, duradero y respetuoso con el medio ambiente. Ideal para cualquier ocasi\u00f3n, resistente a los golpes y f\u00e1cil de limpiar.\" \/>\n<meta property=\"og:url\" content=\"https:\/\/www.csj-emballages.com\/es\/produit\/vaso-de-mojito-de-cristal-irrompible-reutilizable-25-cl\/\" \/>\n<meta property=\"og:site_name\" content=\"CSJ Emballages\" \/>\n<meta property=\"article:publisher\" content=\"https:\/\/www.facebook.com\/csjemballages\" \/>\n<meta property=\"article:modified_time\" content=\"2026-03-26T01:10:40+00:00\" \/>\n<meta property=\"og:image\" content=\"https:\/\/www.csj-emballages.com\/wp-content\/uploads\/2024\/03\/Verre-mojito-25cl.webp\" \/>\n\t<meta property=\"og:image:width\" content=\"799\" \/>\n\t<meta property=\"og:image:height\" content=\"799\" \/>\n\t<meta property=\"og:image:type\" content=\"image\/webp\" \/>\n<meta name=\"twitter:card\" content=\"summary_large_image\" \/>\n<meta name=\"twitter:label1\" content=\"Tiempo de lectura\" \/>\n\t<meta name=\"twitter:data1\" content=\"1 minuto\" \/>\n<script type=\"application\/ld+json\" class=\"yoast-schema-graph\">{\"@context\":\"https:\/\/schema.org\",\"@graph\":[{\"@type\":\"WebPage\",\"@id\":\"https:\/\/www.csj-emballages.com\/es\/produit\/vaso-de-mojito-de-cristal-irrompible-reutilizable-25-cl\/\",\"url\":\"https:\/\/www.csj-emballages.com\/es\/produit\/vaso-de-mojito-de-cristal-irrompible-reutilizable-25-cl\/\",\"name\":\"Vaso de Mojito Cristal Reutilizable - 25cl\",\"isPartOf\":{\"@id\":\"https:\/\/www.csj-emballages.com\/es\/#website\"},\"primaryImageOfPage\":{\"@id\":\"https:\/\/www.csj-emballages.com\/es\/produit\/vaso-de-mojito-de-cristal-irrompible-reutilizable-25-cl\/#primaryimage\"},\"image\":{\"@id\":\"https:\/\/www.csj-emballages.com\/es\/produit\/vaso-de-mojito-de-cristal-irrompible-reutilizable-25-cl\/#primaryimage\"},\"thumbnailUrl\":\"https:\/\/www.csj-emballages.com\/wp-content\/uploads\/2024\/03\/Verre-mojito-25cl.webp\",\"datePublished\":\"2024-03-01T15:59:28+00:00\",\"dateModified\":\"2026-03-26T01:10:40+00:00\",\"description\":\"Vaso de mojito reutilizable de cristal de 25cl - Elegante, duradero y respetuoso con el medio ambiente. Ideal para cualquier ocasi\u00f3n, resistente a los golpes y f\u00e1cil de limpiar.\",\"breadcrumb\":{\"@id\":\"https:\/\/www.csj-emballages.com\/es\/produit\/vaso-de-mojito-de-cristal-irrompible-reutilizable-25-cl\/#breadcrumb\"},\"inLanguage\":\"es\",\"potentialAction\":[{\"@type\":\"ReadAction\",\"target\":[\"https:\/\/www.csj-emballages.com\/es\/produit\/vaso-de-mojito-de-cristal-irrompible-reutilizable-25-cl\/\"]}]},{\"@type\":\"ImageObject\",\"inLanguage\":\"es\",\"@id\":\"https:\/\/www.csj-emballages.com\/es\/produit\/vaso-de-mojito-de-cristal-irrompible-reutilizable-25-cl\/#primaryimage\",\"url\":\"https:\/\/www.csj-emballages.com\/wp-content\/uploads\/2024\/03\/Verre-mojito-25cl.webp\",\"contentUrl\":\"https:\/\/www.csj-emballages.com\/wp-content\/uploads\/2024\/03\/Verre-mojito-25cl.webp\",\"width\":799,\"height\":799,\"caption\":\"verre mojito\"},{\"@type\":\"BreadcrumbList\",\"@id\":\"https:\/\/www.csj-emballages.com\/es\/produit\/vaso-de-mojito-de-cristal-irrompible-reutilizable-25-cl\/#breadcrumb\",\"itemListElement\":[{\"@type\":\"ListItem\",\"position\":1,\"name\":\"Accueil\",\"item\":\"https:\/\/www.csj-emballages.com\/es\/universo-del-envasado-alimentario\/\"},{\"@type\":\"ListItem\",\"position\":2,\"name\":\"Tienda\",\"item\":\"https:\/\/www.csj-emballages.com\/tienda\/\"},{\"@type\":\"ListItem\",\"position\":3,\"name\":\"Vaso de mojito de cristal irrompible reutilizable 25 cl\"}]},{\"@type\":\"WebSite\",\"@id\":\"https:\/\/www.csj-emballages.com\/es\/#website\",\"url\":\"https:\/\/www.csj-emballages.com\/es\/\",\"name\":\"CSJ Emballages\",\"description\":\"\",\"publisher\":{\"@id\":\"https:\/\/www.csj-emballages.com\/es\/#organization\"},\"potentialAction\":[{\"@type\":\"SearchAction\",\"target\":{\"@type\":\"EntryPoint\",\"urlTemplate\":\"https:\/\/www.csj-emballages.com\/es\/?s={search_term_string}\"},\"query-input\":{\"@type\":\"PropertyValueSpecification\",\"valueRequired\":true,\"valueName\":\"search_term_string\"}}],\"inLanguage\":\"es\"},{\"@type\":\"Organization\",\"@id\":\"https:\/\/www.csj-emballages.com\/es\/#Organization\/\",\"name\":\"CSJ Emballages\",\"url\":\"https:\/\/www.csj-emballages.com\/es\/\",\"logo\":{\"@type\":\"ImageObject\",\"inLanguage\":\"es\",\"@id\":\"https:\/\/www.csj-emballages.com\/es\/#\/schema\/logo\/image\/\",\"url\":\"https:\/\/www.csj-emballages.com\/wp-content\/uploads\/2023\/10\/logo_csj.webp\",\"contentUrl\":\"https:\/\/www.csj-emballages.com\/wp-content\/uploads\/2023\/10\/logo_csj.webp\",\"width\":250,\"height\":95,\"caption\":\"CSJ Emballages\"},\"image\":{\"@id\":\"https:\/\/www.csj-emballages.com\/es\/#\/schema\/logo\/image\/\"},\"sameAs\":[\"https:\/\/www.facebook.com\/csjemballages\"],\"address\":{\"@type\":\"PostalAddress\",\"streetAddress\":\"ZI La Lechere\",\"addressLocality\":\"Patornay\",\"postalCode\":\"39130\",\"addressCountry\":\"FR\"},\"contactPoint\":[{\"@type\":\"ContactPoint\",\"contactType\":\"Service client\",\"telephone\":\"0384254272\",\"email\":\"contact@csj-emballages.com\"}]}]}<\/script>\n<!-- \/ Yoast SEO Premium plugin. -->","yoast_head_json":{"title":"Vaso de Mojito Cristal Reutilizable - 25cl","description":"Vaso de mojito reutilizable de cristal de 25cl - Elegante, duradero y respetuoso con el medio ambiente. Ideal para cualquier ocasi\u00f3n, resistente a los golpes y f\u00e1cil de limpiar.","robots":{"index":"index","follow":"follow","max-snippet":"max-snippet:-1","max-image-preview":"max-image-preview:large","max-video-preview":"max-video-preview:-1"},"canonical":"https:\/\/www.csj-emballages.com\/es\/produit\/vaso-de-mojito-de-cristal-irrompible-reutilizable-25-cl\/","og_locale":"es_ES","og_type":"article","og_title":"Vaso de mojito de cristal irrompible reutilizable 25 cl","og_description":"Vaso de mojito reutilizable de cristal de 25cl - Elegante, duradero y respetuoso con el medio ambiente. Ideal para cualquier ocasi\u00f3n, resistente a los golpes y f\u00e1cil de limpiar.","og_url":"https:\/\/www.csj-emballages.com\/es\/produit\/vaso-de-mojito-de-cristal-irrompible-reutilizable-25-cl\/","og_site_name":"CSJ Emballages","article_publisher":"https:\/\/www.facebook.com\/csjemballages","article_modified_time":"2026-03-26T01:10:40+00:00","og_image":[{"width":799,"height":799,"url":"https:\/\/www.csj-emballages.com\/wp-content\/uploads\/2024\/03\/Verre-mojito-25cl.webp","type":"image\/webp"}],"twitter_card":"summary_large_image","twitter_misc":{"Tiempo de lectura":"1 minuto"},"schema":{"@context":"https:\/\/schema.org","@graph":[{"@type":"WebPage","@id":"https:\/\/www.csj-emballages.com\/es\/produit\/vaso-de-mojito-de-cristal-irrompible-reutilizable-25-cl\/","url":"https:\/\/www.csj-emballages.com\/es\/produit\/vaso-de-mojito-de-cristal-irrompible-reutilizable-25-cl\/","name":"Vaso de Mojito Cristal Reutilizable - 25cl","isPartOf":{"@id":"https:\/\/www.csj-emballages.com\/es\/#website"},"primaryImageOfPage":{"@id":"https:\/\/www.csj-emballages.com\/es\/produit\/vaso-de-mojito-de-cristal-irrompible-reutilizable-25-cl\/#primaryimage"},"image":{"@id":"https:\/\/www.csj-emballages.com\/es\/produit\/vaso-de-mojito-de-cristal-irrompible-reutilizable-25-cl\/#primaryimage"},"thumbnailUrl":"https:\/\/www.csj-emballages.com\/wp-content\/uploads\/2024\/03\/Verre-mojito-25cl.webp","datePublished":"2024-03-01T15:59:28+00:00","dateModified":"2026-03-26T01:10:40+00:00","description":"Vaso de mojito reutilizable de cristal de 25cl - Elegante, duradero y respetuoso con el medio ambiente. Ideal para cualquier ocasi\u00f3n, resistente a los golpes y f\u00e1cil de limpiar.","breadcrumb":{"@id":"https:\/\/www.csj-emballages.com\/es\/produit\/vaso-de-mojito-de-cristal-irrompible-reutilizable-25-cl\/#breadcrumb"},"inLanguage":"es","potentialAction":[{"@type":"ReadAction","target":["https:\/\/www.csj-emballages.com\/es\/produit\/vaso-de-mojito-de-cristal-irrompible-reutilizable-25-cl\/"]}]},{"@type":"ImageObject","inLanguage":"es","@id":"https:\/\/www.csj-emballages.com\/es\/produit\/vaso-de-mojito-de-cristal-irrompible-reutilizable-25-cl\/#primaryimage","url":"https:\/\/www.csj-emballages.com\/wp-content\/uploads\/2024\/03\/Verre-mojito-25cl.webp","contentUrl":"https:\/\/www.csj-emballages.com\/wp-content\/uploads\/2024\/03\/Verre-mojito-25cl.webp","width":799,"height":799,"caption":"verre mojito"},{"@type":"BreadcrumbList","@id":"https:\/\/www.csj-emballages.com\/es\/produit\/vaso-de-mojito-de-cristal-irrompible-reutilizable-25-cl\/#breadcrumb","itemListElement":[{"@type":"ListItem","position":1,"name":"Accueil","item":"https:\/\/www.csj-emballages.com\/es\/universo-del-envasado-alimentario\/"},{"@type":"ListItem","position":2,"name":"Tienda","item":"https:\/\/www.csj-emballages.com\/tienda\/"},{"@type":"ListItem","position":3,"name":"Vaso de mojito de cristal irrompible reutilizable 25 cl"}]},{"@type":"WebSite","@id":"https:\/\/www.csj-emballages.com\/es\/#website","url":"https:\/\/www.csj-emballages.com\/es\/","name":"CSJ Emballages","description":"","publisher":{"@id":"https:\/\/www.csj-emballages.com\/es\/#organization"},"potentialAction":[{"@type":"SearchAction","target":{"@type":"EntryPoint","urlTemplate":"https:\/\/www.csj-emballages.com\/es\/?s={search_term_string}"},"query-input":{"@type":"PropertyValueSpecification","valueRequired":true,"valueName":"search_term_string"}}],"inLanguage":"es"},{"@type":"Organization","@id":"https:\/\/www.csj-emballages.com\/es\/#Organization\/","name":"CSJ Emballages","url":"https:\/\/www.csj-emballages.com\/es\/","logo":{"@type":"ImageObject","inLanguage":"es","@id":"https:\/\/www.csj-emballages.com\/es\/#\/schema\/logo\/image\/","url":"https:\/\/www.csj-emballages.com\/wp-content\/uploads\/2023\/10\/logo_csj.webp","contentUrl":"https:\/\/www.csj-emballages.com\/wp-content\/uploads\/2023\/10\/logo_csj.webp","width":250,"height":95,"caption":"CSJ Emballages"},"image":{"@id":"https:\/\/www.csj-emballages.com\/es\/#\/schema\/logo\/image\/"},"sameAs":["https:\/\/www.facebook.com\/csjemballages"],"address":{"@type":"PostalAddress","streetAddress":"ZI La Lechere","addressLocality":"Patornay","postalCode":"39130","addressCountry":"FR"},"contactPoint":[{"@type":"ContactPoint","contactType":"Service client","telephone":"0384254272","email":"contact@csj-emballages.com"}]}]}},"df_price":1.44,"df_sale_price":"","df_regular_price":1.44,"df_image_link":"https:\/\/www.csj-emballages.com\/wp-content\/uploads\/2024\/03\/Verre-mojito-25cl-300x300.webp","tiered_pricing_type":"fixed","tiered_pricing_fixed_rules":[],"tiered_pricing_percentage_rules":[],"tiered_pricing_minimum":1,"tiered_pricing_roles_data":[],"_links":{"self":[{"href":"https:\/\/www.csj-emballages.com\/es\/wp-json\/wp\/v2\/product\/18575","targetHints":{"allow":["GET"]}}],"collection":[{"href":"https:\/\/www.csj-emballages.com\/es\/wp-json\/wp\/v2\/product"}],"about":[{"href":"https:\/\/www.csj-emballages.com\/es\/wp-json\/wp\/v2\/types\/product"}],"wp:featuredmedia":[{"embeddable":true,"href":"https:\/\/www.csj-emballages.com\/es\/wp-json\/wp\/v2\/media\/197076"}],"wp:attachment":[{"href":"https:\/\/www.csj-emballages.com\/es\/wp-json\/wp\/v2\/media?parent=18575"}],"wp:term":[{"taxonomy":"product_brand","embeddable":true,"href":"https:\/\/www.csj-emballages.com\/es\/wp-json\/wp\/v2\/product_brand?post=18575"},{"taxonomy":"product_cat","embeddable":true,"href":"https:\/\/www.csj-emballages.com\/es\/wp-json\/wp\/v2\/product_cat?post=18575"},{"taxonomy":"product_tag","embeddable":true,"href":"https:\/\/www.csj-emballages.com\/es\/wp-json\/wp\/v2\/product_tag?post=18575"}],"curies":[{"name":"wp","href":"https:\/\/api.w.org\/{rel}","templated":true}]}}