{"id":18561,"date":"2024-03-01T16:59:28","date_gmt":"2024-03-01T15:59:28","guid":{"rendered":"https:\/\/u15jnbdpoq.preview.infomaniak.website\/produit\/vaso-de-mojito-de-cristal-reutilizable-de-lujo-irrompible-40-cl\/"},"modified":"2026-03-20T02:10:19","modified_gmt":"2026-03-20T01:10:19","slug":"vaso-de-mojito-de-cristal-reutilizable-de-lujo-irrompible-40-cl","status":"publish","type":"product","link":"https:\/\/www.csj-emballages.com\/es\/produit\/vaso-de-mojito-de-cristal-reutilizable-de-lujo-irrompible-40-cl\/","title":{"rendered":"Vaso de mojito de cristal irrompible reutilizable 40 cl"},"content":{"rendered":"<h2>Copa de mojito<\/h2>\n<hr>\n<h3>Descripci\u00f3n de nuestro vaso de mojito de cristal irrompible reutilizable 40 cl<\/h3>\n<p>Descubra nuestro <strong>vaso de mojito de cristal de 40cl.<\/strong> Estos <strong>vasos irrompibles<\/strong> combinan elegancia y durabilidad, perfectos para sus veladas festivas. Gracias a su dise\u00f1o de cristal reutilizable, aportan un toque de sofisticaci\u00f3n a la vez que son respetuosos con el medio ambiente. F\u00e1ciles de cuidar, estos vasos son resistentes a los golpes, lo que garantiza un uso prolongado sin riesgo de rotura. Su brillante transparencia realzar\u00e1 sus c\u00f3cteles, ofreciendo una experiencia visual \u00fanica. Ideales para eventos al aire libre o reuniones informales, estos vasos son adecuados para todas las ocasiones.     <\/p>\n<p>Adem\u00e1s de su refinado dise\u00f1o, estos vasos son ligeros, lo que facilita su manejo. Su volumen perfecto de <strong>40 cl<\/strong> permite servir un mojito generoso, dejando espacio suficiente para cubitos de hielo y guarniciones. Apreciar\u00e1 la robustez de estos vasos, que soportan los golpes cotidianos sin perder su brillo. Util\u00edzalos en barbacoas, picnics o veladas con amigos para impresionar a tus invitados con estilo y practicidad.   <\/p>\n<p>En resumen, <strong>los vasos de mojito Cristal de 40 cl<\/strong> ofrecen una soluci\u00f3n duradera, elegante e irrompible para sus ocasiones sociales.<\/p>\n<p><!--more--><\/p>\n<p><strong>Ventajas :<\/strong><\/p>\n<ul>\n<li><strong>Irrompibles<\/strong>: estas lentes resistentes a los impactos son perfectas para evitar accidentes.<\/li>\n<li><strong>Reutilizable<\/strong>: Una opci\u00f3n respetuosa con el medio ambiente, que reduce los residuos de pl\u00e1stico de un solo uso.<\/li>\n<li><strong>F\u00e1cil cuidado<\/strong>: lavables a m\u00e1quina, mantienen su brillo con el tiempo.<\/li>\n<\/ul>\n<p>&nbsp;<\/p>\n<p><!--more--><\/p>\n<p><span style=\"color: #d12727;\"><a style=\"color: #d12727;\" href=\"https:\/\/www.csj-emballages.com\/produit\/verre-mojito-reutilisables-cristal-luxe-incassable-25cl\/\">Encuentra aqu\u00ed el vaso de mojito de 25 cl.<\/a><\/span><\/p>\n<p>&nbsp;<\/p>\n<p><!--more--><\/p>\n<p><a href=\"\/?product_cat=vaisselles-reutilisables\">Ver el resto de nuestra gama de platos reutilizables<\/a><\/p>\n","protected":false},"excerpt":{"rendered":"<p>Copa de mojito Descripci\u00f3n de nuestro vaso de mojito de cristal irrompible reutilizable 40 cl Descubra nuestro vaso de mojito de cristal de 40cl. Estos vasos irrompibles combinan elegancia y durabilidad, perfectos para sus veladas festivas. Gracias a su dise\u00f1o de cristal reutilizable, aportan un toque de sofisticaci\u00f3n a la vez que son respetuosos con [&hellip;]<\/p>\n","protected":false},"featured_media":197125,"template":"","meta":{"_acf_changed":false},"product_brand":[],"product_cat":[1150,1179,1462,1463,6718,1270],"product_tag":[],"class_list":{"0":"post-18561","1":"product","2":"type-product","3":"status-publish","4":"has-post-thumbnail","6":"product_cat-envasado-de-alimentos","7":"product_cat-catering-es","8":"product_cat-tazas-vasos-cubos-botellas","9":"product_cat-vasos-y-tazas-irrompibles-y-reutilizables","10":"product_cat-platos-reutilizables","11":"product_cat-descuentos","13":"first","14":"instock","15":"sale","16":"taxable","17":"shipping-taxable","18":"purchasable","19":"product-type-simple"},"acf":[],"yoast_head":"<!-- This site is optimized with the Yoast SEO Premium plugin v26.6 (Yoast SEO v26.6) - https:\/\/yoast.com\/wordpress\/plugins\/seo\/ -->\n<title>Vaso de Mojito reutilizable - 40cl<\/title>\n<meta name=\"description\" content=\"Descubra nuestro vaso de mojito de cristal de 40 cl: irrompible, elegante, ecol\u00f3gico y \u00a1perfecto para todos sus eventos! Disponible por separado.\" \/>\n<meta name=\"robots\" content=\"index, follow, max-snippet:-1, max-image-preview:large, max-video-preview:-1\" \/>\n<link rel=\"canonical\" href=\"https:\/\/www.csj-emballages.com\/es\/produit\/vaso-de-mojito-de-cristal-reutilizable-de-lujo-irrompible-40-cl\/\" \/>\n<meta property=\"og:locale\" content=\"es_ES\" \/>\n<meta property=\"og:type\" content=\"article\" \/>\n<meta property=\"og:title\" content=\"Vaso de mojito de cristal irrompible reutilizable 40 cl\" \/>\n<meta property=\"og:description\" content=\"Descubra nuestro vaso de mojito de cristal de 40 cl: irrompible, elegante, ecol\u00f3gico y \u00a1perfecto para todos sus eventos! Disponible por separado.\" \/>\n<meta property=\"og:url\" content=\"https:\/\/www.csj-emballages.com\/es\/produit\/vaso-de-mojito-de-cristal-reutilizable-de-lujo-irrompible-40-cl\/\" \/>\n<meta property=\"og:site_name\" content=\"CSJ Emballages\" \/>\n<meta property=\"article:publisher\" content=\"https:\/\/www.facebook.com\/csjemballages\" \/>\n<meta property=\"article:modified_time\" content=\"2026-03-20T01:10:19+00:00\" \/>\n<meta property=\"og:image\" content=\"https:\/\/www.csj-emballages.com\/wp-content\/uploads\/2024\/03\/Verre-mojito-cristal-40cl-1.webp\" \/>\n\t<meta property=\"og:image:width\" content=\"798\" \/>\n\t<meta property=\"og:image:height\" content=\"800\" \/>\n\t<meta property=\"og:image:type\" content=\"image\/webp\" \/>\n<meta name=\"twitter:card\" content=\"summary_large_image\" \/>\n<meta name=\"twitter:label1\" content=\"Tiempo de lectura\" \/>\n\t<meta name=\"twitter:data1\" content=\"1 minuto\" \/>\n<script type=\"application\/ld+json\" class=\"yoast-schema-graph\">{\"@context\":\"https:\/\/schema.org\",\"@graph\":[{\"@type\":\"WebPage\",\"@id\":\"https:\/\/www.csj-emballages.com\/es\/produit\/vaso-de-mojito-de-cristal-reutilizable-de-lujo-irrompible-40-cl\/\",\"url\":\"https:\/\/www.csj-emballages.com\/es\/produit\/vaso-de-mojito-de-cristal-reutilizable-de-lujo-irrompible-40-cl\/\",\"name\":\"Vaso de Mojito reutilizable - 40cl\",\"isPartOf\":{\"@id\":\"https:\/\/www.csj-emballages.com\/es\/#website\"},\"primaryImageOfPage\":{\"@id\":\"https:\/\/www.csj-emballages.com\/es\/produit\/vaso-de-mojito-de-cristal-reutilizable-de-lujo-irrompible-40-cl\/#primaryimage\"},\"image\":{\"@id\":\"https:\/\/www.csj-emballages.com\/es\/produit\/vaso-de-mojito-de-cristal-reutilizable-de-lujo-irrompible-40-cl\/#primaryimage\"},\"thumbnailUrl\":\"https:\/\/www.csj-emballages.com\/wp-content\/uploads\/2024\/03\/Verre-mojito-cristal-40cl-1.webp\",\"datePublished\":\"2024-03-01T15:59:28+00:00\",\"dateModified\":\"2026-03-20T01:10:19+00:00\",\"description\":\"Descubra nuestro vaso de mojito de cristal de 40 cl: irrompible, elegante, ecol\u00f3gico y \u00a1perfecto para todos sus eventos! Disponible por separado.\",\"breadcrumb\":{\"@id\":\"https:\/\/www.csj-emballages.com\/es\/produit\/vaso-de-mojito-de-cristal-reutilizable-de-lujo-irrompible-40-cl\/#breadcrumb\"},\"inLanguage\":\"es\",\"potentialAction\":[{\"@type\":\"ReadAction\",\"target\":[\"https:\/\/www.csj-emballages.com\/es\/produit\/vaso-de-mojito-de-cristal-reutilizable-de-lujo-irrompible-40-cl\/\"]}]},{\"@type\":\"ImageObject\",\"inLanguage\":\"es\",\"@id\":\"https:\/\/www.csj-emballages.com\/es\/produit\/vaso-de-mojito-de-cristal-reutilizable-de-lujo-irrompible-40-cl\/#primaryimage\",\"url\":\"https:\/\/www.csj-emballages.com\/wp-content\/uploads\/2024\/03\/Verre-mojito-cristal-40cl-1.webp\",\"contentUrl\":\"https:\/\/www.csj-emballages.com\/wp-content\/uploads\/2024\/03\/Verre-mojito-cristal-40cl-1.webp\",\"width\":798,\"height\":800,\"caption\":\"verre mojito\"},{\"@type\":\"BreadcrumbList\",\"@id\":\"https:\/\/www.csj-emballages.com\/es\/produit\/vaso-de-mojito-de-cristal-reutilizable-de-lujo-irrompible-40-cl\/#breadcrumb\",\"itemListElement\":[{\"@type\":\"ListItem\",\"position\":1,\"name\":\"Accueil\",\"item\":\"https:\/\/www.csj-emballages.com\/es\/universo-del-envasado-alimentario\/\"},{\"@type\":\"ListItem\",\"position\":2,\"name\":\"Tienda\",\"item\":\"https:\/\/www.csj-emballages.com\/tienda\/\"},{\"@type\":\"ListItem\",\"position\":3,\"name\":\"Vaso de mojito de cristal irrompible reutilizable 40 cl\"}]},{\"@type\":\"WebSite\",\"@id\":\"https:\/\/www.csj-emballages.com\/es\/#website\",\"url\":\"https:\/\/www.csj-emballages.com\/es\/\",\"name\":\"CSJ Emballages\",\"description\":\"\",\"publisher\":{\"@id\":\"https:\/\/www.csj-emballages.com\/es\/#organization\"},\"potentialAction\":[{\"@type\":\"SearchAction\",\"target\":{\"@type\":\"EntryPoint\",\"urlTemplate\":\"https:\/\/www.csj-emballages.com\/es\/?s={search_term_string}\"},\"query-input\":{\"@type\":\"PropertyValueSpecification\",\"valueRequired\":true,\"valueName\":\"search_term_string\"}}],\"inLanguage\":\"es\"},{\"@type\":\"Organization\",\"@id\":\"https:\/\/www.csj-emballages.com\/es\/#Organization\/\",\"name\":\"CSJ Emballages\",\"url\":\"https:\/\/www.csj-emballages.com\/es\/\",\"logo\":{\"@type\":\"ImageObject\",\"inLanguage\":\"es\",\"@id\":\"https:\/\/www.csj-emballages.com\/es\/#\/schema\/logo\/image\/\",\"url\":\"https:\/\/www.csj-emballages.com\/wp-content\/uploads\/2023\/10\/logo_csj.webp\",\"contentUrl\":\"https:\/\/www.csj-emballages.com\/wp-content\/uploads\/2023\/10\/logo_csj.webp\",\"width\":250,\"height\":95,\"caption\":\"CSJ Emballages\"},\"image\":{\"@id\":\"https:\/\/www.csj-emballages.com\/es\/#\/schema\/logo\/image\/\"},\"sameAs\":[\"https:\/\/www.facebook.com\/csjemballages\"],\"address\":{\"@type\":\"PostalAddress\",\"streetAddress\":\"ZI La Lechere\",\"addressLocality\":\"Patornay\",\"postalCode\":\"39130\",\"addressCountry\":\"FR\"},\"contactPoint\":[{\"@type\":\"ContactPoint\",\"contactType\":\"Service client\",\"telephone\":\"0384254272\",\"email\":\"contact@csj-emballages.com\"}]}]}<\/script>\n<!-- \/ Yoast SEO Premium plugin. -->","yoast_head_json":{"title":"Vaso de Mojito reutilizable - 40cl","description":"Descubra nuestro vaso de mojito de cristal de 40 cl: irrompible, elegante, ecol\u00f3gico y \u00a1perfecto para todos sus eventos! Disponible por separado.","robots":{"index":"index","follow":"follow","max-snippet":"max-snippet:-1","max-image-preview":"max-image-preview:large","max-video-preview":"max-video-preview:-1"},"canonical":"https:\/\/www.csj-emballages.com\/es\/produit\/vaso-de-mojito-de-cristal-reutilizable-de-lujo-irrompible-40-cl\/","og_locale":"es_ES","og_type":"article","og_title":"Vaso de mojito de cristal irrompible reutilizable 40 cl","og_description":"Descubra nuestro vaso de mojito de cristal de 40 cl: irrompible, elegante, ecol\u00f3gico y \u00a1perfecto para todos sus eventos! Disponible por separado.","og_url":"https:\/\/www.csj-emballages.com\/es\/produit\/vaso-de-mojito-de-cristal-reutilizable-de-lujo-irrompible-40-cl\/","og_site_name":"CSJ Emballages","article_publisher":"https:\/\/www.facebook.com\/csjemballages","article_modified_time":"2026-03-20T01:10:19+00:00","og_image":[{"width":798,"height":800,"url":"https:\/\/www.csj-emballages.com\/wp-content\/uploads\/2024\/03\/Verre-mojito-cristal-40cl-1.webp","type":"image\/webp"}],"twitter_card":"summary_large_image","twitter_misc":{"Tiempo de lectura":"1 minuto"},"schema":{"@context":"https:\/\/schema.org","@graph":[{"@type":"WebPage","@id":"https:\/\/www.csj-emballages.com\/es\/produit\/vaso-de-mojito-de-cristal-reutilizable-de-lujo-irrompible-40-cl\/","url":"https:\/\/www.csj-emballages.com\/es\/produit\/vaso-de-mojito-de-cristal-reutilizable-de-lujo-irrompible-40-cl\/","name":"Vaso de Mojito reutilizable - 40cl","isPartOf":{"@id":"https:\/\/www.csj-emballages.com\/es\/#website"},"primaryImageOfPage":{"@id":"https:\/\/www.csj-emballages.com\/es\/produit\/vaso-de-mojito-de-cristal-reutilizable-de-lujo-irrompible-40-cl\/#primaryimage"},"image":{"@id":"https:\/\/www.csj-emballages.com\/es\/produit\/vaso-de-mojito-de-cristal-reutilizable-de-lujo-irrompible-40-cl\/#primaryimage"},"thumbnailUrl":"https:\/\/www.csj-emballages.com\/wp-content\/uploads\/2024\/03\/Verre-mojito-cristal-40cl-1.webp","datePublished":"2024-03-01T15:59:28+00:00","dateModified":"2026-03-20T01:10:19+00:00","description":"Descubra nuestro vaso de mojito de cristal de 40 cl: irrompible, elegante, ecol\u00f3gico y \u00a1perfecto para todos sus eventos! Disponible por separado.","breadcrumb":{"@id":"https:\/\/www.csj-emballages.com\/es\/produit\/vaso-de-mojito-de-cristal-reutilizable-de-lujo-irrompible-40-cl\/#breadcrumb"},"inLanguage":"es","potentialAction":[{"@type":"ReadAction","target":["https:\/\/www.csj-emballages.com\/es\/produit\/vaso-de-mojito-de-cristal-reutilizable-de-lujo-irrompible-40-cl\/"]}]},{"@type":"ImageObject","inLanguage":"es","@id":"https:\/\/www.csj-emballages.com\/es\/produit\/vaso-de-mojito-de-cristal-reutilizable-de-lujo-irrompible-40-cl\/#primaryimage","url":"https:\/\/www.csj-emballages.com\/wp-content\/uploads\/2024\/03\/Verre-mojito-cristal-40cl-1.webp","contentUrl":"https:\/\/www.csj-emballages.com\/wp-content\/uploads\/2024\/03\/Verre-mojito-cristal-40cl-1.webp","width":798,"height":800,"caption":"verre mojito"},{"@type":"BreadcrumbList","@id":"https:\/\/www.csj-emballages.com\/es\/produit\/vaso-de-mojito-de-cristal-reutilizable-de-lujo-irrompible-40-cl\/#breadcrumb","itemListElement":[{"@type":"ListItem","position":1,"name":"Accueil","item":"https:\/\/www.csj-emballages.com\/es\/universo-del-envasado-alimentario\/"},{"@type":"ListItem","position":2,"name":"Tienda","item":"https:\/\/www.csj-emballages.com\/tienda\/"},{"@type":"ListItem","position":3,"name":"Vaso de mojito de cristal irrompible reutilizable 40 cl"}]},{"@type":"WebSite","@id":"https:\/\/www.csj-emballages.com\/es\/#website","url":"https:\/\/www.csj-emballages.com\/es\/","name":"CSJ Emballages","description":"","publisher":{"@id":"https:\/\/www.csj-emballages.com\/es\/#organization"},"potentialAction":[{"@type":"SearchAction","target":{"@type":"EntryPoint","urlTemplate":"https:\/\/www.csj-emballages.com\/es\/?s={search_term_string}"},"query-input":{"@type":"PropertyValueSpecification","valueRequired":true,"valueName":"search_term_string"}}],"inLanguage":"es"},{"@type":"Organization","@id":"https:\/\/www.csj-emballages.com\/es\/#Organization\/","name":"CSJ Emballages","url":"https:\/\/www.csj-emballages.com\/es\/","logo":{"@type":"ImageObject","inLanguage":"es","@id":"https:\/\/www.csj-emballages.com\/es\/#\/schema\/logo\/image\/","url":"https:\/\/www.csj-emballages.com\/wp-content\/uploads\/2023\/10\/logo_csj.webp","contentUrl":"https:\/\/www.csj-emballages.com\/wp-content\/uploads\/2023\/10\/logo_csj.webp","width":250,"height":95,"caption":"CSJ Emballages"},"image":{"@id":"https:\/\/www.csj-emballages.com\/es\/#\/schema\/logo\/image\/"},"sameAs":["https:\/\/www.facebook.com\/csjemballages"],"address":{"@type":"PostalAddress","streetAddress":"ZI La Lechere","addressLocality":"Patornay","postalCode":"39130","addressCountry":"FR"},"contactPoint":[{"@type":"ContactPoint","contactType":"Service client","telephone":"0384254272","email":"contact@csj-emballages.com"}]}]}},"df_price":1.57,"df_sale_price":1.57,"df_regular_price":2.09,"df_image_link":"https:\/\/www.csj-emballages.com\/wp-content\/uploads\/2024\/03\/Verre-mojito-cristal-40cl-1-300x300.webp","tiered_pricing_type":"fixed","tiered_pricing_fixed_rules":[],"tiered_pricing_percentage_rules":[],"tiered_pricing_minimum":1,"tiered_pricing_roles_data":[],"_links":{"self":[{"href":"https:\/\/www.csj-emballages.com\/es\/wp-json\/wp\/v2\/product\/18561","targetHints":{"allow":["GET"]}}],"collection":[{"href":"https:\/\/www.csj-emballages.com\/es\/wp-json\/wp\/v2\/product"}],"about":[{"href":"https:\/\/www.csj-emballages.com\/es\/wp-json\/wp\/v2\/types\/product"}],"wp:featuredmedia":[{"embeddable":true,"href":"https:\/\/www.csj-emballages.com\/es\/wp-json\/wp\/v2\/media\/197125"}],"wp:attachment":[{"href":"https:\/\/www.csj-emballages.com\/es\/wp-json\/wp\/v2\/media?parent=18561"}],"wp:term":[{"taxonomy":"product_brand","embeddable":true,"href":"https:\/\/www.csj-emballages.com\/es\/wp-json\/wp\/v2\/product_brand?post=18561"},{"taxonomy":"product_cat","embeddable":true,"href":"https:\/\/www.csj-emballages.com\/es\/wp-json\/wp\/v2\/product_cat?post=18561"},{"taxonomy":"product_tag","embeddable":true,"href":"https:\/\/www.csj-emballages.com\/es\/wp-json\/wp\/v2\/product_tag?post=18561"}],"curies":[{"name":"wp","href":"https:\/\/api.w.org\/{rel}","templated":true}]}}