{"id":18536,"date":"2024-03-01T16:59:30","date_gmt":"2024-03-01T15:59:30","guid":{"rendered":"https:\/\/u15jnbdpoq.preview.infomaniak.website\/produit\/ph-plus-liquido-5-litros\/"},"modified":"2026-03-12T16:03:29","modified_gmt":"2026-03-12T15:03:29","slug":"ph-plus-liquido-5-litros","status":"publish","type":"product","link":"https:\/\/www.csj-emballages.com\/es\/produit\/ph-plus-liquido-5-litros\/","title":{"rendered":"PH Plus l\u00edquido 5 litros"},"content":{"rendered":"<h2 class=\"p1\">PH Plus l\u00edquido<\/h2>\n<hr>\n<h3>Descripci\u00f3n de nuestro PH Plus l\u00edquido 5 litros<\/h3>\n<p><!--more--><\/p>\n<p data-start=\"168\" data-end=\"397\">Tanto si es usted un apasionado del mantenimiento de su piscina como un profesional de la limpieza o del tratamiento del agua, <strong data-start=\"301\" data-end=\"327\">PH Plus L\u00edquido 5 L<\/strong> es indispensable para garantizar un agua perfectamente equilibrada. En una <strong>piscina<\/strong>, un <strong>pH<\/strong> demasiado bajo (\u00e1cido) puede provocar numerosos problemas: irritaci\u00f3n de los ojos y de la piel, deterioro de los equipos (revestimientos, juntas, filtros), disminuci\u00f3n de la eficacia de los productos desinfectantes, etc. Ah\u00ed es donde interviene <strong data-start=\"635\" data-end=\"646\">PH Plus<\/strong>. <strong data-start=\"674\" data-end=\"743\">Aumenta r\u00e1pida y eficazmente el nivel de pH del agua<\/strong>, manteni\u00e9ndola en la zona ideal.  <\/p>\n<p data-start=\"803\" data-end=\"1133\">Este <strong data-start=\"806\" data-end=\"827\">bid\u00f3n de 5 litros<\/strong> est\u00e1 dise\u00f1ado para ser f\u00e1cil de manejar, al tiempo que ofrece una buena autonom\u00eda para piscinas medianas y grandes. Su formato l\u00edquido garantiza <strong data-start=\"982\" data-end=\"1013\">una diluci\u00f3n r\u00e1pida, homog\u00e9nea<\/strong> y sin residuos. Puede utilizarse directamente en la piscina o a trav\u00e9s de un sistema de control autom\u00e1tico, en funci\u00f3n de sus h\u00e1bitos.  <\/p>\n<p data-start=\"1135\" data-end=\"1369\">Utilizado regularmente, preserva la calidad del agua y prolonga la vida \u00fatil de su equipo. Es una soluci\u00f3n fiable, eficaz y econ\u00f3mica para cualquiera que desee evitar las desagradables sorpresas asociadas a un pH inestable. <\/p>\n<p data-start=\"1135\" data-end=\"1369\"><!--more--><\/p>\n<h4>Instrucciones de uso :<\/h4>\n<ul>\n<li>Uso manual: Verter el l\u00edquido PH plus delante de las boquillas de descarga, con la filtraci\u00f3n en marcha, teniendo cuidado de evitar proyecciones peligrosas. Por t\u00e9rmino medio, 100 ml aumentan el PH de 10 m3 en 0,1 unidad de pH.<\/li>\n<li>Inyecci\u00f3n mediante bomba dosificadora: Introduce el colador de aspiraci\u00f3n de la bomba directamente en el envase del producto. La inyecci\u00f3n tiene lugar en el circuito de recirculaci\u00f3n. Comprueba el TAC y aj\u00fastalo si es necesario despu\u00e9s de elevar el pH<\/li>\n<\/ul>\n<p data-start=\"1302\" data-end=\"1517\"><!--more--><\/p>\n<p><strong>Sus ventajas:<\/strong><\/p>\n<ul>\n<li>Refuerza eficazmente un pH bajo.<\/li>\n<li>Formato l\u00edquido f\u00e1cil de dosificar, sin dep\u00f3sitos.<\/li>\n<li>Acci\u00f3n r\u00e1pida, efecto visible en pocas horas.<\/li>\n<li>Ideal para piscinas privadas y p\u00fablicas.<\/li>\n<li>Reduce el riesgo de irritaci\u00f3n y corrosi\u00f3n.<\/li>\n<\/ul>\n<p>&nbsp;<\/p>\n<p><!--more--><\/p>\n<p><strong>Informaci\u00f3n adicional :  <\/strong><\/p>\n<ul>\n<li><strong>Embalaje<\/strong>: Por unidad<\/li>\n<li><strong>Volumen <\/strong>: 5 litros<\/li>\n<li><strong>Uso<\/strong>: PH plus<\/li>\n<\/ul>\n<p>&nbsp;<\/p>\n<p><!--more--><\/p>\n<p>Descubra tambi\u00e9n nuestro PH Moins liquid 5 litros : <span style=\"color: #d12727;\"><a style=\"color: #d12727;\" href=\"https:\/\/www.csj-emballages.com\/produit\/ph-moins-liquide-5-litres\/\">01935<\/a><\/span><\/p>\n<p>&nbsp;<\/p>\n<p><!--more--><\/p>\n<p><a href=\"https:\/\/www.csj-emballages.com\/es\/categorie-produit\/higiene-y-mantenimiento\/productos-de-limpieza\/sanitario-es\/\">Consulte el resto de nuestra gama de productos de mantenimiento para piscina\/spa<\/a><\/p>\n","protected":false},"excerpt":{"rendered":"<p>PH Plus l\u00edquido Descripci\u00f3n de nuestro PH Plus l\u00edquido 5 litros<\/p>\n","protected":false},"featured_media":233300,"template":"","meta":{"_acf_changed":false},"product_brand":[],"product_cat":[1150,1226,1227,1321,1323,1325,10272],"product_tag":[],"class_list":{"0":"post-18536","1":"product","2":"type-product","3":"status-publish","4":"has-post-thumbnail","6":"product_cat-envasado-de-alimentos","7":"product_cat-higiene-y-mantenimiento","8":"product_cat-productos-de-limpieza","9":"product_cat-mantenimiento-de-piscinas-y-spas","10":"product_cat-tratamiento-del-agua","11":"product_cat-tratamiento-en-piscina-spa","12":"product_cat-liquidacion","13":"product_shipping_class-no-permitido-en-reles","15":"first","16":"instock","17":"sale","18":"taxable","19":"shipping-taxable","20":"purchasable","21":"product-type-simple"},"acf":[],"yoast_head":"<!-- This site is optimized with the Yoast SEO Premium plugin v26.6 (Yoast SEO v26.6) - https:\/\/yoast.com\/wordpress\/plugins\/seo\/ -->\n<title>L\u00edquido PH Plus 5 litros<\/title>\n<meta name=\"description\" content=\"Corrija f\u00e1cilmente un pH bajo con nuestro l\u00edquido PH Plus en latas de 5L. Pr\u00e1ctico, eficaz e ideal para un agua sana y equilibrada.\" \/>\n<meta name=\"robots\" content=\"index, follow, max-snippet:-1, max-image-preview:large, max-video-preview:-1\" \/>\n<link rel=\"canonical\" href=\"https:\/\/www.csj-emballages.com\/es\/produit\/ph-plus-liquido-5-litros\/\" \/>\n<meta property=\"og:locale\" content=\"es_ES\" \/>\n<meta property=\"og:type\" content=\"article\" \/>\n<meta property=\"og:title\" content=\"PH Plus l\u00edquido 5 litros\" \/>\n<meta property=\"og:description\" content=\"Corrija f\u00e1cilmente un pH bajo con nuestro l\u00edquido PH Plus en latas de 5L. Pr\u00e1ctico, eficaz e ideal para un agua sana y equilibrada.\" \/>\n<meta property=\"og:url\" content=\"https:\/\/www.csj-emballages.com\/es\/produit\/ph-plus-liquido-5-litros\/\" \/>\n<meta property=\"og:site_name\" content=\"CSJ Emballages\" \/>\n<meta property=\"article:publisher\" content=\"https:\/\/www.facebook.com\/csjemballages\" \/>\n<meta property=\"article:modified_time\" content=\"2026-03-12T15:03:29+00:00\" \/>\n<meta property=\"og:image\" content=\"https:\/\/www.csj-emballages.com\/wp-content\/uploads\/2024\/03\/10835.webp\" \/>\n\t<meta property=\"og:image:width\" content=\"800\" \/>\n\t<meta property=\"og:image:height\" content=\"800\" \/>\n\t<meta property=\"og:image:type\" content=\"image\/webp\" \/>\n<meta name=\"twitter:card\" content=\"summary_large_image\" \/>\n<meta name=\"twitter:label1\" content=\"Tiempo de lectura\" \/>\n\t<meta name=\"twitter:data1\" content=\"2 minutos\" \/>\n<script type=\"application\/ld+json\" class=\"yoast-schema-graph\">{\"@context\":\"https:\/\/schema.org\",\"@graph\":[{\"@type\":\"WebPage\",\"@id\":\"https:\/\/www.csj-emballages.com\/es\/produit\/ph-plus-liquido-5-litros\/\",\"url\":\"https:\/\/www.csj-emballages.com\/es\/produit\/ph-plus-liquido-5-litros\/\",\"name\":\"L\u00edquido PH Plus 5 litros\",\"isPartOf\":{\"@id\":\"https:\/\/www.csj-emballages.com\/es\/#website\"},\"primaryImageOfPage\":{\"@id\":\"https:\/\/www.csj-emballages.com\/es\/produit\/ph-plus-liquido-5-litros\/#primaryimage\"},\"image\":{\"@id\":\"https:\/\/www.csj-emballages.com\/es\/produit\/ph-plus-liquido-5-litros\/#primaryimage\"},\"thumbnailUrl\":\"https:\/\/www.csj-emballages.com\/wp-content\/uploads\/2024\/03\/10835.webp\",\"datePublished\":\"2024-03-01T15:59:30+00:00\",\"dateModified\":\"2026-03-12T15:03:29+00:00\",\"description\":\"Corrija f\u00e1cilmente un pH bajo con nuestro l\u00edquido PH Plus en latas de 5L. Pr\u00e1ctico, eficaz e ideal para un agua sana y equilibrada.\",\"breadcrumb\":{\"@id\":\"https:\/\/www.csj-emballages.com\/es\/produit\/ph-plus-liquido-5-litros\/#breadcrumb\"},\"inLanguage\":\"es\",\"potentialAction\":[{\"@type\":\"ReadAction\",\"target\":[\"https:\/\/www.csj-emballages.com\/es\/produit\/ph-plus-liquido-5-litros\/\"]}]},{\"@type\":\"ImageObject\",\"inLanguage\":\"es\",\"@id\":\"https:\/\/www.csj-emballages.com\/es\/produit\/ph-plus-liquido-5-litros\/#primaryimage\",\"url\":\"https:\/\/www.csj-emballages.com\/wp-content\/uploads\/2024\/03\/10835.webp\",\"contentUrl\":\"https:\/\/www.csj-emballages.com\/wp-content\/uploads\/2024\/03\/10835.webp\",\"width\":800,\"height\":800,\"caption\":\"PH Plus liquide\"},{\"@type\":\"BreadcrumbList\",\"@id\":\"https:\/\/www.csj-emballages.com\/es\/produit\/ph-plus-liquido-5-litros\/#breadcrumb\",\"itemListElement\":[{\"@type\":\"ListItem\",\"position\":1,\"name\":\"Accueil\",\"item\":\"https:\/\/www.csj-emballages.com\/es\/universo-del-envasado-alimentario\/\"},{\"@type\":\"ListItem\",\"position\":2,\"name\":\"Tienda\",\"item\":\"https:\/\/www.csj-emballages.com\/tienda\/\"},{\"@type\":\"ListItem\",\"position\":3,\"name\":\"PH Plus l\u00edquido 5 litros\"}]},{\"@type\":\"WebSite\",\"@id\":\"https:\/\/www.csj-emballages.com\/es\/#website\",\"url\":\"https:\/\/www.csj-emballages.com\/es\/\",\"name\":\"CSJ Emballages\",\"description\":\"\",\"publisher\":{\"@id\":\"https:\/\/www.csj-emballages.com\/es\/#organization\"},\"potentialAction\":[{\"@type\":\"SearchAction\",\"target\":{\"@type\":\"EntryPoint\",\"urlTemplate\":\"https:\/\/www.csj-emballages.com\/es\/?s={search_term_string}\"},\"query-input\":{\"@type\":\"PropertyValueSpecification\",\"valueRequired\":true,\"valueName\":\"search_term_string\"}}],\"inLanguage\":\"es\"},{\"@type\":\"Organization\",\"@id\":\"https:\/\/www.csj-emballages.com\/es\/#Organization\/\",\"name\":\"CSJ Emballages\",\"url\":\"https:\/\/www.csj-emballages.com\/es\/\",\"logo\":{\"@type\":\"ImageObject\",\"inLanguage\":\"es\",\"@id\":\"https:\/\/www.csj-emballages.com\/es\/#\/schema\/logo\/image\/\",\"url\":\"https:\/\/www.csj-emballages.com\/wp-content\/uploads\/2023\/10\/logo_csj.webp\",\"contentUrl\":\"https:\/\/www.csj-emballages.com\/wp-content\/uploads\/2023\/10\/logo_csj.webp\",\"width\":250,\"height\":95,\"caption\":\"CSJ Emballages\"},\"image\":{\"@id\":\"https:\/\/www.csj-emballages.com\/es\/#\/schema\/logo\/image\/\"},\"sameAs\":[\"https:\/\/www.facebook.com\/csjemballages\"],\"address\":{\"@type\":\"PostalAddress\",\"streetAddress\":\"ZI La Lechere\",\"addressLocality\":\"Patornay\",\"postalCode\":\"39130\",\"addressCountry\":\"FR\"},\"contactPoint\":[{\"@type\":\"ContactPoint\",\"contactType\":\"Service client\",\"telephone\":\"0384254272\",\"email\":\"contact@csj-emballages.com\"}]}]}<\/script>\n<!-- \/ Yoast SEO Premium plugin. -->","yoast_head_json":{"title":"L\u00edquido PH Plus 5 litros","description":"Corrija f\u00e1cilmente un pH bajo con nuestro l\u00edquido PH Plus en latas de 5L. Pr\u00e1ctico, eficaz e ideal para un agua sana y equilibrada.","robots":{"index":"index","follow":"follow","max-snippet":"max-snippet:-1","max-image-preview":"max-image-preview:large","max-video-preview":"max-video-preview:-1"},"canonical":"https:\/\/www.csj-emballages.com\/es\/produit\/ph-plus-liquido-5-litros\/","og_locale":"es_ES","og_type":"article","og_title":"PH Plus l\u00edquido 5 litros","og_description":"Corrija f\u00e1cilmente un pH bajo con nuestro l\u00edquido PH Plus en latas de 5L. Pr\u00e1ctico, eficaz e ideal para un agua sana y equilibrada.","og_url":"https:\/\/www.csj-emballages.com\/es\/produit\/ph-plus-liquido-5-litros\/","og_site_name":"CSJ Emballages","article_publisher":"https:\/\/www.facebook.com\/csjemballages","article_modified_time":"2026-03-12T15:03:29+00:00","og_image":[{"width":800,"height":800,"url":"https:\/\/www.csj-emballages.com\/wp-content\/uploads\/2024\/03\/10835.webp","type":"image\/webp"}],"twitter_card":"summary_large_image","twitter_misc":{"Tiempo de lectura":"2 minutos"},"schema":{"@context":"https:\/\/schema.org","@graph":[{"@type":"WebPage","@id":"https:\/\/www.csj-emballages.com\/es\/produit\/ph-plus-liquido-5-litros\/","url":"https:\/\/www.csj-emballages.com\/es\/produit\/ph-plus-liquido-5-litros\/","name":"L\u00edquido PH Plus 5 litros","isPartOf":{"@id":"https:\/\/www.csj-emballages.com\/es\/#website"},"primaryImageOfPage":{"@id":"https:\/\/www.csj-emballages.com\/es\/produit\/ph-plus-liquido-5-litros\/#primaryimage"},"image":{"@id":"https:\/\/www.csj-emballages.com\/es\/produit\/ph-plus-liquido-5-litros\/#primaryimage"},"thumbnailUrl":"https:\/\/www.csj-emballages.com\/wp-content\/uploads\/2024\/03\/10835.webp","datePublished":"2024-03-01T15:59:30+00:00","dateModified":"2026-03-12T15:03:29+00:00","description":"Corrija f\u00e1cilmente un pH bajo con nuestro l\u00edquido PH Plus en latas de 5L. Pr\u00e1ctico, eficaz e ideal para un agua sana y equilibrada.","breadcrumb":{"@id":"https:\/\/www.csj-emballages.com\/es\/produit\/ph-plus-liquido-5-litros\/#breadcrumb"},"inLanguage":"es","potentialAction":[{"@type":"ReadAction","target":["https:\/\/www.csj-emballages.com\/es\/produit\/ph-plus-liquido-5-litros\/"]}]},{"@type":"ImageObject","inLanguage":"es","@id":"https:\/\/www.csj-emballages.com\/es\/produit\/ph-plus-liquido-5-litros\/#primaryimage","url":"https:\/\/www.csj-emballages.com\/wp-content\/uploads\/2024\/03\/10835.webp","contentUrl":"https:\/\/www.csj-emballages.com\/wp-content\/uploads\/2024\/03\/10835.webp","width":800,"height":800,"caption":"PH Plus liquide"},{"@type":"BreadcrumbList","@id":"https:\/\/www.csj-emballages.com\/es\/produit\/ph-plus-liquido-5-litros\/#breadcrumb","itemListElement":[{"@type":"ListItem","position":1,"name":"Accueil","item":"https:\/\/www.csj-emballages.com\/es\/universo-del-envasado-alimentario\/"},{"@type":"ListItem","position":2,"name":"Tienda","item":"https:\/\/www.csj-emballages.com\/tienda\/"},{"@type":"ListItem","position":3,"name":"PH Plus l\u00edquido 5 litros"}]},{"@type":"WebSite","@id":"https:\/\/www.csj-emballages.com\/es\/#website","url":"https:\/\/www.csj-emballages.com\/es\/","name":"CSJ Emballages","description":"","publisher":{"@id":"https:\/\/www.csj-emballages.com\/es\/#organization"},"potentialAction":[{"@type":"SearchAction","target":{"@type":"EntryPoint","urlTemplate":"https:\/\/www.csj-emballages.com\/es\/?s={search_term_string}"},"query-input":{"@type":"PropertyValueSpecification","valueRequired":true,"valueName":"search_term_string"}}],"inLanguage":"es"},{"@type":"Organization","@id":"https:\/\/www.csj-emballages.com\/es\/#Organization\/","name":"CSJ Emballages","url":"https:\/\/www.csj-emballages.com\/es\/","logo":{"@type":"ImageObject","inLanguage":"es","@id":"https:\/\/www.csj-emballages.com\/es\/#\/schema\/logo\/image\/","url":"https:\/\/www.csj-emballages.com\/wp-content\/uploads\/2023\/10\/logo_csj.webp","contentUrl":"https:\/\/www.csj-emballages.com\/wp-content\/uploads\/2023\/10\/logo_csj.webp","width":250,"height":95,"caption":"CSJ Emballages"},"image":{"@id":"https:\/\/www.csj-emballages.com\/es\/#\/schema\/logo\/image\/"},"sameAs":["https:\/\/www.facebook.com\/csjemballages"],"address":{"@type":"PostalAddress","streetAddress":"ZI La Lechere","addressLocality":"Patornay","postalCode":"39130","addressCountry":"FR"},"contactPoint":[{"@type":"ContactPoint","contactType":"Service client","telephone":"0384254272","email":"contact@csj-emballages.com"}]}]}},"df_price":16.04,"df_sale_price":16.04,"df_regular_price":20.05,"df_image_link":"https:\/\/www.csj-emballages.com\/wp-content\/uploads\/2024\/03\/10835-300x300.webp","tiered_pricing_type":"fixed","tiered_pricing_fixed_rules":[],"tiered_pricing_percentage_rules":[],"tiered_pricing_minimum":1,"tiered_pricing_roles_data":[],"_links":{"self":[{"href":"https:\/\/www.csj-emballages.com\/es\/wp-json\/wp\/v2\/product\/18536","targetHints":{"allow":["GET"]}}],"collection":[{"href":"https:\/\/www.csj-emballages.com\/es\/wp-json\/wp\/v2\/product"}],"about":[{"href":"https:\/\/www.csj-emballages.com\/es\/wp-json\/wp\/v2\/types\/product"}],"wp:featuredmedia":[{"embeddable":true,"href":"https:\/\/www.csj-emballages.com\/es\/wp-json\/wp\/v2\/media\/233300"}],"wp:attachment":[{"href":"https:\/\/www.csj-emballages.com\/es\/wp-json\/wp\/v2\/media?parent=18536"}],"wp:term":[{"taxonomy":"product_brand","embeddable":true,"href":"https:\/\/www.csj-emballages.com\/es\/wp-json\/wp\/v2\/product_brand?post=18536"},{"taxonomy":"product_cat","embeddable":true,"href":"https:\/\/www.csj-emballages.com\/es\/wp-json\/wp\/v2\/product_cat?post=18536"},{"taxonomy":"product_tag","embeddable":true,"href":"https:\/\/www.csj-emballages.com\/es\/wp-json\/wp\/v2\/product_tag?post=18536"}],"curies":[{"name":"wp","href":"https:\/\/api.w.org\/{rel}","templated":true}]}}