{"id":18463,"date":"2024-03-01T16:59:32","date_gmt":"2024-03-01T15:59:32","guid":{"rendered":"https:\/\/u15jnbdpoq.preview.infomaniak.website\/produit\/adobo-de-ajo-y-hierbas-3-kg\/"},"modified":"2026-04-17T02:10:32","modified_gmt":"2026-04-17T00:10:32","slug":"adobo-de-ajo-y-hierbas-3-kg","status":"publish","type":"product","link":"https:\/\/www.csj-emballages.com\/es\/produit\/adobo-de-ajo-y-hierbas-3-kg\/","title":{"rendered":"Adobo de ajo y hierbas 3 kg"},"content":{"rendered":"<h2>Adobo de ajo y hierbas<\/h2>\n<div style=\"font-family: Roboto, sans-serif;\">\n<div style=\"font-family: Roboto, sans-serif;\">\n<div style=\"font-family: Roboto, sans-serif;\">\n<div style=\"text-align: center;\">\n<div style=\"font-family: Roboto, sans-serif;\">\n<div style=\"font-family: Roboto, sans-serif;\">\n<div style=\"font-family: Roboto, sans-serif;\">\n<div style=\"font-family: Roboto, sans-serif;\">\n<div style=\"font-family: Roboto, sans-serif;\">\n<div style=\"font-family: Roboto, sans-serif; text-align: left;\">\n<hr>\n<h3 style=\"text-align: left;\">Descripci\u00f3n del adobo de ajo y hierbas 3 kg<!--more--><\/h3>\n<p data-start=\"0\" data-end=\"565\">Dele a sus preparaciones un toque sabroso con nuestra <strong data-start=\"87\" data-end=\"123\" data-is-only-node=\"\">salsa de ajo y hierbas finas de 3 kg<\/strong>. Elaborada a partir de una mezcla equilibrada de ajo y hierbas arom\u00e1ticas, esta <strong>marinada<\/strong> realza la carne, el pescado y las verduras, aport\u00e1ndoles un sabor intenso y aut\u00e9ntico. Su textura fluida permite una absorci\u00f3n \u00f3ptima para una distribuci\u00f3n homog\u00e9nea de los aromas. Ideal para carniceros, empresas de catering, restauradores y particulares, es adecuada tanto para cocinar en sart\u00e9n, al horno como a la barbacoa.<\/p>\n<\/div>\n<\/div>\n<p style=\"text-align: left;\" data-start=\"0\" data-end=\"565\">\n<div style=\"font-family: Roboto, sans-serif;\">\n<div style=\"font-family: Roboto, sans-serif; text-align: left;\">\n<p data-start=\"567\" data-end=\"584\"><!--more--><\/p>\n<\/div>\n<\/div>\n<\/div>\n<\/div>\n<\/div>\n<\/div>\n<\/div>\n<\/div>\n<\/div>\n<\/div>\n<p><strong><span style=\"color: #ff0000;\">Fecha caducada (DLUO) 05\/2025<\/span><\/strong><\/p>\n<p>&nbsp;<\/p>\n<p><!--more--><\/p>\n<h4 style=\"text-align: left;\"><strong>Ventajas :<\/strong><\/h4>\n<ul>\n<li data-start=\"585\" data-end=\"686\"><strong data-start=\"587\" data-end=\"603\">Sabor intenso<\/strong>: la combinaci\u00f3n perfecta de ajo y hierbas arom\u00e1ticas para un sabor equilibrado.<\/li>\n<li data-start=\"687\" data-end=\"762\"><strong data-start=\"689\" data-end=\"704\">Vers\u00e1til<\/strong>: Adecuado para carnes, pescados, verduras y carnes a la parrilla.<\/li>\n<li data-start=\"763\" data-end=\"852\"><strong data-start=\"765\" data-end=\"789\">F\u00e1cil de usar<\/strong>: textura fluida para una absorci\u00f3n r\u00e1pida y uniforme.<\/li>\n<li data-start=\"853\" data-end=\"940\" data-is-only-node=\"\"><strong data-start=\"855\" data-end=\"876\">Formato econ\u00f3mico<\/strong>: cubo de 3 kg ideal para uso profesional o familiar.<\/li>\n<\/ul>\n<p>&nbsp;<\/p>\n<p><!--more--><\/p>\n<h4>Informaci\u00f3n adicional :<\/h4>\n<ul>\n<li><strong>Envasado<\/strong>: Cubo de 3 kg<\/li>\n<\/ul>\n<div class=\"elementor elementor-2384 elementor-location-archive product\" data-elementor-type=\"product-archive\" data-elementor-id=\"2384\" data-elementor-post-type=\"elementor_library\">\n<div class=\"elementor-element elementor-element-c44cccd nt-archive-products e-flex e-con-boxed e-con e-parent e-lazyloaded\" data-id=\"c44cccd\" data-element_type=\"container\">\n<div class=\"e-con-inner\">\n<div class=\"elementor-element elementor-element-f35cc29 e-con-full e-flex e-con e-child\" data-id=\"f35cc29\" data-element_type=\"container\">\n<div class=\"elementor-element elementor-element-8781411 elementor-widget elementor-widget-woocommerce-archive-description\" data-id=\"8781411\" data-element_type=\"widget\" data-widget_type=\"woocommerce-archive-description.default\"><\/div>\n<\/div>\n<\/div>\n<\/div>\n<\/div>\n<p style=\"text-align: left;\"><!--more--><\/p>\n<p><a href=\"https:\/\/www.csj-emballages.com\/es\/categorie-produit\/alimentacion-es\/adobos\/\">Ver el resto de nuestra gama de marinadas<\/a><\/p>\n","protected":false},"excerpt":{"rendered":"<p>Fecha de expiraci\u00f3n 06\/2025<\/p>\n","protected":false},"featured_media":238862,"template":"","meta":{"_acf_changed":false},"product_brand":[],"product_cat":[1150,10241,1162,1870,11542],"product_tag":[],"class_list":{"0":"post-18463","1":"product","2":"type-product","3":"status-publish","4":"has-post-thumbnail","6":"product_cat-envasado-de-alimentos","7":"product_cat-antidesperdicio","8":"product_cat-alimentacion-es","9":"product_cat-adobos","10":"product_cat-liquidacion","12":"first","13":"instock","14":"sale","15":"taxable","16":"shipping-taxable","17":"purchasable","18":"product-type-simple"},"acf":[],"yoast_head":"<!-- This site is optimized with the Yoast SEO Premium plugin v26.6 (Yoast SEO v26.6) - https:\/\/yoast.com\/wordpress\/plugins\/seo\/ -->\n<title>Adobo de Ajo y Hierbas 3 kg<\/title>\n<meta name=\"description\" content=\"Realce sus platos con nuestro adobo de hierbas y ajo de 3 kg. Ideal para carnes, pescados y verduras, tiene un sabor intenso.\" \/>\n<meta name=\"robots\" content=\"index, follow, max-snippet:-1, max-image-preview:large, max-video-preview:-1\" \/>\n<link rel=\"canonical\" href=\"https:\/\/www.csj-emballages.com\/es\/produit\/adobo-de-ajo-y-hierbas-3-kg\/\" \/>\n<meta property=\"og:locale\" content=\"es_ES\" \/>\n<meta property=\"og:type\" content=\"article\" \/>\n<meta property=\"og:title\" content=\"Adobo de ajo y hierbas 3 kg\" \/>\n<meta property=\"og:description\" content=\"Realce sus platos con nuestro adobo de hierbas y ajo de 3 kg. Ideal para carnes, pescados y verduras, tiene un sabor intenso.\" \/>\n<meta property=\"og:url\" content=\"https:\/\/www.csj-emballages.com\/es\/produit\/adobo-de-ajo-y-hierbas-3-kg\/\" \/>\n<meta property=\"og:site_name\" content=\"CSJ Emballages\" \/>\n<meta property=\"article:publisher\" content=\"https:\/\/www.facebook.com\/csjemballages\" \/>\n<meta property=\"article:modified_time\" content=\"2026-04-17T00:10:32+00:00\" \/>\n<meta property=\"og:image\" content=\"https:\/\/www.csj-emballages.com\/wp-content\/uploads\/2024\/03\/Marinade-ail-fines-herbes.webp\" \/>\n\t<meta property=\"og:image:width\" content=\"800\" \/>\n\t<meta property=\"og:image:height\" content=\"800\" \/>\n\t<meta property=\"og:image:type\" content=\"image\/webp\" \/>\n<meta name=\"twitter:card\" content=\"summary_large_image\" \/>\n<meta name=\"twitter:label1\" content=\"Tiempo de lectura\" \/>\n\t<meta name=\"twitter:data1\" content=\"1 minuto\" \/>\n<script type=\"application\/ld+json\" class=\"yoast-schema-graph\">{\"@context\":\"https:\/\/schema.org\",\"@graph\":[{\"@type\":\"WebPage\",\"@id\":\"https:\/\/www.csj-emballages.com\/es\/produit\/adobo-de-ajo-y-hierbas-3-kg\/\",\"url\":\"https:\/\/www.csj-emballages.com\/es\/produit\/adobo-de-ajo-y-hierbas-3-kg\/\",\"name\":\"Adobo de Ajo y Hierbas 3 kg\",\"isPartOf\":{\"@id\":\"https:\/\/www.csj-emballages.com\/es\/#website\"},\"primaryImageOfPage\":{\"@id\":\"https:\/\/www.csj-emballages.com\/es\/produit\/adobo-de-ajo-y-hierbas-3-kg\/#primaryimage\"},\"image\":{\"@id\":\"https:\/\/www.csj-emballages.com\/es\/produit\/adobo-de-ajo-y-hierbas-3-kg\/#primaryimage\"},\"thumbnailUrl\":\"https:\/\/www.csj-emballages.com\/wp-content\/uploads\/2024\/03\/Marinade-ail-fines-herbes.webp\",\"datePublished\":\"2024-03-01T15:59:32+00:00\",\"dateModified\":\"2026-04-17T00:10:32+00:00\",\"description\":\"Realce sus platos con nuestro adobo de hierbas y ajo de 3 kg. Ideal para carnes, pescados y verduras, tiene un sabor intenso.\",\"breadcrumb\":{\"@id\":\"https:\/\/www.csj-emballages.com\/es\/produit\/adobo-de-ajo-y-hierbas-3-kg\/#breadcrumb\"},\"inLanguage\":\"es\",\"potentialAction\":[{\"@type\":\"ReadAction\",\"target\":[\"https:\/\/www.csj-emballages.com\/es\/produit\/adobo-de-ajo-y-hierbas-3-kg\/\"]}]},{\"@type\":\"ImageObject\",\"inLanguage\":\"es\",\"@id\":\"https:\/\/www.csj-emballages.com\/es\/produit\/adobo-de-ajo-y-hierbas-3-kg\/#primaryimage\",\"url\":\"https:\/\/www.csj-emballages.com\/wp-content\/uploads\/2024\/03\/Marinade-ail-fines-herbes.webp\",\"contentUrl\":\"https:\/\/www.csj-emballages.com\/wp-content\/uploads\/2024\/03\/Marinade-ail-fines-herbes.webp\",\"width\":800,\"height\":800,\"caption\":\"Marinade ail fines herbes\"},{\"@type\":\"BreadcrumbList\",\"@id\":\"https:\/\/www.csj-emballages.com\/es\/produit\/adobo-de-ajo-y-hierbas-3-kg\/#breadcrumb\",\"itemListElement\":[{\"@type\":\"ListItem\",\"position\":1,\"name\":\"Accueil\",\"item\":\"https:\/\/www.csj-emballages.com\/es\/universo-del-envasado-alimentario\/\"},{\"@type\":\"ListItem\",\"position\":2,\"name\":\"Tienda\",\"item\":\"https:\/\/www.csj-emballages.com\/tienda\/\"},{\"@type\":\"ListItem\",\"position\":3,\"name\":\"Adobo de ajo y hierbas 3 kg\"}]},{\"@type\":\"WebSite\",\"@id\":\"https:\/\/www.csj-emballages.com\/es\/#website\",\"url\":\"https:\/\/www.csj-emballages.com\/es\/\",\"name\":\"CSJ Emballages\",\"description\":\"\",\"publisher\":{\"@id\":\"https:\/\/www.csj-emballages.com\/es\/#organization\"},\"potentialAction\":[{\"@type\":\"SearchAction\",\"target\":{\"@type\":\"EntryPoint\",\"urlTemplate\":\"https:\/\/www.csj-emballages.com\/es\/?s={search_term_string}\"},\"query-input\":{\"@type\":\"PropertyValueSpecification\",\"valueRequired\":true,\"valueName\":\"search_term_string\"}}],\"inLanguage\":\"es\"},{\"@type\":\"Organization\",\"@id\":\"https:\/\/www.csj-emballages.com\/es\/#Organization\/\",\"name\":\"CSJ Emballages\",\"url\":\"https:\/\/www.csj-emballages.com\/es\/\",\"logo\":{\"@type\":\"ImageObject\",\"inLanguage\":\"es\",\"@id\":\"https:\/\/www.csj-emballages.com\/es\/#\/schema\/logo\/image\/\",\"url\":\"https:\/\/www.csj-emballages.com\/wp-content\/uploads\/2023\/10\/logo_csj.webp\",\"contentUrl\":\"https:\/\/www.csj-emballages.com\/wp-content\/uploads\/2023\/10\/logo_csj.webp\",\"width\":250,\"height\":95,\"caption\":\"CSJ Emballages\"},\"image\":{\"@id\":\"https:\/\/www.csj-emballages.com\/es\/#\/schema\/logo\/image\/\"},\"sameAs\":[\"https:\/\/www.facebook.com\/csjemballages\"],\"address\":{\"@type\":\"PostalAddress\",\"streetAddress\":\"ZI La Lechere\",\"addressLocality\":\"Patornay\",\"postalCode\":\"39130\",\"addressCountry\":\"FR\"},\"contactPoint\":[{\"@type\":\"ContactPoint\",\"contactType\":\"Service client\",\"telephone\":\"0384254272\",\"email\":\"contact@csj-emballages.com\"}]}]}<\/script>\n<!-- \/ Yoast SEO Premium plugin. -->","yoast_head_json":{"title":"Adobo de Ajo y Hierbas 3 kg","description":"Realce sus platos con nuestro adobo de hierbas y ajo de 3 kg. Ideal para carnes, pescados y verduras, tiene un sabor intenso.","robots":{"index":"index","follow":"follow","max-snippet":"max-snippet:-1","max-image-preview":"max-image-preview:large","max-video-preview":"max-video-preview:-1"},"canonical":"https:\/\/www.csj-emballages.com\/es\/produit\/adobo-de-ajo-y-hierbas-3-kg\/","og_locale":"es_ES","og_type":"article","og_title":"Adobo de ajo y hierbas 3 kg","og_description":"Realce sus platos con nuestro adobo de hierbas y ajo de 3 kg. Ideal para carnes, pescados y verduras, tiene un sabor intenso.","og_url":"https:\/\/www.csj-emballages.com\/es\/produit\/adobo-de-ajo-y-hierbas-3-kg\/","og_site_name":"CSJ Emballages","article_publisher":"https:\/\/www.facebook.com\/csjemballages","article_modified_time":"2026-04-17T00:10:32+00:00","og_image":[{"width":800,"height":800,"url":"https:\/\/www.csj-emballages.com\/wp-content\/uploads\/2024\/03\/Marinade-ail-fines-herbes.webp","type":"image\/webp"}],"twitter_card":"summary_large_image","twitter_misc":{"Tiempo de lectura":"1 minuto"},"schema":{"@context":"https:\/\/schema.org","@graph":[{"@type":"WebPage","@id":"https:\/\/www.csj-emballages.com\/es\/produit\/adobo-de-ajo-y-hierbas-3-kg\/","url":"https:\/\/www.csj-emballages.com\/es\/produit\/adobo-de-ajo-y-hierbas-3-kg\/","name":"Adobo de Ajo y Hierbas 3 kg","isPartOf":{"@id":"https:\/\/www.csj-emballages.com\/es\/#website"},"primaryImageOfPage":{"@id":"https:\/\/www.csj-emballages.com\/es\/produit\/adobo-de-ajo-y-hierbas-3-kg\/#primaryimage"},"image":{"@id":"https:\/\/www.csj-emballages.com\/es\/produit\/adobo-de-ajo-y-hierbas-3-kg\/#primaryimage"},"thumbnailUrl":"https:\/\/www.csj-emballages.com\/wp-content\/uploads\/2024\/03\/Marinade-ail-fines-herbes.webp","datePublished":"2024-03-01T15:59:32+00:00","dateModified":"2026-04-17T00:10:32+00:00","description":"Realce sus platos con nuestro adobo de hierbas y ajo de 3 kg. Ideal para carnes, pescados y verduras, tiene un sabor intenso.","breadcrumb":{"@id":"https:\/\/www.csj-emballages.com\/es\/produit\/adobo-de-ajo-y-hierbas-3-kg\/#breadcrumb"},"inLanguage":"es","potentialAction":[{"@type":"ReadAction","target":["https:\/\/www.csj-emballages.com\/es\/produit\/adobo-de-ajo-y-hierbas-3-kg\/"]}]},{"@type":"ImageObject","inLanguage":"es","@id":"https:\/\/www.csj-emballages.com\/es\/produit\/adobo-de-ajo-y-hierbas-3-kg\/#primaryimage","url":"https:\/\/www.csj-emballages.com\/wp-content\/uploads\/2024\/03\/Marinade-ail-fines-herbes.webp","contentUrl":"https:\/\/www.csj-emballages.com\/wp-content\/uploads\/2024\/03\/Marinade-ail-fines-herbes.webp","width":800,"height":800,"caption":"Marinade ail fines herbes"},{"@type":"BreadcrumbList","@id":"https:\/\/www.csj-emballages.com\/es\/produit\/adobo-de-ajo-y-hierbas-3-kg\/#breadcrumb","itemListElement":[{"@type":"ListItem","position":1,"name":"Accueil","item":"https:\/\/www.csj-emballages.com\/es\/universo-del-envasado-alimentario\/"},{"@type":"ListItem","position":2,"name":"Tienda","item":"https:\/\/www.csj-emballages.com\/tienda\/"},{"@type":"ListItem","position":3,"name":"Adobo de ajo y hierbas 3 kg"}]},{"@type":"WebSite","@id":"https:\/\/www.csj-emballages.com\/es\/#website","url":"https:\/\/www.csj-emballages.com\/es\/","name":"CSJ Emballages","description":"","publisher":{"@id":"https:\/\/www.csj-emballages.com\/es\/#organization"},"potentialAction":[{"@type":"SearchAction","target":{"@type":"EntryPoint","urlTemplate":"https:\/\/www.csj-emballages.com\/es\/?s={search_term_string}"},"query-input":{"@type":"PropertyValueSpecification","valueRequired":true,"valueName":"search_term_string"}}],"inLanguage":"es"},{"@type":"Organization","@id":"https:\/\/www.csj-emballages.com\/es\/#Organization\/","name":"CSJ Emballages","url":"https:\/\/www.csj-emballages.com\/es\/","logo":{"@type":"ImageObject","inLanguage":"es","@id":"https:\/\/www.csj-emballages.com\/es\/#\/schema\/logo\/image\/","url":"https:\/\/www.csj-emballages.com\/wp-content\/uploads\/2023\/10\/logo_csj.webp","contentUrl":"https:\/\/www.csj-emballages.com\/wp-content\/uploads\/2023\/10\/logo_csj.webp","width":250,"height":95,"caption":"CSJ Emballages"},"image":{"@id":"https:\/\/www.csj-emballages.com\/es\/#\/schema\/logo\/image\/"},"sameAs":["https:\/\/www.facebook.com\/csjemballages"],"address":{"@type":"PostalAddress","streetAddress":"ZI La Lechere","addressLocality":"Patornay","postalCode":"39130","addressCountry":"FR"},"contactPoint":[{"@type":"ContactPoint","contactType":"Service client","telephone":"0384254272","email":"contact@csj-emballages.com"}]}]}},"df_price":25.57,"df_sale_price":25.57,"df_regular_price":35.84,"df_image_link":"https:\/\/www.csj-emballages.com\/wp-content\/uploads\/2024\/03\/Marinade-ail-fines-herbes-300x300.webp","tiered_pricing_type":"fixed","tiered_pricing_fixed_rules":[],"tiered_pricing_percentage_rules":[],"tiered_pricing_minimum":1,"tiered_pricing_roles_data":[],"_links":{"self":[{"href":"https:\/\/www.csj-emballages.com\/es\/wp-json\/wp\/v2\/product\/18463","targetHints":{"allow":["GET"]}}],"collection":[{"href":"https:\/\/www.csj-emballages.com\/es\/wp-json\/wp\/v2\/product"}],"about":[{"href":"https:\/\/www.csj-emballages.com\/es\/wp-json\/wp\/v2\/types\/product"}],"wp:featuredmedia":[{"embeddable":true,"href":"https:\/\/www.csj-emballages.com\/es\/wp-json\/wp\/v2\/media\/238862"}],"wp:attachment":[{"href":"https:\/\/www.csj-emballages.com\/es\/wp-json\/wp\/v2\/media?parent=18463"}],"wp:term":[{"taxonomy":"product_brand","embeddable":true,"href":"https:\/\/www.csj-emballages.com\/es\/wp-json\/wp\/v2\/product_brand?post=18463"},{"taxonomy":"product_cat","embeddable":true,"href":"https:\/\/www.csj-emballages.com\/es\/wp-json\/wp\/v2\/product_cat?post=18463"},{"taxonomy":"product_tag","embeddable":true,"href":"https:\/\/www.csj-emballages.com\/es\/wp-json\/wp\/v2\/product_tag?post=18463"}],"curies":[{"name":"wp","href":"https:\/\/api.w.org\/{rel}","templated":true}]}}