{"id":18416,"date":"2024-03-01T16:59:34","date_gmt":"2024-03-01T15:59:34","guid":{"rendered":"https:\/\/u15jnbdpoq.preview.infomaniak.website\/produit\/base-culinaria-con-salsa-de-colmenillas-700-gr\/"},"modified":"2026-04-04T02:10:31","modified_gmt":"2026-04-04T00:10:31","slug":"base-culinaria-con-salsa-de-colmenillas-700-gr","status":"publish","type":"product","link":"https:\/\/www.csj-emballages.com\/es\/produit\/base-culinaria-con-salsa-de-colmenillas-700-gr\/","title":{"rendered":"Base culinaria con salsa de colmenillas 700 gr"},"content":{"rendered":"<h2 class=\"p1\">Salsa de colmenillas<\/h2>\n<hr>\n<h3>Descripci\u00f3n de nuestra salsa de colmenillas 700 gr<\/h3>\n<h3><!--more--><\/h3>\n<p class=\"\" data-start=\"201\" data-end=\"757\">A\u00f1ada un toque excepcional a sus platos con esta <strong data-start=\"256\" data-end=\"278\">salsa de colmenillas<\/strong> lista para usar, envasada en tarros de <strong>700 g<\/strong>. Elaborada con ingredientes de calidad, esta salsa cremosa y generosa revela toda la riqueza arom\u00e1tica de la <strong>colmenilla<\/strong>, una seta noble y refinada muy apreciada tanto por los chefs como por los gourmets. Es el acompa\u00f1amiento perfecto para platos de carne (filete mignon, magret de pato, ternera asada), aves de corral festivas (pollo de corral, pintada, cap\u00f3n) o incluso pasta fresca o risotto para un plato vegetariano lleno de car\u00e1cter.  <\/p>\n<p class=\"\" data-start=\"759\" data-end=\"1132\">Esta <strong>salsa de colmenillas<\/strong> est\u00e1 especialmente indicada para empresas de catering, restauradores o particulares que deseen ahorrar tiempo sin renunciar al sabor. Basta con recalentarla a fuego lento o al ba\u00f1o mar\u00eda para que libere todos sus aromas. Su textura cremosa y su potente sabor a colmenillas la convierten en la base perfecta para realzar cualquier plato en pocos minutos.  <\/p>\n<p class=\"\" data-start=\"1134\" data-end=\"1316\">El generoso formato <strong>de 700 g<\/strong> es ideal para mesas grandes o para uso profesional en la cocina. Es la forma perfecta de garantizar un servicio fluido a la vez que se ofrece una salsa de alta gama. <\/p>\n<h3 class=\"\" data-start=\"1318\" data-end=\"1341\"><\/h3>\n<p><!--more--><\/p>\n<div class=\"flex flex-grow flex-col max-w-full\">\n<div class=\"min-h-[20px] text-message flex flex-col items-start whitespace-pre-wrap break-words [.text-message+&amp;]:mt-5 juice:w-full juice:items-end overflow-x-auto gap-2\" dir=\"auto\" data-message-author-role=\"assistant\" data-message-id=\"579bfb50-fb6c-479d-a152-27ab4b509f37\">\n<div class=\"flex w-full flex-col gap-1 juice:empty:hidden juice:first:pt-[3px]\">\n<div class=\"markdown prose w-full break-words dark:prose-invert light\">\n<div class=\"flex-1 overflow-hidden\">\n<div class=\"react-scroll-to-bottom--css-ygaxm-79elbk h-full\">\n<div class=\"react-scroll-to-bottom--css-ygaxm-1n7m0yu\">\n<div class=\"flex flex-col text-sm md:pb-9\">\n<div class=\"w-full text-token-text-primary\" dir=\"auto\" data-testid=\"conversation-turn-3\" data-scroll-anchor=\"true\">\n<div class=\"py-2 juice:py-[18px] px-3 text-base md:px-4 m-auto md:px-5 lg:px-1 xl:px-5\">\n<div class=\"mx-auto flex flex-1 gap-3 text-base juice:gap-4 juice:md:gap-5 juice:lg:gap-6 md:max-w-3xl lg:max-w-[40rem] xl:max-w-[48rem]\">\n<div class=\"group\/conversation-turn relative flex w-full min-w-0 flex-col agent-turn\">\n<div class=\"flex-col gap-1 md:gap-3\">\n<div class=\"flex flex-grow flex-col max-w-full\">\n<div class=\"min-h-[20px] text-message flex flex-col items-start whitespace-pre-wrap break-words [.text-message+&amp;]:mt-5 juice:w-full juice:items-end overflow-x-auto gap-2\" dir=\"auto\" data-message-author-role=\"assistant\" data-message-id=\"2fe0f070-0589-4d8f-991f-f185baabe147\">\n<div class=\"flex w-full flex-col gap-1 juice:empty:hidden juice:first:pt-[3px]\">\n<div class=\"markdown prose w-full break-words dark:prose-invert light\">\n<h4>Ventajas:<\/h4>\n<ul>\n<li>Aut\u00e9ntico e intenso sabor a colmenilla.<\/li>\n<li>Salsa lista para usar, r\u00e1pida y f\u00e1cil de utilizar.<\/li>\n<li>Perfecto para platos de carne, pasta y risottos.<\/li>\n<li>Formato de 700 g ideal para profesionales y familias numerosas.<\/li>\n<li>Preparaci\u00f3n que ahorra tiempo.<\/li>\n<\/ul>\n<\/div>\n<div class=\"markdown prose w-full break-words dark:prose-invert light\">\n<p>&nbsp;<\/p>\n<\/div>\n<\/div>\n<\/div>\n<\/div>\n<\/div>\n<\/div>\n<\/div>\n<\/div>\n<\/div>\n<\/div>\n<\/div>\n<\/div>\n<\/div>\n<\/div>\n<\/div>\n<\/div>\n<\/div>\n<p><!--more--><\/p>\n<p><span style=\"font-weight: bold;\">Dosificaci\u00f3n<\/span>: 90 g por litro de agua<\/p>\n<p>&nbsp;<\/p>\n<p><!--more--><\/p>\n<p><span style=\"color: #e3ab00; font-weight: bold;\">Composici\u00f3n<\/span>: Verduras deshidratadas (setas, <span style=\"font-size: 16px;\">cebollas<\/span>) \/ almid\u00f3n modificado \/ preparado l\u00e1cteo (lactosa, grasa vegetal de coco, prote\u00ednas l\u00e1cteas) \/ sal \/ extracto de levadura \/ potenciador del sabor E-621 \/ prote\u00edna vegetal hidrolizada (soja) \/ aromas \/ colorante E-150c Contiene soja y productos a base de soja \/ leche y productos l\u00e1cteos (incluida la lactosa).<\/p>\n<p>&nbsp;<\/p>\n<p><!--more--><\/p>\n<p><span style=\"color: #1882ed; font-weight: bold;\">Empleo<\/span>:<\/p>\n<ol>\n<li>Diluir la cantidad indicada en el agua, remover simult\u00e1neamente y llevar a ebullici\u00f3n.<\/li>\n<li>Batir hasta que se mezclen bien.<\/li>\n<li>Llevar a ebullici\u00f3n durante unos 5 minutos <span style=\"font-size: 16px;\">hasta que se<\/span> disuelva por completo.<\/li>\n<li>Retirar del fuego y utilizar seg\u00fan las necesidades.<\/li>\n<\/ol>\n<p>&nbsp;<\/p>\n<p><!--more--><\/p>\n<div class=\"flex flex-grow flex-col max-w-full\">\n<div class=\"min-h-[20px] text-message flex flex-col items-start whitespace-pre-wrap break-words [.text-message+&amp;]:mt-5 juice:w-full juice:items-end overflow-x-auto gap-2\" dir=\"auto\" data-message-author-role=\"assistant\" data-message-id=\"579bfb50-fb6c-479d-a152-27ab4b509f37\">\n<div class=\"flex w-full flex-col gap-1 juice:empty:hidden juice:first:pt-[3px]\">\n<div class=\"markdown prose w-full break-words dark:prose-invert light\">\n<div class=\"flex-1 overflow-hidden\">\n<div class=\"react-scroll-to-bottom--css-ygaxm-79elbk h-full\">\n<div class=\"react-scroll-to-bottom--css-ygaxm-1n7m0yu\">\n<div class=\"flex flex-col text-sm md:pb-9\">\n<div class=\"w-full text-token-text-primary\" dir=\"auto\" data-testid=\"conversation-turn-3\" data-scroll-anchor=\"true\">\n<div class=\"py-2 juice:py-[18px] px-3 text-base md:px-4 m-auto md:px-5 lg:px-1 xl:px-5\">\n<div class=\"mx-auto flex flex-1 gap-3 text-base juice:gap-4 juice:md:gap-5 juice:lg:gap-6 md:max-w-3xl lg:max-w-[40rem] xl:max-w-[48rem]\">\n<div class=\"group\/conversation-turn relative flex w-full min-w-0 flex-col agent-turn\">\n<div class=\"flex-col gap-1 md:gap-3\">\n<div class=\"flex flex-grow flex-col max-w-full\">\n<div class=\"min-h-[20px] text-message flex flex-col items-start whitespace-pre-wrap break-words [.text-message+&amp;]:mt-5 juice:w-full juice:items-end overflow-x-auto gap-2\" dir=\"auto\" data-message-author-role=\"assistant\" data-message-id=\"2fe0f070-0589-4d8f-991f-f185baabe147\">\n<div class=\"flex w-full flex-col gap-1 juice:empty:hidden juice:first:pt-[3px]\">\n<div class=\"markdown prose w-full break-words dark:prose-invert light\">\n<h4>Informaci\u00f3n adicional :<\/h4>\n<ul>\n<li><strong>Envase<\/strong>: Cubo de 700 gr<\/li>\n<li><strong>Tipo<\/strong>: Salsa de colmenillas<\/li>\n<\/ul>\n<\/div>\n<\/div>\n<\/div>\n<\/div>\n<\/div>\n<\/div>\n<\/div>\n<\/div>\n<\/div>\n<\/div>\n<\/div>\n<\/div>\n<\/div>\n<p>&nbsp;<\/p>\n<\/div>\n<\/div>\n<\/div>\n<\/div>\n<p><!--more--><\/p>\n<p>Descubra aqu\u00ed nuestra salsa de champi\u00f1ones: <span style=\"color: #d12727;\"><a style=\"color: #d12727;\" href=\"https:\/\/www.csj-emballages.com\/es\/produit\/base-culinaria-con-salsa-de-champinones-800-gr\/\">10580<\/a><\/span><\/p>\n<p>&nbsp;<\/p>\n<p><!--more--><\/p>\n<p><a href=\"https:\/\/www.csj-emballages.com\/es\/categorie-produit\/alimentacion-es\/bases-culinarias\/\">Ver el resto de nuestra gama de bases \/ stocks<\/a><\/p>\n","protected":false},"excerpt":{"rendered":"<p>Salsa de colmenillas Descripci\u00f3n de nuestra salsa de colmenillas 700 gr<\/p>\n","protected":false},"featured_media":231158,"template":"","meta":{"_acf_changed":false},"product_brand":[],"product_cat":[1162,1860],"product_tag":[],"class_list":{"0":"post-18416","1":"product","2":"type-product","3":"status-publish","4":"has-post-thumbnail","6":"product_cat-alimentacion-es","7":"product_cat-bases-culinarias","9":"first","10":"instock","11":"taxable","12":"shipping-taxable","13":"purchasable","14":"product-type-simple"},"acf":[],"yoast_head":"<!-- This site is optimized with the Yoast SEO Premium plugin v26.6 (Yoast SEO v26.6) - https:\/\/yoast.com\/wordpress\/plugins\/seo\/ -->\n<title>Salsa de colmenillas 700 gr<\/title>\n<meta name=\"description\" content=\"Salsa de colmenillas lista para usar de 700 g. Textura cremosa, sabor refinado, ideal para carnes, pastas y platos festivos. Para uso profesional o privado.\" \/>\n<meta name=\"robots\" content=\"index, follow, max-snippet:-1, max-image-preview:large, max-video-preview:-1\" \/>\n<link rel=\"canonical\" href=\"https:\/\/www.csj-emballages.com\/es\/produit\/base-culinaria-con-salsa-de-colmenillas-700-gr\/\" \/>\n<meta property=\"og:locale\" content=\"es_ES\" \/>\n<meta property=\"og:type\" content=\"article\" \/>\n<meta property=\"og:title\" content=\"Base culinaria con salsa de colmenillas 700 gr\" \/>\n<meta property=\"og:description\" content=\"Salsa de colmenillas lista para usar de 700 g. Textura cremosa, sabor refinado, ideal para carnes, pastas y platos festivos. Para uso profesional o privado.\" \/>\n<meta property=\"og:url\" content=\"https:\/\/www.csj-emballages.com\/es\/produit\/base-culinaria-con-salsa-de-colmenillas-700-gr\/\" \/>\n<meta property=\"og:site_name\" content=\"CSJ Emballages\" \/>\n<meta property=\"article:publisher\" content=\"https:\/\/www.facebook.com\/csjemballages\" \/>\n<meta property=\"article:modified_time\" content=\"2026-04-04T00:10:31+00:00\" \/>\n<meta property=\"og:image\" content=\"https:\/\/www.csj-emballages.com\/wp-content\/uploads\/2024\/03\/Sauce-morille.webp\" \/>\n\t<meta property=\"og:image:width\" content=\"800\" \/>\n\t<meta property=\"og:image:height\" content=\"800\" \/>\n\t<meta property=\"og:image:type\" content=\"image\/webp\" \/>\n<meta name=\"twitter:card\" content=\"summary_large_image\" \/>\n<meta name=\"twitter:label1\" content=\"Tiempo de lectura\" \/>\n\t<meta name=\"twitter:data1\" content=\"2 minutos\" \/>\n<script type=\"application\/ld+json\" class=\"yoast-schema-graph\">{\"@context\":\"https:\/\/schema.org\",\"@graph\":[{\"@type\":\"WebPage\",\"@id\":\"https:\/\/www.csj-emballages.com\/es\/produit\/base-culinaria-con-salsa-de-colmenillas-700-gr\/\",\"url\":\"https:\/\/www.csj-emballages.com\/es\/produit\/base-culinaria-con-salsa-de-colmenillas-700-gr\/\",\"name\":\"Salsa de colmenillas 700 gr\",\"isPartOf\":{\"@id\":\"https:\/\/www.csj-emballages.com\/es\/#website\"},\"primaryImageOfPage\":{\"@id\":\"https:\/\/www.csj-emballages.com\/es\/produit\/base-culinaria-con-salsa-de-colmenillas-700-gr\/#primaryimage\"},\"image\":{\"@id\":\"https:\/\/www.csj-emballages.com\/es\/produit\/base-culinaria-con-salsa-de-colmenillas-700-gr\/#primaryimage\"},\"thumbnailUrl\":\"https:\/\/www.csj-emballages.com\/wp-content\/uploads\/2024\/03\/Sauce-morille.webp\",\"datePublished\":\"2024-03-01T15:59:34+00:00\",\"dateModified\":\"2026-04-04T00:10:31+00:00\",\"description\":\"Salsa de colmenillas lista para usar de 700 g. Textura cremosa, sabor refinado, ideal para carnes, pastas y platos festivos. Para uso profesional o privado.\",\"breadcrumb\":{\"@id\":\"https:\/\/www.csj-emballages.com\/es\/produit\/base-culinaria-con-salsa-de-colmenillas-700-gr\/#breadcrumb\"},\"inLanguage\":\"es\",\"potentialAction\":[{\"@type\":\"ReadAction\",\"target\":[\"https:\/\/www.csj-emballages.com\/es\/produit\/base-culinaria-con-salsa-de-colmenillas-700-gr\/\"]}]},{\"@type\":\"ImageObject\",\"inLanguage\":\"es\",\"@id\":\"https:\/\/www.csj-emballages.com\/es\/produit\/base-culinaria-con-salsa-de-colmenillas-700-gr\/#primaryimage\",\"url\":\"https:\/\/www.csj-emballages.com\/wp-content\/uploads\/2024\/03\/Sauce-morille.webp\",\"contentUrl\":\"https:\/\/www.csj-emballages.com\/wp-content\/uploads\/2024\/03\/Sauce-morille.webp\",\"width\":800,\"height\":800,\"caption\":\"sauce morilles\"},{\"@type\":\"BreadcrumbList\",\"@id\":\"https:\/\/www.csj-emballages.com\/es\/produit\/base-culinaria-con-salsa-de-colmenillas-700-gr\/#breadcrumb\",\"itemListElement\":[{\"@type\":\"ListItem\",\"position\":1,\"name\":\"Accueil\",\"item\":\"https:\/\/www.csj-emballages.com\/es\/universo-del-envasado-alimentario\/\"},{\"@type\":\"ListItem\",\"position\":2,\"name\":\"Tienda\",\"item\":\"https:\/\/www.csj-emballages.com\/tienda\/\"},{\"@type\":\"ListItem\",\"position\":3,\"name\":\"Base culinaria con salsa de colmenillas 700 gr\"}]},{\"@type\":\"WebSite\",\"@id\":\"https:\/\/www.csj-emballages.com\/es\/#website\",\"url\":\"https:\/\/www.csj-emballages.com\/es\/\",\"name\":\"CSJ Emballages\",\"description\":\"\",\"publisher\":{\"@id\":\"https:\/\/www.csj-emballages.com\/es\/#organization\"},\"potentialAction\":[{\"@type\":\"SearchAction\",\"target\":{\"@type\":\"EntryPoint\",\"urlTemplate\":\"https:\/\/www.csj-emballages.com\/es\/?s={search_term_string}\"},\"query-input\":{\"@type\":\"PropertyValueSpecification\",\"valueRequired\":true,\"valueName\":\"search_term_string\"}}],\"inLanguage\":\"es\"},{\"@type\":\"Organization\",\"@id\":\"https:\/\/www.csj-emballages.com\/es\/#Organization\/\",\"name\":\"CSJ Emballages\",\"url\":\"https:\/\/www.csj-emballages.com\/es\/\",\"logo\":{\"@type\":\"ImageObject\",\"inLanguage\":\"es\",\"@id\":\"https:\/\/www.csj-emballages.com\/es\/#\/schema\/logo\/image\/\",\"url\":\"https:\/\/www.csj-emballages.com\/wp-content\/uploads\/2023\/10\/logo_csj.webp\",\"contentUrl\":\"https:\/\/www.csj-emballages.com\/wp-content\/uploads\/2023\/10\/logo_csj.webp\",\"width\":250,\"height\":95,\"caption\":\"CSJ Emballages\"},\"image\":{\"@id\":\"https:\/\/www.csj-emballages.com\/es\/#\/schema\/logo\/image\/\"},\"sameAs\":[\"https:\/\/www.facebook.com\/csjemballages\"],\"address\":{\"@type\":\"PostalAddress\",\"streetAddress\":\"ZI La Lechere\",\"addressLocality\":\"Patornay\",\"postalCode\":\"39130\",\"addressCountry\":\"FR\"},\"contactPoint\":[{\"@type\":\"ContactPoint\",\"contactType\":\"Service client\",\"telephone\":\"0384254272\",\"email\":\"contact@csj-emballages.com\"}]}]}<\/script>\n<!-- \/ Yoast SEO Premium plugin. -->","yoast_head_json":{"title":"Salsa de colmenillas 700 gr","description":"Salsa de colmenillas lista para usar de 700 g. Textura cremosa, sabor refinado, ideal para carnes, pastas y platos festivos. Para uso profesional o privado.","robots":{"index":"index","follow":"follow","max-snippet":"max-snippet:-1","max-image-preview":"max-image-preview:large","max-video-preview":"max-video-preview:-1"},"canonical":"https:\/\/www.csj-emballages.com\/es\/produit\/base-culinaria-con-salsa-de-colmenillas-700-gr\/","og_locale":"es_ES","og_type":"article","og_title":"Base culinaria con salsa de colmenillas 700 gr","og_description":"Salsa de colmenillas lista para usar de 700 g. Textura cremosa, sabor refinado, ideal para carnes, pastas y platos festivos. Para uso profesional o privado.","og_url":"https:\/\/www.csj-emballages.com\/es\/produit\/base-culinaria-con-salsa-de-colmenillas-700-gr\/","og_site_name":"CSJ Emballages","article_publisher":"https:\/\/www.facebook.com\/csjemballages","article_modified_time":"2026-04-04T00:10:31+00:00","og_image":[{"width":800,"height":800,"url":"https:\/\/www.csj-emballages.com\/wp-content\/uploads\/2024\/03\/Sauce-morille.webp","type":"image\/webp"}],"twitter_card":"summary_large_image","twitter_misc":{"Tiempo de lectura":"2 minutos"},"schema":{"@context":"https:\/\/schema.org","@graph":[{"@type":"WebPage","@id":"https:\/\/www.csj-emballages.com\/es\/produit\/base-culinaria-con-salsa-de-colmenillas-700-gr\/","url":"https:\/\/www.csj-emballages.com\/es\/produit\/base-culinaria-con-salsa-de-colmenillas-700-gr\/","name":"Salsa de colmenillas 700 gr","isPartOf":{"@id":"https:\/\/www.csj-emballages.com\/es\/#website"},"primaryImageOfPage":{"@id":"https:\/\/www.csj-emballages.com\/es\/produit\/base-culinaria-con-salsa-de-colmenillas-700-gr\/#primaryimage"},"image":{"@id":"https:\/\/www.csj-emballages.com\/es\/produit\/base-culinaria-con-salsa-de-colmenillas-700-gr\/#primaryimage"},"thumbnailUrl":"https:\/\/www.csj-emballages.com\/wp-content\/uploads\/2024\/03\/Sauce-morille.webp","datePublished":"2024-03-01T15:59:34+00:00","dateModified":"2026-04-04T00:10:31+00:00","description":"Salsa de colmenillas lista para usar de 700 g. Textura cremosa, sabor refinado, ideal para carnes, pastas y platos festivos. Para uso profesional o privado.","breadcrumb":{"@id":"https:\/\/www.csj-emballages.com\/es\/produit\/base-culinaria-con-salsa-de-colmenillas-700-gr\/#breadcrumb"},"inLanguage":"es","potentialAction":[{"@type":"ReadAction","target":["https:\/\/www.csj-emballages.com\/es\/produit\/base-culinaria-con-salsa-de-colmenillas-700-gr\/"]}]},{"@type":"ImageObject","inLanguage":"es","@id":"https:\/\/www.csj-emballages.com\/es\/produit\/base-culinaria-con-salsa-de-colmenillas-700-gr\/#primaryimage","url":"https:\/\/www.csj-emballages.com\/wp-content\/uploads\/2024\/03\/Sauce-morille.webp","contentUrl":"https:\/\/www.csj-emballages.com\/wp-content\/uploads\/2024\/03\/Sauce-morille.webp","width":800,"height":800,"caption":"sauce morilles"},{"@type":"BreadcrumbList","@id":"https:\/\/www.csj-emballages.com\/es\/produit\/base-culinaria-con-salsa-de-colmenillas-700-gr\/#breadcrumb","itemListElement":[{"@type":"ListItem","position":1,"name":"Accueil","item":"https:\/\/www.csj-emballages.com\/es\/universo-del-envasado-alimentario\/"},{"@type":"ListItem","position":2,"name":"Tienda","item":"https:\/\/www.csj-emballages.com\/tienda\/"},{"@type":"ListItem","position":3,"name":"Base culinaria con salsa de colmenillas 700 gr"}]},{"@type":"WebSite","@id":"https:\/\/www.csj-emballages.com\/es\/#website","url":"https:\/\/www.csj-emballages.com\/es\/","name":"CSJ Emballages","description":"","publisher":{"@id":"https:\/\/www.csj-emballages.com\/es\/#organization"},"potentialAction":[{"@type":"SearchAction","target":{"@type":"EntryPoint","urlTemplate":"https:\/\/www.csj-emballages.com\/es\/?s={search_term_string}"},"query-input":{"@type":"PropertyValueSpecification","valueRequired":true,"valueName":"search_term_string"}}],"inLanguage":"es"},{"@type":"Organization","@id":"https:\/\/www.csj-emballages.com\/es\/#Organization\/","name":"CSJ Emballages","url":"https:\/\/www.csj-emballages.com\/es\/","logo":{"@type":"ImageObject","inLanguage":"es","@id":"https:\/\/www.csj-emballages.com\/es\/#\/schema\/logo\/image\/","url":"https:\/\/www.csj-emballages.com\/wp-content\/uploads\/2023\/10\/logo_csj.webp","contentUrl":"https:\/\/www.csj-emballages.com\/wp-content\/uploads\/2023\/10\/logo_csj.webp","width":250,"height":95,"caption":"CSJ Emballages"},"image":{"@id":"https:\/\/www.csj-emballages.com\/es\/#\/schema\/logo\/image\/"},"sameAs":["https:\/\/www.facebook.com\/csjemballages"],"address":{"@type":"PostalAddress","streetAddress":"ZI La Lechere","addressLocality":"Patornay","postalCode":"39130","addressCountry":"FR"},"contactPoint":[{"@type":"ContactPoint","contactType":"Service client","telephone":"0384254272","email":"contact@csj-emballages.com"}]}]}},"df_price":19.07,"df_sale_price":"","df_regular_price":19.07,"df_image_link":"https:\/\/www.csj-emballages.com\/wp-content\/uploads\/2024\/03\/Sauce-morille-300x300.webp","tiered_pricing_type":"fixed","tiered_pricing_fixed_rules":[],"tiered_pricing_percentage_rules":[],"tiered_pricing_minimum":1,"tiered_pricing_roles_data":[],"_links":{"self":[{"href":"https:\/\/www.csj-emballages.com\/es\/wp-json\/wp\/v2\/product\/18416","targetHints":{"allow":["GET"]}}],"collection":[{"href":"https:\/\/www.csj-emballages.com\/es\/wp-json\/wp\/v2\/product"}],"about":[{"href":"https:\/\/www.csj-emballages.com\/es\/wp-json\/wp\/v2\/types\/product"}],"wp:featuredmedia":[{"embeddable":true,"href":"https:\/\/www.csj-emballages.com\/es\/wp-json\/wp\/v2\/media\/231158"}],"wp:attachment":[{"href":"https:\/\/www.csj-emballages.com\/es\/wp-json\/wp\/v2\/media?parent=18416"}],"wp:term":[{"taxonomy":"product_brand","embeddable":true,"href":"https:\/\/www.csj-emballages.com\/es\/wp-json\/wp\/v2\/product_brand?post=18416"},{"taxonomy":"product_cat","embeddable":true,"href":"https:\/\/www.csj-emballages.com\/es\/wp-json\/wp\/v2\/product_cat?post=18416"},{"taxonomy":"product_tag","embeddable":true,"href":"https:\/\/www.csj-emballages.com\/es\/wp-json\/wp\/v2\/product_tag?post=18416"}],"curies":[{"name":"wp","href":"https:\/\/api.w.org\/{rel}","templated":true}]}}