{"id":18374,"date":"2024-03-01T16:59:37","date_gmt":"2024-03-01T15:59:37","guid":{"rendered":"https:\/\/u15jnbdpoq.preview.infomaniak.website\/produit\/estrasburgo-salchicha-especias-2-kg\/"},"modified":"2026-04-29T02:10:46","modified_gmt":"2026-04-29T00:10:46","slug":"estrasburgo-salchicha-especias-2-kg","status":"publish","type":"product","link":"https:\/\/www.csj-emballages.com\/es\/produit\/estrasburgo-salchicha-especias-2-kg\/","title":{"rendered":"Estrasburgo salchicha especias 1kg"},"content":{"rendered":"<h2 class=\"p1\">Especias salchicha estrasburgo<\/h2>\n<hr>\n<h3>Descripci\u00f3n de nuestras especias para salchichas de Estrasburgo en 1kg<\/h3>\n<p><!--more--><\/p>\n<p class=\"\" data-start=\"246\" data-end=\"536\">Esta <strong>mezcla de especias para salchichas de Estrasburgo<\/strong> ha sido especialmente dise\u00f1ada para responder a las necesidades de las charcuter\u00edas, las empresas de catering y los profesionales de la transformaci\u00f3n alimentaria. En un formato econ\u00f3mico<strong> de 1 kg<\/strong>, permite producir en grandes cantidades manteniendo una calidad constante y controlada. La receta, inspirada en la tradici\u00f3n <strong>alsaciana<\/strong>, combina <strong>especias<\/strong> suaves y arom\u00e1ticas para realzar la carne sin enmascararla. El resultado es un sabor t\u00edpico, a la vez delicado y reconfortante, caracter\u00edstico de las aut\u00e9nticas <strong>salchichas de Estrasburgo<\/strong>.   <\/p>\n<p class=\"\" data-start=\"880\" data-end=\"1173\">Esta mezcla es f\u00e1cil de usar: se incorpora directamente a su pasta de carne durante el picado o la mezcla. Tanto si trabaja en una charcuter\u00eda a peque\u00f1a escala como en una cocina profesional, este producto garantiza una reproducibilidad perfecta en todo momento. <\/p>\n<p class=\"\" data-start=\"1175\" data-end=\"1379\">Envasado en <strong>cubos de 1 kg<\/strong>, es ideal tanto para la producci\u00f3n a peque\u00f1a como a gran escala. Tambi\u00e9n puede utilizarlo para revisar sus recetas de embutidos a\u00f1adi\u00e9ndoles un toque tradicional. <\/p>\n<p data-start=\"1175\" data-end=\"1379\">\n<p data-start=\"1249\" data-end=\"1546\"><!--more--><\/p>\n<p data-start=\"1249\" data-end=\"1546\"><span style=\"font-weight: bold\">Dosificaci\u00f3n:<\/span> 35 g por kg de pasta de carne. A\u00f1adir entre 8 y 12 gramos de sal de nitrito. <\/p>\n<p data-start=\"1249\" data-end=\"1546\">\n<p><!--more--><\/p>\n<div style=\"font-family: Roboto, sans-serif\">\n<p><span style=\"color: #c79600;font-weight: bold\">Composici\u00f3n: <\/span>Az\u00facares (lactosa, dextrosa), prote\u00ednas de leche y soja, especias, estabilizantes (E-450, E-452), aroma (contiene mostaza), antioxidantes (E-316), aroma ahumado, colorante (E-120).<\/p>\n<p>&nbsp;<\/p>\n<\/div>\n<p>&nbsp;<\/p>\n<p><!--more--><\/p>\n<div style=\"font-family: Roboto, sans-serif\">\n<h4>Sus ventajas:<\/h4>\n<ul>\n<li><strong>Mezcla lista para usar<\/strong>: dosificaci\u00f3n profesional.<\/li>\n<li>Sabe igual que las salchichas tradicionales de Estrasburgo.<\/li>\n<li><strong>Econ\u00f3mico<\/strong>: cubo de 1 kg para un uso prolongado.<\/li>\n<li>F\u00e1cil de usar y dosificar.<\/li>\n<\/ul>\n<p>&nbsp;<\/p>\n<\/div>\n<p><!--more--><\/p>\n<div style=\"font-family: Roboto, sans-serif\">\n<h4>Informaci\u00f3n adicional :<\/h4>\n<ul>\n<li><strong>Envasado<\/strong>: Cubo de 1 kg<\/li>\n<li><strong>Tipo<\/strong>: Salchicha de Estrasburgo<\/li>\n<\/ul>\n<p>&nbsp;<\/p>\n<\/div>\n<p><!--more--><\/p>\n<h4>Encuentre aqu\u00ed todas nuestras especias para salchichas:<\/h4>\n<ul>\n<li><span style=\"color: #d12727\"><a style=\"color: #d12727\" href=\"https:\/\/www.csj-emballages.com\/es\/produit\/carne-de-salchicha-con-especias-y-hierbas-5-kg\/\">Especias carne de salchicha con hierbas<\/a><\/span><\/li>\n<li><span style=\"color: #d12727\"><a style=\"color: #d12727\" href=\"https:\/\/www.csj-emballages.com\/es\/produit\/salchichas-frescas-sin-gluten-5-kg\/\">Especias para salchichas campestres (sin gluten)<\/a><\/span><\/li>\n<li><span style=\"color: #d12727\"><a style=\"color: #d12727\" href=\"https:\/\/www.csj-emballages.com\/es\/produit\/especias-salchicha-fresca-sin-gluten-sin-lactosa-5-kg\/\">Especias para salchichas sin gluten \/ sin lactosa<\/a><\/span><\/li>\n<li><span style=\"color: #d12727\"><a style=\"color: #d12727\" href=\"https:\/\/www.csj-emballages.com\/es\/produit\/guindilla-de-espelette-especias-para-salchichas-2-kg\/\">Especias de pimiento de Espelette para salchichas<\/a><\/span><\/li>\n<li><span style=\"color: #d12727\"><a style=\"color: #d12727\" href=\"https:\/\/www.csj-emballages.com\/es\/produit\/salchicha-azul-especias-5-kg\/\">Especias para salchichas azules<\/a><\/span><\/li>\n<\/ul>\n<div style=\"font-family: Roboto, sans-serif\">\n<p>&nbsp;<\/p>\n<\/div>\n<p><!--more--><\/p>\n<div style=\"font-family: Roboto, sans-serif\">\n<p><a href=\"https:\/\/www.csj-emballages.com\/es\/categorie-produit\/alimentacion-es\/especias\/mezcla-de-especias\/merguez-salchichas-chorizos\/\">Ver el resto de nuestra gama de especias para salchichas \/ merguez \/ chorizos<\/a><\/p>\n<\/div>\n","protected":false},"excerpt":{"rendered":"<p>Especias salchicha estrasburgo Descripci\u00f3n de nuestras especias para salchichas de Estrasburgo en 1kg<\/p>\n","protected":false},"featured_media":231466,"template":"","meta":{"_acf_changed":false},"product_brand":[],"product_cat":[1162,1454,1787,1851],"product_tag":[],"class_list":{"0":"post-18374","1":"product","2":"type-product","3":"status-publish","4":"has-post-thumbnail","6":"product_cat-alimentacion-es","7":"product_cat-especias","8":"product_cat-mezcla-de-especias","9":"product_cat-merguez-salchichas-chorizos","11":"first","12":"instock","13":"taxable","14":"shipping-taxable","15":"purchasable","16":"product-type-simple"},"acf":[],"yoast_head":"<!-- This site is optimized with the Yoast SEO Premium plugin v26.6 (Yoast SEO v26.6) - https:\/\/yoast.com\/wordpress\/plugins\/seo\/ -->\n<title>Especias Salchicha de Estrasburgo 1kg<\/title>\n<meta name=\"description\" content=\"Mezcla de especias para salchichas de Estrasburgo en bolsas de 1 kg. Ideal para carniceros, restauradores y profesionales. Sabor tradicional, dosificaci\u00f3n perfecta, f\u00e1cil de usar.\" \/>\n<meta name=\"robots\" content=\"index, follow, max-snippet:-1, max-image-preview:large, max-video-preview:-1\" \/>\n<link rel=\"canonical\" href=\"https:\/\/www.csj-emballages.com\/es\/produit\/estrasburgo-salchicha-especias-2-kg\/\" \/>\n<meta property=\"og:locale\" content=\"es_ES\" \/>\n<meta property=\"og:type\" content=\"article\" \/>\n<meta property=\"og:title\" content=\"Estrasburgo salchicha especias 1kg\" \/>\n<meta property=\"og:description\" content=\"Mezcla de especias para salchichas de Estrasburgo en bolsas de 1 kg. Ideal para carniceros, restauradores y profesionales. Sabor tradicional, dosificaci\u00f3n perfecta, f\u00e1cil de usar.\" \/>\n<meta property=\"og:url\" content=\"https:\/\/www.csj-emballages.com\/es\/produit\/estrasburgo-salchicha-especias-2-kg\/\" \/>\n<meta property=\"og:site_name\" content=\"CSJ Emballages\" \/>\n<meta property=\"article:publisher\" content=\"https:\/\/www.facebook.com\/csjemballages\" \/>\n<meta property=\"article:modified_time\" content=\"2026-04-29T00:10:46+00:00\" \/>\n<meta property=\"og:image\" content=\"https:\/\/www.csj-emballages.com\/wp-content\/uploads\/2024\/03\/Epices-saucisse-strasbourg.webp\" \/>\n\t<meta property=\"og:image:width\" content=\"800\" \/>\n\t<meta property=\"og:image:height\" content=\"800\" \/>\n\t<meta property=\"og:image:type\" content=\"image\/webp\" \/>\n<meta name=\"twitter:card\" content=\"summary_large_image\" \/>\n<meta name=\"twitter:label1\" content=\"Tiempo de lectura\" \/>\n\t<meta name=\"twitter:data1\" content=\"2 minutos\" \/>\n<script type=\"application\/ld+json\" class=\"yoast-schema-graph\">{\"@context\":\"https:\/\/schema.org\",\"@graph\":[{\"@type\":\"WebPage\",\"@id\":\"https:\/\/www.csj-emballages.com\/es\/produit\/estrasburgo-salchicha-especias-2-kg\/\",\"url\":\"https:\/\/www.csj-emballages.com\/es\/produit\/estrasburgo-salchicha-especias-2-kg\/\",\"name\":\"Especias Salchicha de Estrasburgo 1kg\",\"isPartOf\":{\"@id\":\"https:\/\/www.csj-emballages.com\/es\/#website\"},\"primaryImageOfPage\":{\"@id\":\"https:\/\/www.csj-emballages.com\/es\/produit\/estrasburgo-salchicha-especias-2-kg\/#primaryimage\"},\"image\":{\"@id\":\"https:\/\/www.csj-emballages.com\/es\/produit\/estrasburgo-salchicha-especias-2-kg\/#primaryimage\"},\"thumbnailUrl\":\"https:\/\/www.csj-emballages.com\/wp-content\/uploads\/2024\/03\/Epices-saucisse-strasbourg.webp\",\"datePublished\":\"2024-03-01T15:59:37+00:00\",\"dateModified\":\"2026-04-29T00:10:46+00:00\",\"description\":\"Mezcla de especias para salchichas de Estrasburgo en bolsas de 1 kg. Ideal para carniceros, restauradores y profesionales. Sabor tradicional, dosificaci\u00f3n perfecta, f\u00e1cil de usar.\",\"breadcrumb\":{\"@id\":\"https:\/\/www.csj-emballages.com\/es\/produit\/estrasburgo-salchicha-especias-2-kg\/#breadcrumb\"},\"inLanguage\":\"es\",\"potentialAction\":[{\"@type\":\"ReadAction\",\"target\":[\"https:\/\/www.csj-emballages.com\/es\/produit\/estrasburgo-salchicha-especias-2-kg\/\"]}]},{\"@type\":\"ImageObject\",\"inLanguage\":\"es\",\"@id\":\"https:\/\/www.csj-emballages.com\/es\/produit\/estrasburgo-salchicha-especias-2-kg\/#primaryimage\",\"url\":\"https:\/\/www.csj-emballages.com\/wp-content\/uploads\/2024\/03\/Epices-saucisse-strasbourg.webp\",\"contentUrl\":\"https:\/\/www.csj-emballages.com\/wp-content\/uploads\/2024\/03\/Epices-saucisse-strasbourg.webp\",\"width\":800,\"height\":800,\"caption\":\"\u00e9pices saucisse Strasbourg\"},{\"@type\":\"BreadcrumbList\",\"@id\":\"https:\/\/www.csj-emballages.com\/es\/produit\/estrasburgo-salchicha-especias-2-kg\/#breadcrumb\",\"itemListElement\":[{\"@type\":\"ListItem\",\"position\":1,\"name\":\"Accueil\",\"item\":\"https:\/\/www.csj-emballages.com\/es\/universo-del-envasado-alimentario\/\"},{\"@type\":\"ListItem\",\"position\":2,\"name\":\"Tienda\",\"item\":\"https:\/\/www.csj-emballages.com\/tienda\/\"},{\"@type\":\"ListItem\",\"position\":3,\"name\":\"Estrasburgo salchicha especias 1kg\"}]},{\"@type\":\"WebSite\",\"@id\":\"https:\/\/www.csj-emballages.com\/es\/#website\",\"url\":\"https:\/\/www.csj-emballages.com\/es\/\",\"name\":\"CSJ Emballages\",\"description\":\"\",\"publisher\":{\"@id\":\"https:\/\/www.csj-emballages.com\/es\/#organization\"},\"potentialAction\":[{\"@type\":\"SearchAction\",\"target\":{\"@type\":\"EntryPoint\",\"urlTemplate\":\"https:\/\/www.csj-emballages.com\/es\/?s={search_term_string}\"},\"query-input\":{\"@type\":\"PropertyValueSpecification\",\"valueRequired\":true,\"valueName\":\"search_term_string\"}}],\"inLanguage\":\"es\"},{\"@type\":\"Organization\",\"@id\":\"https:\/\/www.csj-emballages.com\/es\/#Organization\/\",\"name\":\"CSJ Emballages\",\"url\":\"https:\/\/www.csj-emballages.com\/es\/\",\"logo\":{\"@type\":\"ImageObject\",\"inLanguage\":\"es\",\"@id\":\"https:\/\/www.csj-emballages.com\/es\/#\/schema\/logo\/image\/\",\"url\":\"https:\/\/www.csj-emballages.com\/wp-content\/uploads\/2023\/10\/logo_csj.webp\",\"contentUrl\":\"https:\/\/www.csj-emballages.com\/wp-content\/uploads\/2023\/10\/logo_csj.webp\",\"width\":250,\"height\":95,\"caption\":\"CSJ Emballages\"},\"image\":{\"@id\":\"https:\/\/www.csj-emballages.com\/es\/#\/schema\/logo\/image\/\"},\"sameAs\":[\"https:\/\/www.facebook.com\/csjemballages\"],\"address\":{\"@type\":\"PostalAddress\",\"streetAddress\":\"ZI La Lechere\",\"addressLocality\":\"Patornay\",\"postalCode\":\"39130\",\"addressCountry\":\"FR\"},\"contactPoint\":[{\"@type\":\"ContactPoint\",\"contactType\":\"Service client\",\"telephone\":\"0384254272\",\"email\":\"contact@csj-emballages.com\"}]}]}<\/script>\n<!-- \/ Yoast SEO Premium plugin. -->","yoast_head_json":{"title":"Especias Salchicha de Estrasburgo 1kg","description":"Mezcla de especias para salchichas de Estrasburgo en bolsas de 1 kg. Ideal para carniceros, restauradores y profesionales. Sabor tradicional, dosificaci\u00f3n perfecta, f\u00e1cil de usar.","robots":{"index":"index","follow":"follow","max-snippet":"max-snippet:-1","max-image-preview":"max-image-preview:large","max-video-preview":"max-video-preview:-1"},"canonical":"https:\/\/www.csj-emballages.com\/es\/produit\/estrasburgo-salchicha-especias-2-kg\/","og_locale":"es_ES","og_type":"article","og_title":"Estrasburgo salchicha especias 1kg","og_description":"Mezcla de especias para salchichas de Estrasburgo en bolsas de 1 kg. Ideal para carniceros, restauradores y profesionales. Sabor tradicional, dosificaci\u00f3n perfecta, f\u00e1cil de usar.","og_url":"https:\/\/www.csj-emballages.com\/es\/produit\/estrasburgo-salchicha-especias-2-kg\/","og_site_name":"CSJ Emballages","article_publisher":"https:\/\/www.facebook.com\/csjemballages","article_modified_time":"2026-04-29T00:10:46+00:00","og_image":[{"width":800,"height":800,"url":"https:\/\/www.csj-emballages.com\/wp-content\/uploads\/2024\/03\/Epices-saucisse-strasbourg.webp","type":"image\/webp"}],"twitter_card":"summary_large_image","twitter_misc":{"Tiempo de lectura":"2 minutos"},"schema":{"@context":"https:\/\/schema.org","@graph":[{"@type":"WebPage","@id":"https:\/\/www.csj-emballages.com\/es\/produit\/estrasburgo-salchicha-especias-2-kg\/","url":"https:\/\/www.csj-emballages.com\/es\/produit\/estrasburgo-salchicha-especias-2-kg\/","name":"Especias Salchicha de Estrasburgo 1kg","isPartOf":{"@id":"https:\/\/www.csj-emballages.com\/es\/#website"},"primaryImageOfPage":{"@id":"https:\/\/www.csj-emballages.com\/es\/produit\/estrasburgo-salchicha-especias-2-kg\/#primaryimage"},"image":{"@id":"https:\/\/www.csj-emballages.com\/es\/produit\/estrasburgo-salchicha-especias-2-kg\/#primaryimage"},"thumbnailUrl":"https:\/\/www.csj-emballages.com\/wp-content\/uploads\/2024\/03\/Epices-saucisse-strasbourg.webp","datePublished":"2024-03-01T15:59:37+00:00","dateModified":"2026-04-29T00:10:46+00:00","description":"Mezcla de especias para salchichas de Estrasburgo en bolsas de 1 kg. Ideal para carniceros, restauradores y profesionales. Sabor tradicional, dosificaci\u00f3n perfecta, f\u00e1cil de usar.","breadcrumb":{"@id":"https:\/\/www.csj-emballages.com\/es\/produit\/estrasburgo-salchicha-especias-2-kg\/#breadcrumb"},"inLanguage":"es","potentialAction":[{"@type":"ReadAction","target":["https:\/\/www.csj-emballages.com\/es\/produit\/estrasburgo-salchicha-especias-2-kg\/"]}]},{"@type":"ImageObject","inLanguage":"es","@id":"https:\/\/www.csj-emballages.com\/es\/produit\/estrasburgo-salchicha-especias-2-kg\/#primaryimage","url":"https:\/\/www.csj-emballages.com\/wp-content\/uploads\/2024\/03\/Epices-saucisse-strasbourg.webp","contentUrl":"https:\/\/www.csj-emballages.com\/wp-content\/uploads\/2024\/03\/Epices-saucisse-strasbourg.webp","width":800,"height":800,"caption":"\u00e9pices saucisse Strasbourg"},{"@type":"BreadcrumbList","@id":"https:\/\/www.csj-emballages.com\/es\/produit\/estrasburgo-salchicha-especias-2-kg\/#breadcrumb","itemListElement":[{"@type":"ListItem","position":1,"name":"Accueil","item":"https:\/\/www.csj-emballages.com\/es\/universo-del-envasado-alimentario\/"},{"@type":"ListItem","position":2,"name":"Tienda","item":"https:\/\/www.csj-emballages.com\/tienda\/"},{"@type":"ListItem","position":3,"name":"Estrasburgo salchicha especias 1kg"}]},{"@type":"WebSite","@id":"https:\/\/www.csj-emballages.com\/es\/#website","url":"https:\/\/www.csj-emballages.com\/es\/","name":"CSJ Emballages","description":"","publisher":{"@id":"https:\/\/www.csj-emballages.com\/es\/#organization"},"potentialAction":[{"@type":"SearchAction","target":{"@type":"EntryPoint","urlTemplate":"https:\/\/www.csj-emballages.com\/es\/?s={search_term_string}"},"query-input":{"@type":"PropertyValueSpecification","valueRequired":true,"valueName":"search_term_string"}}],"inLanguage":"es"},{"@type":"Organization","@id":"https:\/\/www.csj-emballages.com\/es\/#Organization\/","name":"CSJ Emballages","url":"https:\/\/www.csj-emballages.com\/es\/","logo":{"@type":"ImageObject","inLanguage":"es","@id":"https:\/\/www.csj-emballages.com\/es\/#\/schema\/logo\/image\/","url":"https:\/\/www.csj-emballages.com\/wp-content\/uploads\/2023\/10\/logo_csj.webp","contentUrl":"https:\/\/www.csj-emballages.com\/wp-content\/uploads\/2023\/10\/logo_csj.webp","width":250,"height":95,"caption":"CSJ Emballages"},"image":{"@id":"https:\/\/www.csj-emballages.com\/es\/#\/schema\/logo\/image\/"},"sameAs":["https:\/\/www.facebook.com\/csjemballages"],"address":{"@type":"PostalAddress","streetAddress":"ZI La Lechere","addressLocality":"Patornay","postalCode":"39130","addressCountry":"FR"},"contactPoint":[{"@type":"ContactPoint","contactType":"Service client","telephone":"0384254272","email":"contact@csj-emballages.com"}]}]}},"df_price":17.26,"df_sale_price":"","df_regular_price":17.26,"df_image_link":"https:\/\/www.csj-emballages.com\/wp-content\/uploads\/2024\/03\/Epices-saucisse-strasbourg-300x300.webp","tiered_pricing_type":"fixed","tiered_pricing_fixed_rules":[],"tiered_pricing_percentage_rules":[],"tiered_pricing_minimum":1,"tiered_pricing_roles_data":[],"_links":{"self":[{"href":"https:\/\/www.csj-emballages.com\/es\/wp-json\/wp\/v2\/product\/18374","targetHints":{"allow":["GET"]}}],"collection":[{"href":"https:\/\/www.csj-emballages.com\/es\/wp-json\/wp\/v2\/product"}],"about":[{"href":"https:\/\/www.csj-emballages.com\/es\/wp-json\/wp\/v2\/types\/product"}],"wp:featuredmedia":[{"embeddable":true,"href":"https:\/\/www.csj-emballages.com\/es\/wp-json\/wp\/v2\/media\/231466"}],"wp:attachment":[{"href":"https:\/\/www.csj-emballages.com\/es\/wp-json\/wp\/v2\/media?parent=18374"}],"wp:term":[{"taxonomy":"product_brand","embeddable":true,"href":"https:\/\/www.csj-emballages.com\/es\/wp-json\/wp\/v2\/product_brand?post=18374"},{"taxonomy":"product_cat","embeddable":true,"href":"https:\/\/www.csj-emballages.com\/es\/wp-json\/wp\/v2\/product_cat?post=18374"},{"taxonomy":"product_tag","embeddable":true,"href":"https:\/\/www.csj-emballages.com\/es\/wp-json\/wp\/v2\/product_tag?post=18374"}],"curies":[{"name":"wp","href":"https:\/\/api.w.org\/{rel}","templated":true}]}}