{"id":18349,"date":"2024-03-01T16:59:38","date_gmt":"2024-03-01T15:59:38","guid":{"rendered":"https:\/\/u15jnbdpoq.preview.infomaniak.website\/produit\/especias-de-merguez-flambeadas-8-kg\/"},"modified":"2026-04-01T02:10:37","modified_gmt":"2026-04-01T00:10:37","slug":"especias-de-merguez-flambeadas-8-kg","status":"publish","type":"product","link":"https:\/\/www.csj-emballages.com\/es\/produit\/especias-de-merguez-flambeadas-8-kg\/","title":{"rendered":"Merguez flamboyant especias 8kg"},"content":{"rendered":"<h2>Especias de merguez<\/h2>\n<hr>\n<h3>Descripci\u00f3n de nuestras especias merguez flamboyant en 8kg<\/h3>\n<p><!--more--><\/p>\n<p class=\"\" data-start=\"316\" data-end=\"559\">Tanto si es usted carnicero profesional, propietario de un restaurante o amante de las aut\u00e9nticas carnes a la parrilla, esta mezcla <strong>de extravagantes especias merguez<\/strong> es su mejor aliada para elaborar <strong>salchichas merguez<\/strong> caseras que marquen la diferencia tanto en sabor como en <strong>color<\/strong>. Esta <strong>mezcla de especias<\/strong> se ha elaborado cuidadosamente para respetar la tradici\u00f3n y a\u00f1adir un toque \u00fanico.<\/p>\n<p class=\"\" data-start=\"866\" data-end=\"1255\">Dise\u00f1ado para un uso intensivo, el <strong data-start=\"926\" data-end=\"942\">cubo de 8 kg<\/strong> es ideal para profesionales o para producciones artesanales de gran volumen. El <strong>polvo<\/strong> se mezcla perfectamente con sus carnes, garantizando una distribuci\u00f3n homog\u00e9nea de los sabores. El resultado es un sabroso <strong>merguez<\/strong> rojo que no desprende agua al cocinarlo y que atrae al paladar desde el primer bocado.  <\/p>\n<p class=\"\" data-start=\"1257\" data-end=\"1435\">Adem\u00e1s, esta mezcla es adecuada para distintos tipos de carne y puede utilizarse en recetas m\u00e1s originales, como las alb\u00f3ndigas picantes.<\/p>\n<p class=\"\" data-start=\"1437\" data-end=\"1535\">En resumen, se trata de un producto fiable, consistente y sabroso, para un merguez digno de las mejores parrilladas de verano.<\/p>\n<p data-start=\"1249\" data-end=\"1546\"><!--more--><\/p>\n<p data-start=\"1249\" data-end=\"1546\"><span style=\"font-weight: bold\">Dosificaci\u00f3n:<\/span> 75 g por kg de pasta de carne<\/p>\n<p><!--more--><\/p>\n<div style=\"font-family: Roboto, sans-serif\">\n<p><span style=\"color: #c79600;font-weight: bold\">Composici\u00f3n: <\/span>Sal \/ especias y hierbas \/ jarabe de glucosa \/ dextrosa \/ remolacha en polvo E-162 \/ aromas naturales \/ aceite de girasol \/ acetato de sodio E-262 (2,5%) \/ \u00e1cido asc\u00f3rbico E-300 (0,83%).<\/p>\n<\/div>\n<p>&nbsp;<\/p>\n<p><!--more--><\/p>\n<div style=\"font-family: Roboto, sans-serif\">\n<h4>Sus ventajas:<\/h4>\n<ul>\n<li>Una mezcla equilibrada con un sabor potente.<\/li>\n<li>Color flam\u00edgero natural.<\/li>\n<li>Su envase de 8 kg lo hace ideal para los profesionales.<\/li>\n<li>Perfecto para carniceros, empresas de catering y restauradores.<\/li>\n<li>Compatible con varios tipos de carne.<\/li>\n<\/ul>\n<p>&nbsp;<\/p>\n<\/div>\n<p><!--more--><\/p>\n<div style=\"font-family: Roboto, sans-serif\">\n<h4>Informaci\u00f3n adicional :<\/h4>\n<ul>\n<li><strong>Envasado<\/strong>: Cubo de 8 kg<\/li>\n<li><strong>Tipo<\/strong>: Flaming Merguez<\/li>\n<\/ul>\n<p>&nbsp;<\/p>\n<\/div>\n<p><!--more--><\/p>\n<p>Encuentre aqu\u00ed nuestro completo condimento merguez especias : <span style=\"color: #d12727\"><a style=\"color: #d12727\" href=\"https:\/\/www.csj-emballages.com\/es\/produit\/especias-halal-merguez-18-kg\/\">10485<\/a><\/span><\/p>\n<div style=\"font-family: Roboto, sans-serif\">\n<p>&nbsp;<\/p>\n<\/div>\n<p><!--more--><\/p>\n<div style=\"font-family: Roboto, sans-serif\">\n<p><a href=\"https:\/\/www.csj-emballages.com\/es\/categorie-produit\/alimentacion-es\/especias\/mezcla-de-especias\/merguez-salchichas-chorizos\/\">Ver el resto de nuestra gama de especias para salchichas \/ merguez \/ chorizos<\/a><\/p>\n<\/div>\n","protected":false},"excerpt":{"rendered":"<p>Especias de merguez Descripci\u00f3n de nuestras especias merguez flamboyant en 8kg<\/p>\n","protected":false},"featured_media":231395,"template":"","meta":{"_acf_changed":false},"product_brand":[],"product_cat":[1162,1454,1787,1851],"product_tag":[],"class_list":{"0":"post-18349","1":"product","2":"type-product","3":"status-publish","4":"has-post-thumbnail","6":"product_cat-alimentacion-es","7":"product_cat-especias","8":"product_cat-mezcla-de-especias","9":"product_cat-merguez-salchichas-chorizos","11":"first","12":"instock","13":"taxable","14":"shipping-taxable","15":"purchasable","16":"product-type-simple"},"acf":[],"yoast_head":"<!-- This site is optimized with the Yoast SEO Premium plugin v26.6 (Yoast SEO v26.6) - https:\/\/yoast.com\/wordpress\/plugins\/seo\/ -->\n<title>Especias Merguez Flamboyante 8kg<\/title>\n<meta name=\"description\" content=\"Mezcla de especias Merguez flamboyant 8 kg: sabor aut\u00e9ntico, color intenso, ideal para carniceros y restauradores profesionales.\" \/>\n<meta name=\"robots\" content=\"index, follow, max-snippet:-1, max-image-preview:large, max-video-preview:-1\" \/>\n<link rel=\"canonical\" href=\"https:\/\/www.csj-emballages.com\/es\/produit\/especias-de-merguez-flambeadas-8-kg\/\" \/>\n<meta property=\"og:locale\" content=\"es_ES\" \/>\n<meta property=\"og:type\" content=\"article\" \/>\n<meta property=\"og:title\" content=\"Merguez flamboyant especias 8kg\" \/>\n<meta property=\"og:description\" content=\"Mezcla de especias Merguez flamboyant 8 kg: sabor aut\u00e9ntico, color intenso, ideal para carniceros y restauradores profesionales.\" \/>\n<meta property=\"og:url\" content=\"https:\/\/www.csj-emballages.com\/es\/produit\/especias-de-merguez-flambeadas-8-kg\/\" \/>\n<meta property=\"og:site_name\" content=\"CSJ Emballages\" \/>\n<meta property=\"article:publisher\" content=\"https:\/\/www.facebook.com\/csjemballages\" \/>\n<meta property=\"article:modified_time\" content=\"2026-04-01T00:10:37+00:00\" \/>\n<meta property=\"og:image\" content=\"https:\/\/www.csj-emballages.com\/wp-content\/uploads\/2024\/03\/Merguez-flamnboyante-1.webp\" \/>\n\t<meta property=\"og:image:width\" content=\"800\" \/>\n\t<meta property=\"og:image:height\" content=\"800\" \/>\n\t<meta property=\"og:image:type\" content=\"image\/webp\" \/>\n<meta name=\"twitter:card\" content=\"summary_large_image\" \/>\n<meta name=\"twitter:label1\" content=\"Tiempo de lectura\" \/>\n\t<meta name=\"twitter:data1\" content=\"1 minuto\" \/>\n<script type=\"application\/ld+json\" class=\"yoast-schema-graph\">{\"@context\":\"https:\/\/schema.org\",\"@graph\":[{\"@type\":\"WebPage\",\"@id\":\"https:\/\/www.csj-emballages.com\/es\/produit\/especias-de-merguez-flambeadas-8-kg\/\",\"url\":\"https:\/\/www.csj-emballages.com\/es\/produit\/especias-de-merguez-flambeadas-8-kg\/\",\"name\":\"Especias Merguez Flamboyante 8kg\",\"isPartOf\":{\"@id\":\"https:\/\/www.csj-emballages.com\/es\/#website\"},\"primaryImageOfPage\":{\"@id\":\"https:\/\/www.csj-emballages.com\/es\/produit\/especias-de-merguez-flambeadas-8-kg\/#primaryimage\"},\"image\":{\"@id\":\"https:\/\/www.csj-emballages.com\/es\/produit\/especias-de-merguez-flambeadas-8-kg\/#primaryimage\"},\"thumbnailUrl\":\"https:\/\/www.csj-emballages.com\/wp-content\/uploads\/2024\/03\/Merguez-flamnboyante-1.webp\",\"datePublished\":\"2024-03-01T15:59:38+00:00\",\"dateModified\":\"2026-04-01T00:10:37+00:00\",\"description\":\"Mezcla de especias Merguez flamboyant 8 kg: sabor aut\u00e9ntico, color intenso, ideal para carniceros y restauradores profesionales.\",\"breadcrumb\":{\"@id\":\"https:\/\/www.csj-emballages.com\/es\/produit\/especias-de-merguez-flambeadas-8-kg\/#breadcrumb\"},\"inLanguage\":\"es\",\"potentialAction\":[{\"@type\":\"ReadAction\",\"target\":[\"https:\/\/www.csj-emballages.com\/es\/produit\/especias-de-merguez-flambeadas-8-kg\/\"]}]},{\"@type\":\"ImageObject\",\"inLanguage\":\"es\",\"@id\":\"https:\/\/www.csj-emballages.com\/es\/produit\/especias-de-merguez-flambeadas-8-kg\/#primaryimage\",\"url\":\"https:\/\/www.csj-emballages.com\/wp-content\/uploads\/2024\/03\/Merguez-flamnboyante-1.webp\",\"contentUrl\":\"https:\/\/www.csj-emballages.com\/wp-content\/uploads\/2024\/03\/Merguez-flamnboyante-1.webp\",\"width\":800,\"height\":800,\"caption\":\"\u00c9pices merguez flamboyante\"},{\"@type\":\"BreadcrumbList\",\"@id\":\"https:\/\/www.csj-emballages.com\/es\/produit\/especias-de-merguez-flambeadas-8-kg\/#breadcrumb\",\"itemListElement\":[{\"@type\":\"ListItem\",\"position\":1,\"name\":\"Accueil\",\"item\":\"https:\/\/www.csj-emballages.com\/es\/universo-del-envasado-alimentario\/\"},{\"@type\":\"ListItem\",\"position\":2,\"name\":\"Tienda\",\"item\":\"https:\/\/www.csj-emballages.com\/tienda\/\"},{\"@type\":\"ListItem\",\"position\":3,\"name\":\"Merguez flamboyant especias 8kg\"}]},{\"@type\":\"WebSite\",\"@id\":\"https:\/\/www.csj-emballages.com\/es\/#website\",\"url\":\"https:\/\/www.csj-emballages.com\/es\/\",\"name\":\"CSJ Emballages\",\"description\":\"\",\"publisher\":{\"@id\":\"https:\/\/www.csj-emballages.com\/es\/#organization\"},\"potentialAction\":[{\"@type\":\"SearchAction\",\"target\":{\"@type\":\"EntryPoint\",\"urlTemplate\":\"https:\/\/www.csj-emballages.com\/es\/?s={search_term_string}\"},\"query-input\":{\"@type\":\"PropertyValueSpecification\",\"valueRequired\":true,\"valueName\":\"search_term_string\"}}],\"inLanguage\":\"es\"},{\"@type\":\"Organization\",\"@id\":\"https:\/\/www.csj-emballages.com\/es\/#Organization\/\",\"name\":\"CSJ Emballages\",\"url\":\"https:\/\/www.csj-emballages.com\/es\/\",\"logo\":{\"@type\":\"ImageObject\",\"inLanguage\":\"es\",\"@id\":\"https:\/\/www.csj-emballages.com\/es\/#\/schema\/logo\/image\/\",\"url\":\"https:\/\/www.csj-emballages.com\/wp-content\/uploads\/2023\/10\/logo_csj.webp\",\"contentUrl\":\"https:\/\/www.csj-emballages.com\/wp-content\/uploads\/2023\/10\/logo_csj.webp\",\"width\":250,\"height\":95,\"caption\":\"CSJ Emballages\"},\"image\":{\"@id\":\"https:\/\/www.csj-emballages.com\/es\/#\/schema\/logo\/image\/\"},\"sameAs\":[\"https:\/\/www.facebook.com\/csjemballages\"],\"address\":{\"@type\":\"PostalAddress\",\"streetAddress\":\"ZI La Lechere\",\"addressLocality\":\"Patornay\",\"postalCode\":\"39130\",\"addressCountry\":\"FR\"},\"contactPoint\":[{\"@type\":\"ContactPoint\",\"contactType\":\"Service client\",\"telephone\":\"0384254272\",\"email\":\"contact@csj-emballages.com\"}]}]}<\/script>\n<!-- \/ Yoast SEO Premium plugin. -->","yoast_head_json":{"title":"Especias Merguez Flamboyante 8kg","description":"Mezcla de especias Merguez flamboyant 8 kg: sabor aut\u00e9ntico, color intenso, ideal para carniceros y restauradores profesionales.","robots":{"index":"index","follow":"follow","max-snippet":"max-snippet:-1","max-image-preview":"max-image-preview:large","max-video-preview":"max-video-preview:-1"},"canonical":"https:\/\/www.csj-emballages.com\/es\/produit\/especias-de-merguez-flambeadas-8-kg\/","og_locale":"es_ES","og_type":"article","og_title":"Merguez flamboyant especias 8kg","og_description":"Mezcla de especias Merguez flamboyant 8 kg: sabor aut\u00e9ntico, color intenso, ideal para carniceros y restauradores profesionales.","og_url":"https:\/\/www.csj-emballages.com\/es\/produit\/especias-de-merguez-flambeadas-8-kg\/","og_site_name":"CSJ Emballages","article_publisher":"https:\/\/www.facebook.com\/csjemballages","article_modified_time":"2026-04-01T00:10:37+00:00","og_image":[{"width":800,"height":800,"url":"https:\/\/www.csj-emballages.com\/wp-content\/uploads\/2024\/03\/Merguez-flamnboyante-1.webp","type":"image\/webp"}],"twitter_card":"summary_large_image","twitter_misc":{"Tiempo de lectura":"1 minuto"},"schema":{"@context":"https:\/\/schema.org","@graph":[{"@type":"WebPage","@id":"https:\/\/www.csj-emballages.com\/es\/produit\/especias-de-merguez-flambeadas-8-kg\/","url":"https:\/\/www.csj-emballages.com\/es\/produit\/especias-de-merguez-flambeadas-8-kg\/","name":"Especias Merguez Flamboyante 8kg","isPartOf":{"@id":"https:\/\/www.csj-emballages.com\/es\/#website"},"primaryImageOfPage":{"@id":"https:\/\/www.csj-emballages.com\/es\/produit\/especias-de-merguez-flambeadas-8-kg\/#primaryimage"},"image":{"@id":"https:\/\/www.csj-emballages.com\/es\/produit\/especias-de-merguez-flambeadas-8-kg\/#primaryimage"},"thumbnailUrl":"https:\/\/www.csj-emballages.com\/wp-content\/uploads\/2024\/03\/Merguez-flamnboyante-1.webp","datePublished":"2024-03-01T15:59:38+00:00","dateModified":"2026-04-01T00:10:37+00:00","description":"Mezcla de especias Merguez flamboyant 8 kg: sabor aut\u00e9ntico, color intenso, ideal para carniceros y restauradores profesionales.","breadcrumb":{"@id":"https:\/\/www.csj-emballages.com\/es\/produit\/especias-de-merguez-flambeadas-8-kg\/#breadcrumb"},"inLanguage":"es","potentialAction":[{"@type":"ReadAction","target":["https:\/\/www.csj-emballages.com\/es\/produit\/especias-de-merguez-flambeadas-8-kg\/"]}]},{"@type":"ImageObject","inLanguage":"es","@id":"https:\/\/www.csj-emballages.com\/es\/produit\/especias-de-merguez-flambeadas-8-kg\/#primaryimage","url":"https:\/\/www.csj-emballages.com\/wp-content\/uploads\/2024\/03\/Merguez-flamnboyante-1.webp","contentUrl":"https:\/\/www.csj-emballages.com\/wp-content\/uploads\/2024\/03\/Merguez-flamnboyante-1.webp","width":800,"height":800,"caption":"\u00c9pices merguez flamboyante"},{"@type":"BreadcrumbList","@id":"https:\/\/www.csj-emballages.com\/es\/produit\/especias-de-merguez-flambeadas-8-kg\/#breadcrumb","itemListElement":[{"@type":"ListItem","position":1,"name":"Accueil","item":"https:\/\/www.csj-emballages.com\/es\/universo-del-envasado-alimentario\/"},{"@type":"ListItem","position":2,"name":"Tienda","item":"https:\/\/www.csj-emballages.com\/tienda\/"},{"@type":"ListItem","position":3,"name":"Merguez flamboyant especias 8kg"}]},{"@type":"WebSite","@id":"https:\/\/www.csj-emballages.com\/es\/#website","url":"https:\/\/www.csj-emballages.com\/es\/","name":"CSJ Emballages","description":"","publisher":{"@id":"https:\/\/www.csj-emballages.com\/es\/#organization"},"potentialAction":[{"@type":"SearchAction","target":{"@type":"EntryPoint","urlTemplate":"https:\/\/www.csj-emballages.com\/es\/?s={search_term_string}"},"query-input":{"@type":"PropertyValueSpecification","valueRequired":true,"valueName":"search_term_string"}}],"inLanguage":"es"},{"@type":"Organization","@id":"https:\/\/www.csj-emballages.com\/es\/#Organization\/","name":"CSJ Emballages","url":"https:\/\/www.csj-emballages.com\/es\/","logo":{"@type":"ImageObject","inLanguage":"es","@id":"https:\/\/www.csj-emballages.com\/es\/#\/schema\/logo\/image\/","url":"https:\/\/www.csj-emballages.com\/wp-content\/uploads\/2023\/10\/logo_csj.webp","contentUrl":"https:\/\/www.csj-emballages.com\/wp-content\/uploads\/2023\/10\/logo_csj.webp","width":250,"height":95,"caption":"CSJ Emballages"},"image":{"@id":"https:\/\/www.csj-emballages.com\/es\/#\/schema\/logo\/image\/"},"sameAs":["https:\/\/www.facebook.com\/csjemballages"],"address":{"@type":"PostalAddress","streetAddress":"ZI La Lechere","addressLocality":"Patornay","postalCode":"39130","addressCountry":"FR"},"contactPoint":[{"@type":"ContactPoint","contactType":"Service client","telephone":"0384254272","email":"contact@csj-emballages.com"}]}]}},"df_price":59.95,"df_sale_price":"","df_regular_price":59.95,"df_image_link":"https:\/\/www.csj-emballages.com\/wp-content\/uploads\/2024\/03\/Merguez-flamnboyante-1-300x300.webp","tiered_pricing_type":"fixed","tiered_pricing_fixed_rules":[],"tiered_pricing_percentage_rules":[],"tiered_pricing_minimum":1,"tiered_pricing_roles_data":[],"_links":{"self":[{"href":"https:\/\/www.csj-emballages.com\/es\/wp-json\/wp\/v2\/product\/18349","targetHints":{"allow":["GET"]}}],"collection":[{"href":"https:\/\/www.csj-emballages.com\/es\/wp-json\/wp\/v2\/product"}],"about":[{"href":"https:\/\/www.csj-emballages.com\/es\/wp-json\/wp\/v2\/types\/product"}],"wp:featuredmedia":[{"embeddable":true,"href":"https:\/\/www.csj-emballages.com\/es\/wp-json\/wp\/v2\/media\/231395"}],"wp:attachment":[{"href":"https:\/\/www.csj-emballages.com\/es\/wp-json\/wp\/v2\/media?parent=18349"}],"wp:term":[{"taxonomy":"product_brand","embeddable":true,"href":"https:\/\/www.csj-emballages.com\/es\/wp-json\/wp\/v2\/product_brand?post=18349"},{"taxonomy":"product_cat","embeddable":true,"href":"https:\/\/www.csj-emballages.com\/es\/wp-json\/wp\/v2\/product_cat?post=18349"},{"taxonomy":"product_tag","embeddable":true,"href":"https:\/\/www.csj-emballages.com\/es\/wp-json\/wp\/v2\/product_tag?post=18349"}],"curies":[{"name":"wp","href":"https:\/\/api.w.org\/{rel}","templated":true}]}}