{"id":18346,"date":"2024-03-01T16:59:39","date_gmt":"2024-03-01T15:59:39","guid":{"rendered":"https:\/\/u15jnbdpoq.preview.infomaniak.website\/produit\/carne-de-salchicha-con-especias-y-hierbas-5-kg\/"},"modified":"2026-03-13T02:10:20","modified_gmt":"2026-03-13T01:10:20","slug":"carne-de-salchicha-con-especias-y-hierbas-5-kg","status":"publish","type":"product","link":"https:\/\/www.csj-emballages.com\/es\/produit\/carne-de-salchicha-con-especias-y-hierbas-5-kg\/","title":{"rendered":"Carne de salchicha de especias con hierbas 5kg"},"content":{"rendered":"<h2>Especias carne de salchicha con hierbas<\/h2>\n<hr>\n<h3>Descripci\u00f3n de nuestra salchicha de carne picante con hierbas 5kg<\/h3>\n<p><!--more--><\/p>\n<p class=\"\" data-start=\"317\" data-end=\"681\">A\u00f1ada car\u00e1cter a sus preparaciones caseras con nuestra <strong>mezcla de especias<\/strong> especialmente dise\u00f1ada para <strong>embutidos de carne con hierbas<\/strong>. Desarrollada para carniceros y restauradores profesionales, pero tambi\u00e9n para aficionados a la cocina casera, esta <strong>mezcla<\/strong> bien equilibrada realza perfectamente el sabor de la carne sin enmascarar su sabor. <\/p>\n<p class=\"\" data-start=\"683\" data-end=\"1056\">Elaborada con un <strong>surtido de hierbas arom\u00e1ticas<\/strong>, especias suaves y aromas naturales, le proporciona ese sabor aut\u00e9ntico y fragante que recuerda a las recetas locales. Tanto si prepara salchichas para asarlas, fre\u00edrlas en la sart\u00e9n o a\u00f1adirlas a platos precocinados, esta mezcla le garantiza unos resultados siempre sabrosos. <\/p>\n<p class=\"\" data-start=\"1058\" data-end=\"1370\">F\u00e1cil de dosificar y mezclar con la <strong>carne de sus salchichas<\/strong>, le ahorrar\u00e1 tiempo y le proporcionar\u00e1 la calidad profesional que esperan sus clientes e invitados. Adem\u00e1s, esta mezcla no contiene colorantes ni conservantes artificiales, para una cocina m\u00e1s sana y natural. <\/p>\n<p class=\"\" data-start=\"1372\" data-end=\"1553\">Ideal para elaborar <strong>salchichas<\/strong> caseras frescas con un toque herb\u00e1ceo, este producto es para todo aquel que desee realzar sus preparaciones sin enga\u00f1ar al sabor.<\/p>\n<p data-start=\"1249\" data-end=\"1546\"><!--more--><\/p>\n<p data-start=\"1249\" data-end=\"1546\"><span style=\"font-weight: bold\">Dosificaci\u00f3n:<\/span> 40 g por kg de carne<\/p>\n<p><!--more--><\/p>\n<div style=\"font-family: Roboto, sans-serif\">\n<p><span style=\"color: #c79600;font-weight: bold\">Composici\u00f3n:<\/span> Sal \/ jarabe de glucosa \/ especias \/ az\u00facares (dextrosa, sacarosa) \/ acetato de sodio E-262 (2,2% expresado en \u00e1cido l\u00e1ctico) \/ aroma \/ isoascorbato de sodio E-316 (1,2%) \/ \u00e1cido c\u00edtrico E-330 (1,2%) \/ ascorbato de sodio E-301 (0,5%) \/ nitrito de potasio E-252 (0,35%) Al\u00e9rgenos contenidos en la referencia: Ninguno<\/p>\n<\/div>\n<p>&nbsp;<\/p>\n<p><!--more--><\/p>\n<div style=\"font-family: Roboto, sans-serif\">\n<h4>Sus ventajas:<\/h4>\n<ul>\n<li>Una mezcla equilibrada para un aut\u00e9ntico sabor herbal.<\/li>\n<li>Adecuado tanto para cocineros profesionales como aficionados.<\/li>\n<li>Sin colorantes ni conservantes.<\/li>\n<li>F\u00e1cil de usar y dosificar.<\/li>\n<li>Compatible con todo tipo de carne picada.<\/li>\n<\/ul>\n<p>&nbsp;<\/p>\n<\/div>\n<p><!--more--><\/p>\n<div style=\"font-family: Roboto, sans-serif\">\n<h4>Informaci\u00f3n adicional :<\/h4>\n<ul>\n<li><strong>Envasado<\/strong>: Cubo de 5 kg<\/li>\n<li><strong>Tipo<\/strong>: Salchicha de carne con hierbas<\/li>\n<\/ul>\n<p>&nbsp;<\/p>\n<\/div>\n<p><!--more--><\/p>\n<h4>Encuentre aqu\u00ed todas nuestras especias para salchichas:<\/h4>\n<ul>\n<li><span style=\"color: #d12727\"><a style=\"color: #d12727\" href=\"https:\/\/www.csj-emballages.com\/es\/produit\/salchichas-frescas-sin-gluten-5-kg\/\">Especias para salchichas campestres (sin gluten)<\/a><\/span><\/li>\n<li><span style=\"color: #d12727\"><a style=\"color: #d12727\" href=\"https:\/\/www.csj-emballages.com\/en\/produit\/spices-gluten-free-lactose-free-fresh-sausage-5-kg\/\">Especias para salchichas sin gluten \/ sin lactosa<\/a><\/span><\/li>\n<li><span style=\"color: #d12727\"><a style=\"color: #d12727\" href=\"https:\/\/www.csj-emballages.com\/en\/produit\/espelette-pepper-sausage-spices-2-kg\/\">Especias de pimiento de Espelette para salchichas<\/a><\/span><\/li>\n<li><span style=\"color: #d12727\"><a style=\"color: #d12727\" href=\"https:\/\/www.csj-emballages.com\/produit\/epices-saucisse-francfort-2-kg\/\">Especias salchicha estrasburgo<\/a><\/span><\/li>\n<li><span style=\"color: #d12727\"><a style=\"color: #d12727\" href=\"https:\/\/www.csj-emballages.com\/en\/produit\/blue-sausage-spices-5-kg\/\">Especias para salchichas azules<\/a><\/span><\/li>\n<\/ul>\n<div style=\"font-family: Roboto, sans-serif\">\n<p>&nbsp;<\/p>\n<\/div>\n<p><!--more--><\/p>\n<div style=\"font-family: Roboto, sans-serif\">\n<p><a href=\"https:\/\/www.csj-emballages.com\/es\/categorie-produit\/alimentacion-es\/especias\/mezcla-de-especias\/merguez-salchichas-chorizos\/\">Ver el resto de nuestra gama de especias para salchichas \/ merguez \/ chorizos<\/a><\/p>\n<\/div>\n","protected":false},"excerpt":{"rendered":"<p>Especias carne de salchicha con hierbas Descripci\u00f3n de nuestra salchicha de carne picante con hierbas 5kg<\/p>\n","protected":false},"featured_media":231403,"template":"","meta":{"_acf_changed":false},"product_brand":[],"product_cat":[1162,1454,1787,1851],"product_tag":[],"class_list":{"0":"post-18346","1":"product","2":"type-product","3":"status-publish","4":"has-post-thumbnail","6":"product_cat-alimentacion-es","7":"product_cat-especias","8":"product_cat-mezcla-de-especias","9":"product_cat-merguez-salchichas-chorizos","11":"first","12":"instock","13":"taxable","14":"shipping-taxable","15":"purchasable","16":"product-type-simple"},"acf":[],"yoast_head":"<!-- This site is optimized with the Yoast SEO Premium plugin v26.6 (Yoast SEO v26.6) - https:\/\/yoast.com\/wordpress\/plugins\/seo\/ -->\n<title>Especias Salchicha de carne con hierbas 5kg<\/title>\n<meta name=\"description\" content=\"Mezcla de especias para embutidos de carne con hierbas: realce sus preparaciones caseras o profesionales con sabores naturales y un gusto aut\u00e9ntico.\" \/>\n<meta name=\"robots\" content=\"index, follow, max-snippet:-1, max-image-preview:large, max-video-preview:-1\" \/>\n<link rel=\"canonical\" href=\"https:\/\/www.csj-emballages.com\/es\/produit\/carne-de-salchicha-con-especias-y-hierbas-5-kg\/\" \/>\n<meta property=\"og:locale\" content=\"es_ES\" \/>\n<meta property=\"og:type\" content=\"article\" \/>\n<meta property=\"og:title\" content=\"Carne de salchicha de especias con hierbas 5kg\" \/>\n<meta property=\"og:description\" content=\"Mezcla de especias para embutidos de carne con hierbas: realce sus preparaciones caseras o profesionales con sabores naturales y un gusto aut\u00e9ntico.\" \/>\n<meta property=\"og:url\" content=\"https:\/\/www.csj-emballages.com\/es\/produit\/carne-de-salchicha-con-especias-y-hierbas-5-kg\/\" \/>\n<meta property=\"og:site_name\" content=\"CSJ Emballages\" \/>\n<meta property=\"article:publisher\" content=\"https:\/\/www.facebook.com\/csjemballages\" \/>\n<meta property=\"article:modified_time\" content=\"2026-03-13T01:10:20+00:00\" \/>\n<meta property=\"og:image\" content=\"https:\/\/www.csj-emballages.com\/wp-content\/uploads\/2024\/03\/Epices-saucisse-chair-aux-herbes.webp\" \/>\n\t<meta property=\"og:image:width\" content=\"800\" \/>\n\t<meta property=\"og:image:height\" content=\"800\" \/>\n\t<meta property=\"og:image:type\" content=\"image\/webp\" \/>\n<meta name=\"twitter:card\" content=\"summary_large_image\" \/>\n<meta name=\"twitter:label1\" content=\"Tiempo de lectura\" \/>\n\t<meta name=\"twitter:data1\" content=\"2 minutos\" \/>\n<script type=\"application\/ld+json\" class=\"yoast-schema-graph\">{\"@context\":\"https:\/\/schema.org\",\"@graph\":[{\"@type\":\"WebPage\",\"@id\":\"https:\/\/www.csj-emballages.com\/es\/produit\/carne-de-salchicha-con-especias-y-hierbas-5-kg\/\",\"url\":\"https:\/\/www.csj-emballages.com\/es\/produit\/carne-de-salchicha-con-especias-y-hierbas-5-kg\/\",\"name\":\"Especias Salchicha de carne con hierbas 5kg\",\"isPartOf\":{\"@id\":\"https:\/\/www.csj-emballages.com\/es\/#website\"},\"primaryImageOfPage\":{\"@id\":\"https:\/\/www.csj-emballages.com\/es\/produit\/carne-de-salchicha-con-especias-y-hierbas-5-kg\/#primaryimage\"},\"image\":{\"@id\":\"https:\/\/www.csj-emballages.com\/es\/produit\/carne-de-salchicha-con-especias-y-hierbas-5-kg\/#primaryimage\"},\"thumbnailUrl\":\"https:\/\/www.csj-emballages.com\/wp-content\/uploads\/2024\/03\/Epices-saucisse-chair-aux-herbes.webp\",\"datePublished\":\"2024-03-01T15:59:39+00:00\",\"dateModified\":\"2026-03-13T01:10:20+00:00\",\"description\":\"Mezcla de especias para embutidos de carne con hierbas: realce sus preparaciones caseras o profesionales con sabores naturales y un gusto aut\u00e9ntico.\",\"breadcrumb\":{\"@id\":\"https:\/\/www.csj-emballages.com\/es\/produit\/carne-de-salchicha-con-especias-y-hierbas-5-kg\/#breadcrumb\"},\"inLanguage\":\"es\",\"potentialAction\":[{\"@type\":\"ReadAction\",\"target\":[\"https:\/\/www.csj-emballages.com\/es\/produit\/carne-de-salchicha-con-especias-y-hierbas-5-kg\/\"]}]},{\"@type\":\"ImageObject\",\"inLanguage\":\"es\",\"@id\":\"https:\/\/www.csj-emballages.com\/es\/produit\/carne-de-salchicha-con-especias-y-hierbas-5-kg\/#primaryimage\",\"url\":\"https:\/\/www.csj-emballages.com\/wp-content\/uploads\/2024\/03\/Epices-saucisse-chair-aux-herbes.webp\",\"contentUrl\":\"https:\/\/www.csj-emballages.com\/wp-content\/uploads\/2024\/03\/Epices-saucisse-chair-aux-herbes.webp\",\"width\":800,\"height\":800,\"caption\":\"\u00c9pices saucisse chair aux herbes\"},{\"@type\":\"BreadcrumbList\",\"@id\":\"https:\/\/www.csj-emballages.com\/es\/produit\/carne-de-salchicha-con-especias-y-hierbas-5-kg\/#breadcrumb\",\"itemListElement\":[{\"@type\":\"ListItem\",\"position\":1,\"name\":\"Accueil\",\"item\":\"https:\/\/www.csj-emballages.com\/es\/universo-del-envasado-alimentario\/\"},{\"@type\":\"ListItem\",\"position\":2,\"name\":\"Tienda\",\"item\":\"https:\/\/www.csj-emballages.com\/tienda\/\"},{\"@type\":\"ListItem\",\"position\":3,\"name\":\"Carne de salchicha de especias con hierbas 5kg\"}]},{\"@type\":\"WebSite\",\"@id\":\"https:\/\/www.csj-emballages.com\/es\/#website\",\"url\":\"https:\/\/www.csj-emballages.com\/es\/\",\"name\":\"CSJ Emballages\",\"description\":\"\",\"publisher\":{\"@id\":\"https:\/\/www.csj-emballages.com\/es\/#organization\"},\"potentialAction\":[{\"@type\":\"SearchAction\",\"target\":{\"@type\":\"EntryPoint\",\"urlTemplate\":\"https:\/\/www.csj-emballages.com\/es\/?s={search_term_string}\"},\"query-input\":{\"@type\":\"PropertyValueSpecification\",\"valueRequired\":true,\"valueName\":\"search_term_string\"}}],\"inLanguage\":\"es\"},{\"@type\":\"Organization\",\"@id\":\"https:\/\/www.csj-emballages.com\/es\/#Organization\/\",\"name\":\"CSJ Emballages\",\"url\":\"https:\/\/www.csj-emballages.com\/es\/\",\"logo\":{\"@type\":\"ImageObject\",\"inLanguage\":\"es\",\"@id\":\"https:\/\/www.csj-emballages.com\/es\/#\/schema\/logo\/image\/\",\"url\":\"https:\/\/www.csj-emballages.com\/wp-content\/uploads\/2023\/10\/logo_csj.webp\",\"contentUrl\":\"https:\/\/www.csj-emballages.com\/wp-content\/uploads\/2023\/10\/logo_csj.webp\",\"width\":250,\"height\":95,\"caption\":\"CSJ Emballages\"},\"image\":{\"@id\":\"https:\/\/www.csj-emballages.com\/es\/#\/schema\/logo\/image\/\"},\"sameAs\":[\"https:\/\/www.facebook.com\/csjemballages\"],\"address\":{\"@type\":\"PostalAddress\",\"streetAddress\":\"ZI La Lechere\",\"addressLocality\":\"Patornay\",\"postalCode\":\"39130\",\"addressCountry\":\"FR\"},\"contactPoint\":[{\"@type\":\"ContactPoint\",\"contactType\":\"Service client\",\"telephone\":\"0384254272\",\"email\":\"contact@csj-emballages.com\"}]}]}<\/script>\n<!-- \/ Yoast SEO Premium plugin. -->","yoast_head_json":{"title":"Especias Salchicha de carne con hierbas 5kg","description":"Mezcla de especias para embutidos de carne con hierbas: realce sus preparaciones caseras o profesionales con sabores naturales y un gusto aut\u00e9ntico.","robots":{"index":"index","follow":"follow","max-snippet":"max-snippet:-1","max-image-preview":"max-image-preview:large","max-video-preview":"max-video-preview:-1"},"canonical":"https:\/\/www.csj-emballages.com\/es\/produit\/carne-de-salchicha-con-especias-y-hierbas-5-kg\/","og_locale":"es_ES","og_type":"article","og_title":"Carne de salchicha de especias con hierbas 5kg","og_description":"Mezcla de especias para embutidos de carne con hierbas: realce sus preparaciones caseras o profesionales con sabores naturales y un gusto aut\u00e9ntico.","og_url":"https:\/\/www.csj-emballages.com\/es\/produit\/carne-de-salchicha-con-especias-y-hierbas-5-kg\/","og_site_name":"CSJ Emballages","article_publisher":"https:\/\/www.facebook.com\/csjemballages","article_modified_time":"2026-03-13T01:10:20+00:00","og_image":[{"width":800,"height":800,"url":"https:\/\/www.csj-emballages.com\/wp-content\/uploads\/2024\/03\/Epices-saucisse-chair-aux-herbes.webp","type":"image\/webp"}],"twitter_card":"summary_large_image","twitter_misc":{"Tiempo de lectura":"2 minutos"},"schema":{"@context":"https:\/\/schema.org","@graph":[{"@type":"WebPage","@id":"https:\/\/www.csj-emballages.com\/es\/produit\/carne-de-salchicha-con-especias-y-hierbas-5-kg\/","url":"https:\/\/www.csj-emballages.com\/es\/produit\/carne-de-salchicha-con-especias-y-hierbas-5-kg\/","name":"Especias Salchicha de carne con hierbas 5kg","isPartOf":{"@id":"https:\/\/www.csj-emballages.com\/es\/#website"},"primaryImageOfPage":{"@id":"https:\/\/www.csj-emballages.com\/es\/produit\/carne-de-salchicha-con-especias-y-hierbas-5-kg\/#primaryimage"},"image":{"@id":"https:\/\/www.csj-emballages.com\/es\/produit\/carne-de-salchicha-con-especias-y-hierbas-5-kg\/#primaryimage"},"thumbnailUrl":"https:\/\/www.csj-emballages.com\/wp-content\/uploads\/2024\/03\/Epices-saucisse-chair-aux-herbes.webp","datePublished":"2024-03-01T15:59:39+00:00","dateModified":"2026-03-13T01:10:20+00:00","description":"Mezcla de especias para embutidos de carne con hierbas: realce sus preparaciones caseras o profesionales con sabores naturales y un gusto aut\u00e9ntico.","breadcrumb":{"@id":"https:\/\/www.csj-emballages.com\/es\/produit\/carne-de-salchicha-con-especias-y-hierbas-5-kg\/#breadcrumb"},"inLanguage":"es","potentialAction":[{"@type":"ReadAction","target":["https:\/\/www.csj-emballages.com\/es\/produit\/carne-de-salchicha-con-especias-y-hierbas-5-kg\/"]}]},{"@type":"ImageObject","inLanguage":"es","@id":"https:\/\/www.csj-emballages.com\/es\/produit\/carne-de-salchicha-con-especias-y-hierbas-5-kg\/#primaryimage","url":"https:\/\/www.csj-emballages.com\/wp-content\/uploads\/2024\/03\/Epices-saucisse-chair-aux-herbes.webp","contentUrl":"https:\/\/www.csj-emballages.com\/wp-content\/uploads\/2024\/03\/Epices-saucisse-chair-aux-herbes.webp","width":800,"height":800,"caption":"\u00c9pices saucisse chair aux herbes"},{"@type":"BreadcrumbList","@id":"https:\/\/www.csj-emballages.com\/es\/produit\/carne-de-salchicha-con-especias-y-hierbas-5-kg\/#breadcrumb","itemListElement":[{"@type":"ListItem","position":1,"name":"Accueil","item":"https:\/\/www.csj-emballages.com\/es\/universo-del-envasado-alimentario\/"},{"@type":"ListItem","position":2,"name":"Tienda","item":"https:\/\/www.csj-emballages.com\/tienda\/"},{"@type":"ListItem","position":3,"name":"Carne de salchicha de especias con hierbas 5kg"}]},{"@type":"WebSite","@id":"https:\/\/www.csj-emballages.com\/es\/#website","url":"https:\/\/www.csj-emballages.com\/es\/","name":"CSJ Emballages","description":"","publisher":{"@id":"https:\/\/www.csj-emballages.com\/es\/#organization"},"potentialAction":[{"@type":"SearchAction","target":{"@type":"EntryPoint","urlTemplate":"https:\/\/www.csj-emballages.com\/es\/?s={search_term_string}"},"query-input":{"@type":"PropertyValueSpecification","valueRequired":true,"valueName":"search_term_string"}}],"inLanguage":"es"},{"@type":"Organization","@id":"https:\/\/www.csj-emballages.com\/es\/#Organization\/","name":"CSJ Emballages","url":"https:\/\/www.csj-emballages.com\/es\/","logo":{"@type":"ImageObject","inLanguage":"es","@id":"https:\/\/www.csj-emballages.com\/es\/#\/schema\/logo\/image\/","url":"https:\/\/www.csj-emballages.com\/wp-content\/uploads\/2023\/10\/logo_csj.webp","contentUrl":"https:\/\/www.csj-emballages.com\/wp-content\/uploads\/2023\/10\/logo_csj.webp","width":250,"height":95,"caption":"CSJ Emballages"},"image":{"@id":"https:\/\/www.csj-emballages.com\/es\/#\/schema\/logo\/image\/"},"sameAs":["https:\/\/www.facebook.com\/csjemballages"],"address":{"@type":"PostalAddress","streetAddress":"ZI La Lechere","addressLocality":"Patornay","postalCode":"39130","addressCountry":"FR"},"contactPoint":[{"@type":"ContactPoint","contactType":"Service client","telephone":"0384254272","email":"contact@csj-emballages.com"}]}]}},"df_price":34.34,"df_sale_price":"","df_regular_price":34.34,"df_image_link":"https:\/\/www.csj-emballages.com\/wp-content\/uploads\/2024\/03\/Epices-saucisse-chair-aux-herbes-300x300.webp","tiered_pricing_type":"fixed","tiered_pricing_fixed_rules":[],"tiered_pricing_percentage_rules":[],"tiered_pricing_minimum":1,"tiered_pricing_roles_data":[],"_links":{"self":[{"href":"https:\/\/www.csj-emballages.com\/es\/wp-json\/wp\/v2\/product\/18346","targetHints":{"allow":["GET"]}}],"collection":[{"href":"https:\/\/www.csj-emballages.com\/es\/wp-json\/wp\/v2\/product"}],"about":[{"href":"https:\/\/www.csj-emballages.com\/es\/wp-json\/wp\/v2\/types\/product"}],"wp:featuredmedia":[{"embeddable":true,"href":"https:\/\/www.csj-emballages.com\/es\/wp-json\/wp\/v2\/media\/231403"}],"wp:attachment":[{"href":"https:\/\/www.csj-emballages.com\/es\/wp-json\/wp\/v2\/media?parent=18346"}],"wp:term":[{"taxonomy":"product_brand","embeddable":true,"href":"https:\/\/www.csj-emballages.com\/es\/wp-json\/wp\/v2\/product_brand?post=18346"},{"taxonomy":"product_cat","embeddable":true,"href":"https:\/\/www.csj-emballages.com\/es\/wp-json\/wp\/v2\/product_cat?post=18346"},{"taxonomy":"product_tag","embeddable":true,"href":"https:\/\/www.csj-emballages.com\/es\/wp-json\/wp\/v2\/product_tag?post=18346"}],"curies":[{"name":"wp","href":"https:\/\/api.w.org\/{rel}","templated":true}]}}