{"id":18326,"date":"2024-03-01T16:59:38","date_gmt":"2024-03-01T15:59:38","guid":{"rendered":"https:\/\/u15jnbdpoq.preview.infomaniak.website\/produit\/guindilla-de-espelette-especias-para-salchichas-2-kg\/"},"modified":"2026-03-12T16:02:44","modified_gmt":"2026-03-12T15:02:44","slug":"guindilla-de-espelette-especias-para-salchichas-2-kg","status":"publish","type":"product","link":"https:\/\/www.csj-emballages.com\/es\/produit\/guindilla-de-espelette-especias-para-salchichas-2-kg\/","title":{"rendered":"Pimiento de Espelette especias para salchichas 2kg"},"content":{"rendered":"<h2 class=\"p1\">Especias de pimiento de Espelette para salchichas<\/h2>\n<hr>\n<h3>Descripci\u00f3n de nuestra salchicha de pimiento de Espelette 2kg<\/h3>\n<p><!--more--><\/p>\n<p class=\"\" data-start=\"262\" data-end=\"542\">\u00bfQuiere a\u00f1adir car\u00e1cter a sus <strong>salchichas<\/strong> caseras o a sus recetas tradicionales? Esta <strong>mezcla de espe<\/strong> cias <strong data-start=\"381\" data-end=\"415\">para salchichas con pimiento de<\/strong> Espelette, envasada en <strong>cubos de 2 kg<\/strong>, est\u00e1 pensada para carniceros, restauradores y entendidos en busca de autenticidad. Elaborada a partir de ingredientes de calidad, esta mezcla contiene la intensidad delicadamente afrutada del aut\u00e9ntico<strong> pimiento de Esp<\/strong>elette, equilibrada con otras <strong>especias<\/strong> cuidadosamente dosificadas para resaltar lo mejor de sus carnes sin enmascarar su sabor. El molido es fino, uniforme y perfecto para distribuir uniformemente la mezcla. El resultado es un producto consistente, estable y, sobre todo, sabroso.    <\/p>\n<p class=\"\" data-start=\"943\" data-end=\"1327\">Todo lo que tiene que hacer es seguir la dosis recomendada para obtener una <strong>salchicha<\/strong> bien condimentada que no sea ni demasiado fuerte ni demasiado sosa, y que con toda seguridad gustar\u00e1 al mayor n\u00famero de personas posible. Tanto si asa <strong>las salchichas<\/strong> como si <strong>las<\/strong> cocina, el resultado es un aut\u00e9ntico toque del suroeste en cada bocado. <\/p>\n<p class=\"\" data-start=\"1329\" data-end=\"1516\">No es un producto picante en el sentido estricto de la palabra, pero tiene un fuerte car\u00e1cter. <strong>El piment d&#8217;Espelette<\/strong> aporta m\u00e1s sabor que calor. Pru\u00e9belo en sus merguez, pat\u00e9s o adobos caseros.  <\/p>\n<p data-start=\"1329\" data-end=\"1516\">\n<p data-start=\"1249\" data-end=\"1546\"><!--more--><\/p>\n<p data-start=\"1249\" data-end=\"1546\"><span style=\"font-weight: bold\">Dosificaci\u00f3n:<\/span> 60 gr por kilo de mezcla de carne<\/p>\n<p data-start=\"1249\" data-end=\"1546\">\n<p><!--more--><\/p>\n<div style=\"font-family: Roboto, sans-serif\">\n<p><span style=\"color: #c79600;font-weight: bold\">Composici\u00f3n: <\/span>Sal, pimientos deshidratados, az\u00facares (dextrosa, sacarosa), plantas arom\u00e1ticas, especias, tomate deshidratado, acidulantes (acetato de sodio), aromas, pimiento de Espelette, antioxidante (ascorbato de sodio).<\/p>\n<\/div>\n<p>&nbsp;<\/p>\n<p><!--more--><\/p>\n<div style=\"font-family: Roboto, sans-serif\">\n<h4>Sus ventajas:<\/h4>\n<ul>\n<li>Mezcla equilibrada lista para usar.<\/li>\n<li>Pimienta de Espelette para una nota t\u00edpica y arom\u00e1tica.<\/li>\n<li>Cubo econ\u00f3mico de 2 kg, ideal para profesionales.<\/li>\n<li>F\u00e1cil de usar y dosificar.<\/li>\n<li>Perfecto para salchichas frescas, a la plancha o cocidas.<\/li>\n<\/ul>\n<p>&nbsp;<\/p>\n<\/div>\n<p><!--more--><\/p>\n<div style=\"font-family: Roboto, sans-serif\">\n<h4>Informaci\u00f3n adicional :<\/h4>\n<ul>\n<li><strong>Envasado<\/strong>: Cubo de 2 kg<\/li>\n<li><strong>Tipo<\/strong>: Salchicha a la pimienta de Espelette<\/li>\n<\/ul>\n<p>&nbsp;<\/p>\n<\/div>\n<p><!--more--><\/p>\n<p>Encuentre la especia aqu\u00ed <span style=\"color: #d12727\"><a style=\"color: #d12727\" href=\"https:\/\/www.csj-emballages.com\/es\/produit\/pimienta-de-espelette-1-kg\/\">Pimienta de Espelette<\/a><\/span><\/p>\n<p>Tambi\u00e9n puede encontrarlo en adobo: <span style=\"color: #d12727\"><a style=\"color: #d12727\" href=\"https:\/\/www.csj-emballages.com\/produit\/marinade-piment-despelette-5-kg\/\">Adobo de pimiento de Espelette 5 kg<\/a><\/span><\/p>\n<div style=\"font-family: Roboto, sans-serif\">\n<p>&nbsp;<\/p>\n<\/div>\n<p><!--more--><\/p>\n<h4>Encuentre aqu\u00ed todas nuestras especias para salchichas:<\/h4>\n<ul>\n<li><span style=\"color: #d12727\"><a style=\"color: #d12727\" href=\"https:\/\/www.csj-emballages.com\/es\/produit\/carne-de-salchicha-con-especias-y-hierbas-5-kg\/\">Especias carne de salchicha con hierbas<\/a><\/span><\/li>\n<li><span style=\"color: #d12727\"><a style=\"color: #d12727\" href=\"https:\/\/www.csj-emballages.com\/es\/produit\/salchichas-frescas-sin-gluten-5-kg\/\">Especias para salchichas campestres (sin gluten)<\/a><\/span><\/li>\n<li><span style=\"color: #d12727\"><a style=\"color: #d12727\" href=\"https:\/\/www.csj-emballages.com\/es\/produit\/especias-salchicha-fresca-sin-gluten-sin-lactosa-5-kg\/\">Especias para salchichas sin gluten \/ sin lactosa<\/a><\/span><\/li>\n<li><span style=\"color: #d12727\"><a style=\"color: #d12727\" href=\"https:\/\/www.csj-emballages.com\/produit\/epices-saucisse-francfort-2-kg\/\">Especias salchicha estrasburgo<\/a><\/span><\/li>\n<li><span style=\"color: #d12727\"><a style=\"color: #d12727\" href=\"https:\/\/www.csj-emballages.com\/es\/produit\/salchicha-azul-especias-5-kg\/\">Especias para salchichas azules<\/a><\/span><\/li>\n<\/ul>\n<div style=\"font-family: Roboto, sans-serif\">\n<p>&nbsp;<\/p>\n<\/div>\n<p><!--more--><\/p>\n<div style=\"font-family: Roboto, sans-serif\">\n<p><a href=\"https:\/\/www.csj-emballages.com\/es\/categorie-produit\/alimentacion-es\/especias\/mezcla-de-especias\/merguez-salchichas-chorizos\/\">Ver el resto de nuestra gama de especias para salchichas \/ merguez \/ chorizos<\/a><\/p>\n<\/div>\n","protected":false},"excerpt":{"rendered":"<p>Especias de pimiento de Espelette para salchichas Descripci\u00f3n de nuestra salchicha de pimiento de Espelette 2kg<\/p>\n","protected":false},"featured_media":231456,"template":"","meta":{"_acf_changed":false},"product_brand":[],"product_cat":[1162,1454,1787,1851],"product_tag":[],"class_list":{"0":"post-18326","1":"product","2":"type-product","3":"status-publish","4":"has-post-thumbnail","6":"product_cat-alimentacion-es","7":"product_cat-especias","8":"product_cat-mezcla-de-especias","9":"product_cat-merguez-salchichas-chorizos","11":"first","12":"instock","13":"taxable","14":"shipping-taxable","15":"purchasable","16":"product-type-simple"},"acf":[],"yoast_head":"<!-- This site is optimized with the Yoast SEO Premium plugin v26.6 (Yoast SEO v26.6) - https:\/\/yoast.com\/wordpress\/plugins\/seo\/ -->\n<title>Pimienta de Espelette Especia para salchichas 2kg<\/title>\n<meta name=\"description\" content=\"Especia de Espelette para salchichas con guindilla - \u00a1Descubre la especia de Espelette para salchichas con guindilla, ideal para realzar el sabor de tus salchichas!\" \/>\n<meta name=\"robots\" content=\"index, follow, max-snippet:-1, max-image-preview:large, max-video-preview:-1\" \/>\n<link rel=\"canonical\" href=\"https:\/\/www.csj-emballages.com\/es\/produit\/guindilla-de-espelette-especias-para-salchichas-2-kg\/\" \/>\n<meta property=\"og:locale\" content=\"es_ES\" \/>\n<meta property=\"og:type\" content=\"article\" \/>\n<meta property=\"og:title\" content=\"Pimiento de Espelette especias para salchichas 2kg\" \/>\n<meta property=\"og:description\" content=\"Especia de Espelette para salchichas con guindilla - \u00a1Descubre la especia de Espelette para salchichas con guindilla, ideal para realzar el sabor de tus salchichas!\" \/>\n<meta property=\"og:url\" content=\"https:\/\/www.csj-emballages.com\/es\/produit\/guindilla-de-espelette-especias-para-salchichas-2-kg\/\" \/>\n<meta property=\"og:site_name\" content=\"CSJ Emballages\" \/>\n<meta property=\"article:publisher\" content=\"https:\/\/www.facebook.com\/csjemballages\" \/>\n<meta property=\"article:modified_time\" content=\"2026-03-12T15:02:44+00:00\" \/>\n<meta property=\"og:image\" content=\"https:\/\/www.csj-emballages.com\/wp-content\/uploads\/2024\/03\/Epices-saucisse-piment-dEspelette.webp\" \/>\n\t<meta property=\"og:image:width\" content=\"800\" \/>\n\t<meta property=\"og:image:height\" content=\"800\" \/>\n\t<meta property=\"og:image:type\" content=\"image\/webp\" \/>\n<meta name=\"twitter:card\" content=\"summary_large_image\" \/>\n<meta name=\"twitter:label1\" content=\"Tiempo de lectura\" \/>\n\t<meta name=\"twitter:data1\" content=\"2 minutos\" \/>\n<script type=\"application\/ld+json\" class=\"yoast-schema-graph\">{\"@context\":\"https:\/\/schema.org\",\"@graph\":[{\"@type\":\"WebPage\",\"@id\":\"https:\/\/www.csj-emballages.com\/es\/produit\/guindilla-de-espelette-especias-para-salchichas-2-kg\/\",\"url\":\"https:\/\/www.csj-emballages.com\/es\/produit\/guindilla-de-espelette-especias-para-salchichas-2-kg\/\",\"name\":\"Pimienta de Espelette Especia para salchichas 2kg\",\"isPartOf\":{\"@id\":\"https:\/\/www.csj-emballages.com\/es\/#website\"},\"primaryImageOfPage\":{\"@id\":\"https:\/\/www.csj-emballages.com\/es\/produit\/guindilla-de-espelette-especias-para-salchichas-2-kg\/#primaryimage\"},\"image\":{\"@id\":\"https:\/\/www.csj-emballages.com\/es\/produit\/guindilla-de-espelette-especias-para-salchichas-2-kg\/#primaryimage\"},\"thumbnailUrl\":\"https:\/\/www.csj-emballages.com\/wp-content\/uploads\/2024\/03\/Epices-saucisse-piment-dEspelette.webp\",\"datePublished\":\"2024-03-01T15:59:38+00:00\",\"dateModified\":\"2026-03-12T15:02:44+00:00\",\"description\":\"Especia de Espelette para salchichas con guindilla - \u00a1Descubre la especia de Espelette para salchichas con guindilla, ideal para realzar el sabor de tus salchichas!\",\"breadcrumb\":{\"@id\":\"https:\/\/www.csj-emballages.com\/es\/produit\/guindilla-de-espelette-especias-para-salchichas-2-kg\/#breadcrumb\"},\"inLanguage\":\"es\",\"potentialAction\":[{\"@type\":\"ReadAction\",\"target\":[\"https:\/\/www.csj-emballages.com\/es\/produit\/guindilla-de-espelette-especias-para-salchichas-2-kg\/\"]}]},{\"@type\":\"ImageObject\",\"inLanguage\":\"es\",\"@id\":\"https:\/\/www.csj-emballages.com\/es\/produit\/guindilla-de-espelette-especias-para-salchichas-2-kg\/#primaryimage\",\"url\":\"https:\/\/www.csj-emballages.com\/wp-content\/uploads\/2024\/03\/Epices-saucisse-piment-dEspelette.webp\",\"contentUrl\":\"https:\/\/www.csj-emballages.com\/wp-content\/uploads\/2024\/03\/Epices-saucisse-piment-dEspelette.webp\",\"width\":800,\"height\":800,\"caption\":\"\u00c9pices saucisse piment d'Espelette\"},{\"@type\":\"BreadcrumbList\",\"@id\":\"https:\/\/www.csj-emballages.com\/es\/produit\/guindilla-de-espelette-especias-para-salchichas-2-kg\/#breadcrumb\",\"itemListElement\":[{\"@type\":\"ListItem\",\"position\":1,\"name\":\"Accueil\",\"item\":\"https:\/\/www.csj-emballages.com\/es\/universo-del-envasado-alimentario\/\"},{\"@type\":\"ListItem\",\"position\":2,\"name\":\"Tienda\",\"item\":\"https:\/\/www.csj-emballages.com\/tienda\/\"},{\"@type\":\"ListItem\",\"position\":3,\"name\":\"Pimiento de Espelette especias para salchichas 2kg\"}]},{\"@type\":\"WebSite\",\"@id\":\"https:\/\/www.csj-emballages.com\/es\/#website\",\"url\":\"https:\/\/www.csj-emballages.com\/es\/\",\"name\":\"CSJ Emballages\",\"description\":\"\",\"publisher\":{\"@id\":\"https:\/\/www.csj-emballages.com\/es\/#organization\"},\"potentialAction\":[{\"@type\":\"SearchAction\",\"target\":{\"@type\":\"EntryPoint\",\"urlTemplate\":\"https:\/\/www.csj-emballages.com\/es\/?s={search_term_string}\"},\"query-input\":{\"@type\":\"PropertyValueSpecification\",\"valueRequired\":true,\"valueName\":\"search_term_string\"}}],\"inLanguage\":\"es\"},{\"@type\":\"Organization\",\"@id\":\"https:\/\/www.csj-emballages.com\/es\/#Organization\/\",\"name\":\"CSJ Emballages\",\"url\":\"https:\/\/www.csj-emballages.com\/es\/\",\"logo\":{\"@type\":\"ImageObject\",\"inLanguage\":\"es\",\"@id\":\"https:\/\/www.csj-emballages.com\/es\/#\/schema\/logo\/image\/\",\"url\":\"https:\/\/www.csj-emballages.com\/wp-content\/uploads\/2023\/10\/logo_csj.webp\",\"contentUrl\":\"https:\/\/www.csj-emballages.com\/wp-content\/uploads\/2023\/10\/logo_csj.webp\",\"width\":250,\"height\":95,\"caption\":\"CSJ Emballages\"},\"image\":{\"@id\":\"https:\/\/www.csj-emballages.com\/es\/#\/schema\/logo\/image\/\"},\"sameAs\":[\"https:\/\/www.facebook.com\/csjemballages\"],\"address\":{\"@type\":\"PostalAddress\",\"streetAddress\":\"ZI La Lechere\",\"addressLocality\":\"Patornay\",\"postalCode\":\"39130\",\"addressCountry\":\"FR\"},\"contactPoint\":[{\"@type\":\"ContactPoint\",\"contactType\":\"Service client\",\"telephone\":\"0384254272\",\"email\":\"contact@csj-emballages.com\"}]}]}<\/script>\n<!-- \/ Yoast SEO Premium plugin. -->","yoast_head_json":{"title":"Pimienta de Espelette Especia para salchichas 2kg","description":"Especia de Espelette para salchichas con guindilla - \u00a1Descubre la especia de Espelette para salchichas con guindilla, ideal para realzar el sabor de tus salchichas!","robots":{"index":"index","follow":"follow","max-snippet":"max-snippet:-1","max-image-preview":"max-image-preview:large","max-video-preview":"max-video-preview:-1"},"canonical":"https:\/\/www.csj-emballages.com\/es\/produit\/guindilla-de-espelette-especias-para-salchichas-2-kg\/","og_locale":"es_ES","og_type":"article","og_title":"Pimiento de Espelette especias para salchichas 2kg","og_description":"Especia de Espelette para salchichas con guindilla - \u00a1Descubre la especia de Espelette para salchichas con guindilla, ideal para realzar el sabor de tus salchichas!","og_url":"https:\/\/www.csj-emballages.com\/es\/produit\/guindilla-de-espelette-especias-para-salchichas-2-kg\/","og_site_name":"CSJ Emballages","article_publisher":"https:\/\/www.facebook.com\/csjemballages","article_modified_time":"2026-03-12T15:02:44+00:00","og_image":[{"width":800,"height":800,"url":"https:\/\/www.csj-emballages.com\/wp-content\/uploads\/2024\/03\/Epices-saucisse-piment-dEspelette.webp","type":"image\/webp"}],"twitter_card":"summary_large_image","twitter_misc":{"Tiempo de lectura":"2 minutos"},"schema":{"@context":"https:\/\/schema.org","@graph":[{"@type":"WebPage","@id":"https:\/\/www.csj-emballages.com\/es\/produit\/guindilla-de-espelette-especias-para-salchichas-2-kg\/","url":"https:\/\/www.csj-emballages.com\/es\/produit\/guindilla-de-espelette-especias-para-salchichas-2-kg\/","name":"Pimienta de Espelette Especia para salchichas 2kg","isPartOf":{"@id":"https:\/\/www.csj-emballages.com\/es\/#website"},"primaryImageOfPage":{"@id":"https:\/\/www.csj-emballages.com\/es\/produit\/guindilla-de-espelette-especias-para-salchichas-2-kg\/#primaryimage"},"image":{"@id":"https:\/\/www.csj-emballages.com\/es\/produit\/guindilla-de-espelette-especias-para-salchichas-2-kg\/#primaryimage"},"thumbnailUrl":"https:\/\/www.csj-emballages.com\/wp-content\/uploads\/2024\/03\/Epices-saucisse-piment-dEspelette.webp","datePublished":"2024-03-01T15:59:38+00:00","dateModified":"2026-03-12T15:02:44+00:00","description":"Especia de Espelette para salchichas con guindilla - \u00a1Descubre la especia de Espelette para salchichas con guindilla, ideal para realzar el sabor de tus salchichas!","breadcrumb":{"@id":"https:\/\/www.csj-emballages.com\/es\/produit\/guindilla-de-espelette-especias-para-salchichas-2-kg\/#breadcrumb"},"inLanguage":"es","potentialAction":[{"@type":"ReadAction","target":["https:\/\/www.csj-emballages.com\/es\/produit\/guindilla-de-espelette-especias-para-salchichas-2-kg\/"]}]},{"@type":"ImageObject","inLanguage":"es","@id":"https:\/\/www.csj-emballages.com\/es\/produit\/guindilla-de-espelette-especias-para-salchichas-2-kg\/#primaryimage","url":"https:\/\/www.csj-emballages.com\/wp-content\/uploads\/2024\/03\/Epices-saucisse-piment-dEspelette.webp","contentUrl":"https:\/\/www.csj-emballages.com\/wp-content\/uploads\/2024\/03\/Epices-saucisse-piment-dEspelette.webp","width":800,"height":800,"caption":"\u00c9pices saucisse piment d'Espelette"},{"@type":"BreadcrumbList","@id":"https:\/\/www.csj-emballages.com\/es\/produit\/guindilla-de-espelette-especias-para-salchichas-2-kg\/#breadcrumb","itemListElement":[{"@type":"ListItem","position":1,"name":"Accueil","item":"https:\/\/www.csj-emballages.com\/es\/universo-del-envasado-alimentario\/"},{"@type":"ListItem","position":2,"name":"Tienda","item":"https:\/\/www.csj-emballages.com\/tienda\/"},{"@type":"ListItem","position":3,"name":"Pimiento de Espelette especias para salchichas 2kg"}]},{"@type":"WebSite","@id":"https:\/\/www.csj-emballages.com\/es\/#website","url":"https:\/\/www.csj-emballages.com\/es\/","name":"CSJ Emballages","description":"","publisher":{"@id":"https:\/\/www.csj-emballages.com\/es\/#organization"},"potentialAction":[{"@type":"SearchAction","target":{"@type":"EntryPoint","urlTemplate":"https:\/\/www.csj-emballages.com\/es\/?s={search_term_string}"},"query-input":{"@type":"PropertyValueSpecification","valueRequired":true,"valueName":"search_term_string"}}],"inLanguage":"es"},{"@type":"Organization","@id":"https:\/\/www.csj-emballages.com\/es\/#Organization\/","name":"CSJ Emballages","url":"https:\/\/www.csj-emballages.com\/es\/","logo":{"@type":"ImageObject","inLanguage":"es","@id":"https:\/\/www.csj-emballages.com\/es\/#\/schema\/logo\/image\/","url":"https:\/\/www.csj-emballages.com\/wp-content\/uploads\/2023\/10\/logo_csj.webp","contentUrl":"https:\/\/www.csj-emballages.com\/wp-content\/uploads\/2023\/10\/logo_csj.webp","width":250,"height":95,"caption":"CSJ Emballages"},"image":{"@id":"https:\/\/www.csj-emballages.com\/es\/#\/schema\/logo\/image\/"},"sameAs":["https:\/\/www.facebook.com\/csjemballages"],"address":{"@type":"PostalAddress","streetAddress":"ZI La Lechere","addressLocality":"Patornay","postalCode":"39130","addressCountry":"FR"},"contactPoint":[{"@type":"ContactPoint","contactType":"Service client","telephone":"0384254272","email":"contact@csj-emballages.com"}]}]}},"df_price":31.79,"df_sale_price":"","df_regular_price":31.79,"df_image_link":"https:\/\/www.csj-emballages.com\/wp-content\/uploads\/2024\/03\/Epices-saucisse-piment-dEspelette-300x300.webp","tiered_pricing_type":"fixed","tiered_pricing_fixed_rules":[],"tiered_pricing_percentage_rules":[],"tiered_pricing_minimum":1,"tiered_pricing_roles_data":[],"_links":{"self":[{"href":"https:\/\/www.csj-emballages.com\/es\/wp-json\/wp\/v2\/product\/18326","targetHints":{"allow":["GET"]}}],"collection":[{"href":"https:\/\/www.csj-emballages.com\/es\/wp-json\/wp\/v2\/product"}],"about":[{"href":"https:\/\/www.csj-emballages.com\/es\/wp-json\/wp\/v2\/types\/product"}],"wp:featuredmedia":[{"embeddable":true,"href":"https:\/\/www.csj-emballages.com\/es\/wp-json\/wp\/v2\/media\/231456"}],"wp:attachment":[{"href":"https:\/\/www.csj-emballages.com\/es\/wp-json\/wp\/v2\/media?parent=18326"}],"wp:term":[{"taxonomy":"product_brand","embeddable":true,"href":"https:\/\/www.csj-emballages.com\/es\/wp-json\/wp\/v2\/product_brand?post=18326"},{"taxonomy":"product_cat","embeddable":true,"href":"https:\/\/www.csj-emballages.com\/es\/wp-json\/wp\/v2\/product_cat?post=18326"},{"taxonomy":"product_tag","embeddable":true,"href":"https:\/\/www.csj-emballages.com\/es\/wp-json\/wp\/v2\/product_tag?post=18326"}],"curies":[{"name":"wp","href":"https:\/\/api.w.org\/{rel}","templated":true}]}}