{"id":18315,"date":"2024-03-01T16:59:39","date_gmt":"2024-03-01T15:59:39","guid":{"rendered":"https:\/\/u15jnbdpoq.preview.infomaniak.website\/produit\/condimento-completo-para-paella-1-kg\/"},"modified":"2026-04-04T02:10:25","modified_gmt":"2026-04-04T00:10:25","slug":"condimento-completo-para-paella-1-kg","status":"publish","type":"product","link":"https:\/\/www.csj-emballages.com\/es\/produit\/condimento-completo-para-paella-1-kg\/","title":{"rendered":"Condimento para paella 1 kg"},"content":{"rendered":"<h2>Condimento para paella<\/h2>\n<hr>\n<h3>Descripci\u00f3n de nuestro condimento para paella 1 kg<\/h3>\n<p><!--more--><\/p>\n<p data-start=\"177\" data-end=\"552\">\u00bfDesea recuperar el verdadero sabor de una paella generosa, arom\u00e1tica y llena de car\u00e1cter, sin pasar horas dosificando cada especia? Este <strong data-start=\"316\" data-end=\"356\">condimento para paella en formato de 1 kg<\/strong> est\u00e1 aqu\u00ed para simplificarle la vida, respetando al mismo tiempo los sabores tradicionales. Desde el primer uso, aporta ese aroma c\u00e1lido y soleado que marca la diferencia en el plato.  <\/p>\n<p data-start=\"554\" data-end=\"903\">Pensada para un uso tanto profesional como dom\u00e9stico, esta mezcla lista para usar combina especias cuidadosamente seleccionadas para realzar el <strong>arroz, sublimar las carnes, el marisco o las verduras<\/strong> y, sobre todo, garantizar un resultado uniforme en cada servicio. Ya no es necesario improvisar: sazone, pruebe y listo. <\/p>\n<p data-start=\"905\" data-end=\"1221\">Gracias a su generoso formato, este <strong>condimento para paella<\/strong> es perfecto para restaurantes, empresas de catering, asociaciones o eventos a gran escala. Permite preparar grandes cantidades sin comprometer el sabor. Adem\u00e1s, su f\u00e1cil dosificaci\u00f3n le ayuda a ahorrar tiempo en la cocina, especialmente durante los servicios con mucha carga de trabajo.  <\/p>\n<p data-start=\"1223\" data-end=\"1483\">Adem\u00e1s, esta mezcla aporta un bonito color al arroz, haciendo que la paella sea tan apetecible visualmente como sabrosa. Tanto si prepara una paella tradicional como una versi\u00f3n renovada, se adapta a todos los gustos y estilos de cocina. <\/p>\n<p data-start=\"1485\" data-end=\"1703\">En resumen, este <strong>condimento para paella<\/strong> es un verdadero aliado para preparar sus platos sin estr\u00e9s. Le permite obtener un resultado constante, arom\u00e1tico y equilibrado, dejando al mismo tiempo espacio para su toque personal. <\/p>\n<p data-start=\"1485\" data-end=\"1703\">\n<p><!--more--><\/p>\n<div style=\"box-sizing: inherit; font-family: Roboto, sans-serif;\">\n<h4>Ventajas :<\/h4>\n<ul>\n<li data-start=\"1731\" data-end=\"1775\">Mezcla lista para usar, f\u00e1cil de utilizar.<\/li>\n<li data-start=\"1778\" data-end=\"1828\">Sabor equilibrado y aroma t\u00edpico de la <strong>paella<\/strong>.<\/li>\n<li data-start=\"1831\" data-end=\"1858\">Formato econ\u00f3mico de <strong>1 kg<\/strong>.<\/li>\n<li data-start=\"1861\" data-end=\"1887\"><strong>Ahorro de tiempo<\/strong> en la cocina.<\/li>\n<li data-start=\"1890\" data-end=\"1937\">Adaptado a usos profesionales e intensivos.<\/li>\n<\/ul>\n<p>&nbsp;<\/p>\n<\/div>\n<p><!--more--><\/p>\n<h4><span style=\"box-sizing: inherit;\"><span style=\"font-weight: bold;\">Dosificaci\u00f3n: <\/span><\/span><\/h4>\n<p><span style=\"box-sizing: inherit;\">5 g por kg de arroz a cocer<\/span><\/p>\n<div style=\"box-sizing: inherit; font-family: Roboto, sans-serif;\">\n<p>&nbsp;<\/p>\n<\/div>\n<p><!--more--><\/p>\n<div style=\"box-sizing: inherit; font-family: Roboto, sans-serif;\">\n<h4>Informaci\u00f3n adicional :<\/h4>\n<ul>\n<li><strong>Envase<\/strong>: Envase de 1 kg<\/li>\n<\/ul>\n<\/div>\n<div style=\"box-sizing: inherit; font-family: Roboto, sans-serif;\">\n<p>&nbsp;<\/p>\n<\/div>\n<p><!--more--><\/p>\n<div style=\"box-sizing: inherit; font-family: Roboto, sans-serif;\">\n<p><a href=\"https:\/\/www.csj-emballages.com\/es\/categorie-produit\/alimentacion-es\/especias\/mezcla-de-especias\/platos-preparados\/\">Consulte el resto de nuestra gama de condimentos para platos<\/a><\/p>\n<\/div>\n","protected":false},"excerpt":{"rendered":"<p>Condimento para paella Descripci\u00f3n de nuestro condimento para paella 1 kg<\/p>\n","protected":false},"featured_media":261525,"template":"","meta":{"_acf_changed":false},"product_brand":[],"product_cat":[1162,1454,1787,1855],"product_tag":[],"class_list":{"0":"post-18315","1":"product","2":"type-product","3":"status-publish","4":"has-post-thumbnail","6":"product_cat-alimentacion-es","7":"product_cat-especias","8":"product_cat-mezcla-de-especias","9":"product_cat-platos-preparados","11":"first","12":"instock","13":"taxable","14":"shipping-taxable","15":"purchasable","16":"product-type-simple"},"acf":[],"yoast_head":"<!-- This site is optimized with the Yoast SEO Premium plugin v26.6 (Yoast SEO v26.6) - https:\/\/yoast.com\/wordpress\/plugins\/seo\/ -->\n<title>Condimento para paella 1 kg<\/title>\n<meta name=\"description\" content=\"Condimento para paella 1 kg listo para usar. Mezcla de especias arom\u00e1ticas para preparar paellas sabrosas y bien coloreadas de forma sencilla.\" \/>\n<meta name=\"robots\" content=\"index, follow, max-snippet:-1, max-image-preview:large, max-video-preview:-1\" \/>\n<link rel=\"canonical\" href=\"https:\/\/www.csj-emballages.com\/es\/produit\/condimento-completo-para-paella-1-kg\/\" \/>\n<meta property=\"og:locale\" content=\"es_ES\" \/>\n<meta property=\"og:type\" content=\"article\" \/>\n<meta property=\"og:title\" content=\"Condimento para paella 1 kg\" \/>\n<meta property=\"og:description\" content=\"Condimento para paella 1 kg listo para usar. Mezcla de especias arom\u00e1ticas para preparar paellas sabrosas y bien coloreadas de forma sencilla.\" \/>\n<meta property=\"og:url\" content=\"https:\/\/www.csj-emballages.com\/es\/produit\/condimento-completo-para-paella-1-kg\/\" \/>\n<meta property=\"og:site_name\" content=\"CSJ Emballages\" \/>\n<meta property=\"article:publisher\" content=\"https:\/\/www.facebook.com\/csjemballages\" \/>\n<meta property=\"article:modified_time\" content=\"2026-04-04T00:10:25+00:00\" \/>\n<meta property=\"og:image\" content=\"https:\/\/www.csj-emballages.com\/wp-content\/uploads\/2024\/03\/Assaisonnement-paella.webp\" \/>\n\t<meta property=\"og:image:width\" content=\"928\" \/>\n\t<meta property=\"og:image:height\" content=\"927\" \/>\n\t<meta property=\"og:image:type\" content=\"image\/webp\" \/>\n<meta name=\"twitter:card\" content=\"summary_large_image\" \/>\n<meta name=\"twitter:label1\" content=\"Tiempo de lectura\" \/>\n\t<meta name=\"twitter:data1\" content=\"2 minutos\" \/>\n<script type=\"application\/ld+json\" class=\"yoast-schema-graph\">{\"@context\":\"https:\/\/schema.org\",\"@graph\":[{\"@type\":\"WebPage\",\"@id\":\"https:\/\/www.csj-emballages.com\/es\/produit\/condimento-completo-para-paella-1-kg\/\",\"url\":\"https:\/\/www.csj-emballages.com\/es\/produit\/condimento-completo-para-paella-1-kg\/\",\"name\":\"Condimento para paella 1 kg\",\"isPartOf\":{\"@id\":\"https:\/\/www.csj-emballages.com\/es\/#website\"},\"primaryImageOfPage\":{\"@id\":\"https:\/\/www.csj-emballages.com\/es\/produit\/condimento-completo-para-paella-1-kg\/#primaryimage\"},\"image\":{\"@id\":\"https:\/\/www.csj-emballages.com\/es\/produit\/condimento-completo-para-paella-1-kg\/#primaryimage\"},\"thumbnailUrl\":\"https:\/\/www.csj-emballages.com\/wp-content\/uploads\/2024\/03\/Assaisonnement-paella.webp\",\"datePublished\":\"2024-03-01T15:59:39+00:00\",\"dateModified\":\"2026-04-04T00:10:25+00:00\",\"description\":\"Condimento para paella 1 kg listo para usar. Mezcla de especias arom\u00e1ticas para preparar paellas sabrosas y bien coloreadas de forma sencilla.\",\"breadcrumb\":{\"@id\":\"https:\/\/www.csj-emballages.com\/es\/produit\/condimento-completo-para-paella-1-kg\/#breadcrumb\"},\"inLanguage\":\"es\",\"potentialAction\":[{\"@type\":\"ReadAction\",\"target\":[\"https:\/\/www.csj-emballages.com\/es\/produit\/condimento-completo-para-paella-1-kg\/\"]}]},{\"@type\":\"ImageObject\",\"inLanguage\":\"es\",\"@id\":\"https:\/\/www.csj-emballages.com\/es\/produit\/condimento-completo-para-paella-1-kg\/#primaryimage\",\"url\":\"https:\/\/www.csj-emballages.com\/wp-content\/uploads\/2024\/03\/Assaisonnement-paella.webp\",\"contentUrl\":\"https:\/\/www.csj-emballages.com\/wp-content\/uploads\/2024\/03\/Assaisonnement-paella.webp\",\"width\":928,\"height\":927,\"caption\":\"Assaisonnement paella\"},{\"@type\":\"BreadcrumbList\",\"@id\":\"https:\/\/www.csj-emballages.com\/es\/produit\/condimento-completo-para-paella-1-kg\/#breadcrumb\",\"itemListElement\":[{\"@type\":\"ListItem\",\"position\":1,\"name\":\"Accueil\",\"item\":\"https:\/\/www.csj-emballages.com\/es\/universo-del-envasado-alimentario\/\"},{\"@type\":\"ListItem\",\"position\":2,\"name\":\"Tienda\",\"item\":\"https:\/\/www.csj-emballages.com\/tienda\/\"},{\"@type\":\"ListItem\",\"position\":3,\"name\":\"Condimento para paella 1 kg\"}]},{\"@type\":\"WebSite\",\"@id\":\"https:\/\/www.csj-emballages.com\/es\/#website\",\"url\":\"https:\/\/www.csj-emballages.com\/es\/\",\"name\":\"CSJ Emballages\",\"description\":\"\",\"publisher\":{\"@id\":\"https:\/\/www.csj-emballages.com\/es\/#organization\"},\"potentialAction\":[{\"@type\":\"SearchAction\",\"target\":{\"@type\":\"EntryPoint\",\"urlTemplate\":\"https:\/\/www.csj-emballages.com\/es\/?s={search_term_string}\"},\"query-input\":{\"@type\":\"PropertyValueSpecification\",\"valueRequired\":true,\"valueName\":\"search_term_string\"}}],\"inLanguage\":\"es\"},{\"@type\":\"Organization\",\"@id\":\"https:\/\/www.csj-emballages.com\/es\/#Organization\/\",\"name\":\"CSJ Emballages\",\"url\":\"https:\/\/www.csj-emballages.com\/es\/\",\"logo\":{\"@type\":\"ImageObject\",\"inLanguage\":\"es\",\"@id\":\"https:\/\/www.csj-emballages.com\/es\/#\/schema\/logo\/image\/\",\"url\":\"https:\/\/www.csj-emballages.com\/wp-content\/uploads\/2023\/10\/logo_csj.webp\",\"contentUrl\":\"https:\/\/www.csj-emballages.com\/wp-content\/uploads\/2023\/10\/logo_csj.webp\",\"width\":250,\"height\":95,\"caption\":\"CSJ Emballages\"},\"image\":{\"@id\":\"https:\/\/www.csj-emballages.com\/es\/#\/schema\/logo\/image\/\"},\"sameAs\":[\"https:\/\/www.facebook.com\/csjemballages\"],\"address\":{\"@type\":\"PostalAddress\",\"streetAddress\":\"ZI La Lechere\",\"addressLocality\":\"Patornay\",\"postalCode\":\"39130\",\"addressCountry\":\"FR\"},\"contactPoint\":[{\"@type\":\"ContactPoint\",\"contactType\":\"Service client\",\"telephone\":\"0384254272\",\"email\":\"contact@csj-emballages.com\"}]}]}<\/script>\n<!-- \/ Yoast SEO Premium plugin. -->","yoast_head_json":{"title":"Condimento para paella 1 kg","description":"Condimento para paella 1 kg listo para usar. Mezcla de especias arom\u00e1ticas para preparar paellas sabrosas y bien coloreadas de forma sencilla.","robots":{"index":"index","follow":"follow","max-snippet":"max-snippet:-1","max-image-preview":"max-image-preview:large","max-video-preview":"max-video-preview:-1"},"canonical":"https:\/\/www.csj-emballages.com\/es\/produit\/condimento-completo-para-paella-1-kg\/","og_locale":"es_ES","og_type":"article","og_title":"Condimento para paella 1 kg","og_description":"Condimento para paella 1 kg listo para usar. Mezcla de especias arom\u00e1ticas para preparar paellas sabrosas y bien coloreadas de forma sencilla.","og_url":"https:\/\/www.csj-emballages.com\/es\/produit\/condimento-completo-para-paella-1-kg\/","og_site_name":"CSJ Emballages","article_publisher":"https:\/\/www.facebook.com\/csjemballages","article_modified_time":"2026-04-04T00:10:25+00:00","og_image":[{"width":928,"height":927,"url":"https:\/\/www.csj-emballages.com\/wp-content\/uploads\/2024\/03\/Assaisonnement-paella.webp","type":"image\/webp"}],"twitter_card":"summary_large_image","twitter_misc":{"Tiempo de lectura":"2 minutos"},"schema":{"@context":"https:\/\/schema.org","@graph":[{"@type":"WebPage","@id":"https:\/\/www.csj-emballages.com\/es\/produit\/condimento-completo-para-paella-1-kg\/","url":"https:\/\/www.csj-emballages.com\/es\/produit\/condimento-completo-para-paella-1-kg\/","name":"Condimento para paella 1 kg","isPartOf":{"@id":"https:\/\/www.csj-emballages.com\/es\/#website"},"primaryImageOfPage":{"@id":"https:\/\/www.csj-emballages.com\/es\/produit\/condimento-completo-para-paella-1-kg\/#primaryimage"},"image":{"@id":"https:\/\/www.csj-emballages.com\/es\/produit\/condimento-completo-para-paella-1-kg\/#primaryimage"},"thumbnailUrl":"https:\/\/www.csj-emballages.com\/wp-content\/uploads\/2024\/03\/Assaisonnement-paella.webp","datePublished":"2024-03-01T15:59:39+00:00","dateModified":"2026-04-04T00:10:25+00:00","description":"Condimento para paella 1 kg listo para usar. Mezcla de especias arom\u00e1ticas para preparar paellas sabrosas y bien coloreadas de forma sencilla.","breadcrumb":{"@id":"https:\/\/www.csj-emballages.com\/es\/produit\/condimento-completo-para-paella-1-kg\/#breadcrumb"},"inLanguage":"es","potentialAction":[{"@type":"ReadAction","target":["https:\/\/www.csj-emballages.com\/es\/produit\/condimento-completo-para-paella-1-kg\/"]}]},{"@type":"ImageObject","inLanguage":"es","@id":"https:\/\/www.csj-emballages.com\/es\/produit\/condimento-completo-para-paella-1-kg\/#primaryimage","url":"https:\/\/www.csj-emballages.com\/wp-content\/uploads\/2024\/03\/Assaisonnement-paella.webp","contentUrl":"https:\/\/www.csj-emballages.com\/wp-content\/uploads\/2024\/03\/Assaisonnement-paella.webp","width":928,"height":927,"caption":"Assaisonnement paella"},{"@type":"BreadcrumbList","@id":"https:\/\/www.csj-emballages.com\/es\/produit\/condimento-completo-para-paella-1-kg\/#breadcrumb","itemListElement":[{"@type":"ListItem","position":1,"name":"Accueil","item":"https:\/\/www.csj-emballages.com\/es\/universo-del-envasado-alimentario\/"},{"@type":"ListItem","position":2,"name":"Tienda","item":"https:\/\/www.csj-emballages.com\/tienda\/"},{"@type":"ListItem","position":3,"name":"Condimento para paella 1 kg"}]},{"@type":"WebSite","@id":"https:\/\/www.csj-emballages.com\/es\/#website","url":"https:\/\/www.csj-emballages.com\/es\/","name":"CSJ Emballages","description":"","publisher":{"@id":"https:\/\/www.csj-emballages.com\/es\/#organization"},"potentialAction":[{"@type":"SearchAction","target":{"@type":"EntryPoint","urlTemplate":"https:\/\/www.csj-emballages.com\/es\/?s={search_term_string}"},"query-input":{"@type":"PropertyValueSpecification","valueRequired":true,"valueName":"search_term_string"}}],"inLanguage":"es"},{"@type":"Organization","@id":"https:\/\/www.csj-emballages.com\/es\/#Organization\/","name":"CSJ Emballages","url":"https:\/\/www.csj-emballages.com\/es\/","logo":{"@type":"ImageObject","inLanguage":"es","@id":"https:\/\/www.csj-emballages.com\/es\/#\/schema\/logo\/image\/","url":"https:\/\/www.csj-emballages.com\/wp-content\/uploads\/2023\/10\/logo_csj.webp","contentUrl":"https:\/\/www.csj-emballages.com\/wp-content\/uploads\/2023\/10\/logo_csj.webp","width":250,"height":95,"caption":"CSJ Emballages"},"image":{"@id":"https:\/\/www.csj-emballages.com\/es\/#\/schema\/logo\/image\/"},"sameAs":["https:\/\/www.facebook.com\/csjemballages"],"address":{"@type":"PostalAddress","streetAddress":"ZI La Lechere","addressLocality":"Patornay","postalCode":"39130","addressCountry":"FR"},"contactPoint":[{"@type":"ContactPoint","contactType":"Service client","telephone":"0384254272","email":"contact@csj-emballages.com"}]}]}},"df_price":18.56,"df_sale_price":"","df_regular_price":18.56,"df_image_link":"https:\/\/www.csj-emballages.com\/wp-content\/uploads\/2024\/03\/Assaisonnement-paella-300x300.webp","tiered_pricing_type":"fixed","tiered_pricing_fixed_rules":[],"tiered_pricing_percentage_rules":[],"tiered_pricing_minimum":1,"tiered_pricing_roles_data":[],"_links":{"self":[{"href":"https:\/\/www.csj-emballages.com\/es\/wp-json\/wp\/v2\/product\/18315","targetHints":{"allow":["GET"]}}],"collection":[{"href":"https:\/\/www.csj-emballages.com\/es\/wp-json\/wp\/v2\/product"}],"about":[{"href":"https:\/\/www.csj-emballages.com\/es\/wp-json\/wp\/v2\/types\/product"}],"wp:featuredmedia":[{"embeddable":true,"href":"https:\/\/www.csj-emballages.com\/es\/wp-json\/wp\/v2\/media\/261525"}],"wp:attachment":[{"href":"https:\/\/www.csj-emballages.com\/es\/wp-json\/wp\/v2\/media?parent=18315"}],"wp:term":[{"taxonomy":"product_brand","embeddable":true,"href":"https:\/\/www.csj-emballages.com\/es\/wp-json\/wp\/v2\/product_brand?post=18315"},{"taxonomy":"product_cat","embeddable":true,"href":"https:\/\/www.csj-emballages.com\/es\/wp-json\/wp\/v2\/product_cat?post=18315"},{"taxonomy":"product_tag","embeddable":true,"href":"https:\/\/www.csj-emballages.com\/es\/wp-json\/wp\/v2\/product_tag?post=18315"}],"curies":[{"name":"wp","href":"https:\/\/api.w.org\/{rel}","templated":true}]}}