{"id":18306,"date":"2024-03-01T16:59:39","date_gmt":"2024-03-01T15:59:39","guid":{"rendered":"https:\/\/u15jnbdpoq.preview.infomaniak.website\/produit\/especias-salchicha-fresca-sin-gluten-sin-lactosa-5-kg\/"},"modified":"2026-03-13T02:10:18","modified_gmt":"2026-03-13T01:10:18","slug":"especias-salchicha-fresca-sin-gluten-sin-lactosa-5-kg","status":"publish","type":"product","link":"https:\/\/www.csj-emballages.com\/es\/produit\/especias-salchicha-fresca-sin-gluten-sin-lactosa-5-kg\/","title":{"rendered":"Especias para salchicha fresca sin gluten\/sin lactosa en formato de 5 kg"},"content":{"rendered":"<h2 class=\"p1\">Especias para salchicha sin gluten\/sin lactosa<\/h2>\n<hr>\n<h3>Descripci\u00f3n de nuestras especias para salchicha fresca sin gluten\/sin lactosa<span class=\"Apple-converted-space\"> <\/span>en formato de 5 kg<\/h3>\n<p><!--more--><\/p>\n<p data-start=\"307\" data-end=\"657\">Tanto si es usted artesano charcutero, elaborador de productos de delicatessen o simplemente un apasionado de la fabricaci\u00f3n de <strong>salchichas<\/strong> caseras, esta <strong>mezcla de especias<\/strong> <strong>para salchicha fresca sin gluten\/sin lactosa en formato de 5 kg<\/strong> ha sido concebida para usted. Lista para usar, ha sido cuidadosamente formulada para realzar sus <strong>salchichas frescas<\/strong> respetando al mismo tiempo las exigencias modernas: <strong data-start=\"599\" data-end=\"628\">sin gluten, sin lactosa<\/strong>, sin comprometer el sabor. <\/p>\n<p data-start=\"659\" data-end=\"997\">En este <strong>cubo<\/strong> <strong>de 5 kg<\/strong>, encontrar\u00e1 una <strong data-start=\"699\" data-end=\"732\">mezcla equilibrada y potente<\/strong>, que asocia los sabores cl\u00e1sicos de la charcuter\u00eda tradicional con un toque de autenticidad. La dosificaci\u00f3n es sencilla, constante y le asegura una producci\u00f3n regular con una bella coloraci\u00f3n natural, un sabor bien marcado y una textura agradable en boca. <\/p>\n<p data-start=\"999\" data-end=\"1254\">Esta mezcla se adapta tanto a las recetas cl\u00e1sicas como a las creaciones m\u00e1s originales. Su formato generoso es ideal para las producciones en serie o las preparaciones para eventos. Es perfectamente soluble en la carne y no deja ning\u00fan residuo.  <\/p>\n<p data-start=\"1256\" data-end=\"1418\">Un ahorro de tiempo, una seguridad alimentaria reforzada y, sobre todo, un verdadero placer gustativo para sus clientes, \u00a1incluso los m\u00e1s sensibles a los <strong>al\u00e9rgenos<\/strong>!<\/p>\n<p data-start=\"1249\" data-end=\"1546\"><!--more--><\/p>\n<p data-start=\"1249\" data-end=\"1546\"><span style=\"font-weight: bold;\">Dosificaci\u00f3n:<\/span> 33 g por kg de masa de carne<\/p>\n<p><!--more--><\/p>\n<div style=\"font-family: Roboto, sans-serif;\">\n<p><span style=\"color: #c79600; font-weight: bold;\">Composici\u00f3n:<\/span> Sal \/ az\u00facares (jarabe de glucosa, dextrosa, sacarosa) \/ acetato de sodio E-262 (8,45 % expresado en \u00e1cido l\u00e1ctico) \/ especias \/ \u00e1cido c\u00edtrico E-330 (6 %) \/ Aroma \/ ascorbato de sodio<\/p>\n<\/div>\n<p>&nbsp;<\/p>\n<p><!--more--><\/p>\n<p><strong><span style=\"color: #ff0000;\">Fecha de consumo preferente (DLUO) 04\/2025<\/span><\/strong><\/p>\n<p>&nbsp;<\/p>\n<p><!--more--><\/p>\n<div style=\"font-family: Roboto, sans-serif;\">\n<h4>Sus ventajas:<\/h4>\n<ul>\n<li><strong>Sin gluten, sin lactosa<\/strong>: ideal para una clientela con reg\u00edmenes espec\u00edficos.<\/li>\n<li><strong>Listo para usar<\/strong>: ahorro de tiempo en el d\u00eda a d\u00eda.<\/li>\n<li><strong>Sabores equilibrados<\/strong>: sabor aut\u00e9ntico garantizado.<\/li>\n<li>F\u00e1cil de usar y de dosificar.<\/li>\n<li><strong>Formato econ\u00f3mico<\/strong>: cubo de 5 kg para producci\u00f3n intensiva.<\/li>\n<\/ul>\n<p>&nbsp;<\/p>\n<\/div>\n<p><!--more--><\/p>\n<div style=\"font-family: Roboto, sans-serif;\">\n<h4>Informaci\u00f3n adicional :<\/h4>\n<ul>\n<li><strong>Envasado<\/strong>: Cubo de 5 kg<\/li>\n<li><strong>Tipo<\/strong>: Salchichas frescas sin gluten\/sin lactosa<\/li>\n<\/ul>\n<p>&nbsp;<\/p>\n<\/div>\n<p><!--more--><\/p>\n<h4>Encuentre aqu\u00ed todas nuestras especias para salchicha:<\/h4>\n<ul>\n<li><span style=\"color: #d12727;\"><a style=\"color: #d12727;\" href=\"https:\/\/www.csj-emballages.com\/es\/produit\/carne-de-salchicha-con-especias-y-hierbas-5-kg\/\">Especias para salchicha de carne con hierbas<\/a><\/span><\/li>\n<li><span style=\"color: #d12727;\"><a style=\"color: #d12727;\" href=\"https:\/\/www.csj-emballages.com\/produit\/epices-saucisse-fraiche-campagnarde-sans-gluten-5-kg\/\">Especias para salchicha campera (sin gluten)<\/a><\/span><\/li>\n<li><span style=\"color: #d12727;\"><a style=\"color: #d12727;\" href=\"https:\/\/www.csj-emballages.com\/es\/produit\/guindilla-de-espelette-especias-para-salchichas-2-kg\/\">Especias para salchicha con pimiento de Espelette<\/a><\/span><\/li>\n<li><span style=\"color: #d12727;\"><a style=\"color: #d12727;\" href=\"https:\/\/www.csj-emballages.com\/produit\/epices-saucisse-francfort-2-kg\/\">Especias para salchicha de Estrasburgo<\/a><\/span><\/li>\n<li><span style=\"color: #d12727;\"><a style=\"color: #d12727;\" href=\"https:\/\/www.csj-emballages.com\/es\/produit\/salchicha-azul-especias-5-kg\/\">Especias para salchicha al queso azul<\/a><\/span><\/li>\n<\/ul>\n<div style=\"font-family: Roboto, sans-serif;\">\n<p>&nbsp;<\/p>\n<\/div>\n<p><!--more--><\/p>\n<div style=\"font-family: Roboto, sans-serif;\">\n<p><a href=\"https:\/\/www.csj-emballages.com\/es\/categorie-produit\/alimentacion-es\/especias\/mezcla-de-especias\/merguez-salchichas-chorizos\/\">Consulte el resto de nuestra gama de especias para salchichas \/ merguez \/ chorizos<\/a><\/p>\n<\/div>\n","protected":false},"excerpt":{"rendered":"<p>Especias para salchicha sin gluten\/sin lactosa Descripci\u00f3n de nuestras especias para salchicha fresca sin gluten\/sin lactosa en formato de 5 kg<\/p>\n","protected":false},"featured_media":231443,"template":"","meta":{"_acf_changed":false},"product_brand":[],"product_cat":[1150,10241,1162,1454,1787,1851],"product_tag":[],"class_list":{"0":"post-18306","1":"product","2":"type-product","3":"status-publish","4":"has-post-thumbnail","6":"product_cat-envasado-de-alimentos","7":"product_cat-antidesperdicio","8":"product_cat-alimentacion-es","9":"product_cat-especias","10":"product_cat-mezcla-de-especias","11":"product_cat-merguez-salchichas-chorizos","13":"first","14":"instock","15":"sale","16":"taxable","17":"shipping-taxable","18":"purchasable","19":"product-type-simple"},"acf":[],"yoast_head":"<!-- This site is optimized with the Yoast SEO Premium plugin v26.6 (Yoast SEO v26.6) - https:\/\/yoast.com\/wordpress\/plugins\/seo\/ -->\n<title>Especias para salchicha fresca sin gluten\/sin lactosa en formato de 5 kg<\/title>\n<meta name=\"description\" content=\"Especias para salchicha fresca sin gluten\/sin lactosa \u2013 cubo de 5 kg Mezcla lista para usar con un sabor aut\u00e9ntico, ideal para profesionales y amantes de la charcuter\u00eda.\" \/>\n<meta name=\"robots\" content=\"index, follow, max-snippet:-1, max-image-preview:large, max-video-preview:-1\" \/>\n<link rel=\"canonical\" href=\"https:\/\/www.csj-emballages.com\/es\/produit\/especias-salchicha-fresca-sin-gluten-sin-lactosa-5-kg\/\" \/>\n<meta property=\"og:locale\" content=\"es_ES\" \/>\n<meta property=\"og:type\" content=\"article\" \/>\n<meta property=\"og:title\" content=\"Especias para salchicha fresca sin gluten\/sin lactosa en formato de 5 kg\" \/>\n<meta property=\"og:description\" content=\"Especias para salchicha fresca sin gluten\/sin lactosa \u2013 cubo de 5 kg Mezcla lista para usar con un sabor aut\u00e9ntico, ideal para profesionales y amantes de la charcuter\u00eda.\" \/>\n<meta property=\"og:url\" content=\"https:\/\/www.csj-emballages.com\/es\/produit\/especias-salchicha-fresca-sin-gluten-sin-lactosa-5-kg\/\" \/>\n<meta property=\"og:site_name\" content=\"CSJ Emballages\" \/>\n<meta property=\"article:publisher\" content=\"https:\/\/www.facebook.com\/csjemballages\" \/>\n<meta property=\"article:modified_time\" content=\"2026-03-13T01:10:18+00:00\" \/>\n<meta property=\"og:image\" content=\"https:\/\/www.csj-emballages.com\/wp-content\/uploads\/2024\/03\/Epices-saucisse-sans-gluten-sans-lactose.webp\" \/>\n\t<meta property=\"og:image:width\" content=\"800\" \/>\n\t<meta property=\"og:image:height\" content=\"800\" \/>\n\t<meta property=\"og:image:type\" content=\"image\/webp\" \/>\n<meta name=\"twitter:card\" content=\"summary_large_image\" \/>\n<meta name=\"twitter:label1\" content=\"Tiempo de lectura\" \/>\n\t<meta name=\"twitter:data1\" content=\"2 minutos\" \/>\n<script type=\"application\/ld+json\" class=\"yoast-schema-graph\">{\"@context\":\"https:\/\/schema.org\",\"@graph\":[{\"@type\":\"WebPage\",\"@id\":\"https:\/\/www.csj-emballages.com\/es\/produit\/especias-salchicha-fresca-sin-gluten-sin-lactosa-5-kg\/\",\"url\":\"https:\/\/www.csj-emballages.com\/es\/produit\/especias-salchicha-fresca-sin-gluten-sin-lactosa-5-kg\/\",\"name\":\"Especias para salchicha fresca sin gluten\/sin lactosa en formato de 5 kg\",\"isPartOf\":{\"@id\":\"https:\/\/www.csj-emballages.com\/es\/#website\"},\"primaryImageOfPage\":{\"@id\":\"https:\/\/www.csj-emballages.com\/es\/produit\/especias-salchicha-fresca-sin-gluten-sin-lactosa-5-kg\/#primaryimage\"},\"image\":{\"@id\":\"https:\/\/www.csj-emballages.com\/es\/produit\/especias-salchicha-fresca-sin-gluten-sin-lactosa-5-kg\/#primaryimage\"},\"thumbnailUrl\":\"https:\/\/www.csj-emballages.com\/wp-content\/uploads\/2024\/03\/Epices-saucisse-sans-gluten-sans-lactose.webp\",\"datePublished\":\"2024-03-01T15:59:39+00:00\",\"dateModified\":\"2026-03-13T01:10:18+00:00\",\"description\":\"Especias para salchicha fresca sin gluten\/sin lactosa \u2013 cubo de 5 kg Mezcla lista para usar con un sabor aut\u00e9ntico, ideal para profesionales y amantes de la charcuter\u00eda.\",\"breadcrumb\":{\"@id\":\"https:\/\/www.csj-emballages.com\/es\/produit\/especias-salchicha-fresca-sin-gluten-sin-lactosa-5-kg\/#breadcrumb\"},\"inLanguage\":\"es\",\"potentialAction\":[{\"@type\":\"ReadAction\",\"target\":[\"https:\/\/www.csj-emballages.com\/es\/produit\/especias-salchicha-fresca-sin-gluten-sin-lactosa-5-kg\/\"]}]},{\"@type\":\"ImageObject\",\"inLanguage\":\"es\",\"@id\":\"https:\/\/www.csj-emballages.com\/es\/produit\/especias-salchicha-fresca-sin-gluten-sin-lactosa-5-kg\/#primaryimage\",\"url\":\"https:\/\/www.csj-emballages.com\/wp-content\/uploads\/2024\/03\/Epices-saucisse-sans-gluten-sans-lactose.webp\",\"contentUrl\":\"https:\/\/www.csj-emballages.com\/wp-content\/uploads\/2024\/03\/Epices-saucisse-sans-gluten-sans-lactose.webp\",\"width\":800,\"height\":800,\"caption\":\"\u00c9pices saucisse sans gluten \/ sans lactose\u00a0\"},{\"@type\":\"BreadcrumbList\",\"@id\":\"https:\/\/www.csj-emballages.com\/es\/produit\/especias-salchicha-fresca-sin-gluten-sin-lactosa-5-kg\/#breadcrumb\",\"itemListElement\":[{\"@type\":\"ListItem\",\"position\":1,\"name\":\"Accueil\",\"item\":\"https:\/\/www.csj-emballages.com\/es\/universo-del-envasado-alimentario\/\"},{\"@type\":\"ListItem\",\"position\":2,\"name\":\"Tienda\",\"item\":\"https:\/\/www.csj-emballages.com\/tienda\/\"},{\"@type\":\"ListItem\",\"position\":3,\"name\":\"Especias para salchicha fresca sin gluten\/sin lactosa en formato de 5 kg\"}]},{\"@type\":\"WebSite\",\"@id\":\"https:\/\/www.csj-emballages.com\/es\/#website\",\"url\":\"https:\/\/www.csj-emballages.com\/es\/\",\"name\":\"CSJ Emballages\",\"description\":\"\",\"publisher\":{\"@id\":\"https:\/\/www.csj-emballages.com\/es\/#organization\"},\"potentialAction\":[{\"@type\":\"SearchAction\",\"target\":{\"@type\":\"EntryPoint\",\"urlTemplate\":\"https:\/\/www.csj-emballages.com\/es\/?s={search_term_string}\"},\"query-input\":{\"@type\":\"PropertyValueSpecification\",\"valueRequired\":true,\"valueName\":\"search_term_string\"}}],\"inLanguage\":\"es\"},{\"@type\":\"Organization\",\"@id\":\"https:\/\/www.csj-emballages.com\/es\/#Organization\/\",\"name\":\"CSJ Emballages\",\"url\":\"https:\/\/www.csj-emballages.com\/es\/\",\"logo\":{\"@type\":\"ImageObject\",\"inLanguage\":\"es\",\"@id\":\"https:\/\/www.csj-emballages.com\/es\/#\/schema\/logo\/image\/\",\"url\":\"https:\/\/www.csj-emballages.com\/wp-content\/uploads\/2023\/10\/logo_csj.webp\",\"contentUrl\":\"https:\/\/www.csj-emballages.com\/wp-content\/uploads\/2023\/10\/logo_csj.webp\",\"width\":250,\"height\":95,\"caption\":\"CSJ Emballages\"},\"image\":{\"@id\":\"https:\/\/www.csj-emballages.com\/es\/#\/schema\/logo\/image\/\"},\"sameAs\":[\"https:\/\/www.facebook.com\/csjemballages\"],\"address\":{\"@type\":\"PostalAddress\",\"streetAddress\":\"ZI La Lechere\",\"addressLocality\":\"Patornay\",\"postalCode\":\"39130\",\"addressCountry\":\"FR\"},\"contactPoint\":[{\"@type\":\"ContactPoint\",\"contactType\":\"Service client\",\"telephone\":\"0384254272\",\"email\":\"contact@csj-emballages.com\"}]}]}<\/script>\n<!-- \/ Yoast SEO Premium plugin. -->","yoast_head_json":{"title":"Especias para salchicha fresca sin gluten\/sin lactosa en formato de 5 kg","description":"Especias para salchicha fresca sin gluten\/sin lactosa \u2013 cubo de 5 kg Mezcla lista para usar con un sabor aut\u00e9ntico, ideal para profesionales y amantes de la charcuter\u00eda.","robots":{"index":"index","follow":"follow","max-snippet":"max-snippet:-1","max-image-preview":"max-image-preview:large","max-video-preview":"max-video-preview:-1"},"canonical":"https:\/\/www.csj-emballages.com\/es\/produit\/especias-salchicha-fresca-sin-gluten-sin-lactosa-5-kg\/","og_locale":"es_ES","og_type":"article","og_title":"Especias para salchicha fresca sin gluten\/sin lactosa en formato de 5 kg","og_description":"Especias para salchicha fresca sin gluten\/sin lactosa \u2013 cubo de 5 kg Mezcla lista para usar con un sabor aut\u00e9ntico, ideal para profesionales y amantes de la charcuter\u00eda.","og_url":"https:\/\/www.csj-emballages.com\/es\/produit\/especias-salchicha-fresca-sin-gluten-sin-lactosa-5-kg\/","og_site_name":"CSJ Emballages","article_publisher":"https:\/\/www.facebook.com\/csjemballages","article_modified_time":"2026-03-13T01:10:18+00:00","og_image":[{"width":800,"height":800,"url":"https:\/\/www.csj-emballages.com\/wp-content\/uploads\/2024\/03\/Epices-saucisse-sans-gluten-sans-lactose.webp","type":"image\/webp"}],"twitter_card":"summary_large_image","twitter_misc":{"Tiempo de lectura":"2 minutos"},"schema":{"@context":"https:\/\/schema.org","@graph":[{"@type":"WebPage","@id":"https:\/\/www.csj-emballages.com\/es\/produit\/especias-salchicha-fresca-sin-gluten-sin-lactosa-5-kg\/","url":"https:\/\/www.csj-emballages.com\/es\/produit\/especias-salchicha-fresca-sin-gluten-sin-lactosa-5-kg\/","name":"Especias para salchicha fresca sin gluten\/sin lactosa en formato de 5 kg","isPartOf":{"@id":"https:\/\/www.csj-emballages.com\/es\/#website"},"primaryImageOfPage":{"@id":"https:\/\/www.csj-emballages.com\/es\/produit\/especias-salchicha-fresca-sin-gluten-sin-lactosa-5-kg\/#primaryimage"},"image":{"@id":"https:\/\/www.csj-emballages.com\/es\/produit\/especias-salchicha-fresca-sin-gluten-sin-lactosa-5-kg\/#primaryimage"},"thumbnailUrl":"https:\/\/www.csj-emballages.com\/wp-content\/uploads\/2024\/03\/Epices-saucisse-sans-gluten-sans-lactose.webp","datePublished":"2024-03-01T15:59:39+00:00","dateModified":"2026-03-13T01:10:18+00:00","description":"Especias para salchicha fresca sin gluten\/sin lactosa \u2013 cubo de 5 kg Mezcla lista para usar con un sabor aut\u00e9ntico, ideal para profesionales y amantes de la charcuter\u00eda.","breadcrumb":{"@id":"https:\/\/www.csj-emballages.com\/es\/produit\/especias-salchicha-fresca-sin-gluten-sin-lactosa-5-kg\/#breadcrumb"},"inLanguage":"es","potentialAction":[{"@type":"ReadAction","target":["https:\/\/www.csj-emballages.com\/es\/produit\/especias-salchicha-fresca-sin-gluten-sin-lactosa-5-kg\/"]}]},{"@type":"ImageObject","inLanguage":"es","@id":"https:\/\/www.csj-emballages.com\/es\/produit\/especias-salchicha-fresca-sin-gluten-sin-lactosa-5-kg\/#primaryimage","url":"https:\/\/www.csj-emballages.com\/wp-content\/uploads\/2024\/03\/Epices-saucisse-sans-gluten-sans-lactose.webp","contentUrl":"https:\/\/www.csj-emballages.com\/wp-content\/uploads\/2024\/03\/Epices-saucisse-sans-gluten-sans-lactose.webp","width":800,"height":800,"caption":"\u00c9pices saucisse sans gluten \/ sans lactose\u00a0"},{"@type":"BreadcrumbList","@id":"https:\/\/www.csj-emballages.com\/es\/produit\/especias-salchicha-fresca-sin-gluten-sin-lactosa-5-kg\/#breadcrumb","itemListElement":[{"@type":"ListItem","position":1,"name":"Accueil","item":"https:\/\/www.csj-emballages.com\/es\/universo-del-envasado-alimentario\/"},{"@type":"ListItem","position":2,"name":"Tienda","item":"https:\/\/www.csj-emballages.com\/tienda\/"},{"@type":"ListItem","position":3,"name":"Especias para salchicha fresca sin gluten\/sin lactosa en formato de 5 kg"}]},{"@type":"WebSite","@id":"https:\/\/www.csj-emballages.com\/es\/#website","url":"https:\/\/www.csj-emballages.com\/es\/","name":"CSJ Emballages","description":"","publisher":{"@id":"https:\/\/www.csj-emballages.com\/es\/#organization"},"potentialAction":[{"@type":"SearchAction","target":{"@type":"EntryPoint","urlTemplate":"https:\/\/www.csj-emballages.com\/es\/?s={search_term_string}"},"query-input":{"@type":"PropertyValueSpecification","valueRequired":true,"valueName":"search_term_string"}}],"inLanguage":"es"},{"@type":"Organization","@id":"https:\/\/www.csj-emballages.com\/es\/#Organization\/","name":"CSJ Emballages","url":"https:\/\/www.csj-emballages.com\/es\/","logo":{"@type":"ImageObject","inLanguage":"es","@id":"https:\/\/www.csj-emballages.com\/es\/#\/schema\/logo\/image\/","url":"https:\/\/www.csj-emballages.com\/wp-content\/uploads\/2023\/10\/logo_csj.webp","contentUrl":"https:\/\/www.csj-emballages.com\/wp-content\/uploads\/2023\/10\/logo_csj.webp","width":250,"height":95,"caption":"CSJ Emballages"},"image":{"@id":"https:\/\/www.csj-emballages.com\/es\/#\/schema\/logo\/image\/"},"sameAs":["https:\/\/www.facebook.com\/csjemballages"],"address":{"@type":"PostalAddress","streetAddress":"ZI La Lechere","addressLocality":"Patornay","postalCode":"39130","addressCountry":"FR"},"contactPoint":[{"@type":"ContactPoint","contactType":"Service client","telephone":"0384254272","email":"contact@csj-emballages.com"}]}]}},"df_price":26.43,"df_sale_price":26.43,"df_regular_price":37.76,"df_image_link":"https:\/\/www.csj-emballages.com\/wp-content\/uploads\/2024\/03\/Epices-saucisse-sans-gluten-sans-lactose-300x300.webp","tiered_pricing_type":"fixed","tiered_pricing_fixed_rules":[],"tiered_pricing_percentage_rules":[],"tiered_pricing_minimum":1,"tiered_pricing_roles_data":[],"_links":{"self":[{"href":"https:\/\/www.csj-emballages.com\/es\/wp-json\/wp\/v2\/product\/18306","targetHints":{"allow":["GET"]}}],"collection":[{"href":"https:\/\/www.csj-emballages.com\/es\/wp-json\/wp\/v2\/product"}],"about":[{"href":"https:\/\/www.csj-emballages.com\/es\/wp-json\/wp\/v2\/types\/product"}],"wp:featuredmedia":[{"embeddable":true,"href":"https:\/\/www.csj-emballages.com\/es\/wp-json\/wp\/v2\/media\/231443"}],"wp:attachment":[{"href":"https:\/\/www.csj-emballages.com\/es\/wp-json\/wp\/v2\/media?parent=18306"}],"wp:term":[{"taxonomy":"product_brand","embeddable":true,"href":"https:\/\/www.csj-emballages.com\/es\/wp-json\/wp\/v2\/product_brand?post=18306"},{"taxonomy":"product_cat","embeddable":true,"href":"https:\/\/www.csj-emballages.com\/es\/wp-json\/wp\/v2\/product_cat?post=18306"},{"taxonomy":"product_tag","embeddable":true,"href":"https:\/\/www.csj-emballages.com\/es\/wp-json\/wp\/v2\/product_tag?post=18306"}],"curies":[{"name":"wp","href":"https:\/\/api.w.org\/{rel}","templated":true}]}}