{"id":18300,"date":"2024-03-01T16:59:25","date_gmt":"2024-03-01T15:59:25","guid":{"rendered":"https:\/\/u15jnbdpoq.preview.infomaniak.website\/produit\/100-picos-de-carne-azul\/"},"modified":"2026-04-29T13:00:23","modified_gmt":"2026-04-29T11:00:23","slug":"100-picos-de-carne-azul","status":"publish","type":"product","link":"https:\/\/www.csj-emballages.com\/es\/produit\/100-picos-de-carne-azul\/","title":{"rendered":"Pincho de cocci\u00f3n para carne \u00abbleu\u00bb (x 100)"},"content":{"rendered":"<h2 class=\"p1\">Palillo de cocci\u00f3n para carne<\/h2>\n<hr>\n<h3>Descripci\u00f3n de nuestro palillo de cocci\u00f3n para carne \u00abal punto\u00bb por 100<\/h3>\n<p><!--more--><\/p>\n<p data-start=\"208\" data-end=\"631\">El <strong>palillo de cocci\u00f3n para carne \u00abal punto\u00bb<\/strong> es un accesorio indispensable para la <strong>cocci\u00f3n<\/strong>, la <strong>identificaci\u00f3n y la presentaci\u00f3n de las carnes<\/strong>, tanto en la restauraci\u00f3n profesional como en la carnicer\u00eda, el catering o la cocina colectiva. Dise\u00f1ado para resistir las altas temperaturas, este <strong>palillo<\/strong> permite identificar f\u00e1cilmente el punto de cocci\u00f3n de las carnes, especialmente en el caso de cocciones diferenciadas o de servicios de alto ritmo. <\/p>\n<p data-start=\"633\" data-end=\"990\">Su <strong>color azul<\/strong> se utiliza generalmente para indicar una <strong>carne poco hecha o sangrante<\/strong>, lo que facilita la organizaci\u00f3n en la cocina y limita el riesgo de errores al emplatar o servir. Esta <strong>identificaci\u00f3n visual<\/strong> r\u00e1pida mejora la <strong>comunicaci\u00f3n entre los equipos<\/strong> y permite ahorrar un tiempo valioso, especialmente durante los servicios intensivos. <\/p>\n<p data-start=\"992\" data-end=\"1352\">Fabricado en un material resistente al calor, el <strong>palillo de cocci\u00f3n<\/strong> soporta el calor de la carne. Se inserta f\u00e1cilmente en la carne y se mantiene en su sitio. Su forma est\u00e1 estudiada para una manipulaci\u00f3n sencilla y segura.  <\/p>\n<p data-start=\"1354\" data-end=\"1663\">Asimismo, acondicionado por lote de <strong>100 unidades<\/strong>, este <strong>palillo de cocci\u00f3n<\/strong> se adapta perfectamente a las necesidades de los profesionales, ofreciendo una soluci\u00f3n pr\u00e1ctica, econ\u00f3mica e higi\u00e9nica. Permite una gesti\u00f3n eficaz de los flujos en la cocina, garantizando al mismo tiempo una constancia en la calidad del servicio y el respeto de las peticiones de los clientes. <\/p>\n<p data-start=\"1665\" data-end=\"1870\">En resumen, el <strong>palillo de cocci\u00f3n para carne \u00abal punto\u00bb<\/strong> es una herramienta de identificaci\u00f3n indispensable y una organizaci\u00f3n \u00f3ptima en la cocina profesional.<\/p>\n<p data-start=\"1665\" data-end=\"1870\">\n<p data-start=\"1665\" data-end=\"1870\"><!--more--><\/p>\n<p data-start=\"1665\" data-end=\"1870\"><strong><span style=\"color: #ff0000\">*Atenci\u00f3n: este palillo no se utiliza durante la cocci\u00f3n de la carne.<\/span><\/strong><\/p>\n<p>&nbsp;<\/p>\n<p><!--more--><\/p>\n<p><strong>Ventajas :<\/strong><\/p>\n<ul>\n<li data-start=\"585\" data-end=\"672\">Permite identificar inmediatamente el punto de cocci\u00f3n de las carnes.<\/li>\n<li data-start=\"673\" data-end=\"766\">De madera adaptada al contacto alimentario y al calor.<\/li>\n<li data-start=\"767\" data-end=\"870\">Ideal para cocinas, parrillas y servicios de restauraci\u00f3n.<\/li>\n<li data-start=\"871\" data-end=\"948\" data-is-last-node=\"\">Lote de 100 para un uso en volumen.<\/li>\n<\/ul>\n<p>&nbsp;<\/p>\n<p><!--more--><\/p>\n<h4>Informaci\u00f3n adicional :<\/h4>\n<ul>\n<li><strong>Embalaje<\/strong>: Paquete de 100<\/li>\n<li><strong>Dimensiones<\/strong>: 80 mm<\/li>\n<li><strong>Material<\/strong>: Madera<\/li>\n<li><strong>Color<\/strong>: Azul<\/li>\n<\/ul>\n<p>&nbsp;<\/p>\n<p><!--more--><\/p>\n<p>Este producto tambi\u00e9n est\u00e1 disponible en : <span style=\"color: #d12727\"><a style=\"color: #d12727\" href=\"https:\/\/www.csj-emballages.com\/produit\/100-piques-cuisson-viande-saignant\/\">Raro<\/a><\/span> \/ <span style=\"color: #d12727\"><a style=\"color: #d12727\" href=\"https:\/\/www.csj-emballages.com\/produit\/100-piques-cuisson-viande-a-point\/\">Medio<\/a><\/span> \/ <span style=\"color: #d12727\"><a style=\"color: #d12727\" href=\"https:\/\/www.csj-emballages.com\/produit\/100-piques-cuisson-viande-bien-cuite\/\">Bien hecho<\/a><\/span><\/p>\n<p>&nbsp;<\/p>\n<p><!--more--><\/p>\n<p><a href=\"https:\/\/www.csj-emballages.com\/es\/categorie-produit\/envasado-de-alimentos\/carniceria-y-charcuteria\/recogida-de-alimentos\/aperitivos\/picos-de-madera-para-cocteles\/\">Ver el resto de nuestra gama de picos de madera<\/a><\/p>\n","protected":false},"excerpt":{"rendered":"<p>Palillo de cocci\u00f3n para carne Descripci\u00f3n de nuestro palillo de cocci\u00f3n para carne \u00abal punto\u00bb por 100<\/p>\n","protected":false},"featured_media":225257,"template":"","meta":{"_acf_changed":false},"product_brand":[],"product_cat":[1143,1324,1816,1824],"product_tag":[],"class_list":{"0":"post-18300","1":"product","2":"type-product","3":"status-publish","4":"has-post-thumbnail","6":"product_cat-carniceria-y-charcuteria","7":"product_cat-tazas-tarros-vasos","8":"product_cat-aperitivos","9":"product_cat-picos-de-madera-para-cocteles","11":"first","12":"instock","13":"taxable","14":"shipping-taxable","15":"purchasable","16":"product-type-simple"},"acf":[],"yoast_head":"<!-- This site is optimized with the Yoast SEO Premium plugin v26.6 (Yoast SEO v26.6) - https:\/\/yoast.com\/wordpress\/plugins\/seo\/ -->\n<title>Picos de carne - &quot;azul&quot; por 100<\/title>\n<meta name=\"description\" content=\"Facilite el servicio con los pinchos azules para carne (paquete de 100). Marque la carne para identificarla r\u00e1pidamente y servirla con precisi\u00f3n.\" \/>\n<meta name=\"robots\" content=\"index, follow, max-snippet:-1, max-image-preview:large, max-video-preview:-1\" \/>\n<link rel=\"canonical\" href=\"https:\/\/www.csj-emballages.com\/es\/produit\/100-picos-de-carne-azul\/\" \/>\n<meta property=\"og:locale\" content=\"es_ES\" \/>\n<meta property=\"og:type\" content=\"article\" \/>\n<meta property=\"og:title\" content=\"Pincho de cocci\u00f3n para carne &quot;bleu&quot; (x 100)\" \/>\n<meta property=\"og:description\" content=\"Facilite el servicio con los pinchos azules para carne (paquete de 100). Marque la carne para identificarla r\u00e1pidamente y servirla con precisi\u00f3n.\" \/>\n<meta property=\"og:url\" content=\"https:\/\/www.csj-emballages.com\/es\/produit\/100-picos-de-carne-azul\/\" \/>\n<meta property=\"og:site_name\" content=\"CSJ Emballages\" \/>\n<meta property=\"article:publisher\" content=\"https:\/\/www.facebook.com\/csjemballages\" \/>\n<meta property=\"article:modified_time\" content=\"2026-04-29T11:00:23+00:00\" \/>\n<meta property=\"og:image\" content=\"https:\/\/www.csj-emballages.com\/wp-content\/uploads\/2024\/03\/Piques-cuisson-viande-bleu.webp\" \/>\n\t<meta property=\"og:image:width\" content=\"800\" \/>\n\t<meta property=\"og:image:height\" content=\"800\" \/>\n\t<meta property=\"og:image:type\" content=\"image\/webp\" \/>\n<meta name=\"twitter:card\" content=\"summary_large_image\" \/>\n<meta name=\"twitter:label1\" content=\"Tiempo de lectura\" \/>\n\t<meta name=\"twitter:data1\" content=\"2 minutos\" \/>\n<script type=\"application\/ld+json\" class=\"yoast-schema-graph\">{\"@context\":\"https:\/\/schema.org\",\"@graph\":[{\"@type\":\"WebPage\",\"@id\":\"https:\/\/www.csj-emballages.com\/es\/produit\/100-picos-de-carne-azul\/\",\"url\":\"https:\/\/www.csj-emballages.com\/es\/produit\/100-picos-de-carne-azul\/\",\"name\":\"Picos de carne - \\\"azul\\\" por 100\",\"isPartOf\":{\"@id\":\"https:\/\/www.csj-emballages.com\/es\/#website\"},\"primaryImageOfPage\":{\"@id\":\"https:\/\/www.csj-emballages.com\/es\/produit\/100-picos-de-carne-azul\/#primaryimage\"},\"image\":{\"@id\":\"https:\/\/www.csj-emballages.com\/es\/produit\/100-picos-de-carne-azul\/#primaryimage\"},\"thumbnailUrl\":\"https:\/\/www.csj-emballages.com\/wp-content\/uploads\/2024\/03\/Piques-cuisson-viande-bleu.webp\",\"datePublished\":\"2024-03-01T15:59:25+00:00\",\"dateModified\":\"2026-04-29T11:00:23+00:00\",\"description\":\"Facilite el servicio con los pinchos azules para carne (paquete de 100). Marque la carne para identificarla r\u00e1pidamente y servirla con precisi\u00f3n.\",\"breadcrumb\":{\"@id\":\"https:\/\/www.csj-emballages.com\/es\/produit\/100-picos-de-carne-azul\/#breadcrumb\"},\"inLanguage\":\"es\",\"potentialAction\":[{\"@type\":\"ReadAction\",\"target\":[\"https:\/\/www.csj-emballages.com\/es\/produit\/100-picos-de-carne-azul\/\"]}]},{\"@type\":\"ImageObject\",\"inLanguage\":\"es\",\"@id\":\"https:\/\/www.csj-emballages.com\/es\/produit\/100-picos-de-carne-azul\/#primaryimage\",\"url\":\"https:\/\/www.csj-emballages.com\/wp-content\/uploads\/2024\/03\/Piques-cuisson-viande-bleu.webp\",\"contentUrl\":\"https:\/\/www.csj-emballages.com\/wp-content\/uploads\/2024\/03\/Piques-cuisson-viande-bleu.webp\",\"width\":800,\"height\":800,\"caption\":\"piques cuisson viande\"},{\"@type\":\"BreadcrumbList\",\"@id\":\"https:\/\/www.csj-emballages.com\/es\/produit\/100-picos-de-carne-azul\/#breadcrumb\",\"itemListElement\":[{\"@type\":\"ListItem\",\"position\":1,\"name\":\"Accueil\",\"item\":\"https:\/\/www.csj-emballages.com\/es\/universo-del-envasado-alimentario\/\"},{\"@type\":\"ListItem\",\"position\":2,\"name\":\"Tienda\",\"item\":\"https:\/\/www.csj-emballages.com\/tienda\/\"},{\"@type\":\"ListItem\",\"position\":3,\"name\":\"Pincho de cocci\u00f3n para carne \u00ab\u00a0bleu\u00a0\u00bb (x 100)\"}]},{\"@type\":\"WebSite\",\"@id\":\"https:\/\/www.csj-emballages.com\/es\/#website\",\"url\":\"https:\/\/www.csj-emballages.com\/es\/\",\"name\":\"CSJ Emballages\",\"description\":\"\",\"publisher\":{\"@id\":\"https:\/\/www.csj-emballages.com\/es\/#organization\"},\"potentialAction\":[{\"@type\":\"SearchAction\",\"target\":{\"@type\":\"EntryPoint\",\"urlTemplate\":\"https:\/\/www.csj-emballages.com\/es\/?s={search_term_string}\"},\"query-input\":{\"@type\":\"PropertyValueSpecification\",\"valueRequired\":true,\"valueName\":\"search_term_string\"}}],\"inLanguage\":\"es\"},{\"@type\":\"Organization\",\"@id\":\"https:\/\/www.csj-emballages.com\/es\/#Organization\/\",\"name\":\"CSJ Emballages\",\"url\":\"https:\/\/www.csj-emballages.com\/es\/\",\"logo\":{\"@type\":\"ImageObject\",\"inLanguage\":\"es\",\"@id\":\"https:\/\/www.csj-emballages.com\/es\/#\/schema\/logo\/image\/\",\"url\":\"https:\/\/www.csj-emballages.com\/wp-content\/uploads\/2023\/10\/logo_csj.webp\",\"contentUrl\":\"https:\/\/www.csj-emballages.com\/wp-content\/uploads\/2023\/10\/logo_csj.webp\",\"width\":250,\"height\":95,\"caption\":\"CSJ Emballages\"},\"image\":{\"@id\":\"https:\/\/www.csj-emballages.com\/es\/#\/schema\/logo\/image\/\"},\"sameAs\":[\"https:\/\/www.facebook.com\/csjemballages\"],\"address\":{\"@type\":\"PostalAddress\",\"streetAddress\":\"ZI La Lechere\",\"addressLocality\":\"Patornay\",\"postalCode\":\"39130\",\"addressCountry\":\"FR\"},\"contactPoint\":[{\"@type\":\"ContactPoint\",\"contactType\":\"Service client\",\"telephone\":\"0384254272\",\"email\":\"contact@csj-emballages.com\"}]}]}<\/script>\n<!-- \/ Yoast SEO Premium plugin. -->","yoast_head_json":{"title":"Picos de carne - \"azul\" por 100","description":"Facilite el servicio con los pinchos azules para carne (paquete de 100). Marque la carne para identificarla r\u00e1pidamente y servirla con precisi\u00f3n.","robots":{"index":"index","follow":"follow","max-snippet":"max-snippet:-1","max-image-preview":"max-image-preview:large","max-video-preview":"max-video-preview:-1"},"canonical":"https:\/\/www.csj-emballages.com\/es\/produit\/100-picos-de-carne-azul\/","og_locale":"es_ES","og_type":"article","og_title":"Pincho de cocci\u00f3n para carne \"bleu\" (x 100)","og_description":"Facilite el servicio con los pinchos azules para carne (paquete de 100). Marque la carne para identificarla r\u00e1pidamente y servirla con precisi\u00f3n.","og_url":"https:\/\/www.csj-emballages.com\/es\/produit\/100-picos-de-carne-azul\/","og_site_name":"CSJ Emballages","article_publisher":"https:\/\/www.facebook.com\/csjemballages","article_modified_time":"2026-04-29T11:00:23+00:00","og_image":[{"width":800,"height":800,"url":"https:\/\/www.csj-emballages.com\/wp-content\/uploads\/2024\/03\/Piques-cuisson-viande-bleu.webp","type":"image\/webp"}],"twitter_card":"summary_large_image","twitter_misc":{"Tiempo de lectura":"2 minutos"},"schema":{"@context":"https:\/\/schema.org","@graph":[{"@type":"WebPage","@id":"https:\/\/www.csj-emballages.com\/es\/produit\/100-picos-de-carne-azul\/","url":"https:\/\/www.csj-emballages.com\/es\/produit\/100-picos-de-carne-azul\/","name":"Picos de carne - \"azul\" por 100","isPartOf":{"@id":"https:\/\/www.csj-emballages.com\/es\/#website"},"primaryImageOfPage":{"@id":"https:\/\/www.csj-emballages.com\/es\/produit\/100-picos-de-carne-azul\/#primaryimage"},"image":{"@id":"https:\/\/www.csj-emballages.com\/es\/produit\/100-picos-de-carne-azul\/#primaryimage"},"thumbnailUrl":"https:\/\/www.csj-emballages.com\/wp-content\/uploads\/2024\/03\/Piques-cuisson-viande-bleu.webp","datePublished":"2024-03-01T15:59:25+00:00","dateModified":"2026-04-29T11:00:23+00:00","description":"Facilite el servicio con los pinchos azules para carne (paquete de 100). Marque la carne para identificarla r\u00e1pidamente y servirla con precisi\u00f3n.","breadcrumb":{"@id":"https:\/\/www.csj-emballages.com\/es\/produit\/100-picos-de-carne-azul\/#breadcrumb"},"inLanguage":"es","potentialAction":[{"@type":"ReadAction","target":["https:\/\/www.csj-emballages.com\/es\/produit\/100-picos-de-carne-azul\/"]}]},{"@type":"ImageObject","inLanguage":"es","@id":"https:\/\/www.csj-emballages.com\/es\/produit\/100-picos-de-carne-azul\/#primaryimage","url":"https:\/\/www.csj-emballages.com\/wp-content\/uploads\/2024\/03\/Piques-cuisson-viande-bleu.webp","contentUrl":"https:\/\/www.csj-emballages.com\/wp-content\/uploads\/2024\/03\/Piques-cuisson-viande-bleu.webp","width":800,"height":800,"caption":"piques cuisson viande"},{"@type":"BreadcrumbList","@id":"https:\/\/www.csj-emballages.com\/es\/produit\/100-picos-de-carne-azul\/#breadcrumb","itemListElement":[{"@type":"ListItem","position":1,"name":"Accueil","item":"https:\/\/www.csj-emballages.com\/es\/universo-del-envasado-alimentario\/"},{"@type":"ListItem","position":2,"name":"Tienda","item":"https:\/\/www.csj-emballages.com\/tienda\/"},{"@type":"ListItem","position":3,"name":"Pincho de cocci\u00f3n para carne \u00ab\u00a0bleu\u00a0\u00bb (x 100)"}]},{"@type":"WebSite","@id":"https:\/\/www.csj-emballages.com\/es\/#website","url":"https:\/\/www.csj-emballages.com\/es\/","name":"CSJ Emballages","description":"","publisher":{"@id":"https:\/\/www.csj-emballages.com\/es\/#organization"},"potentialAction":[{"@type":"SearchAction","target":{"@type":"EntryPoint","urlTemplate":"https:\/\/www.csj-emballages.com\/es\/?s={search_term_string}"},"query-input":{"@type":"PropertyValueSpecification","valueRequired":true,"valueName":"search_term_string"}}],"inLanguage":"es"},{"@type":"Organization","@id":"https:\/\/www.csj-emballages.com\/es\/#Organization\/","name":"CSJ Emballages","url":"https:\/\/www.csj-emballages.com\/es\/","logo":{"@type":"ImageObject","inLanguage":"es","@id":"https:\/\/www.csj-emballages.com\/es\/#\/schema\/logo\/image\/","url":"https:\/\/www.csj-emballages.com\/wp-content\/uploads\/2023\/10\/logo_csj.webp","contentUrl":"https:\/\/www.csj-emballages.com\/wp-content\/uploads\/2023\/10\/logo_csj.webp","width":250,"height":95,"caption":"CSJ Emballages"},"image":{"@id":"https:\/\/www.csj-emballages.com\/es\/#\/schema\/logo\/image\/"},"sameAs":["https:\/\/www.facebook.com\/csjemballages"],"address":{"@type":"PostalAddress","streetAddress":"ZI La Lechere","addressLocality":"Patornay","postalCode":"39130","addressCountry":"FR"},"contactPoint":[{"@type":"ContactPoint","contactType":"Service client","telephone":"0384254272","email":"contact@csj-emballages.com"}]}]}},"df_price":1.68,"df_sale_price":"","df_regular_price":1.68,"df_image_link":"https:\/\/www.csj-emballages.com\/wp-content\/uploads\/2024\/03\/Piques-cuisson-viande-bleu-300x300.webp","tiered_pricing_type":"fixed","tiered_pricing_fixed_rules":[],"tiered_pricing_percentage_rules":[],"tiered_pricing_minimum":1,"tiered_pricing_roles_data":[],"_links":{"self":[{"href":"https:\/\/www.csj-emballages.com\/es\/wp-json\/wp\/v2\/product\/18300","targetHints":{"allow":["GET"]}}],"collection":[{"href":"https:\/\/www.csj-emballages.com\/es\/wp-json\/wp\/v2\/product"}],"about":[{"href":"https:\/\/www.csj-emballages.com\/es\/wp-json\/wp\/v2\/types\/product"}],"wp:featuredmedia":[{"embeddable":true,"href":"https:\/\/www.csj-emballages.com\/es\/wp-json\/wp\/v2\/media\/225257"}],"wp:attachment":[{"href":"https:\/\/www.csj-emballages.com\/es\/wp-json\/wp\/v2\/media?parent=18300"}],"wp:term":[{"taxonomy":"product_brand","embeddable":true,"href":"https:\/\/www.csj-emballages.com\/es\/wp-json\/wp\/v2\/product_brand?post=18300"},{"taxonomy":"product_cat","embeddable":true,"href":"https:\/\/www.csj-emballages.com\/es\/wp-json\/wp\/v2\/product_cat?post=18300"},{"taxonomy":"product_tag","embeddable":true,"href":"https:\/\/www.csj-emballages.com\/es\/wp-json\/wp\/v2\/product_tag?post=18300"}],"curies":[{"name":"wp","href":"https:\/\/api.w.org\/{rel}","templated":true}]}}