{"id":18292,"date":"2024-03-01T16:59:23","date_gmt":"2024-03-01T15:59:23","guid":{"rendered":"https:\/\/u15jnbdpoq.preview.infomaniak.website\/produit\/rascador-de-suelo-de-espuma-blanca-45-cm\/"},"modified":"2026-04-28T02:11:10","modified_gmt":"2026-04-28T00:11:10","slug":"rascador-de-suelo-de-espuma-blanca-45-cm","status":"publish","type":"product","link":"https:\/\/www.csj-emballages.com\/es\/produit\/rascador-de-suelo-de-espuma-blanca-45-cm\/","title":{"rendered":"Rascador de alimentos de espuma blanca 45 cm"},"content":{"rendered":"<h2>Rascador de alimentos<\/h2>\n<hr>\n<h3>Descripci\u00f3n de nuestro rascador de suelo de espuma blanca 45 cm<!--more--><\/h3>\n<div class=\"flex max-w-full flex-col flex-grow\">\n<div class=\"min-h-8 text-message flex w-full flex-col items-end gap-2 whitespace-normal break-words text-start [.text-message+&amp;]:mt-5\" dir=\"auto\" data-message-author-role=\"assistant\" data-message-id=\"266ca6f3-5e07-4948-bd20-80ac5e6da4a5\" data-message-model-slug=\"gpt-4o\">\n<div class=\"flex w-full flex-col gap-1 empty:hidden first:pt-[3px]\">\n<div class=\"markdown prose w-full break-words dark:prose-invert dark\">\n<p data-start=\"245\" data-end=\"652\">Esta <strong>racleta alimentaria<\/strong> de <strong data-start=\"272\" data-end=\"281\">45 cm<\/strong> es claramente el tipo de herramienta que se adopta r\u00e1pidamente\u2026 y que no se suelta. Ha sido dise\u00f1ada para que la limpieza de suelos sea m\u00e1s sencilla, r\u00e1pida y, sobre todo, m\u00e1s eficaz en entornos profesionales. Gracias a su <strong>l\u00e1mina de espuma blanca<\/strong>, se desliza f\u00e1cilmente sobre el suelo y recoge el agua, los l\u00edquidos o los residuos sin dejar rastro.  <\/p>\n<p data-start=\"654\" data-end=\"1014\">Lo que marca la diferencia es precisamente esta <strong>espuma flexible pero resistente<\/strong>. Se adapta a las irregularidades del suelo, lo que permite limpiar de una sola pasada, incluso en las zonas complicadas. Ya sea en una cocina profesional, en un laboratorio, en la industria agroalimentaria o en una zona de preparaci\u00f3n, asegura un resultado impecable, sin esfuerzo innecesario.  <\/p>\n<p data-start=\"1016\" data-end=\"1414\">Su formato de <strong data-start=\"1027\" data-end=\"1036\">45 cm<\/strong> ofrece un buen equilibrio: lo suficientemente ancho para cubrir una gran superficie r\u00e1pidamente, pero lo suficientemente manejable para ser preciso en espacios m\u00e1s estrechos. Adem\u00e1s, su soporte s\u00f3lido garantiza una buena durabilidad, incluso en caso de uso intensivo. Se fija f\u00e1cilmente a un <strong>mango compatible<\/strong>, lo que permite un agarre c\u00f3modo y un movimiento natural.  <\/p>\n<p data-start=\"1416\" data-end=\"1677\">En el d\u00eda a d\u00eda, esta <strong>racleta<\/strong> le ahorra tiempo, reduce la fatiga y mejora claramente la higiene de los suelos. Es una herramienta sencilla, eficaz y fiable, perfectamente adaptada a las exigencias de los profesionales que buscan un material pr\u00e1ctico y duradero. <\/p>\n<h3><\/h3>\n<\/div>\n<\/div>\n<\/div>\n<\/div>\n<p><!--more--><\/p>\n<h4>Ventajas :<\/h4>\n<ul>\n<li data-start=\"1705\" data-end=\"1748\"><strong>L\u00e1mina de espuma<\/strong> <strong>blanca<\/strong> flexible y eficaz.<\/li>\n<li data-start=\"1751\" data-end=\"1798\"><strong>Ancho de 45 cm<\/strong> ideal para una limpieza r\u00e1pida.<\/li>\n<li data-start=\"1801\" data-end=\"1834\">Adaptada a las normas alimentarias.<\/li>\n<li data-start=\"1837\" data-end=\"1875\">Excelente recogida de l\u00edquidos.<\/li>\n<li data-start=\"1878\" data-end=\"1914\">Uso c\u00f3modo y preciso.<\/li>\n<li data-start=\"1917\" data-end=\"1961\">Adecuada para entornos profesionales.<\/li>\n<\/ul>\n<p>&nbsp;<\/p>\n<p><!--more--><\/p>\n<h4>Informaci\u00f3n adicional :<\/h4>\n<ul>\n<li><strong>Embalaje<\/strong>: Se vende individualmente<\/li>\n<li><strong>Longitud<\/strong>: 45 cm<\/li>\n<li><b>Color: <\/b>Blanco<\/li>\n<li><strong>Uso<\/strong>: Alimentaci\u00f3n<\/li>\n<\/ul>\n<p>&nbsp;<\/p>\n<p><!--more--><\/p>\n<p><a href=\"https:\/\/www.csj-emballages.com\/es\/categorie-produit\/higiene-y-mantenimiento\/cepillos-y-escobas\/raclette-es\/\">Ver el resto de nuestra gama de raclette<\/a><\/p>\n","protected":false},"excerpt":{"rendered":"<p>Rascador de alimentos Descripci\u00f3n de nuestro rascador de suelo de espuma blanca 45 cm<\/p>\n","protected":false},"featured_media":221462,"template":"","meta":{"_acf_changed":false},"product_brand":[],"product_cat":[1226,1420,1843],"product_tag":[],"class_list":{"0":"post-18292","1":"product","2":"type-product","3":"status-publish","4":"has-post-thumbnail","6":"product_cat-higiene-y-mantenimiento","7":"product_cat-cepillos-y-escobas","8":"product_cat-raclette-es","10":"first","11":"instock","12":"taxable","13":"shipping-taxable","14":"purchasable","15":"product-type-simple"},"acf":[],"yoast_head":"<!-- This site is optimized with the Yoast SEO Premium plugin v26.6 (Yoast SEO v26.6) - https:\/\/yoast.com\/wordpress\/plugins\/seo\/ -->\n<title>Rasqueta de espuma blanca 45 cm<\/title>\n<meta name=\"description\" content=\"El rascador de espuma blanca para suelos de 45 cm garantiza una limpieza higi\u00e9nica y eficaz de los suelos en entornos alimentarios.\" \/>\n<meta name=\"robots\" content=\"index, follow, max-snippet:-1, max-image-preview:large, max-video-preview:-1\" \/>\n<link rel=\"canonical\" href=\"https:\/\/www.csj-emballages.com\/es\/produit\/rascador-de-suelo-de-espuma-blanca-45-cm\/\" \/>\n<meta property=\"og:locale\" content=\"es_ES\" \/>\n<meta property=\"og:type\" content=\"article\" \/>\n<meta property=\"og:title\" content=\"Rascador de alimentos de espuma blanca 45 cm\" \/>\n<meta property=\"og:description\" content=\"El rascador de espuma blanca para suelos de 45 cm garantiza una limpieza higi\u00e9nica y eficaz de los suelos en entornos alimentarios.\" \/>\n<meta property=\"og:url\" content=\"https:\/\/www.csj-emballages.com\/es\/produit\/rascador-de-suelo-de-espuma-blanca-45-cm\/\" \/>\n<meta property=\"og:site_name\" content=\"CSJ Emballages\" \/>\n<meta property=\"article:publisher\" content=\"https:\/\/www.facebook.com\/csjemballages\" \/>\n<meta property=\"article:modified_time\" content=\"2026-04-28T00:11:10+00:00\" \/>\n<meta property=\"og:image\" content=\"https:\/\/www.csj-emballages.com\/wp-content\/uploads\/2024\/03\/127C.webp\" \/>\n\t<meta property=\"og:image:width\" content=\"800\" \/>\n\t<meta property=\"og:image:height\" content=\"800\" \/>\n\t<meta property=\"og:image:type\" content=\"image\/webp\" \/>\n<meta name=\"twitter:card\" content=\"summary_large_image\" \/>\n<meta name=\"twitter:label1\" content=\"Tiempo de lectura\" \/>\n\t<meta name=\"twitter:data1\" content=\"2 minutos\" \/>\n<script type=\"application\/ld+json\" class=\"yoast-schema-graph\">{\"@context\":\"https:\/\/schema.org\",\"@graph\":[{\"@type\":\"WebPage\",\"@id\":\"https:\/\/www.csj-emballages.com\/es\/produit\/rascador-de-suelo-de-espuma-blanca-45-cm\/\",\"url\":\"https:\/\/www.csj-emballages.com\/es\/produit\/rascador-de-suelo-de-espuma-blanca-45-cm\/\",\"name\":\"Rasqueta de espuma blanca 45 cm\",\"isPartOf\":{\"@id\":\"https:\/\/www.csj-emballages.com\/es\/#website\"},\"primaryImageOfPage\":{\"@id\":\"https:\/\/www.csj-emballages.com\/es\/produit\/rascador-de-suelo-de-espuma-blanca-45-cm\/#primaryimage\"},\"image\":{\"@id\":\"https:\/\/www.csj-emballages.com\/es\/produit\/rascador-de-suelo-de-espuma-blanca-45-cm\/#primaryimage\"},\"thumbnailUrl\":\"https:\/\/www.csj-emballages.com\/wp-content\/uploads\/2024\/03\/127C.webp\",\"datePublished\":\"2024-03-01T15:59:23+00:00\",\"dateModified\":\"2026-04-28T00:11:10+00:00\",\"description\":\"El rascador de espuma blanca para suelos de 45 cm garantiza una limpieza higi\u00e9nica y eficaz de los suelos en entornos alimentarios.\",\"breadcrumb\":{\"@id\":\"https:\/\/www.csj-emballages.com\/es\/produit\/rascador-de-suelo-de-espuma-blanca-45-cm\/#breadcrumb\"},\"inLanguage\":\"es\",\"potentialAction\":[{\"@type\":\"ReadAction\",\"target\":[\"https:\/\/www.csj-emballages.com\/es\/produit\/rascador-de-suelo-de-espuma-blanca-45-cm\/\"]}]},{\"@type\":\"ImageObject\",\"inLanguage\":\"es\",\"@id\":\"https:\/\/www.csj-emballages.com\/es\/produit\/rascador-de-suelo-de-espuma-blanca-45-cm\/#primaryimage\",\"url\":\"https:\/\/www.csj-emballages.com\/wp-content\/uploads\/2024\/03\/127C.webp\",\"contentUrl\":\"https:\/\/www.csj-emballages.com\/wp-content\/uploads\/2024\/03\/127C.webp\",\"width\":800,\"height\":800,\"caption\":\"Raclette alimentaire\"},{\"@type\":\"BreadcrumbList\",\"@id\":\"https:\/\/www.csj-emballages.com\/es\/produit\/rascador-de-suelo-de-espuma-blanca-45-cm\/#breadcrumb\",\"itemListElement\":[{\"@type\":\"ListItem\",\"position\":1,\"name\":\"Accueil\",\"item\":\"https:\/\/www.csj-emballages.com\/es\/universo-del-envasado-alimentario\/\"},{\"@type\":\"ListItem\",\"position\":2,\"name\":\"Tienda\",\"item\":\"https:\/\/www.csj-emballages.com\/tienda\/\"},{\"@type\":\"ListItem\",\"position\":3,\"name\":\"Rascador de alimentos de espuma blanca 45 cm\"}]},{\"@type\":\"WebSite\",\"@id\":\"https:\/\/www.csj-emballages.com\/es\/#website\",\"url\":\"https:\/\/www.csj-emballages.com\/es\/\",\"name\":\"CSJ Emballages\",\"description\":\"\",\"publisher\":{\"@id\":\"https:\/\/www.csj-emballages.com\/es\/#organization\"},\"potentialAction\":[{\"@type\":\"SearchAction\",\"target\":{\"@type\":\"EntryPoint\",\"urlTemplate\":\"https:\/\/www.csj-emballages.com\/es\/?s={search_term_string}\"},\"query-input\":{\"@type\":\"PropertyValueSpecification\",\"valueRequired\":true,\"valueName\":\"search_term_string\"}}],\"inLanguage\":\"es\"},{\"@type\":\"Organization\",\"@id\":\"https:\/\/www.csj-emballages.com\/es\/#Organization\/\",\"name\":\"CSJ Emballages\",\"url\":\"https:\/\/www.csj-emballages.com\/es\/\",\"logo\":{\"@type\":\"ImageObject\",\"inLanguage\":\"es\",\"@id\":\"https:\/\/www.csj-emballages.com\/es\/#\/schema\/logo\/image\/\",\"url\":\"https:\/\/www.csj-emballages.com\/wp-content\/uploads\/2023\/10\/logo_csj.webp\",\"contentUrl\":\"https:\/\/www.csj-emballages.com\/wp-content\/uploads\/2023\/10\/logo_csj.webp\",\"width\":250,\"height\":95,\"caption\":\"CSJ Emballages\"},\"image\":{\"@id\":\"https:\/\/www.csj-emballages.com\/es\/#\/schema\/logo\/image\/\"},\"sameAs\":[\"https:\/\/www.facebook.com\/csjemballages\"],\"address\":{\"@type\":\"PostalAddress\",\"streetAddress\":\"ZI La Lechere\",\"addressLocality\":\"Patornay\",\"postalCode\":\"39130\",\"addressCountry\":\"FR\"},\"contactPoint\":[{\"@type\":\"ContactPoint\",\"contactType\":\"Service client\",\"telephone\":\"0384254272\",\"email\":\"contact@csj-emballages.com\"}]}]}<\/script>\n<!-- \/ Yoast SEO Premium plugin. -->","yoast_head_json":{"title":"Rasqueta de espuma blanca 45 cm","description":"El rascador de espuma blanca para suelos de 45 cm garantiza una limpieza higi\u00e9nica y eficaz de los suelos en entornos alimentarios.","robots":{"index":"index","follow":"follow","max-snippet":"max-snippet:-1","max-image-preview":"max-image-preview:large","max-video-preview":"max-video-preview:-1"},"canonical":"https:\/\/www.csj-emballages.com\/es\/produit\/rascador-de-suelo-de-espuma-blanca-45-cm\/","og_locale":"es_ES","og_type":"article","og_title":"Rascador de alimentos de espuma blanca 45 cm","og_description":"El rascador de espuma blanca para suelos de 45 cm garantiza una limpieza higi\u00e9nica y eficaz de los suelos en entornos alimentarios.","og_url":"https:\/\/www.csj-emballages.com\/es\/produit\/rascador-de-suelo-de-espuma-blanca-45-cm\/","og_site_name":"CSJ Emballages","article_publisher":"https:\/\/www.facebook.com\/csjemballages","article_modified_time":"2026-04-28T00:11:10+00:00","og_image":[{"width":800,"height":800,"url":"https:\/\/www.csj-emballages.com\/wp-content\/uploads\/2024\/03\/127C.webp","type":"image\/webp"}],"twitter_card":"summary_large_image","twitter_misc":{"Tiempo de lectura":"2 minutos"},"schema":{"@context":"https:\/\/schema.org","@graph":[{"@type":"WebPage","@id":"https:\/\/www.csj-emballages.com\/es\/produit\/rascador-de-suelo-de-espuma-blanca-45-cm\/","url":"https:\/\/www.csj-emballages.com\/es\/produit\/rascador-de-suelo-de-espuma-blanca-45-cm\/","name":"Rasqueta de espuma blanca 45 cm","isPartOf":{"@id":"https:\/\/www.csj-emballages.com\/es\/#website"},"primaryImageOfPage":{"@id":"https:\/\/www.csj-emballages.com\/es\/produit\/rascador-de-suelo-de-espuma-blanca-45-cm\/#primaryimage"},"image":{"@id":"https:\/\/www.csj-emballages.com\/es\/produit\/rascador-de-suelo-de-espuma-blanca-45-cm\/#primaryimage"},"thumbnailUrl":"https:\/\/www.csj-emballages.com\/wp-content\/uploads\/2024\/03\/127C.webp","datePublished":"2024-03-01T15:59:23+00:00","dateModified":"2026-04-28T00:11:10+00:00","description":"El rascador de espuma blanca para suelos de 45 cm garantiza una limpieza higi\u00e9nica y eficaz de los suelos en entornos alimentarios.","breadcrumb":{"@id":"https:\/\/www.csj-emballages.com\/es\/produit\/rascador-de-suelo-de-espuma-blanca-45-cm\/#breadcrumb"},"inLanguage":"es","potentialAction":[{"@type":"ReadAction","target":["https:\/\/www.csj-emballages.com\/es\/produit\/rascador-de-suelo-de-espuma-blanca-45-cm\/"]}]},{"@type":"ImageObject","inLanguage":"es","@id":"https:\/\/www.csj-emballages.com\/es\/produit\/rascador-de-suelo-de-espuma-blanca-45-cm\/#primaryimage","url":"https:\/\/www.csj-emballages.com\/wp-content\/uploads\/2024\/03\/127C.webp","contentUrl":"https:\/\/www.csj-emballages.com\/wp-content\/uploads\/2024\/03\/127C.webp","width":800,"height":800,"caption":"Raclette alimentaire"},{"@type":"BreadcrumbList","@id":"https:\/\/www.csj-emballages.com\/es\/produit\/rascador-de-suelo-de-espuma-blanca-45-cm\/#breadcrumb","itemListElement":[{"@type":"ListItem","position":1,"name":"Accueil","item":"https:\/\/www.csj-emballages.com\/es\/universo-del-envasado-alimentario\/"},{"@type":"ListItem","position":2,"name":"Tienda","item":"https:\/\/www.csj-emballages.com\/tienda\/"},{"@type":"ListItem","position":3,"name":"Rascador de alimentos de espuma blanca 45 cm"}]},{"@type":"WebSite","@id":"https:\/\/www.csj-emballages.com\/es\/#website","url":"https:\/\/www.csj-emballages.com\/es\/","name":"CSJ Emballages","description":"","publisher":{"@id":"https:\/\/www.csj-emballages.com\/es\/#organization"},"potentialAction":[{"@type":"SearchAction","target":{"@type":"EntryPoint","urlTemplate":"https:\/\/www.csj-emballages.com\/es\/?s={search_term_string}"},"query-input":{"@type":"PropertyValueSpecification","valueRequired":true,"valueName":"search_term_string"}}],"inLanguage":"es"},{"@type":"Organization","@id":"https:\/\/www.csj-emballages.com\/es\/#Organization\/","name":"CSJ Emballages","url":"https:\/\/www.csj-emballages.com\/es\/","logo":{"@type":"ImageObject","inLanguage":"es","@id":"https:\/\/www.csj-emballages.com\/es\/#\/schema\/logo\/image\/","url":"https:\/\/www.csj-emballages.com\/wp-content\/uploads\/2023\/10\/logo_csj.webp","contentUrl":"https:\/\/www.csj-emballages.com\/wp-content\/uploads\/2023\/10\/logo_csj.webp","width":250,"height":95,"caption":"CSJ Emballages"},"image":{"@id":"https:\/\/www.csj-emballages.com\/es\/#\/schema\/logo\/image\/"},"sameAs":["https:\/\/www.facebook.com\/csjemballages"],"address":{"@type":"PostalAddress","streetAddress":"ZI La Lechere","addressLocality":"Patornay","postalCode":"39130","addressCountry":"FR"},"contactPoint":[{"@type":"ContactPoint","contactType":"Service client","telephone":"0384254272","email":"contact@csj-emballages.com"}]}]}},"df_price":7.24,"df_sale_price":"","df_regular_price":7.24,"df_image_link":"https:\/\/www.csj-emballages.com\/wp-content\/uploads\/2024\/03\/127C-300x300.webp","tiered_pricing_type":"fixed","tiered_pricing_fixed_rules":[],"tiered_pricing_percentage_rules":[],"tiered_pricing_minimum":1,"tiered_pricing_roles_data":[],"_links":{"self":[{"href":"https:\/\/www.csj-emballages.com\/es\/wp-json\/wp\/v2\/product\/18292","targetHints":{"allow":["GET"]}}],"collection":[{"href":"https:\/\/www.csj-emballages.com\/es\/wp-json\/wp\/v2\/product"}],"about":[{"href":"https:\/\/www.csj-emballages.com\/es\/wp-json\/wp\/v2\/types\/product"}],"wp:featuredmedia":[{"embeddable":true,"href":"https:\/\/www.csj-emballages.com\/es\/wp-json\/wp\/v2\/media\/221462"}],"wp:attachment":[{"href":"https:\/\/www.csj-emballages.com\/es\/wp-json\/wp\/v2\/media?parent=18292"}],"wp:term":[{"taxonomy":"product_brand","embeddable":true,"href":"https:\/\/www.csj-emballages.com\/es\/wp-json\/wp\/v2\/product_brand?post=18292"},{"taxonomy":"product_cat","embeddable":true,"href":"https:\/\/www.csj-emballages.com\/es\/wp-json\/wp\/v2\/product_cat?post=18292"},{"taxonomy":"product_tag","embeddable":true,"href":"https:\/\/www.csj-emballages.com\/es\/wp-json\/wp\/v2\/product_tag?post=18292"}],"curies":[{"name":"wp","href":"https:\/\/api.w.org\/{rel}","templated":true}]}}