{"id":18291,"date":"2024-03-01T16:59:24","date_gmt":"2024-03-01T15:59:24","guid":{"rendered":"https:\/\/u15jnbdpoq.preview.infomaniak.website\/produit\/1000-etiquetas-de-plata-placer-de-dar\/"},"modified":"2026-03-12T16:03:50","modified_gmt":"2026-03-12T15:03:50","slug":"1000-etiquetas-de-plata-placer-de-dar","status":"publish","type":"product","link":"https:\/\/www.csj-emballages.com\/es\/produit\/1000-etiquetas-de-plata-placer-de-dar\/","title":{"rendered":"Etiqueta adhesiva plateada \u00abEl placer de dar\u00bb, paquete de 1000"},"content":{"rendered":"<div style=\"box-sizing: inherit; font-family: Roboto, sans-serif;\">\n<div style=\"box-sizing: inherit; font-family: Roboto, sans-serif;\">\n<div style=\"box-sizing: inherit; font-family: Roboto, sans-serif;\">\n<div style=\"box-sizing: inherit; font-family: Roboto, sans-serif;\">\n<div style=\"box-sizing: inherit; font-family: Roboto, sans-serif;\">\n<div style=\"box-sizing: inherit; font-family: Roboto, sans-serif;\">\n<div style=\"box-sizing: inherit; font-family: Roboto, sans-serif;\">\n<div style=\"box-sizing: inherit; font-family: Roboto, sans-serif;\">\n<div style=\"box-sizing: inherit; font-family: Roboto, sans-serif;\">\n<div style=\"box-sizing: inherit; font-family: Roboto, sans-serif;\">\n<div style=\"box-sizing: inherit; font-family: Roboto, sans-serif;\">\n<div style=\"box-sizing: inherit; font-family: Roboto, sans-serif;\">\n<div style=\"box-sizing: inherit; font-family: Roboto, sans-serif;\">\n<div class=\"flex flex-grow flex-col max-w-full\">\n<div class=\"min-h-[20px] text-message flex flex-col items-start whitespace-pre-wrap break-words [.text-message+&amp;]:mt-5 juice:w-full juice:items-end overflow-x-auto gap-2\" dir=\"auto\" data-message-author-role=\"assistant\" data-message-id=\"2034782e-88f9-44ef-b4dc-07dd7bf0115f\">\n<div class=\"flex w-full flex-col gap-1 juice:empty:hidden juice:first:pt-[3px]\">\n<div class=\"markdown prose w-full break-words dark:prose-invert light\">\n<div style=\"box-sizing: inherit; font-family: Roboto, sans-serif;\">\n<div style=\"box-sizing: inherit; font-family: Roboto, sans-serif;\">\n<div style=\"box-sizing: inherit; font-family: Roboto, sans-serif;\">\n<div style=\"box-sizing: inherit; font-family: Roboto, sans-serif;\">\n<div style=\"box-sizing: inherit; font-family: Roboto, sans-serif;\">\n<div style=\"box-sizing: inherit; font-family: Roboto, sans-serif;\">\n<h2 class=\"p1\">Etiqueta adhesiva plateada<\/h2>\n<div style=\"box-sizing: inherit; font-family: Roboto, sans-serif;\">\n<div style=\"box-sizing: inherit; font-family: Roboto, sans-serif;\">\n<div style=\"box-sizing: inherit; font-family: Roboto, sans-serif;\">\n<div style=\"text-align: center;\">\n<div style=\"box-sizing: inherit; font-family: Roboto, sans-serif;\">\n<div style=\"box-sizing: inherit; font-family: Roboto, sans-serif;\">\n<div style=\"box-sizing: inherit; font-family: Roboto, sans-serif;\">\n<div style=\"box-sizing: inherit; font-family: Roboto, sans-serif;\">\n<div style=\"box-sizing: inherit; font-family: Roboto, sans-serif;\">\n<div style=\"box-sizing: inherit; font-family: Roboto, sans-serif; text-align: left;\">\n<hr>\n<h3 style=\"text-align: left;\">Descripci\u00f3n de nuestra etiqueta adhesiva plateada \u00abplaisir d&#8217;offrir\u00bb por 1000<\/h3>\n<h3 style=\"text-align: left;\"><!--more--><\/h3>\n<\/div>\n<\/div>\n<\/div>\n<\/div>\n<\/div>\n<\/div>\n<\/div>\n<\/div>\n<\/div>\n<\/div>\n<\/div>\n<\/div>\n<\/div>\n<\/div>\n<\/div>\n<\/div>\n<\/div>\n<\/div>\n<\/div>\n<\/div>\n<\/div>\n<\/div>\n<\/div>\n<\/div>\n<\/div>\n<\/div>\n<\/div>\n<\/div>\n<\/div>\n<\/div>\n<\/div>\n<\/div>\n<\/div>\n<div style=\"box-sizing: inherit; font-family: Roboto, sans-serif;\">\n<div style=\"box-sizing: inherit; font-family: Roboto, sans-serif;\">\n<div style=\"box-sizing: inherit; font-family: Roboto, sans-serif;\">\n<div style=\"box-sizing: inherit; font-family: Roboto, sans-serif;\">\n<div style=\"box-sizing: inherit; font-family: Roboto, sans-serif;\">\n<div style=\"box-sizing: inherit; font-family: Roboto, sans-serif;\">\n<div style=\"box-sizing: inherit; font-family: Roboto, sans-serif;\">\n<div style=\"box-sizing: inherit; font-family: Roboto, sans-serif;\">\n<div style=\"box-sizing: inherit; font-family: Roboto, sans-serif;\">\n<div style=\"box-sizing: inherit; font-family: Roboto, sans-serif;\">\n<div style=\"box-sizing: inherit; font-family: Roboto, sans-serif;\">\n<div style=\"box-sizing: inherit; font-family: Roboto, sans-serif;\">\n<div style=\"box-sizing: inherit; font-family: Roboto, sans-serif;\">\n<div class=\"flex flex-grow flex-col max-w-full\">\n<div class=\"min-h-[20px] text-message flex flex-col items-start whitespace-pre-wrap break-words [.text-message+&amp;]:mt-5 juice:w-full juice:items-end overflow-x-auto gap-2\" dir=\"auto\" data-message-author-role=\"assistant\" data-message-id=\"2034782e-88f9-44ef-b4dc-07dd7bf0115f\">\n<div class=\"flex w-full flex-col gap-1 juice:empty:hidden juice:first:pt-[3px]\">\n<div class=\"markdown prose w-full break-words dark:prose-invert light\">\n<div style=\"box-sizing: inherit; font-family: Roboto, sans-serif;\">\n<div style=\"box-sizing: inherit; font-family: Roboto, sans-serif;\">\n<div style=\"box-sizing: inherit; font-family: Roboto, sans-serif;\">\n<div style=\"box-sizing: inherit; font-family: Roboto, sans-serif;\">\n<div style=\"box-sizing: inherit; font-family: Roboto, sans-serif;\">\n<div style=\"box-sizing: inherit; font-family: Roboto, sans-serif;\">\n<p data-start=\"0\" data-end=\"388\">A\u00f1ada un toque de elegancia a cada regalo con nuestra <strong data-start=\"86\" data-end=\"125\">etiqueta adhesiva plateada \u00abEl placer de regalar\u00bb.<\/strong> Fabricadas en <strong data-start=\"138\" data-end=\"167\">papel adhesivo de alta calidad<\/strong>, estas <strong>etiquetas plateadas<\/strong> miden <strong data-start=\"193\" data-end=\"207\">32 x 19 mm<\/strong> y se presentan en <strong data-start=\"228\" data-end=\"252\">cajas de 1000 unidades<\/strong>. Gracias a su <strong data-start=\"267\" data-end=\"298\">acabado plateado<\/strong> brillante, a\u00f1aden al instante un toque festivo y profesional a todos sus envases.  <\/p>\n<p data-start=\"390\" data-end=\"797\">Pr\u00e1cticas y refinadas, estas <strong>etiquetas<\/strong> encajan perfectamente en sus <strong data-start=\"460\" data-end=\"487\">envases alimentarios<\/strong>, cajas de regalo o sobres gourmet. Si es usted <strong data-start=\"541\" data-end=\"564\">chocolatero artesano<\/strong>, <strong data-start=\"566\" data-end=\"579\">panadero<\/strong>, <strong data-start=\"581\" data-end=\"593\">restaurador<\/strong> o simplemente un apasionado de la presentaci\u00f3n, estas etiquetas subrayan su atenci\u00f3n por el detalle. Adem\u00e1s, su <strong data-start=\"693\" data-end=\"711\">tama\u00f1o compacto<\/strong> las hace ideales para decorar tanto peque\u00f1os envases como grandes cajas de regalo.  <\/p>\n<p data-start=\"799\" data-end=\"1121\">La <strong data-start=\"802\" data-end=\"825\">caja dispensadora<\/strong> facilita el almacenamiento y la recogida: basta con extraer una <strong>etiqueta autoadhesiva<\/strong> y pegarla directamente en el envase. Se acabaron las p\u00e9rdidas de tiempo. Adem\u00e1s, el potente adhesivo garantiza una sujeci\u00f3n perfecta en una gran variedad de sustratos, como cart\u00f3n, papel kraft y pl\u00e1stico liso.  <\/p>\n<p data-start=\"1123\" data-end=\"1477\">Si elige estas <strong>etiquetas autoadhesivas \u00abPlaisir d&#8217;offrir<\/strong>\u00ab, podr\u00e1 transmitir un <strong data-start=\"1190\" data-end=\"1212\">c\u00e1lido mensaje<\/strong> a sus clientes al tiempo que realza el valor de sus productos. Un simple detalle como una etiqueta decorativa puede convertir un envase corriente en un regalo listo para entregar. De este modo, refuerza su imagen de marca y crea una <strong data-start=\"1445\" data-end=\"1476\">experiencia memorable para el cliente<\/strong>.  <\/p>\n<p data-start=\"1479\" data-end=\"1840\">En resumen, estas <strong>etiquetas plateadas<\/strong> son la elecci\u00f3n ideal para realzar sus creaciones y transmitir su pasi\u00f3n. Gracias a su <strong data-start=\"1606\" data-end=\"1620\">estilo chic<\/strong>, su <strong data-start=\"1627\" data-end=\"1647\">adherencia fiable<\/strong> y su <strong data-start=\"1656\" data-end=\"1681\">distribuci\u00f3n pr\u00e1ctica<\/strong>, se convertir\u00e1n r\u00e1pidamente en imprescindibles en su taller o tienda. No se limite a regalar un producto, regale el <strong data-start=\"1819\" data-end=\"1839\">placer de regalar<\/strong>.  <\/p>\n<p><!--more--><\/p>\n<h4 style=\"text-align: left;\">Ventajas :<\/h4>\n<ul style=\"text-align: left;\">\n<li>Elegante <strong data-start=\"2069\" data-end=\"2090\">acabado plateado<\/strong> para realzar cada envase.<\/li>\n<li>Pr\u00e1ctica <strong data-start=\"2136\" data-end=\"2159\">caja dispensadora<\/strong> para un uso r\u00e1pido y ordenado.<\/li>\n<li><strong data-start=\"2206\" data-end=\"2226\">Potente adhesivo<\/strong> adecuado para diversos sustratos (cart\u00f3n, pl\u00e1stico, kraft).<\/li>\n<li>Formato de <strong data-start=\"2291\" data-end=\"2303\">32&#215;19 mm<\/strong> perfecto para todo tipo de regalos o productos alimenticios.<\/li>\n<\/ul>\n<\/div>\n<\/div>\n<\/div>\n<\/div>\n<\/div>\n<\/div>\n<\/div>\n<\/div>\n<\/div>\n<\/div>\n<\/div>\n<\/div>\n<p>&nbsp;<\/p>\n<\/div>\n<\/div>\n<\/div>\n<\/div>\n<\/div>\n<\/div>\n<\/div>\n<\/div>\n<\/div>\n<\/div>\n<\/div>\n<p><!--more--><\/p>\n<h4>Informaci\u00f3n adicional :<\/h4>\n<ul style=\"box-sizing: inherit; font-family: Roboto, sans-serif;\">\n<li><strong>Envase<\/strong>: Paquete de 1000<\/li>\n<li><span style=\"font-weight: bold;\">Dimensiones<\/span>: 32 x 19 mm<\/li>\n<li><strong>Color<\/strong>: Plata \/ Negro<\/li>\n<\/ul>\n<p>&nbsp;<\/p>\n<p><!--more--><\/p>\n<p>Esta etiqueta tambi\u00e9n est\u00e1 disponible en dorado : <span style=\"color: #d12727;\"><a style=\"color: #d12727;\" href=\"https:\/\/www.csj-emballages.com\/es\/produit\/1000-etiquetas-doradas-placer-de-dar\/\">11121<\/a><\/span><\/p>\n<div style=\"box-sizing: inherit; font-family: Roboto, sans-serif;\">\n<div style=\"box-sizing: inherit; font-family: Roboto, sans-serif;\">\n<div style=\"box-sizing: inherit; font-family: Roboto, sans-serif;\">\n<div style=\"box-sizing: inherit; font-family: Roboto, sans-serif;\">\n<div style=\"box-sizing: inherit; font-family: Roboto, sans-serif;\">\n<div style=\"box-sizing: inherit; font-family: Roboto, sans-serif;\">\n<p>&nbsp;<\/p>\n<p><!--more--><\/p>\n<p><a href=\"https:\/\/www.csj-emballages.com\/es\/categorie-produit\/envasado-de-alimentos\/noel-es\/accesorios-embalaje-decorativo\/etiquetas-es-2\/\">Ver el resto de nuestra gama de etiquetas adhesivas decorativas<\/a><\/p>\n<\/div>\n<\/div>\n<\/div>\n<\/div>\n<\/div>\n<\/div>\n","protected":false},"excerpt":{"rendered":"<p>Etiqueta adhesiva plateada Descripci\u00f3n de nuestra etiqueta adhesiva plateada \u00abplaisir d&#8217;offrir\u00bb por 1000<\/p>\n","protected":false},"featured_media":243811,"template":"","meta":{"_acf_changed":false},"product_brand":[],"product_cat":[1150,1145,1820,1488,1828],"product_tag":[],"class_list":{"0":"post-18291","1":"product","2":"type-product","3":"status-publish","4":"has-post-thumbnail","6":"product_cat-envasado-de-alimentos","7":"product_cat-panaderia-y-pasteleria","8":"product_cat-etiquetas-2","9":"product_cat-tienda-y-almacen","10":"product_cat-etiquetas-es","12":"first","13":"instock","14":"taxable","15":"shipping-taxable","16":"purchasable","17":"product-type-simple"},"acf":[],"yoast_head":"<!-- This site is optimized with the Yoast SEO Premium plugin v26.6 (Yoast SEO v26.6) - https:\/\/yoast.com\/wordpress\/plugins\/seo\/ -->\n<title>Etiqueta adhesiva plateada &quot;Plaisir d&#039;Offrir&quot; - Paquete de 1000<\/title>\n<meta name=\"description\" content=\"Etiqueta adhesiva plateada &quot;Plaisir d&#039;offrir&quot; 32x19 mm en caja de 1000: potente adhesivo, dise\u00f1o elegante, ideal para el envasado de regalos y alimentos.\" \/>\n<meta name=\"robots\" content=\"index, follow, max-snippet:-1, max-image-preview:large, max-video-preview:-1\" \/>\n<link rel=\"canonical\" href=\"https:\/\/www.csj-emballages.com\/es\/produit\/1000-etiquetas-de-plata-placer-de-dar\/\" \/>\n<meta property=\"og:locale\" content=\"es_ES\" \/>\n<meta property=\"og:type\" content=\"article\" \/>\n<meta property=\"og:title\" content=\"Etiqueta adhesiva plateada &quot;El placer de dar&quot;, paquete de 1000\" \/>\n<meta property=\"og:description\" content=\"Etiqueta adhesiva plateada &quot;Plaisir d&#039;offrir&quot; 32x19 mm en caja de 1000: potente adhesivo, dise\u00f1o elegante, ideal para el envasado de regalos y alimentos.\" \/>\n<meta property=\"og:url\" content=\"https:\/\/www.csj-emballages.com\/es\/produit\/1000-etiquetas-de-plata-placer-de-dar\/\" \/>\n<meta property=\"og:site_name\" content=\"CSJ Emballages\" \/>\n<meta property=\"article:publisher\" content=\"https:\/\/www.facebook.com\/csjemballages\" \/>\n<meta property=\"article:modified_time\" content=\"2026-03-12T15:03:50+00:00\" \/>\n<meta property=\"og:image\" content=\"https:\/\/www.csj-emballages.com\/wp-content\/uploads\/2024\/03\/11122.webp\" \/>\n\t<meta property=\"og:image:width\" content=\"800\" \/>\n\t<meta property=\"og:image:height\" content=\"800\" \/>\n\t<meta property=\"og:image:type\" content=\"image\/webp\" \/>\n<meta name=\"twitter:card\" content=\"summary_large_image\" \/>\n<meta name=\"twitter:label1\" content=\"Tiempo de lectura\" \/>\n\t<meta name=\"twitter:data1\" content=\"2 minutos\" \/>\n<script type=\"application\/ld+json\" class=\"yoast-schema-graph\">{\"@context\":\"https:\/\/schema.org\",\"@graph\":[{\"@type\":\"WebPage\",\"@id\":\"https:\/\/www.csj-emballages.com\/es\/produit\/1000-etiquetas-de-plata-placer-de-dar\/\",\"url\":\"https:\/\/www.csj-emballages.com\/es\/produit\/1000-etiquetas-de-plata-placer-de-dar\/\",\"name\":\"Etiqueta adhesiva plateada \\\"Plaisir d'Offrir\\\" - Paquete de 1000\",\"isPartOf\":{\"@id\":\"https:\/\/www.csj-emballages.com\/es\/#website\"},\"primaryImageOfPage\":{\"@id\":\"https:\/\/www.csj-emballages.com\/es\/produit\/1000-etiquetas-de-plata-placer-de-dar\/#primaryimage\"},\"image\":{\"@id\":\"https:\/\/www.csj-emballages.com\/es\/produit\/1000-etiquetas-de-plata-placer-de-dar\/#primaryimage\"},\"thumbnailUrl\":\"https:\/\/www.csj-emballages.com\/wp-content\/uploads\/2024\/03\/11122.webp\",\"datePublished\":\"2024-03-01T15:59:24+00:00\",\"dateModified\":\"2026-03-12T15:03:50+00:00\",\"description\":\"Etiqueta adhesiva plateada \\\"Plaisir d'offrir\\\" 32x19 mm en caja de 1000: potente adhesivo, dise\u00f1o elegante, ideal para el envasado de regalos y alimentos.\",\"breadcrumb\":{\"@id\":\"https:\/\/www.csj-emballages.com\/es\/produit\/1000-etiquetas-de-plata-placer-de-dar\/#breadcrumb\"},\"inLanguage\":\"es\",\"potentialAction\":[{\"@type\":\"ReadAction\",\"target\":[\"https:\/\/www.csj-emballages.com\/es\/produit\/1000-etiquetas-de-plata-placer-de-dar\/\"]}]},{\"@type\":\"ImageObject\",\"inLanguage\":\"es\",\"@id\":\"https:\/\/www.csj-emballages.com\/es\/produit\/1000-etiquetas-de-plata-placer-de-dar\/#primaryimage\",\"url\":\"https:\/\/www.csj-emballages.com\/wp-content\/uploads\/2024\/03\/11122.webp\",\"contentUrl\":\"https:\/\/www.csj-emballages.com\/wp-content\/uploads\/2024\/03\/11122.webp\",\"width\":800,\"height\":800,\"caption\":\"\u00c9tiquette argent\"},{\"@type\":\"BreadcrumbList\",\"@id\":\"https:\/\/www.csj-emballages.com\/es\/produit\/1000-etiquetas-de-plata-placer-de-dar\/#breadcrumb\",\"itemListElement\":[{\"@type\":\"ListItem\",\"position\":1,\"name\":\"Accueil\",\"item\":\"https:\/\/www.csj-emballages.com\/es\/universo-del-envasado-alimentario\/\"},{\"@type\":\"ListItem\",\"position\":2,\"name\":\"Tienda\",\"item\":\"https:\/\/www.csj-emballages.com\/tienda\/\"},{\"@type\":\"ListItem\",\"position\":3,\"name\":\"Etiqueta adhesiva plateada \u00ab\u00a0El placer de dar\u00a0\u00bb, paquete de 1000\"}]},{\"@type\":\"WebSite\",\"@id\":\"https:\/\/www.csj-emballages.com\/es\/#website\",\"url\":\"https:\/\/www.csj-emballages.com\/es\/\",\"name\":\"CSJ Emballages\",\"description\":\"\",\"publisher\":{\"@id\":\"https:\/\/www.csj-emballages.com\/es\/#organization\"},\"potentialAction\":[{\"@type\":\"SearchAction\",\"target\":{\"@type\":\"EntryPoint\",\"urlTemplate\":\"https:\/\/www.csj-emballages.com\/es\/?s={search_term_string}\"},\"query-input\":{\"@type\":\"PropertyValueSpecification\",\"valueRequired\":true,\"valueName\":\"search_term_string\"}}],\"inLanguage\":\"es\"},{\"@type\":\"Organization\",\"@id\":\"https:\/\/www.csj-emballages.com\/es\/#Organization\/\",\"name\":\"CSJ Emballages\",\"url\":\"https:\/\/www.csj-emballages.com\/es\/\",\"logo\":{\"@type\":\"ImageObject\",\"inLanguage\":\"es\",\"@id\":\"https:\/\/www.csj-emballages.com\/es\/#\/schema\/logo\/image\/\",\"url\":\"https:\/\/www.csj-emballages.com\/wp-content\/uploads\/2023\/10\/logo_csj.webp\",\"contentUrl\":\"https:\/\/www.csj-emballages.com\/wp-content\/uploads\/2023\/10\/logo_csj.webp\",\"width\":250,\"height\":95,\"caption\":\"CSJ Emballages\"},\"image\":{\"@id\":\"https:\/\/www.csj-emballages.com\/es\/#\/schema\/logo\/image\/\"},\"sameAs\":[\"https:\/\/www.facebook.com\/csjemballages\"],\"address\":{\"@type\":\"PostalAddress\",\"streetAddress\":\"ZI La Lechere\",\"addressLocality\":\"Patornay\",\"postalCode\":\"39130\",\"addressCountry\":\"FR\"},\"contactPoint\":[{\"@type\":\"ContactPoint\",\"contactType\":\"Service client\",\"telephone\":\"0384254272\",\"email\":\"contact@csj-emballages.com\"}]}]}<\/script>\n<!-- \/ Yoast SEO Premium plugin. -->","yoast_head_json":{"title":"Etiqueta adhesiva plateada \"Plaisir d'Offrir\" - Paquete de 1000","description":"Etiqueta adhesiva plateada \"Plaisir d'offrir\" 32x19 mm en caja de 1000: potente adhesivo, dise\u00f1o elegante, ideal para el envasado de regalos y alimentos.","robots":{"index":"index","follow":"follow","max-snippet":"max-snippet:-1","max-image-preview":"max-image-preview:large","max-video-preview":"max-video-preview:-1"},"canonical":"https:\/\/www.csj-emballages.com\/es\/produit\/1000-etiquetas-de-plata-placer-de-dar\/","og_locale":"es_ES","og_type":"article","og_title":"Etiqueta adhesiva plateada \"El placer de dar\", paquete de 1000","og_description":"Etiqueta adhesiva plateada \"Plaisir d'offrir\" 32x19 mm en caja de 1000: potente adhesivo, dise\u00f1o elegante, ideal para el envasado de regalos y alimentos.","og_url":"https:\/\/www.csj-emballages.com\/es\/produit\/1000-etiquetas-de-plata-placer-de-dar\/","og_site_name":"CSJ Emballages","article_publisher":"https:\/\/www.facebook.com\/csjemballages","article_modified_time":"2026-03-12T15:03:50+00:00","og_image":[{"width":800,"height":800,"url":"https:\/\/www.csj-emballages.com\/wp-content\/uploads\/2024\/03\/11122.webp","type":"image\/webp"}],"twitter_card":"summary_large_image","twitter_misc":{"Tiempo de lectura":"2 minutos"},"schema":{"@context":"https:\/\/schema.org","@graph":[{"@type":"WebPage","@id":"https:\/\/www.csj-emballages.com\/es\/produit\/1000-etiquetas-de-plata-placer-de-dar\/","url":"https:\/\/www.csj-emballages.com\/es\/produit\/1000-etiquetas-de-plata-placer-de-dar\/","name":"Etiqueta adhesiva plateada \"Plaisir d'Offrir\" - Paquete de 1000","isPartOf":{"@id":"https:\/\/www.csj-emballages.com\/es\/#website"},"primaryImageOfPage":{"@id":"https:\/\/www.csj-emballages.com\/es\/produit\/1000-etiquetas-de-plata-placer-de-dar\/#primaryimage"},"image":{"@id":"https:\/\/www.csj-emballages.com\/es\/produit\/1000-etiquetas-de-plata-placer-de-dar\/#primaryimage"},"thumbnailUrl":"https:\/\/www.csj-emballages.com\/wp-content\/uploads\/2024\/03\/11122.webp","datePublished":"2024-03-01T15:59:24+00:00","dateModified":"2026-03-12T15:03:50+00:00","description":"Etiqueta adhesiva plateada \"Plaisir d'offrir\" 32x19 mm en caja de 1000: potente adhesivo, dise\u00f1o elegante, ideal para el envasado de regalos y alimentos.","breadcrumb":{"@id":"https:\/\/www.csj-emballages.com\/es\/produit\/1000-etiquetas-de-plata-placer-de-dar\/#breadcrumb"},"inLanguage":"es","potentialAction":[{"@type":"ReadAction","target":["https:\/\/www.csj-emballages.com\/es\/produit\/1000-etiquetas-de-plata-placer-de-dar\/"]}]},{"@type":"ImageObject","inLanguage":"es","@id":"https:\/\/www.csj-emballages.com\/es\/produit\/1000-etiquetas-de-plata-placer-de-dar\/#primaryimage","url":"https:\/\/www.csj-emballages.com\/wp-content\/uploads\/2024\/03\/11122.webp","contentUrl":"https:\/\/www.csj-emballages.com\/wp-content\/uploads\/2024\/03\/11122.webp","width":800,"height":800,"caption":"\u00c9tiquette argent"},{"@type":"BreadcrumbList","@id":"https:\/\/www.csj-emballages.com\/es\/produit\/1000-etiquetas-de-plata-placer-de-dar\/#breadcrumb","itemListElement":[{"@type":"ListItem","position":1,"name":"Accueil","item":"https:\/\/www.csj-emballages.com\/es\/universo-del-envasado-alimentario\/"},{"@type":"ListItem","position":2,"name":"Tienda","item":"https:\/\/www.csj-emballages.com\/tienda\/"},{"@type":"ListItem","position":3,"name":"Etiqueta adhesiva plateada \u00ab\u00a0El placer de dar\u00a0\u00bb, paquete de 1000"}]},{"@type":"WebSite","@id":"https:\/\/www.csj-emballages.com\/es\/#website","url":"https:\/\/www.csj-emballages.com\/es\/","name":"CSJ Emballages","description":"","publisher":{"@id":"https:\/\/www.csj-emballages.com\/es\/#organization"},"potentialAction":[{"@type":"SearchAction","target":{"@type":"EntryPoint","urlTemplate":"https:\/\/www.csj-emballages.com\/es\/?s={search_term_string}"},"query-input":{"@type":"PropertyValueSpecification","valueRequired":true,"valueName":"search_term_string"}}],"inLanguage":"es"},{"@type":"Organization","@id":"https:\/\/www.csj-emballages.com\/es\/#Organization\/","name":"CSJ Emballages","url":"https:\/\/www.csj-emballages.com\/es\/","logo":{"@type":"ImageObject","inLanguage":"es","@id":"https:\/\/www.csj-emballages.com\/es\/#\/schema\/logo\/image\/","url":"https:\/\/www.csj-emballages.com\/wp-content\/uploads\/2023\/10\/logo_csj.webp","contentUrl":"https:\/\/www.csj-emballages.com\/wp-content\/uploads\/2023\/10\/logo_csj.webp","width":250,"height":95,"caption":"CSJ Emballages"},"image":{"@id":"https:\/\/www.csj-emballages.com\/es\/#\/schema\/logo\/image\/"},"sameAs":["https:\/\/www.facebook.com\/csjemballages"],"address":{"@type":"PostalAddress","streetAddress":"ZI La Lechere","addressLocality":"Patornay","postalCode":"39130","addressCountry":"FR"},"contactPoint":[{"@type":"ContactPoint","contactType":"Service client","telephone":"0384254272","email":"contact@csj-emballages.com"}]}]}},"df_price":8.04,"df_sale_price":"","df_regular_price":8.04,"df_image_link":"https:\/\/www.csj-emballages.com\/wp-content\/uploads\/2024\/03\/11122-300x300.webp","tiered_pricing_type":"fixed","tiered_pricing_fixed_rules":[],"tiered_pricing_percentage_rules":[],"tiered_pricing_minimum":1,"tiered_pricing_roles_data":[],"_links":{"self":[{"href":"https:\/\/www.csj-emballages.com\/es\/wp-json\/wp\/v2\/product\/18291","targetHints":{"allow":["GET"]}}],"collection":[{"href":"https:\/\/www.csj-emballages.com\/es\/wp-json\/wp\/v2\/product"}],"about":[{"href":"https:\/\/www.csj-emballages.com\/es\/wp-json\/wp\/v2\/types\/product"}],"wp:featuredmedia":[{"embeddable":true,"href":"https:\/\/www.csj-emballages.com\/es\/wp-json\/wp\/v2\/media\/243811"}],"wp:attachment":[{"href":"https:\/\/www.csj-emballages.com\/es\/wp-json\/wp\/v2\/media?parent=18291"}],"wp:term":[{"taxonomy":"product_brand","embeddable":true,"href":"https:\/\/www.csj-emballages.com\/es\/wp-json\/wp\/v2\/product_brand?post=18291"},{"taxonomy":"product_cat","embeddable":true,"href":"https:\/\/www.csj-emballages.com\/es\/wp-json\/wp\/v2\/product_cat?post=18291"},{"taxonomy":"product_tag","embeddable":true,"href":"https:\/\/www.csj-emballages.com\/es\/wp-json\/wp\/v2\/product_tag?post=18291"}],"curies":[{"name":"wp","href":"https:\/\/api.w.org\/{rel}","templated":true}]}}