{"id":18284,"date":"2024-03-01T16:59:23","date_gmt":"2024-03-01T15:59:23","guid":{"rendered":"https:\/\/u15jnbdpoq.preview.infomaniak.website\/produit\/100-picos-de-carne-rara\/"},"modified":"2026-04-29T16:00:25","modified_gmt":"2026-04-29T14:00:25","slug":"100-picos-de-carne-rara","status":"publish","type":"product","link":"https:\/\/www.csj-emballages.com\/es\/produit\/100-picos-de-carne-rara\/","title":{"rendered":"Pinchos para carne al punto \u00absangrante\u00bb, por 100 unidades"},"content":{"rendered":"<h2 class=\"p1\">Palillo de cocci\u00f3n para carne<\/h2>\n<hr>\n<h3>Descripci\u00f3n de nuestros pinchos para carne al punto \u00absangrante\u00bb, por 100 unidades<\/h3>\n<p><!--more--><\/p>\n<p data-start=\"224\" data-end=\"657\">El <strong>pincho para carne \u00abSaignant\u00bb<\/strong> es un accesorio indispensable para los profesionales de la <strong>restauraci\u00f3n, los negocios de alimentaci\u00f3n y los servicios de catering<\/strong> que deseen garantizar una cocci\u00f3n precisa y f\u00e1cilmente <strong>identificable de las carnes<\/strong>. En efecto, dise\u00f1ado para ser insertado directamente en la <strong>pieza de carne despu\u00e9s de la cocci\u00f3n<\/strong>, este pincho permite indicar claramente el nivel de cocci\u00f3n \u00ab<strong>al punto sangrante<\/strong>\u00bb, evitando toda confusi\u00f3n durante el servicio. <\/p>\n<p data-start=\"659\" data-end=\"1114\">Simple, pr\u00e1ctico y eficaz, este sistema de <strong>identificaci\u00f3n visual<\/strong> es particularmente \u00fatil en la <strong>cocina profesional<\/strong> donde se realizan varias cocciones simult\u00e1neamente. Del mismo modo, permite un ahorro de tiempo considerable al limitar los <strong>errores y las devoluciones en cocina<\/strong>, al tiempo que garantiza una mejor organizaci\u00f3n del puesto de cocci\u00f3n. Gracias a su marcado legible, el nivel de cocci\u00f3n es identificable de un vistazo.  <\/p>\n<p data-start=\"1116\" data-end=\"1485\">Fabricado en un material resistente al calor, el <strong>pincho de cocci\u00f3n<\/strong> es adecuado para el calor de la carne despu\u00e9s de la cocci\u00f3n. Adem\u00e1s, conserva su forma y su legibilidad durante todo el servicio. Gracias a su peque\u00f1o formato, se inserta f\u00e1cilmente sin alterar el aspecto ni la calidad de la carne.  <\/p>\n<p data-start=\"1487\" data-end=\"1795\">Acondicionado por <strong>lote de 100 unidades<\/strong>, este producto es perfectamente adecuado para un uso intensivo en restaurantes. En resumen, se inscribe en un enfoque de eficacia y profesionalidad, garantizando una experiencia de cliente \u00f3ptima gracias al respeto preciso de las preferencias de cocci\u00f3n. <\/p>\n<p data-start=\"1487\" data-end=\"1795\">\n<p data-start=\"1487\" data-end=\"1795\"><!--more--><\/p>\n<p data-start=\"1487\" data-end=\"1795\"><strong><span style=\"color: #ff0000;\">*Atenci\u00f3n: este palillo no se utiliza durante la cocci\u00f3n de la carne.<\/span><\/strong><\/p>\n<p>&nbsp;<\/p>\n<p><!--more--><\/p>\n<p><strong>Ventajas :<\/strong><\/p>\n<ul>\n<li data-start=\"585\" data-end=\"672\">Gracias a su marcado, permite identificar inmediatamente la cocci\u00f3n de las carnes.<\/li>\n<li data-start=\"673\" data-end=\"766\">De madera adaptada al contacto alimentario y al calor.<\/li>\n<li data-start=\"767\" data-end=\"870\">Ideal para cocinas, parrillas y servicios de restauraci\u00f3n.<\/li>\n<li data-start=\"871\" data-end=\"948\" data-is-last-node=\"\"><strong>Lote de 100<\/strong> para una utilizaci\u00f3n en volumen.<\/li>\n<\/ul>\n<p>&nbsp;<\/p>\n<p><!--more--><\/p>\n<h4>Informaci\u00f3n adicional :<\/h4>\n<ul>\n<li><strong>Embalaje<\/strong>: Paquete de 100<\/li>\n<li><strong>Dimensiones<\/strong>: 80 mm<\/li>\n<li><strong>Material<\/strong>: Madera<\/li>\n<li><strong>Color<\/strong>: Rojo<\/li>\n<\/ul>\n<p>&nbsp;<\/p>\n<p><!--more--><\/p>\n<p>Este producto tambi\u00e9n est\u00e1 disponible en : <span style=\"color: #d12727;\"><a style=\"color: #d12727;\" href=\"https:\/\/www.csj-emballages.com\/produit\/100-piques-cuisson-viande-bien-cuit\/\">Bien cocido<\/a><\/span> \/ <span style=\"color: #d12727;\"><a style=\"color: #d12727;\" href=\"https:\/\/www.csj-emballages.com\/es\/produit\/100-picos-de-carne-medio-cruda\/\">Medio<\/a><\/span> \/ <span style=\"color: #d12727;\"><a style=\"color: #d12727;\" href=\"https:\/\/www.csj-emballages.com\/es\/produit\/100-picos-de-carne-azul\/\">Azul<\/a><\/span><\/p>\n<p>&nbsp;<\/p>\n<p><!--more--><\/p>\n<p><a href=\"https:\/\/www.csj-emballages.com\/es\/categorie-produit\/envasado-de-alimentos\/carniceria-y-charcuteria\/recogida-de-alimentos\/aperitivos\/picos-de-madera-para-cocteles\/\">Ver el resto de nuestra gama de picos de madera<\/a><\/p>\n","protected":false},"excerpt":{"rendered":"<p>Palillo de cocci\u00f3n para carne Descripci\u00f3n de nuestros pinchos para carne al punto \u00absangrante\u00bb, por 100 unidades<\/p>\n","protected":false},"featured_media":225278,"template":"","meta":{"_acf_changed":false},"product_brand":[],"product_cat":[1143,1324,1816,1824],"product_tag":[],"class_list":{"0":"post-18284","1":"product","2":"type-product","3":"status-publish","4":"has-post-thumbnail","6":"product_cat-carniceria-y-charcuteria","7":"product_cat-tazas-tarros-vasos","8":"product_cat-aperitivos","9":"product_cat-picos-de-madera-para-cocteles","11":"first","12":"instock","13":"taxable","14":"shipping-taxable","15":"purchasable","16":"product-type-simple"},"acf":[],"yoast_head":"<!-- This site is optimized with the Yoast SEO Premium plugin v26.6 (Yoast SEO v26.6) - https:\/\/yoast.com\/wordpress\/plugins\/seo\/ -->\n<title>Pinchos para Carne al Punto &quot;Sangrante&quot;, por 100 unidades<\/title>\n<meta name=\"description\" content=\"Facilite el servicio con los pinchos para carne al punto &quot;sangrante&quot; (lote de 100). Marque sus carnes para una identificaci\u00f3n r\u00e1pida y un servicio preciso.\" \/>\n<meta name=\"robots\" content=\"index, follow, max-snippet:-1, max-image-preview:large, max-video-preview:-1\" \/>\n<link rel=\"canonical\" href=\"https:\/\/www.csj-emballages.com\/es\/produit\/100-picos-de-carne-rara\/\" \/>\n<meta property=\"og:locale\" content=\"es_ES\" \/>\n<meta property=\"og:type\" content=\"article\" \/>\n<meta property=\"og:title\" content=\"Pinchos para carne al punto &quot;sangrante&quot;, por 100 unidades\" \/>\n<meta property=\"og:description\" content=\"Facilite el servicio con los pinchos para carne al punto &quot;sangrante&quot; (lote de 100). Marque sus carnes para una identificaci\u00f3n r\u00e1pida y un servicio preciso.\" \/>\n<meta property=\"og:url\" content=\"https:\/\/www.csj-emballages.com\/es\/produit\/100-picos-de-carne-rara\/\" \/>\n<meta property=\"og:site_name\" content=\"CSJ Emballages\" \/>\n<meta property=\"article:publisher\" content=\"https:\/\/www.facebook.com\/csjemballages\" \/>\n<meta property=\"article:modified_time\" content=\"2026-04-29T14:00:25+00:00\" \/>\n<meta property=\"og:image\" content=\"https:\/\/www.csj-emballages.com\/wp-content\/uploads\/2024\/03\/Piques-cuisson-viande-saignant-png.webp\" \/>\n\t<meta property=\"og:image:width\" content=\"800\" \/>\n\t<meta property=\"og:image:height\" content=\"800\" \/>\n\t<meta property=\"og:image:type\" content=\"image\/png\" \/>\n<meta name=\"twitter:card\" content=\"summary_large_image\" \/>\n<meta name=\"twitter:label1\" content=\"Tiempo de lectura\" \/>\n\t<meta name=\"twitter:data1\" content=\"2 minutos\" \/>\n<script type=\"application\/ld+json\" class=\"yoast-schema-graph\">{\"@context\":\"https:\/\/schema.org\",\"@graph\":[{\"@type\":\"WebPage\",\"@id\":\"https:\/\/www.csj-emballages.com\/es\/produit\/100-picos-de-carne-rara\/\",\"url\":\"https:\/\/www.csj-emballages.com\/es\/produit\/100-picos-de-carne-rara\/\",\"name\":\"Pinchos para Carne al Punto \\\"Sangrante\\\", por 100 unidades\",\"isPartOf\":{\"@id\":\"https:\/\/www.csj-emballages.com\/es\/#website\"},\"primaryImageOfPage\":{\"@id\":\"https:\/\/www.csj-emballages.com\/es\/produit\/100-picos-de-carne-rara\/#primaryimage\"},\"image\":{\"@id\":\"https:\/\/www.csj-emballages.com\/es\/produit\/100-picos-de-carne-rara\/#primaryimage\"},\"thumbnailUrl\":\"https:\/\/www.csj-emballages.com\/wp-content\/uploads\/2024\/03\/Piques-cuisson-viande-saignant-png.webp\",\"datePublished\":\"2024-03-01T15:59:23+00:00\",\"dateModified\":\"2026-04-29T14:00:25+00:00\",\"description\":\"Facilite el servicio con los pinchos para carne al punto \\\"sangrante\\\" (lote de 100). Marque sus carnes para una identificaci\u00f3n r\u00e1pida y un servicio preciso.\",\"breadcrumb\":{\"@id\":\"https:\/\/www.csj-emballages.com\/es\/produit\/100-picos-de-carne-rara\/#breadcrumb\"},\"inLanguage\":\"es\",\"potentialAction\":[{\"@type\":\"ReadAction\",\"target\":[\"https:\/\/www.csj-emballages.com\/es\/produit\/100-picos-de-carne-rara\/\"]}]},{\"@type\":\"ImageObject\",\"inLanguage\":\"es\",\"@id\":\"https:\/\/www.csj-emballages.com\/es\/produit\/100-picos-de-carne-rara\/#primaryimage\",\"url\":\"https:\/\/www.csj-emballages.com\/wp-content\/uploads\/2024\/03\/Piques-cuisson-viande-saignant-png.webp\",\"contentUrl\":\"https:\/\/www.csj-emballages.com\/wp-content\/uploads\/2024\/03\/Piques-cuisson-viande-saignant-png.webp\",\"width\":800,\"height\":800,\"caption\":\"piques cuisson viande\"},{\"@type\":\"BreadcrumbList\",\"@id\":\"https:\/\/www.csj-emballages.com\/es\/produit\/100-picos-de-carne-rara\/#breadcrumb\",\"itemListElement\":[{\"@type\":\"ListItem\",\"position\":1,\"name\":\"Accueil\",\"item\":\"https:\/\/www.csj-emballages.com\/es\/universo-del-envasado-alimentario\/\"},{\"@type\":\"ListItem\",\"position\":2,\"name\":\"Tienda\",\"item\":\"https:\/\/www.csj-emballages.com\/tienda\/\"},{\"@type\":\"ListItem\",\"position\":3,\"name\":\"Pinchos para carne al punto \u00ab\u00a0sangrante\u00a0\u00bb, por 100 unidades\"}]},{\"@type\":\"WebSite\",\"@id\":\"https:\/\/www.csj-emballages.com\/es\/#website\",\"url\":\"https:\/\/www.csj-emballages.com\/es\/\",\"name\":\"CSJ Emballages\",\"description\":\"\",\"publisher\":{\"@id\":\"https:\/\/www.csj-emballages.com\/es\/#organization\"},\"potentialAction\":[{\"@type\":\"SearchAction\",\"target\":{\"@type\":\"EntryPoint\",\"urlTemplate\":\"https:\/\/www.csj-emballages.com\/es\/?s={search_term_string}\"},\"query-input\":{\"@type\":\"PropertyValueSpecification\",\"valueRequired\":true,\"valueName\":\"search_term_string\"}}],\"inLanguage\":\"es\"},{\"@type\":\"Organization\",\"@id\":\"https:\/\/www.csj-emballages.com\/es\/#Organization\/\",\"name\":\"CSJ Emballages\",\"url\":\"https:\/\/www.csj-emballages.com\/es\/\",\"logo\":{\"@type\":\"ImageObject\",\"inLanguage\":\"es\",\"@id\":\"https:\/\/www.csj-emballages.com\/es\/#\/schema\/logo\/image\/\",\"url\":\"https:\/\/www.csj-emballages.com\/wp-content\/uploads\/2023\/10\/logo_csj.webp\",\"contentUrl\":\"https:\/\/www.csj-emballages.com\/wp-content\/uploads\/2023\/10\/logo_csj.webp\",\"width\":250,\"height\":95,\"caption\":\"CSJ Emballages\"},\"image\":{\"@id\":\"https:\/\/www.csj-emballages.com\/es\/#\/schema\/logo\/image\/\"},\"sameAs\":[\"https:\/\/www.facebook.com\/csjemballages\"],\"address\":{\"@type\":\"PostalAddress\",\"streetAddress\":\"ZI La Lechere\",\"addressLocality\":\"Patornay\",\"postalCode\":\"39130\",\"addressCountry\":\"FR\"},\"contactPoint\":[{\"@type\":\"ContactPoint\",\"contactType\":\"Service client\",\"telephone\":\"0384254272\",\"email\":\"contact@csj-emballages.com\"}]}]}<\/script>\n<!-- \/ Yoast SEO Premium plugin. -->","yoast_head_json":{"title":"Pinchos para Carne al Punto \"Sangrante\", por 100 unidades","description":"Facilite el servicio con los pinchos para carne al punto \"sangrante\" (lote de 100). Marque sus carnes para una identificaci\u00f3n r\u00e1pida y un servicio preciso.","robots":{"index":"index","follow":"follow","max-snippet":"max-snippet:-1","max-image-preview":"max-image-preview:large","max-video-preview":"max-video-preview:-1"},"canonical":"https:\/\/www.csj-emballages.com\/es\/produit\/100-picos-de-carne-rara\/","og_locale":"es_ES","og_type":"article","og_title":"Pinchos para carne al punto \"sangrante\", por 100 unidades","og_description":"Facilite el servicio con los pinchos para carne al punto \"sangrante\" (lote de 100). Marque sus carnes para una identificaci\u00f3n r\u00e1pida y un servicio preciso.","og_url":"https:\/\/www.csj-emballages.com\/es\/produit\/100-picos-de-carne-rara\/","og_site_name":"CSJ Emballages","article_publisher":"https:\/\/www.facebook.com\/csjemballages","article_modified_time":"2026-04-29T14:00:25+00:00","og_image":[{"width":800,"height":800,"url":"https:\/\/www.csj-emballages.com\/wp-content\/uploads\/2024\/03\/Piques-cuisson-viande-saignant-png.webp","type":"image\/png"}],"twitter_card":"summary_large_image","twitter_misc":{"Tiempo de lectura":"2 minutos"},"schema":{"@context":"https:\/\/schema.org","@graph":[{"@type":"WebPage","@id":"https:\/\/www.csj-emballages.com\/es\/produit\/100-picos-de-carne-rara\/","url":"https:\/\/www.csj-emballages.com\/es\/produit\/100-picos-de-carne-rara\/","name":"Pinchos para Carne al Punto \"Sangrante\", por 100 unidades","isPartOf":{"@id":"https:\/\/www.csj-emballages.com\/es\/#website"},"primaryImageOfPage":{"@id":"https:\/\/www.csj-emballages.com\/es\/produit\/100-picos-de-carne-rara\/#primaryimage"},"image":{"@id":"https:\/\/www.csj-emballages.com\/es\/produit\/100-picos-de-carne-rara\/#primaryimage"},"thumbnailUrl":"https:\/\/www.csj-emballages.com\/wp-content\/uploads\/2024\/03\/Piques-cuisson-viande-saignant-png.webp","datePublished":"2024-03-01T15:59:23+00:00","dateModified":"2026-04-29T14:00:25+00:00","description":"Facilite el servicio con los pinchos para carne al punto \"sangrante\" (lote de 100). Marque sus carnes para una identificaci\u00f3n r\u00e1pida y un servicio preciso.","breadcrumb":{"@id":"https:\/\/www.csj-emballages.com\/es\/produit\/100-picos-de-carne-rara\/#breadcrumb"},"inLanguage":"es","potentialAction":[{"@type":"ReadAction","target":["https:\/\/www.csj-emballages.com\/es\/produit\/100-picos-de-carne-rara\/"]}]},{"@type":"ImageObject","inLanguage":"es","@id":"https:\/\/www.csj-emballages.com\/es\/produit\/100-picos-de-carne-rara\/#primaryimage","url":"https:\/\/www.csj-emballages.com\/wp-content\/uploads\/2024\/03\/Piques-cuisson-viande-saignant-png.webp","contentUrl":"https:\/\/www.csj-emballages.com\/wp-content\/uploads\/2024\/03\/Piques-cuisson-viande-saignant-png.webp","width":800,"height":800,"caption":"piques cuisson viande"},{"@type":"BreadcrumbList","@id":"https:\/\/www.csj-emballages.com\/es\/produit\/100-picos-de-carne-rara\/#breadcrumb","itemListElement":[{"@type":"ListItem","position":1,"name":"Accueil","item":"https:\/\/www.csj-emballages.com\/es\/universo-del-envasado-alimentario\/"},{"@type":"ListItem","position":2,"name":"Tienda","item":"https:\/\/www.csj-emballages.com\/tienda\/"},{"@type":"ListItem","position":3,"name":"Pinchos para carne al punto \u00ab\u00a0sangrante\u00a0\u00bb, por 100 unidades"}]},{"@type":"WebSite","@id":"https:\/\/www.csj-emballages.com\/es\/#website","url":"https:\/\/www.csj-emballages.com\/es\/","name":"CSJ Emballages","description":"","publisher":{"@id":"https:\/\/www.csj-emballages.com\/es\/#organization"},"potentialAction":[{"@type":"SearchAction","target":{"@type":"EntryPoint","urlTemplate":"https:\/\/www.csj-emballages.com\/es\/?s={search_term_string}"},"query-input":{"@type":"PropertyValueSpecification","valueRequired":true,"valueName":"search_term_string"}}],"inLanguage":"es"},{"@type":"Organization","@id":"https:\/\/www.csj-emballages.com\/es\/#Organization\/","name":"CSJ Emballages","url":"https:\/\/www.csj-emballages.com\/es\/","logo":{"@type":"ImageObject","inLanguage":"es","@id":"https:\/\/www.csj-emballages.com\/es\/#\/schema\/logo\/image\/","url":"https:\/\/www.csj-emballages.com\/wp-content\/uploads\/2023\/10\/logo_csj.webp","contentUrl":"https:\/\/www.csj-emballages.com\/wp-content\/uploads\/2023\/10\/logo_csj.webp","width":250,"height":95,"caption":"CSJ Emballages"},"image":{"@id":"https:\/\/www.csj-emballages.com\/es\/#\/schema\/logo\/image\/"},"sameAs":["https:\/\/www.facebook.com\/csjemballages"],"address":{"@type":"PostalAddress","streetAddress":"ZI La Lechere","addressLocality":"Patornay","postalCode":"39130","addressCountry":"FR"},"contactPoint":[{"@type":"ContactPoint","contactType":"Service client","telephone":"0384254272","email":"contact@csj-emballages.com"}]}]}},"df_price":1.68,"df_sale_price":"","df_regular_price":1.68,"df_image_link":"https:\/\/www.csj-emballages.com\/wp-content\/uploads\/2024\/03\/Piques-cuisson-viande-saignant-300x300.webp","tiered_pricing_type":"fixed","tiered_pricing_fixed_rules":[],"tiered_pricing_percentage_rules":[],"tiered_pricing_minimum":1,"tiered_pricing_roles_data":[],"_links":{"self":[{"href":"https:\/\/www.csj-emballages.com\/es\/wp-json\/wp\/v2\/product\/18284","targetHints":{"allow":["GET"]}}],"collection":[{"href":"https:\/\/www.csj-emballages.com\/es\/wp-json\/wp\/v2\/product"}],"about":[{"href":"https:\/\/www.csj-emballages.com\/es\/wp-json\/wp\/v2\/types\/product"}],"wp:featuredmedia":[{"embeddable":true,"href":"https:\/\/www.csj-emballages.com\/es\/wp-json\/wp\/v2\/media\/225278"}],"wp:attachment":[{"href":"https:\/\/www.csj-emballages.com\/es\/wp-json\/wp\/v2\/media?parent=18284"}],"wp:term":[{"taxonomy":"product_brand","embeddable":true,"href":"https:\/\/www.csj-emballages.com\/es\/wp-json\/wp\/v2\/product_brand?post=18284"},{"taxonomy":"product_cat","embeddable":true,"href":"https:\/\/www.csj-emballages.com\/es\/wp-json\/wp\/v2\/product_cat?post=18284"},{"taxonomy":"product_tag","embeddable":true,"href":"https:\/\/www.csj-emballages.com\/es\/wp-json\/wp\/v2\/product_tag?post=18284"}],"curies":[{"name":"wp","href":"https:\/\/api.w.org\/{rel}","templated":true}]}}